{"id":3605,"date":"2020-09-09T04:21:20","date_gmt":"2020-09-09T04:21:20","guid":{"rendered":"https:\/\/xn--uascoquetas-1db.co\/?page_id=3605"},"modified":"2023-08-20T09:43:08","modified_gmt":"2023-08-20T14:43:08","slug":"cart-2","status":"publish","type":"page","link":"https:\/\/xn--uascoquetas-1db.co\/?page_id=3605","title":{"rendered":"Pagina del Carrito"},"content":{"rendered":"<div class=\"woocommerce\"><div class=\"woocommerce-notices-wrapper\"><\/div><div class=\"wc-empty-cart-message\">\n\t<div class=\"cart-empty woocommerce-info\" role=\"status\">\n\t\tTu carrito est\u00e1 vac\u00edo.\t<\/div>\n<\/div>\t<p class=\"return-to-shop\">\n\t\t<a class=\"button wc-backward\" href=\"https:\/\/xn--uascoquetas-1db.co\/?page_id=3604\">\n\t\t\tVolver a la tienda\t\t<\/a>\n\t<\/p>\n<\/div>\n","protected":false},"excerpt":{"rendered":"","protected":false},"author":1,"featured_media":0,"parent":0,"menu_order":0,"comment_status":"closed","ping_status":"closed","template":"","meta":{"_regular_price":[],"currency_symbol":[],"_uag_custom_page_level_css":"","footnotes":""},"class_list":["post-3605","page","type-page","status-publish","hentry"],"post_slider_layout_featured_media_urls":{"thumbnail":"","post_slider_layout_landscape_large":"","post_slider_layout_portrait_large":"","post_slider_layout_square_large":"","post_slider_layout_landscape":"","post_slider_layout_portrait":"","post_slider_layout_square":"","full":""},"uagb_featured_image_src":{"full":false,"thumbnail":false,"medium":false,"medium_large":false,"large":false,"1536x1536":false,"2048x2048":false,"post_slider_layout_landscape_large":false,"post_slider_layout_portrait_large":false,"post_slider_layout_square_large":false,"post_slider_layout_landscape":false,"post_slider_layout_portrait":false,"post_slider_layout_square":false,"vw-kids-homepage-thumb":false,"woocommerce_thumbnail":false,"woocommerce_single":false,"woocommerce_gallery_thumbnail":false,"variation_swatches_image_size":false,"variation_swatches_tooltip_size":false},"uagb_author_info":{"display_name":"U\u00f1as Coquetas","author_link":"https:\/\/xn--uascoquetas-1db.co\/?author=1"},"uagb_comment_info":0,"uagb_excerpt":null,"jetpack_sharing_enabled":true,"jetpack-related-posts":[{"id":7,"url":"https:\/\/xn--uascoquetas-1db.co\/?page_id=7","url_meta":{"origin":3605,"position":0},"title":"Carrito","author":"U\u00f1as Coquetas","date":"16\/08\/2023","format":false,"excerpt":"","rel":"","context":"Entrada similar","block_context":{"text":"Entrada similar","link":""},"img":{"alt_text":"","src":"","width":0,"height":0},"classes":[]},{"id":3606,"url":"https:\/\/xn--uascoquetas-1db.co\/?page_id=3606","url_meta":{"origin":3605,"position":1},"title":"P\u00e1gina de pago","author":"U\u00f1as Coquetas","date":"09\/09\/2020","format":false,"excerpt":"","rel":"","context":"Entrada similar","block_context":{"text":"Entrada similar","link":""},"img":{"alt_text":"","src":"","width":0,"height":0},"classes":[]},{"id":3604,"url":"https:\/\/xn--uascoquetas-1db.co\/?page_id=3604","url_meta":{"origin":3605,"position":2},"title":"Tienda","author":"U\u00f1as Coquetas","date":"09\/09\/2020","format":false,"excerpt":"\u00bfNo sabes c\u00f3mo ver organizados los productos?En la parte superior de la pantalla, en la barra encuentras el men\u00fa (un cuadrado morado con tres rayas por dentro). Si le das all\u00ed, encontrar\u00e1s los productos por categor\u00eda. Especialmente \u00fatil para ver las placas de una marca en espec\u00edfico, si deseas. Chatea\u2026","rel":"","context":"Entrada similar","block_context":{"text":"Entrada similar","link":""},"img":{"alt_text":"","src":"","width":0,"height":0},"classes":[]},{"id":4590,"url":"https:\/\/xn--uascoquetas-1db.co\/?page_id=4590","url_meta":{"origin":3605,"position":3},"title":"Pol\u00edtica de env\u00edos","author":"U\u00f1as Coquetas","date":"01\/09\/2023","format":false,"excerpt":"Pol\u00edtica de env\u00edos Los art\u00edculos se env\u00edan desde la ciudad de Bogot\u00e1 (Colombia) a la direcci\u00f3n registrada al momento de realizar la compra por parte del comprador. Tenga en cuenta que de haber errores en los datos proporcionados al momento de la compra, repercutir\u00e1n en el fallo al momento de\u2026","rel":"","context":"Entrada similar","block_context":{"text":"Entrada similar","link":""},"img":{"alt_text":"","src":"","width":0,"height":0},"classes":[]},{"id":3,"url":"https:\/\/xn--uascoquetas-1db.co\/?page_id=3","url_meta":{"origin":3605,"position":4},"title":"Pol\u00edtica de privacidad","author":"U\u00f1as Coquetas","date":"16\/08\/2023","format":false,"excerpt":"Pol\u00edtica de privacidad U\u00f1as Coquetas (\u201cnosotros\u201d, \u201cnuestro\u201d o \u201cnos\u201d) se compromete a proteger su privacidad. Esta Pol\u00edtica de privacidad explica como U\u00f1as Coquetas recopila, usa y divulga su informaci\u00f3n personal. Esta pol\u00edtica de privacidad se aplica a nuestro sitio web y su subdominios asociados (colectivamente, nuestro \u201cServicio\u201d) junto con nuestra\u2026","rel":"","context":"Entrada similar","block_context":{"text":"Entrada similar","link":""},"img":{"alt_text":"","src":"","width":0,"height":0},"classes":[]}],"_links":{"self":[{"href":"https:\/\/xn--uascoquetas-1db.co\/index.php?rest_route=\/wp\/v2\/pages\/3605","targetHints":{"allow":["GET"]}}],"collection":[{"href":"https:\/\/xn--uascoquetas-1db.co\/index.php?rest_route=\/wp\/v2\/pages"}],"about":[{"href":"https:\/\/xn--uascoquetas-1db.co\/index.php?rest_route=\/wp\/v2\/types\/page"}],"author":[{"embeddable":true,"href":"https:\/\/xn--uascoquetas-1db.co\/index.php?rest_route=\/wp\/v2\/users\/1"}],"replies":[{"embeddable":true,"href":"https:\/\/xn--uascoquetas-1db.co\/index.php?rest_route=%2Fwp%2Fv2%2Fcomments&post=3605"}],"version-history":[{"count":2,"href":"https:\/\/xn--uascoquetas-1db.co\/index.php?rest_route=\/wp\/v2\/pages\/3605\/revisions"}],"predecessor-version":[{"id":4502,"href":"https:\/\/xn--uascoquetas-1db.co\/index.php?rest_route=\/wp\/v2\/pages\/3605\/revisions\/4502"}],"wp:attachment":[{"href":"https:\/\/xn--uascoquetas-1db.co\/index.php?rest_route=%2Fwp%2Fv2%2Fmedia&parent=3605"}],"curies":[{"name":"wp","href":"https:\/\/api.w.org\/{rel}","templated":true}]}}