{"id":4506,"date":"2023-08-20T09:45:43","date_gmt":"2023-08-20T14:45:43","guid":{"rendered":"https:\/\/xn--uascoquetas-1db.co\/?page_id=4506"},"modified":"2024-04-22T19:00:24","modified_gmt":"2024-04-23T00:00:24","slug":"aprendizaje","status":"publish","type":"page","link":"https:\/\/xn--uascoquetas-1db.co\/?page_id=4506","title":{"rendered":"Aprendizaje"},"content":{"rendered":"\n<div class=\"wp-block-uagb-container uagb-block-09951f3a alignfull uagb-is-root-container\"><div class=\"uagb-container-inner-blocks-wrap\">\n<h1 class=\"wp-block-heading has-text-align-center has-ast-global-color-1-color has-text-color has-link-color wp-elements-eb50c151c39deb07722c2765fbf3d9b7\">Zona de aprendizaje<\/h1>\n<\/div><\/div>\n\n\n\n<div class=\"wp-block-uagb-container uagb-block-11f5eace alignfull uagb-is-root-container\"><div class=\"uagb-container-inner-blocks-wrap\">\n<div class=\"wp-block-uagb-container uagb-block-3b51f50e\">\n<figure class=\"wp-block-image size-large is-resized\"><img loading=\"lazy\" decoding=\"async\" width=\"1024\" height=\"1024\" src=\"https:\/\/xn--uascoquetas-1db.co\/wp-content\/uploads\/2023\/09\/WhatsApp-Image-2023-09-12-at-6.36.15-PM-2-1024x1024.jpeg\" alt=\"Heramientas\" class=\"wp-image-4771\" style=\"width:559px;height:559px\" srcset=\"https:\/\/xn--uascoquetas-1db.co\/wp-content\/uploads\/2023\/09\/WhatsApp-Image-2023-09-12-at-6.36.15-PM-2-1024x1024.jpeg 1024w, https:\/\/xn--uascoquetas-1db.co\/wp-content\/uploads\/2023\/09\/WhatsApp-Image-2023-09-12-at-6.36.15-PM-2-300x300.jpeg 300w, https:\/\/xn--uascoquetas-1db.co\/wp-content\/uploads\/2023\/09\/WhatsApp-Image-2023-09-12-at-6.36.15-PM-2-150x150.jpeg 150w, https:\/\/xn--uascoquetas-1db.co\/wp-content\/uploads\/2023\/09\/WhatsApp-Image-2023-09-12-at-6.36.15-PM-2-768x768.jpeg 768w, https:\/\/xn--uascoquetas-1db.co\/wp-content\/uploads\/2023\/09\/WhatsApp-Image-2023-09-12-at-6.36.15-PM-2-1536x1536.jpeg 1536w, https:\/\/xn--uascoquetas-1db.co\/wp-content\/uploads\/2023\/09\/WhatsApp-Image-2023-09-12-at-6.36.15-PM-2-1320x1320.jpeg 1320w, https:\/\/xn--uascoquetas-1db.co\/wp-content\/uploads\/2023\/09\/WhatsApp-Image-2023-09-12-at-6.36.15-PM-2-600x600.jpeg 600w, https:\/\/xn--uascoquetas-1db.co\/wp-content\/uploads\/2023\/09\/WhatsApp-Image-2023-09-12-at-6.36.15-PM-2-100x100.jpeg 100w, https:\/\/xn--uascoquetas-1db.co\/wp-content\/uploads\/2023\/09\/WhatsApp-Image-2023-09-12-at-6.36.15-PM-2.jpeg 1600w\" sizes=\"auto, (max-width: 1024px) 100vw, 1024px\" \/><\/figure>\n<\/div>\n\n\n\n<div class=\"wp-block-uagb-container uagb-block-c58379de\">\n<div class=\"wp-block-group\"><div class=\"wp-block-group__inner-container is-layout-constrained wp-block-group-is-layout-constrained\">\n<h2 class=\"wp-block-heading has-ast-global-color-1-color has-text-color has-link-color wp-elements-3e87cc6ef50629c77013ba6294568202\">\u00a1S\u00e1cale el jugo a tus herramientas!<\/h2>\n\n\n\n<p>\u00a1Te doy la bienvenida a la secci\u00f3n de aprendizaje de U\u00f1as Coquetas! Aqu\u00ed encontrar\u00e1s informaci\u00f3n fascinante sobre el apasionante mundo del Nail Art. Estaremos compartiendo contigo nuevas t\u00e9cnicas, datos interesantes y videos explicativos para que puedas mejorar constantemente tus conocimientos y habilidades. Adem\u00e1s, no te pierdas nuestros directos en los que reforzamos en vivo todo lo que aprendes a trav\u00e9s de nuestros videos, resolvemos tus dudas y compartimos un ambiente ameno contigo. <\/p>\n\n\n\n<p>S\u00edguenos en Instagram para ver nuestros videos en vivo los mi\u00e9rcoles a las 4:30 pm, hora colombiana, y en TikTok los fines de semana de forma aleatoria. No te olvides de seguirnos en todas nuestras redes sociales para no perderte nada. \u00a1Te esperamos!<\/p>\n\n\n\n<div class=\"wp-block-uagb-buttons uagb-buttons__outer-wrap uagb-btn__default-btn uagb-btn-tablet__default-btn uagb-btn-mobile__default-btn uagb-block-2ca394b8\"><div class=\"uagb-buttons__wrap uagb-buttons-layout-wrap \">\n<div class=\"wp-block-uagb-buttons-child uagb-buttons__outer-wrap uagb-block-9dd8da61 wp-block-button\"><div class=\"uagb-button__wrapper\"><a class=\"uagb-buttons-repeater wp-block-button__link\" aria-label=\"\" href=\"https:\/\/www.instagram.com\/accesorioscoquetoz\/?hl=es-la\" rel=\"follow noopener\" target=\"_self\"><span class=\"uagb-button__icon uagb-button__icon-position-before\"><svg xmlns=\"https:\/\/www.w3.org\/2000\/svg\" viewBox=\"0 0 448 512\" aria-hidden=\"true\" focussable=\"false\"><path d=\"M224.1 141c-63.6 0-114.9 51.3-114.9 114.9s51.3 114.9 114.9 114.9S339 319.5 339 255.9 287.7 141 224.1 141zm0 189.6c-41.1 0-74.7-33.5-74.7-74.7s33.5-74.7 74.7-74.7 74.7 33.5 74.7 74.7-33.6 74.7-74.7 74.7zm146.4-194.3c0 14.9-12 26.8-26.8 26.8-14.9 0-26.8-12-26.8-26.8s12-26.8 26.8-26.8 26.8 12 26.8 26.8zm76.1 27.2c-1.7-35.9-9.9-67.7-36.2-93.9-26.2-26.2-58-34.4-93.9-36.2-37-2.1-147.9-2.1-184.9 0-35.8 1.7-67.6 9.9-93.9 36.1s-34.4 58-36.2 93.9c-2.1 37-2.1 147.9 0 184.9 1.7 35.9 9.9 67.7 36.2 93.9s58 34.4 93.9 36.2c37 2.1 147.9 2.1 184.9 0 35.9-1.7 67.7-9.9 93.9-36.2 26.2-26.2 34.4-58 36.2-93.9 2.1-37 2.1-147.8 0-184.8zM398.8 388c-7.8 19.6-22.9 34.7-42.6 42.6-29.5 11.7-99.5 9-132.1 9s-102.7 2.6-132.1-9c-19.6-7.8-34.7-22.9-42.6-42.6-11.7-29.5-9-99.5-9-132.1s-2.6-102.7 9-132.1c7.8-19.6 22.9-34.7 42.6-42.6 29.5-11.7 99.5-9 132.1-9s102.7-2.6 132.1 9c19.6 7.8 34.7 22.9 42.6 42.6 11.7 29.5 9 99.5 9 132.1s2.7 102.7-9 132.1z\"><\/path><\/svg><\/span><div class=\"uagb-button__link\">Instagram<\/div><\/a><\/div><\/div>\n\n\n\n<div class=\"wp-block-uagb-buttons-child uagb-buttons__outer-wrap uagb-block-8f6aa2aa wp-block-button\"><div class=\"uagb-button__wrapper\"><a class=\"uagb-buttons-repeater wp-block-button__link\" aria-label=\"\" href=\"https:\/\/www.tiktok.com\/@unascoquetas\" rel=\"follow noopener\" target=\"_self\"><span class=\"uagb-button__icon uagb-button__icon-position-before\"><svg xmlns=\"https:\/\/www.w3.org\/2000\/svg\" viewBox=\"0 0 448 512\" aria-hidden=\"true\" focussable=\"false\"><path d=\"M448 209.9a210.1 210.1 0 0 1 -122.8-39.25V349.4A162.6 162.6 0 1 1 185 188.3V278.2a74.62 74.62 0 1 0 52.23 71.18V0l88 0a121.2 121.2 0 0 0 1.86 22.17h0A122.2 122.2 0 0 0 381 102.4a121.4 121.4 0 0 0 67 20.14z\"><\/path><\/svg><\/span><div class=\"uagb-button__link\">tiktok<\/div><\/a><\/div><\/div>\n<\/div><\/div>\n<\/div><\/div>\n<\/div>\n<\/div><\/div>\n\n\n\n<div class=\"wp-block-uagb-container uagb-block-3fce6857 alignfull uagb-is-root-container\"><div class=\"uagb-container-inner-blocks-wrap\">\n<p><\/p>\n\n\n\n<h2 class=\"wp-block-heading has-text-align-center has-ast-global-color-1-color has-text-color has-link-color wp-elements-0374a4c4a5c3059c6631ab19cf820c43\">\u00a1Mejora tus habilidades en Nail Art!<\/h2>\n\n\n<ul class=\"wp-block-latest-posts__list is-grid columns-3 aligncenter wp-block-latest-posts\"><li><div class=\"wp-block-latest-posts__featured-image\"><a href=\"https:\/\/xn--uascoquetas-1db.co\/?p=7806\" aria-label=\"Temario &#8211; Aprende a estampar u\u00f1as nivel b\u00e1sico\"><img loading=\"lazy\" decoding=\"async\" width=\"300\" height=\"300\" src=\"https:\/\/xn--uascoquetas-1db.co\/wp-content\/uploads\/2024\/04\/Curso-basico-300x300.png\" class=\"attachment-medium size-medium wp-post-image\" alt=\"Curso b\u00e1sico\" style=\"\" srcset=\"https:\/\/xn--uascoquetas-1db.co\/wp-content\/uploads\/2024\/04\/Curso-basico-300x300.png 300w, https:\/\/xn--uascoquetas-1db.co\/wp-content\/uploads\/2024\/04\/Curso-basico-150x150.png 150w, https:\/\/xn--uascoquetas-1db.co\/wp-content\/uploads\/2024\/04\/Curso-basico-768x768.png 768w, https:\/\/xn--uascoquetas-1db.co\/wp-content\/uploads\/2024\/04\/Curso-basico-600x600.png 600w, https:\/\/xn--uascoquetas-1db.co\/wp-content\/uploads\/2024\/04\/Curso-basico-100x100.png 100w, https:\/\/xn--uascoquetas-1db.co\/wp-content\/uploads\/2024\/04\/Curso-basico.png 800w\" sizes=\"auto, (max-width: 300px) 100vw, 300px\" \/><\/a><\/div><a class=\"wp-block-latest-posts__post-title\" href=\"https:\/\/xn--uascoquetas-1db.co\/?p=7806\">Temario &#8211; Aprende a estampar u\u00f1as nivel b\u00e1sico<\/a><div class=\"wp-block-latest-posts__post-excerpt\"><\/div><\/li>\n<li><div class=\"wp-block-latest-posts__featured-image\"><a href=\"https:\/\/xn--uascoquetas-1db.co\/?p=4880\" aria-label=\"Stickers\"><img loading=\"lazy\" decoding=\"async\" width=\"300\" height=\"300\" src=\"https:\/\/xn--uascoquetas-1db.co\/wp-content\/uploads\/2023\/09\/Stickers-con-mantel_Mesa-de-trabajo-1-300x300.jpg\" class=\"attachment-medium size-medium wp-post-image\" alt=\"Stickers con mantel de silicona\" style=\"\" srcset=\"https:\/\/xn--uascoquetas-1db.co\/wp-content\/uploads\/2023\/09\/Stickers-con-mantel_Mesa-de-trabajo-1-300x300.jpg 300w, https:\/\/xn--uascoquetas-1db.co\/wp-content\/uploads\/2023\/09\/Stickers-con-mantel_Mesa-de-trabajo-1-150x150.jpg 150w, https:\/\/xn--uascoquetas-1db.co\/wp-content\/uploads\/2023\/09\/Stickers-con-mantel_Mesa-de-trabajo-1-100x100.jpg 100w, https:\/\/xn--uascoquetas-1db.co\/wp-content\/uploads\/2023\/09\/Stickers-con-mantel_Mesa-de-trabajo-1.jpg 500w\" sizes=\"auto, (max-width: 300px) 100vw, 300px\" \/><\/a><\/div><a class=\"wp-block-latest-posts__post-title\" href=\"https:\/\/xn--uascoquetas-1db.co\/?p=4880\">Stickers<\/a><div class=\"wp-block-latest-posts__post-excerpt\">Aprende a hacer Stickers con mantel de silicona Aqu\u00ed te ense\u00f1aremos el paso a paso para hacer stickers con ayuda de un mantel de silicona. Al finalizar, puedes ver el corto video explicativo. Herramientas Paso&#8230; <a class=\"wp-block-latest-posts__read-more\" href=\"https:\/\/xn--uascoquetas-1db.co\/?p=4880\" rel=\"noopener noreferrer\">Lee m\u00e1s<span class=\"screen-reader-text\">: Stickers<\/span><\/a><\/div><\/li>\n<li><div class=\"wp-block-latest-posts__featured-image\"><a href=\"https:\/\/xn--uascoquetas-1db.co\/?p=4558\" aria-label=\"C\u00edrculo de contacto\"><img loading=\"lazy\" decoding=\"async\" width=\"300\" height=\"300\" src=\"https:\/\/xn--uascoquetas-1db.co\/wp-content\/uploads\/2023\/09\/Circulo-de-contacto_Mesa-de-trabajo-1-300x300.jpg\" class=\"attachment-medium size-medium wp-post-image\" alt=\"\" style=\"\" srcset=\"https:\/\/xn--uascoquetas-1db.co\/wp-content\/uploads\/2023\/09\/Circulo-de-contacto_Mesa-de-trabajo-1-300x300.jpg 300w, https:\/\/xn--uascoquetas-1db.co\/wp-content\/uploads\/2023\/09\/Circulo-de-contacto_Mesa-de-trabajo-1-150x150.jpg 150w, https:\/\/xn--uascoquetas-1db.co\/wp-content\/uploads\/2023\/09\/Circulo-de-contacto_Mesa-de-trabajo-1-100x100.jpg 100w, https:\/\/xn--uascoquetas-1db.co\/wp-content\/uploads\/2023\/09\/Circulo-de-contacto_Mesa-de-trabajo-1.jpg 500w\" sizes=\"auto, (max-width: 300px) 100vw, 300px\" \/><\/a><\/div><a class=\"wp-block-latest-posts__post-title\" href=\"https:\/\/xn--uascoquetas-1db.co\/?p=4558\">C\u00edrculo de contacto<\/a><div class=\"wp-block-latest-posts__post-excerpt\">\u00bfQu\u00e9 es el c\u00edrculo de contacto en stamping? El \u00abc\u00edrculo de contacto en stamping\u00bb es un concepto utilizado por U\u00f1as Coquetas para describir la zona visible que se forma entre la goma del estampador y&#8230; <a class=\"wp-block-latest-posts__read-more\" href=\"https:\/\/xn--uascoquetas-1db.co\/?p=4558\" rel=\"noopener noreferrer\">Lee m\u00e1s<span class=\"screen-reader-text\">: C\u00edrculo de contacto<\/span><\/a><\/div><\/li>\n<\/ul><\/div><\/div>\n","protected":false},"excerpt":{"rendered":"<p>Zona de aprendizaje \u00a1S\u00e1cale el jugo a tus herramientas! \u00a1Te doy la bienvenida a la secci\u00f3n de aprendizaje de U\u00f1as Coquetas! Aqu\u00ed encontrar\u00e1s informaci\u00f3n fascinante sobre el apasionante mundo del Nail Art. Estaremos compartiendo contigo nuevas t\u00e9cnicas, datos interesantes y videos explicativos para que puedas mejorar constantemente tus conocimientos y habilidades. Adem\u00e1s, no te pierdas [&hellip;]<\/p>\n","protected":false},"author":1,"featured_media":0,"parent":0,"menu_order":0,"comment_status":"closed","ping_status":"closed","template":"","meta":{"_regular_price":[],"currency_symbol":[],"_uag_custom_page_level_css":"","footnotes":""},"class_list":["post-4506","page","type-page","status-publish","hentry"],"post_slider_layout_featured_media_urls":{"thumbnail":"","post_slider_layout_landscape_large":"","post_slider_layout_portrait_large":"","post_slider_layout_square_large":"","post_slider_layout_landscape":"","post_slider_layout_portrait":"","post_slider_layout_square":"","full":""},"uagb_featured_image_src":{"full":false,"thumbnail":false,"medium":false,"medium_large":false,"large":false,"1536x1536":false,"2048x2048":false,"post_slider_layout_landscape_large":false,"post_slider_layout_portrait_large":false,"post_slider_layout_square_large":false,"post_slider_layout_landscape":false,"post_slider_layout_portrait":false,"post_slider_layout_square":false,"vw-kids-homepage-thumb":false,"woocommerce_thumbnail":false,"woocommerce_single":false,"woocommerce_gallery_thumbnail":false,"variation_swatches_image_size":false,"variation_swatches_tooltip_size":false},"uagb_author_info":{"display_name":"U\u00f1as Coquetas","author_link":"https:\/\/xn--uascoquetas-1db.co\/?author=1"},"uagb_comment_info":0,"uagb_excerpt":"Zona de aprendizaje \u00a1S\u00e1cale el jugo a tus herramientas! \u00a1Te doy la bienvenida a la secci\u00f3n de aprendizaje de U\u00f1as Coquetas! Aqu\u00ed encontrar\u00e1s informaci\u00f3n fascinante sobre el apasionante mundo del Nail Art. Estaremos compartiendo contigo nuevas t\u00e9cnicas, datos interesantes y videos explicativos para que puedas mejorar constantemente tus conocimientos y habilidades. Adem\u00e1s, no te pierdas&hellip;","jetpack_sharing_enabled":true,"jetpack-related-posts":[{"id":3612,"url":"https:\/\/xn--uascoquetas-1db.co\/?page_id=3612","url_meta":{"origin":4506,"position":0},"title":"Sobre nosotros","author":"U\u00f1as Coquetas","date":"09\/09\/2020","format":false,"excerpt":"Somos tu tienda de u\u00f1asBienvenidos a U\u00f1as Coquetas, una tienda virtual especializada en productos para u\u00f1as. Nos enfocamos en ofrecer una amplia variedad de productos para estampado de u\u00f1as y todas las t\u00e9cnicas asociadas a este arte. Nuestro cat\u00e1logo se expande constantemente para satisfacer las necesidades de nuestros clientes, incluyendo\u2026","rel":"","context":"Entrada similar","block_context":{"text":"Entrada similar","link":""},"img":{"alt_text":"Logo","src":"https:\/\/i0.wp.com\/xn--uascoquetas-1db.co\/wp-content\/uploads\/2024\/11\/cropped-Unas-Coquetaz-png-01.png?resize=350%2C200&ssl=1","width":350,"height":200},"classes":[]}],"_links":{"self":[{"href":"https:\/\/xn--uascoquetas-1db.co\/index.php?rest_route=\/wp\/v2\/pages\/4506","targetHints":{"allow":["GET"]}}],"collection":[{"href":"https:\/\/xn--uascoquetas-1db.co\/index.php?rest_route=\/wp\/v2\/pages"}],"about":[{"href":"https:\/\/xn--uascoquetas-1db.co\/index.php?rest_route=\/wp\/v2\/types\/page"}],"author":[{"embeddable":true,"href":"https:\/\/xn--uascoquetas-1db.co\/index.php?rest_route=\/wp\/v2\/users\/1"}],"replies":[{"embeddable":true,"href":"https:\/\/xn--uascoquetas-1db.co\/index.php?rest_route=%2Fwp%2Fv2%2Fcomments&post=4506"}],"version-history":[{"count":15,"href":"https:\/\/xn--uascoquetas-1db.co\/index.php?rest_route=\/wp\/v2\/pages\/4506\/revisions"}],"predecessor-version":[{"id":7914,"href":"https:\/\/xn--uascoquetas-1db.co\/index.php?rest_route=\/wp\/v2\/pages\/4506\/revisions\/7914"}],"wp:attachment":[{"href":"https:\/\/xn--uascoquetas-1db.co\/index.php?rest_route=%2Fwp%2Fv2%2Fmedia&parent=4506"}],"curies":[{"name":"wp","href":"https:\/\/api.w.org\/{rel}","templated":true}]}}