{"id":4590,"date":"2023-09-01T14:43:41","date_gmt":"2023-09-01T19:43:41","guid":{"rendered":"https:\/\/xn--uascoquetas-1db.co\/?page_id=4590"},"modified":"2023-09-05T16:43:33","modified_gmt":"2023-09-05T21:43:33","slug":"envios","status":"publish","type":"page","link":"https:\/\/xn--uascoquetas-1db.co\/?page_id=4590","title":{"rendered":"Pol\u00edtica de env\u00edos"},"content":{"rendered":"\n<div class=\"wp-block-uagb-container uagb-block-18680615 alignfull uagb-is-root-container\"><div class=\"uagb-container-inner-blocks-wrap\">\n<h2 class=\"wp-block-heading\">Pol\u00edtica de env\u00edos<\/h2>\n\n\n\n<p>Los art\u00edculos se env\u00edan desde la ciudad de Bogot\u00e1 (Colombia) a la direcci\u00f3n registrada al momento de realizar la compra por parte del comprador. Tenga en cuenta que de haber errores en los datos proporcionados al momento de la compra, repercutir\u00e1n en el fallo al momento de la entrega del producto.<br>El tiempo de entrega de los productos comprados depende de la ciudad y regi\u00f3n del pa\u00eds de la siguiente forma:<br>Env\u00edos a Bogot\u00e1 y el \u00e1rea metropolitana (Ch\u00eda, Cota, Soacha, Madrid, Mosquera, Funza), tardan en llegar a destino de 1 a 3 d\u00edas h\u00e1biles, despu\u00e9s de la compra.<br>Env\u00edos a ciudades principales de Colombia (Medell\u00edn, Cali, Barranquilla, Bucaramanga, Cartagena, Manizales, Tunja, Ibagu\u00e9, C\u00facuta, Santa Marta, Villavicencio) tardan en llegar a destino de 1 a 4 d\u00edas h\u00e1biles, despu\u00e9s de la compra.<br>Env\u00edos a ciudades peque\u00f1as y pueblos (Popay\u00e1n, Bello, Maicao, San Juan, Melgar, etc.), tardan en llegar a destino de 1 a 5 d\u00edas h\u00e1biles, despu\u00e9s de la compra.<br>Env\u00edos a la regi\u00f3n insular (San Andr\u00e9s y Providencia), Amazonas, Choc\u00f3, tardan en llegar a destino de 3 a 8 d\u00edas h\u00e1biles, despu\u00e9s de la compra.<br>Si luego de realizar la compra han transcurrido un n\u00famero mayor de d\u00edas de los anteriormente registrados, por favor comun\u00edquese de inmediato y directamente con nosotros a cualquiera de nuestros canales de atenci\u00f3n (WhatsApp, Celular, Correo Electr\u00f3nico, Formulario de Quejas y Reclamos)<br>U\u00f1as Coquetas se compromete a enviar una gu\u00eda de seguimiento de la compra de la empresa transportadora (Env\u00eda, Interrapid\u00edsimo o Servientrega), con la cual se puede hacer seguimiento del paquete desde la pagina web de la transportadora.<br>U\u00f1as Coquetas se hace responsable por la p\u00e9rdida o no entrega de productos por parte de la transportadora seg\u00fan el estatuto de Protecci\u00f3n al Consumidor, Ley 1480 de 2011.<\/p>\n<\/div><\/div>\n","protected":false},"excerpt":{"rendered":"<p>Pol\u00edtica de env\u00edos Los art\u00edculos se env\u00edan desde la ciudad de Bogot\u00e1 (Colombia) a la direcci\u00f3n registrada al momento de realizar la compra por parte del comprador. Tenga en cuenta que de haber errores en los datos proporcionados al momento de la compra, repercutir\u00e1n en el fallo al momento de la entrega del producto.El tiempo [&hellip;]<\/p>\n","protected":false},"author":1,"featured_media":0,"parent":0,"menu_order":0,"comment_status":"closed","ping_status":"closed","template":"","meta":{"_regular_price":[],"currency_symbol":[],"_uag_custom_page_level_css":"","footnotes":""},"class_list":["post-4590","page","type-page","status-publish","hentry"],"post_slider_layout_featured_media_urls":{"thumbnail":"","post_slider_layout_landscape_large":"","post_slider_layout_portrait_large":"","post_slider_layout_square_large":"","post_slider_layout_landscape":"","post_slider_layout_portrait":"","post_slider_layout_square":"","full":""},"uagb_featured_image_src":{"full":false,"thumbnail":false,"medium":false,"medium_large":false,"large":false,"1536x1536":false,"2048x2048":false,"post_slider_layout_landscape_large":false,"post_slider_layout_portrait_large":false,"post_slider_layout_square_large":false,"post_slider_layout_landscape":false,"post_slider_layout_portrait":false,"post_slider_layout_square":false,"vw-kids-homepage-thumb":false,"woocommerce_thumbnail":false,"woocommerce_single":false,"woocommerce_gallery_thumbnail":false,"variation_swatches_image_size":false,"variation_swatches_tooltip_size":false},"uagb_author_info":{"display_name":"U\u00f1as Coquetas","author_link":"https:\/\/xn--uascoquetas-1db.co\/?author=1"},"uagb_comment_info":0,"uagb_excerpt":"Pol\u00edtica de env\u00edos Los art\u00edculos se env\u00edan desde la ciudad de Bogot\u00e1 (Colombia) a la direcci\u00f3n registrada al momento de realizar la compra por parte del comprador. Tenga en cuenta que de haber errores en los datos proporcionados al momento de la compra, repercutir\u00e1n en el fallo al momento de la entrega del producto.El tiempo&hellip;","jetpack_sharing_enabled":true,"jetpack-related-posts":[{"id":10,"url":"https:\/\/xn--uascoquetas-1db.co\/?page_id=10","url_meta":{"origin":4590,"position":0},"title":"T\u00e9rminos y condiciones","author":"U\u00f1as Coquetas","date":"04\/09\/2023","format":false,"excerpt":"Bienvenido(a) a nuestra tienda online. Antes de realizar cualquier compra, te invitamos a leer detenidamente los siguientes T\u00e9rminos y Condiciones de Uso. Al acceder y utilizar nuestra tienda, aceptas cumplir con estos t\u00e9rminos y condiciones. Si no est\u00e1s de acuerdo con alguna parte de estos t\u00e9rminos, te sugerimos que no\u2026","rel":"","context":"Entrada similar","block_context":{"text":"Entrada similar","link":""},"img":{"alt_text":"","src":"","width":0,"height":0},"classes":[]},{"id":3612,"url":"https:\/\/xn--uascoquetas-1db.co\/?page_id=3612","url_meta":{"origin":4590,"position":1},"title":"Sobre nosotros","author":"U\u00f1as Coquetas","date":"09\/09\/2020","format":false,"excerpt":"Somos tu tienda de u\u00f1asBienvenidos a U\u00f1as Coquetas, una tienda virtual especializada en productos para u\u00f1as. Nos enfocamos en ofrecer una amplia variedad de productos para estampado de u\u00f1as y todas las t\u00e9cnicas asociadas a este arte. Nuestro cat\u00e1logo se expande constantemente para satisfacer las necesidades de nuestros clientes, incluyendo\u2026","rel":"","context":"Entrada similar","block_context":{"text":"Entrada similar","link":""},"img":{"alt_text":"Logo","src":"https:\/\/i0.wp.com\/xn--uascoquetas-1db.co\/wp-content\/uploads\/2024\/11\/cropped-Unas-Coquetaz-png-01.png?resize=350%2C200&ssl=1","width":350,"height":200},"classes":[]},{"id":3,"url":"https:\/\/xn--uascoquetas-1db.co\/?page_id=3","url_meta":{"origin":4590,"position":2},"title":"Pol\u00edtica de privacidad","author":"U\u00f1as Coquetas","date":"16\/08\/2023","format":false,"excerpt":"Pol\u00edtica de privacidad U\u00f1as Coquetas (\u201cnosotros\u201d, \u201cnuestro\u201d o \u201cnos\u201d) se compromete a proteger su privacidad. Esta Pol\u00edtica de privacidad explica como U\u00f1as Coquetas recopila, usa y divulga su informaci\u00f3n personal. Esta pol\u00edtica de privacidad se aplica a nuestro sitio web y su subdominios asociados (colectivamente, nuestro \u201cServicio\u201d) junto con nuestra\u2026","rel":"","context":"Entrada similar","block_context":{"text":"Entrada similar","link":""},"img":{"alt_text":"","src":"","width":0,"height":0},"classes":[]},{"id":3614,"url":"https:\/\/xn--uascoquetas-1db.co\/?page_id=3614","url_meta":{"origin":4590,"position":3},"title":"Contacto","author":"U\u00f1as Coquetas","date":"09\/09\/2020","format":false,"excerpt":"Medios de contacto +57 3152667509 unascoquetaz@gmail.com Carrera 107 C # 63- 11Bogot\u00e1, Colombia InstagramIr TiktokIr YoutubeIr Name Apellidos Email Mensaje SubmitThe form has been submitted successfully!There has been some error while submitting the form. Please verify all form fields again.","rel":"","context":"Entrada similar","block_context":{"text":"Entrada similar","link":""},"img":{"alt_text":"Fondo portada 1080","src":"https:\/\/i0.wp.com\/xn--uascoquetas-1db.co\/wp-content\/uploads\/2023\/08\/Fondo-de-portada-1080-04-1024x1024.png?resize=350%2C200","width":350,"height":200},"classes":[]},{"id":4619,"url":"https:\/\/xn--uascoquetas-1db.co\/?page_id=4619","url_meta":{"origin":4590,"position":4},"title":"PQR &#8211; Peticiones, quejas y reclamos","author":"U\u00f1as Coquetas","date":"04\/09\/2023","format":false,"excerpt":"PQR - Peticiones, quejas y reclamos Estimado cliente de U\u00f1as Coquetas Por medio de este formulario, le brindamos la oportunidad de expresar sus inquietudes, sugerencias, quejas o reclamos con el fin de mejorar nuestros productos y servicios. Creemos firmemente en la importancia de escuchar a nuestros clientes y tomar acciones\u2026","rel":"","context":"Entrada similar","block_context":{"text":"Entrada similar","link":""},"img":{"alt_text":"","src":"","width":0,"height":0},"classes":[]}],"_links":{"self":[{"href":"https:\/\/xn--uascoquetas-1db.co\/index.php?rest_route=\/wp\/v2\/pages\/4590","targetHints":{"allow":["GET"]}}],"collection":[{"href":"https:\/\/xn--uascoquetas-1db.co\/index.php?rest_route=\/wp\/v2\/pages"}],"about":[{"href":"https:\/\/xn--uascoquetas-1db.co\/index.php?rest_route=\/wp\/v2\/types\/page"}],"author":[{"embeddable":true,"href":"https:\/\/xn--uascoquetas-1db.co\/index.php?rest_route=\/wp\/v2\/users\/1"}],"replies":[{"embeddable":true,"href":"https:\/\/xn--uascoquetas-1db.co\/index.php?rest_route=%2Fwp%2Fv2%2Fcomments&post=4590"}],"version-history":[{"count":3,"href":"https:\/\/xn--uascoquetas-1db.co\/index.php?rest_route=\/wp\/v2\/pages\/4590\/revisions"}],"predecessor-version":[{"id":4657,"href":"https:\/\/xn--uascoquetas-1db.co\/index.php?rest_route=\/wp\/v2\/pages\/4590\/revisions\/4657"}],"wp:attachment":[{"href":"https:\/\/xn--uascoquetas-1db.co\/index.php?rest_route=%2Fwp%2Fv2%2Fmedia&parent=4590"}],"curies":[{"name":"wp","href":"https:\/\/api.w.org\/{rel}","templated":true}]}}