{"id":4619,"date":"2023-09-04T15:39:51","date_gmt":"2023-09-04T20:39:51","guid":{"rendered":"https:\/\/xn--uascoquetas-1db.co\/?page_id=4619"},"modified":"2025-05-07T17:43:50","modified_gmt":"2025-05-07T22:43:50","slug":"pqr-peticiones-quejas-y-reclamos","status":"publish","type":"page","link":"https:\/\/xn--uascoquetas-1db.co\/?page_id=4619","title":{"rendered":"PQR &#8211; Peticiones, quejas y reclamos"},"content":{"rendered":"\n<div class=\"wp-block-uagb-container uagb-block-924d9a64 alignfull uagb-is-root-container\"><div class=\"uagb-container-inner-blocks-wrap\">\n<h2 class=\"wp-block-heading\">PQR &#8211; Peticiones, quejas y reclamos<\/h2>\n\n\n\n<p>Estimado cliente de U\u00f1as Coquetas<\/p>\n\n\n\n<p>Por medio de este formulario, le brindamos la oportunidad de expresar sus inquietudes, sugerencias, quejas o reclamos con el fin de mejorar nuestros productos y servicios.  Creemos firmemente en la importancia de escuchar a nuestros clientes y tomar acciones para resolver cualquier problema o inconveniente que puedan enfrentar. Agradecemos que se tome el tiempo para completar este formulario de manera clara y detallada. Sus comentarios son valiosos para nosotros y nos ayudar\u00e1n a identificar \u00e1reas de mejora y garantizar su satisfacci\u00f3n.<br><br>Por favor t\u00f3mese el tiempo de leer nuestras pol\u00edticas en los siguientes apartados:<\/p>\n\n\n\n<div class=\"wp-block-uagb-call-to-action uagb-block-bda3aa3a\"><div class=\"uagb-cta__wrap\"><h6 class=\"uagb-cta__title\">Llamada a la acci\u00f3n<\/h6><p class=\"uagb-cta__desc\">1) Pol\u00edtica de privacidad<\/p><\/div><div class=\"uagb-cta__buttons\"><a href=\"https:\/\/xn--uascoquetas-1db.co\/?page_id=3\" class=\"uagb-cta__button-link-wrapper\" target=\"_self\" rel=\"noopener noreferrer\">Leer<svg xmlns=\"https:\/\/www.w3.org\/2000\/svg\" viewBox=\"0 0 512 512\"><path d=\"M504.3 273.6l-112.1 104c-6.992 6.484-17.18 8.218-25.94 4.406c-8.758-3.812-14.42-12.45-14.42-21.1L351.9 288H32C14.33 288 .0002 273.7 .0002 255.1S14.33 224 32 224h319.9l0-72c0-9.547 5.66-18.19 14.42-22c8.754-3.809 18.95-2.075 25.94 4.41l112.1 104C514.6 247.9 514.6 264.1 504.3 273.6z\"><\/path><\/svg><\/a><\/div><\/div>\n\n\n\n<div class=\"wp-block-uagb-call-to-action uagb-block-1b891760\"><div class=\"uagb-cta__wrap\"><h6 class=\"uagb-cta__title\">Llamada a la acci\u00f3n<\/h6><p class=\"uagb-cta__desc\">2) Pol\u00edtica de env\u00edos<\/p><\/div><div class=\"uagb-cta__buttons\"><a href=\"https:\/\/xn--uascoquetas-1db.co\/?page_id=4590\" class=\"uagb-cta__button-link-wrapper\" target=\"_self\" rel=\"noopener noreferrer\">Leer<svg xmlns=\"https:\/\/www.w3.org\/2000\/svg\" viewBox=\"0 0 512 512\"><path d=\"M504.3 273.6l-112.1 104c-6.992 6.484-17.18 8.218-25.94 4.406c-8.758-3.812-14.42-12.45-14.42-21.1L351.9 288H32C14.33 288 .0002 273.7 .0002 255.1S14.33 224 32 224h319.9l0-72c0-9.547 5.66-18.19 14.42-22c8.754-3.809 18.95-2.075 25.94 4.41l112.1 104C514.6 247.9 514.6 264.1 504.3 273.6z\"><\/path><\/svg><\/a><\/div><\/div>\n\n\n\n<div class=\"wp-block-uagb-call-to-action uagb-block-15ba9774\"><div class=\"uagb-cta__wrap\"><h6 class=\"uagb-cta__title\">Llamada a la acci\u00f3n<\/h6><p class=\"uagb-cta__desc\">3) T\u00e9rminos y condiciones<\/p><\/div><div class=\"uagb-cta__buttons\"><a href=\"https:\/\/xn--uascoquetas-1db.co\/?page_id=10\" class=\"uagb-cta__button-link-wrapper\" target=\"_self\" rel=\"noopener noreferrer\">Leer<svg xmlns=\"https:\/\/www.w3.org\/2000\/svg\" viewBox=\"0 0 512 512\"><path d=\"M504.3 273.6l-112.1 104c-6.992 6.484-17.18 8.218-25.94 4.406c-8.758-3.812-14.42-12.45-14.42-21.1L351.9 288H32C14.33 288 .0002 273.7 .0002 255.1S14.33 224 32 224h319.9l0-72c0-9.547 5.66-18.19 14.42-22c8.754-3.809 18.95-2.075 25.94 4.41l112.1 104C514.6 247.9 514.6 264.1 504.3 273.6z\"><\/path><\/svg><\/a><\/div><\/div>\n\n\n\n<p>Nos comprometemos a responder su Petici\u00f3n Queja o Reclamo en menos de dos (2) d\u00edas h\u00e1biles en un mensaje directo a su correo electr\u00f3nico.<br><br>Por favor, complete la siguiente informaci\u00f3n:<\/p>\n\n\n\t<div class='user-registration ur-frontend-form   ' id='user-registration-form-10146'>\n\t\t\t\t\t\t\t\t<form method='post' class='register' data-form-id=\"10146\"\n\t\t\t\tdata-enable-strength-password=\"\" data-minimum-password-strength=\"3\"\n\t\t\t\t\t\t\t\t\t\t\t\t\t\t\t data-captcha-enabled=\"\">\n\n\t\t\t\t<div class=\"ur-form-row\" data-row-id=\"0\">\t\t\t\t\t\t\t<div class=\"ur-form-grid ur-grid-1\"\n\t\t\t\t\t\t\t\tstyle=\"width:48%\">\n\t\t\t\t\t\t\t\t\t\t\t\t\t\t\t\t<div  data-field-id=\"first_name\" class=\"ur-field-item field-first_name \" data-ref-id=\"first_name\" data-field-pattern-enabled=\"0\" data-field-pattern-value=\" \" data-field-pattern-message=\" \">\n\t\t\t\t\t\t\t\t\t\t<div class=\"form-row \" id=\"first_name_field\" data-priority=\"\" ><label for=\"first_name\" class=\"ur-label\">Primer nombre<\/label> <span class=\"input-wrapper\"> <input  data-rules=\"\" data-id=\"first_name\" type=\"text\" class=\"input-text   input-text ur-frontend-field  \" name=\"first_name\" id=\"first_name\" placeholder=\"\"  value=\"\" data-label=\"Primer nombre\" \/> <\/span> <\/div>\t\t\t\t\t\t\t\t\t<\/div>\n\t\t\t\t\t\t\t\t\t\t\t\t\t\t\t\t<\/div>\n\t\t\t\t\t\t\t\t\t\t\t\t\t\t<div class=\"ur-form-grid ur-grid-2\"\n\t\t\t\t\t\t\t\tstyle=\"width:48%\">\n\t\t\t\t\t\t\t\t\t\t\t\t\t\t\t\t<div  data-field-id=\"last_name\" class=\"ur-field-item field-last_name \" data-ref-id=\"last_name\" data-field-pattern-enabled=\"0\" data-field-pattern-value=\" \" data-field-pattern-message=\" \">\n\t\t\t\t\t\t\t\t\t\t<div class=\"form-row \" id=\"last_name_field\" data-priority=\"\" ><label for=\"last_name\" class=\"ur-label\">Segundo nombre<\/label> <span class=\"input-wrapper\"> <input  data-rules=\"\" data-id=\"last_name\" type=\"text\" class=\"input-text   input-text ur-frontend-field  \" name=\"last_name\" id=\"last_name\" placeholder=\"\"  value=\"\" data-label=\"Segundo nombre\" \/> <\/span> <\/div>\t\t\t\t\t\t\t\t\t<\/div>\n\t\t\t\t\t\t\t\t\t\t\t\t\t\t\t\t<\/div>\n\t\t\t\t\t\t\t\t\t\t\t\t\t<\/div>\n\t\t\t\t\t\t<div class=\"ur-form-row\" data-row-id=\"1\">\t\t\t\t\t\t\t<div class=\"ur-form-grid ur-grid-1\"\n\t\t\t\t\t\t\t\tstyle=\"width:99%\">\n\t\t\t\t\t\t\t\t\t\t\t\t\t\t\t\t<div  data-field-id=\"user_email\" class=\"ur-field-item field-user_email \" data-ref-id=\"user_email\" data-field-pattern-enabled=\"0\" data-field-pattern-value=\" \" data-field-pattern-message=\" \">\n\t\t\t\t\t\t\t\t\t\t<div class=\"form-row validate-required\" id=\"user_email_field\" data-priority=\"\" ><label for=\"user_email\" class=\"ur-label\">Correo de usuario <abbr class=\"required\" title=\"obligatorio\">*<\/abbr><\/label> <span class=\"input-wrapper\"> <input  data-rules=\"\" data-id=\"user_email\" type=\"email\" class=\"input-text   input-email ur-frontend-field  \" name=\"user_email\" id=\"user_email\" placeholder=\"\"  value=\"\" required=\"required\" data-label=\"Correo de usuario\" \/> <\/span> <\/div>\t\t\t\t\t\t\t\t\t<\/div>\n\t\t\t\t\t\t\t\t\t\t\t\t\t\t\t\t\t\t<div  data-field-id=\"user_pass\" class=\"ur-field-item field-user_pass \" data-ref-id=\"user_pass\" data-field-pattern-enabled=\"0\" data-field-pattern-value=\" \" data-field-pattern-message=\" \">\n\t\t\t\t\t\t\t\t\t\t<div class=\"form-row validate-required hide_show_password\" id=\"user_pass_field\" data-priority=\"\"><label for=\"user_pass\" class=\"ur-label\">Contrase\u00f1a de usuario <abbr class=\"required\" title=\"obligatorio\">*<\/abbr><\/label> <span class=\"input-wrapper\"> <span class=\"password-input-group input-form-field-icons\"><input data-rules=\"\" data-id=\"user_pass\" type=\"password\" class=\"input-text  input-password ur-frontend-field  \" name=\"user_pass\" id=\"user_pass\" placeholder=\"\"  value=\"\" required=\"required\" data-label=\"Contrase\u00f1a de usuario\" \/><\/span> <\/span> <\/div>\t\t\t\t\t\t\t\t\t<\/div>\n\t\t\t\t\t\t\t\t\t\t\t\t\t\t\t\t<\/div>\n\t\t\t\t\t\t\t\t\t\t\t\t\t<\/div>\n\t\t\t\t\t\t<div class=\"ur-form-row\" data-row-id=\"4\">\t\t\t\t\t\t\t<div class=\"ur-form-grid ur-grid-1\"\n\t\t\t\t\t\t\t\tstyle=\"width:99%\">\n\t\t\t\t\t\t\t\t\t\t\t\t\t\t\t\t<div  data-field-id=\"radio_1733124051\" class=\"ur-field-item field-radio \" data-ref-id=\"radio_1733124051\" data-field-pattern-enabled=\"0\" data-field-pattern-value=\" \" data-field-pattern-message=\" \">\n\t\t\t\t\t\t\t\t\t\t<div class=\"form-row \" id=\"radio_1733124051_field\" data-priority=\"\" ><label for=\"Petici\u00f3n\" class=\"ur-label\">Seleccione la opci\u00f3n de su PQRS<\/label><ul><li class=\"ur-radio-list\"><input data-rules=\"\" data-id=\"radio_1733124051\" type=\"radio\" class=\"input-radio ur-frontend-field  \" value=\"Petici\u00f3n\" name=\"radio_1733124051\" id=\"radio_1733124051_Petici\u00f3n\" data-label=\"Seleccione la opci\u00f3n de su PQRS\"  \/> <label for=\"radio_1733124051_Petici\u00f3n\" class=\"radio\">Petici\u00f3n<\/label><\/li><li class=\"ur-radio-list\"><input data-rules=\"\" data-id=\"radio_1733124051\" type=\"radio\" class=\"input-radio ur-frontend-field  \" value=\"Queja\" name=\"radio_1733124051\" id=\"radio_1733124051_Queja\" data-label=\"Seleccione la opci\u00f3n de su PQRS\"  \/> <label for=\"radio_1733124051_Queja\" class=\"radio\">Queja<\/label><\/li><li class=\"ur-radio-list\"><input data-rules=\"\" data-id=\"radio_1733124051\" type=\"radio\" class=\"input-radio ur-frontend-field  \" value=\"Reclamo\" name=\"radio_1733124051\" id=\"radio_1733124051_Reclamo\" data-label=\"Seleccione la opci\u00f3n de su PQRS\"  \/> <label for=\"radio_1733124051_Reclamo\" class=\"radio\">Reclamo<\/label><\/li><li class=\"ur-radio-list\"><input data-rules=\"\" data-id=\"radio_1733124051\" type=\"radio\" class=\"input-radio ur-frontend-field  \" value=\"Sugerencia\" name=\"radio_1733124051\" id=\"radio_1733124051_Sugerencia\" data-label=\"Seleccione la opci\u00f3n de su PQRS\"  \/> <label for=\"radio_1733124051_Sugerencia\" class=\"radio\">Sugerencia<\/label><\/li><\/ul><\/div>\t\t\t\t\t\t\t\t\t<\/div>\n\t\t\t\t\t\t\t\t\t\t\t\t\t\t\t\t\t\t<div  data-field-id=\"input_box_1665571517\" class=\"ur-field-item field-text \" data-ref-id=\"input_box_1665571517\" data-field-pattern-enabled=\"0\" data-field-pattern-value=\" \" data-field-pattern-message=\" \">\n\t\t\t\t\t\t\t\t\t\t<div class=\"form-row \" id=\"input_box_1665571517_field\" data-priority=\"\" ><label for=\"input_box_1665571517\" class=\"ur-label\">\u00bfCu\u00e1l es su PQRS? Si su PQRS est\u00e1 ligada a un pedido realizado por la p\u00e1gina web, escriba el n\u00famero de pedido.<\/label> <span class=\"input-wrapper\"> <input  data-rules=\"\" data-id=\"input_box_1665571517\" type=\"text\" class=\"input-text   input-text ur-frontend-field  \" name=\"input_box_1665571517\" id=\"input_box_1665571517\" placeholder=\"\"  value=\"\" data-label=\"\u00bfCu\u00e1l es su PQRS? Si su PQRS est\u00e1 ligada a un pedido realizado por la p\u00e1gina web, escriba el n\u00famero de pedido.\" \/> <\/span> <\/div>\t\t\t\t\t\t\t\t\t<\/div>\n\t\t\t\t\t\t\t\t\t\t\t\t\t\t\t\t\t\t<div  data-field-id=\"textarea_1746572858\" class=\"ur-field-item field-textarea \" data-ref-id=\"textarea_1746572858\" data-field-pattern-enabled=\"0\" data-field-pattern-value=\" \" data-field-pattern-message=\" \">\n\t\t\t\t\t\t\t\t\t\t<div class=\"form-row \" id=\"textarea_1746572858_field\" data-priority=\"\" ><label for=\"textarea_1746572858\" class=\"ur-label\">Al hacer clic en el bot\u00f3n enviar (Submit), usted acepta la remisi\u00f3n de la PQRS a la U\u00f1as Coquets. Sus datos ser\u00e1n recolectados y tratados conforme a la Pol\u00edtica de Tratamiento de Datos. Su solicitud ser\u00e1 revisada y respondida en el correo registrado.<\/label><textarea style=\"margin-bottom:0px;\" data-rules=\"\" data-id=\"textarea_1746572858\" name=\"textarea_1746572858\" class=\"input-text ur-frontend-field  \" id=\"textarea_1746572858\" placeholder=\"\"  rows=\"2\" cols=\"5\"data-label=\"Al hacer clic en el bot\u00f3n enviar (Submit), usted acepta la remisi\u00f3n de la PQRS a la U\u00f1as Coquets. Sus datos ser\u00e1n recolectados y tratados conforme a la Pol\u00edtica de Tratamiento de Datos. Su solicitud ser\u00e1 revisada y respondida en el correo registrado.\"><\/textarea><div style=\"text-align: right; font-size:14px; color:#737373; margin-top:0px;\"> <div class=\"ur-input-count\" data-count-type=\"characters\" style=\"display: inline-block; margin-right: 1px;\">0<\/div>&nbsp;<div style=\"display: inline-block;\"> caracteres<\/div><\/div><\/div>\t\t\t\t\t\t\t\t\t<\/div>\n\t\t\t\t\t\t\t\t\t\t\t\t\t\t\t\t\t\t<div  data-field-id=\"privacy_policy_1746572840\" class=\"ur-field-item field-privacy_policy \" data-ref-id=\"privacy_policy_1746572840\" data-field-pattern-enabled=\"0\" data-field-pattern-value=\" \" data-field-pattern-message=\" \">\n\t\t\t\t\t\t\t\t\t\t<div class=\"form-row validate-required\" id=\"privacy_policy_1746572840_field\" data-priority=\"\" ><label class=\"ur-label checkbox\" required=\"required\" data-label=\"Pol\u00edtica de privacidad\">\n\t\t\t\t\t\t\t<input data-rules=\"\" data-id=\"privacy_policy_1746572840\" required=\"required\" data-label=\"Pol\u00edtica de privacidad\" data-value=\"\" type=\"checkbox\" class=\"input-checkbox ur-frontend-field \" name=\"privacy_policy_1746572840\" id=\"privacy_policy_1746572840\" value=\"1\"  \/> Pol\u00edtica de privacidad <abbr class=\"required\" title=\"obligatorio\">*<\/abbr><\/label><\/div>\t\t\t\t\t\t\t\t\t<\/div>\n\t\t\t\t\t\t\t\t\t\t\t\t\t\t\t\t<\/div>\n\t\t\t\t\t\t\t\t\t\t\t\t\t<\/div>\n\t\t\t\t\t\t<div class=\"ur-form-row\" data-row-id=\"6\">\t\t\t\t\t\t\t<div class=\"ur-form-grid ur-grid-1\"\n\t\t\t\t\t\t\t\tstyle=\"width:99%\">\n\t\t\t\t\t\t\t\t\t\t\t\t\t\t<\/div>\n\t\t\t\t\t\t\t\t\t\t\t\t\t<\/div>\n\t\t\t\t\t\t\t\t\t\t\t\t\t\t\t\t\t\t<div class=\"ur-button-container \" >\n\t\t\t\t\t\t\t\t\t\t\t\t\t\t<button type=\"submit\" class=\"btn button ur-submit-button \"  conditional_rules=\"&quot;&quot;\">\n\t\t\t\t\t\t\t\t<span><\/span>\n\t\t\t\t\t\t\t\tSubmit\t\t\t\t\t\t\t<\/button>\n\t\t\t\t\t\t\t\t\t\t\t\t\t\t\t\t\t\t\t\t<\/div>\n\t\t\t\t\t\t\n\t\t\t\t<div style=\"clear:both\"><\/div>\n\t\t\t\t\t\t\t\t<input type=\"hidden\" name=\"ur-registration-language\" value=\"es\"\/>\n\t\t\t\t<input type=\"hidden\" name=\"ur-user-form-id\" value=\"10146\"\/>\n\t\t\t\t<input type=\"hidden\" name=\"ur-redirect-url\" value=\"\"\/>\n\t\t\t\t<input type=\"hidden\" id=\"ur_frontend_form_nonce\" name=\"ur_frontend_form_nonce\" value=\"f652ee1564\" \/>\n\t\t\t\t\n\t\t\t<\/form>\n\t\t\t\n\t\t<div style=\"clear:both\"><\/div>\n\t<\/div>\n\n\n<\/div><\/div>\n\n\n\n<p><\/p>\n","protected":false},"excerpt":{"rendered":"<p>PQR &#8211; Peticiones, quejas y reclamos Estimado cliente de U\u00f1as Coquetas Por medio de este formulario, le brindamos la oportunidad de expresar sus inquietudes, sugerencias, quejas o reclamos con el fin de mejorar nuestros productos y servicios. Creemos firmemente en la importancia de escuchar a nuestros clientes y tomar acciones para resolver cualquier problema o [&hellip;]<\/p>\n","protected":false},"author":1,"featured_media":0,"parent":0,"menu_order":0,"comment_status":"closed","ping_status":"closed","template":"","meta":{"_regular_price":[],"currency_symbol":[],"_uag_custom_page_level_css":"","footnotes":""},"class_list":["post-4619","page","type-page","status-publish","hentry"],"post_slider_layout_featured_media_urls":{"thumbnail":"","post_slider_layout_landscape_large":"","post_slider_layout_portrait_large":"","post_slider_layout_square_large":"","post_slider_layout_landscape":"","post_slider_layout_portrait":"","post_slider_layout_square":"","full":""},"uagb_featured_image_src":{"full":false,"thumbnail":false,"medium":false,"medium_large":false,"large":false,"1536x1536":false,"2048x2048":false,"post_slider_layout_landscape_large":false,"post_slider_layout_portrait_large":false,"post_slider_layout_square_large":false,"post_slider_layout_landscape":false,"post_slider_layout_portrait":false,"post_slider_layout_square":false,"vw-kids-homepage-thumb":false,"woocommerce_thumbnail":false,"woocommerce_single":false,"woocommerce_gallery_thumbnail":false,"variation_swatches_image_size":false,"variation_swatches_tooltip_size":false},"uagb_author_info":{"display_name":"U\u00f1as Coquetas","author_link":"https:\/\/xn--uascoquetas-1db.co\/?author=1"},"uagb_comment_info":0,"uagb_excerpt":"PQR &#8211; Peticiones, quejas y reclamos Estimado cliente de U\u00f1as Coquetas Por medio de este formulario, le brindamos la oportunidad de expresar sus inquietudes, sugerencias, quejas o reclamos con el fin de mejorar nuestros productos y servicios. Creemos firmemente en la importancia de escuchar a nuestros clientes y tomar acciones para resolver cualquier problema o&hellip;","jetpack_sharing_enabled":true,"jetpack-related-posts":[{"id":4590,"url":"https:\/\/xn--uascoquetas-1db.co\/?page_id=4590","url_meta":{"origin":4619,"position":0},"title":"Pol\u00edtica de env\u00edos","author":"U\u00f1as Coquetas","date":"01\/09\/2023","format":false,"excerpt":"Pol\u00edtica de env\u00edos Los art\u00edculos se env\u00edan desde la ciudad de Bogot\u00e1 (Colombia) a la direcci\u00f3n registrada al momento de realizar la compra por parte del comprador. Tenga en cuenta que de haber errores en los datos proporcionados al momento de la compra, repercutir\u00e1n en el fallo al momento de\u2026","rel":"","context":"Entrada similar","block_context":{"text":"Entrada similar","link":""},"img":{"alt_text":"","src":"","width":0,"height":0},"classes":[]},{"id":10,"url":"https:\/\/xn--uascoquetas-1db.co\/?page_id=10","url_meta":{"origin":4619,"position":1},"title":"T\u00e9rminos y condiciones","author":"U\u00f1as Coquetas","date":"04\/09\/2023","format":false,"excerpt":"Bienvenido(a) a nuestra tienda online. Antes de realizar cualquier compra, te invitamos a leer detenidamente los siguientes T\u00e9rminos y Condiciones de Uso. Al acceder y utilizar nuestra tienda, aceptas cumplir con estos t\u00e9rminos y condiciones. Si no est\u00e1s de acuerdo con alguna parte de estos t\u00e9rminos, te sugerimos que no\u2026","rel":"","context":"Entrada similar","block_context":{"text":"Entrada similar","link":""},"img":{"alt_text":"","src":"","width":0,"height":0},"classes":[]},{"id":3,"url":"https:\/\/xn--uascoquetas-1db.co\/?page_id=3","url_meta":{"origin":4619,"position":2},"title":"Pol\u00edtica de privacidad","author":"U\u00f1as Coquetas","date":"16\/08\/2023","format":false,"excerpt":"Pol\u00edtica de privacidad U\u00f1as Coquetas (\u201cnosotros\u201d, \u201cnuestro\u201d o \u201cnos\u201d) se compromete a proteger su privacidad. Esta Pol\u00edtica de privacidad explica como U\u00f1as Coquetas recopila, usa y divulga su informaci\u00f3n personal. Esta pol\u00edtica de privacidad se aplica a nuestro sitio web y su subdominios asociados (colectivamente, nuestro \u201cServicio\u201d) junto con nuestra\u2026","rel":"","context":"Entrada similar","block_context":{"text":"Entrada similar","link":""},"img":{"alt_text":"","src":"","width":0,"height":0},"classes":[]},{"id":3612,"url":"https:\/\/xn--uascoquetas-1db.co\/?page_id=3612","url_meta":{"origin":4619,"position":3},"title":"Sobre nosotros","author":"U\u00f1as Coquetas","date":"09\/09\/2020","format":false,"excerpt":"Somos tu tienda de u\u00f1asBienvenidos a U\u00f1as Coquetas, una tienda virtual especializada en productos para u\u00f1as. Nos enfocamos en ofrecer una amplia variedad de productos para estampado de u\u00f1as y todas las t\u00e9cnicas asociadas a este arte. Nuestro cat\u00e1logo se expande constantemente para satisfacer las necesidades de nuestros clientes, incluyendo\u2026","rel":"","context":"Entrada similar","block_context":{"text":"Entrada similar","link":""},"img":{"alt_text":"Logo","src":"https:\/\/i0.wp.com\/xn--uascoquetas-1db.co\/wp-content\/uploads\/2024\/11\/cropped-Unas-Coquetaz-png-01.png?resize=350%2C200&ssl=1","width":350,"height":200},"classes":[]},{"id":4506,"url":"https:\/\/xn--uascoquetas-1db.co\/?page_id=4506","url_meta":{"origin":4619,"position":4},"title":"Aprendizaje","author":"U\u00f1as Coquetas","date":"20\/08\/2023","format":false,"excerpt":"Zona de aprendizaje \u00a1S\u00e1cale el jugo a tus herramientas! \u00a1Te doy la bienvenida a la secci\u00f3n de aprendizaje de U\u00f1as Coquetas! Aqu\u00ed encontrar\u00e1s informaci\u00f3n fascinante sobre el apasionante mundo del Nail Art. Estaremos compartiendo contigo nuevas t\u00e9cnicas, datos interesantes y videos explicativos para que puedas mejorar constantemente tus conocimientos y\u2026","rel":"","context":"Entrada similar","block_context":{"text":"Entrada similar","link":""},"img":{"alt_text":"Heramientas","src":"https:\/\/i0.wp.com\/xn--uascoquetas-1db.co\/wp-content\/uploads\/2023\/09\/WhatsApp-Image-2023-09-12-at-6.36.15-PM-2.jpeg?resize=350%2C200&ssl=1","width":350,"height":200,"srcset":"https:\/\/i0.wp.com\/xn--uascoquetas-1db.co\/wp-content\/uploads\/2023\/09\/WhatsApp-Image-2023-09-12-at-6.36.15-PM-2.jpeg?resize=350%2C200&ssl=1 1x, https:\/\/i0.wp.com\/xn--uascoquetas-1db.co\/wp-content\/uploads\/2023\/09\/WhatsApp-Image-2023-09-12-at-6.36.15-PM-2.jpeg?resize=525%2C300&ssl=1 1.5x, https:\/\/i0.wp.com\/xn--uascoquetas-1db.co\/wp-content\/uploads\/2023\/09\/WhatsApp-Image-2023-09-12-at-6.36.15-PM-2.jpeg?resize=700%2C400&ssl=1 2x, https:\/\/i0.wp.com\/xn--uascoquetas-1db.co\/wp-content\/uploads\/2023\/09\/WhatsApp-Image-2023-09-12-at-6.36.15-PM-2.jpeg?resize=1050%2C600&ssl=1 3x, https:\/\/i0.wp.com\/xn--uascoquetas-1db.co\/wp-content\/uploads\/2023\/09\/WhatsApp-Image-2023-09-12-at-6.36.15-PM-2.jpeg?resize=1400%2C800&ssl=1 4x"},"classes":[]},{"id":9735,"url":"https:\/\/xn--uascoquetas-1db.co\/?page_id=9735","url_meta":{"origin":4619,"position":5},"title":"U\u00d1AS COQUETAS APP","author":"U\u00f1as Coquetas","date":"03\/02\/2025","format":false,"excerpt":"U\u00f1as Coquetas app para Android Con nuestra aplicaci\u00f3n, puedes explotar tu creatividad y crear dise\u00f1os \u00fanicos de manera interactiva. Elige entre una extensa colecci\u00f3n de colores, patrones, texturas y accesorios para personalizar cada detalle de tus u\u00f1as. Ya sea que prefieras un estilo cl\u00e1sico, moderno, o atrevido, nuestra app te\u2026","rel":"","context":"Entrada similar","block_context":{"text":"Entrada similar","link":""},"img":{"alt_text":"","src":"https:\/\/i0.wp.com\/xn--uascoquetas-1db.co\/wp-content\/uploads\/2025\/02\/m1-150x150.webp?resize=350%2C200&ssl=1","width":350,"height":200},"classes":[]}],"_links":{"self":[{"href":"https:\/\/xn--uascoquetas-1db.co\/index.php?rest_route=\/wp\/v2\/pages\/4619","targetHints":{"allow":["GET"]}}],"collection":[{"href":"https:\/\/xn--uascoquetas-1db.co\/index.php?rest_route=\/wp\/v2\/pages"}],"about":[{"href":"https:\/\/xn--uascoquetas-1db.co\/index.php?rest_route=\/wp\/v2\/types\/page"}],"author":[{"embeddable":true,"href":"https:\/\/xn--uascoquetas-1db.co\/index.php?rest_route=\/wp\/v2\/users\/1"}],"replies":[{"embeddable":true,"href":"https:\/\/xn--uascoquetas-1db.co\/index.php?rest_route=%2Fwp%2Fv2%2Fcomments&post=4619"}],"version-history":[{"count":7,"href":"https:\/\/xn--uascoquetas-1db.co\/index.php?rest_route=\/wp\/v2\/pages\/4619\/revisions"}],"predecessor-version":[{"id":10158,"href":"https:\/\/xn--uascoquetas-1db.co\/index.php?rest_route=\/wp\/v2\/pages\/4619\/revisions\/10158"}],"wp:attachment":[{"href":"https:\/\/xn--uascoquetas-1db.co\/index.php?rest_route=%2Fwp%2Fv2%2Fmedia&parent=4619"}],"curies":[{"name":"wp","href":"https:\/\/api.w.org\/{rel}","templated":true}]}}