{"id":4824,"date":"2023-09-14T16:21:13","date_gmt":"2023-09-14T21:21:13","guid":{"rendered":"https:\/\/xn--uascoquetas-1db.co\/?page_id=4824"},"modified":"2024-04-22T19:05:26","modified_gmt":"2024-04-23T00:05:26","slug":"noticias-2","status":"publish","type":"page","link":"https:\/\/xn--uascoquetas-1db.co\/?page_id=4824","title":{"rendered":"Noticias"},"content":{"rendered":"\n<div class=\"wp-block-uagb-container uagb-block-1e62f454 alignfull uagb-is-root-container\"><div class=\"uagb-container-inner-blocks-wrap\">\n<div class=\"wp-block-uagb-container uagb-block-1b59e668\">\n<h2 class=\"wp-block-heading has-ast-global-color-1-color has-text-color has-link-color wp-elements-ceb8dd2411f5882b32cc4c05f966dd95\">Mantente al d\u00eda con U\u00f1as Coquetas<\/h2>\n\n\n\n<p>\u00a1Te doy la bienvenida a la secci\u00f3n de Noticias de U\u00f1as Coquetas! Estamos encantados de tenerte aqu\u00ed y queremos compartir contigo informaci\u00f3n exclusiva sobre nuestros \u00faltimos lanzamientos, actividades emocionantes, ferias de belleza y promociones irresistibles que seguramente captar\u00e1n tu inter\u00e9s.<\/p>\n\n\n\n<p><\/p>\n<\/div>\n<\/div><\/div>\n\n\n\n<div class=\"wp-block-uagb-container uagb-block-713594c7 alignfull uagb-is-root-container\"><div class=\"uagb-container-inner-blocks-wrap\">\n<div class=\"wp-block-uagb-container uagb-block-479f19fc\"><ul class=\"wp-block-latest-posts__list is-grid columns-3 has-link-color wp-elements-a36141a75d0698d649b63099ece03f59 wp-block-latest-posts has-text-color has-ast-global-color-1-color has-small-font-size\"><li><div class=\"wp-block-latest-posts__featured-image aligncenter\"><a href=\"https:\/\/xn--uascoquetas-1db.co\/?p=9992\" aria-label=\"\u26a1 \u201cThe Flash\u201d: Viajes en el tiempo, cameos \u00e9picos y plaquitas de superh\u00e9roes\"><img loading=\"lazy\" decoding=\"async\" width=\"300\" height=\"300\" src=\"https:\/\/xn--uascoquetas-1db.co\/wp-content\/uploads\/2025\/04\/flash-e1749740697958-300x300.png\" class=\"attachment-medium size-medium wp-post-image\" alt=\"\" style=\"max-width:225px;max-height:225px;\" srcset=\"https:\/\/xn--uascoquetas-1db.co\/wp-content\/uploads\/2025\/04\/flash-e1749740697958-300x300.png 300w, https:\/\/xn--uascoquetas-1db.co\/wp-content\/uploads\/2025\/04\/flash-e1749740697958-150x150.png 150w, https:\/\/xn--uascoquetas-1db.co\/wp-content\/uploads\/2025\/04\/flash-e1749740697958-768x768.png 768w, https:\/\/xn--uascoquetas-1db.co\/wp-content\/uploads\/2025\/04\/flash-e1749740697958-600x600.png 600w, https:\/\/xn--uascoquetas-1db.co\/wp-content\/uploads\/2025\/04\/flash-e1749740697958-100x100.png 100w, https:\/\/xn--uascoquetas-1db.co\/wp-content\/uploads\/2025\/04\/flash-e1749740697958-50x50.png 50w, https:\/\/xn--uascoquetas-1db.co\/wp-content\/uploads\/2025\/04\/flash-e1749740697958.png 1024w\" sizes=\"auto, (max-width: 300px) 100vw, 300px\" \/><\/a><\/div><a class=\"wp-block-latest-posts__post-title\" href=\"https:\/\/xn--uascoquetas-1db.co\/?p=9992\">\u26a1 \u201cThe Flash\u201d: Viajes en el tiempo, cameos \u00e9picos y plaquitas de superh\u00e9roes<\/a><div class=\"wp-block-latest-posts__post-excerpt\">\u00a1Prep\u00e1rate para una descarga de adrenalina con The Flash, la esperada pel\u00edcula del Universo DC que llega a Colombia este 15 de junio de 2025. Si eres fan\u00e1tico de los&#8230; <a class=\"wp-block-latest-posts__read-more\" href=\"https:\/\/xn--uascoquetas-1db.co\/?p=9992\" rel=\"noopener noreferrer\">Lee m\u00e1s<span class=\"screen-reader-text\">: \u26a1 \u201cThe Flash\u201d: Viajes en el tiempo, cameos \u00e9picos y plaquitas de superh\u00e9roes<\/span><\/a><\/div><\/li>\n<li><div class=\"wp-block-latest-posts__featured-image aligncenter\"><a href=\"https:\/\/xn--uascoquetas-1db.co\/?p=9993\" aria-label=\"\ud83d\udc09 C\u00f3mo entrenar a tu drag\u00f3n: Mi favorita llega al cine en acci\u00f3n real\"><img loading=\"lazy\" decoding=\"async\" width=\"300\" height=\"300\" src=\"https:\/\/xn--uascoquetas-1db.co\/wp-content\/uploads\/2025\/04\/HTD-300x300.png\" class=\"attachment-medium size-medium wp-post-image\" alt=\"\" style=\"max-width:225px;max-height:225px;\" srcset=\"https:\/\/xn--uascoquetas-1db.co\/wp-content\/uploads\/2025\/04\/HTD-300x300.png 300w, https:\/\/xn--uascoquetas-1db.co\/wp-content\/uploads\/2025\/04\/HTD-150x150.png 150w, https:\/\/xn--uascoquetas-1db.co\/wp-content\/uploads\/2025\/04\/HTD-768x768.png 768w, https:\/\/xn--uascoquetas-1db.co\/wp-content\/uploads\/2025\/04\/HTD-600x600.png 600w, https:\/\/xn--uascoquetas-1db.co\/wp-content\/uploads\/2025\/04\/HTD-100x100.png 100w, https:\/\/xn--uascoquetas-1db.co\/wp-content\/uploads\/2025\/04\/HTD-50x50.png 50w, https:\/\/xn--uascoquetas-1db.co\/wp-content\/uploads\/2025\/04\/HTD.png 1024w\" sizes=\"auto, (max-width: 300px) 100vw, 300px\" \/><\/a><\/div><a class=\"wp-block-latest-posts__post-title\" href=\"https:\/\/xn--uascoquetas-1db.co\/?p=9993\">\ud83d\udc09 C\u00f3mo entrenar a tu drag\u00f3n: Mi favorita llega al cine en acci\u00f3n real<\/a><div class=\"wp-block-latest-posts__post-excerpt\">Desde que vi por primera vez a Hipo y Chimuelo volar juntos, C\u00f3mo entrenar a tu drag\u00f3n se convirti\u00f3 en una de mis pel\u00edculas favoritas. Por eso, \u00a1No puedo estar&#8230; <a class=\"wp-block-latest-posts__read-more\" href=\"https:\/\/xn--uascoquetas-1db.co\/?p=9993\" rel=\"noopener noreferrer\">Lee m\u00e1s<span class=\"screen-reader-text\">: \ud83d\udc09 C\u00f3mo entrenar a tu drag\u00f3n: Mi favorita llega al cine en acci\u00f3n real<\/span><\/a><\/div><\/li>\n<li><div class=\"wp-block-latest-posts__featured-image aligncenter\"><a href=\"https:\/\/xn--uascoquetas-1db.co\/?p=9994\" aria-label=\"\ud83c\udf83 \u00a1Ya huele a dulces y a marat\u00f3n de pelis!\"><img loading=\"lazy\" decoding=\"async\" width=\"300\" height=\"300\" src=\"https:\/\/xn--uascoquetas-1db.co\/wp-content\/uploads\/2025\/04\/ef28ad02-30a9-4541-a194-e5f02f4ca636-e1761141785785-300x300.png\" class=\"attachment-medium size-medium wp-post-image\" alt=\"\" style=\"max-width:225px;max-height:225px;\" srcset=\"https:\/\/xn--uascoquetas-1db.co\/wp-content\/uploads\/2025\/04\/ef28ad02-30a9-4541-a194-e5f02f4ca636-e1761141785785-300x300.png 300w, https:\/\/xn--uascoquetas-1db.co\/wp-content\/uploads\/2025\/04\/ef28ad02-30a9-4541-a194-e5f02f4ca636-e1761141785785-150x150.png 150w, https:\/\/xn--uascoquetas-1db.co\/wp-content\/uploads\/2025\/04\/ef28ad02-30a9-4541-a194-e5f02f4ca636-e1761141785785-768x768.png 768w, https:\/\/xn--uascoquetas-1db.co\/wp-content\/uploads\/2025\/04\/ef28ad02-30a9-4541-a194-e5f02f4ca636-e1761141785785-600x600.png 600w, https:\/\/xn--uascoquetas-1db.co\/wp-content\/uploads\/2025\/04\/ef28ad02-30a9-4541-a194-e5f02f4ca636-e1761141785785-100x100.png 100w, https:\/\/xn--uascoquetas-1db.co\/wp-content\/uploads\/2025\/04\/ef28ad02-30a9-4541-a194-e5f02f4ca636-e1761141785785-50x50.png 50w, https:\/\/xn--uascoquetas-1db.co\/wp-content\/uploads\/2025\/04\/ef28ad02-30a9-4541-a194-e5f02f4ca636-e1761141785785.png 1024w\" sizes=\"auto, (max-width: 300px) 100vw, 300px\" \/><\/a><\/div><a class=\"wp-block-latest-posts__post-title\" href=\"https:\/\/xn--uascoquetas-1db.co\/?p=9994\">\ud83c\udf83 \u00a1Ya huele a dulces y a marat\u00f3n de pelis!<\/a><div class=\"wp-block-latest-posts__post-excerpt\">Halloween est\u00e1 a la vuelta de la esquina, y es el momento perfecto para preparar palomitas, encender las velas, y por supuesto&#8230; \u00a1decorar tus u\u00f1as con nuestros dise\u00f1os m\u00e1s terror\u00edficamente&#8230; <a class=\"wp-block-latest-posts__read-more\" href=\"https:\/\/xn--uascoquetas-1db.co\/?p=9994\" rel=\"noopener noreferrer\">Lee m\u00e1s<span class=\"screen-reader-text\">: \ud83c\udf83 \u00a1Ya huele a dulces y a marat\u00f3n de pelis!<\/span><\/a><\/div><\/li>\n<li><a class=\"wp-block-latest-posts__post-title\" href=\"https:\/\/xn--uascoquetas-1db.co\/?p=9991\">Blog &#8211; \u00a1Stitch est\u00e1 de regreso! \ud83c\udf00<\/a><div class=\"wp-block-latest-posts__post-excerpt\">\u00a1Ohana significa familia, y Stitch est\u00e1 de vuelta para robarse nuestros corazones otra vez! \ud83d\udc99 Con la llegada de la nueva pel\u00edcula de Stitch en live-action, el universo de Lilo&#8230; <a class=\"wp-block-latest-posts__read-more\" href=\"https:\/\/xn--uascoquetas-1db.co\/?p=9991\" rel=\"noopener noreferrer\">Lee m\u00e1s<span class=\"screen-reader-text\">: Blog &#8211; \u00a1Stitch est\u00e1 de regreso! \ud83c\udf00<\/span><\/a><\/div><\/li>\n<li><a class=\"wp-block-latest-posts__post-title\" href=\"https:\/\/xn--uascoquetas-1db.co\/?p=9819\">TALLER APP U\u00d1AS COQUETAS<\/a><div class=\"wp-block-latest-posts__post-excerpt\">\u00bfQu\u00e9 es la app y c\u00f3mo se descarga? Con nuestra aplicaci\u00f3n, puedes explotar tu creatividad y crear dise\u00f1os \u00fanicos de manera interactiva. Elige entre una extensa colecci\u00f3n de colores, patrones,&#8230; <a class=\"wp-block-latest-posts__read-more\" href=\"https:\/\/xn--uascoquetas-1db.co\/?p=9819\" rel=\"noopener noreferrer\">Lee m\u00e1s<span class=\"screen-reader-text\">: TALLER APP U\u00d1AS COQUETAS<\/span><\/a><\/div><\/li>\n<li><div class=\"wp-block-latest-posts__featured-image aligncenter\"><a href=\"https:\/\/xn--uascoquetas-1db.co\/?p=8913\" aria-label=\"Recomendaciones de temporada\"><img loading=\"lazy\" decoding=\"async\" width=\"300\" height=\"300\" src=\"https:\/\/xn--uascoquetas-1db.co\/wp-content\/uploads\/2024\/09\/Para-entradas-300x300.jpg\" class=\"attachment-medium size-medium wp-post-image\" alt=\"\" style=\"max-width:225px;max-height:225px;\" srcset=\"https:\/\/xn--uascoquetas-1db.co\/wp-content\/uploads\/2024\/09\/Para-entradas-300x300.jpg 300w, https:\/\/xn--uascoquetas-1db.co\/wp-content\/uploads\/2024\/09\/Para-entradas-150x150.jpg 150w, https:\/\/xn--uascoquetas-1db.co\/wp-content\/uploads\/2024\/09\/Para-entradas-768x768.jpg 768w, https:\/\/xn--uascoquetas-1db.co\/wp-content\/uploads\/2024\/09\/Para-entradas-600x600.jpg 600w, https:\/\/xn--uascoquetas-1db.co\/wp-content\/uploads\/2024\/09\/Para-entradas-100x100.jpg 100w, https:\/\/xn--uascoquetas-1db.co\/wp-content\/uploads\/2024\/09\/Para-entradas-50x50.jpg 50w, https:\/\/xn--uascoquetas-1db.co\/wp-content\/uploads\/2024\/09\/Para-entradas.jpg 800w\" sizes=\"auto, (max-width: 300px) 100vw, 300px\" \/><\/a><\/div><a class=\"wp-block-latest-posts__post-title\" href=\"https:\/\/xn--uascoquetas-1db.co\/?p=8913\">Recomendaciones de temporada<\/a><div class=\"wp-block-latest-posts__post-excerpt\">Hemos seleccionado para t\u00ed, las placas muy rom\u00e1nticas, para que disfrutes al m\u00e1ximo de esta temporada de San Valent\u00edn. Nosotros te proporcionamos las herramientas, tu, much\u00edsma creatividad. Productos especiales Placas&#8230; <a class=\"wp-block-latest-posts__read-more\" href=\"https:\/\/xn--uascoquetas-1db.co\/?p=8913\" rel=\"noopener noreferrer\">Lee m\u00e1s<span class=\"screen-reader-text\">: Recomendaciones de temporada<\/span><\/a><\/div><\/li>\n<li><div class=\"wp-block-latest-posts__featured-image aligncenter\"><a href=\"https:\/\/xn--uascoquetas-1db.co\/?p=7271\" aria-label=\"\ud83d\udecd\ufe0f \u00a1Liquidaci\u00f3n especial en Magenta! \ud83c\udf1f\"><img loading=\"lazy\" decoding=\"async\" width=\"300\" height=\"300\" src=\"https:\/\/xn--uascoquetas-1db.co\/wp-content\/uploads\/2024\/02\/Lo-ultimo-de-Magenta-01-300x300.jpg\" class=\"attachment-medium size-medium wp-post-image\" alt=\"\" style=\"max-width:225px;max-height:225px;\" srcset=\"https:\/\/xn--uascoquetas-1db.co\/wp-content\/uploads\/2024\/02\/Lo-ultimo-de-Magenta-01-300x300.jpg 300w, https:\/\/xn--uascoquetas-1db.co\/wp-content\/uploads\/2024\/02\/Lo-ultimo-de-Magenta-01-150x150.jpg 150w, https:\/\/xn--uascoquetas-1db.co\/wp-content\/uploads\/2024\/02\/Lo-ultimo-de-Magenta-01-768x768.jpg 768w, https:\/\/xn--uascoquetas-1db.co\/wp-content\/uploads\/2024\/02\/Lo-ultimo-de-Magenta-01-600x600.jpg 600w, https:\/\/xn--uascoquetas-1db.co\/wp-content\/uploads\/2024\/02\/Lo-ultimo-de-Magenta-01-100x100.jpg 100w, https:\/\/xn--uascoquetas-1db.co\/wp-content\/uploads\/2024\/02\/Lo-ultimo-de-Magenta-01.jpg 800w\" sizes=\"auto, (max-width: 300px) 100vw, 300px\" \/><\/a><\/div><a class=\"wp-block-latest-posts__post-title\" href=\"https:\/\/xn--uascoquetas-1db.co\/?p=7271\">\ud83d\udecd\ufe0f \u00a1Liquidaci\u00f3n especial en Magenta! \ud83c\udf1f<\/a><div class=\"wp-block-latest-posts__post-excerpt\">Informaci\u00f3n sobre las placas mexicanas Mundo de U\u00f1as. Promos, placas m\u00e1s recientes y m\u00e1s.<\/div><\/li>\n<li><div class=\"wp-block-latest-posts__featured-image aligncenter\"><a href=\"https:\/\/xn--uascoquetas-1db.co\/?p=7187\" aria-label=\"Califica nuestros productos\"><img loading=\"lazy\" decoding=\"async\" width=\"300\" height=\"300\" src=\"https:\/\/xn--uascoquetas-1db.co\/wp-content\/uploads\/2024\/01\/Calificanos-01-300x300.jpg\" class=\"attachment-medium size-medium wp-post-image\" alt=\"\" style=\"max-width:225px;max-height:225px;\" srcset=\"https:\/\/xn--uascoquetas-1db.co\/wp-content\/uploads\/2024\/01\/Calificanos-01-300x300.jpg 300w, https:\/\/xn--uascoquetas-1db.co\/wp-content\/uploads\/2024\/01\/Calificanos-01-150x150.jpg 150w, https:\/\/xn--uascoquetas-1db.co\/wp-content\/uploads\/2024\/01\/Calificanos-01-768x768.jpg 768w, https:\/\/xn--uascoquetas-1db.co\/wp-content\/uploads\/2024\/01\/Calificanos-01-600x600.jpg 600w, https:\/\/xn--uascoquetas-1db.co\/wp-content\/uploads\/2024\/01\/Calificanos-01-100x100.jpg 100w, https:\/\/xn--uascoquetas-1db.co\/wp-content\/uploads\/2024\/01\/Calificanos-01.jpg 800w\" sizes=\"auto, (max-width: 300px) 100vw, 300px\" \/><\/a><\/div><a class=\"wp-block-latest-posts__post-title\" href=\"https:\/\/xn--uascoquetas-1db.co\/?p=7187\">Califica nuestros productos<\/a><div class=\"wp-block-latest-posts__post-excerpt\">\u00a1Nos encantar\u00eda conocer tu opini\u00f3n sobre nuestra atenci\u00f3n y productos! En esta secci\u00f3n, te invitamos a dejar tus comentarios y compartir tus experiencias. Queremos mejorar constantemente para brindarte un servicio&#8230; <a class=\"wp-block-latest-posts__read-more\" href=\"https:\/\/xn--uascoquetas-1db.co\/?p=7187\" rel=\"noopener noreferrer\">Lee m\u00e1s<span class=\"screen-reader-text\">: Califica nuestros productos<\/span><\/a><\/div><\/li>\n<li><div class=\"wp-block-latest-posts__featured-image aligncenter\"><a href=\"https:\/\/xn--uascoquetas-1db.co\/?p=6900\" aria-label=\"NOTICIAS PLACAS MUNDO DE U\u00d1AS\"><img loading=\"lazy\" decoding=\"async\" width=\"300\" height=\"300\" src=\"https:\/\/xn--uascoquetas-1db.co\/wp-content\/uploads\/2023\/11\/Lo-ultimo-de-Mundo-de-Unas.-01-300x300.jpg\" class=\"attachment-medium size-medium wp-post-image\" alt=\"Lo \u00faltimo de MDU\" style=\"max-width:225px;max-height:225px;\" srcset=\"https:\/\/xn--uascoquetas-1db.co\/wp-content\/uploads\/2023\/11\/Lo-ultimo-de-Mundo-de-Unas.-01-300x300.jpg 300w, https:\/\/xn--uascoquetas-1db.co\/wp-content\/uploads\/2023\/11\/Lo-ultimo-de-Mundo-de-Unas.-01-150x150.jpg 150w, https:\/\/xn--uascoquetas-1db.co\/wp-content\/uploads\/2023\/11\/Lo-ultimo-de-Mundo-de-Unas.-01-768x768.jpg 768w, https:\/\/xn--uascoquetas-1db.co\/wp-content\/uploads\/2023\/11\/Lo-ultimo-de-Mundo-de-Unas.-01-600x600.jpg 600w, https:\/\/xn--uascoquetas-1db.co\/wp-content\/uploads\/2023\/11\/Lo-ultimo-de-Mundo-de-Unas.-01-100x100.jpg 100w, https:\/\/xn--uascoquetas-1db.co\/wp-content\/uploads\/2023\/11\/Lo-ultimo-de-Mundo-de-Unas.-01.jpg 800w\" sizes=\"auto, (max-width: 300px) 100vw, 300px\" \/><\/a><\/div><a class=\"wp-block-latest-posts__post-title\" href=\"https:\/\/xn--uascoquetas-1db.co\/?p=6900\">NOTICIAS PLACAS MUNDO DE U\u00d1AS<\/a><div class=\"wp-block-latest-posts__post-excerpt\">Informaci\u00f3n sobre las placas mexicanas Mundo de U\u00f1as. Promos, placas m\u00e1s recientes y m\u00e1s.<\/div><\/li>\n<\/ul><\/div>\n<\/div><\/div>\n","protected":false},"excerpt":{"rendered":"<p>Mantente al d\u00eda con U\u00f1as Coquetas \u00a1Te doy la bienvenida a la secci\u00f3n de Noticias de U\u00f1as Coquetas! Estamos encantados de tenerte aqu\u00ed y queremos compartir contigo informaci\u00f3n exclusiva sobre nuestros \u00faltimos lanzamientos, actividades emocionantes, ferias de belleza y promociones irresistibles que seguramente captar\u00e1n tu inter\u00e9s.<\/p>\n","protected":false},"author":1,"featured_media":0,"parent":0,"menu_order":0,"comment_status":"closed","ping_status":"closed","template":"","meta":{"_regular_price":[],"currency_symbol":[],"_uag_custom_page_level_css":"","footnotes":""},"class_list":["post-4824","page","type-page","status-publish","hentry"],"post_slider_layout_featured_media_urls":{"thumbnail":"","post_slider_layout_landscape_large":"","post_slider_layout_portrait_large":"","post_slider_layout_square_large":"","post_slider_layout_landscape":"","post_slider_layout_portrait":"","post_slider_layout_square":"","full":""},"uagb_featured_image_src":{"full":false,"thumbnail":false,"medium":false,"medium_large":false,"large":false,"1536x1536":false,"2048x2048":false,"post_slider_layout_landscape_large":false,"post_slider_layout_portrait_large":false,"post_slider_layout_square_large":false,"post_slider_layout_landscape":false,"post_slider_layout_portrait":false,"post_slider_layout_square":false,"vw-kids-homepage-thumb":false,"woocommerce_thumbnail":false,"woocommerce_single":false,"woocommerce_gallery_thumbnail":false,"variation_swatches_image_size":false,"variation_swatches_tooltip_size":false},"uagb_author_info":{"display_name":"U\u00f1as Coquetas","author_link":"https:\/\/xn--uascoquetas-1db.co\/?author=1"},"uagb_comment_info":0,"uagb_excerpt":"Mantente al d\u00eda con U\u00f1as Coquetas \u00a1Te doy la bienvenida a la secci\u00f3n de Noticias de U\u00f1as Coquetas! Estamos encantados de tenerte aqu\u00ed y queremos compartir contigo informaci\u00f3n exclusiva sobre nuestros \u00faltimos lanzamientos, actividades emocionantes, ferias de belleza y promociones irresistibles que seguramente captar\u00e1n tu inter\u00e9s.","jetpack_sharing_enabled":true,"jetpack-related-posts":[{"id":4498,"url":"https:\/\/xn--uascoquetas-1db.co\/?page_id=4498","url_meta":{"origin":4824,"position":0},"title":"Entradas","author":"U\u00f1as Coquetas","date":"20\/08\/2023","format":false,"excerpt":"Mantente al d\u00eda con U\u00f1as Coquetas \u00a1Te doy la bienvenida a la secci\u00f3n de Noticias de U\u00f1as Coquetas! Estamos encantados de tenerte aqu\u00ed y queremos compartir contigo informaci\u00f3n exclusiva sobre nuestros \u00faltimos lanzamientos, actividades emocionantes, ferias de belleza y promociones irresistibles que seguramente captar\u00e1n tu inter\u00e9s. En U\u00f1as Coquetas, nos\u2026","rel":"","context":"Entrada similar","block_context":{"text":"Entrada similar","link":""},"img":{"alt_text":"Fondo portada 1080","src":"https:\/\/i0.wp.com\/xn--uascoquetas-1db.co\/wp-content\/uploads\/2023\/08\/Fondo-de-portada-1080-04-1024x1024.png?resize=350%2C200&ssl=1","width":350,"height":200,"srcset":"https:\/\/i0.wp.com\/xn--uascoquetas-1db.co\/wp-content\/uploads\/2023\/08\/Fondo-de-portada-1080-04-1024x1024.png?resize=350%2C200&ssl=1 1x, https:\/\/i0.wp.com\/xn--uascoquetas-1db.co\/wp-content\/uploads\/2023\/08\/Fondo-de-portada-1080-04-1024x1024.png?resize=525%2C300&ssl=1 1.5x, https:\/\/i0.wp.com\/xn--uascoquetas-1db.co\/wp-content\/uploads\/2023\/08\/Fondo-de-portada-1080-04-1024x1024.png?resize=700%2C400&ssl=1 2x"},"classes":[]},{"id":9735,"url":"https:\/\/xn--uascoquetas-1db.co\/?page_id=9735","url_meta":{"origin":4824,"position":1},"title":"U\u00d1AS COQUETAS APP","author":"U\u00f1as Coquetas","date":"03\/02\/2025","format":false,"excerpt":"U\u00f1as Coquetas app para Android Con nuestra aplicaci\u00f3n, puedes explotar tu creatividad y crear dise\u00f1os \u00fanicos de manera interactiva. Elige entre una extensa colecci\u00f3n de colores, patrones, texturas y accesorios para personalizar cada detalle de tus u\u00f1as. Ya sea que prefieras un estilo cl\u00e1sico, moderno, o atrevido, nuestra app te\u2026","rel":"","context":"Entrada similar","block_context":{"text":"Entrada similar","link":""},"img":{"alt_text":"","src":"https:\/\/i0.wp.com\/xn--uascoquetas-1db.co\/wp-content\/uploads\/2025\/02\/m1-150x150.webp?resize=350%2C200&ssl=1","width":350,"height":200},"classes":[]},{"id":3612,"url":"https:\/\/xn--uascoquetas-1db.co\/?page_id=3612","url_meta":{"origin":4824,"position":2},"title":"Sobre nosotros","author":"U\u00f1as Coquetas","date":"09\/09\/2020","format":false,"excerpt":"Somos tu tienda de u\u00f1asBienvenidos a U\u00f1as Coquetas, una tienda virtual especializada en productos para u\u00f1as. Nos enfocamos en ofrecer una amplia variedad de productos para estampado de u\u00f1as y todas las t\u00e9cnicas asociadas a este arte. Nuestro cat\u00e1logo se expande constantemente para satisfacer las necesidades de nuestros clientes, incluyendo\u2026","rel":"","context":"Entrada similar","block_context":{"text":"Entrada similar","link":""},"img":{"alt_text":"Logo","src":"https:\/\/i0.wp.com\/xn--uascoquetas-1db.co\/wp-content\/uploads\/2024\/11\/cropped-Unas-Coquetaz-png-01.png?resize=350%2C200&ssl=1","width":350,"height":200},"classes":[]},{"id":4798,"url":"https:\/\/xn--uascoquetas-1db.co\/?page_id=4798","url_meta":{"origin":4824,"position":3},"title":"Gu\u00edas descargables","author":"U\u00f1as Coquetas","date":"13\/09\/2023","format":false,"excerpt":"Tips y cositas de inter\u00e9s \u00a1Bienvenido a la secci\u00f3n de gu\u00edas para Nailart de U\u00f1as Coquetas! Aqu\u00ed encontrar\u00e1s incre\u00edbles recursos descargables, repletos de consejos y trucos para llevar tu arte de u\u00f1as al siguiente nivel. Estamos seguros de que te encantar\u00e1n.","rel":"","context":"Entrada similar","block_context":{"text":"Entrada similar","link":""},"img":{"alt_text":"","src":"","width":0,"height":0},"classes":[]},{"id":10,"url":"https:\/\/xn--uascoquetas-1db.co\/?page_id=10","url_meta":{"origin":4824,"position":4},"title":"T\u00e9rminos y condiciones","author":"U\u00f1as Coquetas","date":"04\/09\/2023","format":false,"excerpt":"Bienvenido(a) a nuestra tienda online. Antes de realizar cualquier compra, te invitamos a leer detenidamente los siguientes T\u00e9rminos y Condiciones de Uso. Al acceder y utilizar nuestra tienda, aceptas cumplir con estos t\u00e9rminos y condiciones. Si no est\u00e1s de acuerdo con alguna parte de estos t\u00e9rminos, te sugerimos que no\u2026","rel":"","context":"Entrada similar","block_context":{"text":"Entrada similar","link":""},"img":{"alt_text":"","src":"","width":0,"height":0},"classes":[]},{"id":3,"url":"https:\/\/xn--uascoquetas-1db.co\/?page_id=3","url_meta":{"origin":4824,"position":5},"title":"Pol\u00edtica de privacidad","author":"U\u00f1as Coquetas","date":"16\/08\/2023","format":false,"excerpt":"Pol\u00edtica de privacidad U\u00f1as Coquetas (\u201cnosotros\u201d, \u201cnuestro\u201d o \u201cnos\u201d) se compromete a proteger su privacidad. Esta Pol\u00edtica de privacidad explica como U\u00f1as Coquetas recopila, usa y divulga su informaci\u00f3n personal. Esta pol\u00edtica de privacidad se aplica a nuestro sitio web y su subdominios asociados (colectivamente, nuestro \u201cServicio\u201d) junto con nuestra\u2026","rel":"","context":"Entrada similar","block_context":{"text":"Entrada similar","link":""},"img":{"alt_text":"","src":"","width":0,"height":0},"classes":[]}],"_links":{"self":[{"href":"https:\/\/xn--uascoquetas-1db.co\/index.php?rest_route=\/wp\/v2\/pages\/4824","targetHints":{"allow":["GET"]}}],"collection":[{"href":"https:\/\/xn--uascoquetas-1db.co\/index.php?rest_route=\/wp\/v2\/pages"}],"about":[{"href":"https:\/\/xn--uascoquetas-1db.co\/index.php?rest_route=\/wp\/v2\/types\/page"}],"author":[{"embeddable":true,"href":"https:\/\/xn--uascoquetas-1db.co\/index.php?rest_route=\/wp\/v2\/users\/1"}],"replies":[{"embeddable":true,"href":"https:\/\/xn--uascoquetas-1db.co\/index.php?rest_route=%2Fwp%2Fv2%2Fcomments&post=4824"}],"version-history":[{"count":9,"href":"https:\/\/xn--uascoquetas-1db.co\/index.php?rest_route=\/wp\/v2\/pages\/4824\/revisions"}],"predecessor-version":[{"id":7918,"href":"https:\/\/xn--uascoquetas-1db.co\/index.php?rest_route=\/wp\/v2\/pages\/4824\/revisions\/7918"}],"wp:attachment":[{"href":"https:\/\/xn--uascoquetas-1db.co\/index.php?rest_route=%2Fwp%2Fv2%2Fmedia&parent=4824"}],"curies":[{"name":"wp","href":"https:\/\/api.w.org\/{rel}","templated":true}]}}