{"id":9735,"date":"2025-02-03T18:18:38","date_gmt":"2025-02-03T23:18:38","guid":{"rendered":"https:\/\/xn--uascoquetas-1db.co\/?page_id=9735"},"modified":"2025-04-01T16:53:20","modified_gmt":"2025-04-01T21:53:20","slug":"unas-coquetas-app","status":"publish","type":"page","link":"https:\/\/xn--uascoquetas-1db.co\/?page_id=9735","title":{"rendered":"U\u00d1AS COQUETAS APP"},"content":{"rendered":"\n<div class=\"wp-block-group\" style=\"padding-right:var(--wp--preset--spacing--20);padding-left:var(--wp--preset--spacing--20)\"><div class=\"wp-block-group__inner-container is-layout-constrained wp-container-core-group-is-layout-56a9e311 wp-block-group-is-layout-constrained\">\n<h2 class=\"wp-block-heading has-text-align-center\">U\u00f1as Coquetas app para Android<\/h2>\n\n\n\n<div class=\"wp-block-uagb-container uagb-block-2ce20ef6 alignfull uagb-is-root-container\"><div class=\"uagb-container-inner-blocks-wrap\"><\/div><\/div>\n<\/div><\/div>\n\n\n\n<div class=\"wp-block-uagb-container uagb-block-271caf8e alignfull uagb-is-root-container\"><div class=\"uagb-container-inner-blocks-wrap\">\n<div class=\"wp-block-uagb-container uagb-block-02b4bffc\">\n<p class=\"has-small-font-size\">Con nuestra aplicaci\u00f3n, puedes explotar tu creatividad y crear dise\u00f1os \u00fanicos de manera interactiva. Elige entre una extensa colecci\u00f3n de colores, patrones, texturas y accesorios para personalizar cada detalle de tus u\u00f1as. Ya sea que prefieras un estilo cl\u00e1sico, moderno, o atrevido, nuestra app te ofrece las herramientas necesarias para experimentar y visualizar tus ideas en tiempo real. Perfecta tanto para entusiastas como para profesionales del arte de las u\u00f1as.<\/p>\n\n\n\n<p class=\"has-medium-font-size\"><strong>\u00a1Deja volar tu imaginaci\u00f3n y crea el look perfecto que refleje tu personalidad!<\/strong><\/p>\n<\/div>\n\n\n\n<div class=\"wp-block-uagb-container uagb-block-6b8ec5f9\"><div class=\"wp-block-image is-style-default\">\n<figure class=\"aligncenter size-thumbnail is-resized\"><img loading=\"lazy\" decoding=\"async\" width=\"150\" height=\"150\" src=\"https:\/\/xn--uascoquetas-1db.co\/wp-content\/uploads\/2025\/02\/icono-150x150.webp\" alt=\"\" class=\"wp-image-9736\" style=\"object-fit:contain;width:200px;height:200px\" srcset=\"https:\/\/xn--uascoquetas-1db.co\/wp-content\/uploads\/2025\/02\/icono-150x150.webp 150w, https:\/\/xn--uascoquetas-1db.co\/wp-content\/uploads\/2025\/02\/icono-100x100.webp 100w, https:\/\/xn--uascoquetas-1db.co\/wp-content\/uploads\/2025\/02\/icono-50x50.webp 50w, https:\/\/xn--uascoquetas-1db.co\/wp-content\/uploads\/2025\/02\/icono.webp 240w\" sizes=\"auto, (max-width: 150px) 100vw, 150px\" \/><\/figure>\n<\/div><\/div>\n<\/div><\/div>\n\n\n\n<p><\/p>\n\n\n\n<figure class=\"wp-block-embed is-type-video is-provider-tiktok wp-block-embed-tiktok\"><div class=\"wp-block-embed__wrapper\">\n<blockquote class=\"tiktok-embed\" cite=\"https:\/\/www.tiktok.com\/@unascoquetaz\/video\/7467343714164231429\" data-video-id=\"7467343714164231429\" data-embed-from=\"oembed\" style=\"max-width:605px; min-width:325px;\"> <section> <a target=\"_blank\" title=\"@unascoquetaz\" href=\"https:\/\/www.tiktok.com\/@unascoquetaz?refer=embed\">@unascoquetaz<\/a> <p>Nuestra aplicaci\u00f3n U\u00f1as Coquetas est\u00e1 hecha para ti. \u00a1Pru\u00e9bala! Es nuestra primera versi\u00f3n de la app y la verdad es hermosa. Aprovecha y crea los bocetos de tus u\u00f1as en la aplicaci\u00f3n y ten acceso directo adem\u00e1s a nuestra tienda.  \u00bfSab\u00edas que tambi\u00e9n podr\u00edas hacer stickers, calcando de la aplicaci\u00f3n? \u00bfQuieres que te ense\u00f1e? <a title=\"nailart\" target=\"_blank\" href=\"https:\/\/www.tiktok.com\/tag\/nailart?refer=embed\">#nailart<\/a> <a title=\"aplicaciones\" target=\"_blank\" href=\"https:\/\/www.tiktok.com\/tag\/aplicaciones?refer=embed\">#aplicaciones<\/a> <a title=\"nailarttutorial\" target=\"_blank\" href=\"https:\/\/www.tiktok.com\/tag\/nailarttutorial?refer=embed\">#nailarttutorial<\/a> <a title=\"nails\" target=\"_blank\" href=\"https:\/\/www.tiktok.com\/tag\/nails?refer=embed\">#nails<\/a> <a title=\"mujerescreativas\" target=\"_blank\" href=\"https:\/\/www.tiktok.com\/tag\/mujerescreativas?refer=embed\">#mujerescreativas<\/a> <a title=\"creative\" target=\"_blank\" href=\"https:\/\/www.tiktok.com\/tag\/creative?refer=embed\">#creative<\/a> <\/p> <a target=\"_blank\" title=\"\u266c (Loop) 5 minutes mysterious, healing(956218) - Yus.Creative-001\" href=\"https:\/\/www.tiktok.com\/music\/Loop-5-minutes-mysterious-healing-956218-6925923649832617985?refer=embed\">\u266c (Loop) 5 minutes mysterious, healing(956218) &#8211; Yus.Creative-001<\/a> <\/section> <\/blockquote> <script async src=\"https:\/\/www.tiktok.com\/embed.js\"><\/script>\n<\/div><\/figure>\n\n\n\n<div class=\"wp-block-buttons is-layout-flex wp-block-buttons-is-layout-flex\">\n<div class=\"wp-block-button has-custom-width wp-block-button__width-100\"><a class=\"wp-block-button__link wp-element-button\" href=\"https:\/\/play.google.com\/store\/apps\/details?id=com.unias.coquetas&amp;pcampaignid=web_share\">Descarga desde la Play Store<\/a><\/div>\n<\/div>\n\n\n\n<div class=\"wp-block-uagb-container uagb-block-0af3a035 alignfull uagb-is-root-container\"><div class=\"uagb-container-inner-blocks-wrap\">\n<div class=\"wp-block-columns is-layout-flex wp-container-core-columns-is-layout-9d6595d7 wp-block-columns-is-layout-flex\">\n<div class=\"wp-block-column is-layout-flow wp-block-column-is-layout-flow\" style=\"flex-basis:100%\">\n<figure class=\"wp-block-gallery has-nested-images columns-6 is-cropped is-style-rectangular wp-block-gallery-1 is-layout-flex wp-block-gallery-is-layout-flex\">\n<figure class=\"wp-block-image size-large\"><img loading=\"lazy\" decoding=\"async\" width=\"166\" height=\"296\" data-id=\"9741\" src=\"https:\/\/xn--uascoquetas-1db.co\/wp-content\/uploads\/2025\/02\/m1.webp\" alt=\"\" class=\"wp-image-9741\"\/><\/figure>\n\n\n\n<figure class=\"wp-block-image size-large\"><img loading=\"lazy\" decoding=\"async\" width=\"166\" height=\"296\" data-id=\"9739\" src=\"https:\/\/xn--uascoquetas-1db.co\/wp-content\/uploads\/2025\/02\/m2.webp\" alt=\"\" class=\"wp-image-9739\"\/><\/figure>\n\n\n\n<figure class=\"wp-block-image size-large\"><img loading=\"lazy\" decoding=\"async\" width=\"166\" height=\"296\" data-id=\"9738\" src=\"https:\/\/xn--uascoquetas-1db.co\/wp-content\/uploads\/2025\/02\/m3.webp\" alt=\"\" class=\"wp-image-9738\"\/><\/figure>\n\n\n\n<figure class=\"wp-block-image size-large\"><img loading=\"lazy\" decoding=\"async\" width=\"166\" height=\"296\" data-id=\"9740\" src=\"https:\/\/xn--uascoquetas-1db.co\/wp-content\/uploads\/2025\/02\/m4.webp\" alt=\"\" class=\"wp-image-9740\"\/><\/figure>\n\n\n\n<figure class=\"wp-block-image size-large\"><img loading=\"lazy\" decoding=\"async\" width=\"166\" height=\"296\" data-id=\"9737\" src=\"https:\/\/xn--uascoquetas-1db.co\/wp-content\/uploads\/2025\/02\/m5.webp\" alt=\"\" class=\"wp-image-9737\"\/><\/figure>\n\n\n\n<figure class=\"wp-block-image size-large\"><img loading=\"lazy\" decoding=\"async\" width=\"166\" height=\"296\" data-id=\"9742\" src=\"https:\/\/xn--uascoquetas-1db.co\/wp-content\/uploads\/2025\/02\/unnamed.webp\" alt=\"\" class=\"wp-image-9742\"\/><\/figure>\n<\/figure>\n<\/div>\n<\/div>\n<\/div><\/div>\n","protected":false},"excerpt":{"rendered":"<p>U\u00f1as Coquetas app para Android Con nuestra aplicaci\u00f3n, puedes explotar tu creatividad y crear dise\u00f1os \u00fanicos de manera interactiva. Elige entre una extensa colecci\u00f3n de colores, patrones, texturas y accesorios para personalizar cada detalle de tus u\u00f1as. Ya sea que prefieras un estilo cl\u00e1sico, moderno, o atrevido, nuestra app te ofrece las herramientas necesarias para [&hellip;]<\/p>\n","protected":false},"author":1,"featured_media":0,"parent":0,"menu_order":0,"comment_status":"closed","ping_status":"closed","template":"","meta":{"_regular_price":[],"currency_symbol":[],"_uag_custom_page_level_css":"","footnotes":""},"class_list":["post-9735","page","type-page","status-publish","hentry"],"post_slider_layout_featured_media_urls":{"thumbnail":"","post_slider_layout_landscape_large":"","post_slider_layout_portrait_large":"","post_slider_layout_square_large":"","post_slider_layout_landscape":"","post_slider_layout_portrait":"","post_slider_layout_square":"","full":""},"uagb_featured_image_src":{"full":false,"thumbnail":false,"medium":false,"medium_large":false,"large":false,"1536x1536":false,"2048x2048":false,"post_slider_layout_landscape_large":false,"post_slider_layout_portrait_large":false,"post_slider_layout_square_large":false,"post_slider_layout_landscape":false,"post_slider_layout_portrait":false,"post_slider_layout_square":false,"vw-kids-homepage-thumb":false,"woocommerce_thumbnail":false,"woocommerce_single":false,"woocommerce_gallery_thumbnail":false,"variation_swatches_image_size":false,"variation_swatches_tooltip_size":false},"uagb_author_info":{"display_name":"U\u00f1as Coquetas","author_link":"https:\/\/xn--uascoquetas-1db.co\/?author=1"},"uagb_comment_info":0,"uagb_excerpt":"U\u00f1as Coquetas app para Android Con nuestra aplicaci\u00f3n, puedes explotar tu creatividad y crear dise\u00f1os \u00fanicos de manera interactiva. Elige entre una extensa colecci\u00f3n de colores, patrones, texturas y accesorios para personalizar cada detalle de tus u\u00f1as. Ya sea que prefieras un estilo cl\u00e1sico, moderno, o atrevido, nuestra app te ofrece las herramientas necesarias para&hellip;","jetpack_sharing_enabled":true,"jetpack-related-posts":[{"id":3610,"url":"https:\/\/xn--uascoquetas-1db.co\/","url_meta":{"origin":9735,"position":0},"title":"Productos recientes Prueba nuestra aplicaci\u00f3n\u2026","author":"U\u00f1as Coquetas","date":"09\/09\/2020","format":false,"excerpt":"Productos recientes Prueba nuestra aplicaci\u00f3n m\u00f3vil para Android y crea bocetos que puedes recrear en tus u\u00f1as. Conoce m\u00e1s de la aplicaci\u00f3n Descarga la app en la Play Store PRODUCTOS EN LIQUIDACI\u00d3NEn esta secci\u00f3n encontrar\u00e1s productos NUEVOS que est\u00e1n en excelente precio porque son las \u00faltimas unidades en stock y\u2026","rel":"","context":"Entrada similar","block_context":{"text":"Entrada similar","link":""},"img":{"alt_text":"","src":"https:\/\/i0.wp.com\/xn--uascoquetas-1db.co\/wp-content\/uploads\/2026\/01\/Sticker-futbol.jpg?resize=350%2C200&ssl=1","width":350,"height":200,"srcset":"https:\/\/i0.wp.com\/xn--uascoquetas-1db.co\/wp-content\/uploads\/2026\/01\/Sticker-futbol.jpg?resize=350%2C200&ssl=1 1x, https:\/\/i0.wp.com\/xn--uascoquetas-1db.co\/wp-content\/uploads\/2026\/01\/Sticker-futbol.jpg?resize=525%2C300&ssl=1 1.5x, https:\/\/i0.wp.com\/xn--uascoquetas-1db.co\/wp-content\/uploads\/2026\/01\/Sticker-futbol.jpg?resize=700%2C400&ssl=1 2x"},"classes":[]},{"id":4498,"url":"https:\/\/xn--uascoquetas-1db.co\/?page_id=4498","url_meta":{"origin":9735,"position":1},"title":"Entradas","author":"U\u00f1as Coquetas","date":"20\/08\/2023","format":false,"excerpt":"Mantente al d\u00eda con U\u00f1as Coquetas \u00a1Te doy la bienvenida a la secci\u00f3n de Noticias de U\u00f1as Coquetas! Estamos encantados de tenerte aqu\u00ed y queremos compartir contigo informaci\u00f3n exclusiva sobre nuestros \u00faltimos lanzamientos, actividades emocionantes, ferias de belleza y promociones irresistibles que seguramente captar\u00e1n tu inter\u00e9s. En U\u00f1as Coquetas, nos\u2026","rel":"","context":"Entrada similar","block_context":{"text":"Entrada similar","link":""},"img":{"alt_text":"Fondo portada 1080","src":"https:\/\/i0.wp.com\/xn--uascoquetas-1db.co\/wp-content\/uploads\/2023\/08\/Fondo-de-portada-1080-04-1024x1024.png?resize=350%2C200&ssl=1","width":350,"height":200,"srcset":"https:\/\/i0.wp.com\/xn--uascoquetas-1db.co\/wp-content\/uploads\/2023\/08\/Fondo-de-portada-1080-04-1024x1024.png?resize=350%2C200&ssl=1 1x, https:\/\/i0.wp.com\/xn--uascoquetas-1db.co\/wp-content\/uploads\/2023\/08\/Fondo-de-portada-1080-04-1024x1024.png?resize=525%2C300&ssl=1 1.5x, https:\/\/i0.wp.com\/xn--uascoquetas-1db.co\/wp-content\/uploads\/2023\/08\/Fondo-de-portada-1080-04-1024x1024.png?resize=700%2C400&ssl=1 2x"},"classes":[]},{"id":4824,"url":"https:\/\/xn--uascoquetas-1db.co\/?page_id=4824","url_meta":{"origin":9735,"position":2},"title":"Noticias","author":"U\u00f1as Coquetas","date":"14\/09\/2023","format":false,"excerpt":"Mantente al d\u00eda con U\u00f1as Coquetas \u00a1Te doy la bienvenida a la secci\u00f3n de Noticias de U\u00f1as Coquetas! Estamos encantados de tenerte aqu\u00ed y queremos compartir contigo informaci\u00f3n exclusiva sobre nuestros \u00faltimos lanzamientos, actividades emocionantes, ferias de belleza y promociones irresistibles que seguramente captar\u00e1n tu inter\u00e9s.","rel":"","context":"Entrada similar","block_context":{"text":"Entrada similar","link":""},"img":{"alt_text":"","src":"","width":0,"height":0},"classes":[]},{"id":3612,"url":"https:\/\/xn--uascoquetas-1db.co\/?page_id=3612","url_meta":{"origin":9735,"position":3},"title":"Sobre nosotros","author":"U\u00f1as Coquetas","date":"09\/09\/2020","format":false,"excerpt":"Somos tu tienda de u\u00f1asBienvenidos a U\u00f1as Coquetas, una tienda virtual especializada en productos para u\u00f1as. Nos enfocamos en ofrecer una amplia variedad de productos para estampado de u\u00f1as y todas las t\u00e9cnicas asociadas a este arte. Nuestro cat\u00e1logo se expande constantemente para satisfacer las necesidades de nuestros clientes, incluyendo\u2026","rel":"","context":"Entrada similar","block_context":{"text":"Entrada similar","link":""},"img":{"alt_text":"Logo","src":"https:\/\/i0.wp.com\/xn--uascoquetas-1db.co\/wp-content\/uploads\/2024\/11\/cropped-Unas-Coquetaz-png-01.png?resize=350%2C200&ssl=1","width":350,"height":200},"classes":[]},{"id":4798,"url":"https:\/\/xn--uascoquetas-1db.co\/?page_id=4798","url_meta":{"origin":9735,"position":4},"title":"Gu\u00edas descargables","author":"U\u00f1as Coquetas","date":"13\/09\/2023","format":false,"excerpt":"Tips y cositas de inter\u00e9s \u00a1Bienvenido a la secci\u00f3n de gu\u00edas para Nailart de U\u00f1as Coquetas! Aqu\u00ed encontrar\u00e1s incre\u00edbles recursos descargables, repletos de consejos y trucos para llevar tu arte de u\u00f1as al siguiente nivel. Estamos seguros de que te encantar\u00e1n.","rel":"","context":"Entrada similar","block_context":{"text":"Entrada similar","link":""},"img":{"alt_text":"","src":"","width":0,"height":0},"classes":[]},{"id":10,"url":"https:\/\/xn--uascoquetas-1db.co\/?page_id=10","url_meta":{"origin":9735,"position":5},"title":"T\u00e9rminos y condiciones","author":"U\u00f1as Coquetas","date":"04\/09\/2023","format":false,"excerpt":"Bienvenido(a) a nuestra tienda online. Antes de realizar cualquier compra, te invitamos a leer detenidamente los siguientes T\u00e9rminos y Condiciones de Uso. Al acceder y utilizar nuestra tienda, aceptas cumplir con estos t\u00e9rminos y condiciones. Si no est\u00e1s de acuerdo con alguna parte de estos t\u00e9rminos, te sugerimos que no\u2026","rel":"","context":"Entrada similar","block_context":{"text":"Entrada similar","link":""},"img":{"alt_text":"","src":"","width":0,"height":0},"classes":[]}],"_links":{"self":[{"href":"https:\/\/xn--uascoquetas-1db.co\/index.php?rest_route=\/wp\/v2\/pages\/9735","targetHints":{"allow":["GET"]}}],"collection":[{"href":"https:\/\/xn--uascoquetas-1db.co\/index.php?rest_route=\/wp\/v2\/pages"}],"about":[{"href":"https:\/\/xn--uascoquetas-1db.co\/index.php?rest_route=\/wp\/v2\/types\/page"}],"author":[{"embeddable":true,"href":"https:\/\/xn--uascoquetas-1db.co\/index.php?rest_route=\/wp\/v2\/users\/1"}],"replies":[{"embeddable":true,"href":"https:\/\/xn--uascoquetas-1db.co\/index.php?rest_route=%2Fwp%2Fv2%2Fcomments&post=9735"}],"version-history":[{"count":4,"href":"https:\/\/xn--uascoquetas-1db.co\/index.php?rest_route=\/wp\/v2\/pages\/9735\/revisions"}],"predecessor-version":[{"id":9964,"href":"https:\/\/xn--uascoquetas-1db.co\/index.php?rest_route=\/wp\/v2\/pages\/9735\/revisions\/9964"}],"wp:attachment":[{"href":"https:\/\/xn--uascoquetas-1db.co\/index.php?rest_route=%2Fwp%2Fv2%2Fmedia&parent=9735"}],"curies":[{"name":"wp","href":"https:\/\/api.w.org\/{rel}","templated":true}]}}