{"id":9852,"date":"2025-03-22T16:04:44","date_gmt":"2025-03-22T21:04:44","guid":{"rendered":"https:\/\/xn--uascoquetas-1db.co\/?page_id=9852"},"modified":"2026-01-22T11:42:04","modified_gmt":"2026-01-22T16:42:04","slug":"driut","status":"publish","type":"page","link":"https:\/\/xn--uascoquetas-1db.co\/?page_id=9852","title":{"rendered":"DRIUT"},"content":{"rendered":"\n<div class=\"wp-block-uagb-container uagb-block-3e511463 alignfull uagb-is-root-container\"><div class=\"uagb-container-inner-blocks-wrap\">\n<figure class=\"wp-block-image size-full\"><img loading=\"lazy\" decoding=\"async\" width=\"970\" height=\"250\" src=\"https:\/\/xn--uascoquetas-1db.co\/wp-content\/uploads\/2025\/03\/Cartelera-Driut.jpg\" alt=\"\" class=\"wp-image-9857\" srcset=\"https:\/\/xn--uascoquetas-1db.co\/wp-content\/uploads\/2025\/03\/Cartelera-Driut.jpg 970w, https:\/\/xn--uascoquetas-1db.co\/wp-content\/uploads\/2025\/03\/Cartelera-Driut-300x77.jpg 300w, https:\/\/xn--uascoquetas-1db.co\/wp-content\/uploads\/2025\/03\/Cartelera-Driut-768x198.jpg 768w, https:\/\/xn--uascoquetas-1db.co\/wp-content\/uploads\/2025\/03\/Cartelera-Driut-600x155.jpg 600w\" sizes=\"auto, (max-width: 970px) 100vw, 970px\" \/><\/figure>\n<\/div><\/div>\n\n\n\n<div class=\"wp-block-uagb-container uagb-block-2599a631 alignfull uagb-is-root-container\"><div class=\"uagb-container-inner-blocks-wrap\">\n<div class=\"wp-block-uagb-container uagb-block-a4048845\"><\/div>\n\n\n\n<div class=\"wp-block-uagb-container uagb-block-4700e17f\"><\/div>\n<\/div><\/div>\n\n\n\n<div class=\"wp-block-uagb-container uagb-block-e9ec1fd8 alignfull uagb-is-root-container\"><div class=\"uagb-container-inner-blocks-wrap\">\n<div class=\"wp-block-uagb-container uagb-block-5fa24811\">\n<div class=\"wp-block-uagb-image uagb-block-61c840c7 wp-block-uagb-image--layout-default wp-block-uagb-image--effect-zoomin wp-block-uagb-image--align-none\"><figure class=\"wp-block-uagb-image__figure\"><a class=\"\" href=\"https:\/\/u\u00f1ascoquetas.co\/?product_cat=driut\" target=\"\" rel=\"noopener\"><img decoding=\"async\"  sizes=\"auto, (max-width: 480px) 150px\" src=\"https:\/\/xn--uascoquetas-1db.co\/wp-content\/uploads\/2025\/03\/Tonos-1.jpg\" alt=\"\" width=\"300\" height=\"250\" title=\"\" loading=\"lazy\" role=\"img\"\/><\/a><\/figure><\/div>\n<\/div>\n\n\n\n<div class=\"wp-block-uagb-image uagb-block-ca679522 wp-block-uagb-image--layout-default wp-block-uagb-image--effect-zoomin wp-block-uagb-image--align-none\"><figure class=\"wp-block-uagb-image__figure\"><a class=\"\" href=\"https:\/\/xn--uascoquetas-1db.co\/?product=brillo-a-base-de-agua-para-no-correr-las-figuras\" target=\"\" rel=\"noopener\"><img decoding=\"async\" srcset=\"https:\/\/xn--uascoquetas-1db.co\/wp-content\/uploads\/2025\/03\/Brillo-de-agua.jpg ,https:\/\/xn--uascoquetas-1db.co\/wp-content\/uploads\/2025\/03\/Brillo-de-agua.jpg 780w, https:\/\/xn--uascoquetas-1db.co\/wp-content\/uploads\/2025\/03\/Brillo-de-agua.jpg 360w\" sizes=\"auto, (max-width: 480px) 150px\" src=\"https:\/\/xn--uascoquetas-1db.co\/wp-content\/uploads\/2025\/03\/Brillo-de-agua.jpg\" alt=\"\" class=\"uag-image-9860\" width=\"300\" height=\"250\" title=\"Brillo-de-agua\" loading=\"lazy\" role=\"img\"\/><\/a><\/figure><\/div>\n\n\n\n<div class=\"wp-block-uagb-container uagb-block-8ab9eee9\">\n<div class=\"wp-block-uagb-image uagb-block-58519ef4 wp-block-uagb-image--layout-default wp-block-uagb-image--effect-zoomin wp-block-uagb-image--align-none\"><figure class=\"wp-block-uagb-image__figure\"><a class=\"\" href=\"https:\/\/xn--uascoquetas-1db.co\/?product=limpiador-para-todo-tipo-de-placas\" target=\"\" rel=\"noopener\"><img decoding=\"async\" srcset=\"https:\/\/xn--uascoquetas-1db.co\/wp-content\/uploads\/2026\/01\/Limpiador.jpg ,https:\/\/xn--uascoquetas-1db.co\/wp-content\/uploads\/2026\/01\/Limpiador.jpg 780w, https:\/\/xn--uascoquetas-1db.co\/wp-content\/uploads\/2026\/01\/Limpiador.jpg 360w\" sizes=\"auto, (max-width: 480px) 150px\" src=\"https:\/\/xn--uascoquetas-1db.co\/wp-content\/uploads\/2026\/01\/Limpiador.jpg\" alt=\"\" class=\"uag-image-11144\" width=\"300\" height=\"250\" title=\"Limpiador\" loading=\"lazy\" role=\"img\"\/><\/a><\/figure><\/div>\n<\/div>\n<\/div><\/div>\n\n\n\n<div class=\"wp-block-uagb-container uagb-block-2774d1b0 alignfull uagb-is-root-container\"><div class=\"uagb-container-inner-blocks-wrap\">\n<div class=\"wp-block-uagb-container uagb-block-8e2874f2\">\n<figure class=\"wp-block-video\"><video height=\"1280\" style=\"aspect-ratio: 720 \/ 1280;\" width=\"720\" controls src=\"https:\/\/xn--uascoquetas-1db.co\/wp-content\/uploads\/2025\/03\/Clip-esmalte-de-estampar.mp4\"><\/video><\/figure>\n<\/div>\n\n\n\n<div class=\"wp-block-uagb-container uagb-block-691499b8\">\n<h2 class=\"wp-block-heading\">\u00bfLOS ESMALTES DRIUT SON ESMALTES DE ESTAMPAR?<\/h2>\n\n\n\n<p>Si. Driut cuenta con un amplio cat\u00e1logo de esmaltes tradicionales y tiene una colecci\u00f3n de esmaltes especiales para estampar, los cuales cuentan con una excelente pigmentaci\u00f3n, una viscosidad \u00f3ptima y un tiempo de secado un poco menor a los esmaltes comunes, con el fin de que la t\u00e9cnica sea much\u00edsimo m\u00e1s f\u00e1cil de usar. <\/p>\n\n\n\n<p>Por esta raz\u00f3n, la colecci\u00f3n de esmaltes de esta marca que encuentras aqu\u00ed en nuestra tienda, son ideales para usar, tanto para recoger las figuras, como para colorearlas con la t\u00e9cnica de reversa.<\/p>\n\n\n\n<p>Te quiero recomendar especialmente el tono vainilla, ya que es un tono nuevo creado por Driut para complacer a nuestra clientela coqueta, que necesita un tono para colorear las pieles de los personajes. Es un tono muy claro que luego te permitir\u00e1 hacer luces y sombras. \u00bfYa corriste a verlo en el cat\u00e1logo?<\/p>\n<\/div>\n<\/div><\/div>\n","protected":false},"excerpt":{"rendered":"<p>\u00bfLOS ESMALTES DRIUT SON ESMALTES DE ESTAMPAR? Si. Driut cuenta con un amplio cat\u00e1logo de esmaltes tradicionales y tiene una colecci\u00f3n de esmaltes especiales para estampar, los cuales cuentan con una excelente pigmentaci\u00f3n, una viscosidad \u00f3ptima y un tiempo de secado un poco menor a los esmaltes comunes, con el fin de que la t\u00e9cnica [&hellip;]<\/p>\n","protected":false},"author":1,"featured_media":0,"parent":0,"menu_order":0,"comment_status":"closed","ping_status":"closed","template":"","meta":{"_regular_price":[],"currency_symbol":[],"_uag_custom_page_level_css":"","footnotes":""},"class_list":["post-9852","page","type-page","status-publish","hentry"],"post_slider_layout_featured_media_urls":{"thumbnail":"","post_slider_layout_landscape_large":"","post_slider_layout_portrait_large":"","post_slider_layout_square_large":"","post_slider_layout_landscape":"","post_slider_layout_portrait":"","post_slider_layout_square":"","full":""},"uagb_featured_image_src":{"full":false,"thumbnail":false,"medium":false,"medium_large":false,"large":false,"1536x1536":false,"2048x2048":false,"post_slider_layout_landscape_large":false,"post_slider_layout_portrait_large":false,"post_slider_layout_square_large":false,"post_slider_layout_landscape":false,"post_slider_layout_portrait":false,"post_slider_layout_square":false,"vw-kids-homepage-thumb":false,"woocommerce_thumbnail":false,"woocommerce_single":false,"woocommerce_gallery_thumbnail":false,"variation_swatches_image_size":false,"variation_swatches_tooltip_size":false},"uagb_author_info":{"display_name":"U\u00f1as Coquetas","author_link":"https:\/\/xn--uascoquetas-1db.co\/?author=1"},"uagb_comment_info":0,"uagb_excerpt":"\u00bfLOS ESMALTES DRIUT SON ESMALTES DE ESTAMPAR? Si. Driut cuenta con un amplio cat\u00e1logo de esmaltes tradicionales y tiene una colecci\u00f3n de esmaltes especiales para estampar, los cuales cuentan con una excelente pigmentaci\u00f3n, una viscosidad \u00f3ptima y un tiempo de secado un poco menor a los esmaltes comunes, con el fin de que la t\u00e9cnica&hellip;","jetpack_sharing_enabled":true,"jetpack-related-posts":[],"_links":{"self":[{"href":"https:\/\/xn--uascoquetas-1db.co\/index.php?rest_route=\/wp\/v2\/pages\/9852","targetHints":{"allow":["GET"]}}],"collection":[{"href":"https:\/\/xn--uascoquetas-1db.co\/index.php?rest_route=\/wp\/v2\/pages"}],"about":[{"href":"https:\/\/xn--uascoquetas-1db.co\/index.php?rest_route=\/wp\/v2\/types\/page"}],"author":[{"embeddable":true,"href":"https:\/\/xn--uascoquetas-1db.co\/index.php?rest_route=\/wp\/v2\/users\/1"}],"replies":[{"embeddable":true,"href":"https:\/\/xn--uascoquetas-1db.co\/index.php?rest_route=%2Fwp%2Fv2%2Fcomments&post=9852"}],"version-history":[{"count":6,"href":"https:\/\/xn--uascoquetas-1db.co\/index.php?rest_route=\/wp\/v2\/pages\/9852\/revisions"}],"predecessor-version":[{"id":11146,"href":"https:\/\/xn--uascoquetas-1db.co\/index.php?rest_route=\/wp\/v2\/pages\/9852\/revisions\/11146"}],"wp:attachment":[{"href":"https:\/\/xn--uascoquetas-1db.co\/index.php?rest_route=%2Fwp%2Fv2%2Fmedia&parent=9852"}],"curies":[{"name":"wp","href":"https:\/\/api.w.org\/{rel}","templated":true}]}}