{"id":10177,"date":"2025-05-07T18:32:20","date_gmt":"2025-05-07T23:32:20","guid":{"rendered":"https:\/\/xn--uascoquetas-1db.co\/?post_type=product&#038;p=10177"},"modified":"2026-03-30T08:08:55","modified_gmt":"2026-03-30T13:08:55","slug":"limpiador-para-todo-tipo-de-placas","status":"publish","type":"product","link":"https:\/\/xn--uascoquetas-1db.co\/?product=limpiador-para-todo-tipo-de-placas","title":{"rendered":"Limpiador para todo tipo de placas Litro"},"content":{"rendered":"<p>L\u00edquido para limpiar todo tipo de placas, NO contiene acetona.<\/p>\n<h2>Contenido<\/h2>\n<p>Un (1) liquido limpiador en envase de recambio (para reenvasar).<\/p>\n<p>Volumen: Un (1) litro<\/p>\n<p>Caracter\u00edsticas<\/p>\n<p>Evita que las placas queden grasosas despu\u00e9s de la limpieza, ya que es libre de aceites.<\/p>\n<p>Facilita la t\u00e9cnica de estampado, ya que reduce inconvenientes con la t\u00e9cnica debida a grasas y reduce tiempos de limpieza con alcohol.<\/p>\n<p>No tiene acetona y su f\u00f3rmula es suave con las placas acr\u00edlicas.<\/p>\n<h2>Recomendaciones<\/h2>\n<p>No usar en la piel, es un producto recomendado \u00fanicamente para limpieza de placas.<\/p>\n<p>&nbsp;<\/p>\n","protected":false},"excerpt":{"rendered":"<p>Limpiador especial para placas de stamping, sin aceite, para mejorar evitar engrasar las herramientas y sin acetona.<\/p>\n","protected":false},"featured_media":11137,"comment_status":"open","ping_status":"closed","template":"","meta":{"_regular_price":["32000"],"currency_symbol":[],"_uag_custom_page_level_css":""},"product_brand":[],"product_cat":[60,47,232],"product_tag":[41],"class_list":{"0":"post-10177","1":"product","2":"type-product","3":"status-publish","4":"has-post-thumbnail","6":"product_cat-auxiliares-para-estampar","7":"product_cat-materiales","8":"product_cat-removedores-y-limpiadores","9":"product_tag-stamping","10":"product_shipping_class-paquete-pequeno","12":"first","13":"instock","14":"purchasable","15":"product-type-simple"},"post_slider_layout_featured_media_urls":{"thumbnail":["https:\/\/xn--uascoquetas-1db.co\/wp-content\/uploads\/2025\/05\/102.-Limpiador-litro-150x150.jpg",150,150,true],"post_slider_layout_landscape_large":["https:\/\/xn--uascoquetas-1db.co\/wp-content\/uploads\/2025\/05\/102.-Limpiador-litro.jpg",800,800,false],"post_slider_layout_portrait_large":["https:\/\/xn--uascoquetas-1db.co\/wp-content\/uploads\/2025\/05\/102.-Limpiador-litro.jpg",800,800,false],"post_slider_layout_square_large":["https:\/\/xn--uascoquetas-1db.co\/wp-content\/uploads\/2025\/05\/102.-Limpiador-litro.jpg",800,800,false],"post_slider_layout_landscape":["https:\/\/xn--uascoquetas-1db.co\/wp-content\/uploads\/2025\/05\/102.-Limpiador-litro-600x400.jpg",600,400,true],"post_slider_layout_portrait":["https:\/\/xn--uascoquetas-1db.co\/wp-content\/uploads\/2025\/05\/102.-Limpiador-litro-600x800.jpg",600,800,true],"post_slider_layout_square":["https:\/\/xn--uascoquetas-1db.co\/wp-content\/uploads\/2025\/05\/102.-Limpiador-litro-600x600.jpg",600,600,true],"full":["https:\/\/xn--uascoquetas-1db.co\/wp-content\/uploads\/2025\/05\/102.-Limpiador-litro.jpg",800,800,false]},"uagb_featured_image_src":{"full":["https:\/\/xn--uascoquetas-1db.co\/wp-content\/uploads\/2025\/05\/102.-Limpiador-litro.jpg",800,800,false],"thumbnail":["https:\/\/xn--uascoquetas-1db.co\/wp-content\/uploads\/2025\/05\/102.-Limpiador-litro-150x150.jpg",150,150,true],"medium":["https:\/\/xn--uascoquetas-1db.co\/wp-content\/uploads\/2025\/05\/102.-Limpiador-litro-300x300.jpg",300,300,true],"medium_large":["https:\/\/xn--uascoquetas-1db.co\/wp-content\/uploads\/2025\/05\/102.-Limpiador-litro-768x768.jpg",640,640,true],"large":["https:\/\/xn--uascoquetas-1db.co\/wp-content\/uploads\/2025\/05\/102.-Limpiador-litro.jpg",640,640,false],"1536x1536":["https:\/\/xn--uascoquetas-1db.co\/wp-content\/uploads\/2025\/05\/102.-Limpiador-litro.jpg",800,800,false],"2048x2048":["https:\/\/xn--uascoquetas-1db.co\/wp-content\/uploads\/2025\/05\/102.-Limpiador-litro.jpg",800,800,false],"post_slider_layout_landscape_large":["https:\/\/xn--uascoquetas-1db.co\/wp-content\/uploads\/2025\/05\/102.-Limpiador-litro.jpg",800,800,false],"post_slider_layout_portrait_large":["https:\/\/xn--uascoquetas-1db.co\/wp-content\/uploads\/2025\/05\/102.-Limpiador-litro.jpg",800,800,false],"post_slider_layout_square_large":["https:\/\/xn--uascoquetas-1db.co\/wp-content\/uploads\/2025\/05\/102.-Limpiador-litro.jpg",800,800,false],"post_slider_layout_landscape":["https:\/\/xn--uascoquetas-1db.co\/wp-content\/uploads\/2025\/05\/102.-Limpiador-litro-600x400.jpg",600,400,true],"post_slider_layout_portrait":["https:\/\/xn--uascoquetas-1db.co\/wp-content\/uploads\/2025\/05\/102.-Limpiador-litro-600x800.jpg",600,800,true],"post_slider_layout_square":["https:\/\/xn--uascoquetas-1db.co\/wp-content\/uploads\/2025\/05\/102.-Limpiador-litro-600x600.jpg",600,600,true],"vw-kids-homepage-thumb":["https:\/\/xn--uascoquetas-1db.co\/wp-content\/uploads\/2025\/05\/102.-Limpiador-litro-240x145.jpg",240,145,true],"woocommerce_thumbnail":["https:\/\/xn--uascoquetas-1db.co\/wp-content\/uploads\/2025\/05\/102.-Limpiador-litro-300x300.jpg",300,300,true],"woocommerce_single":["https:\/\/xn--uascoquetas-1db.co\/wp-content\/uploads\/2025\/05\/102.-Limpiador-litro-600x600.jpg",600,600,true],"woocommerce_gallery_thumbnail":["https:\/\/xn--uascoquetas-1db.co\/wp-content\/uploads\/2025\/05\/102.-Limpiador-litro-100x100.jpg",100,100,true],"variation_swatches_image_size":["https:\/\/xn--uascoquetas-1db.co\/wp-content\/uploads\/2025\/05\/102.-Limpiador-litro-50x50.jpg",50,50,true],"variation_swatches_tooltip_size":["https:\/\/xn--uascoquetas-1db.co\/wp-content\/uploads\/2025\/05\/102.-Limpiador-litro-100x100.jpg",100,100,true]},"uagb_author_info":{"display_name":"U\u00f1as Coquetas","author_link":"https:\/\/xn--uascoquetas-1db.co\/?author=0"},"uagb_comment_info":0,"uagb_excerpt":"Limpiador especial para placas de stamping, sin aceite, para mejorar evitar engrasar las herramientas y sin acetona.","jetpack_sharing_enabled":true,"jetpack-related-posts":[{"id":11400,"url":"https:\/\/xn--uascoquetas-1db.co\/?product=limpiador-para-todo-tipo-de-placas-200-ml","url_meta":{"origin":10177,"position":0},"title":"Limpiador para todo tipo de placas 200 ml","author":"U\u00f1as Coquetas","date":"30\/03\/2026","format":false,"excerpt":"Limpiador especial para placas de stamping, sin aceite, para mejorar evitar engrasar las herramientas y sin acetona.","rel":"","context":"Entrada similar","block_context":{"text":"Entrada similar","link":""},"img":{"alt_text":"","src":"https:\/\/i0.wp.com\/xn--uascoquetas-1db.co\/wp-content\/uploads\/2025\/05\/101.-Limpiador-200-ml.jpg?resize=350%2C200&ssl=1","width":350,"height":200,"srcset":"https:\/\/i0.wp.com\/xn--uascoquetas-1db.co\/wp-content\/uploads\/2025\/05\/101.-Limpiador-200-ml.jpg?resize=350%2C200&ssl=1 1x, https:\/\/i0.wp.com\/xn--uascoquetas-1db.co\/wp-content\/uploads\/2025\/05\/101.-Limpiador-200-ml.jpg?resize=525%2C300&ssl=1 1.5x, https:\/\/i0.wp.com\/xn--uascoquetas-1db.co\/wp-content\/uploads\/2025\/05\/101.-Limpiador-200-ml.jpg?resize=700%2C400&ssl=1 2x"},"classes":[]},{"id":6129,"url":"https:\/\/xn--uascoquetas-1db.co\/?product=happy-halloween-placa-acrilica-nail-art-magenta","url_meta":{"origin":10177,"position":1},"title":"Happy halloween &#8211; Placa acr\u00edlica &#8211; Nail Art Magenta","author":"U\u00f1as Coquetas","date":"20\/10\/2023","format":false,"excerpt":"Placa acr\u00edlica para estampar u\u00f1as, marca Colombiana Nail Art Magenta con hermosas figuras de Halloween","rel":"","context":"Entrada similar","block_context":{"text":"Entrada similar","link":""},"img":{"alt_text":"happy halloween 1","src":"https:\/\/i0.wp.com\/xn--uascoquetas-1db.co\/wp-content\/uploads\/2023\/10\/Happy-Halloween-800x800_Mesa-de-trabajo-1.jpg?resize=350%2C200&ssl=1","width":350,"height":200,"srcset":"https:\/\/i0.wp.com\/xn--uascoquetas-1db.co\/wp-content\/uploads\/2023\/10\/Happy-Halloween-800x800_Mesa-de-trabajo-1.jpg?resize=350%2C200&ssl=1 1x, https:\/\/i0.wp.com\/xn--uascoquetas-1db.co\/wp-content\/uploads\/2023\/10\/Happy-Halloween-800x800_Mesa-de-trabajo-1.jpg?resize=525%2C300&ssl=1 1.5x, https:\/\/i0.wp.com\/xn--uascoquetas-1db.co\/wp-content\/uploads\/2023\/10\/Happy-Halloween-800x800_Mesa-de-trabajo-1.jpg?resize=700%2C400&ssl=1 2x"},"classes":[]},{"id":11016,"url":"https:\/\/xn--uascoquetas-1db.co\/?product=texturas-navidenas-1-placa-acrilica-nail-art-magenta","url_meta":{"origin":10177,"position":2},"title":"Texturas navide\u00f1as 1 &#8211; Placa acr\u00edlica &#8211; Nail Art Magenta","author":"U\u00f1as Coquetas","date":"02\/12\/2025","format":false,"excerpt":"Placa acr\u00edlica para estampar u\u00f1as, marca Colombiana Nail Art Magenta con hermosas figuras de tecturas de navidad, punto cruz, estrellas, bolas navide\u00f1as, paisajes.","rel":"","context":"Entrada similar","block_context":{"text":"Entrada similar","link":""},"img":{"alt_text":"","src":"https:\/\/i0.wp.com\/xn--uascoquetas-1db.co\/wp-content\/uploads\/2025\/12\/Texturas-navidenas-1-11.jpg?resize=350%2C200&ssl=1","width":350,"height":200,"srcset":"https:\/\/i0.wp.com\/xn--uascoquetas-1db.co\/wp-content\/uploads\/2025\/12\/Texturas-navidenas-1-11.jpg?resize=350%2C200&ssl=1 1x, https:\/\/i0.wp.com\/xn--uascoquetas-1db.co\/wp-content\/uploads\/2025\/12\/Texturas-navidenas-1-11.jpg?resize=525%2C300&ssl=1 1.5x, https:\/\/i0.wp.com\/xn--uascoquetas-1db.co\/wp-content\/uploads\/2025\/12\/Texturas-navidenas-1-11.jpg?resize=700%2C400&ssl=1 2x"},"classes":[]},{"id":7382,"url":"https:\/\/xn--uascoquetas-1db.co\/?product=amarres-y-hechizos-placa-acrilica-monadeckonyx","url_meta":{"origin":10177,"position":3},"title":"Amarres y hechizos &#8211; Placa acr\u00edlica &#8211; MonadeckOnyx","author":"U\u00f1as Coquetas","date":"02\/02\/2024","format":false,"excerpt":"Placa acr\u00edlica para estampar u\u00f1as, marca Colombiana MonadeckOnyx con hermosas figuras de esot\u00e9rica, vud\u00fa, s\u00edmbolos","rel":"","context":"Entrada similar","block_context":{"text":"Entrada similar","link":""},"img":{"alt_text":"Amarres y hechizos mona","src":"https:\/\/i0.wp.com\/xn--uascoquetas-1db.co\/wp-content\/uploads\/2024\/02\/Amarres-y-hechizos_800-PX.jpg?resize=350%2C200&ssl=1","width":350,"height":200,"srcset":"https:\/\/i0.wp.com\/xn--uascoquetas-1db.co\/wp-content\/uploads\/2024\/02\/Amarres-y-hechizos_800-PX.jpg?resize=350%2C200&ssl=1 1x, https:\/\/i0.wp.com\/xn--uascoquetas-1db.co\/wp-content\/uploads\/2024\/02\/Amarres-y-hechizos_800-PX.jpg?resize=525%2C300&ssl=1 1.5x, https:\/\/i0.wp.com\/xn--uascoquetas-1db.co\/wp-content\/uploads\/2024\/02\/Amarres-y-hechizos_800-PX.jpg?resize=700%2C400&ssl=1 2x"},"classes":[]},{"id":7386,"url":"https:\/\/xn--uascoquetas-1db.co\/?product=diversas-placa-acrilica-monadeckonyx","url_meta":{"origin":10177,"position":4},"title":"Diversas &#8211; Placa acr\u00edlica &#8211; MonadeckOnyx","author":"U\u00f1as Coquetas","date":"02\/02\/2024","format":false,"excerpt":"Placa acr\u00edlica para estampar u\u00f1as, marca Colombiana MonadeckOnyx con hermosas figuras de cremallera, formas, texturas, nudos, llaves, engranajes.","rel":"","context":"Entrada similar","block_context":{"text":"Entrada similar","link":""},"img":{"alt_text":"Diversas mona","src":"https:\/\/i0.wp.com\/xn--uascoquetas-1db.co\/wp-content\/uploads\/2024\/02\/Diversas_800-PX.jpg?resize=350%2C200&ssl=1","width":350,"height":200,"srcset":"https:\/\/i0.wp.com\/xn--uascoquetas-1db.co\/wp-content\/uploads\/2024\/02\/Diversas_800-PX.jpg?resize=350%2C200&ssl=1 1x, https:\/\/i0.wp.com\/xn--uascoquetas-1db.co\/wp-content\/uploads\/2024\/02\/Diversas_800-PX.jpg?resize=525%2C300&ssl=1 1.5x, https:\/\/i0.wp.com\/xn--uascoquetas-1db.co\/wp-content\/uploads\/2024\/02\/Diversas_800-PX.jpg?resize=700%2C400&ssl=1 2x"},"classes":[]},{"id":7388,"url":"https:\/\/xn--uascoquetas-1db.co\/?product=namaste-placa-acrilica-monadeckonyx","url_meta":{"origin":10177,"position":5},"title":"Namaste &#8211; Placa acr\u00edlica &#8211; MonadeckOnyx","author":"U\u00f1as Coquetas","date":"02\/02\/2024","format":false,"excerpt":"Placa acr\u00edlica para estampar u\u00f1as, marca Colombiana MonadeckOnyx con hermosas figuras de relajaci\u00f3n, yoga","rel":"","context":"Entrada similar","block_context":{"text":"Entrada similar","link":""},"img":{"alt_text":"Namaste mona","src":"https:\/\/i0.wp.com\/xn--uascoquetas-1db.co\/wp-content\/uploads\/2024\/02\/Namaste_800-PX.jpg?resize=350%2C200&ssl=1","width":350,"height":200,"srcset":"https:\/\/i0.wp.com\/xn--uascoquetas-1db.co\/wp-content\/uploads\/2024\/02\/Namaste_800-PX.jpg?resize=350%2C200&ssl=1 1x, https:\/\/i0.wp.com\/xn--uascoquetas-1db.co\/wp-content\/uploads\/2024\/02\/Namaste_800-PX.jpg?resize=525%2C300&ssl=1 1.5x, https:\/\/i0.wp.com\/xn--uascoquetas-1db.co\/wp-content\/uploads\/2024\/02\/Namaste_800-PX.jpg?resize=700%2C400&ssl=1 2x"},"classes":[]}],"_links":{"self":[{"href":"https:\/\/xn--uascoquetas-1db.co\/index.php?rest_route=\/wp\/v2\/product\/10177","targetHints":{"allow":["GET"]}}],"collection":[{"href":"https:\/\/xn--uascoquetas-1db.co\/index.php?rest_route=\/wp\/v2\/product"}],"about":[{"href":"https:\/\/xn--uascoquetas-1db.co\/index.php?rest_route=\/wp\/v2\/types\/product"}],"replies":[{"embeddable":true,"href":"https:\/\/xn--uascoquetas-1db.co\/index.php?rest_route=%2Fwp%2Fv2%2Fcomments&post=10177"}],"wp:featuredmedia":[{"embeddable":true,"href":"https:\/\/xn--uascoquetas-1db.co\/index.php?rest_route=\/wp\/v2\/media\/11137"}],"wp:attachment":[{"href":"https:\/\/xn--uascoquetas-1db.co\/index.php?rest_route=%2Fwp%2Fv2%2Fmedia&parent=10177"}],"wp:term":[{"taxonomy":"product_brand","embeddable":true,"href":"https:\/\/xn--uascoquetas-1db.co\/index.php?rest_route=%2Fwp%2Fv2%2Fproduct_brand&post=10177"},{"taxonomy":"product_cat","embeddable":true,"href":"https:\/\/xn--uascoquetas-1db.co\/index.php?rest_route=%2Fwp%2Fv2%2Fproduct_cat&post=10177"},{"taxonomy":"product_tag","embeddable":true,"href":"https:\/\/xn--uascoquetas-1db.co\/index.php?rest_route=%2Fwp%2Fv2%2Fproduct_tag&post=10177"}],"curies":[{"name":"wp","href":"https:\/\/api.w.org\/{rel}","templated":true}]}}