{"id":10224,"date":"2025-05-13T13:55:54","date_gmt":"2025-05-13T18:55:54","guid":{"rendered":"https:\/\/xn--uascoquetas-1db.co\/?post_type=product&#038;p=10224"},"modified":"2025-09-22T20:50:02","modified_gmt":"2025-09-23T01:50:02","slug":"set-de-mini-mat-cuadrado-transparente","status":"publish","type":"product","link":"https:\/\/xn--uascoquetas-1db.co\/?product=set-de-mini-mat-cuadrado-transparente","title":{"rendered":"Set de Mini mat cuadrado transparente"},"content":{"rendered":"<p>Set por dos Almohadillas Portables (mat o mantel) de Silicona (una de 10 cm\u00a0 y una de 5 cm).\u00a0 Son transparente, podr\u00e1s ver a trav\u00e9s de \u00e9l en el momento de colorear los dise\u00f1os.<\/p>\n<h2>Caracter\u00edsticas<\/h2>\n<p>Un (1) mini mantel de silicona redondo<\/p>\n<p>Tama\u00f1o: 10 cm de cada lado<br \/>\nMaterial: Silicona<br \/>\nPodras proteger tu \u00e1rea de trabajo, y hacer varias t\u00e9cnicas de stamping, decoraci\u00f3n y stickers.<br \/>\nF\u00e1cil de limpiar y almacenar.<\/p>\n<p>Un (1) mini mantel de silicona redondo<\/p>\n<p>Tama\u00f1o: 5 cm de cada lado<br \/>\nMaterial: Silicona<br \/>\nPodras proteger tu \u00e1rea de trabajo, y hacer varias t\u00e9cnicas de stamping, decoraci\u00f3n y stickers.<br \/>\nF\u00e1cil de limpiar y almacenar.<\/p>\n","protected":false},"excerpt":{"rendered":"<p>Mantel peque\u00f1o de silicona, para usos varios en Nail Art.<\/p>\n","protected":false},"featured_media":10225,"comment_status":"open","ping_status":"closed","template":"","meta":{"_regular_price":["13000"],"currency_symbol":[],"_uag_custom_page_level_css":""},"product_brand":[],"product_cat":[60,47],"product_tag":[41],"class_list":{"0":"post-10224","1":"product","2":"type-product","3":"status-publish","4":"has-post-thumbnail","6":"product_cat-auxiliares-para-estampar","7":"product_cat-materiales","8":"product_tag-stamping","9":"product_shipping_class-paquete-pequeno","10":"pa_color-azul-celeste","11":"pa_color-blanco","12":"pa_color-fucsia","13":"pa_color-fucsia-traslucido","14":"pa_color-negro","16":"first","17":"instock","18":"purchasable","19":"product-type-simple"},"post_slider_layout_featured_media_urls":{"thumbnail":["https:\/\/xn--uascoquetas-1db.co\/wp-content\/uploads\/2025\/05\/Pack-siliconas-150x150.jpg",150,150,true],"post_slider_layout_landscape_large":["https:\/\/xn--uascoquetas-1db.co\/wp-content\/uploads\/2025\/05\/Pack-siliconas.jpg",800,800,false],"post_slider_layout_portrait_large":["https:\/\/xn--uascoquetas-1db.co\/wp-content\/uploads\/2025\/05\/Pack-siliconas.jpg",800,800,false],"post_slider_layout_square_large":["https:\/\/xn--uascoquetas-1db.co\/wp-content\/uploads\/2025\/05\/Pack-siliconas.jpg",800,800,false],"post_slider_layout_landscape":["https:\/\/xn--uascoquetas-1db.co\/wp-content\/uploads\/2025\/05\/Pack-siliconas-600x400.jpg",600,400,true],"post_slider_layout_portrait":["https:\/\/xn--uascoquetas-1db.co\/wp-content\/uploads\/2025\/05\/Pack-siliconas-600x800.jpg",600,800,true],"post_slider_layout_square":["https:\/\/xn--uascoquetas-1db.co\/wp-content\/uploads\/2025\/05\/Pack-siliconas-600x600.jpg",600,600,true],"full":["https:\/\/xn--uascoquetas-1db.co\/wp-content\/uploads\/2025\/05\/Pack-siliconas.jpg",800,800,false]},"uagb_featured_image_src":{"full":["https:\/\/xn--uascoquetas-1db.co\/wp-content\/uploads\/2025\/05\/Pack-siliconas.jpg",800,800,false],"thumbnail":["https:\/\/xn--uascoquetas-1db.co\/wp-content\/uploads\/2025\/05\/Pack-siliconas-150x150.jpg",150,150,true],"medium":["https:\/\/xn--uascoquetas-1db.co\/wp-content\/uploads\/2025\/05\/Pack-siliconas-300x300.jpg",300,300,true],"medium_large":["https:\/\/xn--uascoquetas-1db.co\/wp-content\/uploads\/2025\/05\/Pack-siliconas-768x768.jpg",640,640,true],"large":["https:\/\/xn--uascoquetas-1db.co\/wp-content\/uploads\/2025\/05\/Pack-siliconas.jpg",640,640,false],"1536x1536":["https:\/\/xn--uascoquetas-1db.co\/wp-content\/uploads\/2025\/05\/Pack-siliconas.jpg",800,800,false],"2048x2048":["https:\/\/xn--uascoquetas-1db.co\/wp-content\/uploads\/2025\/05\/Pack-siliconas.jpg",800,800,false],"post_slider_layout_landscape_large":["https:\/\/xn--uascoquetas-1db.co\/wp-content\/uploads\/2025\/05\/Pack-siliconas.jpg",800,800,false],"post_slider_layout_portrait_large":["https:\/\/xn--uascoquetas-1db.co\/wp-content\/uploads\/2025\/05\/Pack-siliconas.jpg",800,800,false],"post_slider_layout_square_large":["https:\/\/xn--uascoquetas-1db.co\/wp-content\/uploads\/2025\/05\/Pack-siliconas.jpg",800,800,false],"post_slider_layout_landscape":["https:\/\/xn--uascoquetas-1db.co\/wp-content\/uploads\/2025\/05\/Pack-siliconas-600x400.jpg",600,400,true],"post_slider_layout_portrait":["https:\/\/xn--uascoquetas-1db.co\/wp-content\/uploads\/2025\/05\/Pack-siliconas-600x800.jpg",600,800,true],"post_slider_layout_square":["https:\/\/xn--uascoquetas-1db.co\/wp-content\/uploads\/2025\/05\/Pack-siliconas-600x600.jpg",600,600,true],"vw-kids-homepage-thumb":["https:\/\/xn--uascoquetas-1db.co\/wp-content\/uploads\/2025\/05\/Pack-siliconas-240x145.jpg",240,145,true],"woocommerce_thumbnail":["https:\/\/xn--uascoquetas-1db.co\/wp-content\/uploads\/2025\/05\/Pack-siliconas-300x300.jpg",300,300,true],"woocommerce_single":["https:\/\/xn--uascoquetas-1db.co\/wp-content\/uploads\/2025\/05\/Pack-siliconas-600x600.jpg",600,600,true],"woocommerce_gallery_thumbnail":["https:\/\/xn--uascoquetas-1db.co\/wp-content\/uploads\/2025\/05\/Pack-siliconas-100x100.jpg",100,100,true],"variation_swatches_image_size":["https:\/\/xn--uascoquetas-1db.co\/wp-content\/uploads\/2025\/05\/Pack-siliconas-50x50.jpg",50,50,true],"variation_swatches_tooltip_size":["https:\/\/xn--uascoquetas-1db.co\/wp-content\/uploads\/2025\/05\/Pack-siliconas-100x100.jpg",100,100,true]},"uagb_author_info":{"display_name":"U\u00f1as Coquetas","author_link":"https:\/\/xn--uascoquetas-1db.co\/?author=0"},"uagb_comment_info":0,"uagb_excerpt":"Mantel peque\u00f1o de silicona, para usos varios en Nail Art.","jetpack_sharing_enabled":true,"jetpack-related-posts":[{"id":10220,"url":"https:\/\/xn--uascoquetas-1db.co\/?product=mini-mat-cuadrado-mantel-de-silicona-10-x-10-cm","url_meta":{"origin":10224,"position":0},"title":"Mini mat cuadrado &#8211; Mantel de silicona 10 x 10 cm","author":"U\u00f1as Coquetas","date":"13\/05\/2025","format":false,"excerpt":"Mantel peque\u00f1o de silicona, para usos varios en Nail Art.","rel":"","context":"Entrada similar","block_context":{"text":"Entrada similar","link":""},"img":{"alt_text":"","src":"https:\/\/i0.wp.com\/xn--uascoquetas-1db.co\/wp-content\/uploads\/2025\/05\/Mini-mat-silicona-cuadrada.jpg?resize=350%2C200&ssl=1","width":350,"height":200,"srcset":"https:\/\/i0.wp.com\/xn--uascoquetas-1db.co\/wp-content\/uploads\/2025\/05\/Mini-mat-silicona-cuadrada.jpg?resize=350%2C200&ssl=1 1x, https:\/\/i0.wp.com\/xn--uascoquetas-1db.co\/wp-content\/uploads\/2025\/05\/Mini-mat-silicona-cuadrada.jpg?resize=525%2C300&ssl=1 1.5x, https:\/\/i0.wp.com\/xn--uascoquetas-1db.co\/wp-content\/uploads\/2025\/05\/Mini-mat-silicona-cuadrada.jpg?resize=700%2C400&ssl=1 2x"},"classes":[]},{"id":10211,"url":"https:\/\/xn--uascoquetas-1db.co\/?product=mini-mat-cuadrado-mantel-de-silicona-5-x-5-cm","url_meta":{"origin":10224,"position":1},"title":"Mini mat cuadrado &#8211; Mantel de silicona 5 x 5 cm","author":"U\u00f1as Coquetas","date":"13\/05\/2025","format":false,"excerpt":"Mantel peque\u00f1o de silicona, para usos varios en Nail Art.","rel":"","context":"Entrada similar","block_context":{"text":"Entrada similar","link":""},"img":{"alt_text":"","src":"https:\/\/i0.wp.com\/xn--uascoquetas-1db.co\/wp-content\/uploads\/2025\/05\/Portada-ML.jpg?resize=350%2C200&ssl=1","width":350,"height":200,"srcset":"https:\/\/i0.wp.com\/xn--uascoquetas-1db.co\/wp-content\/uploads\/2025\/05\/Portada-ML.jpg?resize=350%2C200&ssl=1 1x, https:\/\/i0.wp.com\/xn--uascoquetas-1db.co\/wp-content\/uploads\/2025\/05\/Portada-ML.jpg?resize=525%2C300&ssl=1 1.5x, https:\/\/i0.wp.com\/xn--uascoquetas-1db.co\/wp-content\/uploads\/2025\/05\/Portada-ML.jpg?resize=700%2C400&ssl=1 2x"},"classes":[]},{"id":9515,"url":"https:\/\/xn--uascoquetas-1db.co\/?product=mini-mat-redondo-blanco-mantel-de-silicona","url_meta":{"origin":10224,"position":2},"title":"Mini mat redondo &#8211; Mantel de silicona","author":"U\u00f1as Coquetas","date":"05\/12\/2024","format":false,"excerpt":"Mantel peque\u00f1o de silicona, para usos varios en Nail Art y protector del sitio de trabajo.","rel":"","context":"Entrada similar","block_context":{"text":"Entrada similar","link":""},"img":{"alt_text":"","src":"https:\/\/i0.wp.com\/xn--uascoquetas-1db.co\/wp-content\/uploads\/2024\/12\/Mini-mat-redondo-blanco.jpg?resize=350%2C200&ssl=1","width":350,"height":200,"srcset":"https:\/\/i0.wp.com\/xn--uascoquetas-1db.co\/wp-content\/uploads\/2024\/12\/Mini-mat-redondo-blanco.jpg?resize=350%2C200&ssl=1 1x, https:\/\/i0.wp.com\/xn--uascoquetas-1db.co\/wp-content\/uploads\/2024\/12\/Mini-mat-redondo-blanco.jpg?resize=525%2C300&ssl=1 1.5x, https:\/\/i0.wp.com\/xn--uascoquetas-1db.co\/wp-content\/uploads\/2024\/12\/Mini-mat-redondo-blanco.jpg?resize=700%2C400&ssl=1 2x"},"classes":[]},{"id":4614,"url":"https:\/\/xn--uascoquetas-1db.co\/?product=mini-mat-mini-mantel-de-silicona-motivo-3-circulos-y-figuras","url_meta":{"origin":10224,"position":3},"title":"Mini mantel de Silicona \u2013 Motivo 3 (C\u00edrculos y figuras)","author":"U\u00f1as Coquetas","date":"01\/09\/2023","format":false,"excerpt":"Mantel peque\u00f1o de silicona, para usos varios en Nail Art y protector del sitio de trabajo.","rel":"","context":"Entrada similar","block_context":{"text":"Entrada similar","link":""},"img":{"alt_text":"Mini mat motivo 3","src":"https:\/\/i0.wp.com\/xn--uascoquetas-1db.co\/wp-content\/uploads\/2023\/09\/Motivo3.png?resize=350%2C200&ssl=1","width":350,"height":200,"srcset":"https:\/\/i0.wp.com\/xn--uascoquetas-1db.co\/wp-content\/uploads\/2023\/09\/Motivo3.png?resize=350%2C200&ssl=1 1x, https:\/\/i0.wp.com\/xn--uascoquetas-1db.co\/wp-content\/uploads\/2023\/09\/Motivo3.png?resize=525%2C300&ssl=1 1.5x, https:\/\/i0.wp.com\/xn--uascoquetas-1db.co\/wp-content\/uploads\/2023\/09\/Motivo3.png?resize=700%2C400&ssl=1 2x, https:\/\/i0.wp.com\/xn--uascoquetas-1db.co\/wp-content\/uploads\/2023\/09\/Motivo3.png?resize=1050%2C600&ssl=1 3x, https:\/\/i0.wp.com\/xn--uascoquetas-1db.co\/wp-content\/uploads\/2023\/09\/Motivo3.png?resize=1400%2C800&ssl=1 4x"},"classes":[]},{"id":4612,"url":"https:\/\/xn--uascoquetas-1db.co\/?product=mini-mat-mini-mantel-de-silicona-motivo-2-unas-y-cuadriculas","url_meta":{"origin":10224,"position":4},"title":"Mini mantel de Silicona \u2013 Motivo 2 (U\u00f1as y cuadr\u00edculas)","author":"U\u00f1as Coquetas","date":"01\/09\/2023","format":false,"excerpt":"Un mantel peque\u00f1o de silicona, para usos varios en Nail Art y protector del sitio de trabajo.","rel":"","context":"Entrada similar","block_context":{"text":"Entrada similar","link":""},"img":{"alt_text":"Minimat motivo 2","src":"https:\/\/i0.wp.com\/xn--uascoquetas-1db.co\/wp-content\/uploads\/2023\/09\/Motivo2.png?resize=350%2C200&ssl=1","width":350,"height":200,"srcset":"https:\/\/i0.wp.com\/xn--uascoquetas-1db.co\/wp-content\/uploads\/2023\/09\/Motivo2.png?resize=350%2C200&ssl=1 1x, https:\/\/i0.wp.com\/xn--uascoquetas-1db.co\/wp-content\/uploads\/2023\/09\/Motivo2.png?resize=525%2C300&ssl=1 1.5x, https:\/\/i0.wp.com\/xn--uascoquetas-1db.co\/wp-content\/uploads\/2023\/09\/Motivo2.png?resize=700%2C400&ssl=1 2x, https:\/\/i0.wp.com\/xn--uascoquetas-1db.co\/wp-content\/uploads\/2023\/09\/Motivo2.png?resize=1050%2C600&ssl=1 3x, https:\/\/i0.wp.com\/xn--uascoquetas-1db.co\/wp-content\/uploads\/2023\/09\/Motivo2.png?resize=1400%2C800&ssl=1 4x"},"classes":[]},{"id":4608,"url":"https:\/\/xn--uascoquetas-1db.co\/?product=mini-mat-mini-mantel-de-silicona-motivo-1-solo-unas","url_meta":{"origin":10224,"position":5},"title":"Mini mantel de Silicona \u2013 Motivo 1 (Solo u\u00f1as)","author":"U\u00f1as Coquetas","date":"01\/09\/2023","format":false,"excerpt":"Un mantel peque\u00f1o de silicona, para usos varios en Nail Art y protector del sitio de trabajo.","rel":"","context":"Entrada similar","block_context":{"text":"Entrada similar","link":""},"img":{"alt_text":"Minimat motivo 1","src":"https:\/\/i0.wp.com\/xn--uascoquetas-1db.co\/wp-content\/uploads\/2023\/09\/Motivo1.png?resize=350%2C200&ssl=1","width":350,"height":200,"srcset":"https:\/\/i0.wp.com\/xn--uascoquetas-1db.co\/wp-content\/uploads\/2023\/09\/Motivo1.png?resize=350%2C200&ssl=1 1x, https:\/\/i0.wp.com\/xn--uascoquetas-1db.co\/wp-content\/uploads\/2023\/09\/Motivo1.png?resize=525%2C300&ssl=1 1.5x, https:\/\/i0.wp.com\/xn--uascoquetas-1db.co\/wp-content\/uploads\/2023\/09\/Motivo1.png?resize=700%2C400&ssl=1 2x, https:\/\/i0.wp.com\/xn--uascoquetas-1db.co\/wp-content\/uploads\/2023\/09\/Motivo1.png?resize=1050%2C600&ssl=1 3x, https:\/\/i0.wp.com\/xn--uascoquetas-1db.co\/wp-content\/uploads\/2023\/09\/Motivo1.png?resize=1400%2C800&ssl=1 4x"},"classes":[]}],"_links":{"self":[{"href":"https:\/\/xn--uascoquetas-1db.co\/index.php?rest_route=\/wp\/v2\/product\/10224","targetHints":{"allow":["GET"]}}],"collection":[{"href":"https:\/\/xn--uascoquetas-1db.co\/index.php?rest_route=\/wp\/v2\/product"}],"about":[{"href":"https:\/\/xn--uascoquetas-1db.co\/index.php?rest_route=\/wp\/v2\/types\/product"}],"replies":[{"embeddable":true,"href":"https:\/\/xn--uascoquetas-1db.co\/index.php?rest_route=%2Fwp%2Fv2%2Fcomments&post=10224"}],"wp:featuredmedia":[{"embeddable":true,"href":"https:\/\/xn--uascoquetas-1db.co\/index.php?rest_route=\/wp\/v2\/media\/10225"}],"wp:attachment":[{"href":"https:\/\/xn--uascoquetas-1db.co\/index.php?rest_route=%2Fwp%2Fv2%2Fmedia&parent=10224"}],"wp:term":[{"taxonomy":"product_brand","embeddable":true,"href":"https:\/\/xn--uascoquetas-1db.co\/index.php?rest_route=%2Fwp%2Fv2%2Fproduct_brand&post=10224"},{"taxonomy":"product_cat","embeddable":true,"href":"https:\/\/xn--uascoquetas-1db.co\/index.php?rest_route=%2Fwp%2Fv2%2Fproduct_cat&post=10224"},{"taxonomy":"product_tag","embeddable":true,"href":"https:\/\/xn--uascoquetas-1db.co\/index.php?rest_route=%2Fwp%2Fv2%2Fproduct_tag&post=10224"}],"curies":[{"name":"wp","href":"https:\/\/api.w.org\/{rel}","templated":true}]}}