{"id":10686,"date":"2025-08-21T12:02:25","date_gmt":"2025-08-21T17:02:25","guid":{"rendered":"https:\/\/xn--uascoquetas-1db.co\/?post_type=product&#038;p=10686"},"modified":"2026-03-31T10:41:16","modified_gmt":"2026-03-31T15:41:16","slug":"esmalte-ojo-de-gato-tonos-a-eleccion-duniverse-colors","status":"publish","type":"product","link":"https:\/\/xn--uascoquetas-1db.co\/?product=esmalte-ojo-de-gato-tonos-a-eleccion-duniverse-colors","title":{"rendered":"Esmalte ojo de gato tonos a elecci\u00f3n &#8211; Duniverse Colors"},"content":{"rendered":"<p>Esmaltes tradicional magn\u00e9tico.<br \/>\nLogra efectos incre\u00edbles con ayuda de un im\u00e1n.<br \/>\nColores a elegir.<\/p>\n<h2>Caracter\u00edsticas:<\/h2>\n<p>-Presentaci\u00f3n: Botella de 12 ml<br \/>\n-Brocha plana.<br \/>\n-Fabricados en Colombia.<br \/>\n-20 free.<\/p>\n<p>Registro INVIMA NSOC22908-23CO<\/p>\n<ul>\n<li>Colores a elecci\u00f3n en la lista desplegable<\/li>\n<\/ul>\n<p>Esta es una colecci\u00f3n pensada para quienes se atreven a brillar con estilo propio.<\/p>\n<blockquote class=\"tiktok-embed\" cite=\"https:\/\/www.tiktok.com\/@unascoquetaz\/video\/7617834699628743957\" data-video-id=\"7617834699628743957\" data-embed-from=\"oembed\" style=\"max-width:605px; min-width:325px;\">\n<section> <a target=\"_blank\" title=\"@unascoquetaz\" href=\"https:\/\/www.tiktok.com\/@unascoquetaz?refer=embed\">@unascoquetaz<\/a> <\/p>\n<p>Glam es uno de los tres tonos magn\u00e9ticos que vinieron en la \u00faltima colecci\u00f3n de @D&#8217;universe Colors Esmaltes Adem\u00e1s vienen unos colores reflectivos que parecen de otro mundo estelar.  Si quieres ver la colecci\u00f3n completa, escribe  \u00abColecci\u00f3n S\u00faper Estrella\u00bb en comentarios y te hago un v\u00eddeo. Lo bueno es que ya tenemos todos los tonos disponibles en nuestra tienda. Puedes encontrarlos en el enlace de nuestro perfil.  <a title=\"u\u00f1asojodegato\" target=\"_blank\" href=\"https:\/\/www.tiktok.com\/tag\/u%C3%B1asojodegato?refer=embed\">#u\u00f1asojodegato<\/a> <a title=\"esmalteojodegato\" target=\"_blank\" href=\"https:\/\/www.tiktok.com\/tag\/esmalteojodegato?refer=embed\">#esmalteojodegato<\/a>  <a title=\"creatorsearchinsights\" target=\"_blank\" href=\"https:\/\/www.tiktok.com\/tag\/creatorsearchinsights?refer=embed\">#creatorsearchinsights<\/a> <\/p>\n<p> <a target=\"_blank\" title=\"\u266c sonido original - U\u00f1as Coquetas\" href=\"https:\/\/www.tiktok.com\/music\/sonido-original-7617834773972929298?refer=embed\">\u266c sonido original &#8211; U\u00f1as Coquetas<\/a> <\/section>\n<\/blockquote>\n<p> <script async src=\"https:\/\/www.tiktok.com\/embed.js\"><\/script><\/p>\n<p>&nbsp;<\/p>\n<blockquote class=\"tiktok-embed\" cite=\"https:\/\/www.tiktok.com\/@unascoquetaz\/video\/7535479949625429253\" data-video-id=\"7535479949625429253\" data-embed-from=\"oembed\" style=\"max-width:605px; min-width:325px;\">\n<section> <a target=\"_blank\" title=\"@unascoquetaz\" href=\"https:\/\/www.tiktok.com\/@unascoquetaz?refer=embed\">@unascoquetaz<\/a> <\/p>\n<p>Respuesta a @nails_cool_b Espero te guste este <a title=\"minitutorial\" target=\"_blank\" href=\"https:\/\/www.tiktok.com\/tag\/minitutorial?refer=embed\">#minitutorial<\/a> de la nueva colecci\u00f3n Alquimia C\u00f3smica de  @D&#8217;universe Colors  \u00bfCu\u00e1l fue tu favorito? Cons\u00edguelos ya en nuestra tienda \ud83d\udc85\ud83c\udffb visitala en nuestro perfil. <\/p>\n<p> <a target=\"_blank\" title=\"\u266c sonido original - U\u00f1as Coquetas\" href=\"https:\/\/www.tiktok.com\/music\/sonido-original-7535479950544636678?refer=embed\">\u266c sonido original &#8211; U\u00f1as Coquetas<\/a> <\/section>\n<\/blockquote>\n<p> <script async src=\"https:\/\/www.tiktok.com\/embed.js\"><\/script><\/p>\n<p>&nbsp;<\/p>\n","protected":false},"excerpt":{"rendered":"<table width=\"375\">\n<tbody>\n<tr>\n<td width=\"375\">Esmalte de secado al aire marca Colombiana D&#8217;universe Colors, efectos impresionantes que se activan magn\u00e9ticamente con im\u00e1n, com\u00fanmente llamados Ojo de Gato.<\/td>\n<\/tr>\n<\/tbody>\n<\/table>\n","protected":false},"featured_media":10702,"comment_status":"open","ping_status":"closed","template":"","meta":{"_regular_price":[],"currency_symbol":[],"_uag_custom_page_level_css":""},"product_brand":[],"product_cat":[48,33],"product_tag":[205,183],"class_list":{"0":"post-10686","1":"product","2":"type-product","3":"status-publish","4":"has-post-thumbnail","6":"product_cat-efectos-especiales","7":"product_cat-esmaltes","8":"product_tag-esmaltes-fosforescentes","9":"product_tag-fosforescente","10":"product_shipping_class-paquete-pequeno","11":"pa_color-atlantis","12":"pa_color-destello","13":"pa_color-glam","14":"pa_color-infinito","15":"pa_color-nebula","16":"pa_color-pandora","17":"pa_color-paraiso","18":"pa_color-serenata","19":"pa_color-sideral","20":"pa_color-ultravioleta","22":"first","23":"instock","24":"purchasable","25":"product-type-variable"},"post_slider_layout_featured_media_urls":{"thumbnail":["https:\/\/xn--uascoquetas-1db.co\/wp-content\/uploads\/2025\/08\/Nebula-una-1-150x150.jpg",150,150,true],"post_slider_layout_landscape_large":["https:\/\/xn--uascoquetas-1db.co\/wp-content\/uploads\/2025\/08\/Nebula-una-1.jpg",800,800,false],"post_slider_layout_portrait_large":["https:\/\/xn--uascoquetas-1db.co\/wp-content\/uploads\/2025\/08\/Nebula-una-1.jpg",800,800,false],"post_slider_layout_square_large":["https:\/\/xn--uascoquetas-1db.co\/wp-content\/uploads\/2025\/08\/Nebula-una-1.jpg",800,800,false],"post_slider_layout_landscape":["https:\/\/xn--uascoquetas-1db.co\/wp-content\/uploads\/2025\/08\/Nebula-una-1-600x400.jpg",600,400,true],"post_slider_layout_portrait":["https:\/\/xn--uascoquetas-1db.co\/wp-content\/uploads\/2025\/08\/Nebula-una-1-600x800.jpg",600,800,true],"post_slider_layout_square":["https:\/\/xn--uascoquetas-1db.co\/wp-content\/uploads\/2025\/08\/Nebula-una-1-600x600.jpg",600,600,true],"full":["https:\/\/xn--uascoquetas-1db.co\/wp-content\/uploads\/2025\/08\/Nebula-una-1.jpg",800,800,false]},"uagb_featured_image_src":{"full":["https:\/\/xn--uascoquetas-1db.co\/wp-content\/uploads\/2025\/08\/Nebula-una-1.jpg",800,800,false],"thumbnail":["https:\/\/xn--uascoquetas-1db.co\/wp-content\/uploads\/2025\/08\/Nebula-una-1-150x150.jpg",150,150,true],"medium":["https:\/\/xn--uascoquetas-1db.co\/wp-content\/uploads\/2025\/08\/Nebula-una-1-300x300.jpg",300,300,true],"medium_large":["https:\/\/xn--uascoquetas-1db.co\/wp-content\/uploads\/2025\/08\/Nebula-una-1-768x768.jpg",640,640,true],"large":["https:\/\/xn--uascoquetas-1db.co\/wp-content\/uploads\/2025\/08\/Nebula-una-1.jpg",640,640,false],"1536x1536":["https:\/\/xn--uascoquetas-1db.co\/wp-content\/uploads\/2025\/08\/Nebula-una-1.jpg",800,800,false],"2048x2048":["https:\/\/xn--uascoquetas-1db.co\/wp-content\/uploads\/2025\/08\/Nebula-una-1.jpg",800,800,false],"post_slider_layout_landscape_large":["https:\/\/xn--uascoquetas-1db.co\/wp-content\/uploads\/2025\/08\/Nebula-una-1.jpg",800,800,false],"post_slider_layout_portrait_large":["https:\/\/xn--uascoquetas-1db.co\/wp-content\/uploads\/2025\/08\/Nebula-una-1.jpg",800,800,false],"post_slider_layout_square_large":["https:\/\/xn--uascoquetas-1db.co\/wp-content\/uploads\/2025\/08\/Nebula-una-1.jpg",800,800,false],"post_slider_layout_landscape":["https:\/\/xn--uascoquetas-1db.co\/wp-content\/uploads\/2025\/08\/Nebula-una-1-600x400.jpg",600,400,true],"post_slider_layout_portrait":["https:\/\/xn--uascoquetas-1db.co\/wp-content\/uploads\/2025\/08\/Nebula-una-1-600x800.jpg",600,800,true],"post_slider_layout_square":["https:\/\/xn--uascoquetas-1db.co\/wp-content\/uploads\/2025\/08\/Nebula-una-1-600x600.jpg",600,600,true],"vw-kids-homepage-thumb":["https:\/\/xn--uascoquetas-1db.co\/wp-content\/uploads\/2025\/08\/Nebula-una-1-240x145.jpg",240,145,true],"woocommerce_thumbnail":["https:\/\/xn--uascoquetas-1db.co\/wp-content\/uploads\/2025\/08\/Nebula-una-1-300x300.jpg",300,300,true],"woocommerce_single":["https:\/\/xn--uascoquetas-1db.co\/wp-content\/uploads\/2025\/08\/Nebula-una-1-600x600.jpg",600,600,true],"woocommerce_gallery_thumbnail":["https:\/\/xn--uascoquetas-1db.co\/wp-content\/uploads\/2025\/08\/Nebula-una-1-100x100.jpg",100,100,true],"variation_swatches_image_size":["https:\/\/xn--uascoquetas-1db.co\/wp-content\/uploads\/2025\/08\/Nebula-una-1-50x50.jpg",50,50,true],"variation_swatches_tooltip_size":["https:\/\/xn--uascoquetas-1db.co\/wp-content\/uploads\/2025\/08\/Nebula-una-1-100x100.jpg",100,100,true]},"uagb_author_info":{"display_name":"U\u00f1as Coquetas","author_link":"https:\/\/xn--uascoquetas-1db.co\/?author=0"},"uagb_comment_info":0,"uagb_excerpt":"Esmalte de secado al aire marca Colombiana D'universe Colors, efectos impresionantes que se activan magn\u00e9ticamente con im\u00e1n, com\u00fanmente llamados Ojo de Gato.","jetpack_sharing_enabled":true,"jetpack-related-posts":[{"id":10554,"url":"https:\/\/xn--uascoquetas-1db.co\/?product=coleccion-alquimia-cosmica-secado-al-aire","url_meta":{"origin":10686,"position":0},"title":"Colecci\u00f3n Alquimia C\u00f3smica &#8211; Secado al aire","author":"U\u00f1as Coquetas","date":"16\/07\/2025","format":false,"excerpt":"Esmaltes con efectos, secado al aire marca Colombiana D'universe Colors tono Colecci\u00f3n No. 1 Termocrom\u00e1ticos","rel":"","context":"Entrada similar","block_context":{"text":"Entrada similar","link":""},"img":{"alt_text":"","src":"https:\/\/i0.wp.com\/xn--uascoquetas-1db.co\/wp-content\/uploads\/2025\/07\/Coleccion-cosmica-ML.jpg?resize=350%2C200&ssl=1","width":350,"height":200,"srcset":"https:\/\/i0.wp.com\/xn--uascoquetas-1db.co\/wp-content\/uploads\/2025\/07\/Coleccion-cosmica-ML.jpg?resize=350%2C200&ssl=1 1x, https:\/\/i0.wp.com\/xn--uascoquetas-1db.co\/wp-content\/uploads\/2025\/07\/Coleccion-cosmica-ML.jpg?resize=525%2C300&ssl=1 1.5x, https:\/\/i0.wp.com\/xn--uascoquetas-1db.co\/wp-content\/uploads\/2025\/07\/Coleccion-cosmica-ML.jpg?resize=700%2C400&ssl=1 2x"},"classes":[]},{"id":11435,"url":"https:\/\/xn--uascoquetas-1db.co\/?product=esmalte-reflectivo-tonos-a-eleccion-duniverse-colors","url_meta":{"origin":10686,"position":1},"title":"Esmalte reflectivo tonos a elecci\u00f3n &#8211; Duniverse Colors","author":"U\u00f1as Coquetas","date":"20\/04\/2026","format":false,"excerpt":"Esmalte de secado al aire marca Colombiana D'universe Colors, efectos impresionantes que NO requieren de uso de l\u00e1mpara.","rel":"","context":"Entrada similar","block_context":{"text":"Entrada similar","link":""},"img":{"alt_text":"","src":"https:\/\/i0.wp.com\/xn--uascoquetas-1db.co\/wp-content\/uploads\/2026\/04\/Diva-mL.jpg?resize=350%2C200&ssl=1","width":350,"height":200,"srcset":"https:\/\/i0.wp.com\/xn--uascoquetas-1db.co\/wp-content\/uploads\/2026\/04\/Diva-mL.jpg?resize=350%2C200&ssl=1 1x, https:\/\/i0.wp.com\/xn--uascoquetas-1db.co\/wp-content\/uploads\/2026\/04\/Diva-mL.jpg?resize=525%2C300&ssl=1 1.5x, https:\/\/i0.wp.com\/xn--uascoquetas-1db.co\/wp-content\/uploads\/2026\/04\/Diva-mL.jpg?resize=700%2C400&ssl=1 2x"},"classes":[]},{"id":11402,"url":"https:\/\/xn--uascoquetas-1db.co\/?product=dunicat-pro-iman","url_meta":{"origin":10686,"position":2},"title":"D&#8217;unicat Pro &#8211; Im\u00e1n","author":"U\u00f1as Coquetas","date":"30\/03\/2026","format":false,"excerpt":"Im\u00e1n para activar los esmaltes magn\u00e9ticos, ojo de gato.","rel":"","context":"Entrada similar","block_context":{"text":"Entrada similar","link":""},"img":{"alt_text":"","src":"https:\/\/i0.wp.com\/xn--uascoquetas-1db.co\/wp-content\/uploads\/2026\/03\/Dunicat-2.jpg?resize=350%2C200&ssl=1","width":350,"height":200,"srcset":"https:\/\/i0.wp.com\/xn--uascoquetas-1db.co\/wp-content\/uploads\/2026\/03\/Dunicat-2.jpg?resize=350%2C200&ssl=1 1x, https:\/\/i0.wp.com\/xn--uascoquetas-1db.co\/wp-content\/uploads\/2026\/03\/Dunicat-2.jpg?resize=525%2C300&ssl=1 1.5x, https:\/\/i0.wp.com\/xn--uascoquetas-1db.co\/wp-content\/uploads\/2026\/03\/Dunicat-2.jpg?resize=700%2C400&ssl=1 2x"},"classes":[]},{"id":10832,"url":"https:\/\/xn--uascoquetas-1db.co\/?product=iman-ojo-de-gato","url_meta":{"origin":10686,"position":3},"title":"Im\u00e1n para efectos ojo de gato &#8211; Forma a elecci\u00f3n","author":"U\u00f1as Coquetas","date":"30\/09\/2025","format":false,"excerpt":"Im\u00e1n para activar los esmaltes magn\u00e9ticos, ojo de gato.","rel":"","context":"Entrada similar","block_context":{"text":"Entrada similar","link":""},"img":{"alt_text":"","src":"https:\/\/i0.wp.com\/xn--uascoquetas-1db.co\/wp-content\/uploads\/2025\/09\/rn-image_picker_lib_temp_afbced4b-4e48-47b4-9a21-c1f317010669.webp?resize=350%2C200&ssl=1","width":350,"height":200,"srcset":"https:\/\/i0.wp.com\/xn--uascoquetas-1db.co\/wp-content\/uploads\/2025\/09\/rn-image_picker_lib_temp_afbced4b-4e48-47b4-9a21-c1f317010669.webp?resize=350%2C200&ssl=1 1x, https:\/\/i0.wp.com\/xn--uascoquetas-1db.co\/wp-content\/uploads\/2025\/09\/rn-image_picker_lib_temp_afbced4b-4e48-47b4-9a21-c1f317010669.webp?resize=525%2C300&ssl=1 1.5x"},"classes":[]},{"id":11191,"url":"https:\/\/xn--uascoquetas-1db.co\/?product=iman-5d-para-efectos-ojo-de-gato","url_meta":{"origin":10686,"position":4},"title":"Im\u00e1n 5D para efectos ojo de gato","author":"U\u00f1as Coquetas","date":"30\/01\/2026","format":false,"excerpt":"Im\u00e1n para activar los esmaltes magn\u00e9ticos, ojo de gato.","rel":"","context":"Entrada similar","block_context":{"text":"Entrada similar","link":""},"img":{"alt_text":"","src":"https:\/\/i0.wp.com\/xn--uascoquetas-1db.co\/wp-content\/uploads\/2026\/01\/Iman-blanco-con-dedo.jpg?resize=350%2C200&ssl=1","width":350,"height":200,"srcset":"https:\/\/i0.wp.com\/xn--uascoquetas-1db.co\/wp-content\/uploads\/2026\/01\/Iman-blanco-con-dedo.jpg?resize=350%2C200&ssl=1 1x, https:\/\/i0.wp.com\/xn--uascoquetas-1db.co\/wp-content\/uploads\/2026\/01\/Iman-blanco-con-dedo.jpg?resize=525%2C300&ssl=1 1.5x, https:\/\/i0.wp.com\/xn--uascoquetas-1db.co\/wp-content\/uploads\/2026\/01\/Iman-blanco-con-dedo.jpg?resize=700%2C400&ssl=1 2x"},"classes":[]},{"id":11202,"url":"https:\/\/xn--uascoquetas-1db.co\/?product=iman-3-en-1-para-efectos-ojo-de-gato","url_meta":{"origin":10686,"position":5},"title":"Im\u00e1n 3 en 1 para efectos ojo de gato","author":"U\u00f1as Coquetas","date":"30\/01\/2026","format":false,"excerpt":"Im\u00e1n para activar los esmaltes magn\u00e9ticos, ojo de gato.","rel":"","context":"Entrada similar","block_context":{"text":"Entrada similar","link":""},"img":{"alt_text":"","src":"https:\/\/i0.wp.com\/xn--uascoquetas-1db.co\/wp-content\/uploads\/2026\/01\/Iman-3-en-1-portada-1.jpg?resize=350%2C200&ssl=1","width":350,"height":200,"srcset":"https:\/\/i0.wp.com\/xn--uascoquetas-1db.co\/wp-content\/uploads\/2026\/01\/Iman-3-en-1-portada-1.jpg?resize=350%2C200&ssl=1 1x, https:\/\/i0.wp.com\/xn--uascoquetas-1db.co\/wp-content\/uploads\/2026\/01\/Iman-3-en-1-portada-1.jpg?resize=525%2C300&ssl=1 1.5x, https:\/\/i0.wp.com\/xn--uascoquetas-1db.co\/wp-content\/uploads\/2026\/01\/Iman-3-en-1-portada-1.jpg?resize=700%2C400&ssl=1 2x"},"classes":[]}],"_links":{"self":[{"href":"https:\/\/xn--uascoquetas-1db.co\/index.php?rest_route=\/wp\/v2\/product\/10686","targetHints":{"allow":["GET"]}}],"collection":[{"href":"https:\/\/xn--uascoquetas-1db.co\/index.php?rest_route=\/wp\/v2\/product"}],"about":[{"href":"https:\/\/xn--uascoquetas-1db.co\/index.php?rest_route=\/wp\/v2\/types\/product"}],"replies":[{"embeddable":true,"href":"https:\/\/xn--uascoquetas-1db.co\/index.php?rest_route=%2Fwp%2Fv2%2Fcomments&post=10686"}],"wp:featuredmedia":[{"embeddable":true,"href":"https:\/\/xn--uascoquetas-1db.co\/index.php?rest_route=\/wp\/v2\/media\/10702"}],"wp:attachment":[{"href":"https:\/\/xn--uascoquetas-1db.co\/index.php?rest_route=%2Fwp%2Fv2%2Fmedia&parent=10686"}],"wp:term":[{"taxonomy":"product_brand","embeddable":true,"href":"https:\/\/xn--uascoquetas-1db.co\/index.php?rest_route=%2Fwp%2Fv2%2Fproduct_brand&post=10686"},{"taxonomy":"product_cat","embeddable":true,"href":"https:\/\/xn--uascoquetas-1db.co\/index.php?rest_route=%2Fwp%2Fv2%2Fproduct_cat&post=10686"},{"taxonomy":"product_tag","embeddable":true,"href":"https:\/\/xn--uascoquetas-1db.co\/index.php?rest_route=%2Fwp%2Fv2%2Fproduct_tag&post=10686"}],"curies":[{"name":"wp","href":"https:\/\/api.w.org\/{rel}","templated":true}]}}