{"id":10753,"date":"2025-09-11T15:14:03","date_gmt":"2025-09-11T20:14:03","guid":{"rendered":"https:\/\/xn--uascoquetas-1db.co\/?post_type=product&#038;p=10753"},"modified":"2025-12-24T22:22:50","modified_gmt":"2025-12-25T03:22:50","slug":"estampador-edicion-limitada-halloween","status":"publish","type":"product","link":"https:\/\/xn--uascoquetas-1db.co\/?product=estampador-edicion-limitada-halloween","title":{"rendered":"Estampador &#8211; Edici\u00f3n Limitada Navidad"},"content":{"rendered":"<p>Edici\u00f3n especial de Navidad, del estampador de goma transparente para Estampar, con cuerpo pl\u00e1stico y doble tapa de protecci\u00f3n para la goma y\u00a0 para el visor.<\/p>\n<h1><strong>Caracter\u00edsticas<\/strong><\/h1>\n<p>Art\u00edculo completamente nuevo<\/p>\n<p>Un (1) Estampador.<\/p>\n<p>Material de la goma: Silicona transparente, flexible, muy gomosa y muy adherente que facilita recoger todo tipo de dise\u00f1os tanto de placas met\u00e1licas como acr\u00edlicas o pl\u00e1sticas.<\/p>\n<p>Material del cuerpo: Pl\u00e1stico.<\/p>\n<p>Di\u00e1metro de la goma: 3.8 cm<\/p>\n<p>Consistencia de la goma: Blanda.<\/p>\n<p>Adherencia de la goma: Alta.<\/p>\n<h2><strong>Recomendaciones<\/strong><\/h2>\n<p>Como es una goma suave, para mayor facilidad, se debe recoger el dise\u00f1o sin presionar el estampador.<\/p>\n<p>No aplicar removedor de esmalte al estampador pues se puede opacar, recoger la suciedad de la goma con cinta transparente.<\/p>\n<p>No manipular con los dedos, para evitar engrasar m\u00e1s de lo necesario. Puedes lavarlo con agua y jab\u00f3n.<\/p>\n","protected":false},"excerpt":{"rendered":"<p>Estampador edici\u00f3n limitada de Navidad de goma transparente, di\u00e1metro de 3.8 cm.<\/p>\n","protected":false},"featured_media":11039,"comment_status":"open","ping_status":"closed","template":"","meta":{"_regular_price":["25000"],"currency_symbol":[],"_uag_custom_page_level_css":""},"product_brand":[],"product_cat":[30,57],"product_tag":[78,41],"class_list":{"0":"post-10753","1":"product","2":"type-product","3":"status-publish","4":"has-post-thumbnail","6":"product_cat-estampadores","7":"product_cat-estampadores-sencillos","8":"product_tag-goma-transparente","9":"product_tag-stamping","10":"product_shipping_class-paquete-pequeno","12":"first","13":"instock","14":"purchasable","15":"product-type-simple"},"post_slider_layout_featured_media_urls":{"thumbnail":["https:\/\/xn--uascoquetas-1db.co\/wp-content\/uploads\/2025\/09\/Navidad-2025-ML-150x150.jpg",150,150,true],"post_slider_layout_landscape_large":["https:\/\/xn--uascoquetas-1db.co\/wp-content\/uploads\/2025\/09\/Navidad-2025-ML.jpg",800,800,false],"post_slider_layout_portrait_large":["https:\/\/xn--uascoquetas-1db.co\/wp-content\/uploads\/2025\/09\/Navidad-2025-ML.jpg",800,800,false],"post_slider_layout_square_large":["https:\/\/xn--uascoquetas-1db.co\/wp-content\/uploads\/2025\/09\/Navidad-2025-ML.jpg",800,800,false],"post_slider_layout_landscape":["https:\/\/xn--uascoquetas-1db.co\/wp-content\/uploads\/2025\/09\/Navidad-2025-ML-600x400.jpg",600,400,true],"post_slider_layout_portrait":["https:\/\/xn--uascoquetas-1db.co\/wp-content\/uploads\/2025\/09\/Navidad-2025-ML-600x800.jpg",600,800,true],"post_slider_layout_square":["https:\/\/xn--uascoquetas-1db.co\/wp-content\/uploads\/2025\/09\/Navidad-2025-ML-600x600.jpg",600,600,true],"full":["https:\/\/xn--uascoquetas-1db.co\/wp-content\/uploads\/2025\/09\/Navidad-2025-ML.jpg",800,800,false]},"uagb_featured_image_src":{"full":["https:\/\/xn--uascoquetas-1db.co\/wp-content\/uploads\/2025\/09\/Navidad-2025-ML.jpg",800,800,false],"thumbnail":["https:\/\/xn--uascoquetas-1db.co\/wp-content\/uploads\/2025\/09\/Navidad-2025-ML-150x150.jpg",150,150,true],"medium":["https:\/\/xn--uascoquetas-1db.co\/wp-content\/uploads\/2025\/09\/Navidad-2025-ML-300x300.jpg",300,300,true],"medium_large":["https:\/\/xn--uascoquetas-1db.co\/wp-content\/uploads\/2025\/09\/Navidad-2025-ML-768x768.jpg",640,640,true],"large":["https:\/\/xn--uascoquetas-1db.co\/wp-content\/uploads\/2025\/09\/Navidad-2025-ML.jpg",640,640,false],"1536x1536":["https:\/\/xn--uascoquetas-1db.co\/wp-content\/uploads\/2025\/09\/Navidad-2025-ML.jpg",800,800,false],"2048x2048":["https:\/\/xn--uascoquetas-1db.co\/wp-content\/uploads\/2025\/09\/Navidad-2025-ML.jpg",800,800,false],"post_slider_layout_landscape_large":["https:\/\/xn--uascoquetas-1db.co\/wp-content\/uploads\/2025\/09\/Navidad-2025-ML.jpg",800,800,false],"post_slider_layout_portrait_large":["https:\/\/xn--uascoquetas-1db.co\/wp-content\/uploads\/2025\/09\/Navidad-2025-ML.jpg",800,800,false],"post_slider_layout_square_large":["https:\/\/xn--uascoquetas-1db.co\/wp-content\/uploads\/2025\/09\/Navidad-2025-ML.jpg",800,800,false],"post_slider_layout_landscape":["https:\/\/xn--uascoquetas-1db.co\/wp-content\/uploads\/2025\/09\/Navidad-2025-ML-600x400.jpg",600,400,true],"post_slider_layout_portrait":["https:\/\/xn--uascoquetas-1db.co\/wp-content\/uploads\/2025\/09\/Navidad-2025-ML-600x800.jpg",600,800,true],"post_slider_layout_square":["https:\/\/xn--uascoquetas-1db.co\/wp-content\/uploads\/2025\/09\/Navidad-2025-ML-600x600.jpg",600,600,true],"vw-kids-homepage-thumb":["https:\/\/xn--uascoquetas-1db.co\/wp-content\/uploads\/2025\/09\/Navidad-2025-ML-240x145.jpg",240,145,true],"woocommerce_thumbnail":["https:\/\/xn--uascoquetas-1db.co\/wp-content\/uploads\/2025\/09\/Navidad-2025-ML-300x300.jpg",300,300,true],"woocommerce_single":["https:\/\/xn--uascoquetas-1db.co\/wp-content\/uploads\/2025\/09\/Navidad-2025-ML-600x600.jpg",600,600,true],"woocommerce_gallery_thumbnail":["https:\/\/xn--uascoquetas-1db.co\/wp-content\/uploads\/2025\/09\/Navidad-2025-ML-100x100.jpg",100,100,true],"variation_swatches_image_size":["https:\/\/xn--uascoquetas-1db.co\/wp-content\/uploads\/2025\/09\/Navidad-2025-ML-50x50.jpg",50,50,true],"variation_swatches_tooltip_size":["https:\/\/xn--uascoquetas-1db.co\/wp-content\/uploads\/2025\/09\/Navidad-2025-ML-100x100.jpg",100,100,true]},"uagb_author_info":{"display_name":"U\u00f1as Coquetas","author_link":"https:\/\/xn--uascoquetas-1db.co\/?author=0"},"uagb_comment_info":0,"uagb_excerpt":"Estampador edici\u00f3n limitada de Navidad de goma transparente, di\u00e1metro de 3.8 cm.","jetpack_sharing_enabled":true,"jetpack-related-posts":[{"id":10078,"url":"https:\/\/xn--uascoquetas-1db.co\/?product=estampador-xs-morado","url_meta":{"origin":10753,"position":0},"title":"Estampador &#8211; XS Fucsia","author":"U\u00f1as Coquetas","date":"24\/04\/2025","format":false,"excerpt":"Estampador XS de goma transparente con cuerpo pl\u00e1stico, di\u00e1metro de 3.8 cm.","rel":"","context":"Entrada similar","block_context":{"text":"Entrada similar","link":""},"img":{"alt_text":"","src":"https:\/\/i0.wp.com\/xn--uascoquetas-1db.co\/wp-content\/uploads\/2025\/04\/Estampador-XS-Fucsia-Portada.jpg?resize=350%2C200&ssl=1","width":350,"height":200,"srcset":"https:\/\/i0.wp.com\/xn--uascoquetas-1db.co\/wp-content\/uploads\/2025\/04\/Estampador-XS-Fucsia-Portada.jpg?resize=350%2C200&ssl=1 1x, https:\/\/i0.wp.com\/xn--uascoquetas-1db.co\/wp-content\/uploads\/2025\/04\/Estampador-XS-Fucsia-Portada.jpg?resize=525%2C300&ssl=1 1.5x, https:\/\/i0.wp.com\/xn--uascoquetas-1db.co\/wp-content\/uploads\/2025\/04\/Estampador-XS-Fucsia-Portada.jpg?resize=700%2C400&ssl=1 2x"},"classes":[]},{"id":4976,"url":"https:\/\/xn--uascoquetas-1db.co\/?product=sello-estampador-unas-grande-con-cuerpo-metalico","url_meta":{"origin":10753,"position":1},"title":"Sello Estampador U\u00f1as Grande Con Cuerpo Met\u00e1lico","author":"U\u00f1as Coquetas","date":"19\/09\/2023","format":false,"excerpt":"Estampador de goma transparente con cuerpo met\u00e1lico, di\u00e1metro de 3.8 cm.","rel":"","context":"Entrada similar","block_context":{"text":"Entrada similar","link":""},"img":{"alt_text":"","src":"https:\/\/i0.wp.com\/xn--uascoquetas-1db.co\/wp-content\/uploads\/2023\/09\/A15-Portada-01-1.jpg?resize=350%2C200&ssl=1","width":350,"height":200,"srcset":"https:\/\/i0.wp.com\/xn--uascoquetas-1db.co\/wp-content\/uploads\/2023\/09\/A15-Portada-01-1.jpg?resize=350%2C200&ssl=1 1x, https:\/\/i0.wp.com\/xn--uascoquetas-1db.co\/wp-content\/uploads\/2023\/09\/A15-Portada-01-1.jpg?resize=525%2C300&ssl=1 1.5x, https:\/\/i0.wp.com\/xn--uascoquetas-1db.co\/wp-content\/uploads\/2023\/09\/A15-Portada-01-1.jpg?resize=700%2C400&ssl=1 2x, https:\/\/i0.wp.com\/xn--uascoquetas-1db.co\/wp-content\/uploads\/2023\/09\/A15-Portada-01-1.jpg?resize=1050%2C600&ssl=1 3x"},"classes":[]},{"id":11227,"url":"https:\/\/xn--uascoquetas-1db.co\/?product=estampador-transparente-sencillo-star","url_meta":{"origin":10753,"position":2},"title":"Estampador &#8211; Transparente Sencillo Star","author":"U\u00f1as Coquetas","date":"06\/02\/2026","format":false,"excerpt":"Estampador\u00a0 de goma transparente de alta dureza y adherencia media. Ideal para placas acr\u00edlicas.","rel":"","context":"Entrada similar","block_context":{"text":"Entrada similar","link":""},"img":{"alt_text":"","src":"https:\/\/i0.wp.com\/xn--uascoquetas-1db.co\/wp-content\/uploads\/2026\/02\/Sencillo.jpg?resize=350%2C200&ssl=1","width":350,"height":200,"srcset":"https:\/\/i0.wp.com\/xn--uascoquetas-1db.co\/wp-content\/uploads\/2026\/02\/Sencillo.jpg?resize=350%2C200&ssl=1 1x, https:\/\/i0.wp.com\/xn--uascoquetas-1db.co\/wp-content\/uploads\/2026\/02\/Sencillo.jpg?resize=525%2C300&ssl=1 1.5x, https:\/\/i0.wp.com\/xn--uascoquetas-1db.co\/wp-content\/uploads\/2026\/02\/Sencillo.jpg?resize=700%2C400&ssl=1 2x"},"classes":[]},{"id":11235,"url":"https:\/\/xn--uascoquetas-1db.co\/?product=estampador-grande-star","url_meta":{"origin":10753,"position":3},"title":"Estampador grande Star","author":"U\u00f1as Coquetas","date":"06\/02\/2026","format":false,"excerpt":"Estampador\u00a0 de goma transparente de alta dureza y adherencia media. Ideal para placas acr\u00edlicas.","rel":"","context":"Entrada similar","block_context":{"text":"Entrada similar","link":""},"img":{"alt_text":"","src":"https:\/\/i0.wp.com\/xn--uascoquetas-1db.co\/wp-content\/uploads\/2026\/02\/Estampador-grande-colores.jpg?resize=350%2C200&ssl=1","width":350,"height":200,"srcset":"https:\/\/i0.wp.com\/xn--uascoquetas-1db.co\/wp-content\/uploads\/2026\/02\/Estampador-grande-colores.jpg?resize=350%2C200&ssl=1 1x, https:\/\/i0.wp.com\/xn--uascoquetas-1db.co\/wp-content\/uploads\/2026\/02\/Estampador-grande-colores.jpg?resize=525%2C300&ssl=1 1.5x, https:\/\/i0.wp.com\/xn--uascoquetas-1db.co\/wp-content\/uploads\/2026\/02\/Estampador-grande-colores.jpg?resize=700%2C400&ssl=1 2x"},"classes":[]},{"id":4992,"url":"https:\/\/xn--uascoquetas-1db.co\/?product=sello-estampador-unas-corto-hueco-transparente","url_meta":{"origin":10753,"position":4},"title":"Sello Estampador U\u00f1as Corto Hueco","author":"U\u00f1as Coquetas","date":"19\/09\/2023","format":false,"excerpt":"Estampador pl\u00e1stico transparente de goma semidura para Estampar y tapa de protecci\u00f3n.","rel":"","context":"Entrada similar","block_context":{"text":"Entrada similar","link":""},"img":{"alt_text":"Stamper hueco transparente","src":"https:\/\/i0.wp.com\/xn--uascoquetas-1db.co\/wp-content\/uploads\/2023\/09\/1643662868506-scaled.jpg?resize=350%2C200&ssl=1","width":350,"height":200,"srcset":"https:\/\/i0.wp.com\/xn--uascoquetas-1db.co\/wp-content\/uploads\/2023\/09\/1643662868506-scaled.jpg?resize=350%2C200&ssl=1 1x, https:\/\/i0.wp.com\/xn--uascoquetas-1db.co\/wp-content\/uploads\/2023\/09\/1643662868506-scaled.jpg?resize=525%2C300&ssl=1 1.5x, https:\/\/i0.wp.com\/xn--uascoquetas-1db.co\/wp-content\/uploads\/2023\/09\/1643662868506-scaled.jpg?resize=700%2C400&ssl=1 2x, https:\/\/i0.wp.com\/xn--uascoquetas-1db.co\/wp-content\/uploads\/2023\/09\/1643662868506-scaled.jpg?resize=1050%2C600&ssl=1 3x, https:\/\/i0.wp.com\/xn--uascoquetas-1db.co\/wp-content\/uploads\/2023\/09\/1643662868506-scaled.jpg?resize=1400%2C800&ssl=1 4x"},"classes":[]},{"id":4951,"url":"https:\/\/xn--uascoquetas-1db.co\/?product=sello-estampador-unas-metalico-rascador-durable","url_meta":{"origin":10753,"position":5},"title":"Sello Estampador U\u00f1as Met\u00e1lico + Rascador Durable","author":"U\u00f1as Coquetas","date":"19\/09\/2023","format":false,"excerpt":"Estampador pl\u00e1stico transparente de goma suave transparente para Estampar u\u00f1as, con tapa de protecci\u00f3n y rascador pl\u00e1stico.","rel":"","context":"Entrada similar","block_context":{"text":"Entrada similar","link":""},"img":{"alt_text":"Estampador met\u00e1lico rojo","src":"https:\/\/i0.wp.com\/xn--uascoquetas-1db.co\/wp-content\/uploads\/2023\/09\/A4D.png?resize=350%2C200&ssl=1","width":350,"height":200,"srcset":"https:\/\/i0.wp.com\/xn--uascoquetas-1db.co\/wp-content\/uploads\/2023\/09\/A4D.png?resize=350%2C200&ssl=1 1x, https:\/\/i0.wp.com\/xn--uascoquetas-1db.co\/wp-content\/uploads\/2023\/09\/A4D.png?resize=525%2C300&ssl=1 1.5x, https:\/\/i0.wp.com\/xn--uascoquetas-1db.co\/wp-content\/uploads\/2023\/09\/A4D.png?resize=700%2C400&ssl=1 2x, https:\/\/i0.wp.com\/xn--uascoquetas-1db.co\/wp-content\/uploads\/2023\/09\/A4D.png?resize=1050%2C600&ssl=1 3x, https:\/\/i0.wp.com\/xn--uascoquetas-1db.co\/wp-content\/uploads\/2023\/09\/A4D.png?resize=1400%2C800&ssl=1 4x"},"classes":[]}],"_links":{"self":[{"href":"https:\/\/xn--uascoquetas-1db.co\/index.php?rest_route=\/wp\/v2\/product\/10753","targetHints":{"allow":["GET"]}}],"collection":[{"href":"https:\/\/xn--uascoquetas-1db.co\/index.php?rest_route=\/wp\/v2\/product"}],"about":[{"href":"https:\/\/xn--uascoquetas-1db.co\/index.php?rest_route=\/wp\/v2\/types\/product"}],"replies":[{"embeddable":true,"href":"https:\/\/xn--uascoquetas-1db.co\/index.php?rest_route=%2Fwp%2Fv2%2Fcomments&post=10753"}],"wp:featuredmedia":[{"embeddable":true,"href":"https:\/\/xn--uascoquetas-1db.co\/index.php?rest_route=\/wp\/v2\/media\/11039"}],"wp:attachment":[{"href":"https:\/\/xn--uascoquetas-1db.co\/index.php?rest_route=%2Fwp%2Fv2%2Fmedia&parent=10753"}],"wp:term":[{"taxonomy":"product_brand","embeddable":true,"href":"https:\/\/xn--uascoquetas-1db.co\/index.php?rest_route=%2Fwp%2Fv2%2Fproduct_brand&post=10753"},{"taxonomy":"product_cat","embeddable":true,"href":"https:\/\/xn--uascoquetas-1db.co\/index.php?rest_route=%2Fwp%2Fv2%2Fproduct_cat&post=10753"},{"taxonomy":"product_tag","embeddable":true,"href":"https:\/\/xn--uascoquetas-1db.co\/index.php?rest_route=%2Fwp%2Fv2%2Fproduct_tag&post=10753"}],"curies":[{"name":"wp","href":"https:\/\/api.w.org\/{rel}","templated":true}]}}