{"id":10931,"date":"2025-11-12T14:37:58","date_gmt":"2025-11-12T19:37:58","guid":{"rendered":"https:\/\/xn--uascoquetas-1db.co\/?post_type=product&#038;p=10931"},"modified":"2025-11-12T14:39:49","modified_gmt":"2025-11-12T19:39:49","slug":"sticker-n004-pinguinos","status":"publish","type":"product","link":"https:\/\/xn--uascoquetas-1db.co\/?product=sticker-n004-pinguinos","title":{"rendered":"Sticker N004 Pinguinos"},"content":{"rendered":"<p>Una l\u00e1mina de stickers artesanales no dejan relieve.<br \/>\nTama\u00f1o de la l\u00e1mina: 8 X 7 cm Aproximadamente<br \/>\nCantidad de figuras: Las que se ven en las fotos de la publicaci\u00f3n, aproximadamente vienen 36 figuritas.<\/p>\n<h2>USO:<\/h2>\n<p>1. Aplicar brillo o cualquier tono de esmalte tradicional en las u\u00f1as y dejar secar al punto en que se encuentre semiseco para mejorar la adherencia del sticker.<br \/>\n2. Con una pinza levantar el sticker y ubicarlo sobre la u\u00f1a. Se puede hacer presi\u00f3n con un pincel de silicona o con el dedo, para adherir correctamente.<br \/>\n3. Sella con un brillo. Preferiblemente, aplicar dos capas, dejando secar entre capas.<\/p>\n","protected":false},"excerpt":{"rendered":"<table width=\"375\">\n<tbody>\n<tr>\n<td width=\"375\">Sticker para u\u00f1as marca Colombiana Magenta con figuras de navidad, pinguinos, copos de nieve.<\/td>\n<\/tr>\n<\/tbody>\n<\/table>\n","protected":false},"featured_media":10932,"comment_status":"open","ping_status":"closed","template":"","meta":{"_regular_price":["3500"],"currency_symbol":[],"_uag_custom_page_level_css":""},"product_brand":[],"product_cat":[217,218],"product_tag":[54,186],"class_list":{"0":"post-10931","1":"product","2":"type-product","3":"status-publish","4":"has-post-thumbnail","6":"product_cat-pegatinas-y-tatuajes","7":"product_cat-stickers","8":"product_tag-navidad","9":"product_tag-sticker","10":"product_shipping_class-paquete-pequeno","12":"first","13":"instock","14":"purchasable","15":"product-type-simple"},"post_slider_layout_featured_media_urls":{"thumbnail":["https:\/\/xn--uascoquetas-1db.co\/wp-content\/uploads\/2025\/11\/N04.-Pinguinos-11-150x150.jpg",150,150,true],"post_slider_layout_landscape_large":["https:\/\/xn--uascoquetas-1db.co\/wp-content\/uploads\/2025\/11\/N04.-Pinguinos-11.jpg",800,800,false],"post_slider_layout_portrait_large":["https:\/\/xn--uascoquetas-1db.co\/wp-content\/uploads\/2025\/11\/N04.-Pinguinos-11.jpg",800,800,false],"post_slider_layout_square_large":["https:\/\/xn--uascoquetas-1db.co\/wp-content\/uploads\/2025\/11\/N04.-Pinguinos-11.jpg",800,800,false],"post_slider_layout_landscape":["https:\/\/xn--uascoquetas-1db.co\/wp-content\/uploads\/2025\/11\/N04.-Pinguinos-11-600x400.jpg",600,400,true],"post_slider_layout_portrait":["https:\/\/xn--uascoquetas-1db.co\/wp-content\/uploads\/2025\/11\/N04.-Pinguinos-11-600x800.jpg",600,800,true],"post_slider_layout_square":["https:\/\/xn--uascoquetas-1db.co\/wp-content\/uploads\/2025\/11\/N04.-Pinguinos-11-600x600.jpg",600,600,true],"full":["https:\/\/xn--uascoquetas-1db.co\/wp-content\/uploads\/2025\/11\/N04.-Pinguinos-11.jpg",800,800,false]},"uagb_featured_image_src":{"full":["https:\/\/xn--uascoquetas-1db.co\/wp-content\/uploads\/2025\/11\/N04.-Pinguinos-11.jpg",800,800,false],"thumbnail":["https:\/\/xn--uascoquetas-1db.co\/wp-content\/uploads\/2025\/11\/N04.-Pinguinos-11-150x150.jpg",150,150,true],"medium":["https:\/\/xn--uascoquetas-1db.co\/wp-content\/uploads\/2025\/11\/N04.-Pinguinos-11-300x300.jpg",300,300,true],"medium_large":["https:\/\/xn--uascoquetas-1db.co\/wp-content\/uploads\/2025\/11\/N04.-Pinguinos-11-768x768.jpg",640,640,true],"large":["https:\/\/xn--uascoquetas-1db.co\/wp-content\/uploads\/2025\/11\/N04.-Pinguinos-11.jpg",640,640,false],"1536x1536":["https:\/\/xn--uascoquetas-1db.co\/wp-content\/uploads\/2025\/11\/N04.-Pinguinos-11.jpg",800,800,false],"2048x2048":["https:\/\/xn--uascoquetas-1db.co\/wp-content\/uploads\/2025\/11\/N04.-Pinguinos-11.jpg",800,800,false],"post_slider_layout_landscape_large":["https:\/\/xn--uascoquetas-1db.co\/wp-content\/uploads\/2025\/11\/N04.-Pinguinos-11.jpg",800,800,false],"post_slider_layout_portrait_large":["https:\/\/xn--uascoquetas-1db.co\/wp-content\/uploads\/2025\/11\/N04.-Pinguinos-11.jpg",800,800,false],"post_slider_layout_square_large":["https:\/\/xn--uascoquetas-1db.co\/wp-content\/uploads\/2025\/11\/N04.-Pinguinos-11.jpg",800,800,false],"post_slider_layout_landscape":["https:\/\/xn--uascoquetas-1db.co\/wp-content\/uploads\/2025\/11\/N04.-Pinguinos-11-600x400.jpg",600,400,true],"post_slider_layout_portrait":["https:\/\/xn--uascoquetas-1db.co\/wp-content\/uploads\/2025\/11\/N04.-Pinguinos-11-600x800.jpg",600,800,true],"post_slider_layout_square":["https:\/\/xn--uascoquetas-1db.co\/wp-content\/uploads\/2025\/11\/N04.-Pinguinos-11-600x600.jpg",600,600,true],"vw-kids-homepage-thumb":["https:\/\/xn--uascoquetas-1db.co\/wp-content\/uploads\/2025\/11\/N04.-Pinguinos-11-240x145.jpg",240,145,true],"woocommerce_thumbnail":["https:\/\/xn--uascoquetas-1db.co\/wp-content\/uploads\/2025\/11\/N04.-Pinguinos-11-300x300.jpg",300,300,true],"woocommerce_single":["https:\/\/xn--uascoquetas-1db.co\/wp-content\/uploads\/2025\/11\/N04.-Pinguinos-11-600x600.jpg",600,600,true],"woocommerce_gallery_thumbnail":["https:\/\/xn--uascoquetas-1db.co\/wp-content\/uploads\/2025\/11\/N04.-Pinguinos-11-100x100.jpg",100,100,true],"variation_swatches_image_size":["https:\/\/xn--uascoquetas-1db.co\/wp-content\/uploads\/2025\/11\/N04.-Pinguinos-11-50x50.jpg",50,50,true],"variation_swatches_tooltip_size":["https:\/\/xn--uascoquetas-1db.co\/wp-content\/uploads\/2025\/11\/N04.-Pinguinos-11-100x100.jpg",100,100,true]},"uagb_author_info":{"display_name":"U\u00f1as Coquetas","author_link":"https:\/\/xn--uascoquetas-1db.co\/?author=0"},"uagb_comment_info":0,"uagb_excerpt":"Sticker para u\u00f1as marca Colombiana Magenta con figuras de navidad, pinguinos, copos de nieve.","jetpack_sharing_enabled":true,"jetpack-related-posts":[{"id":10921,"url":"https:\/\/xn--uascoquetas-1db.co\/?product=sticker-n001-munecos-de-nieve","url_meta":{"origin":10931,"position":0},"title":"Sticker N001 Mu\u00f1ecos de nieve","author":"U\u00f1as Coquetas","date":"12\/11\/2025","format":false,"excerpt":"Sticker para u\u00f1as marca Colombiana Magenta con figuras de navidad kawaii, pap\u00e1 Noel, tren, pinguinos, pitufos navide\u00f1os.","rel":"","context":"Entrada similar","block_context":{"text":"Entrada similar","link":""},"img":{"alt_text":"","src":"https:\/\/i0.wp.com\/xn--uascoquetas-1db.co\/wp-content\/uploads\/2025\/11\/N01.-Munecos-de-nieve-11.jpg?resize=350%2C200&ssl=1","width":350,"height":200,"srcset":"https:\/\/i0.wp.com\/xn--uascoquetas-1db.co\/wp-content\/uploads\/2025\/11\/N01.-Munecos-de-nieve-11.jpg?resize=350%2C200&ssl=1 1x, https:\/\/i0.wp.com\/xn--uascoquetas-1db.co\/wp-content\/uploads\/2025\/11\/N01.-Munecos-de-nieve-11.jpg?resize=525%2C300&ssl=1 1.5x, https:\/\/i0.wp.com\/xn--uascoquetas-1db.co\/wp-content\/uploads\/2025\/11\/N01.-Munecos-de-nieve-11.jpg?resize=700%2C400&ssl=1 2x"},"classes":[]},{"id":10618,"url":"https:\/\/xn--uascoquetas-1db.co\/?product=sticker-106-figuras-bn","url_meta":{"origin":10931,"position":1},"title":"Sticker 106 Figuras B&#038;N","author":"U\u00f1as Coquetas","date":"22\/07\/2025","format":false,"excerpt":"Sticker para u\u00f1as marca Colombiana Magenta con figuras de origami, figuras en blanco y negro de animales, estrellas, serpientes, osos.","rel":"","context":"Entrada similar","block_context":{"text":"Entrada similar","link":""},"img":{"alt_text":"","src":"https:\/\/i0.wp.com\/xn--uascoquetas-1db.co\/wp-content\/uploads\/2025\/07\/106.-Origami-BN-1.1.jpg?resize=350%2C200&ssl=1","width":350,"height":200,"srcset":"https:\/\/i0.wp.com\/xn--uascoquetas-1db.co\/wp-content\/uploads\/2025\/07\/106.-Origami-BN-1.1.jpg?resize=350%2C200&ssl=1 1x, https:\/\/i0.wp.com\/xn--uascoquetas-1db.co\/wp-content\/uploads\/2025\/07\/106.-Origami-BN-1.1.jpg?resize=525%2C300&ssl=1 1.5x, https:\/\/i0.wp.com\/xn--uascoquetas-1db.co\/wp-content\/uploads\/2025\/07\/106.-Origami-BN-1.1.jpg?resize=700%2C400&ssl=1 2x"},"classes":[]},{"id":10592,"url":"https:\/\/xn--uascoquetas-1db.co\/?product=sticker-121-figuras-bn","url_meta":{"origin":10931,"position":2},"title":"Sticker 121 Figuras B&#038;N","author":"U\u00f1as Coquetas","date":"21\/07\/2025","format":false,"excerpt":"Sticker para u\u00f1as marca Colombiana Magenta con figuras de Flores, mariposas, l\u00edneas en blanco y negro.","rel":"","context":"Entrada similar","block_context":{"text":"Entrada similar","link":""},"img":{"alt_text":"","src":"https:\/\/i0.wp.com\/xn--uascoquetas-1db.co\/wp-content\/uploads\/2025\/07\/121.-Flores-BN-1.1.jpg?resize=350%2C200&ssl=1","width":350,"height":200,"srcset":"https:\/\/i0.wp.com\/xn--uascoquetas-1db.co\/wp-content\/uploads\/2025\/07\/121.-Flores-BN-1.1.jpg?resize=350%2C200&ssl=1 1x, https:\/\/i0.wp.com\/xn--uascoquetas-1db.co\/wp-content\/uploads\/2025\/07\/121.-Flores-BN-1.1.jpg?resize=525%2C300&ssl=1 1.5x, https:\/\/i0.wp.com\/xn--uascoquetas-1db.co\/wp-content\/uploads\/2025\/07\/121.-Flores-BN-1.1.jpg?resize=700%2C400&ssl=1 2x"},"classes":[]},{"id":10436,"url":"https:\/\/xn--uascoquetas-1db.co\/?product=sticker-092-mariposas-ojos","url_meta":{"origin":10931,"position":3},"title":"Sticker 092 Mariposas ojos","author":"U\u00f1as Coquetas","date":"29\/06\/2025","format":false,"excerpt":"Sticker para u\u00f1as marca Colombiana Magenta con figuras de Mariposas y flores","rel":"","context":"Entrada similar","block_context":{"text":"Entrada similar","link":""},"img":{"alt_text":"","src":"https:\/\/i0.wp.com\/xn--uascoquetas-1db.co\/wp-content\/uploads\/2025\/06\/091.-Mariposa-ojo-1-1.jpg?resize=350%2C200&ssl=1","width":350,"height":200,"srcset":"https:\/\/i0.wp.com\/xn--uascoquetas-1db.co\/wp-content\/uploads\/2025\/06\/091.-Mariposa-ojo-1-1.jpg?resize=350%2C200&ssl=1 1x, https:\/\/i0.wp.com\/xn--uascoquetas-1db.co\/wp-content\/uploads\/2025\/06\/091.-Mariposa-ojo-1-1.jpg?resize=525%2C300&ssl=1 1.5x, https:\/\/i0.wp.com\/xn--uascoquetas-1db.co\/wp-content\/uploads\/2025\/06\/091.-Mariposa-ojo-1-1.jpg?resize=700%2C400&ssl=1 2x"},"classes":[]},{"id":10451,"url":"https:\/\/xn--uascoquetas-1db.co\/?product=sticker-098-atrapasuenos","url_meta":{"origin":10931,"position":4},"title":"Sticker 098 Atrapasue\u00f1os","author":"U\u00f1as Coquetas","date":"02\/07\/2025","format":false,"excerpt":"Sticker para u\u00f1as marca Colombiana Magenta con figuras de atrapasue\u00f1os.","rel":"","context":"Entrada similar","block_context":{"text":"Entrada similar","link":""},"img":{"alt_text":"","src":"https:\/\/i0.wp.com\/xn--uascoquetas-1db.co\/wp-content\/uploads\/2025\/07\/098.-Atrapasuenos-1-1.jpg?resize=350%2C200&ssl=1","width":350,"height":200,"srcset":"https:\/\/i0.wp.com\/xn--uascoquetas-1db.co\/wp-content\/uploads\/2025\/07\/098.-Atrapasuenos-1-1.jpg?resize=350%2C200&ssl=1 1x, https:\/\/i0.wp.com\/xn--uascoquetas-1db.co\/wp-content\/uploads\/2025\/07\/098.-Atrapasuenos-1-1.jpg?resize=525%2C300&ssl=1 1.5x, https:\/\/i0.wp.com\/xn--uascoquetas-1db.co\/wp-content\/uploads\/2025\/07\/098.-Atrapasuenos-1-1.jpg?resize=700%2C400&ssl=1 2x"},"classes":[]},{"id":10453,"url":"https:\/\/xn--uascoquetas-1db.co\/?product=sticker-094-sombrillas","url_meta":{"origin":10931,"position":5},"title":"Sticker 094 Sombrillas","author":"U\u00f1as Coquetas","date":"02\/07\/2025","format":false,"excerpt":"Sticker para u\u00f1as marca Colombiana Magenta con figuras de animalitos, cerditos con sombrillas.","rel":"","context":"Entrada similar","block_context":{"text":"Entrada similar","link":""},"img":{"alt_text":"","src":"https:\/\/i0.wp.com\/xn--uascoquetas-1db.co\/wp-content\/uploads\/2025\/07\/094.-Cerdito-sombrilla-1-1.jpg?resize=350%2C200&ssl=1","width":350,"height":200,"srcset":"https:\/\/i0.wp.com\/xn--uascoquetas-1db.co\/wp-content\/uploads\/2025\/07\/094.-Cerdito-sombrilla-1-1.jpg?resize=350%2C200&ssl=1 1x, https:\/\/i0.wp.com\/xn--uascoquetas-1db.co\/wp-content\/uploads\/2025\/07\/094.-Cerdito-sombrilla-1-1.jpg?resize=525%2C300&ssl=1 1.5x, https:\/\/i0.wp.com\/xn--uascoquetas-1db.co\/wp-content\/uploads\/2025\/07\/094.-Cerdito-sombrilla-1-1.jpg?resize=700%2C400&ssl=1 2x"},"classes":[]}],"_links":{"self":[{"href":"https:\/\/xn--uascoquetas-1db.co\/index.php?rest_route=\/wp\/v2\/product\/10931","targetHints":{"allow":["GET"]}}],"collection":[{"href":"https:\/\/xn--uascoquetas-1db.co\/index.php?rest_route=\/wp\/v2\/product"}],"about":[{"href":"https:\/\/xn--uascoquetas-1db.co\/index.php?rest_route=\/wp\/v2\/types\/product"}],"replies":[{"embeddable":true,"href":"https:\/\/xn--uascoquetas-1db.co\/index.php?rest_route=%2Fwp%2Fv2%2Fcomments&post=10931"}],"wp:featuredmedia":[{"embeddable":true,"href":"https:\/\/xn--uascoquetas-1db.co\/index.php?rest_route=\/wp\/v2\/media\/10932"}],"wp:attachment":[{"href":"https:\/\/xn--uascoquetas-1db.co\/index.php?rest_route=%2Fwp%2Fv2%2Fmedia&parent=10931"}],"wp:term":[{"taxonomy":"product_brand","embeddable":true,"href":"https:\/\/xn--uascoquetas-1db.co\/index.php?rest_route=%2Fwp%2Fv2%2Fproduct_brand&post=10931"},{"taxonomy":"product_cat","embeddable":true,"href":"https:\/\/xn--uascoquetas-1db.co\/index.php?rest_route=%2Fwp%2Fv2%2Fproduct_cat&post=10931"},{"taxonomy":"product_tag","embeddable":true,"href":"https:\/\/xn--uascoquetas-1db.co\/index.php?rest_route=%2Fwp%2Fv2%2Fproduct_tag&post=10931"}],"curies":[{"name":"wp","href":"https:\/\/api.w.org\/{rel}","templated":true}]}}