{"id":11148,"date":"2026-01-23T15:38:16","date_gmt":"2026-01-23T20:38:16","guid":{"rendered":"https:\/\/xn--uascoquetas-1db.co\/?post_type=product&#038;p=11148"},"modified":"2026-02-21T12:12:46","modified_gmt":"2026-02-21T17:12:46","slug":"aplicador-de-pigmentos-en-silicona-pincel-2","status":"publish","type":"product","link":"https:\/\/xn--uascoquetas-1db.co\/?product=aplicador-de-pigmentos-en-silicona-pincel-2","title":{"rendered":"Aplicador de Pigmentos en silicona &#8211; Pincel"},"content":{"rendered":"<p>Pincel de silicona, aplicador de pigmentos y efectos, difuminador. Con tapa protectora<\/p>\n<p>DESCRIPCI\u00d3N<\/p>\n<p>Especificaciones:<br \/>\n-Longitud del pincel: aprox. 8 cm<br \/>\n-Ancho: 1 cm<br \/>\n-Material del pelo: nailon de alta calidad<\/p>\n<p>Usos:<\/p>\n<p>-100% nuevo y de alta calidad, silicona durable, lavable y reusable.<br \/>\n-Puedes usar el pincel para poner efectos en polvo (cromados, ne\u00f3n, espejo, entre otros)<br \/>\n&#8211; Puedes hacer difuminados con efectos en polvo, pinturas o esmaltes.<br \/>\n&#8211; Pudes usar el pincel para empujar y presionar stickers.<\/p>\n<p>&nbsp;<\/p>\n","protected":false},"excerpt":{"rendered":"<table width=\"375\">\n<tbody>\n<tr>\n<td width=\"375\">Pincel marca Extranjera Gen\u00e9rica, Pincel aplicador de pigmentos en silicona.<\/td>\n<\/tr>\n<\/tbody>\n<\/table>\n","protected":false},"featured_media":11155,"comment_status":"open","ping_status":"closed","template":"","meta":{"_regular_price":["11000"],"currency_symbol":[],"_uag_custom_page_level_css":""},"product_brand":[],"product_cat":[47,32],"product_tag":[278,414],"class_list":{"0":"post-11148","1":"product","2":"type-product","3":"status-publish","4":"has-post-thumbnail","6":"product_cat-materiales","7":"product_cat-pinceles","8":"product_tag-herramientas-varias","9":"product_tag-puntero","10":"product_shipping_class-paquete-pequeno","11":"pa_color-morado","12":"pa_color-negro","13":"pa_color-rosado","14":"pa_color-salmon","16":"first","17":"instock","18":"purchasable","19":"product-type-simple"},"post_slider_layout_featured_media_urls":{"thumbnail":["https:\/\/xn--uascoquetas-1db.co\/wp-content\/uploads\/2026\/01\/Usos-del-aplicador-150x150.jpg",150,150,true],"post_slider_layout_landscape_large":["https:\/\/xn--uascoquetas-1db.co\/wp-content\/uploads\/2026\/01\/Usos-del-aplicador.jpg",800,800,false],"post_slider_layout_portrait_large":["https:\/\/xn--uascoquetas-1db.co\/wp-content\/uploads\/2026\/01\/Usos-del-aplicador.jpg",800,800,false],"post_slider_layout_square_large":["https:\/\/xn--uascoquetas-1db.co\/wp-content\/uploads\/2026\/01\/Usos-del-aplicador.jpg",800,800,false],"post_slider_layout_landscape":["https:\/\/xn--uascoquetas-1db.co\/wp-content\/uploads\/2026\/01\/Usos-del-aplicador-600x400.jpg",600,400,true],"post_slider_layout_portrait":["https:\/\/xn--uascoquetas-1db.co\/wp-content\/uploads\/2026\/01\/Usos-del-aplicador-600x800.jpg",600,800,true],"post_slider_layout_square":["https:\/\/xn--uascoquetas-1db.co\/wp-content\/uploads\/2026\/01\/Usos-del-aplicador-600x600.jpg",600,600,true],"full":["https:\/\/xn--uascoquetas-1db.co\/wp-content\/uploads\/2026\/01\/Usos-del-aplicador.jpg",800,800,false]},"uagb_featured_image_src":{"full":["https:\/\/xn--uascoquetas-1db.co\/wp-content\/uploads\/2026\/01\/Usos-del-aplicador.jpg",800,800,false],"thumbnail":["https:\/\/xn--uascoquetas-1db.co\/wp-content\/uploads\/2026\/01\/Usos-del-aplicador-150x150.jpg",150,150,true],"medium":["https:\/\/xn--uascoquetas-1db.co\/wp-content\/uploads\/2026\/01\/Usos-del-aplicador-300x300.jpg",300,300,true],"medium_large":["https:\/\/xn--uascoquetas-1db.co\/wp-content\/uploads\/2026\/01\/Usos-del-aplicador-768x768.jpg",640,640,true],"large":["https:\/\/xn--uascoquetas-1db.co\/wp-content\/uploads\/2026\/01\/Usos-del-aplicador.jpg",640,640,false],"1536x1536":["https:\/\/xn--uascoquetas-1db.co\/wp-content\/uploads\/2026\/01\/Usos-del-aplicador.jpg",800,800,false],"2048x2048":["https:\/\/xn--uascoquetas-1db.co\/wp-content\/uploads\/2026\/01\/Usos-del-aplicador.jpg",800,800,false],"post_slider_layout_landscape_large":["https:\/\/xn--uascoquetas-1db.co\/wp-content\/uploads\/2026\/01\/Usos-del-aplicador.jpg",800,800,false],"post_slider_layout_portrait_large":["https:\/\/xn--uascoquetas-1db.co\/wp-content\/uploads\/2026\/01\/Usos-del-aplicador.jpg",800,800,false],"post_slider_layout_square_large":["https:\/\/xn--uascoquetas-1db.co\/wp-content\/uploads\/2026\/01\/Usos-del-aplicador.jpg",800,800,false],"post_slider_layout_landscape":["https:\/\/xn--uascoquetas-1db.co\/wp-content\/uploads\/2026\/01\/Usos-del-aplicador-600x400.jpg",600,400,true],"post_slider_layout_portrait":["https:\/\/xn--uascoquetas-1db.co\/wp-content\/uploads\/2026\/01\/Usos-del-aplicador-600x800.jpg",600,800,true],"post_slider_layout_square":["https:\/\/xn--uascoquetas-1db.co\/wp-content\/uploads\/2026\/01\/Usos-del-aplicador-600x600.jpg",600,600,true],"vw-kids-homepage-thumb":["https:\/\/xn--uascoquetas-1db.co\/wp-content\/uploads\/2026\/01\/Usos-del-aplicador-240x145.jpg",240,145,true],"woocommerce_thumbnail":["https:\/\/xn--uascoquetas-1db.co\/wp-content\/uploads\/2026\/01\/Usos-del-aplicador-300x300.jpg",300,300,true],"woocommerce_single":["https:\/\/xn--uascoquetas-1db.co\/wp-content\/uploads\/2026\/01\/Usos-del-aplicador-600x600.jpg",600,600,true],"woocommerce_gallery_thumbnail":["https:\/\/xn--uascoquetas-1db.co\/wp-content\/uploads\/2026\/01\/Usos-del-aplicador-100x100.jpg",100,100,true],"variation_swatches_image_size":["https:\/\/xn--uascoquetas-1db.co\/wp-content\/uploads\/2026\/01\/Usos-del-aplicador-50x50.jpg",50,50,true],"variation_swatches_tooltip_size":["https:\/\/xn--uascoquetas-1db.co\/wp-content\/uploads\/2026\/01\/Usos-del-aplicador-100x100.jpg",100,100,true]},"uagb_author_info":{"display_name":"U\u00f1as Coquetas","author_link":"https:\/\/xn--uascoquetas-1db.co\/?author=0"},"uagb_comment_info":0,"uagb_excerpt":"Pincel marca Extranjera Gen\u00e9rica, Pincel aplicador de pigmentos en silicona.","jetpack_sharing_enabled":true,"jetpack-related-posts":[{"id":10396,"url":"https:\/\/xn--uascoquetas-1db.co\/?product=aplicador-de-pigmentos-en-silicona-pincel","url_meta":{"origin":11148,"position":0},"title":"Aplicador de Pigmentos en silicona  &#8211; Pincel","author":"U\u00f1as Coquetas","date":"27\/06\/2025","format":false,"excerpt":"Set de stamp pen para u\u00f1as marca Extranjera Gen\u00e9rica, motivos florales, mariposas y hojas.","rel":"","context":"Entrada similar","block_context":{"text":"Entrada similar","link":""},"img":{"alt_text":"","src":"https:\/\/i0.wp.com\/xn--uascoquetas-1db.co\/wp-content\/uploads\/2025\/06\/Aplicador-de-pigmentos-negro.jpg?resize=350%2C200&ssl=1","width":350,"height":200,"srcset":"https:\/\/i0.wp.com\/xn--uascoquetas-1db.co\/wp-content\/uploads\/2025\/06\/Aplicador-de-pigmentos-negro.jpg?resize=350%2C200&ssl=1 1x, https:\/\/i0.wp.com\/xn--uascoquetas-1db.co\/wp-content\/uploads\/2025\/06\/Aplicador-de-pigmentos-negro.jpg?resize=525%2C300&ssl=1 1.5x, https:\/\/i0.wp.com\/xn--uascoquetas-1db.co\/wp-content\/uploads\/2025\/06\/Aplicador-de-pigmentos-negro.jpg?resize=700%2C400&ssl=1 2x"},"classes":[]},{"id":6749,"url":"https:\/\/xn--uascoquetas-1db.co\/?product=set-x-5-linner-acrilicos-difuminado-con-tapa-rosado-pinceles","url_meta":{"origin":11148,"position":1},"title":"Set x 5 linner + acr\u00edlicos + difuminado Con tapa rosado &#8211; Pinceles","author":"U\u00f1as Coquetas","date":"17\/11\/2023","format":false,"excerpt":"Pinceles marca Extranjera Gen\u00e9rica, set de pinceles para uso profesional, delineados, difuminados y t\u00e9cnicas para u\u00f1as artificiales..","rel":"","context":"Entrada similar","block_context":{"text":"Entrada similar","link":""},"img":{"alt_text":"177. Set x 5 pinceles rosa","src":"https:\/\/i0.wp.com\/xn--uascoquetas-1db.co\/wp-content\/uploads\/2023\/11\/177.-Set-x-5-Pinceles-rosa-800px_Mesa-de-trabajo-1.jpg?resize=350%2C200&ssl=1","width":350,"height":200,"srcset":"https:\/\/i0.wp.com\/xn--uascoquetas-1db.co\/wp-content\/uploads\/2023\/11\/177.-Set-x-5-Pinceles-rosa-800px_Mesa-de-trabajo-1.jpg?resize=350%2C200&ssl=1 1x, https:\/\/i0.wp.com\/xn--uascoquetas-1db.co\/wp-content\/uploads\/2023\/11\/177.-Set-x-5-Pinceles-rosa-800px_Mesa-de-trabajo-1.jpg?resize=525%2C300&ssl=1 1.5x, https:\/\/i0.wp.com\/xn--uascoquetas-1db.co\/wp-content\/uploads\/2023\/11\/177.-Set-x-5-Pinceles-rosa-800px_Mesa-de-trabajo-1.jpg?resize=700%2C400&ssl=1 2x"},"classes":[]},{"id":6746,"url":"https:\/\/xn--uascoquetas-1db.co\/?product=set-x-5-linner-acrilicos-difuminado-con-tapa-negro-pinceles","url_meta":{"origin":11148,"position":2},"title":"Set x 5 linner + acr\u00edlicos + difuminado Con tapa negro &#8211; Pinceles","author":"U\u00f1as Coquetas","date":"17\/11\/2023","format":false,"excerpt":"Pinceles marca Extranjera Gen\u00e9rica, set de pinceles para uso profesional, delineados, difuminados y t\u00e9cnicas para u\u00f1as artificiales..","rel":"","context":"Entrada similar","block_context":{"text":"Entrada similar","link":""},"img":{"alt_text":"136. Set 5 pinceles negros","src":"https:\/\/i0.wp.com\/xn--uascoquetas-1db.co\/wp-content\/uploads\/2023\/11\/136.-Set-x-5-pinceles-800px_Mesa-de-trabajo-1.jpg?resize=350%2C200&ssl=1","width":350,"height":200,"srcset":"https:\/\/i0.wp.com\/xn--uascoquetas-1db.co\/wp-content\/uploads\/2023\/11\/136.-Set-x-5-pinceles-800px_Mesa-de-trabajo-1.jpg?resize=350%2C200&ssl=1 1x, https:\/\/i0.wp.com\/xn--uascoquetas-1db.co\/wp-content\/uploads\/2023\/11\/136.-Set-x-5-pinceles-800px_Mesa-de-trabajo-1.jpg?resize=525%2C300&ssl=1 1.5x, https:\/\/i0.wp.com\/xn--uascoquetas-1db.co\/wp-content\/uploads\/2023\/11\/136.-Set-x-5-pinceles-800px_Mesa-de-trabajo-1.jpg?resize=700%2C400&ssl=1 2x"},"classes":[]},{"id":7227,"url":"https:\/\/xn--uascoquetas-1db.co\/?product=pincel-dual-acrilicas-gel-y-sistemas-artificiales-pinceles","url_meta":{"origin":11148,"position":3},"title":"Pincel dual acr\u00edlicas, gel y sistemas artificiales &#8211; Pinceles","author":"U\u00f1as Coquetas","date":"18\/01\/2024","format":false,"excerpt":"Pincel para uso profesional, delineados, difuminados y t\u00e9cnicas para u\u00f1as artificiales.","rel":"","context":"Entrada similar","block_context":{"text":"Entrada similar","link":""},"img":{"alt_text":"Pincel dual acr\u00edlicas, gel y sistemas artificiales","src":"https:\/\/i0.wp.com\/xn--uascoquetas-1db.co\/wp-content\/uploads\/2024\/01\/Portada-pincel_800-PX.jpg?resize=350%2C200&ssl=1","width":350,"height":200,"srcset":"https:\/\/i0.wp.com\/xn--uascoquetas-1db.co\/wp-content\/uploads\/2024\/01\/Portada-pincel_800-PX.jpg?resize=350%2C200&ssl=1 1x, https:\/\/i0.wp.com\/xn--uascoquetas-1db.co\/wp-content\/uploads\/2024\/01\/Portada-pincel_800-PX.jpg?resize=525%2C300&ssl=1 1.5x, https:\/\/i0.wp.com\/xn--uascoquetas-1db.co\/wp-content\/uploads\/2024\/01\/Portada-pincel_800-PX.jpg?resize=700%2C400&ssl=1 2x"},"classes":[]},{"id":9697,"url":"https:\/\/xn--uascoquetas-1db.co\/?product=pincel-acuarela-no-4-mango-de-madera-pinceles","url_meta":{"origin":11148,"position":4},"title":"Pincel Acuarela No. 4 mango de madera &#8211; Pinceles","author":"U\u00f1as Coquetas","date":"23\/01\/2025","format":false,"excerpt":"Pinceles marca Extranjera Gen\u00e9rica, pincel para acuarelas y difuminados.","rel":"","context":"Entrada similar","block_context":{"text":"Entrada similar","link":""},"img":{"alt_text":"","src":"https:\/\/i0.wp.com\/xn--uascoquetas-1db.co\/wp-content\/uploads\/2025\/01\/Acuarela-4.jpg?resize=350%2C200&ssl=1","width":350,"height":200,"srcset":"https:\/\/i0.wp.com\/xn--uascoquetas-1db.co\/wp-content\/uploads\/2025\/01\/Acuarela-4.jpg?resize=350%2C200&ssl=1 1x, https:\/\/i0.wp.com\/xn--uascoquetas-1db.co\/wp-content\/uploads\/2025\/01\/Acuarela-4.jpg?resize=525%2C300&ssl=1 1.5x, https:\/\/i0.wp.com\/xn--uascoquetas-1db.co\/wp-content\/uploads\/2025\/01\/Acuarela-4.jpg?resize=700%2C400&ssl=1 2x"},"classes":[]},{"id":6741,"url":"https:\/\/xn--uascoquetas-1db.co\/?product=set-3-unidades-linner-grueso-7-9-y-13-mm-pinceles","url_meta":{"origin":11148,"position":5},"title":"Set 3 unidades cerda gruesa, 7 , 9 y 13 mm &#8211; Pinceles","author":"U\u00f1as Coquetas","date":"17\/11\/2023","format":false,"excerpt":"Pinceles marca Extranjera Gen\u00e9rica, set de pinceles para difuminados y reversa.","rel":"","context":"Entrada similar","block_context":{"text":"Entrada similar","link":""},"img":{"alt_text":"159. set pinceles","src":"https:\/\/i0.wp.com\/xn--uascoquetas-1db.co\/wp-content\/uploads\/2023\/11\/159.-Set-x-3-800-px_Mesa-de-trabajo-1.jpg?resize=350%2C200&ssl=1","width":350,"height":200,"srcset":"https:\/\/i0.wp.com\/xn--uascoquetas-1db.co\/wp-content\/uploads\/2023\/11\/159.-Set-x-3-800-px_Mesa-de-trabajo-1.jpg?resize=350%2C200&ssl=1 1x, https:\/\/i0.wp.com\/xn--uascoquetas-1db.co\/wp-content\/uploads\/2023\/11\/159.-Set-x-3-800-px_Mesa-de-trabajo-1.jpg?resize=525%2C300&ssl=1 1.5x, https:\/\/i0.wp.com\/xn--uascoquetas-1db.co\/wp-content\/uploads\/2023\/11\/159.-Set-x-3-800-px_Mesa-de-trabajo-1.jpg?resize=700%2C400&ssl=1 2x"},"classes":[]}],"_links":{"self":[{"href":"https:\/\/xn--uascoquetas-1db.co\/index.php?rest_route=\/wp\/v2\/product\/11148","targetHints":{"allow":["GET"]}}],"collection":[{"href":"https:\/\/xn--uascoquetas-1db.co\/index.php?rest_route=\/wp\/v2\/product"}],"about":[{"href":"https:\/\/xn--uascoquetas-1db.co\/index.php?rest_route=\/wp\/v2\/types\/product"}],"replies":[{"embeddable":true,"href":"https:\/\/xn--uascoquetas-1db.co\/index.php?rest_route=%2Fwp%2Fv2%2Fcomments&post=11148"}],"wp:featuredmedia":[{"embeddable":true,"href":"https:\/\/xn--uascoquetas-1db.co\/index.php?rest_route=\/wp\/v2\/media\/11155"}],"wp:attachment":[{"href":"https:\/\/xn--uascoquetas-1db.co\/index.php?rest_route=%2Fwp%2Fv2%2Fmedia&parent=11148"}],"wp:term":[{"taxonomy":"product_brand","embeddable":true,"href":"https:\/\/xn--uascoquetas-1db.co\/index.php?rest_route=%2Fwp%2Fv2%2Fproduct_brand&post=11148"},{"taxonomy":"product_cat","embeddable":true,"href":"https:\/\/xn--uascoquetas-1db.co\/index.php?rest_route=%2Fwp%2Fv2%2Fproduct_cat&post=11148"},{"taxonomy":"product_tag","embeddable":true,"href":"https:\/\/xn--uascoquetas-1db.co\/index.php?rest_route=%2Fwp%2Fv2%2Fproduct_tag&post=11148"}],"curies":[{"name":"wp","href":"https:\/\/api.w.org\/{rel}","templated":true}]}}