{"id":11202,"date":"2026-01-30T17:51:24","date_gmt":"2026-01-30T22:51:24","guid":{"rendered":"https:\/\/xn--uascoquetas-1db.co\/?post_type=product&#038;p=11202"},"modified":"2026-04-04T15:45:25","modified_gmt":"2026-04-04T20:45:25","slug":"iman-3-en-1-para-efectos-ojo-de-gato","status":"publish","type":"product","link":"https:\/\/xn--uascoquetas-1db.co\/?product=iman-3-en-1-para-efectos-ojo-de-gato","title":{"rendered":"Im\u00e1n 3 en 1 para efectos ojo de gato"},"content":{"rendered":"<p>Im\u00e1n 3 en 1 para activar efectos ojo de gato, tradicional o semipermanente. Ergon\u00f3mico, potente y con diferentes formas para facilitar y agilizar el proceso de activaci\u00f3n de los pigmentos magn\u00e9ticos.<\/p>\n<p>Un (1) Im\u00e1n<br \/>\nArt\u00edculo completamente nuevo<br \/>\nTama\u00f1o del mango: 15 cm<\/p>\n<p>Tama\u00f1o de los imanes:<\/p>\n<p>Imanes cil\u00edndricos de 8 cm y 6 cm de di\u00e1metro<\/p>\n<p>Im\u00e1n rectangular de 3 cm de longitud.<\/p>\n<p>&nbsp;<\/p>\n","protected":false},"excerpt":{"rendered":"<p>Im\u00e1n para activar los esmaltes magn\u00e9ticos, ojo de gato.<\/p>\n","protected":false},"featured_media":11207,"comment_status":"open","ping_status":"closed","template":"","meta":{"_regular_price":["17000"],"currency_symbol":[],"_uag_custom_page_level_css":""},"product_brand":[],"product_cat":[47,277],"product_tag":[],"class_list":{"0":"post-11202","1":"product","2":"type-product","3":"status-publish","4":"has-post-thumbnail","6":"product_cat-materiales","7":"product_cat-variados","8":"pa_color-blanco","9":"pa_color-rosado","11":"first","12":"instock","13":"purchasable","14":"product-type-simple"},"post_slider_layout_featured_media_urls":{"thumbnail":["https:\/\/xn--uascoquetas-1db.co\/wp-content\/uploads\/2026\/01\/Iman-3-en-1-portada-1-150x150.jpg",150,150,true],"post_slider_layout_landscape_large":["https:\/\/xn--uascoquetas-1db.co\/wp-content\/uploads\/2026\/01\/Iman-3-en-1-portada-1.jpg",800,800,false],"post_slider_layout_portrait_large":["https:\/\/xn--uascoquetas-1db.co\/wp-content\/uploads\/2026\/01\/Iman-3-en-1-portada-1.jpg",800,800,false],"post_slider_layout_square_large":["https:\/\/xn--uascoquetas-1db.co\/wp-content\/uploads\/2026\/01\/Iman-3-en-1-portada-1.jpg",800,800,false],"post_slider_layout_landscape":["https:\/\/xn--uascoquetas-1db.co\/wp-content\/uploads\/2026\/01\/Iman-3-en-1-portada-1-600x400.jpg",600,400,true],"post_slider_layout_portrait":["https:\/\/xn--uascoquetas-1db.co\/wp-content\/uploads\/2026\/01\/Iman-3-en-1-portada-1-600x800.jpg",600,800,true],"post_slider_layout_square":["https:\/\/xn--uascoquetas-1db.co\/wp-content\/uploads\/2026\/01\/Iman-3-en-1-portada-1-600x600.jpg",600,600,true],"full":["https:\/\/xn--uascoquetas-1db.co\/wp-content\/uploads\/2026\/01\/Iman-3-en-1-portada-1.jpg",800,800,false]},"uagb_featured_image_src":{"full":["https:\/\/xn--uascoquetas-1db.co\/wp-content\/uploads\/2026\/01\/Iman-3-en-1-portada-1.jpg",800,800,false],"thumbnail":["https:\/\/xn--uascoquetas-1db.co\/wp-content\/uploads\/2026\/01\/Iman-3-en-1-portada-1-150x150.jpg",150,150,true],"medium":["https:\/\/xn--uascoquetas-1db.co\/wp-content\/uploads\/2026\/01\/Iman-3-en-1-portada-1-300x300.jpg",300,300,true],"medium_large":["https:\/\/xn--uascoquetas-1db.co\/wp-content\/uploads\/2026\/01\/Iman-3-en-1-portada-1-768x768.jpg",640,640,true],"large":["https:\/\/xn--uascoquetas-1db.co\/wp-content\/uploads\/2026\/01\/Iman-3-en-1-portada-1.jpg",640,640,false],"1536x1536":["https:\/\/xn--uascoquetas-1db.co\/wp-content\/uploads\/2026\/01\/Iman-3-en-1-portada-1.jpg",800,800,false],"2048x2048":["https:\/\/xn--uascoquetas-1db.co\/wp-content\/uploads\/2026\/01\/Iman-3-en-1-portada-1.jpg",800,800,false],"post_slider_layout_landscape_large":["https:\/\/xn--uascoquetas-1db.co\/wp-content\/uploads\/2026\/01\/Iman-3-en-1-portada-1.jpg",800,800,false],"post_slider_layout_portrait_large":["https:\/\/xn--uascoquetas-1db.co\/wp-content\/uploads\/2026\/01\/Iman-3-en-1-portada-1.jpg",800,800,false],"post_slider_layout_square_large":["https:\/\/xn--uascoquetas-1db.co\/wp-content\/uploads\/2026\/01\/Iman-3-en-1-portada-1.jpg",800,800,false],"post_slider_layout_landscape":["https:\/\/xn--uascoquetas-1db.co\/wp-content\/uploads\/2026\/01\/Iman-3-en-1-portada-1-600x400.jpg",600,400,true],"post_slider_layout_portrait":["https:\/\/xn--uascoquetas-1db.co\/wp-content\/uploads\/2026\/01\/Iman-3-en-1-portada-1-600x800.jpg",600,800,true],"post_slider_layout_square":["https:\/\/xn--uascoquetas-1db.co\/wp-content\/uploads\/2026\/01\/Iman-3-en-1-portada-1-600x600.jpg",600,600,true],"vw-kids-homepage-thumb":["https:\/\/xn--uascoquetas-1db.co\/wp-content\/uploads\/2026\/01\/Iman-3-en-1-portada-1-240x145.jpg",240,145,true],"woocommerce_thumbnail":["https:\/\/xn--uascoquetas-1db.co\/wp-content\/uploads\/2026\/01\/Iman-3-en-1-portada-1-300x300.jpg",300,300,true],"woocommerce_single":["https:\/\/xn--uascoquetas-1db.co\/wp-content\/uploads\/2026\/01\/Iman-3-en-1-portada-1-600x600.jpg",600,600,true],"woocommerce_gallery_thumbnail":["https:\/\/xn--uascoquetas-1db.co\/wp-content\/uploads\/2026\/01\/Iman-3-en-1-portada-1-100x100.jpg",100,100,true],"variation_swatches_image_size":["https:\/\/xn--uascoquetas-1db.co\/wp-content\/uploads\/2026\/01\/Iman-3-en-1-portada-1-50x50.jpg",50,50,true],"variation_swatches_tooltip_size":["https:\/\/xn--uascoquetas-1db.co\/wp-content\/uploads\/2026\/01\/Iman-3-en-1-portada-1-100x100.jpg",100,100,true]},"uagb_author_info":{"display_name":"U\u00f1as Coquetas","author_link":"https:\/\/xn--uascoquetas-1db.co\/?author=0"},"uagb_comment_info":0,"uagb_excerpt":"Im\u00e1n para activar los esmaltes magn\u00e9ticos, ojo de gato.","jetpack_sharing_enabled":true,"jetpack-related-posts":[{"id":11191,"url":"https:\/\/xn--uascoquetas-1db.co\/?product=iman-5d-para-efectos-ojo-de-gato","url_meta":{"origin":11202,"position":0},"title":"Im\u00e1n 5D para efectos ojo de gato","author":"U\u00f1as Coquetas","date":"30\/01\/2026","format":false,"excerpt":"Im\u00e1n para activar los esmaltes magn\u00e9ticos, ojo de gato.","rel":"","context":"Entrada similar","block_context":{"text":"Entrada similar","link":""},"img":{"alt_text":"","src":"https:\/\/i0.wp.com\/xn--uascoquetas-1db.co\/wp-content\/uploads\/2026\/01\/Iman-blanco-con-dedo.jpg?resize=350%2C200&ssl=1","width":350,"height":200,"srcset":"https:\/\/i0.wp.com\/xn--uascoquetas-1db.co\/wp-content\/uploads\/2026\/01\/Iman-blanco-con-dedo.jpg?resize=350%2C200&ssl=1 1x, https:\/\/i0.wp.com\/xn--uascoquetas-1db.co\/wp-content\/uploads\/2026\/01\/Iman-blanco-con-dedo.jpg?resize=525%2C300&ssl=1 1.5x, https:\/\/i0.wp.com\/xn--uascoquetas-1db.co\/wp-content\/uploads\/2026\/01\/Iman-blanco-con-dedo.jpg?resize=700%2C400&ssl=1 2x"},"classes":[]},{"id":10832,"url":"https:\/\/xn--uascoquetas-1db.co\/?product=iman-ojo-de-gato","url_meta":{"origin":11202,"position":1},"title":"Im\u00e1n para efectos ojo de gato &#8211; Forma a elecci\u00f3n","author":"U\u00f1as Coquetas","date":"30\/09\/2025","format":false,"excerpt":"Im\u00e1n para activar los esmaltes magn\u00e9ticos, ojo de gato.","rel":"","context":"Entrada similar","block_context":{"text":"Entrada similar","link":""},"img":{"alt_text":"","src":"https:\/\/i0.wp.com\/xn--uascoquetas-1db.co\/wp-content\/uploads\/2025\/09\/rn-image_picker_lib_temp_afbced4b-4e48-47b4-9a21-c1f317010669.webp?resize=350%2C200&ssl=1","width":350,"height":200,"srcset":"https:\/\/i0.wp.com\/xn--uascoquetas-1db.co\/wp-content\/uploads\/2025\/09\/rn-image_picker_lib_temp_afbced4b-4e48-47b4-9a21-c1f317010669.webp?resize=350%2C200&ssl=1 1x, https:\/\/i0.wp.com\/xn--uascoquetas-1db.co\/wp-content\/uploads\/2025\/09\/rn-image_picker_lib_temp_afbced4b-4e48-47b4-9a21-c1f317010669.webp?resize=525%2C300&ssl=1 1.5x"},"classes":[]},{"id":11208,"url":"https:\/\/xn--uascoquetas-1db.co\/?product=iman-rectangular-para-efectos-ojo-de-gato","url_meta":{"origin":11202,"position":2},"title":"Im\u00e1n rectangular  para efectos ojo de gato","author":"U\u00f1as Coquetas","date":"30\/01\/2026","format":false,"excerpt":"Im\u00e1n para activar los esmaltes magn\u00e9ticos, ojo de gato.","rel":"","context":"Entrada similar","block_context":{"text":"Entrada similar","link":""},"img":{"alt_text":"","src":"https:\/\/i0.wp.com\/xn--uascoquetas-1db.co\/wp-content\/uploads\/2026\/01\/Iman.jpg?resize=350%2C200&ssl=1","width":350,"height":200,"srcset":"https:\/\/i0.wp.com\/xn--uascoquetas-1db.co\/wp-content\/uploads\/2026\/01\/Iman.jpg?resize=350%2C200&ssl=1 1x, https:\/\/i0.wp.com\/xn--uascoquetas-1db.co\/wp-content\/uploads\/2026\/01\/Iman.jpg?resize=525%2C300&ssl=1 1.5x, https:\/\/i0.wp.com\/xn--uascoquetas-1db.co\/wp-content\/uploads\/2026\/01\/Iman.jpg?resize=700%2C400&ssl=1 2x"},"classes":[]},{"id":11402,"url":"https:\/\/xn--uascoquetas-1db.co\/?product=dunicat-pro-iman","url_meta":{"origin":11202,"position":3},"title":"D&#8217;unicat Pro &#8211; Im\u00e1n","author":"U\u00f1as Coquetas","date":"30\/03\/2026","format":false,"excerpt":"Im\u00e1n para activar los esmaltes magn\u00e9ticos, ojo de gato.","rel":"","context":"Entrada similar","block_context":{"text":"Entrada similar","link":""},"img":{"alt_text":"","src":"https:\/\/i0.wp.com\/xn--uascoquetas-1db.co\/wp-content\/uploads\/2026\/03\/Dunicat-2.jpg?resize=350%2C200&ssl=1","width":350,"height":200,"srcset":"https:\/\/i0.wp.com\/xn--uascoquetas-1db.co\/wp-content\/uploads\/2026\/03\/Dunicat-2.jpg?resize=350%2C200&ssl=1 1x, https:\/\/i0.wp.com\/xn--uascoquetas-1db.co\/wp-content\/uploads\/2026\/03\/Dunicat-2.jpg?resize=525%2C300&ssl=1 1.5x, https:\/\/i0.wp.com\/xn--uascoquetas-1db.co\/wp-content\/uploads\/2026\/03\/Dunicat-2.jpg?resize=700%2C400&ssl=1 2x"},"classes":[]},{"id":11212,"url":"https:\/\/xn--uascoquetas-1db.co\/?product=iman-gatito-potente-para-efectos-ojo-de-gato","url_meta":{"origin":11202,"position":4},"title":"Im\u00e1n gatito potente para efectos ojo de gato","author":"U\u00f1as Coquetas","date":"30\/01\/2026","format":false,"excerpt":"Im\u00e1n para activar los esmaltes magn\u00e9ticos, ojo de gato.","rel":"","context":"Entrada similar","block_context":{"text":"Entrada similar","link":""},"img":{"alt_text":"","src":"https:\/\/i0.wp.com\/xn--uascoquetas-1db.co\/wp-content\/uploads\/2026\/01\/Rosado-iman.jpg?resize=350%2C200&ssl=1","width":350,"height":200,"srcset":"https:\/\/i0.wp.com\/xn--uascoquetas-1db.co\/wp-content\/uploads\/2026\/01\/Rosado-iman.jpg?resize=350%2C200&ssl=1 1x, https:\/\/i0.wp.com\/xn--uascoquetas-1db.co\/wp-content\/uploads\/2026\/01\/Rosado-iman.jpg?resize=525%2C300&ssl=1 1.5x, https:\/\/i0.wp.com\/xn--uascoquetas-1db.co\/wp-content\/uploads\/2026\/01\/Rosado-iman.jpg?resize=700%2C400&ssl=1 2x"},"classes":[]},{"id":10686,"url":"https:\/\/xn--uascoquetas-1db.co\/?product=esmalte-ojo-de-gato-tonos-a-eleccion-duniverse-colors","url_meta":{"origin":11202,"position":5},"title":"Esmalte ojo de gato tonos a elecci\u00f3n &#8211; Duniverse Colors","author":"U\u00f1as Coquetas","date":"21\/08\/2025","format":false,"excerpt":"Esmalte de secado al aire marca Colombiana D'universe Colors, efectos impresionantes que se activan magn\u00e9ticamente con im\u00e1n, com\u00fanmente llamados Ojo de Gato.","rel":"","context":"Entrada similar","block_context":{"text":"Entrada similar","link":""},"img":{"alt_text":"","src":"https:\/\/i0.wp.com\/xn--uascoquetas-1db.co\/wp-content\/uploads\/2025\/08\/Nebula-una-1.jpg?resize=350%2C200&ssl=1","width":350,"height":200,"srcset":"https:\/\/i0.wp.com\/xn--uascoquetas-1db.co\/wp-content\/uploads\/2025\/08\/Nebula-una-1.jpg?resize=350%2C200&ssl=1 1x, https:\/\/i0.wp.com\/xn--uascoquetas-1db.co\/wp-content\/uploads\/2025\/08\/Nebula-una-1.jpg?resize=525%2C300&ssl=1 1.5x, https:\/\/i0.wp.com\/xn--uascoquetas-1db.co\/wp-content\/uploads\/2025\/08\/Nebula-una-1.jpg?resize=700%2C400&ssl=1 2x"},"classes":[]}],"_links":{"self":[{"href":"https:\/\/xn--uascoquetas-1db.co\/index.php?rest_route=\/wp\/v2\/product\/11202","targetHints":{"allow":["GET"]}}],"collection":[{"href":"https:\/\/xn--uascoquetas-1db.co\/index.php?rest_route=\/wp\/v2\/product"}],"about":[{"href":"https:\/\/xn--uascoquetas-1db.co\/index.php?rest_route=\/wp\/v2\/types\/product"}],"replies":[{"embeddable":true,"href":"https:\/\/xn--uascoquetas-1db.co\/index.php?rest_route=%2Fwp%2Fv2%2Fcomments&post=11202"}],"wp:featuredmedia":[{"embeddable":true,"href":"https:\/\/xn--uascoquetas-1db.co\/index.php?rest_route=\/wp\/v2\/media\/11207"}],"wp:attachment":[{"href":"https:\/\/xn--uascoquetas-1db.co\/index.php?rest_route=%2Fwp%2Fv2%2Fmedia&parent=11202"}],"wp:term":[{"taxonomy":"product_brand","embeddable":true,"href":"https:\/\/xn--uascoquetas-1db.co\/index.php?rest_route=%2Fwp%2Fv2%2Fproduct_brand&post=11202"},{"taxonomy":"product_cat","embeddable":true,"href":"https:\/\/xn--uascoquetas-1db.co\/index.php?rest_route=%2Fwp%2Fv2%2Fproduct_cat&post=11202"},{"taxonomy":"product_tag","embeddable":true,"href":"https:\/\/xn--uascoquetas-1db.co\/index.php?rest_route=%2Fwp%2Fv2%2Fproduct_tag&post=11202"}],"curies":[{"name":"wp","href":"https:\/\/api.w.org\/{rel}","templated":true}]}}