{"id":11268,"date":"2026-02-11T18:13:58","date_gmt":"2026-02-11T23:13:58","guid":{"rendered":"https:\/\/xn--uascoquetas-1db.co\/?post_type=product&#038;p=11268"},"modified":"2026-03-06T15:40:47","modified_gmt":"2026-03-06T20:40:47","slug":"tarjeteros-para-raspadores-y-placas-mdu-gata-marie","status":"publish","type":"product","link":"https:\/\/xn--uascoquetas-1db.co\/?product=tarjeteros-para-raspadores-y-placas-mdu-gata-marie","title":{"rendered":"Tarjeteros para raspadores y placas  MDU &#8211; Gata Marie"},"content":{"rendered":"<p>Estuche organizador de tarjetas y\/o placas de estampar marca Mundo de U\u00f1as. Portada estilo Gata Marie.<\/p>\n<h2>Descripci\u00f3n<\/h2>\n<p>Art\u00edculo completamente nuevo<\/p>\n<p>Un (1) estuche &#8211; \u00datil para organizar cualquier tipo de tarjeta.<br \/>\nEn la t\u00e9cnica de estampado de u\u00f1as, puedes guardar tus tarjetas raspadoras y placas de estampar de la marca Mundo de U\u00f1as.<br \/>\nDise\u00f1o simple y de moda, totalmente funcional y pr\u00e1ctico.<\/p>\n<p>Material: Sint\u00e9tico<br \/>\nCapacidad: 20 ranuras<br \/>\nTama\u00f1o: 11,5 cm x 8 cm aproximadamente. 2 cm de ancho.<br \/>\nM\u00e9todo de apertura: Hebilla<\/p>\n<p>El estuche est\u00e1 fabricado con materiales resistentes al desgaste e impermeables, que no son f\u00e1ciles de da\u00f1ar y garantizan una vida \u00fatil a largo plazo.<br \/>\nPort\u00e1til: Es peque\u00f1a, ligera y f\u00e1cil de transportar, satisfaciendo las necesidades de los usuarios para llevar varias tarjetas cuando viajan.<br \/>\nRegalo ideal: el bonito dise\u00f1o de dibujos animados no solo es adecuado para su propio uso, sino que tambi\u00e9n se puede usar como regalo para amigos y familiares. Con su practicidad y belleza, es una opci\u00f3n de regalo ideal.<\/p>\n<h2>Nota:<\/h2>\n<p>1. Debido a la medici\u00f3n manual, permita un error de 1-3mm.<br \/>\n2. Como los diferentes ordenadores muestran diferentes colores, gracias por su comprensi\u00f3n, el color real del producto puede ser ligeramente diferente de la imagen.<br \/>\n3. Es s\u00f3lo un organizador, est\u00e1 vac\u00edo.<\/p>\n<p>&nbsp;<\/p>\n","protected":false},"excerpt":{"rendered":"<table width=\"375\">\n<tbody>\n<tr>\n<td width=\"375\">Organizador marca Extranjera Gen\u00e9rica, Miniestuche con motivo de Gata Marie<\/td>\n<\/tr>\n<\/tbody>\n<\/table>\n","protected":false},"featured_media":11270,"comment_status":"open","ping_status":"closed","template":"","meta":{"_regular_price":["24000"],"currency_symbol":[],"_uag_custom_page_level_css":""},"product_brand":[],"product_cat":[180,47],"product_tag":[189],"class_list":{"0":"post-11268","1":"product","2":"type-product","3":"status-publish","4":"has-post-thumbnail","6":"product_cat-estuches","7":"product_cat-materiales","8":"product_tag-estuches","9":"product_shipping_class-paquete-pequeno","11":"first","12":"outofstock","13":"purchasable","14":"product-type-simple"},"post_slider_layout_featured_media_urls":{"thumbnail":["https:\/\/xn--uascoquetas-1db.co\/wp-content\/uploads\/2026\/02\/Portada-Gata-Marie-150x150.jpg",150,150,true],"post_slider_layout_landscape_large":["https:\/\/xn--uascoquetas-1db.co\/wp-content\/uploads\/2026\/02\/Portada-Gata-Marie.jpg",800,800,false],"post_slider_layout_portrait_large":["https:\/\/xn--uascoquetas-1db.co\/wp-content\/uploads\/2026\/02\/Portada-Gata-Marie.jpg",800,800,false],"post_slider_layout_square_large":["https:\/\/xn--uascoquetas-1db.co\/wp-content\/uploads\/2026\/02\/Portada-Gata-Marie.jpg",800,800,false],"post_slider_layout_landscape":["https:\/\/xn--uascoquetas-1db.co\/wp-content\/uploads\/2026\/02\/Portada-Gata-Marie-600x400.jpg",600,400,true],"post_slider_layout_portrait":["https:\/\/xn--uascoquetas-1db.co\/wp-content\/uploads\/2026\/02\/Portada-Gata-Marie-600x800.jpg",600,800,true],"post_slider_layout_square":["https:\/\/xn--uascoquetas-1db.co\/wp-content\/uploads\/2026\/02\/Portada-Gata-Marie-600x600.jpg",600,600,true],"full":["https:\/\/xn--uascoquetas-1db.co\/wp-content\/uploads\/2026\/02\/Portada-Gata-Marie.jpg",800,800,false]},"uagb_featured_image_src":{"full":["https:\/\/xn--uascoquetas-1db.co\/wp-content\/uploads\/2026\/02\/Portada-Gata-Marie.jpg",800,800,false],"thumbnail":["https:\/\/xn--uascoquetas-1db.co\/wp-content\/uploads\/2026\/02\/Portada-Gata-Marie-150x150.jpg",150,150,true],"medium":["https:\/\/xn--uascoquetas-1db.co\/wp-content\/uploads\/2026\/02\/Portada-Gata-Marie-300x300.jpg",300,300,true],"medium_large":["https:\/\/xn--uascoquetas-1db.co\/wp-content\/uploads\/2026\/02\/Portada-Gata-Marie-768x768.jpg",640,640,true],"large":["https:\/\/xn--uascoquetas-1db.co\/wp-content\/uploads\/2026\/02\/Portada-Gata-Marie.jpg",640,640,false],"1536x1536":["https:\/\/xn--uascoquetas-1db.co\/wp-content\/uploads\/2026\/02\/Portada-Gata-Marie.jpg",800,800,false],"2048x2048":["https:\/\/xn--uascoquetas-1db.co\/wp-content\/uploads\/2026\/02\/Portada-Gata-Marie.jpg",800,800,false],"post_slider_layout_landscape_large":["https:\/\/xn--uascoquetas-1db.co\/wp-content\/uploads\/2026\/02\/Portada-Gata-Marie.jpg",800,800,false],"post_slider_layout_portrait_large":["https:\/\/xn--uascoquetas-1db.co\/wp-content\/uploads\/2026\/02\/Portada-Gata-Marie.jpg",800,800,false],"post_slider_layout_square_large":["https:\/\/xn--uascoquetas-1db.co\/wp-content\/uploads\/2026\/02\/Portada-Gata-Marie.jpg",800,800,false],"post_slider_layout_landscape":["https:\/\/xn--uascoquetas-1db.co\/wp-content\/uploads\/2026\/02\/Portada-Gata-Marie-600x400.jpg",600,400,true],"post_slider_layout_portrait":["https:\/\/xn--uascoquetas-1db.co\/wp-content\/uploads\/2026\/02\/Portada-Gata-Marie-600x800.jpg",600,800,true],"post_slider_layout_square":["https:\/\/xn--uascoquetas-1db.co\/wp-content\/uploads\/2026\/02\/Portada-Gata-Marie-600x600.jpg",600,600,true],"vw-kids-homepage-thumb":["https:\/\/xn--uascoquetas-1db.co\/wp-content\/uploads\/2026\/02\/Portada-Gata-Marie-240x145.jpg",240,145,true],"woocommerce_thumbnail":["https:\/\/xn--uascoquetas-1db.co\/wp-content\/uploads\/2026\/02\/Portada-Gata-Marie-300x300.jpg",300,300,true],"woocommerce_single":["https:\/\/xn--uascoquetas-1db.co\/wp-content\/uploads\/2026\/02\/Portada-Gata-Marie-600x600.jpg",600,600,true],"woocommerce_gallery_thumbnail":["https:\/\/xn--uascoquetas-1db.co\/wp-content\/uploads\/2026\/02\/Portada-Gata-Marie-100x100.jpg",100,100,true],"variation_swatches_image_size":["https:\/\/xn--uascoquetas-1db.co\/wp-content\/uploads\/2026\/02\/Portada-Gata-Marie-50x50.jpg",50,50,true],"variation_swatches_tooltip_size":["https:\/\/xn--uascoquetas-1db.co\/wp-content\/uploads\/2026\/02\/Portada-Gata-Marie-100x100.jpg",100,100,true]},"uagb_author_info":{"display_name":"U\u00f1as Coquetas","author_link":"https:\/\/xn--uascoquetas-1db.co\/?author=0"},"uagb_comment_info":0,"uagb_excerpt":"Organizador marca Extranjera Gen\u00e9rica, Miniestuche con motivo de Gata Marie","jetpack_sharing_enabled":true,"jetpack-related-posts":[{"id":7549,"url":"https:\/\/xn--uascoquetas-1db.co\/?product=tarjeteros-para-raspadores-y-placas-mdu-pompompurin","url_meta":{"origin":11268,"position":0},"title":"Tarjeteros para raspadores y placas  MDU &#8211; Pompompurin","author":"U\u00f1as Coquetas","date":"06\/03\/2024","format":false,"excerpt":"Organizador marca Extranjera Gen\u00e9rica, Miniestuche con motivo de Sanrio, Pompompurin","rel":"","context":"Entrada similar","block_context":{"text":"Entrada similar","link":""},"img":{"alt_text":"Pompompurin estuche tarjetero","src":"https:\/\/i0.wp.com\/xn--uascoquetas-1db.co\/wp-content\/uploads\/2024\/03\/Tarjetero-Pompompurin_800-PX.jpg?resize=350%2C200&ssl=1","width":350,"height":200,"srcset":"https:\/\/i0.wp.com\/xn--uascoquetas-1db.co\/wp-content\/uploads\/2024\/03\/Tarjetero-Pompompurin_800-PX.jpg?resize=350%2C200&ssl=1 1x, https:\/\/i0.wp.com\/xn--uascoquetas-1db.co\/wp-content\/uploads\/2024\/03\/Tarjetero-Pompompurin_800-PX.jpg?resize=525%2C300&ssl=1 1.5x, https:\/\/i0.wp.com\/xn--uascoquetas-1db.co\/wp-content\/uploads\/2024\/03\/Tarjetero-Pompompurin_800-PX.jpg?resize=700%2C400&ssl=1 2x"},"classes":[]},{"id":7259,"url":"https:\/\/xn--uascoquetas-1db.co\/?product=tarjeteros-para-raspadores-y-placas-mdu-astronauta-organizador","url_meta":{"origin":11268,"position":1},"title":"Tarjeteros para raspadores y placas  MDU &#8211; Astronauta &#8211; Organizador","author":"U\u00f1as Coquetas","date":"24\/01\/2024","format":false,"excerpt":"Organizador marca Extranjera Gen\u00e9rica, Miniestuche con motivo de zorro astronauta","rel":"","context":"Entrada similar","block_context":{"text":"Entrada similar","link":""},"img":{"alt_text":"Tarjetero astronauta","src":"https:\/\/i0.wp.com\/xn--uascoquetas-1db.co\/wp-content\/uploads\/2024\/01\/Tarjetero-oso-astronauta_800-PX.jpg?resize=350%2C200&ssl=1","width":350,"height":200,"srcset":"https:\/\/i0.wp.com\/xn--uascoquetas-1db.co\/wp-content\/uploads\/2024\/01\/Tarjetero-oso-astronauta_800-PX.jpg?resize=350%2C200&ssl=1 1x, https:\/\/i0.wp.com\/xn--uascoquetas-1db.co\/wp-content\/uploads\/2024\/01\/Tarjetero-oso-astronauta_800-PX.jpg?resize=525%2C300&ssl=1 1.5x, https:\/\/i0.wp.com\/xn--uascoquetas-1db.co\/wp-content\/uploads\/2024\/01\/Tarjetero-oso-astronauta_800-PX.jpg?resize=700%2C400&ssl=1 2x"},"classes":[]},{"id":7255,"url":"https:\/\/xn--uascoquetas-1db.co\/?product=tarjeteros-para-raspadores-y-placas-mdu-kuromi","url_meta":{"origin":11268,"position":2},"title":"Tarjeteros para raspadores y placas MDU &#8211; Kuromi","author":"U\u00f1as Coquetas","date":"24\/01\/2024","format":false,"excerpt":"Organizador marca Extranjera Gen\u00e9rica, Miniestuche con motivo de Kuromi","rel":"","context":"Entrada similar","block_context":{"text":"Entrada similar","link":""},"img":{"alt_text":"Tarjetero Kuromi","src":"https:\/\/i0.wp.com\/xn--uascoquetas-1db.co\/wp-content\/uploads\/2024\/01\/kuromi_800-PX.jpg?resize=350%2C200&ssl=1","width":350,"height":200,"srcset":"https:\/\/i0.wp.com\/xn--uascoquetas-1db.co\/wp-content\/uploads\/2024\/01\/kuromi_800-PX.jpg?resize=350%2C200&ssl=1 1x, https:\/\/i0.wp.com\/xn--uascoquetas-1db.co\/wp-content\/uploads\/2024\/01\/kuromi_800-PX.jpg?resize=525%2C300&ssl=1 1.5x, https:\/\/i0.wp.com\/xn--uascoquetas-1db.co\/wp-content\/uploads\/2024\/01\/kuromi_800-PX.jpg?resize=700%2C400&ssl=1 2x"},"classes":[]},{"id":5735,"url":"https:\/\/xn--uascoquetas-1db.co\/?product=tarjeteros-para-raspadores-y-mini-placas-negro-organizador","url_meta":{"origin":11268,"position":3},"title":"Tarjeteros para raspadores y mini placas &#8211; Negro &#8211; Organizador","author":"U\u00f1as Coquetas","date":"02\/10\/2023","format":false,"excerpt":"Organizador marca Extranjera Gen\u00e9rica, estuche para raspadores negro","rel":"","context":"Entrada similar","block_context":{"text":"Entrada similar","link":""},"img":{"alt_text":"Estuche para raspadores negro","src":"https:\/\/i0.wp.com\/xn--uascoquetas-1db.co\/wp-content\/uploads\/2023\/10\/Tarjetero-negro-01-800x800_Mesa-de-trabajo-1.jpg?resize=350%2C200&ssl=1","width":350,"height":200,"srcset":"https:\/\/i0.wp.com\/xn--uascoquetas-1db.co\/wp-content\/uploads\/2023\/10\/Tarjetero-negro-01-800x800_Mesa-de-trabajo-1.jpg?resize=350%2C200&ssl=1 1x, https:\/\/i0.wp.com\/xn--uascoquetas-1db.co\/wp-content\/uploads\/2023\/10\/Tarjetero-negro-01-800x800_Mesa-de-trabajo-1.jpg?resize=525%2C300&ssl=1 1.5x, https:\/\/i0.wp.com\/xn--uascoquetas-1db.co\/wp-content\/uploads\/2023\/10\/Tarjetero-negro-01-800x800_Mesa-de-trabajo-1.jpg?resize=700%2C400&ssl=1 2x"},"classes":[]},{"id":5732,"url":"https:\/\/xn--uascoquetas-1db.co\/?product=tarjeteros-para-raspadores-y-mini-placas-verde-organizador","url_meta":{"origin":11268,"position":4},"title":"Tarjeteros para raspadores y mini placas &#8211; Verde &#8211; Organizador","author":"U\u00f1as Coquetas","date":"02\/10\/2023","format":false,"excerpt":"Organizador marca Extranjera Gen\u00e9rica, estuche para raspadores","rel":"","context":"Entrada similar","block_context":{"text":"Entrada similar","link":""},"img":{"alt_text":"Estuche raspadores verde","src":"https:\/\/i0.wp.com\/xn--uascoquetas-1db.co\/wp-content\/uploads\/2023\/10\/Tarjetero-verde-01-800x800_Mesa-de-trabajo-1.jpg?resize=350%2C200&ssl=1","width":350,"height":200,"srcset":"https:\/\/i0.wp.com\/xn--uascoquetas-1db.co\/wp-content\/uploads\/2023\/10\/Tarjetero-verde-01-800x800_Mesa-de-trabajo-1.jpg?resize=350%2C200&ssl=1 1x, https:\/\/i0.wp.com\/xn--uascoquetas-1db.co\/wp-content\/uploads\/2023\/10\/Tarjetero-verde-01-800x800_Mesa-de-trabajo-1.jpg?resize=525%2C300&ssl=1 1.5x, https:\/\/i0.wp.com\/xn--uascoquetas-1db.co\/wp-content\/uploads\/2023\/10\/Tarjetero-verde-01-800x800_Mesa-de-trabajo-1.jpg?resize=700%2C400&ssl=1 2x"},"classes":[]},{"id":5724,"url":"https:\/\/xn--uascoquetas-1db.co\/?product=estuche-mediano-125-x8-20-puestos-morado-organizador","url_meta":{"origin":11268,"position":5},"title":"Estuche mediano (12,5 x8) 20 puestos &#8211; Organizador","author":"U\u00f1as Coquetas","date":"02\/10\/2023","format":false,"excerpt":"Organizador marca Extranjera Gen\u00e9rica, estuche fucsia mediano, placas de 6 x 12 cm","rel":"","context":"Entrada similar","block_context":{"text":"Entrada similar","link":""},"img":{"alt_text":"","src":"https:\/\/i0.wp.com\/xn--uascoquetas-1db.co\/wp-content\/uploads\/2023\/10\/Fucsia.png?resize=350%2C200&ssl=1","width":350,"height":200,"srcset":"https:\/\/i0.wp.com\/xn--uascoquetas-1db.co\/wp-content\/uploads\/2023\/10\/Fucsia.png?resize=350%2C200&ssl=1 1x, https:\/\/i0.wp.com\/xn--uascoquetas-1db.co\/wp-content\/uploads\/2023\/10\/Fucsia.png?resize=525%2C300&ssl=1 1.5x, https:\/\/i0.wp.com\/xn--uascoquetas-1db.co\/wp-content\/uploads\/2023\/10\/Fucsia.png?resize=700%2C400&ssl=1 2x"},"classes":[]}],"_links":{"self":[{"href":"https:\/\/xn--uascoquetas-1db.co\/index.php?rest_route=\/wp\/v2\/product\/11268","targetHints":{"allow":["GET"]}}],"collection":[{"href":"https:\/\/xn--uascoquetas-1db.co\/index.php?rest_route=\/wp\/v2\/product"}],"about":[{"href":"https:\/\/xn--uascoquetas-1db.co\/index.php?rest_route=\/wp\/v2\/types\/product"}],"replies":[{"embeddable":true,"href":"https:\/\/xn--uascoquetas-1db.co\/index.php?rest_route=%2Fwp%2Fv2%2Fcomments&post=11268"}],"wp:featuredmedia":[{"embeddable":true,"href":"https:\/\/xn--uascoquetas-1db.co\/index.php?rest_route=\/wp\/v2\/media\/11270"}],"wp:attachment":[{"href":"https:\/\/xn--uascoquetas-1db.co\/index.php?rest_route=%2Fwp%2Fv2%2Fmedia&parent=11268"}],"wp:term":[{"taxonomy":"product_brand","embeddable":true,"href":"https:\/\/xn--uascoquetas-1db.co\/index.php?rest_route=%2Fwp%2Fv2%2Fproduct_brand&post=11268"},{"taxonomy":"product_cat","embeddable":true,"href":"https:\/\/xn--uascoquetas-1db.co\/index.php?rest_route=%2Fwp%2Fv2%2Fproduct_cat&post=11268"},{"taxonomy":"product_tag","embeddable":true,"href":"https:\/\/xn--uascoquetas-1db.co\/index.php?rest_route=%2Fwp%2Fv2%2Fproduct_tag&post=11268"}],"curies":[{"name":"wp","href":"https:\/\/api.w.org\/{rel}","templated":true}]}}