{"id":11306,"date":"2026-02-20T11:29:12","date_gmt":"2026-02-20T16:29:12","guid":{"rendered":"https:\/\/xn--uascoquetas-1db.co\/?post_type=product&#038;p=11306"},"modified":"2026-03-06T14:40:04","modified_gmt":"2026-03-06T19:40:04","slug":"uc-013-shojo-to-shonen-2-placa-metalica-doble-unas-coquetas-preventa","status":"publish","type":"product","link":"https:\/\/xn--uascoquetas-1db.co\/?product=uc-013-shojo-to-shonen-2-placa-metalica-doble-unas-coquetas-preventa","title":{"rendered":"UC-013 Shojo To Shonen 2 &#8211; Placa met\u00e1lica doble &#8211; U\u00f1as Coquetas PREVENTA"},"content":{"rendered":"<p>Este producto es un lanzamiento y est\u00e1 en PREVENTA, se empezar\u00e1 a despachar desde finales de febrero.<\/p>\n<p>Placa met\u00e1lica Marca U\u00f1as Coquetas, dos en una (tiene dise\u00f1os por ambos lados de la placa).<\/p>\n<h2><strong>Caracter\u00edsticas<\/strong><\/h2>\n<p>Una placa Rectangular<\/p>\n<p>Art\u00edculo completamente nuevo<\/p>\n<p>Tama\u00f1o: 6 X 12 cm<\/p>\n<p>Material: Acero inoxidable<\/p>\n<h2><strong>Recomendaciones<\/strong><\/h2>\n<p>Es posible aplicar removedor sin acetona. Si es muy grasoso, limpiar con un poco de alcohol para recoger el dise\u00f1o con mayor facilidad.<\/p>\n<p>&nbsp;<\/p>\n","protected":false},"excerpt":{"rendered":"<table width=\"375\">\n<tbody>\n<tr>\n<td width=\"375\">Placa met\u00e1lica doble para estampar u\u00f1as, marca Colombiana U\u00f1as Coquetas con hermosas figuras de anime, Naruto, Dragon Ball, Kaijuu No. 8, Death Note, Solo Leveling, Sailor Moon, Fullmetal Alchemist, entre otros.<\/td>\n<\/tr>\n<\/tbody>\n<\/table>\n","protected":false},"featured_media":11309,"comment_status":"open","ping_status":"closed","template":"","meta":{"_regular_price":["25000"],"currency_symbol":[],"_uag_custom_page_level_css":""},"product_brand":[],"product_cat":[24,25,275],"product_tag":[35,39,41],"class_list":{"0":"post-11306","1":"product","2":"type-product","3":"status-publish","4":"has-post-thumbnail","6":"product_cat-placas-de-estampar","7":"product_cat-unas-coquetas","8":"product_cat-unas-coquetas-estandar","9":"product_tag-anime","10":"product_tag-metalico","11":"product_tag-stamping","12":"product_shipping_class-paquete-pequeno","14":"first","15":"instock","16":"taxable","17":"shipping-taxable","18":"purchasable","19":"product-type-simple"},"post_slider_layout_featured_media_urls":{"thumbnail":["https:\/\/xn--uascoquetas-1db.co\/wp-content\/uploads\/2026\/02\/Shojo-to-Shonen-2-Doble-150x150.jpg",150,150,true],"post_slider_layout_landscape_large":["https:\/\/xn--uascoquetas-1db.co\/wp-content\/uploads\/2026\/02\/Shojo-to-Shonen-2-Doble-1080x800.jpg",1080,800,true],"post_slider_layout_portrait_large":["https:\/\/xn--uascoquetas-1db.co\/wp-content\/uploads\/2026\/02\/Shojo-to-Shonen-2-Doble.jpg",1080,1080,false],"post_slider_layout_square_large":["https:\/\/xn--uascoquetas-1db.co\/wp-content\/uploads\/2026\/02\/Shojo-to-Shonen-2-Doble.jpg",1080,1080,false],"post_slider_layout_landscape":["https:\/\/xn--uascoquetas-1db.co\/wp-content\/uploads\/2026\/02\/Shojo-to-Shonen-2-Doble-600x400.jpg",600,400,true],"post_slider_layout_portrait":["https:\/\/xn--uascoquetas-1db.co\/wp-content\/uploads\/2026\/02\/Shojo-to-Shonen-2-Doble-600x900.jpg",600,900,true],"post_slider_layout_square":["https:\/\/xn--uascoquetas-1db.co\/wp-content\/uploads\/2026\/02\/Shojo-to-Shonen-2-Doble-600x600.jpg",600,600,true],"full":["https:\/\/xn--uascoquetas-1db.co\/wp-content\/uploads\/2026\/02\/Shojo-to-Shonen-2-Doble.jpg",1080,1080,false]},"uagb_featured_image_src":{"full":["https:\/\/xn--uascoquetas-1db.co\/wp-content\/uploads\/2026\/02\/Shojo-to-Shonen-2-Doble.jpg",1080,1080,false],"thumbnail":["https:\/\/xn--uascoquetas-1db.co\/wp-content\/uploads\/2026\/02\/Shojo-to-Shonen-2-Doble-150x150.jpg",150,150,true],"medium":["https:\/\/xn--uascoquetas-1db.co\/wp-content\/uploads\/2026\/02\/Shojo-to-Shonen-2-Doble-300x300.jpg",300,300,true],"medium_large":["https:\/\/xn--uascoquetas-1db.co\/wp-content\/uploads\/2026\/02\/Shojo-to-Shonen-2-Doble-768x768.jpg",640,640,true],"large":["https:\/\/xn--uascoquetas-1db.co\/wp-content\/uploads\/2026\/02\/Shojo-to-Shonen-2-Doble-1024x1024.jpg",640,640,true],"1536x1536":["https:\/\/xn--uascoquetas-1db.co\/wp-content\/uploads\/2026\/02\/Shojo-to-Shonen-2-Doble.jpg",1080,1080,false],"2048x2048":["https:\/\/xn--uascoquetas-1db.co\/wp-content\/uploads\/2026\/02\/Shojo-to-Shonen-2-Doble.jpg",1080,1080,false],"post_slider_layout_landscape_large":["https:\/\/xn--uascoquetas-1db.co\/wp-content\/uploads\/2026\/02\/Shojo-to-Shonen-2-Doble-1080x800.jpg",1080,800,true],"post_slider_layout_portrait_large":["https:\/\/xn--uascoquetas-1db.co\/wp-content\/uploads\/2026\/02\/Shojo-to-Shonen-2-Doble.jpg",1080,1080,false],"post_slider_layout_square_large":["https:\/\/xn--uascoquetas-1db.co\/wp-content\/uploads\/2026\/02\/Shojo-to-Shonen-2-Doble.jpg",1080,1080,false],"post_slider_layout_landscape":["https:\/\/xn--uascoquetas-1db.co\/wp-content\/uploads\/2026\/02\/Shojo-to-Shonen-2-Doble-600x400.jpg",600,400,true],"post_slider_layout_portrait":["https:\/\/xn--uascoquetas-1db.co\/wp-content\/uploads\/2026\/02\/Shojo-to-Shonen-2-Doble-600x900.jpg",600,900,true],"post_slider_layout_square":["https:\/\/xn--uascoquetas-1db.co\/wp-content\/uploads\/2026\/02\/Shojo-to-Shonen-2-Doble-600x600.jpg",600,600,true],"vw-kids-homepage-thumb":["https:\/\/xn--uascoquetas-1db.co\/wp-content\/uploads\/2026\/02\/Shojo-to-Shonen-2-Doble-240x145.jpg",240,145,true],"woocommerce_thumbnail":["https:\/\/xn--uascoquetas-1db.co\/wp-content\/uploads\/2026\/02\/Shojo-to-Shonen-2-Doble-300x300.jpg",300,300,true],"woocommerce_single":["https:\/\/xn--uascoquetas-1db.co\/wp-content\/uploads\/2026\/02\/Shojo-to-Shonen-2-Doble-600x600.jpg",600,600,true],"woocommerce_gallery_thumbnail":["https:\/\/xn--uascoquetas-1db.co\/wp-content\/uploads\/2026\/02\/Shojo-to-Shonen-2-Doble-100x100.jpg",100,100,true],"variation_swatches_image_size":["https:\/\/xn--uascoquetas-1db.co\/wp-content\/uploads\/2026\/02\/Shojo-to-Shonen-2-Doble-50x50.jpg",50,50,true],"variation_swatches_tooltip_size":["https:\/\/xn--uascoquetas-1db.co\/wp-content\/uploads\/2026\/02\/Shojo-to-Shonen-2-Doble-100x100.jpg",100,100,true]},"uagb_author_info":{"display_name":"U\u00f1as Coquetas","author_link":"https:\/\/xn--uascoquetas-1db.co\/?author=0"},"uagb_comment_info":0,"uagb_excerpt":"Placa met\u00e1lica doble para estampar u\u00f1as, marca Colombiana U\u00f1as Coquetas con hermosas figuras de anime, Naruto, Dragon Ball, Kaijuu No. 8, Death Note, Solo Leveling, Sailor Moon, Fullmetal Alchemist, entre otros.","jetpack_sharing_enabled":true,"jetpack-related-posts":[{"id":11302,"url":"https:\/\/xn--uascoquetas-1db.co\/?product=uc-013-belleza-hipnotica-placa-metalica-doble-unas-coquetas-preventa","url_meta":{"origin":11306,"position":0},"title":"UC-012 Belleza Hipn\u00f3tica &#8211; Placa met\u00e1lica doble &#8211; U\u00f1as Coquetas PREVENTA","author":"U\u00f1as Coquetas","date":"20\/02\/2026","format":false,"excerpt":"Placa met\u00e1lica doble para estampar u\u00f1as, marca Colombiana U\u00f1as Coquetas con hermosas figuras en espacios negativos, texturas, difuminados y puntos.","rel":"","context":"Entrada similar","block_context":{"text":"Entrada similar","link":""},"img":{"alt_text":"","src":"https:\/\/i0.wp.com\/xn--uascoquetas-1db.co\/wp-content\/uploads\/2026\/02\/Belleza-hipnotica-11.jpg?resize=350%2C200&ssl=1","width":350,"height":200,"srcset":"https:\/\/i0.wp.com\/xn--uascoquetas-1db.co\/wp-content\/uploads\/2026\/02\/Belleza-hipnotica-11.jpg?resize=350%2C200&ssl=1 1x, https:\/\/i0.wp.com\/xn--uascoquetas-1db.co\/wp-content\/uploads\/2026\/02\/Belleza-hipnotica-11.jpg?resize=525%2C300&ssl=1 1.5x, https:\/\/i0.wp.com\/xn--uascoquetas-1db.co\/wp-content\/uploads\/2026\/02\/Belleza-hipnotica-11.jpg?resize=700%2C400&ssl=1 2x, https:\/\/i0.wp.com\/xn--uascoquetas-1db.co\/wp-content\/uploads\/2026\/02\/Belleza-hipnotica-11.jpg?resize=1050%2C600&ssl=1 3x"},"classes":[]},{"id":7112,"url":"https:\/\/xn--uascoquetas-1db.co\/?product=miniuc-003-padres-mini-placa-metalica-doble-unas-coquetas","url_meta":{"origin":11306,"position":1},"title":"MINIUC-003 Padres &#8211; Mini placa met\u00e1lica doble &#8211; U\u00f1as Coquetas","author":"U\u00f1as Coquetas","date":"26\/12\/2023","format":false,"excerpt":"Mini placa met\u00e1lica doble para estampar u\u00f1as, marca Colombiana U\u00f1as Coquetas con hermosas figuras de d\u00eda del padre y de la madre. \u00a0","rel":"","context":"Entrada similar","block_context":{"text":"Entrada similar","link":""},"img":{"alt_text":"","src":"https:\/\/i0.wp.com\/xn--uascoquetas-1db.co\/wp-content\/uploads\/2023\/12\/Padres-800px.jpg?resize=350%2C200&ssl=1","width":350,"height":200,"srcset":"https:\/\/i0.wp.com\/xn--uascoquetas-1db.co\/wp-content\/uploads\/2023\/12\/Padres-800px.jpg?resize=350%2C200&ssl=1 1x, https:\/\/i0.wp.com\/xn--uascoquetas-1db.co\/wp-content\/uploads\/2023\/12\/Padres-800px.jpg?resize=525%2C300&ssl=1 1.5x, https:\/\/i0.wp.com\/xn--uascoquetas-1db.co\/wp-content\/uploads\/2023\/12\/Padres-800px.jpg?resize=700%2C400&ssl=1 2x"},"classes":[]},{"id":7129,"url":"https:\/\/xn--uascoquetas-1db.co\/?product=miniuc-009-bellos-paises-mini-placa-metalica-doble-unas-coquetas","url_meta":{"origin":11306,"position":2},"title":"MINIUC-009 Bellos pa\u00edses &#8211; Mini placa met\u00e1lica doble &#8211; U\u00f1as Coquetas","author":"U\u00f1as Coquetas","date":"26\/12\/2023","format":false,"excerpt":"Mini placa met\u00e1lica doble para estampar u\u00f1as, marca Colombiana U\u00f1as Coquetas con hermosas figuras de Colombia y M\u00e9xico.","rel":"","context":"Entrada similar","block_context":{"text":"Entrada similar","link":""},"img":{"alt_text":"","src":"https:\/\/i0.wp.com\/xn--uascoquetas-1db.co\/wp-content\/uploads\/2023\/12\/Bellos-paises-800px.jpg?resize=350%2C200&ssl=1","width":350,"height":200,"srcset":"https:\/\/i0.wp.com\/xn--uascoquetas-1db.co\/wp-content\/uploads\/2023\/12\/Bellos-paises-800px.jpg?resize=350%2C200&ssl=1 1x, https:\/\/i0.wp.com\/xn--uascoquetas-1db.co\/wp-content\/uploads\/2023\/12\/Bellos-paises-800px.jpg?resize=525%2C300&ssl=1 1.5x, https:\/\/i0.wp.com\/xn--uascoquetas-1db.co\/wp-content\/uploads\/2023\/12\/Bellos-paises-800px.jpg?resize=700%2C400&ssl=1 2x"},"classes":[]},{"id":9618,"url":"https:\/\/xn--uascoquetas-1db.co\/?product=miniuc-018-veloz-mini-placa-metalica-doble-unas-coquetas","url_meta":{"origin":11306,"position":3},"title":"MINIUC-018 Veloz &#8211; Mini placa met\u00e1lica doble &#8211; U\u00f1as Coquetas","author":"U\u00f1as Coquetas","date":"24\/12\/2024","format":false,"excerpt":"Mini placa met\u00e1lica doble para estampar u\u00f1as, marca Colombiana U\u00f1as Coquetas con hermosas figuras de bicicleta, runner, atletismo, motos, patines.","rel":"","context":"Entrada similar","block_context":{"text":"Entrada similar","link":""},"img":{"alt_text":"","src":"https:\/\/i0.wp.com\/xn--uascoquetas-1db.co\/wp-content\/uploads\/2024\/12\/MINI-UC18-VELOZ-ML.jpg?resize=350%2C200&ssl=1","width":350,"height":200,"srcset":"https:\/\/i0.wp.com\/xn--uascoquetas-1db.co\/wp-content\/uploads\/2024\/12\/MINI-UC18-VELOZ-ML.jpg?resize=350%2C200&ssl=1 1x, https:\/\/i0.wp.com\/xn--uascoquetas-1db.co\/wp-content\/uploads\/2024\/12\/MINI-UC18-VELOZ-ML.jpg?resize=525%2C300&ssl=1 1.5x, https:\/\/i0.wp.com\/xn--uascoquetas-1db.co\/wp-content\/uploads\/2024\/12\/MINI-UC18-VELOZ-ML.jpg?resize=700%2C400&ssl=1 2x"},"classes":[]},{"id":7110,"url":"https:\/\/xn--uascoquetas-1db.co\/?product=miniuc-002-pandas-mini-placa-metalica-doble-unas-coquetas","url_meta":{"origin":11306,"position":4},"title":"MINIUC-002 Pandas &#8211; Mini placa met\u00e1lica doble &#8211; U\u00f1as Coquetas","author":"U\u00f1as Coquetas","date":"26\/12\/2023","format":false,"excerpt":"Mini placa met\u00e1lica doble para estampar u\u00f1as, marca Colombiana U\u00f1as Coquetas con hermosas figuras de animales, Pandas tiernos.","rel":"","context":"Entrada similar","block_context":{"text":"Entrada similar","link":""},"img":{"alt_text":"","src":"https:\/\/i0.wp.com\/xn--uascoquetas-1db.co\/wp-content\/uploads\/2023\/12\/Pandas-800px.jpg?resize=350%2C200&ssl=1","width":350,"height":200,"srcset":"https:\/\/i0.wp.com\/xn--uascoquetas-1db.co\/wp-content\/uploads\/2023\/12\/Pandas-800px.jpg?resize=350%2C200&ssl=1 1x, https:\/\/i0.wp.com\/xn--uascoquetas-1db.co\/wp-content\/uploads\/2023\/12\/Pandas-800px.jpg?resize=525%2C300&ssl=1 1.5x, https:\/\/i0.wp.com\/xn--uascoquetas-1db.co\/wp-content\/uploads\/2023\/12\/Pandas-800px.jpg?resize=700%2C400&ssl=1 2x"},"classes":[]},{"id":7117,"url":"https:\/\/xn--uascoquetas-1db.co\/?product=miniuc-004-sanadora-mini-placa-metalica-doble-unas-coquetas","url_meta":{"origin":11306,"position":5},"title":"MINIUC-004 Sanadora &#8211; Mini placa met\u00e1lica doble &#8211; U\u00f1as Coquetas","author":"U\u00f1as Coquetas","date":"26\/12\/2023","format":false,"excerpt":"Mini placa met\u00e1lica doble para estampar u\u00f1as, marca Colombiana U\u00f1as Coquetas con hermosas figuras de enfermeras, enfermedades, c\u00e1ncer, medicinas.","rel":"","context":"Entrada similar","block_context":{"text":"Entrada similar","link":""},"img":{"alt_text":"","src":"https:\/\/i0.wp.com\/xn--uascoquetas-1db.co\/wp-content\/uploads\/2023\/12\/Sanadora-800px.jpg?resize=350%2C200&ssl=1","width":350,"height":200,"srcset":"https:\/\/i0.wp.com\/xn--uascoquetas-1db.co\/wp-content\/uploads\/2023\/12\/Sanadora-800px.jpg?resize=350%2C200&ssl=1 1x, https:\/\/i0.wp.com\/xn--uascoquetas-1db.co\/wp-content\/uploads\/2023\/12\/Sanadora-800px.jpg?resize=525%2C300&ssl=1 1.5x, https:\/\/i0.wp.com\/xn--uascoquetas-1db.co\/wp-content\/uploads\/2023\/12\/Sanadora-800px.jpg?resize=700%2C400&ssl=1 2x"},"classes":[]}],"_links":{"self":[{"href":"https:\/\/xn--uascoquetas-1db.co\/index.php?rest_route=\/wp\/v2\/product\/11306","targetHints":{"allow":["GET"]}}],"collection":[{"href":"https:\/\/xn--uascoquetas-1db.co\/index.php?rest_route=\/wp\/v2\/product"}],"about":[{"href":"https:\/\/xn--uascoquetas-1db.co\/index.php?rest_route=\/wp\/v2\/types\/product"}],"replies":[{"embeddable":true,"href":"https:\/\/xn--uascoquetas-1db.co\/index.php?rest_route=%2Fwp%2Fv2%2Fcomments&post=11306"}],"wp:featuredmedia":[{"embeddable":true,"href":"https:\/\/xn--uascoquetas-1db.co\/index.php?rest_route=\/wp\/v2\/media\/11309"}],"wp:attachment":[{"href":"https:\/\/xn--uascoquetas-1db.co\/index.php?rest_route=%2Fwp%2Fv2%2Fmedia&parent=11306"}],"wp:term":[{"taxonomy":"product_brand","embeddable":true,"href":"https:\/\/xn--uascoquetas-1db.co\/index.php?rest_route=%2Fwp%2Fv2%2Fproduct_brand&post=11306"},{"taxonomy":"product_cat","embeddable":true,"href":"https:\/\/xn--uascoquetas-1db.co\/index.php?rest_route=%2Fwp%2Fv2%2Fproduct_cat&post=11306"},{"taxonomy":"product_tag","embeddable":true,"href":"https:\/\/xn--uascoquetas-1db.co\/index.php?rest_route=%2Fwp%2Fv2%2Fproduct_tag&post=11306"}],"curies":[{"name":"wp","href":"https:\/\/api.w.org\/{rel}","templated":true}]}}