{"id":11319,"date":"2026-02-20T16:38:31","date_gmt":"2026-02-20T21:38:31","guid":{"rendered":"https:\/\/xn--uascoquetas-1db.co\/?post_type=product&#038;p=11319"},"modified":"2026-03-03T07:23:57","modified_gmt":"2026-03-03T12:23:57","slug":"kit-yo-amo-el-stamping-volumen-7-limitado-magenta-preventa","status":"publish","type":"product","link":"https:\/\/xn--uascoquetas-1db.co\/?product=kit-yo-amo-el-stamping-volumen-7-limitado-magenta-preventa","title":{"rendered":"Kit Yo Amo el Stamping Volumen 7 &#8211; Limitado -Magenta"},"content":{"rendered":"<p>Hermoso kit de lanzamiento de la placa Amo el Stamping Volumen 7.<\/p>\n<h2>DESCRIPCI\u00d3N<\/h2>\n<p>Dos placas de estampar acr\u00edlicas de 7 x 10 cm (Rugrats + Yo amo el Stamping Volumen 7)<\/p>\n<p>Dos esmaltes especiales para estampar, perlados, azul pastel y fucsia.<\/p>\n<p>Un estampador Star Profesional. Grande Holo, de colores al azar. (Hay holo, azul, fucsia)<\/p>\n<h2>RECOMENDACIONES<\/h2>\n<p>NO limpiar con acetona ni qu\u00edmicos fuertes.<br \/>\nLavar con frecuencia con agua y jab\u00f3n y dejar secar al aire libre.<br \/>\nNo manipular con elementos punzantes.<\/p>\n","protected":false},"excerpt":{"rendered":"<p>Kit limitado de lanzamiento de la placa Amo el Stamping Vol 7.<\/p>\n","protected":false},"featured_media":11320,"comment_status":"open","ping_status":"closed","template":"","meta":{"_regular_price":["46000"],"currency_symbol":[],"_uag_custom_page_level_css":""},"product_brand":[],"product_cat":[59,241],"product_tag":[78,41],"class_list":{"0":"post-11319","1":"product","2":"type-product","3":"status-publish","4":"has-post-thumbnail","6":"product_cat-kits-de-stamping","7":"product_cat-stamping","8":"product_tag-goma-transparente","9":"product_tag-stamping","10":"product_shipping_class-paquete-pequeno","12":"first","13":"instock","14":"purchasable","15":"product-type-simple"},"post_slider_layout_featured_media_urls":{"thumbnail":["https:\/\/xn--uascoquetas-1db.co\/wp-content\/uploads\/2026\/02\/Banner-modificado-150x150.jpg",150,150,true],"post_slider_layout_landscape_large":["https:\/\/xn--uascoquetas-1db.co\/wp-content\/uploads\/2026\/02\/Banner-modificado-825x800.jpg",825,800,true],"post_slider_layout_portrait_large":["https:\/\/xn--uascoquetas-1db.co\/wp-content\/uploads\/2026\/02\/Banner-modificado.jpg",825,1024,false],"post_slider_layout_square_large":["https:\/\/xn--uascoquetas-1db.co\/wp-content\/uploads\/2026\/02\/Banner-modificado.jpg",825,1024,false],"post_slider_layout_landscape":["https:\/\/xn--uascoquetas-1db.co\/wp-content\/uploads\/2026\/02\/Banner-modificado-600x400.jpg",600,400,true],"post_slider_layout_portrait":["https:\/\/xn--uascoquetas-1db.co\/wp-content\/uploads\/2026\/02\/Banner-modificado-600x900.jpg",600,900,true],"post_slider_layout_square":["https:\/\/xn--uascoquetas-1db.co\/wp-content\/uploads\/2026\/02\/Banner-modificado-600x600.jpg",600,600,true],"full":["https:\/\/xn--uascoquetas-1db.co\/wp-content\/uploads\/2026\/02\/Banner-modificado.jpg",825,1024,false]},"uagb_featured_image_src":{"full":["https:\/\/xn--uascoquetas-1db.co\/wp-content\/uploads\/2026\/02\/Banner-modificado.jpg",825,1024,false],"thumbnail":["https:\/\/xn--uascoquetas-1db.co\/wp-content\/uploads\/2026\/02\/Banner-modificado-150x150.jpg",150,150,true],"medium":["https:\/\/xn--uascoquetas-1db.co\/wp-content\/uploads\/2026\/02\/Banner-modificado-242x300.jpg",242,300,true],"medium_large":["https:\/\/xn--uascoquetas-1db.co\/wp-content\/uploads\/2026\/02\/Banner-modificado-768x953.jpg",640,794,true],"large":["https:\/\/xn--uascoquetas-1db.co\/wp-content\/uploads\/2026\/02\/Banner-modificado.jpg",640,794,false],"1536x1536":["https:\/\/xn--uascoquetas-1db.co\/wp-content\/uploads\/2026\/02\/Banner-modificado.jpg",825,1024,false],"2048x2048":["https:\/\/xn--uascoquetas-1db.co\/wp-content\/uploads\/2026\/02\/Banner-modificado.jpg",825,1024,false],"post_slider_layout_landscape_large":["https:\/\/xn--uascoquetas-1db.co\/wp-content\/uploads\/2026\/02\/Banner-modificado-825x800.jpg",825,800,true],"post_slider_layout_portrait_large":["https:\/\/xn--uascoquetas-1db.co\/wp-content\/uploads\/2026\/02\/Banner-modificado.jpg",825,1024,false],"post_slider_layout_square_large":["https:\/\/xn--uascoquetas-1db.co\/wp-content\/uploads\/2026\/02\/Banner-modificado.jpg",825,1024,false],"post_slider_layout_landscape":["https:\/\/xn--uascoquetas-1db.co\/wp-content\/uploads\/2026\/02\/Banner-modificado-600x400.jpg",600,400,true],"post_slider_layout_portrait":["https:\/\/xn--uascoquetas-1db.co\/wp-content\/uploads\/2026\/02\/Banner-modificado-600x900.jpg",600,900,true],"post_slider_layout_square":["https:\/\/xn--uascoquetas-1db.co\/wp-content\/uploads\/2026\/02\/Banner-modificado-600x600.jpg",600,600,true],"vw-kids-homepage-thumb":["https:\/\/xn--uascoquetas-1db.co\/wp-content\/uploads\/2026\/02\/Banner-modificado-240x145.jpg",240,145,true],"woocommerce_thumbnail":["https:\/\/xn--uascoquetas-1db.co\/wp-content\/uploads\/2026\/02\/Banner-modificado-300x300.jpg",300,300,true],"woocommerce_single":["https:\/\/xn--uascoquetas-1db.co\/wp-content\/uploads\/2026\/02\/Banner-modificado-600x745.jpg",600,745,true],"woocommerce_gallery_thumbnail":["https:\/\/xn--uascoquetas-1db.co\/wp-content\/uploads\/2026\/02\/Banner-modificado-100x100.jpg",100,100,true],"variation_swatches_image_size":["https:\/\/xn--uascoquetas-1db.co\/wp-content\/uploads\/2026\/02\/Banner-modificado-50x50.jpg",50,50,true],"variation_swatches_tooltip_size":["https:\/\/xn--uascoquetas-1db.co\/wp-content\/uploads\/2026\/02\/Banner-modificado-100x100.jpg",100,100,true]},"uagb_author_info":{"display_name":"U\u00f1as Coquetas","author_link":"https:\/\/xn--uascoquetas-1db.co\/?author=0"},"uagb_comment_info":0,"uagb_excerpt":"Kit limitado de lanzamiento de la placa Amo el Stamping Vol 7.","jetpack_sharing_enabled":true,"jetpack-related-posts":[{"id":10705,"url":"https:\/\/xn--uascoquetas-1db.co\/?product=kit-yo-amo-el-stamping-6-magenta-preventa","url_meta":{"origin":11319,"position":0},"title":"Kit Yo amo el Stamping 6 &#8211; Magenta &#8211; PREVENTA","author":"U\u00f1as Coquetas","date":"21\/08\/2025","format":false,"excerpt":"Kit de stamping Magenta, Yo amo el Stamping 6.","rel":"","context":"Entrada similar","block_context":{"text":"Entrada similar","link":""},"img":{"alt_text":"","src":"https:\/\/i0.wp.com\/xn--uascoquetas-1db.co\/wp-content\/uploads\/2025\/08\/Lanzamiento-AMS6.jpg?resize=350%2C200&ssl=1","width":350,"height":200,"srcset":"https:\/\/i0.wp.com\/xn--uascoquetas-1db.co\/wp-content\/uploads\/2025\/08\/Lanzamiento-AMS6.jpg?resize=350%2C200&ssl=1 1x, https:\/\/i0.wp.com\/xn--uascoquetas-1db.co\/wp-content\/uploads\/2025\/08\/Lanzamiento-AMS6.jpg?resize=525%2C300&ssl=1 1.5x, https:\/\/i0.wp.com\/xn--uascoquetas-1db.co\/wp-content\/uploads\/2025\/08\/Lanzamiento-AMS6.jpg?resize=700%2C400&ssl=1 2x, https:\/\/i0.wp.com\/xn--uascoquetas-1db.co\/wp-content\/uploads\/2025\/08\/Lanzamiento-AMS6.jpg?resize=1050%2C600&ssl=1 3x"},"classes":[]},{"id":10107,"url":"https:\/\/xn--uascoquetas-1db.co\/?product=kit-de-estampar-con-mini-placa-0005-amo-el-anime","url_meta":{"origin":11319,"position":1},"title":"Kit de estampar con mini placa &#8211; 0005 Amo el anime","author":"U\u00f1as Coquetas","date":"24\/04\/2025","format":false,"excerpt":"Set para estampar marca Colombiana U\u00f1as coquetas - Kit mini- 005 Amo el anime con figuras como Pucca, One Piece, Naruto. \u00a0","rel":"","context":"Entrada similar","block_context":{"text":"Entrada similar","link":""},"img":{"alt_text":"","src":"https:\/\/i0.wp.com\/xn--uascoquetas-1db.co\/wp-content\/uploads\/2025\/04\/126.-Amo-el-anime.jpg?resize=350%2C200&ssl=1","width":350,"height":200,"srcset":"https:\/\/i0.wp.com\/xn--uascoquetas-1db.co\/wp-content\/uploads\/2025\/04\/126.-Amo-el-anime.jpg?resize=350%2C200&ssl=1 1x, https:\/\/i0.wp.com\/xn--uascoquetas-1db.co\/wp-content\/uploads\/2025\/04\/126.-Amo-el-anime.jpg?resize=525%2C300&ssl=1 1.5x, https:\/\/i0.wp.com\/xn--uascoquetas-1db.co\/wp-content\/uploads\/2025\/04\/126.-Amo-el-anime.jpg?resize=700%2C400&ssl=1 2x"},"classes":[]},{"id":6253,"url":"https:\/\/xn--uascoquetas-1db.co\/?product=yo-amo-el-stamping-placa-acrilica-nail-art-magenta","url_meta":{"origin":11319,"position":2},"title":"Yo amo el stamp\u00edng &#8211; Placa acr\u00edlica &#8211; Nail Art Magenta","author":"U\u00f1as Coquetas","date":"23\/10\/2023","format":false,"excerpt":"Placa acr\u00edlica para estampar u\u00f1as, marca Colombiana Nail Art Magenta con hermosas figuras de mu\u00f1ecos, variada.","rel":"","context":"Entrada similar","block_context":{"text":"Entrada similar","link":""},"img":{"alt_text":"Yo amo el stamping Magenta","src":"https:\/\/i0.wp.com\/xn--uascoquetas-1db.co\/wp-content\/uploads\/2023\/10\/YO-AMO-EL-STAMPING-800x800_Mesa-de-trabajo-1.jpg?resize=350%2C200&ssl=1","width":350,"height":200,"srcset":"https:\/\/i0.wp.com\/xn--uascoquetas-1db.co\/wp-content\/uploads\/2023\/10\/YO-AMO-EL-STAMPING-800x800_Mesa-de-trabajo-1.jpg?resize=350%2C200&ssl=1 1x, https:\/\/i0.wp.com\/xn--uascoquetas-1db.co\/wp-content\/uploads\/2023\/10\/YO-AMO-EL-STAMPING-800x800_Mesa-de-trabajo-1.jpg?resize=525%2C300&ssl=1 1.5x, https:\/\/i0.wp.com\/xn--uascoquetas-1db.co\/wp-content\/uploads\/2023\/10\/YO-AMO-EL-STAMPING-800x800_Mesa-de-trabajo-1.jpg?resize=700%2C400&ssl=1 2x"},"classes":[]},{"id":7993,"url":"https:\/\/xn--uascoquetas-1db.co\/?product=yo-amo-el-stamping-3-placa-acrilica-nail-art-magenta","url_meta":{"origin":11319,"position":3},"title":"Yo amo el stamp\u00edng 3 &#8211; Placa acr\u00edlica &#8211; Nail Art Magenta","author":"U\u00f1as Coquetas","date":"10\/05\/2024","format":false,"excerpt":"Placa acr\u00edlica para estampar u\u00f1as, marca Colombiana Nail Art Magenta con hermosas figuras de mu\u00f1ecos, variada.","rel":"","context":"Entrada similar","block_context":{"text":"Entrada similar","link":""},"img":{"alt_text":"Yo amo el stamp\u00edng 3 Magenta","src":"https:\/\/i0.wp.com\/xn--uascoquetas-1db.co\/wp-content\/uploads\/2024\/05\/Amo-el-stamping-Vol-3_800-PX.jpg?resize=350%2C200&ssl=1","width":350,"height":200,"srcset":"https:\/\/i0.wp.com\/xn--uascoquetas-1db.co\/wp-content\/uploads\/2024\/05\/Amo-el-stamping-Vol-3_800-PX.jpg?resize=350%2C200&ssl=1 1x, https:\/\/i0.wp.com\/xn--uascoquetas-1db.co\/wp-content\/uploads\/2024\/05\/Amo-el-stamping-Vol-3_800-PX.jpg?resize=525%2C300&ssl=1 1.5x, https:\/\/i0.wp.com\/xn--uascoquetas-1db.co\/wp-content\/uploads\/2024\/05\/Amo-el-stamping-Vol-3_800-PX.jpg?resize=700%2C400&ssl=1 2x"},"classes":[]},{"id":11325,"url":"https:\/\/xn--uascoquetas-1db.co\/?product=yo-amo-el-stamping-7-placa-acrilica-nail-art-magenta","url_meta":{"origin":11319,"position":4},"title":"Yo amo el stamping 7 &#8211; Placa acr\u00edlica &#8211; Nail Art Magenta","author":"U\u00f1as Coquetas","date":"21\/02\/2026","format":false,"excerpt":"Placa acr\u00edlica para estampar u\u00f1as, marca Colombiana Nail Art Magenta con hermosas figuras de mu\u00f1ecos, variada Labubu, Gorillaz, 2ne1, ajolotes, parejas, jean, bolsillos.","rel":"","context":"Entrada similar","block_context":{"text":"Entrada similar","link":""},"img":{"alt_text":"","src":"https:\/\/i0.wp.com\/xn--uascoquetas-1db.co\/wp-content\/uploads\/2026\/02\/263.-amst-7-11.jpg?resize=350%2C200&ssl=1","width":350,"height":200,"srcset":"https:\/\/i0.wp.com\/xn--uascoquetas-1db.co\/wp-content\/uploads\/2026\/02\/263.-amst-7-11.jpg?resize=350%2C200&ssl=1 1x, https:\/\/i0.wp.com\/xn--uascoquetas-1db.co\/wp-content\/uploads\/2026\/02\/263.-amst-7-11.jpg?resize=525%2C300&ssl=1 1.5x, https:\/\/i0.wp.com\/xn--uascoquetas-1db.co\/wp-content\/uploads\/2026\/02\/263.-amst-7-11.jpg?resize=700%2C400&ssl=1 2x"},"classes":[]},{"id":9264,"url":"https:\/\/xn--uascoquetas-1db.co\/?product=yo-amo-el-stamping-4-placa-acrilica-nail-art-magenta","url_meta":{"origin":11319,"position":5},"title":"Yo amo el stamp\u00edng 4 &#8211; Placa acr\u00edlica &#8211; Nail Art Magenta","author":"U\u00f1as Coquetas","date":"23\/10\/2024","format":false,"excerpt":"Placa acr\u00edlica para estampar u\u00f1as, marca Colombiana Nail Art Magenta con hermosas figuras de mu\u00f1ecos, variada.","rel":"","context":"Entrada similar","block_context":{"text":"Entrada similar","link":""},"img":{"alt_text":"","src":"https:\/\/i0.wp.com\/xn--uascoquetas-1db.co\/wp-content\/uploads\/2024\/10\/Yo-amo-el-stamping-4.jpg?resize=350%2C200&ssl=1","width":350,"height":200,"srcset":"https:\/\/i0.wp.com\/xn--uascoquetas-1db.co\/wp-content\/uploads\/2024\/10\/Yo-amo-el-stamping-4.jpg?resize=350%2C200&ssl=1 1x, https:\/\/i0.wp.com\/xn--uascoquetas-1db.co\/wp-content\/uploads\/2024\/10\/Yo-amo-el-stamping-4.jpg?resize=525%2C300&ssl=1 1.5x, https:\/\/i0.wp.com\/xn--uascoquetas-1db.co\/wp-content\/uploads\/2024\/10\/Yo-amo-el-stamping-4.jpg?resize=700%2C400&ssl=1 2x"},"classes":[]}],"_links":{"self":[{"href":"https:\/\/xn--uascoquetas-1db.co\/index.php?rest_route=\/wp\/v2\/product\/11319","targetHints":{"allow":["GET"]}}],"collection":[{"href":"https:\/\/xn--uascoquetas-1db.co\/index.php?rest_route=\/wp\/v2\/product"}],"about":[{"href":"https:\/\/xn--uascoquetas-1db.co\/index.php?rest_route=\/wp\/v2\/types\/product"}],"replies":[{"embeddable":true,"href":"https:\/\/xn--uascoquetas-1db.co\/index.php?rest_route=%2Fwp%2Fv2%2Fcomments&post=11319"}],"wp:featuredmedia":[{"embeddable":true,"href":"https:\/\/xn--uascoquetas-1db.co\/index.php?rest_route=\/wp\/v2\/media\/11320"}],"wp:attachment":[{"href":"https:\/\/xn--uascoquetas-1db.co\/index.php?rest_route=%2Fwp%2Fv2%2Fmedia&parent=11319"}],"wp:term":[{"taxonomy":"product_brand","embeddable":true,"href":"https:\/\/xn--uascoquetas-1db.co\/index.php?rest_route=%2Fwp%2Fv2%2Fproduct_brand&post=11319"},{"taxonomy":"product_cat","embeddable":true,"href":"https:\/\/xn--uascoquetas-1db.co\/index.php?rest_route=%2Fwp%2Fv2%2Fproduct_cat&post=11319"},{"taxonomy":"product_tag","embeddable":true,"href":"https:\/\/xn--uascoquetas-1db.co\/index.php?rest_route=%2Fwp%2Fv2%2Fproduct_tag&post=11319"}],"curies":[{"name":"wp","href":"https:\/\/api.w.org\/{rel}","templated":true}]}}