{"id":11372,"date":"2026-03-16T16:11:15","date_gmt":"2026-03-16T21:11:15","guid":{"rendered":"https:\/\/xn--uascoquetas-1db.co\/?post_type=product&#038;p=11372"},"modified":"2026-05-05T12:23:22","modified_gmt":"2026-05-05T17:23:22","slug":"coleccion-superestrella-duniverse-colors","status":"publish","type":"product","link":"https:\/\/xn--uascoquetas-1db.co\/?product=coleccion-superestrella-duniverse-colors","title":{"rendered":"Colecci\u00f3n Superestrella Duniverse Colors"},"content":{"rendered":"<p>Set de seis (6) esmaltes tradicionales de efectos \u00fanicos y especiales para decoraci\u00f3n de u\u00f1as, con efectos incre\u00edbles como ojo de gato y reflectivos.<\/p>\n<h2>Caracter\u00edsticas:<\/h2>\n<p>-Presentaci\u00f3n: Botella de 12 ml<\/p>\n<p>-Brocha plana.<\/p>\n<p>-Fabricados en Colombia.<\/p>\n<p>-20 free.<\/p>\n<p>Registro INVIMA NSOC22908-23CO<\/p>\n<h2>Colores de la colecci\u00f3n:<\/h2>\n<p>Explora una nueva dimensi\u00f3n del color con nuestra colecci\u00f3n de ESMALTES TRADICIONALES con efectos \u00fanicos, dise\u00f1ados para llevar tu creatividad al siguiente nivel.<\/p>\n<p>Incluye seis tonos irresistibles:<\/p>\n<p>Sideral \u2013 Con este ojo de gato llevar\u00e1s una galaxia en tus u\u00f1as, observa un arco\u00edris brillante con la luz directa.<br \/>\nN\u00e9bula \u2013 Esmalte ojo de gato universal, m\u00e9zclalo y consigue los tonos que quieras.<br \/>\nDestello \u2013 Un esmalte ojo de gato que elevar\u00e1 tus dise\u00f1os con elegancia.<br \/>\nSinfon\u00eda \u2013 Dos efectos en uno, esmalte ojo de gato y camale\u00f3n que cambia de color dependiendo la iluminaci\u00f3n.<br \/>\nIndomable \u2013 Esmalte fotosensible que cambia con el sol de trasl\u00facido blanco a negro.<br \/>\nVictoria \u2013 Esmalte t\u00e9rmico degrad\u00e9 cambiante de vinotinto a nude seg\u00fan la temperatura.<\/p>\n<p>Esta es una colecci\u00f3n pensada para quienes se atreven a brillar con estilo propio.<\/p>\n<p>&nbsp;<\/p>\n","protected":false},"excerpt":{"rendered":"<table width=\"375\">\n<tbody>\n<tr>\n<td width=\"375\">Esmaltes con efectos, secado al aire marca Colombiana D&#8217;universe Colors Colecci\u00f3n No. Superestrella, con tonos ojo de gato y reflectivos.<\/td>\n<\/tr>\n<\/tbody>\n<\/table>\n","protected":false},"featured_media":11373,"comment_status":"open","ping_status":"closed","template":"","meta":{"_regular_price":["90000"],"currency_symbol":[],"_uag_custom_page_level_css":""},"product_brand":[],"product_cat":[48,33,244,59],"product_tag":[183,184,434,182],"class_list":{"0":"post-11372","1":"product","2":"type-product","3":"status-publish","4":"has-post-thumbnail","6":"product_cat-efectos-especiales","7":"product_cat-esmaltes","8":"product_cat-kit-esmaltes","9":"product_cat-kits-de-stamping","10":"product_tag-fosforescente","11":"product_tag-fotocromatico","12":"product_tag-ojo-de-gato","13":"product_tag-termocromatico","14":"product_shipping_class-paquete-pequeno","16":"first","17":"instock","18":"purchasable","19":"product-type-simple"},"post_slider_layout_featured_media_urls":{"thumbnail":["https:\/\/xn--uascoquetas-1db.co\/wp-content\/uploads\/2026\/03\/Coleccion-150x150.jpg",150,150,true],"post_slider_layout_landscape_large":["https:\/\/xn--uascoquetas-1db.co\/wp-content\/uploads\/2026\/03\/Coleccion.jpg",800,800,false],"post_slider_layout_portrait_large":["https:\/\/xn--uascoquetas-1db.co\/wp-content\/uploads\/2026\/03\/Coleccion.jpg",800,800,false],"post_slider_layout_square_large":["https:\/\/xn--uascoquetas-1db.co\/wp-content\/uploads\/2026\/03\/Coleccion.jpg",800,800,false],"post_slider_layout_landscape":["https:\/\/xn--uascoquetas-1db.co\/wp-content\/uploads\/2026\/03\/Coleccion-600x400.jpg",600,400,true],"post_slider_layout_portrait":["https:\/\/xn--uascoquetas-1db.co\/wp-content\/uploads\/2026\/03\/Coleccion-600x800.jpg",600,800,true],"post_slider_layout_square":["https:\/\/xn--uascoquetas-1db.co\/wp-content\/uploads\/2026\/03\/Coleccion-600x600.jpg",600,600,true],"full":["https:\/\/xn--uascoquetas-1db.co\/wp-content\/uploads\/2026\/03\/Coleccion.jpg",800,800,false]},"uagb_featured_image_src":{"full":["https:\/\/xn--uascoquetas-1db.co\/wp-content\/uploads\/2026\/03\/Coleccion.jpg",800,800,false],"thumbnail":["https:\/\/xn--uascoquetas-1db.co\/wp-content\/uploads\/2026\/03\/Coleccion-150x150.jpg",150,150,true],"medium":["https:\/\/xn--uascoquetas-1db.co\/wp-content\/uploads\/2026\/03\/Coleccion-300x300.jpg",300,300,true],"medium_large":["https:\/\/xn--uascoquetas-1db.co\/wp-content\/uploads\/2026\/03\/Coleccion-768x768.jpg",640,640,true],"large":["https:\/\/xn--uascoquetas-1db.co\/wp-content\/uploads\/2026\/03\/Coleccion.jpg",640,640,false],"1536x1536":["https:\/\/xn--uascoquetas-1db.co\/wp-content\/uploads\/2026\/03\/Coleccion.jpg",800,800,false],"2048x2048":["https:\/\/xn--uascoquetas-1db.co\/wp-content\/uploads\/2026\/03\/Coleccion.jpg",800,800,false],"post_slider_layout_landscape_large":["https:\/\/xn--uascoquetas-1db.co\/wp-content\/uploads\/2026\/03\/Coleccion.jpg",800,800,false],"post_slider_layout_portrait_large":["https:\/\/xn--uascoquetas-1db.co\/wp-content\/uploads\/2026\/03\/Coleccion.jpg",800,800,false],"post_slider_layout_square_large":["https:\/\/xn--uascoquetas-1db.co\/wp-content\/uploads\/2026\/03\/Coleccion.jpg",800,800,false],"post_slider_layout_landscape":["https:\/\/xn--uascoquetas-1db.co\/wp-content\/uploads\/2026\/03\/Coleccion-600x400.jpg",600,400,true],"post_slider_layout_portrait":["https:\/\/xn--uascoquetas-1db.co\/wp-content\/uploads\/2026\/03\/Coleccion-600x800.jpg",600,800,true],"post_slider_layout_square":["https:\/\/xn--uascoquetas-1db.co\/wp-content\/uploads\/2026\/03\/Coleccion-600x600.jpg",600,600,true],"vw-kids-homepage-thumb":["https:\/\/xn--uascoquetas-1db.co\/wp-content\/uploads\/2026\/03\/Coleccion-240x145.jpg",240,145,true],"woocommerce_thumbnail":["https:\/\/xn--uascoquetas-1db.co\/wp-content\/uploads\/2026\/03\/Coleccion-300x300.jpg",300,300,true],"woocommerce_single":["https:\/\/xn--uascoquetas-1db.co\/wp-content\/uploads\/2026\/03\/Coleccion-600x600.jpg",600,600,true],"woocommerce_gallery_thumbnail":["https:\/\/xn--uascoquetas-1db.co\/wp-content\/uploads\/2026\/03\/Coleccion-100x100.jpg",100,100,true],"variation_swatches_image_size":["https:\/\/xn--uascoquetas-1db.co\/wp-content\/uploads\/2026\/03\/Coleccion-50x50.jpg",50,50,true],"variation_swatches_tooltip_size":["https:\/\/xn--uascoquetas-1db.co\/wp-content\/uploads\/2026\/03\/Coleccion-100x100.jpg",100,100,true]},"uagb_author_info":{"display_name":"U\u00f1as Coquetas","author_link":"https:\/\/xn--uascoquetas-1db.co\/?author=0"},"uagb_comment_info":0,"uagb_excerpt":"Esmaltes con efectos, secado al aire marca Colombiana D'universe Colors Colecci\u00f3n No. Superestrella, con tonos ojo de gato y reflectivos.","jetpack_sharing_enabled":true,"jetpack-related-posts":[{"id":10554,"url":"https:\/\/xn--uascoquetas-1db.co\/?product=coleccion-alquimia-cosmica-secado-al-aire","url_meta":{"origin":11372,"position":0},"title":"Colecci\u00f3n Alquimia C\u00f3smica &#8211; Secado al aire","author":"U\u00f1as Coquetas","date":"16\/07\/2025","format":false,"excerpt":"Esmaltes con efectos, secado al aire marca Colombiana D'universe Colors tono Colecci\u00f3n No. 1 Termocrom\u00e1ticos","rel":"","context":"Entrada similar","block_context":{"text":"Entrada similar","link":""},"img":{"alt_text":"","src":"https:\/\/i0.wp.com\/xn--uascoquetas-1db.co\/wp-content\/uploads\/2025\/07\/Coleccion-cosmica-ML.jpg?resize=350%2C200&ssl=1","width":350,"height":200,"srcset":"https:\/\/i0.wp.com\/xn--uascoquetas-1db.co\/wp-content\/uploads\/2025\/07\/Coleccion-cosmica-ML.jpg?resize=350%2C200&ssl=1 1x, https:\/\/i0.wp.com\/xn--uascoquetas-1db.co\/wp-content\/uploads\/2025\/07\/Coleccion-cosmica-ML.jpg?resize=525%2C300&ssl=1 1.5x, https:\/\/i0.wp.com\/xn--uascoquetas-1db.co\/wp-content\/uploads\/2025\/07\/Coleccion-cosmica-ML.jpg?resize=700%2C400&ssl=1 2x"},"classes":[]},{"id":10686,"url":"https:\/\/xn--uascoquetas-1db.co\/?product=esmalte-ojo-de-gato-tonos-a-eleccion-duniverse-colors","url_meta":{"origin":11372,"position":1},"title":"Esmalte ojo de gato tonos a elecci\u00f3n &#8211; Duniverse Colors","author":"U\u00f1as Coquetas","date":"21\/08\/2025","format":false,"excerpt":"Esmalte de secado al aire marca Colombiana D'universe Colors, efectos impresionantes que se activan magn\u00e9ticamente con im\u00e1n, com\u00fanmente llamados Ojo de Gato.","rel":"","context":"Entrada similar","block_context":{"text":"Entrada similar","link":""},"img":{"alt_text":"","src":"https:\/\/i0.wp.com\/xn--uascoquetas-1db.co\/wp-content\/uploads\/2025\/08\/Nebula-una-1.jpg?resize=350%2C200&ssl=1","width":350,"height":200,"srcset":"https:\/\/i0.wp.com\/xn--uascoquetas-1db.co\/wp-content\/uploads\/2025\/08\/Nebula-una-1.jpg?resize=350%2C200&ssl=1 1x, https:\/\/i0.wp.com\/xn--uascoquetas-1db.co\/wp-content\/uploads\/2025\/08\/Nebula-una-1.jpg?resize=525%2C300&ssl=1 1.5x, https:\/\/i0.wp.com\/xn--uascoquetas-1db.co\/wp-content\/uploads\/2025\/08\/Nebula-una-1.jpg?resize=700%2C400&ssl=1 2x"},"classes":[]},{"id":11191,"url":"https:\/\/xn--uascoquetas-1db.co\/?product=iman-5d-para-efectos-ojo-de-gato","url_meta":{"origin":11372,"position":2},"title":"Im\u00e1n 5D para efectos ojo de gato","author":"U\u00f1as Coquetas","date":"30\/01\/2026","format":false,"excerpt":"Im\u00e1n para activar los esmaltes magn\u00e9ticos, ojo de gato.","rel":"","context":"Entrada similar","block_context":{"text":"Entrada similar","link":""},"img":{"alt_text":"","src":"https:\/\/i0.wp.com\/xn--uascoquetas-1db.co\/wp-content\/uploads\/2026\/01\/Iman-blanco-con-dedo.jpg?resize=350%2C200&ssl=1","width":350,"height":200,"srcset":"https:\/\/i0.wp.com\/xn--uascoquetas-1db.co\/wp-content\/uploads\/2026\/01\/Iman-blanco-con-dedo.jpg?resize=350%2C200&ssl=1 1x, https:\/\/i0.wp.com\/xn--uascoquetas-1db.co\/wp-content\/uploads\/2026\/01\/Iman-blanco-con-dedo.jpg?resize=525%2C300&ssl=1 1.5x, https:\/\/i0.wp.com\/xn--uascoquetas-1db.co\/wp-content\/uploads\/2026\/01\/Iman-blanco-con-dedo.jpg?resize=700%2C400&ssl=1 2x"},"classes":[]},{"id":10832,"url":"https:\/\/xn--uascoquetas-1db.co\/?product=iman-ojo-de-gato","url_meta":{"origin":11372,"position":3},"title":"Im\u00e1n para efectos ojo de gato &#8211; Forma a elecci\u00f3n","author":"U\u00f1as Coquetas","date":"30\/09\/2025","format":false,"excerpt":"Im\u00e1n para activar los esmaltes magn\u00e9ticos, ojo de gato.","rel":"","context":"Entrada similar","block_context":{"text":"Entrada similar","link":""},"img":{"alt_text":"","src":"https:\/\/i0.wp.com\/xn--uascoquetas-1db.co\/wp-content\/uploads\/2025\/09\/rn-image_picker_lib_temp_afbced4b-4e48-47b4-9a21-c1f317010669.webp?resize=350%2C200&ssl=1","width":350,"height":200,"srcset":"https:\/\/i0.wp.com\/xn--uascoquetas-1db.co\/wp-content\/uploads\/2025\/09\/rn-image_picker_lib_temp_afbced4b-4e48-47b4-9a21-c1f317010669.webp?resize=350%2C200&ssl=1 1x, https:\/\/i0.wp.com\/xn--uascoquetas-1db.co\/wp-content\/uploads\/2025\/09\/rn-image_picker_lib_temp_afbced4b-4e48-47b4-9a21-c1f317010669.webp?resize=525%2C300&ssl=1 1.5x"},"classes":[]},{"id":11208,"url":"https:\/\/xn--uascoquetas-1db.co\/?product=iman-rectangular-para-efectos-ojo-de-gato","url_meta":{"origin":11372,"position":4},"title":"Im\u00e1n rectangular  para efectos ojo de gato","author":"U\u00f1as Coquetas","date":"30\/01\/2026","format":false,"excerpt":"Im\u00e1n para activar los esmaltes magn\u00e9ticos, ojo de gato.","rel":"","context":"Entrada similar","block_context":{"text":"Entrada similar","link":""},"img":{"alt_text":"","src":"https:\/\/i0.wp.com\/xn--uascoquetas-1db.co\/wp-content\/uploads\/2026\/01\/Iman.jpg?resize=350%2C200&ssl=1","width":350,"height":200,"srcset":"https:\/\/i0.wp.com\/xn--uascoquetas-1db.co\/wp-content\/uploads\/2026\/01\/Iman.jpg?resize=350%2C200&ssl=1 1x, https:\/\/i0.wp.com\/xn--uascoquetas-1db.co\/wp-content\/uploads\/2026\/01\/Iman.jpg?resize=525%2C300&ssl=1 1.5x, https:\/\/i0.wp.com\/xn--uascoquetas-1db.co\/wp-content\/uploads\/2026\/01\/Iman.jpg?resize=700%2C400&ssl=1 2x"},"classes":[]},{"id":11212,"url":"https:\/\/xn--uascoquetas-1db.co\/?product=iman-gatito-potente-para-efectos-ojo-de-gato","url_meta":{"origin":11372,"position":5},"title":"Im\u00e1n gatito potente para efectos ojo de gato","author":"U\u00f1as Coquetas","date":"30\/01\/2026","format":false,"excerpt":"Im\u00e1n para activar los esmaltes magn\u00e9ticos, ojo de gato.","rel":"","context":"Entrada similar","block_context":{"text":"Entrada similar","link":""},"img":{"alt_text":"","src":"https:\/\/i0.wp.com\/xn--uascoquetas-1db.co\/wp-content\/uploads\/2026\/01\/Rosado-iman.jpg?resize=350%2C200&ssl=1","width":350,"height":200,"srcset":"https:\/\/i0.wp.com\/xn--uascoquetas-1db.co\/wp-content\/uploads\/2026\/01\/Rosado-iman.jpg?resize=350%2C200&ssl=1 1x, https:\/\/i0.wp.com\/xn--uascoquetas-1db.co\/wp-content\/uploads\/2026\/01\/Rosado-iman.jpg?resize=525%2C300&ssl=1 1.5x, https:\/\/i0.wp.com\/xn--uascoquetas-1db.co\/wp-content\/uploads\/2026\/01\/Rosado-iman.jpg?resize=700%2C400&ssl=1 2x"},"classes":[]}],"_links":{"self":[{"href":"https:\/\/xn--uascoquetas-1db.co\/index.php?rest_route=\/wp\/v2\/product\/11372","targetHints":{"allow":["GET"]}}],"collection":[{"href":"https:\/\/xn--uascoquetas-1db.co\/index.php?rest_route=\/wp\/v2\/product"}],"about":[{"href":"https:\/\/xn--uascoquetas-1db.co\/index.php?rest_route=\/wp\/v2\/types\/product"}],"replies":[{"embeddable":true,"href":"https:\/\/xn--uascoquetas-1db.co\/index.php?rest_route=%2Fwp%2Fv2%2Fcomments&post=11372"}],"wp:featuredmedia":[{"embeddable":true,"href":"https:\/\/xn--uascoquetas-1db.co\/index.php?rest_route=\/wp\/v2\/media\/11373"}],"wp:attachment":[{"href":"https:\/\/xn--uascoquetas-1db.co\/index.php?rest_route=%2Fwp%2Fv2%2Fmedia&parent=11372"}],"wp:term":[{"taxonomy":"product_brand","embeddable":true,"href":"https:\/\/xn--uascoquetas-1db.co\/index.php?rest_route=%2Fwp%2Fv2%2Fproduct_brand&post=11372"},{"taxonomy":"product_cat","embeddable":true,"href":"https:\/\/xn--uascoquetas-1db.co\/index.php?rest_route=%2Fwp%2Fv2%2Fproduct_cat&post=11372"},{"taxonomy":"product_tag","embeddable":true,"href":"https:\/\/xn--uascoquetas-1db.co\/index.php?rest_route=%2Fwp%2Fv2%2Fproduct_tag&post=11372"}],"curies":[{"name":"wp","href":"https:\/\/api.w.org\/{rel}","templated":true}]}}