{"id":11402,"date":"2026-03-30T14:15:47","date_gmt":"2026-03-30T19:15:47","guid":{"rendered":"https:\/\/xn--uascoquetas-1db.co\/?post_type=product&#038;p=11402"},"modified":"2026-03-30T15:24:52","modified_gmt":"2026-03-30T20:24:52","slug":"dunicat-pro-iman","status":"publish","type":"product","link":"https:\/\/xn--uascoquetas-1db.co\/?product=dunicat-pro-iman","title":{"rendered":"D&#8217;unicat Pro &#8211; Im\u00e1n"},"content":{"rendered":"<p>Accesorio magn\u00e9tico para esmaltes ojo de gato. Logra dise\u00f1os de esmalte ojo de gato de forma m\u00e1s f\u00e1cil, r\u00e1pida y pr0ecisa con D\u2019unicat Pro, el accesorio magn\u00e9tico impreso en 3D y dise\u00f1ado en Colombia por D&#8217;universe Colors para elevar tus resultados sin complicarte. D\u2019unicat Pro cuenta con imanes inclu\u00eddos que permiten crear m\u00faltiples efectos ojo de gato con mayor control. Puedes usarlo solo o combinarlo con otros imanes para ampliar las posibilidades creativas y personalizar cada dise\u00f1o.<\/p>\n<p>Es la herramienta ideal para ahorrar tiempo, evitar errores y reducir la frustraci\u00f3n al trabajar esmaltes ojo de gato, incluso si a\u00fan no dominas por completo el manejo de imanes.<\/p>\n<p>Apto para nivel principiante, intermedio y profesional.<\/p>\n<h2>Contenido del paquete:<\/h2>\n<p>Un (1) D&#8217;unicat, art\u00edculo completamente nuevo que contiene dos imanes cuadrados, cuatro piezas auxiliares y una pieza base (con un im\u00e1n embebido).<\/p>\n<h2>Tama\u00f1o:<\/h2>\n<p>Largo 5 cm<br \/>\nAncho 3 cm<br \/>\nAltura m\u00e1xima 6 cm con accesorios<\/p>\n<h4>IMPORTANTE: NO se da garant\u00eda por imanes rotos, ya que estos imanes son delicados depender\u00e1 del cuidado que les tengas y que no se golpeen o caigan al suelo. Las piezas no se venden por separado.<\/h4>\n","protected":false},"excerpt":{"rendered":"<p>Im\u00e1n para activar los esmaltes magn\u00e9ticos, ojo de gato.<\/p>\n","protected":false},"featured_media":11404,"comment_status":"open","ping_status":"closed","template":"","meta":{"_regular_price":["50000"],"currency_symbol":[],"_uag_custom_page_level_css":""},"product_brand":[],"product_cat":[47,277],"product_tag":[],"class_list":{"0":"post-11402","1":"product","2":"type-product","3":"status-publish","4":"has-post-thumbnail","6":"product_cat-materiales","7":"product_cat-variados","8":"pa_color-blanco","9":"pa_color-rosado","11":"first","12":"instock","13":"purchasable","14":"product-type-simple"},"post_slider_layout_featured_media_urls":{"thumbnail":["https:\/\/xn--uascoquetas-1db.co\/wp-content\/uploads\/2026\/03\/Dunicat-2-150x150.jpg",150,150,true],"post_slider_layout_landscape_large":["https:\/\/xn--uascoquetas-1db.co\/wp-content\/uploads\/2026\/03\/Dunicat-2.jpg",800,800,false],"post_slider_layout_portrait_large":["https:\/\/xn--uascoquetas-1db.co\/wp-content\/uploads\/2026\/03\/Dunicat-2.jpg",800,800,false],"post_slider_layout_square_large":["https:\/\/xn--uascoquetas-1db.co\/wp-content\/uploads\/2026\/03\/Dunicat-2.jpg",800,800,false],"post_slider_layout_landscape":["https:\/\/xn--uascoquetas-1db.co\/wp-content\/uploads\/2026\/03\/Dunicat-2-600x400.jpg",600,400,true],"post_slider_layout_portrait":["https:\/\/xn--uascoquetas-1db.co\/wp-content\/uploads\/2026\/03\/Dunicat-2-600x800.jpg",600,800,true],"post_slider_layout_square":["https:\/\/xn--uascoquetas-1db.co\/wp-content\/uploads\/2026\/03\/Dunicat-2-600x600.jpg",600,600,true],"full":["https:\/\/xn--uascoquetas-1db.co\/wp-content\/uploads\/2026\/03\/Dunicat-2.jpg",800,800,false]},"uagb_featured_image_src":{"full":["https:\/\/xn--uascoquetas-1db.co\/wp-content\/uploads\/2026\/03\/Dunicat-2.jpg",800,800,false],"thumbnail":["https:\/\/xn--uascoquetas-1db.co\/wp-content\/uploads\/2026\/03\/Dunicat-2-150x150.jpg",150,150,true],"medium":["https:\/\/xn--uascoquetas-1db.co\/wp-content\/uploads\/2026\/03\/Dunicat-2-300x300.jpg",300,300,true],"medium_large":["https:\/\/xn--uascoquetas-1db.co\/wp-content\/uploads\/2026\/03\/Dunicat-2-768x768.jpg",640,640,true],"large":["https:\/\/xn--uascoquetas-1db.co\/wp-content\/uploads\/2026\/03\/Dunicat-2.jpg",640,640,false],"1536x1536":["https:\/\/xn--uascoquetas-1db.co\/wp-content\/uploads\/2026\/03\/Dunicat-2.jpg",800,800,false],"2048x2048":["https:\/\/xn--uascoquetas-1db.co\/wp-content\/uploads\/2026\/03\/Dunicat-2.jpg",800,800,false],"post_slider_layout_landscape_large":["https:\/\/xn--uascoquetas-1db.co\/wp-content\/uploads\/2026\/03\/Dunicat-2.jpg",800,800,false],"post_slider_layout_portrait_large":["https:\/\/xn--uascoquetas-1db.co\/wp-content\/uploads\/2026\/03\/Dunicat-2.jpg",800,800,false],"post_slider_layout_square_large":["https:\/\/xn--uascoquetas-1db.co\/wp-content\/uploads\/2026\/03\/Dunicat-2.jpg",800,800,false],"post_slider_layout_landscape":["https:\/\/xn--uascoquetas-1db.co\/wp-content\/uploads\/2026\/03\/Dunicat-2-600x400.jpg",600,400,true],"post_slider_layout_portrait":["https:\/\/xn--uascoquetas-1db.co\/wp-content\/uploads\/2026\/03\/Dunicat-2-600x800.jpg",600,800,true],"post_slider_layout_square":["https:\/\/xn--uascoquetas-1db.co\/wp-content\/uploads\/2026\/03\/Dunicat-2-600x600.jpg",600,600,true],"vw-kids-homepage-thumb":["https:\/\/xn--uascoquetas-1db.co\/wp-content\/uploads\/2026\/03\/Dunicat-2-240x145.jpg",240,145,true],"woocommerce_thumbnail":["https:\/\/xn--uascoquetas-1db.co\/wp-content\/uploads\/2026\/03\/Dunicat-2-300x300.jpg",300,300,true],"woocommerce_single":["https:\/\/xn--uascoquetas-1db.co\/wp-content\/uploads\/2026\/03\/Dunicat-2-600x600.jpg",600,600,true],"woocommerce_gallery_thumbnail":["https:\/\/xn--uascoquetas-1db.co\/wp-content\/uploads\/2026\/03\/Dunicat-2-100x100.jpg",100,100,true],"variation_swatches_image_size":["https:\/\/xn--uascoquetas-1db.co\/wp-content\/uploads\/2026\/03\/Dunicat-2-50x50.jpg",50,50,true],"variation_swatches_tooltip_size":["https:\/\/xn--uascoquetas-1db.co\/wp-content\/uploads\/2026\/03\/Dunicat-2-100x100.jpg",100,100,true]},"uagb_author_info":{"display_name":"U\u00f1as Coquetas","author_link":"https:\/\/xn--uascoquetas-1db.co\/?author=0"},"uagb_comment_info":0,"uagb_excerpt":"Im\u00e1n para activar los esmaltes magn\u00e9ticos, ojo de gato.","jetpack_sharing_enabled":true,"jetpack-related-posts":[{"id":11202,"url":"https:\/\/xn--uascoquetas-1db.co\/?product=iman-3-en-1-para-efectos-ojo-de-gato","url_meta":{"origin":11402,"position":0},"title":"Im\u00e1n 3 en 1 para efectos ojo de gato","author":"U\u00f1as Coquetas","date":"30\/01\/2026","format":false,"excerpt":"Im\u00e1n para activar los esmaltes magn\u00e9ticos, ojo de gato.","rel":"","context":"Entrada similar","block_context":{"text":"Entrada similar","link":""},"img":{"alt_text":"","src":"https:\/\/i0.wp.com\/xn--uascoquetas-1db.co\/wp-content\/uploads\/2026\/01\/Iman-3-en-1-portada-1.jpg?resize=350%2C200&ssl=1","width":350,"height":200,"srcset":"https:\/\/i0.wp.com\/xn--uascoquetas-1db.co\/wp-content\/uploads\/2026\/01\/Iman-3-en-1-portada-1.jpg?resize=350%2C200&ssl=1 1x, https:\/\/i0.wp.com\/xn--uascoquetas-1db.co\/wp-content\/uploads\/2026\/01\/Iman-3-en-1-portada-1.jpg?resize=525%2C300&ssl=1 1.5x, https:\/\/i0.wp.com\/xn--uascoquetas-1db.co\/wp-content\/uploads\/2026\/01\/Iman-3-en-1-portada-1.jpg?resize=700%2C400&ssl=1 2x"},"classes":[]},{"id":10832,"url":"https:\/\/xn--uascoquetas-1db.co\/?product=iman-ojo-de-gato","url_meta":{"origin":11402,"position":1},"title":"Im\u00e1n para efectos ojo de gato &#8211; Forma a elecci\u00f3n","author":"U\u00f1as Coquetas","date":"30\/09\/2025","format":false,"excerpt":"Im\u00e1n para activar los esmaltes magn\u00e9ticos, ojo de gato.","rel":"","context":"Entrada similar","block_context":{"text":"Entrada similar","link":""},"img":{"alt_text":"","src":"https:\/\/i0.wp.com\/xn--uascoquetas-1db.co\/wp-content\/uploads\/2025\/09\/rn-image_picker_lib_temp_afbced4b-4e48-47b4-9a21-c1f317010669.webp?resize=350%2C200&ssl=1","width":350,"height":200,"srcset":"https:\/\/i0.wp.com\/xn--uascoquetas-1db.co\/wp-content\/uploads\/2025\/09\/rn-image_picker_lib_temp_afbced4b-4e48-47b4-9a21-c1f317010669.webp?resize=350%2C200&ssl=1 1x, https:\/\/i0.wp.com\/xn--uascoquetas-1db.co\/wp-content\/uploads\/2025\/09\/rn-image_picker_lib_temp_afbced4b-4e48-47b4-9a21-c1f317010669.webp?resize=525%2C300&ssl=1 1.5x"},"classes":[]},{"id":11191,"url":"https:\/\/xn--uascoquetas-1db.co\/?product=iman-5d-para-efectos-ojo-de-gato","url_meta":{"origin":11402,"position":2},"title":"Im\u00e1n 5D para efectos ojo de gato","author":"U\u00f1as Coquetas","date":"30\/01\/2026","format":false,"excerpt":"Im\u00e1n para activar los esmaltes magn\u00e9ticos, ojo de gato.","rel":"","context":"Entrada similar","block_context":{"text":"Entrada similar","link":""},"img":{"alt_text":"","src":"https:\/\/i0.wp.com\/xn--uascoquetas-1db.co\/wp-content\/uploads\/2026\/01\/Iman-blanco-con-dedo.jpg?resize=350%2C200&ssl=1","width":350,"height":200,"srcset":"https:\/\/i0.wp.com\/xn--uascoquetas-1db.co\/wp-content\/uploads\/2026\/01\/Iman-blanco-con-dedo.jpg?resize=350%2C200&ssl=1 1x, https:\/\/i0.wp.com\/xn--uascoquetas-1db.co\/wp-content\/uploads\/2026\/01\/Iman-blanco-con-dedo.jpg?resize=525%2C300&ssl=1 1.5x, https:\/\/i0.wp.com\/xn--uascoquetas-1db.co\/wp-content\/uploads\/2026\/01\/Iman-blanco-con-dedo.jpg?resize=700%2C400&ssl=1 2x"},"classes":[]},{"id":11208,"url":"https:\/\/xn--uascoquetas-1db.co\/?product=iman-rectangular-para-efectos-ojo-de-gato","url_meta":{"origin":11402,"position":3},"title":"Im\u00e1n rectangular  para efectos ojo de gato","author":"U\u00f1as Coquetas","date":"30\/01\/2026","format":false,"excerpt":"Im\u00e1n para activar los esmaltes magn\u00e9ticos, ojo de gato.","rel":"","context":"Entrada similar","block_context":{"text":"Entrada similar","link":""},"img":{"alt_text":"","src":"https:\/\/i0.wp.com\/xn--uascoquetas-1db.co\/wp-content\/uploads\/2026\/01\/Iman.jpg?resize=350%2C200&ssl=1","width":350,"height":200,"srcset":"https:\/\/i0.wp.com\/xn--uascoquetas-1db.co\/wp-content\/uploads\/2026\/01\/Iman.jpg?resize=350%2C200&ssl=1 1x, https:\/\/i0.wp.com\/xn--uascoquetas-1db.co\/wp-content\/uploads\/2026\/01\/Iman.jpg?resize=525%2C300&ssl=1 1.5x, https:\/\/i0.wp.com\/xn--uascoquetas-1db.co\/wp-content\/uploads\/2026\/01\/Iman.jpg?resize=700%2C400&ssl=1 2x"},"classes":[]},{"id":11212,"url":"https:\/\/xn--uascoquetas-1db.co\/?product=iman-gatito-potente-para-efectos-ojo-de-gato","url_meta":{"origin":11402,"position":4},"title":"Im\u00e1n gatito potente para efectos ojo de gato","author":"U\u00f1as Coquetas","date":"30\/01\/2026","format":false,"excerpt":"Im\u00e1n para activar los esmaltes magn\u00e9ticos, ojo de gato.","rel":"","context":"Entrada similar","block_context":{"text":"Entrada similar","link":""},"img":{"alt_text":"","src":"https:\/\/i0.wp.com\/xn--uascoquetas-1db.co\/wp-content\/uploads\/2026\/01\/Rosado-iman.jpg?resize=350%2C200&ssl=1","width":350,"height":200,"srcset":"https:\/\/i0.wp.com\/xn--uascoquetas-1db.co\/wp-content\/uploads\/2026\/01\/Rosado-iman.jpg?resize=350%2C200&ssl=1 1x, https:\/\/i0.wp.com\/xn--uascoquetas-1db.co\/wp-content\/uploads\/2026\/01\/Rosado-iman.jpg?resize=525%2C300&ssl=1 1.5x, https:\/\/i0.wp.com\/xn--uascoquetas-1db.co\/wp-content\/uploads\/2026\/01\/Rosado-iman.jpg?resize=700%2C400&ssl=1 2x"},"classes":[]},{"id":10686,"url":"https:\/\/xn--uascoquetas-1db.co\/?product=esmalte-ojo-de-gato-tonos-a-eleccion-duniverse-colors","url_meta":{"origin":11402,"position":5},"title":"Esmalte ojo de gato tonos a elecci\u00f3n &#8211; Duniverse Colors","author":"U\u00f1as Coquetas","date":"21\/08\/2025","format":false,"excerpt":"Esmalte de secado al aire marca Colombiana D'universe Colors, efectos impresionantes que se activan magn\u00e9ticamente con im\u00e1n, com\u00fanmente llamados Ojo de Gato.","rel":"","context":"Entrada similar","block_context":{"text":"Entrada similar","link":""},"img":{"alt_text":"","src":"https:\/\/i0.wp.com\/xn--uascoquetas-1db.co\/wp-content\/uploads\/2025\/08\/Nebula-una-1.jpg?resize=350%2C200&ssl=1","width":350,"height":200,"srcset":"https:\/\/i0.wp.com\/xn--uascoquetas-1db.co\/wp-content\/uploads\/2025\/08\/Nebula-una-1.jpg?resize=350%2C200&ssl=1 1x, https:\/\/i0.wp.com\/xn--uascoquetas-1db.co\/wp-content\/uploads\/2025\/08\/Nebula-una-1.jpg?resize=525%2C300&ssl=1 1.5x, https:\/\/i0.wp.com\/xn--uascoquetas-1db.co\/wp-content\/uploads\/2025\/08\/Nebula-una-1.jpg?resize=700%2C400&ssl=1 2x"},"classes":[]}],"_links":{"self":[{"href":"https:\/\/xn--uascoquetas-1db.co\/index.php?rest_route=\/wp\/v2\/product\/11402","targetHints":{"allow":["GET"]}}],"collection":[{"href":"https:\/\/xn--uascoquetas-1db.co\/index.php?rest_route=\/wp\/v2\/product"}],"about":[{"href":"https:\/\/xn--uascoquetas-1db.co\/index.php?rest_route=\/wp\/v2\/types\/product"}],"replies":[{"embeddable":true,"href":"https:\/\/xn--uascoquetas-1db.co\/index.php?rest_route=%2Fwp%2Fv2%2Fcomments&post=11402"}],"wp:featuredmedia":[{"embeddable":true,"href":"https:\/\/xn--uascoquetas-1db.co\/index.php?rest_route=\/wp\/v2\/media\/11404"}],"wp:attachment":[{"href":"https:\/\/xn--uascoquetas-1db.co\/index.php?rest_route=%2Fwp%2Fv2%2Fmedia&parent=11402"}],"wp:term":[{"taxonomy":"product_brand","embeddable":true,"href":"https:\/\/xn--uascoquetas-1db.co\/index.php?rest_route=%2Fwp%2Fv2%2Fproduct_brand&post=11402"},{"taxonomy":"product_cat","embeddable":true,"href":"https:\/\/xn--uascoquetas-1db.co\/index.php?rest_route=%2Fwp%2Fv2%2Fproduct_cat&post=11402"},{"taxonomy":"product_tag","embeddable":true,"href":"https:\/\/xn--uascoquetas-1db.co\/index.php?rest_route=%2Fwp%2Fv2%2Fproduct_tag&post=11402"}],"curies":[{"name":"wp","href":"https:\/\/api.w.org\/{rel}","templated":true}]}}