{"id":11406,"date":"2026-03-30T14:22:44","date_gmt":"2026-03-30T19:22:44","guid":{"rendered":"https:\/\/xn--uascoquetas-1db.co\/?post_type=product&#038;p=11406"},"modified":"2026-03-30T14:25:36","modified_gmt":"2026-03-30T19:25:36","slug":"sello-estampador-reduction-extention-mini-preventa","status":"publish","type":"product","link":"https:\/\/xn--uascoquetas-1db.co\/?product=sello-estampador-reduction-extention-mini-preventa","title":{"rendered":"Sello estampador  &#8211; Reduction-Extention Mini &#8211; PREVENTA"},"content":{"rendered":"<p>Estampador especial y mejorado para la t\u00e9cnica de estampado Reducci\u00f3n y Ampliaci\u00f3n. Mec\u00e1nica tipo tornillo para aumentar y disminuir los dise\u00f1os de stamping con facilidad y precisi\u00f3n. Adem\u00e1s que su versi\u00f3n mejorada tiene goma transparente, por lo cual podr\u00e1s ver con exactitud el lugar en que posicionar\u00e1s el dise\u00f1o en la u\u00f1a.<\/p>\n<h2><strong>Caracter\u00edsticas<\/strong><\/h2>\n<p>Un (1) Estampador.<\/p>\n<p>Marca: GP Stamping.<\/p>\n<p>Material de la goma: silicona transparente.<\/p>\n<p>Mango: Filamento pl\u00e1stico, con visor para observar mejor los dise\u00f1os al estampar.<\/p>\n<p>Consistencia de la goma transparente: Semiblanda.<\/p>\n<p>Adherencia de la goma: Alta.<\/p>\n<h2><strong>Recomendaciones<\/strong><\/h2>\n<p>No limar la goma estampadora.<\/p>\n<p>No utilizar sin la funda transparente.<\/p>\n<p>No limpiar con acetona ninguna parte del estampador.<\/p>\n<p>No tallar con objetos.<\/p>\n<p>Dem\u00e1s indicaciones contenidas en la gu\u00eda del estampador.<\/p>\n<h4>Este producto est\u00e1 en PREVENTA, lo puedes comprar directamente, pero se despachar\u00e1 despu\u00e9s de Semana Santa.<\/h4>\n","protected":false},"excerpt":{"rendered":"<p>Estampador especial para la t\u00e9cnica de estampado para aumentar y disminuir los dise\u00f1os de stamping con facilidad y precisi\u00f3n. Con goma transparente para ver con exactitud el lugar en que posicionar\u00e1s el dise\u00f1o en la u\u00f1a.<\/p>\n","protected":false},"featured_media":11407,"comment_status":"open","ping_status":"closed","template":"","meta":{"_regular_price":["49000"],"currency_symbol":[],"_uag_custom_page_level_css":""},"product_brand":[],"product_cat":[30,58],"product_tag":[],"class_list":{"0":"post-11406","1":"product","2":"type-product","3":"status-publish","4":"has-post-thumbnail","6":"product_cat-estampadores","7":"product_cat-reductores-y-ampliadores","8":"product_shipping_class-paquete-pequeno","10":"first","11":"instock","12":"purchasable","13":"product-type-simple"},"post_slider_layout_featured_media_urls":{"thumbnail":["https:\/\/xn--uascoquetas-1db.co\/wp-content\/uploads\/2026\/03\/RE-MINI-01-150x150.jpeg",150,150,true],"post_slider_layout_landscape_large":["https:\/\/xn--uascoquetas-1db.co\/wp-content\/uploads\/2026\/03\/RE-MINI-01-1200x800.jpeg",1200,800,true],"post_slider_layout_portrait_large":["https:\/\/xn--uascoquetas-1db.co\/wp-content\/uploads\/2026\/03\/RE-MINI-01-1200x1512.jpeg",1200,1512,true],"post_slider_layout_square_large":["https:\/\/xn--uascoquetas-1db.co\/wp-content\/uploads\/2026\/03\/RE-MINI-01-1200x1200.jpeg",1200,1200,true],"post_slider_layout_landscape":["https:\/\/xn--uascoquetas-1db.co\/wp-content\/uploads\/2026\/03\/RE-MINI-01-600x400.jpeg",600,400,true],"post_slider_layout_portrait":["https:\/\/xn--uascoquetas-1db.co\/wp-content\/uploads\/2026\/03\/RE-MINI-01-600x900.jpeg",600,900,true],"post_slider_layout_square":["https:\/\/xn--uascoquetas-1db.co\/wp-content\/uploads\/2026\/03\/RE-MINI-01-600x600.jpeg",600,600,true],"full":["https:\/\/xn--uascoquetas-1db.co\/wp-content\/uploads\/2026\/03\/RE-MINI-01.jpeg",1512,1512,false]},"uagb_featured_image_src":{"full":["https:\/\/xn--uascoquetas-1db.co\/wp-content\/uploads\/2026\/03\/RE-MINI-01.jpeg",1512,1512,false],"thumbnail":["https:\/\/xn--uascoquetas-1db.co\/wp-content\/uploads\/2026\/03\/RE-MINI-01-150x150.jpeg",150,150,true],"medium":["https:\/\/xn--uascoquetas-1db.co\/wp-content\/uploads\/2026\/03\/RE-MINI-01-300x300.jpeg",300,300,true],"medium_large":["https:\/\/xn--uascoquetas-1db.co\/wp-content\/uploads\/2026\/03\/RE-MINI-01-768x768.jpeg",640,640,true],"large":["https:\/\/xn--uascoquetas-1db.co\/wp-content\/uploads\/2026\/03\/RE-MINI-01-1024x1024.jpeg",640,640,true],"1536x1536":["https:\/\/xn--uascoquetas-1db.co\/wp-content\/uploads\/2026\/03\/RE-MINI-01.jpeg",1512,1512,false],"2048x2048":["https:\/\/xn--uascoquetas-1db.co\/wp-content\/uploads\/2026\/03\/RE-MINI-01.jpeg",1512,1512,false],"post_slider_layout_landscape_large":["https:\/\/xn--uascoquetas-1db.co\/wp-content\/uploads\/2026\/03\/RE-MINI-01-1200x800.jpeg",1200,800,true],"post_slider_layout_portrait_large":["https:\/\/xn--uascoquetas-1db.co\/wp-content\/uploads\/2026\/03\/RE-MINI-01-1200x1512.jpeg",1200,1512,true],"post_slider_layout_square_large":["https:\/\/xn--uascoquetas-1db.co\/wp-content\/uploads\/2026\/03\/RE-MINI-01-1200x1200.jpeg",1200,1200,true],"post_slider_layout_landscape":["https:\/\/xn--uascoquetas-1db.co\/wp-content\/uploads\/2026\/03\/RE-MINI-01-600x400.jpeg",600,400,true],"post_slider_layout_portrait":["https:\/\/xn--uascoquetas-1db.co\/wp-content\/uploads\/2026\/03\/RE-MINI-01-600x900.jpeg",600,900,true],"post_slider_layout_square":["https:\/\/xn--uascoquetas-1db.co\/wp-content\/uploads\/2026\/03\/RE-MINI-01-600x600.jpeg",600,600,true],"vw-kids-homepage-thumb":["https:\/\/xn--uascoquetas-1db.co\/wp-content\/uploads\/2026\/03\/RE-MINI-01-240x145.jpeg",240,145,true],"woocommerce_thumbnail":["https:\/\/xn--uascoquetas-1db.co\/wp-content\/uploads\/2026\/03\/RE-MINI-01-300x300.jpeg",300,300,true],"woocommerce_single":["https:\/\/xn--uascoquetas-1db.co\/wp-content\/uploads\/2026\/03\/RE-MINI-01-600x600.jpeg",600,600,true],"woocommerce_gallery_thumbnail":["https:\/\/xn--uascoquetas-1db.co\/wp-content\/uploads\/2026\/03\/RE-MINI-01-100x100.jpeg",100,100,true],"variation_swatches_image_size":["https:\/\/xn--uascoquetas-1db.co\/wp-content\/uploads\/2026\/03\/RE-MINI-01-50x50.jpeg",50,50,true],"variation_swatches_tooltip_size":["https:\/\/xn--uascoquetas-1db.co\/wp-content\/uploads\/2026\/03\/RE-MINI-01-100x100.jpeg",100,100,true]},"uagb_author_info":{"display_name":"U\u00f1as Coquetas","author_link":"https:\/\/xn--uascoquetas-1db.co\/?author=0"},"uagb_comment_info":0,"uagb_excerpt":"Estampador especial para la t\u00e9cnica de estampado para aumentar y disminuir los dise\u00f1os de stamping con facilidad y precisi\u00f3n. Con goma transparente para ver con exactitud el lugar en que posicionar\u00e1s el dise\u00f1o en la u\u00f1a.","jetpack_sharing_enabled":true,"jetpack-related-posts":[{"id":9835,"url":"https:\/\/xn--uascoquetas-1db.co\/?product=sello-estampador-unas-reduccion-y-ampliacion-3-0","url_meta":{"origin":11406,"position":0},"title":"Sello Estampador U\u00f1as Reducci\u00f3n Y Ampliaci\u00f3n 3.0","author":"U\u00f1as Coquetas","date":"06\/03\/2025","format":false,"excerpt":"Estampador especial para la t\u00e9cnica de estampado para aumentar y disminuir los dise\u00f1os de stamping con facilidad y precisi\u00f3n. Con goma transparente para ver con exactitud el lugar en que posicionar\u00e1s el dise\u00f1o en la u\u00f1a.","rel":"","context":"Entrada similar","block_context":{"text":"Entrada similar","link":""},"img":{"alt_text":"","src":"https:\/\/i0.wp.com\/xn--uascoquetas-1db.co\/wp-content\/uploads\/2025\/03\/Estampador-3.0-v2.png?resize=350%2C200&ssl=1","width":350,"height":200,"srcset":"https:\/\/i0.wp.com\/xn--uascoquetas-1db.co\/wp-content\/uploads\/2025\/03\/Estampador-3.0-v2.png?resize=350%2C200&ssl=1 1x, https:\/\/i0.wp.com\/xn--uascoquetas-1db.co\/wp-content\/uploads\/2025\/03\/Estampador-3.0-v2.png?resize=525%2C300&ssl=1 1.5x, https:\/\/i0.wp.com\/xn--uascoquetas-1db.co\/wp-content\/uploads\/2025\/03\/Estampador-3.0-v2.png?resize=700%2C400&ssl=1 2x"},"classes":[]},{"id":10207,"url":"https:\/\/xn--uascoquetas-1db.co\/?product=sello-estampador-unas-reduccion-y-ampliacion-3-0-edicion-limitada","url_meta":{"origin":11406,"position":1},"title":"Sello Estampador U\u00f1as Reducci\u00f3n Y Ampliaci\u00f3n 3.0 Edici\u00f3n Limitada","author":"U\u00f1as Coquetas","date":"13\/05\/2025","format":false,"excerpt":"Estampador especial para la t\u00e9cnica de estampado para aumentar y disminuir los dise\u00f1os de stamping con facilidad y precisi\u00f3n. Con goma transparente para ver con exactitud el lugar en que posicionar\u00e1s el dise\u00f1o en la u\u00f1a.","rel":"","context":"Entrada similar","block_context":{"text":"Entrada similar","link":""},"img":{"alt_text":"","src":"https:\/\/i0.wp.com\/xn--uascoquetas-1db.co\/wp-content\/uploads\/2025\/05\/Edicion-especial-2.jpg?resize=350%2C200&ssl=1","width":350,"height":200,"srcset":"https:\/\/i0.wp.com\/xn--uascoquetas-1db.co\/wp-content\/uploads\/2025\/05\/Edicion-especial-2.jpg?resize=350%2C200&ssl=1 1x, https:\/\/i0.wp.com\/xn--uascoquetas-1db.co\/wp-content\/uploads\/2025\/05\/Edicion-especial-2.jpg?resize=525%2C300&ssl=1 1.5x, https:\/\/i0.wp.com\/xn--uascoquetas-1db.co\/wp-content\/uploads\/2025\/05\/Edicion-especial-2.jpg?resize=700%2C400&ssl=1 2x"},"classes":[]},{"id":4951,"url":"https:\/\/xn--uascoquetas-1db.co\/?product=sello-estampador-unas-metalico-rascador-durable","url_meta":{"origin":11406,"position":2},"title":"Sello Estampador U\u00f1as Met\u00e1lico + Rascador Durable","author":"U\u00f1as Coquetas","date":"19\/09\/2023","format":false,"excerpt":"Estampador pl\u00e1stico transparente de goma suave transparente para Estampar u\u00f1as, con tapa de protecci\u00f3n y rascador pl\u00e1stico.","rel":"","context":"Entrada similar","block_context":{"text":"Entrada similar","link":""},"img":{"alt_text":"Estampador met\u00e1lico rojo","src":"https:\/\/i0.wp.com\/xn--uascoquetas-1db.co\/wp-content\/uploads\/2023\/09\/A4D.png?resize=350%2C200&ssl=1","width":350,"height":200,"srcset":"https:\/\/i0.wp.com\/xn--uascoquetas-1db.co\/wp-content\/uploads\/2023\/09\/A4D.png?resize=350%2C200&ssl=1 1x, https:\/\/i0.wp.com\/xn--uascoquetas-1db.co\/wp-content\/uploads\/2023\/09\/A4D.png?resize=525%2C300&ssl=1 1.5x, https:\/\/i0.wp.com\/xn--uascoquetas-1db.co\/wp-content\/uploads\/2023\/09\/A4D.png?resize=700%2C400&ssl=1 2x, https:\/\/i0.wp.com\/xn--uascoquetas-1db.co\/wp-content\/uploads\/2023\/09\/A4D.png?resize=1050%2C600&ssl=1 3x, https:\/\/i0.wp.com\/xn--uascoquetas-1db.co\/wp-content\/uploads\/2023\/09\/A4D.png?resize=1400%2C800&ssl=1 4x"},"classes":[]},{"id":10078,"url":"https:\/\/xn--uascoquetas-1db.co\/?product=estampador-xs-morado","url_meta":{"origin":11406,"position":3},"title":"Estampador &#8211; XS Fucsia","author":"U\u00f1as Coquetas","date":"24\/04\/2025","format":false,"excerpt":"Estampador XS de goma transparente con cuerpo pl\u00e1stico, di\u00e1metro de 3.8 cm.","rel":"","context":"Entrada similar","block_context":{"text":"Entrada similar","link":""},"img":{"alt_text":"","src":"https:\/\/i0.wp.com\/xn--uascoquetas-1db.co\/wp-content\/uploads\/2025\/04\/Estampador-XS-Fucsia-Portada.jpg?resize=350%2C200&ssl=1","width":350,"height":200,"srcset":"https:\/\/i0.wp.com\/xn--uascoquetas-1db.co\/wp-content\/uploads\/2025\/04\/Estampador-XS-Fucsia-Portada.jpg?resize=350%2C200&ssl=1 1x, https:\/\/i0.wp.com\/xn--uascoquetas-1db.co\/wp-content\/uploads\/2025\/04\/Estampador-XS-Fucsia-Portada.jpg?resize=525%2C300&ssl=1 1.5x, https:\/\/i0.wp.com\/xn--uascoquetas-1db.co\/wp-content\/uploads\/2025\/04\/Estampador-XS-Fucsia-Portada.jpg?resize=700%2C400&ssl=1 2x"},"classes":[]},{"id":11227,"url":"https:\/\/xn--uascoquetas-1db.co\/?product=estampador-transparente-sencillo-star","url_meta":{"origin":11406,"position":4},"title":"Estampador &#8211; Transparente Sencillo Star","author":"U\u00f1as Coquetas","date":"06\/02\/2026","format":false,"excerpt":"Estampador\u00a0 de goma transparente de alta dureza y adherencia media. Ideal para placas acr\u00edlicas.","rel":"","context":"Entrada similar","block_context":{"text":"Entrada similar","link":""},"img":{"alt_text":"","src":"https:\/\/i0.wp.com\/xn--uascoquetas-1db.co\/wp-content\/uploads\/2026\/02\/Sencillo.jpg?resize=350%2C200&ssl=1","width":350,"height":200,"srcset":"https:\/\/i0.wp.com\/xn--uascoquetas-1db.co\/wp-content\/uploads\/2026\/02\/Sencillo.jpg?resize=350%2C200&ssl=1 1x, https:\/\/i0.wp.com\/xn--uascoquetas-1db.co\/wp-content\/uploads\/2026\/02\/Sencillo.jpg?resize=525%2C300&ssl=1 1.5x, https:\/\/i0.wp.com\/xn--uascoquetas-1db.co\/wp-content\/uploads\/2026\/02\/Sencillo.jpg?resize=700%2C400&ssl=1 2x"},"classes":[]},{"id":10753,"url":"https:\/\/xn--uascoquetas-1db.co\/?product=estampador-edicion-limitada-halloween","url_meta":{"origin":11406,"position":5},"title":"Estampador &#8211; Edici\u00f3n Limitada Navidad","author":"U\u00f1as Coquetas","date":"11\/09\/2025","format":false,"excerpt":"Estampador edici\u00f3n limitada de Navidad de goma transparente, di\u00e1metro de 3.8 cm.","rel":"","context":"Entrada similar","block_context":{"text":"Entrada similar","link":""},"img":{"alt_text":"","src":"https:\/\/i0.wp.com\/xn--uascoquetas-1db.co\/wp-content\/uploads\/2025\/09\/Navidad-2025-ML.jpg?resize=350%2C200&ssl=1","width":350,"height":200,"srcset":"https:\/\/i0.wp.com\/xn--uascoquetas-1db.co\/wp-content\/uploads\/2025\/09\/Navidad-2025-ML.jpg?resize=350%2C200&ssl=1 1x, https:\/\/i0.wp.com\/xn--uascoquetas-1db.co\/wp-content\/uploads\/2025\/09\/Navidad-2025-ML.jpg?resize=525%2C300&ssl=1 1.5x, https:\/\/i0.wp.com\/xn--uascoquetas-1db.co\/wp-content\/uploads\/2025\/09\/Navidad-2025-ML.jpg?resize=700%2C400&ssl=1 2x"},"classes":[]}],"_links":{"self":[{"href":"https:\/\/xn--uascoquetas-1db.co\/index.php?rest_route=\/wp\/v2\/product\/11406","targetHints":{"allow":["GET"]}}],"collection":[{"href":"https:\/\/xn--uascoquetas-1db.co\/index.php?rest_route=\/wp\/v2\/product"}],"about":[{"href":"https:\/\/xn--uascoquetas-1db.co\/index.php?rest_route=\/wp\/v2\/types\/product"}],"replies":[{"embeddable":true,"href":"https:\/\/xn--uascoquetas-1db.co\/index.php?rest_route=%2Fwp%2Fv2%2Fcomments&post=11406"}],"wp:featuredmedia":[{"embeddable":true,"href":"https:\/\/xn--uascoquetas-1db.co\/index.php?rest_route=\/wp\/v2\/media\/11407"}],"wp:attachment":[{"href":"https:\/\/xn--uascoquetas-1db.co\/index.php?rest_route=%2Fwp%2Fv2%2Fmedia&parent=11406"}],"wp:term":[{"taxonomy":"product_brand","embeddable":true,"href":"https:\/\/xn--uascoquetas-1db.co\/index.php?rest_route=%2Fwp%2Fv2%2Fproduct_brand&post=11406"},{"taxonomy":"product_cat","embeddable":true,"href":"https:\/\/xn--uascoquetas-1db.co\/index.php?rest_route=%2Fwp%2Fv2%2Fproduct_cat&post=11406"},{"taxonomy":"product_tag","embeddable":true,"href":"https:\/\/xn--uascoquetas-1db.co\/index.php?rest_route=%2Fwp%2Fv2%2Fproduct_tag&post=11406"}],"curies":[{"name":"wp","href":"https:\/\/api.w.org\/{rel}","templated":true}]}}