{"id":11500,"date":"2026-05-12T16:31:31","date_gmt":"2026-05-12T21:31:31","guid":{"rendered":"https:\/\/xn--uascoquetas-1db.co\/?post_type=product&#038;p=11500"},"modified":"2026-05-13T10:58:01","modified_gmt":"2026-05-13T15:58:01","slug":"kit-lanzamiento-de-mayo-limitado-magenta","status":"publish","type":"product","link":"https:\/\/xn--uascoquetas-1db.co\/?product=kit-lanzamiento-de-mayo-limitado-magenta","title":{"rendered":"Kit Lanzamiento de Mayo &#8211; Limitado &#8211; Magenta"},"content":{"rendered":"<p>Hermoso kit de lanzamiento de las nuevas placas de mayo.<\/p>\n<h2>DESCRIPCI\u00d3N<\/h2>\n<p>Dos placas de estampar acr\u00edlicas de 7 x 10 cm (Mascotas + BTS)<\/p>\n<p>Una mini placa edici\u00f3n especial Prada<\/p>\n<p>Un esmalte especial para estampar dorado.<\/p>\n<p>Un esmalte tradicional magn\u00e9tico de color magenta.<\/p>\n<p>Un mini im\u00e1n circular y bastante funcional con forma de patita de gato.<\/p>\n<h2>RECOMENDACIONES<\/h2>\n<p>NO limpiar las placas con acetona ni qu\u00edmicos fuertes.<br \/>\nLavar el estampador\u00a0 con frecuencia con agua y jab\u00f3n y dejar secar al aire libre.<br \/>\nNo manipular la placa ni el estampador con elementos punzantes.<\/p>\n","protected":false},"excerpt":{"rendered":"<p>Kit limitado de lanzamiento de placas acr\u00edlicas Magenta en Mayo.<\/p>\n","protected":false},"featured_media":11501,"comment_status":"open","ping_status":"closed","template":"","meta":{"_regular_price":["49000"],"currency_symbol":[],"_uag_custom_page_level_css":""},"product_brand":[],"product_cat":[59,241],"product_tag":[78,41],"class_list":{"0":"post-11500","1":"product","2":"type-product","3":"status-publish","4":"has-post-thumbnail","6":"product_cat-kits-de-stamping","7":"product_cat-stamping","8":"product_tag-goma-transparente","9":"product_tag-stamping","10":"product_shipping_class-paquete-pequeno","12":"first","13":"instock","14":"purchasable","15":"product-type-simple"},"post_slider_layout_featured_media_urls":{"thumbnail":["https:\/\/xn--uascoquetas-1db.co\/wp-content\/uploads\/2026\/05\/Lanzamiento-mayo-150x150.jpg",150,150,true],"post_slider_layout_landscape_large":["https:\/\/xn--uascoquetas-1db.co\/wp-content\/uploads\/2026\/05\/Lanzamiento-mayo-1080x800.jpg",1080,800,true],"post_slider_layout_portrait_large":["https:\/\/xn--uascoquetas-1db.co\/wp-content\/uploads\/2026\/05\/Lanzamiento-mayo.jpg",1080,1350,false],"post_slider_layout_square_large":["https:\/\/xn--uascoquetas-1db.co\/wp-content\/uploads\/2026\/05\/Lanzamiento-mayo-1080x1200.jpg",1080,1200,true],"post_slider_layout_landscape":["https:\/\/xn--uascoquetas-1db.co\/wp-content\/uploads\/2026\/05\/Lanzamiento-mayo-600x400.jpg",600,400,true],"post_slider_layout_portrait":["https:\/\/xn--uascoquetas-1db.co\/wp-content\/uploads\/2026\/05\/Lanzamiento-mayo-600x900.jpg",600,900,true],"post_slider_layout_square":["https:\/\/xn--uascoquetas-1db.co\/wp-content\/uploads\/2026\/05\/Lanzamiento-mayo-600x600.jpg",600,600,true],"full":["https:\/\/xn--uascoquetas-1db.co\/wp-content\/uploads\/2026\/05\/Lanzamiento-mayo.jpg",1080,1350,false]},"uagb_featured_image_src":{"full":["https:\/\/xn--uascoquetas-1db.co\/wp-content\/uploads\/2026\/05\/Lanzamiento-mayo.jpg",1080,1350,false],"thumbnail":["https:\/\/xn--uascoquetas-1db.co\/wp-content\/uploads\/2026\/05\/Lanzamiento-mayo-150x150.jpg",150,150,true],"medium":["https:\/\/xn--uascoquetas-1db.co\/wp-content\/uploads\/2026\/05\/Lanzamiento-mayo-240x300.jpg",240,300,true],"medium_large":["https:\/\/xn--uascoquetas-1db.co\/wp-content\/uploads\/2026\/05\/Lanzamiento-mayo-768x960.jpg",640,800,true],"large":["https:\/\/xn--uascoquetas-1db.co\/wp-content\/uploads\/2026\/05\/Lanzamiento-mayo-819x1024.jpg",640,800,true],"1536x1536":["https:\/\/xn--uascoquetas-1db.co\/wp-content\/uploads\/2026\/05\/Lanzamiento-mayo.jpg",1080,1350,false],"2048x2048":["https:\/\/xn--uascoquetas-1db.co\/wp-content\/uploads\/2026\/05\/Lanzamiento-mayo.jpg",1080,1350,false],"post_slider_layout_landscape_large":["https:\/\/xn--uascoquetas-1db.co\/wp-content\/uploads\/2026\/05\/Lanzamiento-mayo-1080x800.jpg",1080,800,true],"post_slider_layout_portrait_large":["https:\/\/xn--uascoquetas-1db.co\/wp-content\/uploads\/2026\/05\/Lanzamiento-mayo.jpg",1080,1350,false],"post_slider_layout_square_large":["https:\/\/xn--uascoquetas-1db.co\/wp-content\/uploads\/2026\/05\/Lanzamiento-mayo-1080x1200.jpg",1080,1200,true],"post_slider_layout_landscape":["https:\/\/xn--uascoquetas-1db.co\/wp-content\/uploads\/2026\/05\/Lanzamiento-mayo-600x400.jpg",600,400,true],"post_slider_layout_portrait":["https:\/\/xn--uascoquetas-1db.co\/wp-content\/uploads\/2026\/05\/Lanzamiento-mayo-600x900.jpg",600,900,true],"post_slider_layout_square":["https:\/\/xn--uascoquetas-1db.co\/wp-content\/uploads\/2026\/05\/Lanzamiento-mayo-600x600.jpg",600,600,true],"vw-kids-homepage-thumb":["https:\/\/xn--uascoquetas-1db.co\/wp-content\/uploads\/2026\/05\/Lanzamiento-mayo-240x145.jpg",240,145,true],"woocommerce_thumbnail":["https:\/\/xn--uascoquetas-1db.co\/wp-content\/uploads\/2026\/05\/Lanzamiento-mayo-300x300.jpg",300,300,true],"woocommerce_single":["https:\/\/xn--uascoquetas-1db.co\/wp-content\/uploads\/2026\/05\/Lanzamiento-mayo-600x750.jpg",600,750,true],"woocommerce_gallery_thumbnail":["https:\/\/xn--uascoquetas-1db.co\/wp-content\/uploads\/2026\/05\/Lanzamiento-mayo-100x100.jpg",100,100,true],"variation_swatches_image_size":["https:\/\/xn--uascoquetas-1db.co\/wp-content\/uploads\/2026\/05\/Lanzamiento-mayo-50x50.jpg",50,50,true],"variation_swatches_tooltip_size":["https:\/\/xn--uascoquetas-1db.co\/wp-content\/uploads\/2026\/05\/Lanzamiento-mayo-100x100.jpg",100,100,true]},"uagb_author_info":{"display_name":"U\u00f1as Coquetas","author_link":"https:\/\/xn--uascoquetas-1db.co\/?author=0"},"uagb_comment_info":0,"uagb_excerpt":"Kit limitado de lanzamiento de placas acr\u00edlicas Magenta en Mayo.","jetpack_sharing_enabled":true,"jetpack-related-posts":[{"id":11319,"url":"https:\/\/xn--uascoquetas-1db.co\/?product=kit-yo-amo-el-stamping-volumen-7-limitado-magenta-preventa","url_meta":{"origin":11500,"position":0},"title":"Kit Yo Amo el Stamping Volumen 7 &#8211; Limitado -Magenta","author":"U\u00f1as Coquetas","date":"20\/02\/2026","format":false,"excerpt":"Kit limitado de lanzamiento de la placa Amo el Stamping Vol 7.","rel":"","context":"Entrada similar","block_context":{"text":"Entrada similar","link":""},"img":{"alt_text":"","src":"https:\/\/i0.wp.com\/xn--uascoquetas-1db.co\/wp-content\/uploads\/2026\/02\/Banner-modificado.jpg?resize=350%2C200&ssl=1","width":350,"height":200,"srcset":"https:\/\/i0.wp.com\/xn--uascoquetas-1db.co\/wp-content\/uploads\/2026\/02\/Banner-modificado.jpg?resize=350%2C200&ssl=1 1x, https:\/\/i0.wp.com\/xn--uascoquetas-1db.co\/wp-content\/uploads\/2026\/02\/Banner-modificado.jpg?resize=525%2C300&ssl=1 1.5x, https:\/\/i0.wp.com\/xn--uascoquetas-1db.co\/wp-content\/uploads\/2026\/02\/Banner-modificado.jpg?resize=700%2C400&ssl=1 2x"},"classes":[]},{"id":8063,"url":"https:\/\/xn--uascoquetas-1db.co\/?product=kit-limitado-mujeres-con-regalitos-nail-art-magenta","url_meta":{"origin":11500,"position":1},"title":"Kit limitado Mujeres con regalitos &#8211; Nail Art Magenta","author":"U\u00f1as Coquetas","date":"16\/05\/2024","format":false,"excerpt":"Placa acr\u00edlica para estampar u\u00f1as, marca Colombiana Nail Art Magenta con hermosas figuras de patrones y texturas b\u00e1sicas.","rel":"","context":"Entrada similar","block_context":{"text":"Entrada similar","link":""},"img":{"alt_text":"Pack de lanzamiento Magenta 2","src":"https:\/\/i0.wp.com\/xn--uascoquetas-1db.co\/wp-content\/uploads\/2024\/05\/Caja-2.png?resize=350%2C200&ssl=1","width":350,"height":200,"srcset":"https:\/\/i0.wp.com\/xn--uascoquetas-1db.co\/wp-content\/uploads\/2024\/05\/Caja-2.png?resize=350%2C200&ssl=1 1x, https:\/\/i0.wp.com\/xn--uascoquetas-1db.co\/wp-content\/uploads\/2024\/05\/Caja-2.png?resize=525%2C300&ssl=1 1.5x, https:\/\/i0.wp.com\/xn--uascoquetas-1db.co\/wp-content\/uploads\/2024\/05\/Caja-2.png?resize=700%2C400&ssl=1 2x"},"classes":[]},{"id":9343,"url":"https:\/\/xn--uascoquetas-1db.co\/?product=calendario-de-adviento-magneta-producto-en-preventa","url_meta":{"origin":11500,"position":2},"title":"Kit de stamping MAGENTA  &#8211; PRODUCTO EN PREVENTA MAYO 2025","author":"U\u00f1as Coquetas","date":"31\/10\/2024","format":false,"excerpt":"Kit de stamping Magenta\u00a0 mayo 2025, con 5 placas, 5 mini placas, un esmalte, un sticker y una sorpresa.","rel":"","context":"Entrada similar","block_context":{"text":"Entrada similar","link":""},"img":{"alt_text":"","src":"","width":0,"height":0},"classes":[]},{"id":10838,"url":"https:\/\/xn--uascoquetas-1db.co\/?product=kit-espectral-magenta-preventa","url_meta":{"origin":11500,"position":3},"title":"Kit Espectral &#8211; Magenta","author":"U\u00f1as Coquetas","date":"02\/10\/2025","format":false,"excerpt":"Kit Espectral de stamping Magenta.","rel":"","context":"Entrada similar","block_context":{"text":"Entrada similar","link":""},"img":{"alt_text":"","src":"https:\/\/i0.wp.com\/xn--uascoquetas-1db.co\/wp-content\/uploads\/2025\/10\/Kit-Espectral-Banner-e1759435198413.jpg?resize=350%2C200&ssl=1","width":350,"height":200,"srcset":"https:\/\/i0.wp.com\/xn--uascoquetas-1db.co\/wp-content\/uploads\/2025\/10\/Kit-Espectral-Banner-e1759435198413.jpg?resize=350%2C200&ssl=1 1x, https:\/\/i0.wp.com\/xn--uascoquetas-1db.co\/wp-content\/uploads\/2025\/10\/Kit-Espectral-Banner-e1759435198413.jpg?resize=525%2C300&ssl=1 1.5x, https:\/\/i0.wp.com\/xn--uascoquetas-1db.co\/wp-content\/uploads\/2025\/10\/Kit-Espectral-Banner-e1759435198413.jpg?resize=700%2C400&ssl=1 2x, https:\/\/i0.wp.com\/xn--uascoquetas-1db.co\/wp-content\/uploads\/2025\/10\/Kit-Espectral-Banner-e1759435198413.jpg?resize=1050%2C600&ssl=1 3x"},"classes":[]},{"id":10122,"url":"https:\/\/xn--uascoquetas-1db.co\/?product=kit-de-estampar-con-mini-placa-018-veloz","url_meta":{"origin":11500,"position":4},"title":"Kit de estampar con mini placa &#8211;  018 Veloz","author":"U\u00f1as Coquetas","date":"24\/04\/2025","format":false,"excerpt":"Set para estampar marca Colombiana U\u00f1as coquetas - Kit mini- 018 Veloz con dise\u00f1os runner, deportes trotar, bicicleta, patines y motos.","rel":"","context":"Entrada similar","block_context":{"text":"Entrada similar","link":""},"img":{"alt_text":"","src":"https:\/\/i0.wp.com\/xn--uascoquetas-1db.co\/wp-content\/uploads\/2025\/04\/126.-Veloz.jpg?resize=350%2C200&ssl=1","width":350,"height":200,"srcset":"https:\/\/i0.wp.com\/xn--uascoquetas-1db.co\/wp-content\/uploads\/2025\/04\/126.-Veloz.jpg?resize=350%2C200&ssl=1 1x, https:\/\/i0.wp.com\/xn--uascoquetas-1db.co\/wp-content\/uploads\/2025\/04\/126.-Veloz.jpg?resize=525%2C300&ssl=1 1.5x, https:\/\/i0.wp.com\/xn--uascoquetas-1db.co\/wp-content\/uploads\/2025\/04\/126.-Veloz.jpg?resize=700%2C400&ssl=1 2x"},"classes":[]},{"id":10104,"url":"https:\/\/xn--uascoquetas-1db.co\/?product=kit-de-estampar-con-mini-placa-002-pandas","url_meta":{"origin":11500,"position":5},"title":"Kit de estampar con mini placa &#8211; 002 Pandas","author":"U\u00f1as Coquetas","date":"24\/04\/2025","format":false,"excerpt":"Set para estampar marca Colombiana U\u00f1as coquetas - Kit mini- 002 Pandas, con dise\u00f1os de animales osos.","rel":"","context":"Entrada similar","block_context":{"text":"Entrada similar","link":""},"img":{"alt_text":"","src":"https:\/\/i0.wp.com\/xn--uascoquetas-1db.co\/wp-content\/uploads\/2025\/04\/126.-Pandas.jpg?resize=350%2C200&ssl=1","width":350,"height":200,"srcset":"https:\/\/i0.wp.com\/xn--uascoquetas-1db.co\/wp-content\/uploads\/2025\/04\/126.-Pandas.jpg?resize=350%2C200&ssl=1 1x, https:\/\/i0.wp.com\/xn--uascoquetas-1db.co\/wp-content\/uploads\/2025\/04\/126.-Pandas.jpg?resize=525%2C300&ssl=1 1.5x, https:\/\/i0.wp.com\/xn--uascoquetas-1db.co\/wp-content\/uploads\/2025\/04\/126.-Pandas.jpg?resize=700%2C400&ssl=1 2x"},"classes":[]}],"_links":{"self":[{"href":"https:\/\/xn--uascoquetas-1db.co\/index.php?rest_route=\/wp\/v2\/product\/11500","targetHints":{"allow":["GET"]}}],"collection":[{"href":"https:\/\/xn--uascoquetas-1db.co\/index.php?rest_route=\/wp\/v2\/product"}],"about":[{"href":"https:\/\/xn--uascoquetas-1db.co\/index.php?rest_route=\/wp\/v2\/types\/product"}],"replies":[{"embeddable":true,"href":"https:\/\/xn--uascoquetas-1db.co\/index.php?rest_route=%2Fwp%2Fv2%2Fcomments&post=11500"}],"wp:featuredmedia":[{"embeddable":true,"href":"https:\/\/xn--uascoquetas-1db.co\/index.php?rest_route=\/wp\/v2\/media\/11501"}],"wp:attachment":[{"href":"https:\/\/xn--uascoquetas-1db.co\/index.php?rest_route=%2Fwp%2Fv2%2Fmedia&parent=11500"}],"wp:term":[{"taxonomy":"product_brand","embeddable":true,"href":"https:\/\/xn--uascoquetas-1db.co\/index.php?rest_route=%2Fwp%2Fv2%2Fproduct_brand&post=11500"},{"taxonomy":"product_cat","embeddable":true,"href":"https:\/\/xn--uascoquetas-1db.co\/index.php?rest_route=%2Fwp%2Fv2%2Fproduct_cat&post=11500"},{"taxonomy":"product_tag","embeddable":true,"href":"https:\/\/xn--uascoquetas-1db.co\/index.php?rest_route=%2Fwp%2Fv2%2Fproduct_tag&post=11500"}],"curies":[{"name":"wp","href":"https:\/\/api.w.org\/{rel}","templated":true}]}}