{"id":4543,"date":"2023-08-30T16:01:22","date_gmt":"2023-08-30T21:01:22","guid":{"rendered":"https:\/\/xn--uascoquetas-1db.co\/?post_type=product&#038;p=4543"},"modified":"2026-04-12T17:44:21","modified_gmt":"2026-04-12T22:44:21","slug":"placa-metalica-stamping-nail-art-uc-001-totoro","status":"publish","type":"product","link":"https:\/\/xn--uascoquetas-1db.co\/?product=placa-metalica-stamping-nail-art-uc-001-totoro","title":{"rendered":"UC-001 Totoro &#8211; Placa met\u00e1lica &#8211; U\u00f1as Coquetas"},"content":{"rendered":"<p>Placa rectangular Marca U\u00f1as Coquetas &#8211; con hermosos dise\u00f1os anime.<\/p>\n<p>Recuerda que puedes agregar varias cosas de nuestra tienda en el carrito, as\u00ed solamente pagas un env\u00edo.<\/p>\n<h2><strong>DESCRIPCI\u00d3N<\/strong><\/h2>\n<p>Art\u00edculo completamente nuevo<\/p>\n<p>Una placa Rectangular<br \/>\nTama\u00f1o: 6 X 12 cm<br \/>\nMaterial: Acero inoxidable<\/p>\n<h2><strong>RECOMENDACIONES<\/strong><\/h2>\n<p>Es posible aplicar removedor sin acetona. Si es muy grasoso, limpiar con un poco de alcohol para recoger el dise\u00f1o con mayor facilidad.<\/p>\n<blockquote class=\"tiktok-embed\" cite=\"https:\/\/www.tiktok.com\/@unascoquetaz\/video\/7328108910068387077\" data-video-id=\"7328108910068387077\" data-embed-from=\"oembed\" style=\"max-width:605px; min-width:325px;\">\n<section> <a target=\"_blank\" title=\"@unascoquetaz\" href=\"https:\/\/www.tiktok.com\/@unascoquetaz?refer=embed\">@unascoquetaz<\/a> <\/p>\n<p><a title=\"d\u00fao\" target=\"_blank\" href=\"https:\/\/www.tiktok.com\/tag\/d%C3%BAo?refer=embed\">#d\u00fao<\/a> con @Gonza <a title=\"teorias\" target=\"_blank\" href=\"https:\/\/www.tiktok.com\/tag\/teorias?refer=embed\">#teorias<\/a> Bastante interesante me parece esta teor\u00eda \u00bfA ti? Aprovechando que hoy se estrena en Colombia <a title=\"elni\u00f1oylagarza\" target=\"_blank\" href=\"https:\/\/www.tiktok.com\/tag\/elni%C3%B1oylagarza?refer=embed\">#elni\u00f1oylagarza<\/a> y por supuesto la voy a ver en <a title=\"cinecolombia\" target=\"_blank\" href=\"https:\/\/www.tiktok.com\/tag\/cinecolombia?refer=embed\">#cinecolombia<\/a> me he pintado un <a title=\"totoro\" target=\"_blank\" href=\"https:\/\/www.tiktok.com\/tag\/totoro?refer=embed\">#totoro<\/a> bastante brillante. \u00a1Me encant\u00f3!  Si quieres aprender a pintar tus u\u00f1as con la t\u00e9cnica de <a title=\"stampingnailart\" target=\"_blank\" href=\"https:\/\/www.tiktok.com\/tag\/stampingnailart?refer=embed\">#stampingnailart<\/a> \u00bfqu\u00e9 esperas para seguirme?  Un abrazote <a title=\"ghiblifanart\" target=\"_blank\" href=\"https:\/\/www.tiktok.com\/tag\/ghiblifanart?refer=embed\">#ghiblifanart<\/a> <a title=\"studioghibli\" target=\"_blank\" href=\"https:\/\/www.tiktok.com\/tag\/studioghibli?refer=embed\">#studioghibli<\/a> <a title=\"miyazakimovies\" target=\"_blank\" href=\"https:\/\/www.tiktok.com\/tag\/miyazakimovies?refer=embed\">#miyazakimovies<\/a> <a title=\"miyazaki\" target=\"_blank\" href=\"https:\/\/www.tiktok.com\/tag\/miyazaki?refer=embed\">#miyazaki<\/a> <a title=\"theboyandtheheron\" target=\"_blank\" href=\"https:\/\/www.tiktok.com\/tag\/theboyandtheheron?refer=embed\">#theboyandtheheron<\/a> <a title=\"nailart\" target=\"_blank\" href=\"https:\/\/www.tiktok.com\/tag\/nailart?refer=embed\">#nailart<\/a> <a title=\"totoronails\" target=\"_blank\" href=\"https:\/\/www.tiktok.com\/tag\/totoronails?refer=embed\">#totoronails<\/a> <\/p>\n<p> <a target=\"_blank\" title=\"\u266c sonido original - Gonza\" href=\"https:\/\/www.tiktok.com\/music\/sonido-original-7290701550418135813?refer=embed\">\u266c sonido original &#8211; Gonza<\/a> <\/section>\n<\/blockquote>\n<p> <script async src=\"https:\/\/www.tiktok.com\/embed.js\"><\/script><\/p>\n<p>&nbsp;<\/p>\n","protected":false},"excerpt":{"rendered":"<table width=\"225\">\n<tbody>\n<tr>\n<td width=\"225\">Placa met\u00e1lica para estampar u\u00f1as, marca Colombiana U\u00f1as Coquetas con hermosas figuras de anime, Totoro, el Castillo ambulante, El viaje de Chihiro y Ponyo<\/td>\n<\/tr>\n<\/tbody>\n<\/table>\n","protected":false},"featured_media":9381,"comment_status":"open","ping_status":"closed","template":"","meta":{"_regular_price":["16500"],"currency_symbol":[],"_uag_custom_page_level_css":""},"product_brand":[],"product_cat":[24,25],"product_tag":[35,41],"class_list":{"0":"post-4543","1":"product","2":"type-product","3":"status-publish","4":"has-post-thumbnail","6":"product_cat-placas-de-estampar","7":"product_cat-unas-coquetas","8":"product_tag-anime","9":"product_tag-stamping","10":"product_shipping_class-paquete-pequeno","12":"first","13":"instock","14":"purchasable","15":"product-type-simple"},"post_slider_layout_featured_media_urls":{"thumbnail":["https:\/\/xn--uascoquetas-1db.co\/wp-content\/uploads\/2023\/08\/Totoro-_800px-150x150.jpg",150,150,true],"post_slider_layout_landscape_large":["https:\/\/xn--uascoquetas-1db.co\/wp-content\/uploads\/2023\/08\/Totoro-_800px.jpg",800,800,false],"post_slider_layout_portrait_large":["https:\/\/xn--uascoquetas-1db.co\/wp-content\/uploads\/2023\/08\/Totoro-_800px.jpg",800,800,false],"post_slider_layout_square_large":["https:\/\/xn--uascoquetas-1db.co\/wp-content\/uploads\/2023\/08\/Totoro-_800px.jpg",800,800,false],"post_slider_layout_landscape":["https:\/\/xn--uascoquetas-1db.co\/wp-content\/uploads\/2023\/08\/Totoro-_800px.jpg",400,400,false],"post_slider_layout_portrait":["https:\/\/xn--uascoquetas-1db.co\/wp-content\/uploads\/2023\/08\/Totoro-_800px.jpg",600,600,false],"post_slider_layout_square":["https:\/\/xn--uascoquetas-1db.co\/wp-content\/uploads\/2023\/08\/Totoro-_800px.jpg",600,600,false],"full":["https:\/\/xn--uascoquetas-1db.co\/wp-content\/uploads\/2023\/08\/Totoro-_800px.jpg",800,800,false]},"uagb_featured_image_src":{"full":["https:\/\/xn--uascoquetas-1db.co\/wp-content\/uploads\/2023\/08\/Totoro-_800px.jpg",800,800,false],"thumbnail":["https:\/\/xn--uascoquetas-1db.co\/wp-content\/uploads\/2023\/08\/Totoro-_800px-150x150.jpg",150,150,true],"medium":["https:\/\/xn--uascoquetas-1db.co\/wp-content\/uploads\/2023\/08\/Totoro-_800px-300x300.jpg",300,300,true],"medium_large":["https:\/\/xn--uascoquetas-1db.co\/wp-content\/uploads\/2023\/08\/Totoro-_800px-768x768.jpg",640,640,true],"large":["https:\/\/xn--uascoquetas-1db.co\/wp-content\/uploads\/2023\/08\/Totoro-_800px.jpg",640,640,false],"1536x1536":["https:\/\/xn--uascoquetas-1db.co\/wp-content\/uploads\/2023\/08\/Totoro-_800px.jpg",800,800,false],"2048x2048":["https:\/\/xn--uascoquetas-1db.co\/wp-content\/uploads\/2023\/08\/Totoro-_800px.jpg",800,800,false],"post_slider_layout_landscape_large":["https:\/\/xn--uascoquetas-1db.co\/wp-content\/uploads\/2023\/08\/Totoro-_800px.jpg",800,800,false],"post_slider_layout_portrait_large":["https:\/\/xn--uascoquetas-1db.co\/wp-content\/uploads\/2023\/08\/Totoro-_800px.jpg",800,800,false],"post_slider_layout_square_large":["https:\/\/xn--uascoquetas-1db.co\/wp-content\/uploads\/2023\/08\/Totoro-_800px.jpg",800,800,false],"post_slider_layout_landscape":["https:\/\/xn--uascoquetas-1db.co\/wp-content\/uploads\/2023\/08\/Totoro-_800px.jpg",400,400,false],"post_slider_layout_portrait":["https:\/\/xn--uascoquetas-1db.co\/wp-content\/uploads\/2023\/08\/Totoro-_800px.jpg",600,600,false],"post_slider_layout_square":["https:\/\/xn--uascoquetas-1db.co\/wp-content\/uploads\/2023\/08\/Totoro-_800px.jpg",600,600,false],"vw-kids-homepage-thumb":["https:\/\/xn--uascoquetas-1db.co\/wp-content\/uploads\/2023\/08\/Totoro-_800px-240x145.jpg",240,145,true],"woocommerce_thumbnail":["https:\/\/xn--uascoquetas-1db.co\/wp-content\/uploads\/2023\/08\/Totoro-_800px-300x300.jpg",300,300,true],"woocommerce_single":["https:\/\/xn--uascoquetas-1db.co\/wp-content\/uploads\/2023\/08\/Totoro-_800px-600x600.jpg",600,600,true],"woocommerce_gallery_thumbnail":["https:\/\/xn--uascoquetas-1db.co\/wp-content\/uploads\/2023\/08\/Totoro-_800px-100x100.jpg",100,100,true],"variation_swatches_image_size":["https:\/\/xn--uascoquetas-1db.co\/wp-content\/uploads\/2023\/08\/Totoro-_800px-50x50.jpg",50,50,true],"variation_swatches_tooltip_size":["https:\/\/xn--uascoquetas-1db.co\/wp-content\/uploads\/2023\/08\/Totoro-_800px-100x100.jpg",100,100,true]},"uagb_author_info":{"display_name":"U\u00f1as Coquetas","author_link":"https:\/\/xn--uascoquetas-1db.co\/?author=0"},"uagb_comment_info":0,"uagb_excerpt":"Placa met\u00e1lica para estampar u\u00f1as, marca Colombiana U\u00f1as Coquetas con hermosas figuras de anime, Totoro, el Castillo ambulante, El viaje de Chihiro y Ponyo","jetpack_sharing_enabled":true,"jetpack-related-posts":[{"id":5667,"url":"https:\/\/xn--uascoquetas-1db.co\/?product=kit-totoro-placa-totoro-estampador-gp-metalico-2-driut","url_meta":{"origin":4543,"position":0},"title":"Kit Totoro &#8211; Placa Totoro + Estampador GP met\u00e1lico + 2 Driut","author":"U\u00f1as Coquetas","date":"01\/10\/2023","format":false,"excerpt":"Placa Totoro + Estampador GP met\u00e1lico + 2 Driut marca Colombiana U\u00f1as coquetas - Kit Totoro","rel":"","context":"Entrada similar","block_context":{"text":"Entrada similar","link":""},"img":{"alt_text":"Kit Totoro UC","src":"https:\/\/i0.wp.com\/xn--uascoquetas-1db.co\/wp-content\/uploads\/2023\/10\/PDA-014-Portada-Totoro-01.jpg?resize=350%2C200&ssl=1","width":350,"height":200,"srcset":"https:\/\/i0.wp.com\/xn--uascoquetas-1db.co\/wp-content\/uploads\/2023\/10\/PDA-014-Portada-Totoro-01.jpg?resize=350%2C200&ssl=1 1x, https:\/\/i0.wp.com\/xn--uascoquetas-1db.co\/wp-content\/uploads\/2023\/10\/PDA-014-Portada-Totoro-01.jpg?resize=525%2C300&ssl=1 1.5x, https:\/\/i0.wp.com\/xn--uascoquetas-1db.co\/wp-content\/uploads\/2023\/10\/PDA-014-Portada-Totoro-01.jpg?resize=700%2C400&ssl=1 2x, https:\/\/i0.wp.com\/xn--uascoquetas-1db.co\/wp-content\/uploads\/2023\/10\/PDA-014-Portada-Totoro-01.jpg?resize=1050%2C600&ssl=1 3x"},"classes":[]},{"id":5957,"url":"https:\/\/xn--uascoquetas-1db.co\/?product=az-studio-ghibli-1-placa-metalica-mundo-de-unas","url_meta":{"origin":4543,"position":1},"title":"AZ Studio Ghibli 1 &#8211; Placa met\u00e1lica &#8211; Mundo de U\u00f1as","author":"U\u00f1as Coquetas","date":"09\/10\/2023","format":false,"excerpt":"Placa met\u00e1lica para estampar u\u00f1as, marca Mexicana Mundo de U\u00f1as con hermosas figuras de anime, estudio Ghibli (Chihiro, Totoro, El castillo ambulante)","rel":"","context":"Entrada similar","block_context":{"text":"Entrada similar","link":""},"img":{"alt_text":"az studio ghibli 1 mdu","src":"https:\/\/i0.wp.com\/xn--uascoquetas-1db.co\/wp-content\/uploads\/2023\/10\/AZ-STUDIO-GHIBLI-1-800X800_Mesa-de-trabajo-1.jpg?resize=350%2C200&ssl=1","width":350,"height":200,"srcset":"https:\/\/i0.wp.com\/xn--uascoquetas-1db.co\/wp-content\/uploads\/2023\/10\/AZ-STUDIO-GHIBLI-1-800X800_Mesa-de-trabajo-1.jpg?resize=350%2C200&ssl=1 1x, https:\/\/i0.wp.com\/xn--uascoquetas-1db.co\/wp-content\/uploads\/2023\/10\/AZ-STUDIO-GHIBLI-1-800X800_Mesa-de-trabajo-1.jpg?resize=525%2C300&ssl=1 1.5x, https:\/\/i0.wp.com\/xn--uascoquetas-1db.co\/wp-content\/uploads\/2023\/10\/AZ-STUDIO-GHIBLI-1-800X800_Mesa-de-trabajo-1.jpg?resize=700%2C400&ssl=1 2x"},"classes":[]},{"id":5959,"url":"https:\/\/xn--uascoquetas-1db.co\/?product=az-studio-ghibli-2-placa-metalica-mundo-de-unas","url_meta":{"origin":4543,"position":2},"title":"AZ Studio Ghibli 2 &#8211; Placa met\u00e1lica &#8211; Mundo de U\u00f1as","author":"U\u00f1as Coquetas","date":"09\/10\/2023","format":false,"excerpt":"Placa met\u00e1lica para estampar u\u00f1as, marca Mexicana Mundo de U\u00f1as con hermosas figuras de anime, estudio Ghibli (Chihiro, Totoro, El castillo ambulante, Ponyo, Mononoke)","rel":"","context":"Entrada similar","block_context":{"text":"Entrada similar","link":""},"img":{"alt_text":"az studio ghibli 2","src":"https:\/\/i0.wp.com\/xn--uascoquetas-1db.co\/wp-content\/uploads\/2023\/10\/AZ-STUDIO-GHIBLI-2-800X800_Mesa-de-trabajo-1.jpg?resize=350%2C200&ssl=1","width":350,"height":200,"srcset":"https:\/\/i0.wp.com\/xn--uascoquetas-1db.co\/wp-content\/uploads\/2023\/10\/AZ-STUDIO-GHIBLI-2-800X800_Mesa-de-trabajo-1.jpg?resize=350%2C200&ssl=1 1x, https:\/\/i0.wp.com\/xn--uascoquetas-1db.co\/wp-content\/uploads\/2023\/10\/AZ-STUDIO-GHIBLI-2-800X800_Mesa-de-trabajo-1.jpg?resize=525%2C300&ssl=1 1.5x, https:\/\/i0.wp.com\/xn--uascoquetas-1db.co\/wp-content\/uploads\/2023\/10\/AZ-STUDIO-GHIBLI-2-800X800_Mesa-de-trabajo-1.jpg?resize=700%2C400&ssl=1 2x"},"classes":[]},{"id":8555,"url":"https:\/\/xn--uascoquetas-1db.co\/?product=az-studio-ghibli-3-placa-metalica-mundo-de-unas","url_meta":{"origin":4543,"position":3},"title":"AZ Studio Ghibli 3 &#8211; Placa met\u00e1lica &#8211; Mundo de U\u00f1as","author":"U\u00f1as Coquetas","date":"02\/07\/2024","format":false,"excerpt":"Placa met\u00e1lica para estampar u\u00f1as, marca Mexicana Mundo de U\u00f1as con hermosas figuras de anime, estudio Ghibli (Chihiro, Totoro, El castillo ambulante, Ponyo)","rel":"","context":"Entrada similar","block_context":{"text":"Entrada similar","link":""},"img":{"alt_text":"AZ Studio Ghibli 3","src":"https:\/\/i0.wp.com\/xn--uascoquetas-1db.co\/wp-content\/uploads\/2024\/07\/AZ-STUDIO-GHIBLI-3.png?resize=350%2C200&ssl=1","width":350,"height":200,"srcset":"https:\/\/i0.wp.com\/xn--uascoquetas-1db.co\/wp-content\/uploads\/2024\/07\/AZ-STUDIO-GHIBLI-3.png?resize=350%2C200&ssl=1 1x, https:\/\/i0.wp.com\/xn--uascoquetas-1db.co\/wp-content\/uploads\/2024\/07\/AZ-STUDIO-GHIBLI-3.png?resize=525%2C300&ssl=1 1.5x, https:\/\/i0.wp.com\/xn--uascoquetas-1db.co\/wp-content\/uploads\/2024\/07\/AZ-STUDIO-GHIBLI-3.png?resize=700%2C400&ssl=1 2x"},"classes":[]},{"id":7118,"url":"https:\/\/xn--uascoquetas-1db.co\/?product=miniuc-005-amo-el-anime-mini-placa-metalica-doble-unas-coquetas","url_meta":{"origin":4543,"position":4},"title":"MINIUC-005 Amo el anime &#8211; Mini placa met\u00e1lica doble &#8211; U\u00f1as Coquetas","author":"U\u00f1as Coquetas","date":"26\/12\/2023","format":false,"excerpt":"Mini placa met\u00e1lica doble para estampar u\u00f1as, marca Colombiana U\u00f1as Coquetas con hermosas figuras de anime (One Piece, Spy x Family, Naruto, Ghibli y otras series). \u00a0","rel":"","context":"Entrada similar","block_context":{"text":"Entrada similar","link":""},"img":{"alt_text":"","src":"https:\/\/i0.wp.com\/xn--uascoquetas-1db.co\/wp-content\/uploads\/2023\/12\/Amo-el-anime-800px.jpg?resize=350%2C200&ssl=1","width":350,"height":200,"srcset":"https:\/\/i0.wp.com\/xn--uascoquetas-1db.co\/wp-content\/uploads\/2023\/12\/Amo-el-anime-800px.jpg?resize=350%2C200&ssl=1 1x, https:\/\/i0.wp.com\/xn--uascoquetas-1db.co\/wp-content\/uploads\/2023\/12\/Amo-el-anime-800px.jpg?resize=525%2C300&ssl=1 1.5x, https:\/\/i0.wp.com\/xn--uascoquetas-1db.co\/wp-content\/uploads\/2023\/12\/Amo-el-anime-800px.jpg?resize=700%2C400&ssl=1 2x"},"classes":[]},{"id":9620,"url":"https:\/\/xn--uascoquetas-1db.co\/?product=miniuc-019-elfos-y-enanos-mini-placa-metalica-doble-unas-coquetas","url_meta":{"origin":4543,"position":5},"title":"MINIUC-019 Elfos y enanos  &#8211; Mini placa met\u00e1lica doble &#8211; U\u00f1as Coquetas","author":"U\u00f1as Coquetas","date":"24\/12\/2024","format":false,"excerpt":"Mini placa met\u00e1lica doble para estampar u\u00f1as, marca Colombiana U\u00f1as Coquetas con hermosas figuras de anime Frieren y Dungeon Meshi, elfos, enanos, comida, hongos.","rel":"","context":"Entrada similar","block_context":{"text":"Entrada similar","link":""},"img":{"alt_text":"","src":"https:\/\/i0.wp.com\/xn--uascoquetas-1db.co\/wp-content\/uploads\/2024\/12\/mini-uc-19-Elfos-ML.jpg?resize=350%2C200&ssl=1","width":350,"height":200,"srcset":"https:\/\/i0.wp.com\/xn--uascoquetas-1db.co\/wp-content\/uploads\/2024\/12\/mini-uc-19-Elfos-ML.jpg?resize=350%2C200&ssl=1 1x, https:\/\/i0.wp.com\/xn--uascoquetas-1db.co\/wp-content\/uploads\/2024\/12\/mini-uc-19-Elfos-ML.jpg?resize=525%2C300&ssl=1 1.5x, https:\/\/i0.wp.com\/xn--uascoquetas-1db.co\/wp-content\/uploads\/2024\/12\/mini-uc-19-Elfos-ML.jpg?resize=700%2C400&ssl=1 2x"},"classes":[]}],"_links":{"self":[{"href":"https:\/\/xn--uascoquetas-1db.co\/index.php?rest_route=\/wp\/v2\/product\/4543","targetHints":{"allow":["GET"]}}],"collection":[{"href":"https:\/\/xn--uascoquetas-1db.co\/index.php?rest_route=\/wp\/v2\/product"}],"about":[{"href":"https:\/\/xn--uascoquetas-1db.co\/index.php?rest_route=\/wp\/v2\/types\/product"}],"replies":[{"embeddable":true,"href":"https:\/\/xn--uascoquetas-1db.co\/index.php?rest_route=%2Fwp%2Fv2%2Fcomments&post=4543"}],"wp:featuredmedia":[{"embeddable":true,"href":"https:\/\/xn--uascoquetas-1db.co\/index.php?rest_route=\/wp\/v2\/media\/9381"}],"wp:attachment":[{"href":"https:\/\/xn--uascoquetas-1db.co\/index.php?rest_route=%2Fwp%2Fv2%2Fmedia&parent=4543"}],"wp:term":[{"taxonomy":"product_brand","embeddable":true,"href":"https:\/\/xn--uascoquetas-1db.co\/index.php?rest_route=%2Fwp%2Fv2%2Fproduct_brand&post=4543"},{"taxonomy":"product_cat","embeddable":true,"href":"https:\/\/xn--uascoquetas-1db.co\/index.php?rest_route=%2Fwp%2Fv2%2Fproduct_cat&post=4543"},{"taxonomy":"product_tag","embeddable":true,"href":"https:\/\/xn--uascoquetas-1db.co\/index.php?rest_route=%2Fwp%2Fv2%2Fproduct_tag&post=4543"}],"curies":[{"name":"wp","href":"https:\/\/api.w.org\/{rel}","templated":true}]}}