{"id":4603,"date":"2023-09-01T15:52:18","date_gmt":"2023-09-01T20:52:18","guid":{"rendered":"https:\/\/xn--uascoquetas-1db.co\/?post_type=product&#038;p=4603"},"modified":"2024-12-17T11:52:09","modified_gmt":"2024-12-17T16:52:09","slug":"coleccion-esmaltes-termocromaticos-v1-duniverse-colors","status":"publish","type":"product","link":"https:\/\/xn--uascoquetas-1db.co\/?product=coleccion-esmaltes-termocromaticos-v1-duniverse-colors","title":{"rendered":"Colecci\u00f3n esmaltes termocrom\u00e1ticos V1 \u2013 D\u2019universe Colors"},"content":{"rendered":"<p>Set de seis (6) esmaltes tradicionales de efectos \u00fanicos y especiales para decoraci\u00f3n de u\u00f1as. Cambian de color con la temperatura.<\/p>\n<h2>Caracter\u00edsticas:<\/h2>\n<p>-Presentaci\u00f3n: Botella de 12 ml<\/p>\n<p>-Brocha plana.<\/p>\n<p>-Fabricados en Colombia.<\/p>\n<p>-20 free.<\/p>\n<p>Registro INVIMA NSOC22908-23CO<\/p>\n<h2>Colores de la colecci\u00f3n:<\/h2>\n<p>-Tecnicolor: Termocrom\u00e1tico. Cambia a 4 colores \u2013 Topper trasl\u00facido.<\/p>\n<p>&#8211; Orqu\u00eddea: Termocrom\u00e1tico. Violeta-lila -rosa.<\/p>\n<p>-Cheesecake: Termocrom\u00e1tico. Amarillo pastel \u2013 Casi blanco.<\/p>\n<p>&#8211; Dulce de menta: Termocrom\u00e1tico. Aguamarina \u2013 Verde manzana.<\/p>\n<p>&#8211; Romance: Termocrom\u00e1tico. Rojo \u2013 Trasl\u00facido topper.<\/p>\n<p>&#8211; Luz de luna: Fosforescente. Brilla en la oscuridad blanco \u2013 topper.<\/p>\n<h6>Termocrom\u00e1tico: Cambia de color con la temperatura.<\/h6>\n<h6>Fosforescente: Brilla en la oscuridad.<\/h6>\n","protected":false},"excerpt":{"rendered":"<table width=\"375\">\n<tbody>\n<tr>\n<td width=\"375\">Esmaltes con efectos, secado al aire marca Colombiana D&#8217;universe Colors tono Colecci\u00f3n No. 1 Termocrom\u00e1ticos<\/td>\n<\/tr>\n<\/tbody>\n<\/table>\n","protected":false},"featured_media":5632,"comment_status":"open","ping_status":"closed","template":"","meta":{"_regular_price":["94000"],"currency_symbol":[],"_uag_custom_page_level_css":""},"product_brand":[],"product_cat":[244,59],"product_tag":[183,184,182],"class_list":{"0":"post-4603","1":"product","2":"type-product","3":"status-publish","4":"has-post-thumbnail","6":"product_cat-kit-esmaltes","7":"product_cat-kits-de-stamping","8":"product_tag-fosforescente","9":"product_tag-fotocromatico","10":"product_tag-termocromatico","11":"product_shipping_class-paquete-pequeno","13":"first","14":"instock","15":"purchasable","16":"product-type-simple"},"post_slider_layout_featured_media_urls":{"thumbnail":["https:\/\/xn--uascoquetas-1db.co\/wp-content\/uploads\/2023\/09\/101.-Coleccion-800x800_Mesa-de-trabajo-1_Mesa-de-trabajo-1-150x150.jpg",150,150,true],"post_slider_layout_landscape_large":["https:\/\/xn--uascoquetas-1db.co\/wp-content\/uploads\/2023\/09\/101.-Coleccion-800x800_Mesa-de-trabajo-1_Mesa-de-trabajo-1.jpg",800,800,false],"post_slider_layout_portrait_large":["https:\/\/xn--uascoquetas-1db.co\/wp-content\/uploads\/2023\/09\/101.-Coleccion-800x800_Mesa-de-trabajo-1_Mesa-de-trabajo-1.jpg",800,800,false],"post_slider_layout_square_large":["https:\/\/xn--uascoquetas-1db.co\/wp-content\/uploads\/2023\/09\/101.-Coleccion-800x800_Mesa-de-trabajo-1_Mesa-de-trabajo-1.jpg",800,800,false],"post_slider_layout_landscape":["https:\/\/xn--uascoquetas-1db.co\/wp-content\/uploads\/2023\/09\/101.-Coleccion-800x800_Mesa-de-trabajo-1_Mesa-de-trabajo-1.jpg",400,400,false],"post_slider_layout_portrait":["https:\/\/xn--uascoquetas-1db.co\/wp-content\/uploads\/2023\/09\/101.-Coleccion-800x800_Mesa-de-trabajo-1_Mesa-de-trabajo-1.jpg",600,600,false],"post_slider_layout_square":["https:\/\/xn--uascoquetas-1db.co\/wp-content\/uploads\/2023\/09\/101.-Coleccion-800x800_Mesa-de-trabajo-1_Mesa-de-trabajo-1.jpg",600,600,false],"full":["https:\/\/xn--uascoquetas-1db.co\/wp-content\/uploads\/2023\/09\/101.-Coleccion-800x800_Mesa-de-trabajo-1_Mesa-de-trabajo-1.jpg",800,800,false]},"uagb_featured_image_src":{"full":["https:\/\/xn--uascoquetas-1db.co\/wp-content\/uploads\/2023\/09\/101.-Coleccion-800x800_Mesa-de-trabajo-1_Mesa-de-trabajo-1.jpg",800,800,false],"thumbnail":["https:\/\/xn--uascoquetas-1db.co\/wp-content\/uploads\/2023\/09\/101.-Coleccion-800x800_Mesa-de-trabajo-1_Mesa-de-trabajo-1-150x150.jpg",150,150,true],"medium":["https:\/\/xn--uascoquetas-1db.co\/wp-content\/uploads\/2023\/09\/101.-Coleccion-800x800_Mesa-de-trabajo-1_Mesa-de-trabajo-1-300x300.jpg",300,300,true],"medium_large":["https:\/\/xn--uascoquetas-1db.co\/wp-content\/uploads\/2023\/09\/101.-Coleccion-800x800_Mesa-de-trabajo-1_Mesa-de-trabajo-1-768x768.jpg",640,640,true],"large":["https:\/\/xn--uascoquetas-1db.co\/wp-content\/uploads\/2023\/09\/101.-Coleccion-800x800_Mesa-de-trabajo-1_Mesa-de-trabajo-1.jpg",640,640,false],"1536x1536":["https:\/\/xn--uascoquetas-1db.co\/wp-content\/uploads\/2023\/09\/101.-Coleccion-800x800_Mesa-de-trabajo-1_Mesa-de-trabajo-1.jpg",800,800,false],"2048x2048":["https:\/\/xn--uascoquetas-1db.co\/wp-content\/uploads\/2023\/09\/101.-Coleccion-800x800_Mesa-de-trabajo-1_Mesa-de-trabajo-1.jpg",800,800,false],"post_slider_layout_landscape_large":["https:\/\/xn--uascoquetas-1db.co\/wp-content\/uploads\/2023\/09\/101.-Coleccion-800x800_Mesa-de-trabajo-1_Mesa-de-trabajo-1.jpg",800,800,false],"post_slider_layout_portrait_large":["https:\/\/xn--uascoquetas-1db.co\/wp-content\/uploads\/2023\/09\/101.-Coleccion-800x800_Mesa-de-trabajo-1_Mesa-de-trabajo-1.jpg",800,800,false],"post_slider_layout_square_large":["https:\/\/xn--uascoquetas-1db.co\/wp-content\/uploads\/2023\/09\/101.-Coleccion-800x800_Mesa-de-trabajo-1_Mesa-de-trabajo-1.jpg",800,800,false],"post_slider_layout_landscape":["https:\/\/xn--uascoquetas-1db.co\/wp-content\/uploads\/2023\/09\/101.-Coleccion-800x800_Mesa-de-trabajo-1_Mesa-de-trabajo-1.jpg",400,400,false],"post_slider_layout_portrait":["https:\/\/xn--uascoquetas-1db.co\/wp-content\/uploads\/2023\/09\/101.-Coleccion-800x800_Mesa-de-trabajo-1_Mesa-de-trabajo-1.jpg",600,600,false],"post_slider_layout_square":["https:\/\/xn--uascoquetas-1db.co\/wp-content\/uploads\/2023\/09\/101.-Coleccion-800x800_Mesa-de-trabajo-1_Mesa-de-trabajo-1.jpg",600,600,false],"vw-kids-homepage-thumb":["https:\/\/xn--uascoquetas-1db.co\/wp-content\/uploads\/2023\/09\/101.-Coleccion-800x800_Mesa-de-trabajo-1_Mesa-de-trabajo-1.jpg",145,145,false],"woocommerce_thumbnail":["https:\/\/xn--uascoquetas-1db.co\/wp-content\/uploads\/2023\/09\/101.-Coleccion-800x800_Mesa-de-trabajo-1_Mesa-de-trabajo-1-300x300.jpg",300,300,true],"woocommerce_single":["https:\/\/xn--uascoquetas-1db.co\/wp-content\/uploads\/2023\/09\/101.-Coleccion-800x800_Mesa-de-trabajo-1_Mesa-de-trabajo-1-600x600.jpg",600,600,true],"woocommerce_gallery_thumbnail":["https:\/\/xn--uascoquetas-1db.co\/wp-content\/uploads\/2023\/09\/101.-Coleccion-800x800_Mesa-de-trabajo-1_Mesa-de-trabajo-1-100x100.jpg",100,100,true],"variation_swatches_image_size":["https:\/\/xn--uascoquetas-1db.co\/wp-content\/uploads\/2023\/09\/101.-Coleccion-800x800_Mesa-de-trabajo-1_Mesa-de-trabajo-1.jpg",50,50,false],"variation_swatches_tooltip_size":["https:\/\/xn--uascoquetas-1db.co\/wp-content\/uploads\/2023\/09\/101.-Coleccion-800x800_Mesa-de-trabajo-1_Mesa-de-trabajo-1.jpg",100,100,false]},"uagb_author_info":{"display_name":"U\u00f1as Coquetas","author_link":"https:\/\/xn--uascoquetas-1db.co\/?author=0"},"uagb_comment_info":0,"uagb_excerpt":"Esmaltes con efectos, secado al aire marca Colombiana D'universe Colors tono Colecci\u00f3n No. 1 Termocrom\u00e1ticos","jetpack_sharing_enabled":true,"jetpack-related-posts":[{"id":10554,"url":"https:\/\/xn--uascoquetas-1db.co\/?product=coleccion-alquimia-cosmica-secado-al-aire","url_meta":{"origin":4603,"position":0},"title":"Colecci\u00f3n Alquimia C\u00f3smica &#8211; Secado al aire","author":"U\u00f1as Coquetas","date":"16\/07\/2025","format":false,"excerpt":"Esmaltes con efectos, secado al aire marca Colombiana D'universe Colors tono Colecci\u00f3n No. 1 Termocrom\u00e1ticos","rel":"","context":"Entrada similar","block_context":{"text":"Entrada similar","link":""},"img":{"alt_text":"","src":"https:\/\/i0.wp.com\/xn--uascoquetas-1db.co\/wp-content\/uploads\/2025\/07\/Coleccion-cosmica-ML.jpg?resize=350%2C200&ssl=1","width":350,"height":200,"srcset":"https:\/\/i0.wp.com\/xn--uascoquetas-1db.co\/wp-content\/uploads\/2025\/07\/Coleccion-cosmica-ML.jpg?resize=350%2C200&ssl=1 1x, https:\/\/i0.wp.com\/xn--uascoquetas-1db.co\/wp-content\/uploads\/2025\/07\/Coleccion-cosmica-ML.jpg?resize=525%2C300&ssl=1 1.5x, https:\/\/i0.wp.com\/xn--uascoquetas-1db.co\/wp-content\/uploads\/2025\/07\/Coleccion-cosmica-ML.jpg?resize=700%2C400&ssl=1 2x"},"classes":[]},{"id":5642,"url":"https:\/\/xn--uascoquetas-1db.co\/?product=tecnicolor-cuatro-tonos-esmalte-termocromatico-y-fotocromatico-secado-al-aire","url_meta":{"origin":4603,"position":1},"title":"Esmalte termocrom\u00e1tico y fotosensible (Cuatro tonos) &#8211; D&#8217;universe Colors","author":"U\u00f1as Coquetas","date":"01\/10\/2023","format":false,"excerpt":"Esmalte termocrom\u00e1tico y fotocrom\u00e1tico\u00a0 secado al aire marca Colombiana D'universe Colors, cambio a cuatro colores. Tonos Lychee y Tecnicolor. \u00a0","rel":"","context":"Entrada similar","block_context":{"text":"Entrada similar","link":""},"img":{"alt_text":"","src":"https:\/\/i0.wp.com\/xn--uascoquetas-1db.co\/wp-content\/uploads\/2023\/10\/Esmalte2.png?resize=350%2C200&ssl=1","width":350,"height":200,"srcset":"https:\/\/i0.wp.com\/xn--uascoquetas-1db.co\/wp-content\/uploads\/2023\/10\/Esmalte2.png?resize=350%2C200&ssl=1 1x, https:\/\/i0.wp.com\/xn--uascoquetas-1db.co\/wp-content\/uploads\/2023\/10\/Esmalte2.png?resize=525%2C300&ssl=1 1.5x"},"classes":[]},{"id":11372,"url":"https:\/\/xn--uascoquetas-1db.co\/?product=coleccion-superestrella-duniverse-colors","url_meta":{"origin":4603,"position":2},"title":"Colecci\u00f3n Superestrella Duniverse Colors","author":"U\u00f1as Coquetas","date":"16\/03\/2026","format":false,"excerpt":"Esmaltes con efectos, secado al aire marca Colombiana D'universe Colors Colecci\u00f3n No. Superestrella, con tonos ojo de gato y reflectivos.","rel":"","context":"Entrada similar","block_context":{"text":"Entrada similar","link":""},"img":{"alt_text":"","src":"https:\/\/i0.wp.com\/xn--uascoquetas-1db.co\/wp-content\/uploads\/2026\/03\/Coleccion.jpg?resize=350%2C200&ssl=1","width":350,"height":200,"srcset":"https:\/\/i0.wp.com\/xn--uascoquetas-1db.co\/wp-content\/uploads\/2026\/03\/Coleccion.jpg?resize=350%2C200&ssl=1 1x, https:\/\/i0.wp.com\/xn--uascoquetas-1db.co\/wp-content\/uploads\/2026\/03\/Coleccion.jpg?resize=525%2C300&ssl=1 1.5x, https:\/\/i0.wp.com\/xn--uascoquetas-1db.co\/wp-content\/uploads\/2026\/03\/Coleccion.jpg?resize=700%2C400&ssl=1 2x"},"classes":[]},{"id":8177,"url":"https:\/\/xn--uascoquetas-1db.co\/?product=esmaltes-termicos-de-secado-al-aire","url_meta":{"origin":4603,"position":3},"title":"Esmaltes t\u00e9rmicos de secado al aire","author":"U\u00f1as Coquetas","date":"24\/05\/2024","format":false,"excerpt":"Esmalte termocrom\u00e1tico y fotocrom\u00e1tico\u00a0 secado al aire marca Colombiana D'universe Colors tono Tecnicolor (Cuatro tonos) \u00a0","rel":"","context":"Entrada similar","block_context":{"text":"Entrada similar","link":""},"img":{"alt_text":"","src":"https:\/\/i0.wp.com\/xn--uascoquetas-1db.co\/wp-content\/uploads\/2024\/05\/Acepto_bf3c8958-b477-4e17-adaa-96eae3636274.webp?resize=350%2C200&ssl=1","width":350,"height":200,"srcset":"https:\/\/i0.wp.com\/xn--uascoquetas-1db.co\/wp-content\/uploads\/2024\/05\/Acepto_bf3c8958-b477-4e17-adaa-96eae3636274.webp?resize=350%2C200&ssl=1 1x, https:\/\/i0.wp.com\/xn--uascoquetas-1db.co\/wp-content\/uploads\/2024\/05\/Acepto_bf3c8958-b477-4e17-adaa-96eae3636274.webp?resize=525%2C300&ssl=1 1.5x"},"classes":[]},{"id":6042,"url":"https:\/\/xn--uascoquetas-1db.co\/?product=valiente-menta-esmalte-de-secado-al-aire","url_meta":{"origin":4603,"position":4},"title":"Esmaltes fosforescentes alumbran en la oscuridad","author":"U\u00f1as Coquetas","date":"20\/10\/2023","format":false,"excerpt":"Esmalte de secado al aire marca Colombiana D'universe Colors, alumbran en la oscuridad.","rel":"","context":"Entrada similar","block_context":{"text":"Entrada similar","link":""},"img":{"alt_text":"","src":"https:\/\/i0.wp.com\/xn--uascoquetas-1db.co\/wp-content\/uploads\/2023\/10\/Aprecio-800px.jpg?resize=350%2C200&ssl=1","width":350,"height":200,"srcset":"https:\/\/i0.wp.com\/xn--uascoquetas-1db.co\/wp-content\/uploads\/2023\/10\/Aprecio-800px.jpg?resize=350%2C200&ssl=1 1x, https:\/\/i0.wp.com\/xn--uascoquetas-1db.co\/wp-content\/uploads\/2023\/10\/Aprecio-800px.jpg?resize=525%2C300&ssl=1 1.5x, https:\/\/i0.wp.com\/xn--uascoquetas-1db.co\/wp-content\/uploads\/2023\/10\/Aprecio-800px.jpg?resize=700%2C400&ssl=1 2x"},"classes":[]},{"id":9231,"url":"https:\/\/xn--uascoquetas-1db.co\/?product=esmalte-fotosensible-cambia-de-color-con-el-sol-secado-al-aire","url_meta":{"origin":4603,"position":5},"title":"Esmalte fotosensible, cambia de color con el sol. &#8211; Secado al aire","author":"U\u00f1as Coquetas","date":"18\/10\/2024","format":false,"excerpt":"Esmalte de secado al aire marca Colombiana D'universe Colors, alumbran en la oscuridad.","rel":"","context":"Entrada similar","block_context":{"text":"Entrada similar","link":""},"img":{"alt_text":"","src":"https:\/\/i0.wp.com\/xn--uascoquetas-1db.co\/wp-content\/uploads\/2024\/05\/Suerte_1aa5852d-ab3d-4127-88d4-8ac8ae30bd6d.webp?resize=350%2C200&ssl=1","width":350,"height":200,"srcset":"https:\/\/i0.wp.com\/xn--uascoquetas-1db.co\/wp-content\/uploads\/2024\/05\/Suerte_1aa5852d-ab3d-4127-88d4-8ac8ae30bd6d.webp?resize=350%2C200&ssl=1 1x, https:\/\/i0.wp.com\/xn--uascoquetas-1db.co\/wp-content\/uploads\/2024\/05\/Suerte_1aa5852d-ab3d-4127-88d4-8ac8ae30bd6d.webp?resize=525%2C300&ssl=1 1.5x"},"classes":[]}],"_links":{"self":[{"href":"https:\/\/xn--uascoquetas-1db.co\/index.php?rest_route=\/wp\/v2\/product\/4603","targetHints":{"allow":["GET"]}}],"collection":[{"href":"https:\/\/xn--uascoquetas-1db.co\/index.php?rest_route=\/wp\/v2\/product"}],"about":[{"href":"https:\/\/xn--uascoquetas-1db.co\/index.php?rest_route=\/wp\/v2\/types\/product"}],"replies":[{"embeddable":true,"href":"https:\/\/xn--uascoquetas-1db.co\/index.php?rest_route=%2Fwp%2Fv2%2Fcomments&post=4603"}],"wp:featuredmedia":[{"embeddable":true,"href":"https:\/\/xn--uascoquetas-1db.co\/index.php?rest_route=\/wp\/v2\/media\/5632"}],"wp:attachment":[{"href":"https:\/\/xn--uascoquetas-1db.co\/index.php?rest_route=%2Fwp%2Fv2%2Fmedia&parent=4603"}],"wp:term":[{"taxonomy":"product_brand","embeddable":true,"href":"https:\/\/xn--uascoquetas-1db.co\/index.php?rest_route=%2Fwp%2Fv2%2Fproduct_brand&post=4603"},{"taxonomy":"product_cat","embeddable":true,"href":"https:\/\/xn--uascoquetas-1db.co\/index.php?rest_route=%2Fwp%2Fv2%2Fproduct_cat&post=4603"},{"taxonomy":"product_tag","embeddable":true,"href":"https:\/\/xn--uascoquetas-1db.co\/index.php?rest_route=%2Fwp%2Fv2%2Fproduct_tag&post=4603"}],"curies":[{"name":"wp","href":"https:\/\/api.w.org\/{rel}","templated":true}]}}