{"id":4608,"date":"2023-09-01T16:08:06","date_gmt":"2023-09-01T21:08:06","guid":{"rendered":"https:\/\/xn--uascoquetas-1db.co\/?post_type=product&#038;p=4608"},"modified":"2025-12-10T09:08:18","modified_gmt":"2025-12-10T14:08:18","slug":"mini-mat-mini-mantel-de-silicona-motivo-1-solo-unas","status":"publish","type":"product","link":"https:\/\/xn--uascoquetas-1db.co\/?product=mini-mat-mini-mantel-de-silicona-motivo-1-solo-unas","title":{"rendered":"Mini mantel de Silicona \u2013 Motivo 1 (Solo u\u00f1as)"},"content":{"rendered":"<p>Almohadilla Portable (mat o mantel) de Silicona<\/p>\n<h2>Caracter\u00edsticas<\/h2>\n<p>Un (1) mini mantel de silicona<\/p>\n<p>Tama\u00f1o: 15 cm x 20 cm<\/p>\n<p>Material: Silicona<\/p>\n<p>Es una herramienta profesional para manicura, Stamping Nail Art, t\u00e9cnica de reverso.<\/p>\n<p>F\u00e1cil de limpiar y almacenar.<\/p>\n<p>Puede proteger tu lugar de trabajo del polvo o las manchas de esmalte al hacer los dise\u00f1os.<\/p>\n","protected":false},"excerpt":{"rendered":"<p>Un mantel peque\u00f1o de silicona, para usos varios en Nail Art y protector del sitio de trabajo.<\/p>\n","protected":false},"featured_media":4609,"comment_status":"open","ping_status":"closed","template":"","meta":{"_regular_price":["17000"],"currency_symbol":[],"_uag_custom_page_level_css":""},"product_brand":[],"product_cat":[60,47],"product_tag":[],"class_list":{"0":"post-4608","1":"product","2":"type-product","3":"status-publish","4":"has-post-thumbnail","6":"product_cat-auxiliares-para-estampar","7":"product_cat-materiales","8":"product_shipping_class-paquete-pequeno","10":"first","11":"outofstock","12":"purchasable","13":"product-type-simple"},"post_slider_layout_featured_media_urls":{"thumbnail":["https:\/\/xn--uascoquetas-1db.co\/wp-content\/uploads\/2023\/09\/Motivo1-150x150.png",150,150,true],"post_slider_layout_landscape_large":["https:\/\/xn--uascoquetas-1db.co\/wp-content\/uploads\/2023\/09\/Motivo1.png",800,800,false],"post_slider_layout_portrait_large":["https:\/\/xn--uascoquetas-1db.co\/wp-content\/uploads\/2023\/09\/Motivo1.png",1200,1200,false],"post_slider_layout_square_large":["https:\/\/xn--uascoquetas-1db.co\/wp-content\/uploads\/2023\/09\/Motivo1.png",1200,1200,false],"post_slider_layout_landscape":["https:\/\/xn--uascoquetas-1db.co\/wp-content\/uploads\/2023\/09\/Motivo1.png",400,400,false],"post_slider_layout_portrait":["https:\/\/xn--uascoquetas-1db.co\/wp-content\/uploads\/2023\/09\/Motivo1.png",600,600,false],"post_slider_layout_square":["https:\/\/xn--uascoquetas-1db.co\/wp-content\/uploads\/2023\/09\/Motivo1.png",600,600,false],"full":["https:\/\/xn--uascoquetas-1db.co\/wp-content\/uploads\/2023\/09\/Motivo1.png",2991,2991,false]},"uagb_featured_image_src":{"full":["https:\/\/xn--uascoquetas-1db.co\/wp-content\/uploads\/2023\/09\/Motivo1.png",2991,2991,false],"thumbnail":["https:\/\/xn--uascoquetas-1db.co\/wp-content\/uploads\/2023\/09\/Motivo1-150x150.png",150,150,true],"medium":["https:\/\/xn--uascoquetas-1db.co\/wp-content\/uploads\/2023\/09\/Motivo1-300x300.png",300,300,true],"medium_large":["https:\/\/xn--uascoquetas-1db.co\/wp-content\/uploads\/2023\/09\/Motivo1-768x768.png",640,640,true],"large":["https:\/\/xn--uascoquetas-1db.co\/wp-content\/uploads\/2023\/09\/Motivo1-1024x1024.png",640,640,true],"1536x1536":["https:\/\/xn--uascoquetas-1db.co\/wp-content\/uploads\/2023\/09\/Motivo1-1536x1536.png",1536,1536,true],"2048x2048":["https:\/\/xn--uascoquetas-1db.co\/wp-content\/uploads\/2023\/09\/Motivo1-2048x2048.png",2048,2048,true],"post_slider_layout_landscape_large":["https:\/\/xn--uascoquetas-1db.co\/wp-content\/uploads\/2023\/09\/Motivo1.png",800,800,false],"post_slider_layout_portrait_large":["https:\/\/xn--uascoquetas-1db.co\/wp-content\/uploads\/2023\/09\/Motivo1.png",1200,1200,false],"post_slider_layout_square_large":["https:\/\/xn--uascoquetas-1db.co\/wp-content\/uploads\/2023\/09\/Motivo1.png",1200,1200,false],"post_slider_layout_landscape":["https:\/\/xn--uascoquetas-1db.co\/wp-content\/uploads\/2023\/09\/Motivo1.png",400,400,false],"post_slider_layout_portrait":["https:\/\/xn--uascoquetas-1db.co\/wp-content\/uploads\/2023\/09\/Motivo1.png",600,600,false],"post_slider_layout_square":["https:\/\/xn--uascoquetas-1db.co\/wp-content\/uploads\/2023\/09\/Motivo1.png",600,600,false],"vw-kids-homepage-thumb":["https:\/\/xn--uascoquetas-1db.co\/wp-content\/uploads\/2023\/09\/Motivo1.png",145,145,false],"woocommerce_thumbnail":["https:\/\/xn--uascoquetas-1db.co\/wp-content\/uploads\/2023\/09\/Motivo1-300x300.png",300,300,true],"woocommerce_single":["https:\/\/xn--uascoquetas-1db.co\/wp-content\/uploads\/2023\/09\/Motivo1-600x600.png",600,600,true],"woocommerce_gallery_thumbnail":["https:\/\/xn--uascoquetas-1db.co\/wp-content\/uploads\/2023\/09\/Motivo1-100x100.png",100,100,true],"variation_swatches_image_size":["https:\/\/xn--uascoquetas-1db.co\/wp-content\/uploads\/2023\/09\/Motivo1.png",50,50,false],"variation_swatches_tooltip_size":["https:\/\/xn--uascoquetas-1db.co\/wp-content\/uploads\/2023\/09\/Motivo1.png",100,100,false]},"uagb_author_info":{"display_name":"U\u00f1as Coquetas","author_link":"https:\/\/xn--uascoquetas-1db.co\/?author=0"},"uagb_comment_info":0,"uagb_excerpt":"Un mantel peque\u00f1o de silicona, para usos varios en Nail Art y protector del sitio de trabajo.","jetpack_sharing_enabled":true,"jetpack-related-posts":[{"id":4614,"url":"https:\/\/xn--uascoquetas-1db.co\/?product=mini-mat-mini-mantel-de-silicona-motivo-3-circulos-y-figuras","url_meta":{"origin":4608,"position":0},"title":"Mini mantel de Silicona \u2013 Motivo 3 (C\u00edrculos y figuras)","author":"U\u00f1as Coquetas","date":"01\/09\/2023","format":false,"excerpt":"Mantel peque\u00f1o de silicona, para usos varios en Nail Art y protector del sitio de trabajo.","rel":"","context":"Entrada similar","block_context":{"text":"Entrada similar","link":""},"img":{"alt_text":"Mini mat motivo 3","src":"https:\/\/i0.wp.com\/xn--uascoquetas-1db.co\/wp-content\/uploads\/2023\/09\/Motivo3.png?resize=350%2C200&ssl=1","width":350,"height":200,"srcset":"https:\/\/i0.wp.com\/xn--uascoquetas-1db.co\/wp-content\/uploads\/2023\/09\/Motivo3.png?resize=350%2C200&ssl=1 1x, https:\/\/i0.wp.com\/xn--uascoquetas-1db.co\/wp-content\/uploads\/2023\/09\/Motivo3.png?resize=525%2C300&ssl=1 1.5x, https:\/\/i0.wp.com\/xn--uascoquetas-1db.co\/wp-content\/uploads\/2023\/09\/Motivo3.png?resize=700%2C400&ssl=1 2x, https:\/\/i0.wp.com\/xn--uascoquetas-1db.co\/wp-content\/uploads\/2023\/09\/Motivo3.png?resize=1050%2C600&ssl=1 3x, https:\/\/i0.wp.com\/xn--uascoquetas-1db.co\/wp-content\/uploads\/2023\/09\/Motivo3.png?resize=1400%2C800&ssl=1 4x"},"classes":[]},{"id":4612,"url":"https:\/\/xn--uascoquetas-1db.co\/?product=mini-mat-mini-mantel-de-silicona-motivo-2-unas-y-cuadriculas","url_meta":{"origin":4608,"position":1},"title":"Mini mantel de Silicona \u2013 Motivo 2 (U\u00f1as y cuadr\u00edculas)","author":"U\u00f1as Coquetas","date":"01\/09\/2023","format":false,"excerpt":"Un mantel peque\u00f1o de silicona, para usos varios en Nail Art y protector del sitio de trabajo.","rel":"","context":"Entrada similar","block_context":{"text":"Entrada similar","link":""},"img":{"alt_text":"Minimat motivo 2","src":"https:\/\/i0.wp.com\/xn--uascoquetas-1db.co\/wp-content\/uploads\/2023\/09\/Motivo2.png?resize=350%2C200&ssl=1","width":350,"height":200,"srcset":"https:\/\/i0.wp.com\/xn--uascoquetas-1db.co\/wp-content\/uploads\/2023\/09\/Motivo2.png?resize=350%2C200&ssl=1 1x, https:\/\/i0.wp.com\/xn--uascoquetas-1db.co\/wp-content\/uploads\/2023\/09\/Motivo2.png?resize=525%2C300&ssl=1 1.5x, https:\/\/i0.wp.com\/xn--uascoquetas-1db.co\/wp-content\/uploads\/2023\/09\/Motivo2.png?resize=700%2C400&ssl=1 2x, https:\/\/i0.wp.com\/xn--uascoquetas-1db.co\/wp-content\/uploads\/2023\/09\/Motivo2.png?resize=1050%2C600&ssl=1 3x, https:\/\/i0.wp.com\/xn--uascoquetas-1db.co\/wp-content\/uploads\/2023\/09\/Motivo2.png?resize=1400%2C800&ssl=1 4x"},"classes":[]},{"id":10211,"url":"https:\/\/xn--uascoquetas-1db.co\/?product=mini-mat-cuadrado-mantel-de-silicona-5-x-5-cm","url_meta":{"origin":4608,"position":2},"title":"Mini mat cuadrado &#8211; Mantel de silicona 5 x 5 cm","author":"U\u00f1as Coquetas","date":"13\/05\/2025","format":false,"excerpt":"Mantel peque\u00f1o de silicona, para usos varios en Nail Art.","rel":"","context":"Entrada similar","block_context":{"text":"Entrada similar","link":""},"img":{"alt_text":"","src":"https:\/\/i0.wp.com\/xn--uascoquetas-1db.co\/wp-content\/uploads\/2025\/05\/Portada-ML.jpg?resize=350%2C200&ssl=1","width":350,"height":200,"srcset":"https:\/\/i0.wp.com\/xn--uascoquetas-1db.co\/wp-content\/uploads\/2025\/05\/Portada-ML.jpg?resize=350%2C200&ssl=1 1x, https:\/\/i0.wp.com\/xn--uascoquetas-1db.co\/wp-content\/uploads\/2025\/05\/Portada-ML.jpg?resize=525%2C300&ssl=1 1.5x, https:\/\/i0.wp.com\/xn--uascoquetas-1db.co\/wp-content\/uploads\/2025\/05\/Portada-ML.jpg?resize=700%2C400&ssl=1 2x"},"classes":[]},{"id":9515,"url":"https:\/\/xn--uascoquetas-1db.co\/?product=mini-mat-redondo-blanco-mantel-de-silicona","url_meta":{"origin":4608,"position":3},"title":"Mini mat redondo &#8211; Mantel de silicona","author":"U\u00f1as Coquetas","date":"05\/12\/2024","format":false,"excerpt":"Mantel peque\u00f1o de silicona, para usos varios en Nail Art y protector del sitio de trabajo.","rel":"","context":"Entrada similar","block_context":{"text":"Entrada similar","link":""},"img":{"alt_text":"","src":"https:\/\/i0.wp.com\/xn--uascoquetas-1db.co\/wp-content\/uploads\/2024\/12\/Mini-mat-redondo-blanco.jpg?resize=350%2C200&ssl=1","width":350,"height":200,"srcset":"https:\/\/i0.wp.com\/xn--uascoquetas-1db.co\/wp-content\/uploads\/2024\/12\/Mini-mat-redondo-blanco.jpg?resize=350%2C200&ssl=1 1x, https:\/\/i0.wp.com\/xn--uascoquetas-1db.co\/wp-content\/uploads\/2024\/12\/Mini-mat-redondo-blanco.jpg?resize=525%2C300&ssl=1 1.5x, https:\/\/i0.wp.com\/xn--uascoquetas-1db.co\/wp-content\/uploads\/2024\/12\/Mini-mat-redondo-blanco.jpg?resize=700%2C400&ssl=1 2x"},"classes":[]},{"id":10220,"url":"https:\/\/xn--uascoquetas-1db.co\/?product=mini-mat-cuadrado-mantel-de-silicona-10-x-10-cm","url_meta":{"origin":4608,"position":4},"title":"Mini mat cuadrado &#8211; Mantel de silicona 10 x 10 cm","author":"U\u00f1as Coquetas","date":"13\/05\/2025","format":false,"excerpt":"Mantel peque\u00f1o de silicona, para usos varios en Nail Art.","rel":"","context":"Entrada similar","block_context":{"text":"Entrada similar","link":""},"img":{"alt_text":"","src":"https:\/\/i0.wp.com\/xn--uascoquetas-1db.co\/wp-content\/uploads\/2025\/05\/Mini-mat-silicona-cuadrada.jpg?resize=350%2C200&ssl=1","width":350,"height":200,"srcset":"https:\/\/i0.wp.com\/xn--uascoquetas-1db.co\/wp-content\/uploads\/2025\/05\/Mini-mat-silicona-cuadrada.jpg?resize=350%2C200&ssl=1 1x, https:\/\/i0.wp.com\/xn--uascoquetas-1db.co\/wp-content\/uploads\/2025\/05\/Mini-mat-silicona-cuadrada.jpg?resize=525%2C300&ssl=1 1.5x, https:\/\/i0.wp.com\/xn--uascoquetas-1db.co\/wp-content\/uploads\/2025\/05\/Mini-mat-silicona-cuadrada.jpg?resize=700%2C400&ssl=1 2x"},"classes":[]},{"id":10224,"url":"https:\/\/xn--uascoquetas-1db.co\/?product=set-de-mini-mat-cuadrado-transparente","url_meta":{"origin":4608,"position":5},"title":"Set de Mini mat cuadrado transparente","author":"U\u00f1as Coquetas","date":"13\/05\/2025","format":false,"excerpt":"Mantel peque\u00f1o de silicona, para usos varios en Nail Art.","rel":"","context":"Entrada similar","block_context":{"text":"Entrada similar","link":""},"img":{"alt_text":"","src":"https:\/\/i0.wp.com\/xn--uascoquetas-1db.co\/wp-content\/uploads\/2025\/05\/Pack-siliconas.jpg?resize=350%2C200&ssl=1","width":350,"height":200,"srcset":"https:\/\/i0.wp.com\/xn--uascoquetas-1db.co\/wp-content\/uploads\/2025\/05\/Pack-siliconas.jpg?resize=350%2C200&ssl=1 1x, https:\/\/i0.wp.com\/xn--uascoquetas-1db.co\/wp-content\/uploads\/2025\/05\/Pack-siliconas.jpg?resize=525%2C300&ssl=1 1.5x, https:\/\/i0.wp.com\/xn--uascoquetas-1db.co\/wp-content\/uploads\/2025\/05\/Pack-siliconas.jpg?resize=700%2C400&ssl=1 2x"},"classes":[]}],"_links":{"self":[{"href":"https:\/\/xn--uascoquetas-1db.co\/index.php?rest_route=\/wp\/v2\/product\/4608","targetHints":{"allow":["GET"]}}],"collection":[{"href":"https:\/\/xn--uascoquetas-1db.co\/index.php?rest_route=\/wp\/v2\/product"}],"about":[{"href":"https:\/\/xn--uascoquetas-1db.co\/index.php?rest_route=\/wp\/v2\/types\/product"}],"replies":[{"embeddable":true,"href":"https:\/\/xn--uascoquetas-1db.co\/index.php?rest_route=%2Fwp%2Fv2%2Fcomments&post=4608"}],"wp:featuredmedia":[{"embeddable":true,"href":"https:\/\/xn--uascoquetas-1db.co\/index.php?rest_route=\/wp\/v2\/media\/4609"}],"wp:attachment":[{"href":"https:\/\/xn--uascoquetas-1db.co\/index.php?rest_route=%2Fwp%2Fv2%2Fmedia&parent=4608"}],"wp:term":[{"taxonomy":"product_brand","embeddable":true,"href":"https:\/\/xn--uascoquetas-1db.co\/index.php?rest_route=%2Fwp%2Fv2%2Fproduct_brand&post=4608"},{"taxonomy":"product_cat","embeddable":true,"href":"https:\/\/xn--uascoquetas-1db.co\/index.php?rest_route=%2Fwp%2Fv2%2Fproduct_cat&post=4608"},{"taxonomy":"product_tag","embeddable":true,"href":"https:\/\/xn--uascoquetas-1db.co\/index.php?rest_route=%2Fwp%2Fv2%2Fproduct_tag&post=4608"}],"curies":[{"name":"wp","href":"https:\/\/api.w.org\/{rel}","templated":true}]}}