{"id":4902,"date":"2023-09-15T17:02:05","date_gmt":"2023-09-15T22:02:05","guid":{"rendered":"https:\/\/xn--uascoquetas-1db.co\/?post_type=product&#038;p=4902"},"modified":"2026-04-12T17:44:21","modified_gmt":"2026-04-12T22:44:21","slug":"placa-metalica-stamping-nail-art-uc-008-cazademonios","status":"publish","type":"product","link":"https:\/\/xn--uascoquetas-1db.co\/?product=placa-metalica-stamping-nail-art-uc-008-cazademonios","title":{"rendered":"UC-008 Cazademonios &#8211; Placa met\u00e1lica doble &#8211; U\u00f1as Coquetas"},"content":{"rendered":"<p>Placa met\u00e1lica Marca U\u00f1as Coquetas, dos en una (tiene dise\u00f1os por ambos lados de la placa).<\/p>\n<h2><strong>Caracter\u00edsticas<\/strong><\/h2>\n<p>Una placa Rectangular<\/p>\n<p>Art\u00edculo completamente nuevo<\/p>\n<p>Tama\u00f1o: 6 X 12 cm<\/p>\n<p>Material: Acero inoxidable<\/p>\n<h2><strong>Recomendaciones<\/strong><\/h2>\n<p>Es posible aplicar removedor sin acetona. Si es muy grasoso, limpiar con un poco de alcohol para recoger el dise\u00f1o con mayor facilidad.<\/p>\n<blockquote class=\"tiktok-embed\" cite=\"https:\/\/www.tiktok.com\/@unascoquetaz\/video\/7280234255274364165\" data-video-id=\"7280234255274364165\" data-embed-from=\"oembed\" style=\"max-width:605px; min-width:325px;\">\n<section> <a target=\"_blank\" title=\"@unascoquetaz\" href=\"https:\/\/www.tiktok.com\/@unascoquetaz?refer=embed\">@unascoquetaz<\/a> <\/p>\n<p>Respuesta a @lourdesmorales760 Espero que te guste tanto como a m\u00ed. <a title=\"tanjironails\" target=\"_blank\" href=\"https:\/\/www.tiktok.com\/tag\/tanjironails?refer=embed\">#tanjironails<\/a> <a title=\"nezukonails\" target=\"_blank\" href=\"https:\/\/www.tiktok.com\/tag\/nezukonails?refer=embed\">#nezukonails<\/a> <a title=\"nailarttutorial\" target=\"_blank\" href=\"https:\/\/www.tiktok.com\/tag\/nailarttutorial?refer=embed\">#nailarttutorial<\/a> <a title=\"nailsotaku\" target=\"_blank\" href=\"https:\/\/www.tiktok.com\/tag\/nailsotaku?refer=embed\">#nailsotaku<\/a> <a title=\"otakunails\" target=\"_blank\" href=\"https:\/\/www.tiktok.com\/tag\/otakunails?refer=embed\">#otakunails<\/a> <a title=\"amomisu\u00f1as\" target=\"_blank\" href=\"https:\/\/www.tiktok.com\/tag\/amomisu%C3%B1as?refer=embed\">#amomisu\u00f1as<\/a> <a title=\"kimetsufanart\" target=\"_blank\" href=\"https:\/\/www.tiktok.com\/tag\/kimetsufanart?refer=embed\">#kimetsufanart<\/a> <a title=\"demonslayerfanart\" target=\"_blank\" href=\"https:\/\/www.tiktok.com\/tag\/demonslayerfanart?refer=embed\">#demonslayerfanart<\/a> <a title=\"nezukofanart\" target=\"_blank\" href=\"https:\/\/www.tiktok.com\/tag\/nezukofanart?refer=embed\">#nezukofanart<\/a> <a title=\"nezukokamado\" target=\"_blank\" href=\"https:\/\/www.tiktok.com\/tag\/nezukokamado?refer=embed\">#nezukokamado<\/a> <a title=\"tanjirokamado\" target=\"_blank\" href=\"https:\/\/www.tiktok.com\/tag\/tanjirokamado?refer=embed\">#tanjirokamado<\/a> <a title=\"tanjirofanart\" target=\"_blank\" href=\"https:\/\/www.tiktok.com\/tag\/tanjirofanart?refer=embed\">#tanjirofanart<\/a> <a title=\"stampingnails\" target=\"_blank\" href=\"https:\/\/www.tiktok.com\/tag\/stampingnails?refer=embed\">#stampingnails<\/a> <a title=\"stampingnailart\" target=\"_blank\" href=\"https:\/\/www.tiktok.com\/tag\/stampingnailart?refer=embed\">#stampingnailart<\/a> <a title=\"nailart\" target=\"_blank\" href=\"https:\/\/www.tiktok.com\/tag\/nailart?refer=embed\">#nailart<\/a> <a title=\"u\u00f1ascoquetas\" target=\"_blank\" href=\"https:\/\/www.tiktok.com\/tag\/u%C3%B1ascoquetas?refer=embed\">#u\u00f1ascoquetas<\/a> <\/p>\n<p> <a target=\"_blank\" title=\"\u266c \u6b8b\u97ff\u6563\u6b4c - Aimer\" href=\"https:\/\/www.tiktok.com\/music\/\u6b8b\u97ff\u6563\u6b4c-7033307460966287362?refer=embed\">\u266c \u6b8b\u97ff\u6563\u6b4c &#8211; Aimer<\/a> <\/section>\n<\/blockquote>\n<p> <script async src=\"https:\/\/www.tiktok.com\/embed.js\"><\/script><\/p>\n<p>&nbsp;<\/p>\n","protected":false},"excerpt":{"rendered":"<table width=\"225\">\n<tbody>\n<tr>\n<td width=\"225\">Placa met\u00e1lica doble para estampar u\u00f1as, marca Colombiana U\u00f1as Coquetas con hermosas figuras de anime, Demon Slayer, Kimetsu no Yaiba, Jujutsu Kaisen, Chainsawman<\/td>\n<\/tr>\n<\/tbody>\n<\/table>\n","protected":false},"featured_media":9373,"comment_status":"open","ping_status":"closed","template":"","meta":{"_regular_price":["25000"],"currency_symbol":[],"_uag_custom_page_level_css":""},"product_brand":[],"product_cat":[24,25,275],"product_tag":[35,39,41],"class_list":{"0":"post-4902","1":"product","2":"type-product","3":"status-publish","4":"has-post-thumbnail","6":"product_cat-placas-de-estampar","7":"product_cat-unas-coquetas","8":"product_cat-unas-coquetas-estandar","9":"product_tag-anime","10":"product_tag-metalico","11":"product_tag-stamping","12":"product_shipping_class-paquete-pequeno","14":"first","15":"instock","16":"taxable","17":"shipping-taxable","18":"purchasable","19":"product-type-simple"},"post_slider_layout_featured_media_urls":{"thumbnail":["https:\/\/xn--uascoquetas-1db.co\/wp-content\/uploads\/2023\/09\/Cazademonios-800px-150x150.jpg",150,150,true],"post_slider_layout_landscape_large":["https:\/\/xn--uascoquetas-1db.co\/wp-content\/uploads\/2023\/09\/Cazademonios-800px.jpg",800,800,false],"post_slider_layout_portrait_large":["https:\/\/xn--uascoquetas-1db.co\/wp-content\/uploads\/2023\/09\/Cazademonios-800px.jpg",800,800,false],"post_slider_layout_square_large":["https:\/\/xn--uascoquetas-1db.co\/wp-content\/uploads\/2023\/09\/Cazademonios-800px.jpg",800,800,false],"post_slider_layout_landscape":["https:\/\/xn--uascoquetas-1db.co\/wp-content\/uploads\/2023\/09\/Cazademonios-800px.jpg",400,400,false],"post_slider_layout_portrait":["https:\/\/xn--uascoquetas-1db.co\/wp-content\/uploads\/2023\/09\/Cazademonios-800px.jpg",600,600,false],"post_slider_layout_square":["https:\/\/xn--uascoquetas-1db.co\/wp-content\/uploads\/2023\/09\/Cazademonios-800px.jpg",600,600,false],"full":["https:\/\/xn--uascoquetas-1db.co\/wp-content\/uploads\/2023\/09\/Cazademonios-800px.jpg",800,800,false]},"uagb_featured_image_src":{"full":["https:\/\/xn--uascoquetas-1db.co\/wp-content\/uploads\/2023\/09\/Cazademonios-800px.jpg",800,800,false],"thumbnail":["https:\/\/xn--uascoquetas-1db.co\/wp-content\/uploads\/2023\/09\/Cazademonios-800px-150x150.jpg",150,150,true],"medium":["https:\/\/xn--uascoquetas-1db.co\/wp-content\/uploads\/2023\/09\/Cazademonios-800px-300x300.jpg",300,300,true],"medium_large":["https:\/\/xn--uascoquetas-1db.co\/wp-content\/uploads\/2023\/09\/Cazademonios-800px-768x768.jpg",640,640,true],"large":["https:\/\/xn--uascoquetas-1db.co\/wp-content\/uploads\/2023\/09\/Cazademonios-800px.jpg",640,640,false],"1536x1536":["https:\/\/xn--uascoquetas-1db.co\/wp-content\/uploads\/2023\/09\/Cazademonios-800px.jpg",800,800,false],"2048x2048":["https:\/\/xn--uascoquetas-1db.co\/wp-content\/uploads\/2023\/09\/Cazademonios-800px.jpg",800,800,false],"post_slider_layout_landscape_large":["https:\/\/xn--uascoquetas-1db.co\/wp-content\/uploads\/2023\/09\/Cazademonios-800px.jpg",800,800,false],"post_slider_layout_portrait_large":["https:\/\/xn--uascoquetas-1db.co\/wp-content\/uploads\/2023\/09\/Cazademonios-800px.jpg",800,800,false],"post_slider_layout_square_large":["https:\/\/xn--uascoquetas-1db.co\/wp-content\/uploads\/2023\/09\/Cazademonios-800px.jpg",800,800,false],"post_slider_layout_landscape":["https:\/\/xn--uascoquetas-1db.co\/wp-content\/uploads\/2023\/09\/Cazademonios-800px.jpg",400,400,false],"post_slider_layout_portrait":["https:\/\/xn--uascoquetas-1db.co\/wp-content\/uploads\/2023\/09\/Cazademonios-800px.jpg",600,600,false],"post_slider_layout_square":["https:\/\/xn--uascoquetas-1db.co\/wp-content\/uploads\/2023\/09\/Cazademonios-800px.jpg",600,600,false],"vw-kids-homepage-thumb":["https:\/\/xn--uascoquetas-1db.co\/wp-content\/uploads\/2023\/09\/Cazademonios-800px-240x145.jpg",240,145,true],"woocommerce_thumbnail":["https:\/\/xn--uascoquetas-1db.co\/wp-content\/uploads\/2023\/09\/Cazademonios-800px-300x300.jpg",300,300,true],"woocommerce_single":["https:\/\/xn--uascoquetas-1db.co\/wp-content\/uploads\/2023\/09\/Cazademonios-800px-600x600.jpg",600,600,true],"woocommerce_gallery_thumbnail":["https:\/\/xn--uascoquetas-1db.co\/wp-content\/uploads\/2023\/09\/Cazademonios-800px-100x100.jpg",100,100,true],"variation_swatches_image_size":["https:\/\/xn--uascoquetas-1db.co\/wp-content\/uploads\/2023\/09\/Cazademonios-800px-50x50.jpg",50,50,true],"variation_swatches_tooltip_size":["https:\/\/xn--uascoquetas-1db.co\/wp-content\/uploads\/2023\/09\/Cazademonios-800px-100x100.jpg",100,100,true]},"uagb_author_info":{"display_name":"U\u00f1as Coquetas","author_link":"https:\/\/xn--uascoquetas-1db.co\/?author=0"},"uagb_comment_info":0,"uagb_excerpt":"Placa met\u00e1lica doble para estampar u\u00f1as, marca Colombiana U\u00f1as Coquetas con hermosas figuras de anime, Demon Slayer, Kimetsu no Yaiba, Jujutsu Kaisen, Chainsawman","jetpack_sharing_enabled":true,"jetpack-related-posts":[{"id":7112,"url":"https:\/\/xn--uascoquetas-1db.co\/?product=miniuc-003-padres-mini-placa-metalica-doble-unas-coquetas","url_meta":{"origin":4902,"position":0},"title":"MINIUC-003 Padres &#8211; Mini placa met\u00e1lica doble &#8211; U\u00f1as Coquetas","author":"U\u00f1as Coquetas","date":"26\/12\/2023","format":false,"excerpt":"Mini placa met\u00e1lica doble para estampar u\u00f1as, marca Colombiana U\u00f1as Coquetas con hermosas figuras de d\u00eda del padre y de la madre. \u00a0","rel":"","context":"Entrada similar","block_context":{"text":"Entrada similar","link":""},"img":{"alt_text":"","src":"https:\/\/i0.wp.com\/xn--uascoquetas-1db.co\/wp-content\/uploads\/2023\/12\/Padres-800px.jpg?resize=350%2C200&ssl=1","width":350,"height":200,"srcset":"https:\/\/i0.wp.com\/xn--uascoquetas-1db.co\/wp-content\/uploads\/2023\/12\/Padres-800px.jpg?resize=350%2C200&ssl=1 1x, https:\/\/i0.wp.com\/xn--uascoquetas-1db.co\/wp-content\/uploads\/2023\/12\/Padres-800px.jpg?resize=525%2C300&ssl=1 1.5x, https:\/\/i0.wp.com\/xn--uascoquetas-1db.co\/wp-content\/uploads\/2023\/12\/Padres-800px.jpg?resize=700%2C400&ssl=1 2x"},"classes":[]},{"id":7129,"url":"https:\/\/xn--uascoquetas-1db.co\/?product=miniuc-009-bellos-paises-mini-placa-metalica-doble-unas-coquetas","url_meta":{"origin":4902,"position":1},"title":"MINIUC-009 Bellos pa\u00edses &#8211; Mini placa met\u00e1lica doble &#8211; U\u00f1as Coquetas","author":"U\u00f1as Coquetas","date":"26\/12\/2023","format":false,"excerpt":"Mini placa met\u00e1lica doble para estampar u\u00f1as, marca Colombiana U\u00f1as Coquetas con hermosas figuras de Colombia y M\u00e9xico.","rel":"","context":"Entrada similar","block_context":{"text":"Entrada similar","link":""},"img":{"alt_text":"","src":"https:\/\/i0.wp.com\/xn--uascoquetas-1db.co\/wp-content\/uploads\/2023\/12\/Bellos-paises-800px.jpg?resize=350%2C200&ssl=1","width":350,"height":200,"srcset":"https:\/\/i0.wp.com\/xn--uascoquetas-1db.co\/wp-content\/uploads\/2023\/12\/Bellos-paises-800px.jpg?resize=350%2C200&ssl=1 1x, https:\/\/i0.wp.com\/xn--uascoquetas-1db.co\/wp-content\/uploads\/2023\/12\/Bellos-paises-800px.jpg?resize=525%2C300&ssl=1 1.5x, https:\/\/i0.wp.com\/xn--uascoquetas-1db.co\/wp-content\/uploads\/2023\/12\/Bellos-paises-800px.jpg?resize=700%2C400&ssl=1 2x"},"classes":[]},{"id":9618,"url":"https:\/\/xn--uascoquetas-1db.co\/?product=miniuc-018-veloz-mini-placa-metalica-doble-unas-coquetas","url_meta":{"origin":4902,"position":2},"title":"MINIUC-018 Veloz &#8211; Mini placa met\u00e1lica doble &#8211; U\u00f1as Coquetas","author":"U\u00f1as Coquetas","date":"24\/12\/2024","format":false,"excerpt":"Mini placa met\u00e1lica doble para estampar u\u00f1as, marca Colombiana U\u00f1as Coquetas con hermosas figuras de bicicleta, runner, atletismo, motos, patines.","rel":"","context":"Entrada similar","block_context":{"text":"Entrada similar","link":""},"img":{"alt_text":"","src":"https:\/\/i0.wp.com\/xn--uascoquetas-1db.co\/wp-content\/uploads\/2024\/12\/MINI-UC18-VELOZ-ML.jpg?resize=350%2C200&ssl=1","width":350,"height":200,"srcset":"https:\/\/i0.wp.com\/xn--uascoquetas-1db.co\/wp-content\/uploads\/2024\/12\/MINI-UC18-VELOZ-ML.jpg?resize=350%2C200&ssl=1 1x, https:\/\/i0.wp.com\/xn--uascoquetas-1db.co\/wp-content\/uploads\/2024\/12\/MINI-UC18-VELOZ-ML.jpg?resize=525%2C300&ssl=1 1.5x, https:\/\/i0.wp.com\/xn--uascoquetas-1db.co\/wp-content\/uploads\/2024\/12\/MINI-UC18-VELOZ-ML.jpg?resize=700%2C400&ssl=1 2x"},"classes":[]},{"id":7110,"url":"https:\/\/xn--uascoquetas-1db.co\/?product=miniuc-002-pandas-mini-placa-metalica-doble-unas-coquetas","url_meta":{"origin":4902,"position":3},"title":"MINIUC-002 Pandas &#8211; Mini placa met\u00e1lica doble &#8211; U\u00f1as Coquetas","author":"U\u00f1as Coquetas","date":"26\/12\/2023","format":false,"excerpt":"Mini placa met\u00e1lica doble para estampar u\u00f1as, marca Colombiana U\u00f1as Coquetas con hermosas figuras de animales, Pandas tiernos.","rel":"","context":"Entrada similar","block_context":{"text":"Entrada similar","link":""},"img":{"alt_text":"","src":"https:\/\/i0.wp.com\/xn--uascoquetas-1db.co\/wp-content\/uploads\/2023\/12\/Pandas-800px.jpg?resize=350%2C200&ssl=1","width":350,"height":200,"srcset":"https:\/\/i0.wp.com\/xn--uascoquetas-1db.co\/wp-content\/uploads\/2023\/12\/Pandas-800px.jpg?resize=350%2C200&ssl=1 1x, https:\/\/i0.wp.com\/xn--uascoquetas-1db.co\/wp-content\/uploads\/2023\/12\/Pandas-800px.jpg?resize=525%2C300&ssl=1 1.5x, https:\/\/i0.wp.com\/xn--uascoquetas-1db.co\/wp-content\/uploads\/2023\/12\/Pandas-800px.jpg?resize=700%2C400&ssl=1 2x"},"classes":[]},{"id":7117,"url":"https:\/\/xn--uascoquetas-1db.co\/?product=miniuc-004-sanadora-mini-placa-metalica-doble-unas-coquetas","url_meta":{"origin":4902,"position":4},"title":"MINIUC-004 Sanadora &#8211; Mini placa met\u00e1lica doble &#8211; U\u00f1as Coquetas","author":"U\u00f1as Coquetas","date":"26\/12\/2023","format":false,"excerpt":"Mini placa met\u00e1lica doble para estampar u\u00f1as, marca Colombiana U\u00f1as Coquetas con hermosas figuras de enfermeras, enfermedades, c\u00e1ncer, medicinas.","rel":"","context":"Entrada similar","block_context":{"text":"Entrada similar","link":""},"img":{"alt_text":"","src":"https:\/\/i0.wp.com\/xn--uascoquetas-1db.co\/wp-content\/uploads\/2023\/12\/Sanadora-800px.jpg?resize=350%2C200&ssl=1","width":350,"height":200,"srcset":"https:\/\/i0.wp.com\/xn--uascoquetas-1db.co\/wp-content\/uploads\/2023\/12\/Sanadora-800px.jpg?resize=350%2C200&ssl=1 1x, https:\/\/i0.wp.com\/xn--uascoquetas-1db.co\/wp-content\/uploads\/2023\/12\/Sanadora-800px.jpg?resize=525%2C300&ssl=1 1.5x, https:\/\/i0.wp.com\/xn--uascoquetas-1db.co\/wp-content\/uploads\/2023\/12\/Sanadora-800px.jpg?resize=700%2C400&ssl=1 2x"},"classes":[]},{"id":7701,"url":"https:\/\/xn--uascoquetas-1db.co\/?product=uc-010-juguetona-y-afortunada-placa-metalica-doble-unas-coquetas","url_meta":{"origin":4902,"position":5},"title":"UC-010 Juguetona y afortunada &#8211; Placa met\u00e1lica doble &#8211; U\u00f1as Coquetas","author":"U\u00f1as Coquetas","date":"02\/04\/2024","format":false,"excerpt":"Placa met\u00e1lica doble para estampar u\u00f1as, marca Colombiana U\u00f1as Coquetas con hermosas figuras de juegos de mesa: ajedrez, bolos, UNO, p\u00f3ker, billar, parqu\u00e9s, crucigramas.","rel":"","context":"Entrada similar","block_context":{"text":"Entrada similar","link":""},"img":{"alt_text":"","src":"https:\/\/i0.wp.com\/xn--uascoquetas-1db.co\/wp-content\/uploads\/2024\/04\/Juguetona-800px.jpg?resize=350%2C200&ssl=1","width":350,"height":200,"srcset":"https:\/\/i0.wp.com\/xn--uascoquetas-1db.co\/wp-content\/uploads\/2024\/04\/Juguetona-800px.jpg?resize=350%2C200&ssl=1 1x, https:\/\/i0.wp.com\/xn--uascoquetas-1db.co\/wp-content\/uploads\/2024\/04\/Juguetona-800px.jpg?resize=525%2C300&ssl=1 1.5x, https:\/\/i0.wp.com\/xn--uascoquetas-1db.co\/wp-content\/uploads\/2024\/04\/Juguetona-800px.jpg?resize=700%2C400&ssl=1 2x"},"classes":[]}],"_links":{"self":[{"href":"https:\/\/xn--uascoquetas-1db.co\/index.php?rest_route=\/wp\/v2\/product\/4902","targetHints":{"allow":["GET"]}}],"collection":[{"href":"https:\/\/xn--uascoquetas-1db.co\/index.php?rest_route=\/wp\/v2\/product"}],"about":[{"href":"https:\/\/xn--uascoquetas-1db.co\/index.php?rest_route=\/wp\/v2\/types\/product"}],"replies":[{"embeddable":true,"href":"https:\/\/xn--uascoquetas-1db.co\/index.php?rest_route=%2Fwp%2Fv2%2Fcomments&post=4902"}],"wp:featuredmedia":[{"embeddable":true,"href":"https:\/\/xn--uascoquetas-1db.co\/index.php?rest_route=\/wp\/v2\/media\/9373"}],"wp:attachment":[{"href":"https:\/\/xn--uascoquetas-1db.co\/index.php?rest_route=%2Fwp%2Fv2%2Fmedia&parent=4902"}],"wp:term":[{"taxonomy":"product_brand","embeddable":true,"href":"https:\/\/xn--uascoquetas-1db.co\/index.php?rest_route=%2Fwp%2Fv2%2Fproduct_brand&post=4902"},{"taxonomy":"product_cat","embeddable":true,"href":"https:\/\/xn--uascoquetas-1db.co\/index.php?rest_route=%2Fwp%2Fv2%2Fproduct_cat&post=4902"},{"taxonomy":"product_tag","embeddable":true,"href":"https:\/\/xn--uascoquetas-1db.co\/index.php?rest_route=%2Fwp%2Fv2%2Fproduct_tag&post=4902"}],"curies":[{"name":"wp","href":"https:\/\/api.w.org\/{rel}","templated":true}]}}