{"id":4972,"date":"2023-09-19T16:54:30","date_gmt":"2023-09-19T21:54:30","guid":{"rendered":"https:\/\/xn--uascoquetas-1db.co\/?post_type=product&#038;p=4972"},"modified":"2026-01-25T11:27:49","modified_gmt":"2026-01-25T16:27:49","slug":"sello-estampador-unas-raspador-stamping-copia","status":"publish","type":"product","link":"https:\/\/xn--uascoquetas-1db.co\/?product=sello-estampador-unas-raspador-stamping-copia","title":{"rendered":"Goma de repuesto para Estampador 3.8 cm"},"content":{"rendered":"<p>Un Repuesto de goma de silicona para Estampador de u\u00f1as con di\u00e1metro de 3.8 cm. Textura semiblanda y pegajosa.<\/p>\n<h2><strong>Caracter\u00edsticas<\/strong><\/h2>\n<p>Una goma de 3.8 cm de di\u00e1metro.<\/p>\n<p>Material: Silicona transparente.<\/p>\n<p>*Nota: Solamente viene el repuesto, no incluye el estampador ni las fundas. La foto del estampador se muestra en la publicaci\u00f3n con el \u00fanico fin de ilustrar el tipo de estampador al que sirve el repuesto.<\/p>\n<h2><strong>Recomendaciones<\/strong><\/h2>\n<p>No dejar caer removedor, ni otro qu\u00edmico.<\/p>\n<p>Limpiar \u00fanicamente con cinta adhesiva o el limpiador de estampadores.<\/p>\n<p>No manipular con los dedos, para evitar engrasar m\u00e1s de lo necesario. Puedes lavarlo con agua y jab\u00f3n.<\/p>\n","protected":false},"excerpt":{"rendered":"<p>Repuesto de goma de silicona para Estampador de u\u00f1as con di\u00e1metro de 3.8 cm. Textura semiblanda y pegajosa.<\/p>\n","protected":false},"featured_media":4975,"comment_status":"open","ping_status":"closed","template":"","meta":{"_regular_price":["6500"],"currency_symbol":[],"_uag_custom_page_level_css":""},"product_brand":[],"product_cat":[30,57],"product_tag":[78,41],"class_list":{"0":"post-4972","1":"product","2":"type-product","3":"status-publish","4":"has-post-thumbnail","6":"product_cat-estampadores","7":"product_cat-estampadores-sencillos","8":"product_tag-goma-transparente","9":"product_tag-stamping","10":"product_shipping_class-paquete-pequeno","12":"first","13":"instock","14":"purchasable","15":"product-type-simple"},"post_slider_layout_featured_media_urls":{"thumbnail":["https:\/\/xn--uascoquetas-1db.co\/wp-content\/uploads\/2023\/09\/Foto-generica-150x150.jpg",150,150,true],"post_slider_layout_landscape_large":["https:\/\/xn--uascoquetas-1db.co\/wp-content\/uploads\/2023\/09\/Foto-generica.jpg",800,800,false],"post_slider_layout_portrait_large":["https:\/\/xn--uascoquetas-1db.co\/wp-content\/uploads\/2023\/09\/Foto-generica.jpg",800,800,false],"post_slider_layout_square_large":["https:\/\/xn--uascoquetas-1db.co\/wp-content\/uploads\/2023\/09\/Foto-generica.jpg",800,800,false],"post_slider_layout_landscape":["https:\/\/xn--uascoquetas-1db.co\/wp-content\/uploads\/2023\/09\/Foto-generica.jpg",400,400,false],"post_slider_layout_portrait":["https:\/\/xn--uascoquetas-1db.co\/wp-content\/uploads\/2023\/09\/Foto-generica.jpg",600,600,false],"post_slider_layout_square":["https:\/\/xn--uascoquetas-1db.co\/wp-content\/uploads\/2023\/09\/Foto-generica.jpg",600,600,false],"full":["https:\/\/xn--uascoquetas-1db.co\/wp-content\/uploads\/2023\/09\/Foto-generica.jpg",800,800,false]},"uagb_featured_image_src":{"full":["https:\/\/xn--uascoquetas-1db.co\/wp-content\/uploads\/2023\/09\/Foto-generica.jpg",800,800,false],"thumbnail":["https:\/\/xn--uascoquetas-1db.co\/wp-content\/uploads\/2023\/09\/Foto-generica-150x150.jpg",150,150,true],"medium":["https:\/\/xn--uascoquetas-1db.co\/wp-content\/uploads\/2023\/09\/Foto-generica-300x300.jpg",300,300,true],"medium_large":["https:\/\/xn--uascoquetas-1db.co\/wp-content\/uploads\/2023\/09\/Foto-generica-768x768.jpg",640,640,true],"large":["https:\/\/xn--uascoquetas-1db.co\/wp-content\/uploads\/2023\/09\/Foto-generica.jpg",640,640,false],"1536x1536":["https:\/\/xn--uascoquetas-1db.co\/wp-content\/uploads\/2023\/09\/Foto-generica.jpg",800,800,false],"2048x2048":["https:\/\/xn--uascoquetas-1db.co\/wp-content\/uploads\/2023\/09\/Foto-generica.jpg",800,800,false],"post_slider_layout_landscape_large":["https:\/\/xn--uascoquetas-1db.co\/wp-content\/uploads\/2023\/09\/Foto-generica.jpg",800,800,false],"post_slider_layout_portrait_large":["https:\/\/xn--uascoquetas-1db.co\/wp-content\/uploads\/2023\/09\/Foto-generica.jpg",800,800,false],"post_slider_layout_square_large":["https:\/\/xn--uascoquetas-1db.co\/wp-content\/uploads\/2023\/09\/Foto-generica.jpg",800,800,false],"post_slider_layout_landscape":["https:\/\/xn--uascoquetas-1db.co\/wp-content\/uploads\/2023\/09\/Foto-generica.jpg",400,400,false],"post_slider_layout_portrait":["https:\/\/xn--uascoquetas-1db.co\/wp-content\/uploads\/2023\/09\/Foto-generica.jpg",600,600,false],"post_slider_layout_square":["https:\/\/xn--uascoquetas-1db.co\/wp-content\/uploads\/2023\/09\/Foto-generica.jpg",600,600,false],"vw-kids-homepage-thumb":["https:\/\/xn--uascoquetas-1db.co\/wp-content\/uploads\/2023\/09\/Foto-generica.jpg",145,145,false],"woocommerce_thumbnail":["https:\/\/xn--uascoquetas-1db.co\/wp-content\/uploads\/2023\/09\/Foto-generica-300x300.jpg",300,300,true],"woocommerce_single":["https:\/\/xn--uascoquetas-1db.co\/wp-content\/uploads\/2023\/09\/Foto-generica-600x600.jpg",600,600,true],"woocommerce_gallery_thumbnail":["https:\/\/xn--uascoquetas-1db.co\/wp-content\/uploads\/2023\/09\/Foto-generica-100x100.jpg",100,100,true],"variation_swatches_image_size":["https:\/\/xn--uascoquetas-1db.co\/wp-content\/uploads\/2023\/09\/Foto-generica.jpg",50,50,false],"variation_swatches_tooltip_size":["https:\/\/xn--uascoquetas-1db.co\/wp-content\/uploads\/2023\/09\/Foto-generica.jpg",100,100,false]},"uagb_author_info":{"display_name":"U\u00f1as Coquetas","author_link":"https:\/\/xn--uascoquetas-1db.co\/?author=0"},"uagb_comment_info":0,"uagb_excerpt":"Repuesto de goma de silicona para Estampador de u\u00f1as con di\u00e1metro de 3.8 cm. Textura semiblanda y pegajosa.","jetpack_sharing_enabled":true,"jetpack-related-posts":[{"id":4976,"url":"https:\/\/xn--uascoquetas-1db.co\/?product=sello-estampador-unas-grande-con-cuerpo-metalico","url_meta":{"origin":4972,"position":0},"title":"Sello Estampador U\u00f1as Grande Con Cuerpo Met\u00e1lico","author":"U\u00f1as Coquetas","date":"19\/09\/2023","format":false,"excerpt":"Estampador de goma transparente con cuerpo met\u00e1lico, di\u00e1metro de 3.8 cm.","rel":"","context":"Entrada similar","block_context":{"text":"Entrada similar","link":""},"img":{"alt_text":"","src":"https:\/\/i0.wp.com\/xn--uascoquetas-1db.co\/wp-content\/uploads\/2023\/09\/A15-Portada-01-1.jpg?resize=350%2C200&ssl=1","width":350,"height":200,"srcset":"https:\/\/i0.wp.com\/xn--uascoquetas-1db.co\/wp-content\/uploads\/2023\/09\/A15-Portada-01-1.jpg?resize=350%2C200&ssl=1 1x, https:\/\/i0.wp.com\/xn--uascoquetas-1db.co\/wp-content\/uploads\/2023\/09\/A15-Portada-01-1.jpg?resize=525%2C300&ssl=1 1.5x, https:\/\/i0.wp.com\/xn--uascoquetas-1db.co\/wp-content\/uploads\/2023\/09\/A15-Portada-01-1.jpg?resize=700%2C400&ssl=1 2x, https:\/\/i0.wp.com\/xn--uascoquetas-1db.co\/wp-content\/uploads\/2023\/09\/A15-Portada-01-1.jpg?resize=1050%2C600&ssl=1 3x"},"classes":[]},{"id":10078,"url":"https:\/\/xn--uascoquetas-1db.co\/?product=estampador-xs-morado","url_meta":{"origin":4972,"position":1},"title":"Estampador &#8211; XS Fucsia","author":"U\u00f1as Coquetas","date":"24\/04\/2025","format":false,"excerpt":"Estampador XS de goma transparente con cuerpo pl\u00e1stico, di\u00e1metro de 3.8 cm.","rel":"","context":"Entrada similar","block_context":{"text":"Entrada similar","link":""},"img":{"alt_text":"","src":"https:\/\/i0.wp.com\/xn--uascoquetas-1db.co\/wp-content\/uploads\/2025\/04\/Estampador-XS-Fucsia-Portada.jpg?resize=350%2C200&ssl=1","width":350,"height":200,"srcset":"https:\/\/i0.wp.com\/xn--uascoquetas-1db.co\/wp-content\/uploads\/2025\/04\/Estampador-XS-Fucsia-Portada.jpg?resize=350%2C200&ssl=1 1x, https:\/\/i0.wp.com\/xn--uascoquetas-1db.co\/wp-content\/uploads\/2025\/04\/Estampador-XS-Fucsia-Portada.jpg?resize=525%2C300&ssl=1 1.5x, https:\/\/i0.wp.com\/xn--uascoquetas-1db.co\/wp-content\/uploads\/2025\/04\/Estampador-XS-Fucsia-Portada.jpg?resize=700%2C400&ssl=1 2x"},"classes":[]},{"id":10753,"url":"https:\/\/xn--uascoquetas-1db.co\/?product=estampador-edicion-limitada-halloween","url_meta":{"origin":4972,"position":2},"title":"Estampador &#8211; Edici\u00f3n Limitada Navidad","author":"U\u00f1as Coquetas","date":"11\/09\/2025","format":false,"excerpt":"Estampador edici\u00f3n limitada de Navidad de goma transparente, di\u00e1metro de 3.8 cm.","rel":"","context":"Entrada similar","block_context":{"text":"Entrada similar","link":""},"img":{"alt_text":"","src":"https:\/\/i0.wp.com\/xn--uascoquetas-1db.co\/wp-content\/uploads\/2025\/09\/Navidad-2025-ML.jpg?resize=350%2C200&ssl=1","width":350,"height":200,"srcset":"https:\/\/i0.wp.com\/xn--uascoquetas-1db.co\/wp-content\/uploads\/2025\/09\/Navidad-2025-ML.jpg?resize=350%2C200&ssl=1 1x, https:\/\/i0.wp.com\/xn--uascoquetas-1db.co\/wp-content\/uploads\/2025\/09\/Navidad-2025-ML.jpg?resize=525%2C300&ssl=1 1.5x, https:\/\/i0.wp.com\/xn--uascoquetas-1db.co\/wp-content\/uploads\/2025\/09\/Navidad-2025-ML.jpg?resize=700%2C400&ssl=1 2x"},"classes":[]},{"id":4961,"url":"https:\/\/xn--uascoquetas-1db.co\/?product=sello-estampador-unas-sencillo-de-doble-goma-tarjeta-raspadora","url_meta":{"origin":4972,"position":3},"title":"Sello estampador u\u00f1as sencillo de doble goma + tarjeta raspadora","author":"U\u00f1as Coquetas","date":"19\/09\/2023","format":false,"excerpt":"Estampador pl\u00e1stico transparente con doble goma suave para Estampar y tapa de protecci\u00f3n en cada extremo. Incluye tarjeta raspadora pl\u00e1stica.","rel":"","context":"Entrada similar","block_context":{"text":"Entrada similar","link":""},"img":{"alt_text":"Estampador sencillo doble","src":"https:\/\/i0.wp.com\/xn--uascoquetas-1db.co\/wp-content\/uploads\/2023\/09\/a6-MEDIDAS-01.jpg?resize=350%2C200&ssl=1","width":350,"height":200,"srcset":"https:\/\/i0.wp.com\/xn--uascoquetas-1db.co\/wp-content\/uploads\/2023\/09\/a6-MEDIDAS-01.jpg?resize=350%2C200&ssl=1 1x, https:\/\/i0.wp.com\/xn--uascoquetas-1db.co\/wp-content\/uploads\/2023\/09\/a6-MEDIDAS-01.jpg?resize=525%2C300&ssl=1 1.5x, https:\/\/i0.wp.com\/xn--uascoquetas-1db.co\/wp-content\/uploads\/2023\/09\/a6-MEDIDAS-01.jpg?resize=700%2C400&ssl=1 2x, https:\/\/i0.wp.com\/xn--uascoquetas-1db.co\/wp-content\/uploads\/2023\/09\/a6-MEDIDAS-01.jpg?resize=1050%2C600&ssl=1 3x"},"classes":[]},{"id":4964,"url":"https:\/\/xn--uascoquetas-1db.co\/?product=sello-estampador-unas-sencillo-de-doble-goma-verde","url_meta":{"origin":4972,"position":4},"title":"Sello estampador u\u00f1as sencillo de doble goma verde","author":"U\u00f1as Coquetas","date":"19\/09\/2023","format":false,"excerpt":"Estampador pl\u00e1stico transparente con doble goma suave para Estampar y tapa de protecci\u00f3n en cada extremo. Incluye tarjeta raspadora pl\u00e1stica.","rel":"","context":"Entrada similar","block_context":{"text":"Entrada similar","link":""},"img":{"alt_text":"Sencillo doble verde","src":"https:\/\/i0.wp.com\/xn--uascoquetas-1db.co\/wp-content\/uploads\/2023\/09\/Portada-verde-01.jpg?resize=350%2C200&ssl=1","width":350,"height":200,"srcset":"https:\/\/i0.wp.com\/xn--uascoquetas-1db.co\/wp-content\/uploads\/2023\/09\/Portada-verde-01.jpg?resize=350%2C200&ssl=1 1x, https:\/\/i0.wp.com\/xn--uascoquetas-1db.co\/wp-content\/uploads\/2023\/09\/Portada-verde-01.jpg?resize=525%2C300&ssl=1 1.5x, https:\/\/i0.wp.com\/xn--uascoquetas-1db.co\/wp-content\/uploads\/2023\/09\/Portada-verde-01.jpg?resize=700%2C400&ssl=1 2x, https:\/\/i0.wp.com\/xn--uascoquetas-1db.co\/wp-content\/uploads\/2023\/09\/Portada-verde-01.jpg?resize=1050%2C600&ssl=1 3x"},"classes":[]},{"id":4993,"url":"https:\/\/xn--uascoquetas-1db.co\/?product=sello-estampador-unas-reduccion-y-ampliacion","url_meta":{"origin":4972,"position":5},"title":"Sello Estampador U\u00f1as Reducci\u00f3n Y Ampliaci\u00f3n","author":"U\u00f1as Coquetas","date":"19\/09\/2023","format":false,"excerpt":"Estampador especial para la t\u00e9cnica de estampado Reducci\u00f3n y Ampliaci\u00f3n. Mec\u00e1nica tipo tornillo para aumentar y disminuir los dise\u00f1os de stamping con facilidad y precisi\u00f3n.","rel":"","context":"Entrada similar","block_context":{"text":"Entrada similar","link":""},"img":{"alt_text":"Supersizer","src":"https:\/\/i0.wp.com\/xn--uascoquetas-1db.co\/wp-content\/uploads\/2023\/09\/Portada-Supersizer-01.jpg?resize=350%2C200&ssl=1","width":350,"height":200,"srcset":"https:\/\/i0.wp.com\/xn--uascoquetas-1db.co\/wp-content\/uploads\/2023\/09\/Portada-Supersizer-01.jpg?resize=350%2C200&ssl=1 1x, https:\/\/i0.wp.com\/xn--uascoquetas-1db.co\/wp-content\/uploads\/2023\/09\/Portada-Supersizer-01.jpg?resize=525%2C300&ssl=1 1.5x, https:\/\/i0.wp.com\/xn--uascoquetas-1db.co\/wp-content\/uploads\/2023\/09\/Portada-Supersizer-01.jpg?resize=700%2C400&ssl=1 2x, https:\/\/i0.wp.com\/xn--uascoquetas-1db.co\/wp-content\/uploads\/2023\/09\/Portada-Supersizer-01.jpg?resize=1050%2C600&ssl=1 3x"},"classes":[]}],"_links":{"self":[{"href":"https:\/\/xn--uascoquetas-1db.co\/index.php?rest_route=\/wp\/v2\/product\/4972","targetHints":{"allow":["GET"]}}],"collection":[{"href":"https:\/\/xn--uascoquetas-1db.co\/index.php?rest_route=\/wp\/v2\/product"}],"about":[{"href":"https:\/\/xn--uascoquetas-1db.co\/index.php?rest_route=\/wp\/v2\/types\/product"}],"replies":[{"embeddable":true,"href":"https:\/\/xn--uascoquetas-1db.co\/index.php?rest_route=%2Fwp%2Fv2%2Fcomments&post=4972"}],"wp:featuredmedia":[{"embeddable":true,"href":"https:\/\/xn--uascoquetas-1db.co\/index.php?rest_route=\/wp\/v2\/media\/4975"}],"wp:attachment":[{"href":"https:\/\/xn--uascoquetas-1db.co\/index.php?rest_route=%2Fwp%2Fv2%2Fmedia&parent=4972"}],"wp:term":[{"taxonomy":"product_brand","embeddable":true,"href":"https:\/\/xn--uascoquetas-1db.co\/index.php?rest_route=%2Fwp%2Fv2%2Fproduct_brand&post=4972"},{"taxonomy":"product_cat","embeddable":true,"href":"https:\/\/xn--uascoquetas-1db.co\/index.php?rest_route=%2Fwp%2Fv2%2Fproduct_cat&post=4972"},{"taxonomy":"product_tag","embeddable":true,"href":"https:\/\/xn--uascoquetas-1db.co\/index.php?rest_route=%2Fwp%2Fv2%2Fproduct_tag&post=4972"}],"curies":[{"name":"wp","href":"https:\/\/api.w.org\/{rel}","templated":true}]}}