{"id":4993,"date":"2023-09-19T17:51:20","date_gmt":"2023-09-19T22:51:20","guid":{"rendered":"https:\/\/xn--uascoquetas-1db.co\/?post_type=product&#038;p=4993"},"modified":"2025-11-17T06:58:42","modified_gmt":"2025-11-17T11:58:42","slug":"sello-estampador-unas-reduccion-y-ampliacion","status":"publish","type":"product","link":"https:\/\/xn--uascoquetas-1db.co\/?product=sello-estampador-unas-reduccion-y-ampliacion","title":{"rendered":"Sello Estampador U\u00f1as Reducci\u00f3n Y Ampliaci\u00f3n"},"content":{"rendered":"<p>Estampador especial para la t\u00e9cnica de estampado Reducci\u00f3n y Ampliaci\u00f3n. Mec\u00e1nica tipo tornillo para aumentar y disminuir los dise\u00f1os de stamping con facilidad y precisi\u00f3n.<\/p>\n<h2><strong>Caracter\u00edsticas<\/strong><\/h2>\n<p>Art\u00edculo completamente nuevo<\/p>\n<p>Art\u00edculo completamente nuevo<\/p>\n<p>Un (1) Estampador.<\/p>\n<p>Material: Silicona<\/p>\n<p>Mango: Pl\u00e1stico transparente, de 6.5 cm de alto aproximadamente.<\/p>\n<p>Marca: Mischeering.<\/p>\n<p>Goma de silicona transparente de di\u00e1metro 3.7cm aproximadamente.<\/p>\n<p>Consistencia de la goma: Semiblanda.<\/p>\n<p>Adherencia de la goma: neutra.<\/p>\n<p>Un (1) Rascador pl\u00e1stico<\/p>\n<p>Material: Silicona<\/p>\n<h2><strong>Recomendaciones<\/strong><\/h2>\n<p>Como es una goma suave, para mayor facilidad, se debe recoger el dise\u00f1o sin presionar el estampador.<\/p>\n<p>No aplicar removedor de esmalte a la silicona pues se puede opacar, recoger la suciedad de la goma con cinta transparente.<\/p>\n","protected":false},"excerpt":{"rendered":"<p>Estampador especial para la t\u00e9cnica de estampado Reducci\u00f3n y Ampliaci\u00f3n. Mec\u00e1nica tipo tornillo para aumentar y disminuir los dise\u00f1os de stamping con facilidad y precisi\u00f3n.<\/p>\n","protected":false},"featured_media":4995,"comment_status":"open","ping_status":"closed","template":"","meta":{"_regular_price":["43500"],"currency_symbol":[],"_uag_custom_page_level_css":""},"product_brand":[],"product_cat":[30,58],"product_tag":[],"class_list":{"0":"post-4993","1":"product","2":"type-product","3":"status-publish","4":"has-post-thumbnail","6":"product_cat-estampadores","7":"product_cat-reductores-y-ampliadores","8":"product_shipping_class-paquete-pequeno","10":"first","11":"outofstock","12":"purchasable","13":"product-type-simple"},"post_slider_layout_featured_media_urls":{"thumbnail":["https:\/\/xn--uascoquetas-1db.co\/wp-content\/uploads\/2023\/09\/Portada-Supersizer-01-150x150.jpg",150,150,true],"post_slider_layout_landscape_large":["https:\/\/xn--uascoquetas-1db.co\/wp-content\/uploads\/2023\/09\/Portada-Supersizer-01.jpg",800,800,false],"post_slider_layout_portrait_large":["https:\/\/xn--uascoquetas-1db.co\/wp-content\/uploads\/2023\/09\/Portada-Supersizer-01.jpg",1080,1080,false],"post_slider_layout_square_large":["https:\/\/xn--uascoquetas-1db.co\/wp-content\/uploads\/2023\/09\/Portada-Supersizer-01.jpg",1080,1080,false],"post_slider_layout_landscape":["https:\/\/xn--uascoquetas-1db.co\/wp-content\/uploads\/2023\/09\/Portada-Supersizer-01.jpg",400,400,false],"post_slider_layout_portrait":["https:\/\/xn--uascoquetas-1db.co\/wp-content\/uploads\/2023\/09\/Portada-Supersizer-01.jpg",600,600,false],"post_slider_layout_square":["https:\/\/xn--uascoquetas-1db.co\/wp-content\/uploads\/2023\/09\/Portada-Supersizer-01.jpg",600,600,false],"full":["https:\/\/xn--uascoquetas-1db.co\/wp-content\/uploads\/2023\/09\/Portada-Supersizer-01.jpg",1080,1080,false]},"uagb_featured_image_src":{"full":["https:\/\/xn--uascoquetas-1db.co\/wp-content\/uploads\/2023\/09\/Portada-Supersizer-01.jpg",1080,1080,false],"thumbnail":["https:\/\/xn--uascoquetas-1db.co\/wp-content\/uploads\/2023\/09\/Portada-Supersizer-01-150x150.jpg",150,150,true],"medium":["https:\/\/xn--uascoquetas-1db.co\/wp-content\/uploads\/2023\/09\/Portada-Supersizer-01-300x300.jpg",300,300,true],"medium_large":["https:\/\/xn--uascoquetas-1db.co\/wp-content\/uploads\/2023\/09\/Portada-Supersizer-01-768x768.jpg",640,640,true],"large":["https:\/\/xn--uascoquetas-1db.co\/wp-content\/uploads\/2023\/09\/Portada-Supersizer-01-1024x1024.jpg",640,640,true],"1536x1536":["https:\/\/xn--uascoquetas-1db.co\/wp-content\/uploads\/2023\/09\/Portada-Supersizer-01.jpg",1080,1080,false],"2048x2048":["https:\/\/xn--uascoquetas-1db.co\/wp-content\/uploads\/2023\/09\/Portada-Supersizer-01.jpg",1080,1080,false],"post_slider_layout_landscape_large":["https:\/\/xn--uascoquetas-1db.co\/wp-content\/uploads\/2023\/09\/Portada-Supersizer-01.jpg",800,800,false],"post_slider_layout_portrait_large":["https:\/\/xn--uascoquetas-1db.co\/wp-content\/uploads\/2023\/09\/Portada-Supersizer-01.jpg",1080,1080,false],"post_slider_layout_square_large":["https:\/\/xn--uascoquetas-1db.co\/wp-content\/uploads\/2023\/09\/Portada-Supersizer-01.jpg",1080,1080,false],"post_slider_layout_landscape":["https:\/\/xn--uascoquetas-1db.co\/wp-content\/uploads\/2023\/09\/Portada-Supersizer-01.jpg",400,400,false],"post_slider_layout_portrait":["https:\/\/xn--uascoquetas-1db.co\/wp-content\/uploads\/2023\/09\/Portada-Supersizer-01.jpg",600,600,false],"post_slider_layout_square":["https:\/\/xn--uascoquetas-1db.co\/wp-content\/uploads\/2023\/09\/Portada-Supersizer-01.jpg",600,600,false],"vw-kids-homepage-thumb":["https:\/\/xn--uascoquetas-1db.co\/wp-content\/uploads\/2023\/09\/Portada-Supersizer-01.jpg",145,145,false],"woocommerce_thumbnail":["https:\/\/xn--uascoquetas-1db.co\/wp-content\/uploads\/2023\/09\/Portada-Supersizer-01-300x300.jpg",300,300,true],"woocommerce_single":["https:\/\/xn--uascoquetas-1db.co\/wp-content\/uploads\/2023\/09\/Portada-Supersizer-01-600x600.jpg",600,600,true],"woocommerce_gallery_thumbnail":["https:\/\/xn--uascoquetas-1db.co\/wp-content\/uploads\/2023\/09\/Portada-Supersizer-01-100x100.jpg",100,100,true],"variation_swatches_image_size":["https:\/\/xn--uascoquetas-1db.co\/wp-content\/uploads\/2023\/09\/Portada-Supersizer-01.jpg",50,50,false],"variation_swatches_tooltip_size":["https:\/\/xn--uascoquetas-1db.co\/wp-content\/uploads\/2023\/09\/Portada-Supersizer-01.jpg",100,100,false]},"uagb_author_info":{"display_name":"U\u00f1as Coquetas","author_link":"https:\/\/xn--uascoquetas-1db.co\/?author=0"},"uagb_comment_info":0,"uagb_excerpt":"Estampador especial para la t\u00e9cnica de estampado Reducci\u00f3n y Ampliaci\u00f3n. Mec\u00e1nica tipo tornillo para aumentar y disminuir los dise\u00f1os de stamping con facilidad y precisi\u00f3n.","jetpack_sharing_enabled":true,"jetpack-related-posts":[{"id":9835,"url":"https:\/\/xn--uascoquetas-1db.co\/?product=sello-estampador-unas-reduccion-y-ampliacion-3-0","url_meta":{"origin":4993,"position":0},"title":"Sello Estampador U\u00f1as Reducci\u00f3n Y Ampliaci\u00f3n 3.0","author":"U\u00f1as Coquetas","date":"06\/03\/2025","format":false,"excerpt":"Estampador especial para la t\u00e9cnica de estampado para aumentar y disminuir los dise\u00f1os de stamping con facilidad y precisi\u00f3n. Con goma transparente para ver con exactitud el lugar en que posicionar\u00e1s el dise\u00f1o en la u\u00f1a.","rel":"","context":"Entrada similar","block_context":{"text":"Entrada similar","link":""},"img":{"alt_text":"","src":"https:\/\/i0.wp.com\/xn--uascoquetas-1db.co\/wp-content\/uploads\/2025\/03\/Estampador-3.0-v2.png?resize=350%2C200&ssl=1","width":350,"height":200,"srcset":"https:\/\/i0.wp.com\/xn--uascoquetas-1db.co\/wp-content\/uploads\/2025\/03\/Estampador-3.0-v2.png?resize=350%2C200&ssl=1 1x, https:\/\/i0.wp.com\/xn--uascoquetas-1db.co\/wp-content\/uploads\/2025\/03\/Estampador-3.0-v2.png?resize=525%2C300&ssl=1 1.5x, https:\/\/i0.wp.com\/xn--uascoquetas-1db.co\/wp-content\/uploads\/2025\/03\/Estampador-3.0-v2.png?resize=700%2C400&ssl=1 2x"},"classes":[]},{"id":10207,"url":"https:\/\/xn--uascoquetas-1db.co\/?product=sello-estampador-unas-reduccion-y-ampliacion-3-0-edicion-limitada","url_meta":{"origin":4993,"position":1},"title":"Sello Estampador U\u00f1as Reducci\u00f3n Y Ampliaci\u00f3n 3.0 Edici\u00f3n Limitada","author":"U\u00f1as Coquetas","date":"13\/05\/2025","format":false,"excerpt":"Estampador especial para la t\u00e9cnica de estampado para aumentar y disminuir los dise\u00f1os de stamping con facilidad y precisi\u00f3n. Con goma transparente para ver con exactitud el lugar en que posicionar\u00e1s el dise\u00f1o en la u\u00f1a.","rel":"","context":"Entrada similar","block_context":{"text":"Entrada similar","link":""},"img":{"alt_text":"","src":"https:\/\/i0.wp.com\/xn--uascoquetas-1db.co\/wp-content\/uploads\/2025\/05\/Edicion-especial-2.jpg?resize=350%2C200&ssl=1","width":350,"height":200,"srcset":"https:\/\/i0.wp.com\/xn--uascoquetas-1db.co\/wp-content\/uploads\/2025\/05\/Edicion-especial-2.jpg?resize=350%2C200&ssl=1 1x, https:\/\/i0.wp.com\/xn--uascoquetas-1db.co\/wp-content\/uploads\/2025\/05\/Edicion-especial-2.jpg?resize=525%2C300&ssl=1 1.5x, https:\/\/i0.wp.com\/xn--uascoquetas-1db.co\/wp-content\/uploads\/2025\/05\/Edicion-especial-2.jpg?resize=700%2C400&ssl=1 2x"},"classes":[]},{"id":11227,"url":"https:\/\/xn--uascoquetas-1db.co\/?product=estampador-transparente-sencillo-star","url_meta":{"origin":4993,"position":2},"title":"Estampador &#8211; Transparente Sencillo Star","author":"U\u00f1as Coquetas","date":"06\/02\/2026","format":false,"excerpt":"Estampador\u00a0 de goma transparente de alta dureza y adherencia media. Ideal para placas acr\u00edlicas.","rel":"","context":"Entrada similar","block_context":{"text":"Entrada similar","link":""},"img":{"alt_text":"","src":"https:\/\/i0.wp.com\/xn--uascoquetas-1db.co\/wp-content\/uploads\/2026\/02\/Sencillo.jpg?resize=350%2C200&ssl=1","width":350,"height":200,"srcset":"https:\/\/i0.wp.com\/xn--uascoquetas-1db.co\/wp-content\/uploads\/2026\/02\/Sencillo.jpg?resize=350%2C200&ssl=1 1x, https:\/\/i0.wp.com\/xn--uascoquetas-1db.co\/wp-content\/uploads\/2026\/02\/Sencillo.jpg?resize=525%2C300&ssl=1 1.5x, https:\/\/i0.wp.com\/xn--uascoquetas-1db.co\/wp-content\/uploads\/2026\/02\/Sencillo.jpg?resize=700%2C400&ssl=1 2x"},"classes":[]},{"id":11235,"url":"https:\/\/xn--uascoquetas-1db.co\/?product=estampador-grande-star","url_meta":{"origin":4993,"position":3},"title":"Estampador grande Star","author":"U\u00f1as Coquetas","date":"06\/02\/2026","format":false,"excerpt":"Estampador\u00a0 de goma transparente de alta dureza y adherencia media. Ideal para placas acr\u00edlicas.","rel":"","context":"Entrada similar","block_context":{"text":"Entrada similar","link":""},"img":{"alt_text":"","src":"https:\/\/i0.wp.com\/xn--uascoquetas-1db.co\/wp-content\/uploads\/2026\/02\/Estampador-grande-colores.jpg?resize=350%2C200&ssl=1","width":350,"height":200,"srcset":"https:\/\/i0.wp.com\/xn--uascoquetas-1db.co\/wp-content\/uploads\/2026\/02\/Estampador-grande-colores.jpg?resize=350%2C200&ssl=1 1x, https:\/\/i0.wp.com\/xn--uascoquetas-1db.co\/wp-content\/uploads\/2026\/02\/Estampador-grande-colores.jpg?resize=525%2C300&ssl=1 1.5x, https:\/\/i0.wp.com\/xn--uascoquetas-1db.co\/wp-content\/uploads\/2026\/02\/Estampador-grande-colores.jpg?resize=700%2C400&ssl=1 2x"},"classes":[]},{"id":11406,"url":"https:\/\/xn--uascoquetas-1db.co\/?product=sello-estampador-reduction-extention-mini-preventa","url_meta":{"origin":4993,"position":4},"title":"Sello estampador  &#8211; Reduction-Extention Mini","author":"U\u00f1as Coquetas","date":"30\/03\/2026","format":false,"excerpt":"Estampador especial para la t\u00e9cnica de estampado para aumentar y disminuir los dise\u00f1os de stamping con facilidad y precisi\u00f3n. Con goma transparente para ver con exactitud el lugar en que posicionar\u00e1s el dise\u00f1o en la u\u00f1a.","rel":"","context":"Entrada similar","block_context":{"text":"Entrada similar","link":""},"img":{"alt_text":"","src":"https:\/\/i0.wp.com\/xn--uascoquetas-1db.co\/wp-content\/uploads\/2026\/03\/RE-MINI-01.jpeg?resize=350%2C200&ssl=1","width":350,"height":200,"srcset":"https:\/\/i0.wp.com\/xn--uascoquetas-1db.co\/wp-content\/uploads\/2026\/03\/RE-MINI-01.jpeg?resize=350%2C200&ssl=1 1x, https:\/\/i0.wp.com\/xn--uascoquetas-1db.co\/wp-content\/uploads\/2026\/03\/RE-MINI-01.jpeg?resize=525%2C300&ssl=1 1.5x, https:\/\/i0.wp.com\/xn--uascoquetas-1db.co\/wp-content\/uploads\/2026\/03\/RE-MINI-01.jpeg?resize=700%2C400&ssl=1 2x, https:\/\/i0.wp.com\/xn--uascoquetas-1db.co\/wp-content\/uploads\/2026\/03\/RE-MINI-01.jpeg?resize=1050%2C600&ssl=1 3x, https:\/\/i0.wp.com\/xn--uascoquetas-1db.co\/wp-content\/uploads\/2026\/03\/RE-MINI-01.jpeg?resize=1400%2C800&ssl=1 4x"},"classes":[]},{"id":4992,"url":"https:\/\/xn--uascoquetas-1db.co\/?product=sello-estampador-unas-corto-hueco-transparente","url_meta":{"origin":4993,"position":5},"title":"Sello Estampador U\u00f1as Corto Hueco","author":"U\u00f1as Coquetas","date":"19\/09\/2023","format":false,"excerpt":"Estampador pl\u00e1stico transparente de goma semidura para Estampar y tapa de protecci\u00f3n.","rel":"","context":"Entrada similar","block_context":{"text":"Entrada similar","link":""},"img":{"alt_text":"Stamper hueco transparente","src":"https:\/\/i0.wp.com\/xn--uascoquetas-1db.co\/wp-content\/uploads\/2023\/09\/1643662868506-scaled.jpg?resize=350%2C200&ssl=1","width":350,"height":200,"srcset":"https:\/\/i0.wp.com\/xn--uascoquetas-1db.co\/wp-content\/uploads\/2023\/09\/1643662868506-scaled.jpg?resize=350%2C200&ssl=1 1x, https:\/\/i0.wp.com\/xn--uascoquetas-1db.co\/wp-content\/uploads\/2023\/09\/1643662868506-scaled.jpg?resize=525%2C300&ssl=1 1.5x, https:\/\/i0.wp.com\/xn--uascoquetas-1db.co\/wp-content\/uploads\/2023\/09\/1643662868506-scaled.jpg?resize=700%2C400&ssl=1 2x, https:\/\/i0.wp.com\/xn--uascoquetas-1db.co\/wp-content\/uploads\/2023\/09\/1643662868506-scaled.jpg?resize=1050%2C600&ssl=1 3x, https:\/\/i0.wp.com\/xn--uascoquetas-1db.co\/wp-content\/uploads\/2023\/09\/1643662868506-scaled.jpg?resize=1400%2C800&ssl=1 4x"},"classes":[]}],"_links":{"self":[{"href":"https:\/\/xn--uascoquetas-1db.co\/index.php?rest_route=\/wp\/v2\/product\/4993","targetHints":{"allow":["GET"]}}],"collection":[{"href":"https:\/\/xn--uascoquetas-1db.co\/index.php?rest_route=\/wp\/v2\/product"}],"about":[{"href":"https:\/\/xn--uascoquetas-1db.co\/index.php?rest_route=\/wp\/v2\/types\/product"}],"replies":[{"embeddable":true,"href":"https:\/\/xn--uascoquetas-1db.co\/index.php?rest_route=%2Fwp%2Fv2%2Fcomments&post=4993"}],"wp:featuredmedia":[{"embeddable":true,"href":"https:\/\/xn--uascoquetas-1db.co\/index.php?rest_route=\/wp\/v2\/media\/4995"}],"wp:attachment":[{"href":"https:\/\/xn--uascoquetas-1db.co\/index.php?rest_route=%2Fwp%2Fv2%2Fmedia&parent=4993"}],"wp:term":[{"taxonomy":"product_brand","embeddable":true,"href":"https:\/\/xn--uascoquetas-1db.co\/index.php?rest_route=%2Fwp%2Fv2%2Fproduct_brand&post=4993"},{"taxonomy":"product_cat","embeddable":true,"href":"https:\/\/xn--uascoquetas-1db.co\/index.php?rest_route=%2Fwp%2Fv2%2Fproduct_cat&post=4993"},{"taxonomy":"product_tag","embeddable":true,"href":"https:\/\/xn--uascoquetas-1db.co\/index.php?rest_route=%2Fwp%2Fv2%2Fproduct_tag&post=4993"}],"curies":[{"name":"wp","href":"https:\/\/api.w.org\/{rel}","templated":true}]}}