{"id":5031,"date":"2023-09-19T18:58:51","date_gmt":"2023-09-19T23:58:51","guid":{"rendered":"https:\/\/xn--uascoquetas-1db.co\/?post_type=product&#038;p=5031"},"modified":"2026-01-26T07:20:57","modified_gmt":"2026-01-26T12:20:57","slug":"esmalte-especial-para-estampar-purpura-ghelic","status":"publish","type":"product","link":"https:\/\/xn--uascoquetas-1db.co\/?product=esmalte-especial-para-estampar-purpura-ghelic","title":{"rendered":"Esmalte especial para estampar P\u00farpura &#8211; Ghelic"},"content":{"rendered":"<p>Esmalte con excelente pigmentaci\u00f3n y textura, que permitir\u00e1n manejar la t\u00e9cnica de stamping con mayor facilidad.<\/p>\n<h2><strong>CARACTER\u00cdSTICAS<\/strong><\/h2>\n<p>Esmalte tradicional, no necesita l\u00e1mpara.<\/p>\n<p>Presentaci\u00f3n de 12 ml<\/p>\n<p>Brocha curva<\/p>\n<p>Excelente pigmentaci\u00f3n, para mejorar la nitidez de las figuras de stamping, especialmente en bases de tonos oscuros.<\/p>\n<p>14 FREE &#8211; libres de 14 qu\u00edmicos que pueden afectar la salud.<\/p>\n<p>Producto fabricado en Colombia<\/p>\n<p>Registro INVIMA NSOC68549-15 CO<\/p>\n","protected":false},"excerpt":{"rendered":"<p>Esmalte especial para estampar de 12 ml marca colombiana Ghelic, con excelente pigmentaci\u00f3n.<\/p>\n","protected":false},"featured_media":5026,"comment_status":"open","ping_status":"closed","template":"","meta":{"_regular_price":["9700"],"currency_symbol":[],"_uag_custom_page_level_css":""},"product_brand":[],"product_cat":[33,46,265],"product_tag":[81,41],"class_list":{"0":"post-5031","1":"product","2":"type-product","3":"status-publish","4":"has-post-thumbnail","6":"product_cat-esmaltes","7":"product_cat-especial-para-estampar","8":"product_cat-ghelic","9":"product_tag-ghelic","10":"product_tag-stamping","11":"product_shipping_class-paquete-pequeno","13":"first","14":"outofstock","15":"purchasable","16":"product-type-simple"},"post_slider_layout_featured_media_urls":{"thumbnail":["https:\/\/xn--uascoquetas-1db.co\/wp-content\/uploads\/2023\/09\/Purpura-2_Mesa-de-trabajo-1-150x150.jpg",150,150,true],"post_slider_layout_landscape_large":["https:\/\/xn--uascoquetas-1db.co\/wp-content\/uploads\/2023\/09\/Purpura-2_Mesa-de-trabajo-1.jpg",600,600,false],"post_slider_layout_portrait_large":["https:\/\/xn--uascoquetas-1db.co\/wp-content\/uploads\/2023\/09\/Purpura-2_Mesa-de-trabajo-1.jpg",600,600,false],"post_slider_layout_square_large":["https:\/\/xn--uascoquetas-1db.co\/wp-content\/uploads\/2023\/09\/Purpura-2_Mesa-de-trabajo-1.jpg",600,600,false],"post_slider_layout_landscape":["https:\/\/xn--uascoquetas-1db.co\/wp-content\/uploads\/2023\/09\/Purpura-2_Mesa-de-trabajo-1.jpg",400,400,false],"post_slider_layout_portrait":["https:\/\/xn--uascoquetas-1db.co\/wp-content\/uploads\/2023\/09\/Purpura-2_Mesa-de-trabajo-1.jpg",600,600,false],"post_slider_layout_square":["https:\/\/xn--uascoquetas-1db.co\/wp-content\/uploads\/2023\/09\/Purpura-2_Mesa-de-trabajo-1.jpg",600,600,false],"full":["https:\/\/xn--uascoquetas-1db.co\/wp-content\/uploads\/2023\/09\/Purpura-2_Mesa-de-trabajo-1.jpg",600,600,false]},"uagb_featured_image_src":{"full":["https:\/\/xn--uascoquetas-1db.co\/wp-content\/uploads\/2023\/09\/Purpura-2_Mesa-de-trabajo-1.jpg",600,600,false],"thumbnail":["https:\/\/xn--uascoquetas-1db.co\/wp-content\/uploads\/2023\/09\/Purpura-2_Mesa-de-trabajo-1-150x150.jpg",150,150,true],"medium":["https:\/\/xn--uascoquetas-1db.co\/wp-content\/uploads\/2023\/09\/Purpura-2_Mesa-de-trabajo-1-300x300.jpg",300,300,true],"medium_large":["https:\/\/xn--uascoquetas-1db.co\/wp-content\/uploads\/2023\/09\/Purpura-2_Mesa-de-trabajo-1.jpg",600,600,false],"large":["https:\/\/xn--uascoquetas-1db.co\/wp-content\/uploads\/2023\/09\/Purpura-2_Mesa-de-trabajo-1.jpg",600,600,false],"1536x1536":["https:\/\/xn--uascoquetas-1db.co\/wp-content\/uploads\/2023\/09\/Purpura-2_Mesa-de-trabajo-1.jpg",600,600,false],"2048x2048":["https:\/\/xn--uascoquetas-1db.co\/wp-content\/uploads\/2023\/09\/Purpura-2_Mesa-de-trabajo-1.jpg",600,600,false],"post_slider_layout_landscape_large":["https:\/\/xn--uascoquetas-1db.co\/wp-content\/uploads\/2023\/09\/Purpura-2_Mesa-de-trabajo-1.jpg",600,600,false],"post_slider_layout_portrait_large":["https:\/\/xn--uascoquetas-1db.co\/wp-content\/uploads\/2023\/09\/Purpura-2_Mesa-de-trabajo-1.jpg",600,600,false],"post_slider_layout_square_large":["https:\/\/xn--uascoquetas-1db.co\/wp-content\/uploads\/2023\/09\/Purpura-2_Mesa-de-trabajo-1.jpg",600,600,false],"post_slider_layout_landscape":["https:\/\/xn--uascoquetas-1db.co\/wp-content\/uploads\/2023\/09\/Purpura-2_Mesa-de-trabajo-1.jpg",400,400,false],"post_slider_layout_portrait":["https:\/\/xn--uascoquetas-1db.co\/wp-content\/uploads\/2023\/09\/Purpura-2_Mesa-de-trabajo-1.jpg",600,600,false],"post_slider_layout_square":["https:\/\/xn--uascoquetas-1db.co\/wp-content\/uploads\/2023\/09\/Purpura-2_Mesa-de-trabajo-1.jpg",600,600,false],"vw-kids-homepage-thumb":["https:\/\/xn--uascoquetas-1db.co\/wp-content\/uploads\/2023\/09\/Purpura-2_Mesa-de-trabajo-1.jpg",145,145,false],"woocommerce_thumbnail":["https:\/\/xn--uascoquetas-1db.co\/wp-content\/uploads\/2023\/09\/Purpura-2_Mesa-de-trabajo-1-300x300.jpg",300,300,true],"woocommerce_single":["https:\/\/xn--uascoquetas-1db.co\/wp-content\/uploads\/2023\/09\/Purpura-2_Mesa-de-trabajo-1.jpg",600,600,false],"woocommerce_gallery_thumbnail":["https:\/\/xn--uascoquetas-1db.co\/wp-content\/uploads\/2023\/09\/Purpura-2_Mesa-de-trabajo-1-100x100.jpg",100,100,true],"variation_swatches_image_size":["https:\/\/xn--uascoquetas-1db.co\/wp-content\/uploads\/2023\/09\/Purpura-2_Mesa-de-trabajo-1.jpg",50,50,false],"variation_swatches_tooltip_size":["https:\/\/xn--uascoquetas-1db.co\/wp-content\/uploads\/2023\/09\/Purpura-2_Mesa-de-trabajo-1.jpg",100,100,false]},"uagb_author_info":{"display_name":"U\u00f1as Coquetas","author_link":"https:\/\/xn--uascoquetas-1db.co\/?author=0"},"uagb_comment_info":0,"uagb_excerpt":"Esmalte especial para estampar de 12 ml marca colombiana Ghelic, con excelente pigmentaci\u00f3n.","jetpack_sharing_enabled":true,"jetpack-related-posts":[{"id":5009,"url":"https:\/\/xn--uascoquetas-1db.co\/?product=esmalte-especial-para-estampar-plateado-ghelic","url_meta":{"origin":5031,"position":0},"title":"Esmalte especial para estampar Plateado- Ghelic","author":"U\u00f1as Coquetas","date":"19\/09\/2023","format":false,"excerpt":"Esmalte especial para estampar de 12 ml marca colombiana Ghelic, con excelente pigmentaci\u00f3n.","rel":"","context":"Entrada similar","block_context":{"text":"Entrada similar","link":""},"img":{"alt_text":"Plateado Ghelic","src":"https:\/\/i0.wp.com\/xn--uascoquetas-1db.co\/wp-content\/uploads\/2023\/09\/Plateado-2_Mesa-de-trabajo-1.jpg?resize=350%2C200&ssl=1","width":350,"height":200,"srcset":"https:\/\/i0.wp.com\/xn--uascoquetas-1db.co\/wp-content\/uploads\/2023\/09\/Plateado-2_Mesa-de-trabajo-1.jpg?resize=350%2C200&ssl=1 1x, https:\/\/i0.wp.com\/xn--uascoquetas-1db.co\/wp-content\/uploads\/2023\/09\/Plateado-2_Mesa-de-trabajo-1.jpg?resize=525%2C300&ssl=1 1.5x"},"classes":[]},{"id":5022,"url":"https:\/\/xn--uascoquetas-1db.co\/?product=esmalte-especial-para-estampar-gris-ghelic","url_meta":{"origin":5031,"position":1},"title":"Esmalte especial para estampar Gris &#8211; Ghelic","author":"U\u00f1as Coquetas","date":"19\/09\/2023","format":false,"excerpt":"Esmalte especial para estampar de 12 ml marca colombiana Ghelic, con excelente pigmentaci\u00f3n.","rel":"","context":"Entrada similar","block_context":{"text":"Entrada similar","link":""},"img":{"alt_text":"Gris Ghelic","src":"https:\/\/i0.wp.com\/xn--uascoquetas-1db.co\/wp-content\/uploads\/2023\/09\/Gris-2_Mesa-de-trabajo-1.jpg?resize=350%2C200&ssl=1","width":350,"height":200,"srcset":"https:\/\/i0.wp.com\/xn--uascoquetas-1db.co\/wp-content\/uploads\/2023\/09\/Gris-2_Mesa-de-trabajo-1.jpg?resize=350%2C200&ssl=1 1x, https:\/\/i0.wp.com\/xn--uascoquetas-1db.co\/wp-content\/uploads\/2023\/09\/Gris-2_Mesa-de-trabajo-1.jpg?resize=525%2C300&ssl=1 1.5x"},"classes":[]},{"id":5030,"url":"https:\/\/xn--uascoquetas-1db.co\/?product=esmalte-especial-para-estampar-amarillo-ghelic","url_meta":{"origin":5031,"position":2},"title":"Esmalte especial para estampar Amarillo &#8211; Ghelic","author":"U\u00f1as Coquetas","date":"19\/09\/2023","format":false,"excerpt":"Esmalte especial para estampar de 12 ml marca colombiana Ghelic, con excelente pigmentaci\u00f3n.","rel":"","context":"Entrada similar","block_context":{"text":"Entrada similar","link":""},"img":{"alt_text":"Amarillo Ghelic","src":"https:\/\/i0.wp.com\/xn--uascoquetas-1db.co\/wp-content\/uploads\/2023\/09\/Amarillo-2_Mesa-de-trabajo-1.jpg?resize=350%2C200&ssl=1","width":350,"height":200,"srcset":"https:\/\/i0.wp.com\/xn--uascoquetas-1db.co\/wp-content\/uploads\/2023\/09\/Amarillo-2_Mesa-de-trabajo-1.jpg?resize=350%2C200&ssl=1 1x, https:\/\/i0.wp.com\/xn--uascoquetas-1db.co\/wp-content\/uploads\/2023\/09\/Amarillo-2_Mesa-de-trabajo-1.jpg?resize=525%2C300&ssl=1 1.5x"},"classes":[]},{"id":5032,"url":"https:\/\/xn--uascoquetas-1db.co\/?product=esmalte-especial-para-estampar-nude-ghelic","url_meta":{"origin":5031,"position":3},"title":"Esmalte especial para estampar Nude- Ghelic","author":"U\u00f1as Coquetas","date":"19\/09\/2023","format":false,"excerpt":"Esmalte especial para estampar de 12 ml marca colombiana Ghelic, con excelente pigmentaci\u00f3n.","rel":"","context":"Entrada similar","block_context":{"text":"Entrada similar","link":""},"img":{"alt_text":"Nude Ghelic","src":"https:\/\/i0.wp.com\/xn--uascoquetas-1db.co\/wp-content\/uploads\/2023\/09\/Nude-2_Mesa-de-trabajo-1.jpg?resize=350%2C200&ssl=1","width":350,"height":200,"srcset":"https:\/\/i0.wp.com\/xn--uascoquetas-1db.co\/wp-content\/uploads\/2023\/09\/Nude-2_Mesa-de-trabajo-1.jpg?resize=350%2C200&ssl=1 1x, https:\/\/i0.wp.com\/xn--uascoquetas-1db.co\/wp-content\/uploads\/2023\/09\/Nude-2_Mesa-de-trabajo-1.jpg?resize=525%2C300&ssl=1 1.5x"},"classes":[]},{"id":5072,"url":"https:\/\/xn--uascoquetas-1db.co\/?product=esmalte-especial-para-estampar-fresa-ghelic","url_meta":{"origin":5031,"position":4},"title":"Esmalte especial para estampar Fresa &#8211; Ghelic","author":"U\u00f1as Coquetas","date":"20\/09\/2023","format":false,"excerpt":"Esmalte especial para estampar de 12 ml marca colombiana Ghelic, con excelente pigmentaci\u00f3n.","rel":"","context":"Entrada similar","block_context":{"text":"Entrada similar","link":""},"img":{"alt_text":"Fresa Ghelic","src":"https:\/\/i0.wp.com\/xn--uascoquetas-1db.co\/wp-content\/uploads\/2023\/09\/Fresa_Mesa-de-trabajo-1-copia.jpg?resize=350%2C200&ssl=1","width":350,"height":200,"srcset":"https:\/\/i0.wp.com\/xn--uascoquetas-1db.co\/wp-content\/uploads\/2023\/09\/Fresa_Mesa-de-trabajo-1-copia.jpg?resize=350%2C200&ssl=1 1x, https:\/\/i0.wp.com\/xn--uascoquetas-1db.co\/wp-content\/uploads\/2023\/09\/Fresa_Mesa-de-trabajo-1-copia.jpg?resize=525%2C300&ssl=1 1.5x"},"classes":[]},{"id":5079,"url":"https:\/\/xn--uascoquetas-1db.co\/?product=esmalte-especial-para-estampar-melocoton-ghelic","url_meta":{"origin":5031,"position":5},"title":"Esmalte especial para estampar Melocot\u00f3n- Ghelic","author":"U\u00f1as Coquetas","date":"20\/09\/2023","format":false,"excerpt":"Esmalte especial para estampar de 12 ml marca colombiana Ghelic, con excelente pigmentaci\u00f3n.","rel":"","context":"Entrada similar","block_context":{"text":"Entrada similar","link":""},"img":{"alt_text":"Melocot\u00f3n Ghelic","src":"https:\/\/i0.wp.com\/xn--uascoquetas-1db.co\/wp-content\/uploads\/2023\/09\/Melocoton_Mesa-de-trabajo-1.jpg?resize=350%2C200&ssl=1","width":350,"height":200,"srcset":"https:\/\/i0.wp.com\/xn--uascoquetas-1db.co\/wp-content\/uploads\/2023\/09\/Melocoton_Mesa-de-trabajo-1.jpg?resize=350%2C200&ssl=1 1x, https:\/\/i0.wp.com\/xn--uascoquetas-1db.co\/wp-content\/uploads\/2023\/09\/Melocoton_Mesa-de-trabajo-1.jpg?resize=525%2C300&ssl=1 1.5x"},"classes":[]}],"_links":{"self":[{"href":"https:\/\/xn--uascoquetas-1db.co\/index.php?rest_route=\/wp\/v2\/product\/5031","targetHints":{"allow":["GET"]}}],"collection":[{"href":"https:\/\/xn--uascoquetas-1db.co\/index.php?rest_route=\/wp\/v2\/product"}],"about":[{"href":"https:\/\/xn--uascoquetas-1db.co\/index.php?rest_route=\/wp\/v2\/types\/product"}],"replies":[{"embeddable":true,"href":"https:\/\/xn--uascoquetas-1db.co\/index.php?rest_route=%2Fwp%2Fv2%2Fcomments&post=5031"}],"wp:featuredmedia":[{"embeddable":true,"href":"https:\/\/xn--uascoquetas-1db.co\/index.php?rest_route=\/wp\/v2\/media\/5026"}],"wp:attachment":[{"href":"https:\/\/xn--uascoquetas-1db.co\/index.php?rest_route=%2Fwp%2Fv2%2Fmedia&parent=5031"}],"wp:term":[{"taxonomy":"product_brand","embeddable":true,"href":"https:\/\/xn--uascoquetas-1db.co\/index.php?rest_route=%2Fwp%2Fv2%2Fproduct_brand&post=5031"},{"taxonomy":"product_cat","embeddable":true,"href":"https:\/\/xn--uascoquetas-1db.co\/index.php?rest_route=%2Fwp%2Fv2%2Fproduct_cat&post=5031"},{"taxonomy":"product_tag","embeddable":true,"href":"https:\/\/xn--uascoquetas-1db.co\/index.php?rest_route=%2Fwp%2Fv2%2Fproduct_tag&post=5031"}],"curies":[{"name":"wp","href":"https:\/\/api.w.org\/{rel}","templated":true}]}}