{"id":5145,"date":"2023-09-20T18:14:39","date_gmt":"2023-09-20T23:14:39","guid":{"rendered":"https:\/\/xn--uascoquetas-1db.co\/?post_type=product&#038;p=5145"},"modified":"2026-03-09T09:27:34","modified_gmt":"2026-03-09T14:27:34","slug":"frases-placa-acrilica-h-la-cosedora","status":"publish","type":"product","link":"https:\/\/xn--uascoquetas-1db.co\/?product=frases-placa-acrilica-h-la-cosedora","title":{"rendered":"Frases &#8211; placa acr\u00edlica &#8211; H la Cosedora"},"content":{"rendered":"<p>Placa acr\u00edlica \u00a0Marca H la Cosedora<\/p>\n<h2><strong>Caracter\u00edsticas<\/strong><\/h2>\n<p>Una (1) Placa Rectangular con dise\u00f1o a elecci\u00f3n<\/p>\n<p>Tama\u00f1o: 14,5 X 9 cm Aproximadamente<\/p>\n<p>Material: Acr\u00edlico<\/p>\n<h2><strong>Recomendaciones<\/strong><\/h2>\n<p>Para limpiar la placa debes usar un removedor suave que NO contega acetona.<\/p>\n<p>Debes limpiar la placa despu\u00e9s de su uso.<\/p>\n","protected":false},"excerpt":{"rendered":"<table width=\"225\">\n<tbody>\n<tr>\n<td width=\"225\">Placa acr\u00edlica para estampar u\u00f1as, marca Colombiana H la Cosedora con hermosas figuras de palabras, mensajes, letras y lettering<\/td>\n<\/tr>\n<\/tbody>\n<\/table>\n","protected":false},"featured_media":5146,"comment_status":"open","ping_status":"closed","template":"","meta":{"_regular_price":["30000"],"currency_symbol":[],"_uag_custom_page_level_css":""},"product_brand":[],"product_cat":[62,24],"product_tag":[84,124,125,123,41,126],"class_list":{"0":"post-5145","1":"product","2":"type-product","3":"status-publish","4":"has-post-thumbnail","6":"product_cat-h-la-cosedora","7":"product_cat-placas-de-estampar","8":"product_tag-acrilico","9":"product_tag-frases","10":"product_tag-letras","11":"product_tag-mensajes","12":"product_tag-stamping","13":"product_tag-tipografia","14":"product_shipping_class-paquete-pequeno","16":"first","17":"outofstock","18":"purchasable","19":"product-type-simple"},"post_slider_layout_featured_media_urls":{"thumbnail":["https:\/\/xn--uascoquetas-1db.co\/wp-content\/uploads\/2023\/09\/Frases_Mesa-de-trabajo-1-150x150.jpg",150,150,true],"post_slider_layout_landscape_large":["https:\/\/xn--uascoquetas-1db.co\/wp-content\/uploads\/2023\/09\/Frases_Mesa-de-trabajo-1.jpg",600,600,false],"post_slider_layout_portrait_large":["https:\/\/xn--uascoquetas-1db.co\/wp-content\/uploads\/2023\/09\/Frases_Mesa-de-trabajo-1.jpg",600,600,false],"post_slider_layout_square_large":["https:\/\/xn--uascoquetas-1db.co\/wp-content\/uploads\/2023\/09\/Frases_Mesa-de-trabajo-1.jpg",600,600,false],"post_slider_layout_landscape":["https:\/\/xn--uascoquetas-1db.co\/wp-content\/uploads\/2023\/09\/Frases_Mesa-de-trabajo-1.jpg",400,400,false],"post_slider_layout_portrait":["https:\/\/xn--uascoquetas-1db.co\/wp-content\/uploads\/2023\/09\/Frases_Mesa-de-trabajo-1.jpg",600,600,false],"post_slider_layout_square":["https:\/\/xn--uascoquetas-1db.co\/wp-content\/uploads\/2023\/09\/Frases_Mesa-de-trabajo-1.jpg",600,600,false],"full":["https:\/\/xn--uascoquetas-1db.co\/wp-content\/uploads\/2023\/09\/Frases_Mesa-de-trabajo-1.jpg",600,600,false]},"uagb_featured_image_src":{"full":["https:\/\/xn--uascoquetas-1db.co\/wp-content\/uploads\/2023\/09\/Frases_Mesa-de-trabajo-1.jpg",600,600,false],"thumbnail":["https:\/\/xn--uascoquetas-1db.co\/wp-content\/uploads\/2023\/09\/Frases_Mesa-de-trabajo-1-150x150.jpg",150,150,true],"medium":["https:\/\/xn--uascoquetas-1db.co\/wp-content\/uploads\/2023\/09\/Frases_Mesa-de-trabajo-1-300x300.jpg",300,300,true],"medium_large":["https:\/\/xn--uascoquetas-1db.co\/wp-content\/uploads\/2023\/09\/Frases_Mesa-de-trabajo-1.jpg",600,600,false],"large":["https:\/\/xn--uascoquetas-1db.co\/wp-content\/uploads\/2023\/09\/Frases_Mesa-de-trabajo-1.jpg",600,600,false],"1536x1536":["https:\/\/xn--uascoquetas-1db.co\/wp-content\/uploads\/2023\/09\/Frases_Mesa-de-trabajo-1.jpg",600,600,false],"2048x2048":["https:\/\/xn--uascoquetas-1db.co\/wp-content\/uploads\/2023\/09\/Frases_Mesa-de-trabajo-1.jpg",600,600,false],"post_slider_layout_landscape_large":["https:\/\/xn--uascoquetas-1db.co\/wp-content\/uploads\/2023\/09\/Frases_Mesa-de-trabajo-1.jpg",600,600,false],"post_slider_layout_portrait_large":["https:\/\/xn--uascoquetas-1db.co\/wp-content\/uploads\/2023\/09\/Frases_Mesa-de-trabajo-1.jpg",600,600,false],"post_slider_layout_square_large":["https:\/\/xn--uascoquetas-1db.co\/wp-content\/uploads\/2023\/09\/Frases_Mesa-de-trabajo-1.jpg",600,600,false],"post_slider_layout_landscape":["https:\/\/xn--uascoquetas-1db.co\/wp-content\/uploads\/2023\/09\/Frases_Mesa-de-trabajo-1.jpg",400,400,false],"post_slider_layout_portrait":["https:\/\/xn--uascoquetas-1db.co\/wp-content\/uploads\/2023\/09\/Frases_Mesa-de-trabajo-1.jpg",600,600,false],"post_slider_layout_square":["https:\/\/xn--uascoquetas-1db.co\/wp-content\/uploads\/2023\/09\/Frases_Mesa-de-trabajo-1.jpg",600,600,false],"vw-kids-homepage-thumb":["https:\/\/xn--uascoquetas-1db.co\/wp-content\/uploads\/2023\/09\/Frases_Mesa-de-trabajo-1.jpg",145,145,false],"woocommerce_thumbnail":["https:\/\/xn--uascoquetas-1db.co\/wp-content\/uploads\/2023\/09\/Frases_Mesa-de-trabajo-1-300x300.jpg",300,300,true],"woocommerce_single":["https:\/\/xn--uascoquetas-1db.co\/wp-content\/uploads\/2023\/09\/Frases_Mesa-de-trabajo-1.jpg",600,600,false],"woocommerce_gallery_thumbnail":["https:\/\/xn--uascoquetas-1db.co\/wp-content\/uploads\/2023\/09\/Frases_Mesa-de-trabajo-1-100x100.jpg",100,100,true],"variation_swatches_image_size":["https:\/\/xn--uascoquetas-1db.co\/wp-content\/uploads\/2023\/09\/Frases_Mesa-de-trabajo-1.jpg",50,50,false],"variation_swatches_tooltip_size":["https:\/\/xn--uascoquetas-1db.co\/wp-content\/uploads\/2023\/09\/Frases_Mesa-de-trabajo-1.jpg",100,100,false]},"uagb_author_info":{"display_name":"U\u00f1as Coquetas","author_link":"https:\/\/xn--uascoquetas-1db.co\/?author=0"},"uagb_comment_info":0,"uagb_excerpt":"Placa acr\u00edlica para estampar u\u00f1as, marca Colombiana H la Cosedora con hermosas figuras de palabras, mensajes, letras y lettering","jetpack_sharing_enabled":true,"jetpack-related-posts":[{"id":5179,"url":"https:\/\/xn--uascoquetas-1db.co\/?product=india-placa-acrilica-h-la-cosedora","url_meta":{"origin":5145,"position":0},"title":"India &#8211; Placa acr\u00edlica &#8211; H la Cosedora","author":"U\u00f1as Coquetas","date":"24\/09\/2023","format":false,"excerpt":"Placa acr\u00edlica para estampar u\u00f1as, marca Colombiana H la Cosedora con hermosas figuras de mandalas","rel":"","context":"Entrada similar","block_context":{"text":"Entrada similar","link":""},"img":{"alt_text":"India H la Cosedora","src":"https:\/\/i0.wp.com\/xn--uascoquetas-1db.co\/wp-content\/uploads\/2023\/09\/India-800-x-800_Mesa-de-trabajo-1.jpg?resize=350%2C200&ssl=1","width":350,"height":200,"srcset":"https:\/\/i0.wp.com\/xn--uascoquetas-1db.co\/wp-content\/uploads\/2023\/09\/India-800-x-800_Mesa-de-trabajo-1.jpg?resize=350%2C200&ssl=1 1x, https:\/\/i0.wp.com\/xn--uascoquetas-1db.co\/wp-content\/uploads\/2023\/09\/India-800-x-800_Mesa-de-trabajo-1.jpg?resize=525%2C300&ssl=1 1.5x, https:\/\/i0.wp.com\/xn--uascoquetas-1db.co\/wp-content\/uploads\/2023\/09\/India-800-x-800_Mesa-de-trabajo-1.jpg?resize=700%2C400&ssl=1 2x"},"classes":[]},{"id":5195,"url":"https:\/\/xn--uascoquetas-1db.co\/?product=love-us-placa-acrilica-h-la-cosedora","url_meta":{"origin":5145,"position":1},"title":"Love Us &#8211; Placa acr\u00edlica &#8211; H la Cosedora","author":"U\u00f1as Coquetas","date":"24\/09\/2023","format":false,"excerpt":"Placa acr\u00edlica para estampar u\u00f1as, marca Colombiana H la Cosedora con hermosas figuras de animales \u00a0","rel":"","context":"Entrada similar","block_context":{"text":"Entrada similar","link":""},"img":{"alt_text":"Love us H la Cosedora","src":"https:\/\/i0.wp.com\/xn--uascoquetas-1db.co\/wp-content\/uploads\/2023\/09\/Love-us-800-x-800_Mesa-de-trabajo-1.jpg?resize=350%2C200&ssl=1","width":350,"height":200,"srcset":"https:\/\/i0.wp.com\/xn--uascoquetas-1db.co\/wp-content\/uploads\/2023\/09\/Love-us-800-x-800_Mesa-de-trabajo-1.jpg?resize=350%2C200&ssl=1 1x, https:\/\/i0.wp.com\/xn--uascoquetas-1db.co\/wp-content\/uploads\/2023\/09\/Love-us-800-x-800_Mesa-de-trabajo-1.jpg?resize=525%2C300&ssl=1 1.5x, https:\/\/i0.wp.com\/xn--uascoquetas-1db.co\/wp-content\/uploads\/2023\/09\/Love-us-800-x-800_Mesa-de-trabajo-1.jpg?resize=700%2C400&ssl=1 2x"},"classes":[]},{"id":5213,"url":"https:\/\/xn--uascoquetas-1db.co\/?product=yantra-mansala-placa-acrilica-h-la-cosedora","url_meta":{"origin":5145,"position":2},"title":"Yantra Mansala &#8211; Placa acr\u00edlica &#8211; H la Cosedora","author":"U\u00f1as Coquetas","date":"24\/09\/2023","format":false,"excerpt":"Placa acr\u00edlica para estampar u\u00f1as, marca Colombiana H la Cosedora con hermosas figuras de mandalas","rel":"","context":"Entrada similar","block_context":{"text":"Entrada similar","link":""},"img":{"alt_text":"Yantra mansala H la Cosedora","src":"https:\/\/i0.wp.com\/xn--uascoquetas-1db.co\/wp-content\/uploads\/2023\/09\/Yantra-Mansala-800-x-800_Mesa-de-trabajo-1.jpg?resize=350%2C200&ssl=1","width":350,"height":200,"srcset":"https:\/\/i0.wp.com\/xn--uascoquetas-1db.co\/wp-content\/uploads\/2023\/09\/Yantra-Mansala-800-x-800_Mesa-de-trabajo-1.jpg?resize=350%2C200&ssl=1 1x, https:\/\/i0.wp.com\/xn--uascoquetas-1db.co\/wp-content\/uploads\/2023\/09\/Yantra-Mansala-800-x-800_Mesa-de-trabajo-1.jpg?resize=525%2C300&ssl=1 1.5x, https:\/\/i0.wp.com\/xn--uascoquetas-1db.co\/wp-content\/uploads\/2023\/09\/Yantra-Mansala-800-x-800_Mesa-de-trabajo-1.jpg?resize=700%2C400&ssl=1 2x"},"classes":[]},{"id":5183,"url":"https:\/\/xn--uascoquetas-1db.co\/?product=laika-placa-acrilica-h-la-cosedora","url_meta":{"origin":5145,"position":3},"title":"Laika &#8211; Placa acr\u00edlica &#8211; H la Cosedora","author":"U\u00f1as Coquetas","date":"24\/09\/2023","format":false,"excerpt":"Placa acr\u00edlica para estampar u\u00f1as, marca Colombiana H la Cosedora con hermosas figuras de perros y animales","rel":"","context":"Entrada similar","block_context":{"text":"Entrada similar","link":""},"img":{"alt_text":"Laika H la Cosedora","src":"https:\/\/i0.wp.com\/xn--uascoquetas-1db.co\/wp-content\/uploads\/2023\/09\/Laika-800-x-800_Mesa-de-trabajo-1.jpg?resize=350%2C200&ssl=1","width":350,"height":200,"srcset":"https:\/\/i0.wp.com\/xn--uascoquetas-1db.co\/wp-content\/uploads\/2023\/09\/Laika-800-x-800_Mesa-de-trabajo-1.jpg?resize=350%2C200&ssl=1 1x, https:\/\/i0.wp.com\/xn--uascoquetas-1db.co\/wp-content\/uploads\/2023\/09\/Laika-800-x-800_Mesa-de-trabajo-1.jpg?resize=525%2C300&ssl=1 1.5x, https:\/\/i0.wp.com\/xn--uascoquetas-1db.co\/wp-content\/uploads\/2023\/09\/Laika-800-x-800_Mesa-de-trabajo-1.jpg?resize=700%2C400&ssl=1 2x"},"classes":[]},{"id":5193,"url":"https:\/\/xn--uascoquetas-1db.co\/?product=llamame-flor-placa-acrilica-h-la-cosedora","url_meta":{"origin":5145,"position":4},"title":"Ll\u00e1mame Flor &#8211; Placa acr\u00edlica &#8211; H la Cosedora","author":"U\u00f1as Coquetas","date":"24\/09\/2023","format":false,"excerpt":"Placa acr\u00edlica para estampar u\u00f1as, marca Colombiana H la Cosedora con hermosas figuras de flores","rel":"","context":"Entrada similar","block_context":{"text":"Entrada similar","link":""},"img":{"alt_text":"Ll\u00e1mame flor H la Cosedora","src":"https:\/\/i0.wp.com\/xn--uascoquetas-1db.co\/wp-content\/uploads\/2023\/09\/Llamame-flor-800-x800_Mesa-de-trabajo-1.jpg?resize=350%2C200&ssl=1","width":350,"height":200,"srcset":"https:\/\/i0.wp.com\/xn--uascoquetas-1db.co\/wp-content\/uploads\/2023\/09\/Llamame-flor-800-x800_Mesa-de-trabajo-1.jpg?resize=350%2C200&ssl=1 1x, https:\/\/i0.wp.com\/xn--uascoquetas-1db.co\/wp-content\/uploads\/2023\/09\/Llamame-flor-800-x800_Mesa-de-trabajo-1.jpg?resize=525%2C300&ssl=1 1.5x, https:\/\/i0.wp.com\/xn--uascoquetas-1db.co\/wp-content\/uploads\/2023\/09\/Llamame-flor-800-x800_Mesa-de-trabajo-1.jpg?resize=700%2C400&ssl=1 2x"},"classes":[]},{"id":5211,"url":"https:\/\/xn--uascoquetas-1db.co\/?product=ugly-sweater-placa-acrilica-h-la-cosedora","url_meta":{"origin":5145,"position":5},"title":"Ugly Sweater &#8211; Placa acr\u00edlica &#8211; H la Cosedora","author":"U\u00f1as Coquetas","date":"24\/09\/2023","format":false,"excerpt":"Placa acr\u00edlica para estampar u\u00f1as, marca Colombiana H la Cosedora con hermosas figuras de navidad","rel":"","context":"Entrada similar","block_context":{"text":"Entrada similar","link":""},"img":{"alt_text":"Ugly Sweater H la Cosedora","src":"https:\/\/i0.wp.com\/xn--uascoquetas-1db.co\/wp-content\/uploads\/2023\/09\/Ugly-Sweater-800-x-800_Mesa-de-trabajo-1.jpg?resize=350%2C200&ssl=1","width":350,"height":200,"srcset":"https:\/\/i0.wp.com\/xn--uascoquetas-1db.co\/wp-content\/uploads\/2023\/09\/Ugly-Sweater-800-x-800_Mesa-de-trabajo-1.jpg?resize=350%2C200&ssl=1 1x, https:\/\/i0.wp.com\/xn--uascoquetas-1db.co\/wp-content\/uploads\/2023\/09\/Ugly-Sweater-800-x-800_Mesa-de-trabajo-1.jpg?resize=525%2C300&ssl=1 1.5x, https:\/\/i0.wp.com\/xn--uascoquetas-1db.co\/wp-content\/uploads\/2023\/09\/Ugly-Sweater-800-x-800_Mesa-de-trabajo-1.jpg?resize=700%2C400&ssl=1 2x"},"classes":[]}],"_links":{"self":[{"href":"https:\/\/xn--uascoquetas-1db.co\/index.php?rest_route=\/wp\/v2\/product\/5145","targetHints":{"allow":["GET"]}}],"collection":[{"href":"https:\/\/xn--uascoquetas-1db.co\/index.php?rest_route=\/wp\/v2\/product"}],"about":[{"href":"https:\/\/xn--uascoquetas-1db.co\/index.php?rest_route=\/wp\/v2\/types\/product"}],"replies":[{"embeddable":true,"href":"https:\/\/xn--uascoquetas-1db.co\/index.php?rest_route=%2Fwp%2Fv2%2Fcomments&post=5145"}],"wp:featuredmedia":[{"embeddable":true,"href":"https:\/\/xn--uascoquetas-1db.co\/index.php?rest_route=\/wp\/v2\/media\/5146"}],"wp:attachment":[{"href":"https:\/\/xn--uascoquetas-1db.co\/index.php?rest_route=%2Fwp%2Fv2%2Fmedia&parent=5145"}],"wp:term":[{"taxonomy":"product_brand","embeddable":true,"href":"https:\/\/xn--uascoquetas-1db.co\/index.php?rest_route=%2Fwp%2Fv2%2Fproduct_brand&post=5145"},{"taxonomy":"product_cat","embeddable":true,"href":"https:\/\/xn--uascoquetas-1db.co\/index.php?rest_route=%2Fwp%2Fv2%2Fproduct_cat&post=5145"},{"taxonomy":"product_tag","embeddable":true,"href":"https:\/\/xn--uascoquetas-1db.co\/index.php?rest_route=%2Fwp%2Fv2%2Fproduct_tag&post=5145"}],"curies":[{"name":"wp","href":"https:\/\/api.w.org\/{rel}","templated":true}]}}