{"id":5327,"date":"2023-09-26T18:16:11","date_gmt":"2023-09-26T23:16:11","guid":{"rendered":"https:\/\/xn--uascoquetas-1db.co\/?post_type=product&#038;p=5327"},"modified":"2025-06-24T10:07:22","modified_gmt":"2025-06-24T15:07:22","slug":"an-animados-03-placa-metalica-mundo-de-unas","status":"publish","type":"product","link":"https:\/\/xn--uascoquetas-1db.co\/?product=an-animados-03-placa-metalica-mundo-de-unas","title":{"rendered":"AN animados 03 &#8211; Placa met\u00e1lica &#8211; Mundo de U\u00f1as"},"content":{"rendered":"<p>Placa rectangular Marca mexicana Mundo de U\u00f1as<\/p>\n<h2>Descripci\u00f3n<\/h2>\n<p>Art\u00edculo completamente nuevo<\/p>\n<p>Una placa Rectangular<br \/>\nTama\u00f1o: 6 x 9 cm Aproximadamente<br \/>\nMaterial: Acero inoxidable<\/p>\n<h2>Recomendaciones<\/h2>\n<p>Es posible aplicar removedor. Si es muy grasoso, limpiar con un poco de alcohol para recoger el dise\u00f1o con mayor facilidad.<br \/>\nLa placa viene sola, no tiene el estampador ni el raspador. Puedes adquirirlos tambi\u00e9n en nuestra tienda.<\/p>\n<blockquote class=\"tiktok-embed\" cite=\"https:\/\/www.tiktok.com\/@unascoquetaz\/video\/7382725456975432966\" data-video-id=\"7382725456975432966\" data-embed-from=\"oembed\" style=\"max-width:605px; min-width:325px;\">\n<section> <a target=\"_blank\" title=\"@unascoquetaz\" href=\"https:\/\/www.tiktok.com\/@unascoquetaz?refer=embed\">@unascoquetaz<\/a> <\/p>\n<p>Tristeza infinita cuando me dicen que el sello (Estampador) no les levanta la figura.  Aunque pens\u00e1ndolo bien, m\u00e1s tristes las personas que no pueden hacerlo, a\u00fan con tanta informaci\u00f3n en internet y con nuestras redes disponibles siempre para aprender. \u00bfTu ya pudiste? <a title=\"nailartistsoftiktok\" target=\"_blank\" href=\"https:\/\/www.tiktok.com\/tag\/nailartistsoftiktok?refer=embed\">#nailartistsoftiktok<\/a> <a title=\"intensamente2\" target=\"_blank\" href=\"https:\/\/www.tiktok.com\/tag\/intensamente2?refer=embed\">#intensamente2<\/a> <a title=\"insideout\" target=\"_blank\" href=\"https:\/\/www.tiktok.com\/tag\/insideout?refer=embed\">#insideout<\/a> <\/p>\n<p> <a target=\"_blank\" title=\"\u266c sonido original - U\u00f1as Coquetas\" href=\"https:\/\/www.tiktok.com\/music\/sonido-original-7382725468766964486?refer=embed\">\u266c sonido original &#8211; U\u00f1as Coquetas<\/a> <\/section>\n<\/blockquote>\n<p> <script async src=\"https:\/\/www.tiktok.com\/embed.js\"><\/script><\/p>\n<p>&nbsp;<\/p>\n","protected":false},"excerpt":{"rendered":"<table width=\"225\">\n<tbody>\n<tr>\n<td width=\"225\">Placa met\u00e1lica para estampar u\u00f1as, marca Mexicana Mundo de U\u00f1as con hermosas figuras de variada, animales y mu\u00f1equitos<\/td>\n<\/tr>\n<\/tbody>\n<\/table>\n","protected":false},"featured_media":5328,"comment_status":"open","ping_status":"closed","template":"","meta":{"_regular_price":["19300"],"currency_symbol":[],"_uag_custom_page_level_css":""},"product_brand":[],"product_cat":[26,24],"product_tag":[100,39,156,134,41,133],"class_list":{"0":"post-5327","1":"product","2":"type-product","3":"status-publish","4":"has-post-thumbnail","6":"product_cat-mundo-de-unas","7":"product_cat-placas-de-estampar","8":"product_tag-animales","9":"product_tag-metalico","10":"product_tag-munequitos","11":"product_tag-placas","12":"product_tag-stamping","13":"product_tag-variada","14":"product_shipping_class-paquete-pequeno","16":"first","17":"instock","18":"purchasable","19":"product-type-simple"},"post_slider_layout_featured_media_urls":{"thumbnail":["https:\/\/xn--uascoquetas-1db.co\/wp-content\/uploads\/2023\/09\/AN-ANIMADOS-03-800X800_Mesa-de-trabajo-1-150x150.jpg",150,150,true],"post_slider_layout_landscape_large":["https:\/\/xn--uascoquetas-1db.co\/wp-content\/uploads\/2023\/09\/AN-ANIMADOS-03-800X800_Mesa-de-trabajo-1.jpg",800,800,false],"post_slider_layout_portrait_large":["https:\/\/xn--uascoquetas-1db.co\/wp-content\/uploads\/2023\/09\/AN-ANIMADOS-03-800X800_Mesa-de-trabajo-1.jpg",800,800,false],"post_slider_layout_square_large":["https:\/\/xn--uascoquetas-1db.co\/wp-content\/uploads\/2023\/09\/AN-ANIMADOS-03-800X800_Mesa-de-trabajo-1.jpg",800,800,false],"post_slider_layout_landscape":["https:\/\/xn--uascoquetas-1db.co\/wp-content\/uploads\/2023\/09\/AN-ANIMADOS-03-800X800_Mesa-de-trabajo-1.jpg",400,400,false],"post_slider_layout_portrait":["https:\/\/xn--uascoquetas-1db.co\/wp-content\/uploads\/2023\/09\/AN-ANIMADOS-03-800X800_Mesa-de-trabajo-1.jpg",600,600,false],"post_slider_layout_square":["https:\/\/xn--uascoquetas-1db.co\/wp-content\/uploads\/2023\/09\/AN-ANIMADOS-03-800X800_Mesa-de-trabajo-1.jpg",600,600,false],"full":["https:\/\/xn--uascoquetas-1db.co\/wp-content\/uploads\/2023\/09\/AN-ANIMADOS-03-800X800_Mesa-de-trabajo-1.jpg",800,800,false]},"uagb_featured_image_src":{"full":["https:\/\/xn--uascoquetas-1db.co\/wp-content\/uploads\/2023\/09\/AN-ANIMADOS-03-800X800_Mesa-de-trabajo-1.jpg",800,800,false],"thumbnail":["https:\/\/xn--uascoquetas-1db.co\/wp-content\/uploads\/2023\/09\/AN-ANIMADOS-03-800X800_Mesa-de-trabajo-1-150x150.jpg",150,150,true],"medium":["https:\/\/xn--uascoquetas-1db.co\/wp-content\/uploads\/2023\/09\/AN-ANIMADOS-03-800X800_Mesa-de-trabajo-1-300x300.jpg",300,300,true],"medium_large":["https:\/\/xn--uascoquetas-1db.co\/wp-content\/uploads\/2023\/09\/AN-ANIMADOS-03-800X800_Mesa-de-trabajo-1-768x768.jpg",640,640,true],"large":["https:\/\/xn--uascoquetas-1db.co\/wp-content\/uploads\/2023\/09\/AN-ANIMADOS-03-800X800_Mesa-de-trabajo-1.jpg",640,640,false],"1536x1536":["https:\/\/xn--uascoquetas-1db.co\/wp-content\/uploads\/2023\/09\/AN-ANIMADOS-03-800X800_Mesa-de-trabajo-1.jpg",800,800,false],"2048x2048":["https:\/\/xn--uascoquetas-1db.co\/wp-content\/uploads\/2023\/09\/AN-ANIMADOS-03-800X800_Mesa-de-trabajo-1.jpg",800,800,false],"post_slider_layout_landscape_large":["https:\/\/xn--uascoquetas-1db.co\/wp-content\/uploads\/2023\/09\/AN-ANIMADOS-03-800X800_Mesa-de-trabajo-1.jpg",800,800,false],"post_slider_layout_portrait_large":["https:\/\/xn--uascoquetas-1db.co\/wp-content\/uploads\/2023\/09\/AN-ANIMADOS-03-800X800_Mesa-de-trabajo-1.jpg",800,800,false],"post_slider_layout_square_large":["https:\/\/xn--uascoquetas-1db.co\/wp-content\/uploads\/2023\/09\/AN-ANIMADOS-03-800X800_Mesa-de-trabajo-1.jpg",800,800,false],"post_slider_layout_landscape":["https:\/\/xn--uascoquetas-1db.co\/wp-content\/uploads\/2023\/09\/AN-ANIMADOS-03-800X800_Mesa-de-trabajo-1.jpg",400,400,false],"post_slider_layout_portrait":["https:\/\/xn--uascoquetas-1db.co\/wp-content\/uploads\/2023\/09\/AN-ANIMADOS-03-800X800_Mesa-de-trabajo-1.jpg",600,600,false],"post_slider_layout_square":["https:\/\/xn--uascoquetas-1db.co\/wp-content\/uploads\/2023\/09\/AN-ANIMADOS-03-800X800_Mesa-de-trabajo-1.jpg",600,600,false],"vw-kids-homepage-thumb":["https:\/\/xn--uascoquetas-1db.co\/wp-content\/uploads\/2023\/09\/AN-ANIMADOS-03-800X800_Mesa-de-trabajo-1.jpg",145,145,false],"woocommerce_thumbnail":["https:\/\/xn--uascoquetas-1db.co\/wp-content\/uploads\/2023\/09\/AN-ANIMADOS-03-800X800_Mesa-de-trabajo-1-300x300.jpg",300,300,true],"woocommerce_single":["https:\/\/xn--uascoquetas-1db.co\/wp-content\/uploads\/2023\/09\/AN-ANIMADOS-03-800X800_Mesa-de-trabajo-1-600x600.jpg",600,600,true],"woocommerce_gallery_thumbnail":["https:\/\/xn--uascoquetas-1db.co\/wp-content\/uploads\/2023\/09\/AN-ANIMADOS-03-800X800_Mesa-de-trabajo-1-100x100.jpg",100,100,true],"variation_swatches_image_size":["https:\/\/xn--uascoquetas-1db.co\/wp-content\/uploads\/2023\/09\/AN-ANIMADOS-03-800X800_Mesa-de-trabajo-1.jpg",50,50,false],"variation_swatches_tooltip_size":["https:\/\/xn--uascoquetas-1db.co\/wp-content\/uploads\/2023\/09\/AN-ANIMADOS-03-800X800_Mesa-de-trabajo-1.jpg",100,100,false]},"uagb_author_info":{"display_name":"U\u00f1as Coquetas","author_link":"https:\/\/xn--uascoquetas-1db.co\/?author=0"},"uagb_comment_info":0,"uagb_excerpt":"Placa met\u00e1lica para estampar u\u00f1as, marca Mexicana Mundo de U\u00f1as con hermosas figuras de variada, animales y mu\u00f1equitos","jetpack_sharing_enabled":true,"jetpack-related-posts":[{"id":5457,"url":"https:\/\/xn--uascoquetas-1db.co\/?product=logos-1-placa-metalica-mundo-de-unas","url_meta":{"origin":5327,"position":0},"title":"Logos 1 &#8211; Placa met\u00e1lica &#8211; Mundo de U\u00f1as","author":"U\u00f1as Coquetas","date":"27\/09\/2023","format":false,"excerpt":"Placa met\u00e1lica para estampar u\u00f1as, marca Mexicana Mundo de U\u00f1as con hermosas figuras de Marcas","rel":"","context":"Entrada similar","block_context":{"text":"Entrada similar","link":""},"img":{"alt_text":"logos 1 mdu","src":"https:\/\/i0.wp.com\/xn--uascoquetas-1db.co\/wp-content\/uploads\/2023\/09\/LOGOS-1-800X800_Mesa-de-trabajo-1.jpg?resize=350%2C200&ssl=1","width":350,"height":200,"srcset":"https:\/\/i0.wp.com\/xn--uascoquetas-1db.co\/wp-content\/uploads\/2023\/09\/LOGOS-1-800X800_Mesa-de-trabajo-1.jpg?resize=350%2C200&ssl=1 1x, https:\/\/i0.wp.com\/xn--uascoquetas-1db.co\/wp-content\/uploads\/2023\/09\/LOGOS-1-800X800_Mesa-de-trabajo-1.jpg?resize=525%2C300&ssl=1 1.5x, https:\/\/i0.wp.com\/xn--uascoquetas-1db.co\/wp-content\/uploads\/2023\/09\/LOGOS-1-800X800_Mesa-de-trabajo-1.jpg?resize=700%2C400&ssl=1 2x"},"classes":[]},{"id":5459,"url":"https:\/\/xn--uascoquetas-1db.co\/?product=logos-2-placa-metalica-mundo-de-unas","url_meta":{"origin":5327,"position":1},"title":"Logos 2 &#8211; Placa met\u00e1lica &#8211; Mundo de U\u00f1as","author":"U\u00f1as Coquetas","date":"27\/09\/2023","format":false,"excerpt":"Placa met\u00e1lica para estampar u\u00f1as, marca Mexicana Mundo de U\u00f1as con hermosas figuras de Marcas","rel":"","context":"Entrada similar","block_context":{"text":"Entrada similar","link":""},"img":{"alt_text":"logos 2 mdu","src":"https:\/\/i0.wp.com\/xn--uascoquetas-1db.co\/wp-content\/uploads\/2023\/09\/LOGOS-2-800X800_Mesa-de-trabajo-1.jpg?resize=350%2C200&ssl=1","width":350,"height":200,"srcset":"https:\/\/i0.wp.com\/xn--uascoquetas-1db.co\/wp-content\/uploads\/2023\/09\/LOGOS-2-800X800_Mesa-de-trabajo-1.jpg?resize=350%2C200&ssl=1 1x, https:\/\/i0.wp.com\/xn--uascoquetas-1db.co\/wp-content\/uploads\/2023\/09\/LOGOS-2-800X800_Mesa-de-trabajo-1.jpg?resize=525%2C300&ssl=1 1.5x, https:\/\/i0.wp.com\/xn--uascoquetas-1db.co\/wp-content\/uploads\/2023\/09\/LOGOS-2-800X800_Mesa-de-trabajo-1.jpg?resize=700%2C400&ssl=1 2x"},"classes":[]},{"id":5461,"url":"https:\/\/xn--uascoquetas-1db.co\/?product=logos-3-placa-metalica-mundo-de-unas","url_meta":{"origin":5327,"position":2},"title":"Logos 3 &#8211; Placa met\u00e1lica &#8211; Mundo de U\u00f1as","author":"U\u00f1as Coquetas","date":"27\/09\/2023","format":false,"excerpt":"Placa met\u00e1lica para estampar u\u00f1as, marca Mexicana Mundo de U\u00f1as con hermosas figuras de Marcas","rel":"","context":"Entrada similar","block_context":{"text":"Entrada similar","link":""},"img":{"alt_text":"logos 3 mdu","src":"https:\/\/i0.wp.com\/xn--uascoquetas-1db.co\/wp-content\/uploads\/2023\/09\/LOGOS-3-800X800_Mesa-de-trabajo-1.jpg?resize=350%2C200&ssl=1","width":350,"height":200,"srcset":"https:\/\/i0.wp.com\/xn--uascoquetas-1db.co\/wp-content\/uploads\/2023\/09\/LOGOS-3-800X800_Mesa-de-trabajo-1.jpg?resize=350%2C200&ssl=1 1x, https:\/\/i0.wp.com\/xn--uascoquetas-1db.co\/wp-content\/uploads\/2023\/09\/LOGOS-3-800X800_Mesa-de-trabajo-1.jpg?resize=525%2C300&ssl=1 1.5x, https:\/\/i0.wp.com\/xn--uascoquetas-1db.co\/wp-content\/uploads\/2023\/09\/LOGOS-3-800X800_Mesa-de-trabajo-1.jpg?resize=700%2C400&ssl=1 2x"},"classes":[]},{"id":6268,"url":"https:\/\/xn--uascoquetas-1db.co\/?product=vz-84-brands-placa-metalica-mundo-de-unas","url_meta":{"origin":5327,"position":3},"title":"VZ 84 Brands &#8211; Placa met\u00e1lica &#8211; Mundo de U\u00f1as","author":"U\u00f1as Coquetas","date":"23\/10\/2023","format":false,"excerpt":"Placa met\u00e1lica para estampar u\u00f1as, marca Mexicana Mundo de U\u00f1as con hermosas figuras de marcas.","rel":"","context":"Entrada similar","block_context":{"text":"Entrada similar","link":""},"img":{"alt_text":"VZ 84 Brands Mundo de U\u00f1as","src":"https:\/\/i0.wp.com\/xn--uascoquetas-1db.co\/wp-content\/uploads\/2023\/10\/VZ-84-GUCCI-800x800_Mesa-de-trabajo-1.jpg?resize=350%2C200&ssl=1","width":350,"height":200,"srcset":"https:\/\/i0.wp.com\/xn--uascoquetas-1db.co\/wp-content\/uploads\/2023\/10\/VZ-84-GUCCI-800x800_Mesa-de-trabajo-1.jpg?resize=350%2C200&ssl=1 1x, https:\/\/i0.wp.com\/xn--uascoquetas-1db.co\/wp-content\/uploads\/2023\/10\/VZ-84-GUCCI-800x800_Mesa-de-trabajo-1.jpg?resize=525%2C300&ssl=1 1.5x, https:\/\/i0.wp.com\/xn--uascoquetas-1db.co\/wp-content\/uploads\/2023\/10\/VZ-84-GUCCI-800x800_Mesa-de-trabajo-1.jpg?resize=700%2C400&ssl=1 2x"},"classes":[]},{"id":10245,"url":"https:\/\/xn--uascoquetas-1db.co\/?product=az-nemo-placa-metalica-mundo-de-unas","url_meta":{"origin":5327,"position":4},"title":"AZ Nemo &#8211; Placa met\u00e1lica &#8211; Mundo de U\u00f1as","author":"U\u00f1as Coquetas","date":"15\/05\/2025","format":false,"excerpt":"Placa met\u00e1lica para estampar u\u00f1as, marca Mexicana Mundo de U\u00f1as con hermosas figuras de Disney pel\u00edcula Nemo, peces","rel":"","context":"Entrada similar","block_context":{"text":"Entrada similar","link":""},"img":{"alt_text":"","src":"https:\/\/i0.wp.com\/xn--uascoquetas-1db.co\/wp-content\/uploads\/2025\/05\/AZ-NEMO-800PX.jpg?resize=350%2C200&ssl=1","width":350,"height":200,"srcset":"https:\/\/i0.wp.com\/xn--uascoquetas-1db.co\/wp-content\/uploads\/2025\/05\/AZ-NEMO-800PX.jpg?resize=350%2C200&ssl=1 1x, https:\/\/i0.wp.com\/xn--uascoquetas-1db.co\/wp-content\/uploads\/2025\/05\/AZ-NEMO-800PX.jpg?resize=525%2C300&ssl=1 1.5x, https:\/\/i0.wp.com\/xn--uascoquetas-1db.co\/wp-content\/uploads\/2025\/05\/AZ-NEMO-800PX.jpg?resize=700%2C400&ssl=1 2x"},"classes":[]},{"id":9506,"url":"https:\/\/xn--uascoquetas-1db.co\/?product=an-retro-placa-metalica-mundo-de-unas","url_meta":{"origin":5327,"position":5},"title":"AN Retro &#8211; Placa met\u00e1lica &#8211; Mundo de U\u00f1as","author":"U\u00f1as Coquetas","date":"05\/12\/2024","format":false,"excerpt":"Placa met\u00e1lica para estampar u\u00f1as, marca Mexicana Mundo de U\u00f1as con hermosas figuras de m\u00fasica, baile, cultura retro.","rel":"","context":"Entrada similar","block_context":{"text":"Entrada similar","link":""},"img":{"alt_text":"","src":"https:\/\/i0.wp.com\/xn--uascoquetas-1db.co\/wp-content\/uploads\/2024\/12\/AN-RETRO_800PX.jpg?resize=350%2C200&ssl=1","width":350,"height":200,"srcset":"https:\/\/i0.wp.com\/xn--uascoquetas-1db.co\/wp-content\/uploads\/2024\/12\/AN-RETRO_800PX.jpg?resize=350%2C200&ssl=1 1x, https:\/\/i0.wp.com\/xn--uascoquetas-1db.co\/wp-content\/uploads\/2024\/12\/AN-RETRO_800PX.jpg?resize=525%2C300&ssl=1 1.5x, https:\/\/i0.wp.com\/xn--uascoquetas-1db.co\/wp-content\/uploads\/2024\/12\/AN-RETRO_800PX.jpg?resize=700%2C400&ssl=1 2x"},"classes":[]}],"_links":{"self":[{"href":"https:\/\/xn--uascoquetas-1db.co\/index.php?rest_route=\/wp\/v2\/product\/5327","targetHints":{"allow":["GET"]}}],"collection":[{"href":"https:\/\/xn--uascoquetas-1db.co\/index.php?rest_route=\/wp\/v2\/product"}],"about":[{"href":"https:\/\/xn--uascoquetas-1db.co\/index.php?rest_route=\/wp\/v2\/types\/product"}],"replies":[{"embeddable":true,"href":"https:\/\/xn--uascoquetas-1db.co\/index.php?rest_route=%2Fwp%2Fv2%2Fcomments&post=5327"}],"wp:featuredmedia":[{"embeddable":true,"href":"https:\/\/xn--uascoquetas-1db.co\/index.php?rest_route=\/wp\/v2\/media\/5328"}],"wp:attachment":[{"href":"https:\/\/xn--uascoquetas-1db.co\/index.php?rest_route=%2Fwp%2Fv2%2Fmedia&parent=5327"}],"wp:term":[{"taxonomy":"product_brand","embeddable":true,"href":"https:\/\/xn--uascoquetas-1db.co\/index.php?rest_route=%2Fwp%2Fv2%2Fproduct_brand&post=5327"},{"taxonomy":"product_cat","embeddable":true,"href":"https:\/\/xn--uascoquetas-1db.co\/index.php?rest_route=%2Fwp%2Fv2%2Fproduct_cat&post=5327"},{"taxonomy":"product_tag","embeddable":true,"href":"https:\/\/xn--uascoquetas-1db.co\/index.php?rest_route=%2Fwp%2Fv2%2Fproduct_tag&post=5327"}],"curies":[{"name":"wp","href":"https:\/\/api.w.org\/{rel}","templated":true}]}}