{"id":5642,"date":"2023-10-01T16:31:00","date_gmt":"2023-10-01T21:31:00","guid":{"rendered":"https:\/\/xn--uascoquetas-1db.co\/?post_type=product&#038;p=5642"},"modified":"2026-01-16T07:19:14","modified_gmt":"2026-01-16T12:19:14","slug":"tecnicolor-cuatro-tonos-esmalte-termocromatico-y-fotocromatico-secado-al-aire","status":"publish","type":"product","link":"https:\/\/xn--uascoquetas-1db.co\/?product=tecnicolor-cuatro-tonos-esmalte-termocromatico-y-fotocromatico-secado-al-aire","title":{"rendered":"Esmalte termocrom\u00e1tico y fotosensible (Cuatro tonos) &#8211; D&#8217;universe Colors"},"content":{"rendered":"<p>Esmalte que cambia de color con la temperatura corporal o de ambiente y con la luz ultravioleta o el sol.\u00a0 Hecho en Colombia. NO NECESITA L\u00c1MPARA.<\/p>\n<h2>Caracter\u00edsticas:<\/h2>\n<ul>\n<li>Presentaci\u00f3n: Botella de 12 ml<\/li>\n<li>Brocha plana.<\/li>\n<li>Fabricados en Colombia.<\/li>\n<li>20 free.<\/li>\n<li>Esmaltes tradicional: Termocrom\u00e1tico y fotosensible.<\/li>\n<li>Registro INVIMA NSOC22908-23CO<\/li>\n<\/ul>\n<h2>Aplicaci\u00f3n Tono Lyche:<\/h2>\n<p>Cambia de rosa a violeta, azul, nude y blanco, entre otros, debes usuarlo de la siguiente forma:<\/p>\n<ul>\n<li>Agite bien antes de usar.<\/li>\n<li>Desengrasa las u\u00f1as con alcohol o cleanser, para obtener mejores resultados de adherencia.<\/li>\n<li>Aplica una capa de tu base favorita.<\/li>\n<li>Aplica dos a tres capas de Lyche, dejando secar un poco entre capas.<\/li>\n<li>Aplica el brillo de tu preferencia. El brillo puede llegar a alterar el efecto de cambio con la luz ultravioleta si tiene filtros uv. En lugares de clima c\u00e1lido cambiar\u00e1n gracias al aire acondicionado o agua fr\u00eda.<\/li>\n<\/ul>\n<h2>Aplicaci\u00f3n Tono Tecnicolor:<\/h2>\n<p>Cambia de azul a violeta, magenta y deja ver el color de base, debes usuarlo de la siguiente forma:<\/p>\n<ul>\n<li>Agite bien antes de usar.<\/li>\n<li>Desengrasa las u\u00f1as con alcohol o cleanser, para obtener mejores resultados de adherencia.<\/li>\n<li>Aplica una capa de tu base favorita.<\/li>\n<li>Aplica una capa de un color de esmalte blanco, rosa, nude o tonos pastel.<\/li>\n<li>Aplica dos a tres capas de Tecnicolor, dejando secar un poco entre capas.<\/li>\n<li>Aplica el brillo de tu preferencia. El brillo puede llegar a alterar el efecto de cambio con la luz ultravioleta si tiene filtros uv. En lugares de clima c\u00e1lido cambiar\u00e1n gracias al aire acondicionado o agua fr\u00eda.<\/li>\n<\/ul>\n<blockquote class=\"tiktok-embed\" cite=\"https:\/\/www.tiktok.com\/@unascoquetaz\/video\/7488448954804260101\" data-video-id=\"7488448954804260101\" data-embed-from=\"oembed\" style=\"max-width:605px; min-width:325px;\">\n<section> <a target=\"_blank\" title=\"@unascoquetaz\" href=\"https:\/\/www.tiktok.com\/@unascoquetaz?refer=embed\">@unascoquetaz<\/a> <\/p>\n<p>\u00a1Este esmalte de @D&#8217;universe Colors se llama Lychee y es GENIAL!  Te cuento un poco de sus cambios de color: Cuando hace fr\u00edo y est\u00e1s en la sombra, se ve rosita. Cuando hace fr\u00edo, pero hace sol, se ve un mora azul oscuro. Cuando hace calor y estas en la sombra, se ve blanco. cuando hace calor y hace sol, se ve azul p\u00e1lido. Tener todos esos cambios de color en las manos en una experiencia bastante divertida, adem\u00e1s tambi\u00e9n puedes jugar con decoraciones en Stamping o mano alzada. Este hermoso tono y todos los dem\u00e1s de Duniverse tambi\u00e9n los puedes encontrar en nuestra tienda online, para mayor informaci\u00f3n, sigue el enlace de este video.  <a title=\"nailart\" target=\"_blank\" href=\"https:\/\/www.tiktok.com\/tag\/nailart?refer=embed\">#nailart<\/a> <a title=\"u\u00f1as\ud83d\udc85\" target=\"_blank\" href=\"https:\/\/www.tiktok.com\/tag\/u%C3%B1as%F0%9F%92%85?refer=embed\">#u\u00f1as\ud83d\udc85<\/a> <a title=\"esmaltes\" target=\"_blank\" href=\"https:\/\/www.tiktok.com\/tag\/esmaltes?refer=embed\">#esmaltes<\/a> <a title=\"nailpolish\" target=\"_blank\" href=\"https:\/\/www.tiktok.com\/tag\/nailpolish?refer=embed\">#nailpolish<\/a> <a title=\"naillove\" target=\"_blank\" href=\"https:\/\/www.tiktok.com\/tag\/naillove?refer=embed\">#naillove<\/a> <a title=\"naillovers\" target=\"_blank\" href=\"https:\/\/www.tiktok.com\/tag\/naillovers?refer=embed\">#naillovers<\/a> <a title=\"mujeresemprendedoras\" target=\"_blank\" href=\"https:\/\/www.tiktok.com\/tag\/mujeresemprendedoras?refer=embed\">#mujeresemprendedoras<\/a> <a title=\"u\u00f1aslindas\" target=\"_blank\" href=\"https:\/\/www.tiktok.com\/tag\/u%C3%B1aslindas?refer=embed\">#u\u00f1aslindas<\/a> <a title=\"creatorsearchinsights\" target=\"_blank\" href=\"https:\/\/www.tiktok.com\/tag\/creatorsearchinsights?refer=embed\">#creatorsearchinsights<\/a> <\/p>\n<p> <a target=\"_blank\" title=\"\u266c sonido original - U\u00f1as Coquetas\" href=\"https:\/\/www.tiktok.com\/music\/sonido-original-7488448965663345413?refer=embed\">\u266c sonido original &#8211; U\u00f1as Coquetas<\/a> <\/section>\n<\/blockquote>\n<p> <script async src=\"https:\/\/www.tiktok.com\/embed.js\"><\/script><\/p>\n<p>&nbsp;<\/p>\n","protected":false},"excerpt":{"rendered":"<table width=\"375\">\n<tbody>\n<tr>\n<td width=\"375\">Esmalte termocrom\u00e1tico y fotocrom\u00e1tico\u00a0 secado al aire marca Colombiana D&#8217;universe Colors, cambio a cuatro colores. Tonos Lychee y Tecnicolor.<\/td>\n<\/tr>\n<\/tbody>\n<\/table>\n<p>&nbsp;<\/p>\n","protected":false},"featured_media":9958,"comment_status":"open","ping_status":"closed","template":"","meta":{"_regular_price":[],"currency_symbol":[],"_uag_custom_page_level_css":""},"product_brand":[],"product_cat":[48,33],"product_tag":[184,182],"class_list":{"0":"post-5642","1":"product","2":"type-product","3":"status-publish","4":"has-post-thumbnail","6":"product_cat-efectos-especiales","7":"product_cat-esmaltes","8":"product_tag-fotocromatico","9":"product_tag-termocromatico","10":"product_shipping_class-paquete-pequeno","11":"pa_color-lychee","12":"pa_color-tecnicolor","14":"first","15":"instock","16":"purchasable","17":"product-type-variable"},"post_slider_layout_featured_media_urls":{"thumbnail":["https:\/\/xn--uascoquetas-1db.co\/wp-content\/uploads\/2023\/10\/Esmalte2-150x150.png",150,150,true],"post_slider_layout_landscape_large":["https:\/\/xn--uascoquetas-1db.co\/wp-content\/uploads\/2023\/10\/Esmalte2.png",600,601,false],"post_slider_layout_portrait_large":["https:\/\/xn--uascoquetas-1db.co\/wp-content\/uploads\/2023\/10\/Esmalte2.png",600,601,false],"post_slider_layout_square_large":["https:\/\/xn--uascoquetas-1db.co\/wp-content\/uploads\/2023\/10\/Esmalte2.png",600,601,false],"post_slider_layout_landscape":["https:\/\/xn--uascoquetas-1db.co\/wp-content\/uploads\/2023\/10\/Esmalte2-600x400.png",600,400,true],"post_slider_layout_portrait":["https:\/\/xn--uascoquetas-1db.co\/wp-content\/uploads\/2023\/10\/Esmalte2.png",600,601,false],"post_slider_layout_square":["https:\/\/xn--uascoquetas-1db.co\/wp-content\/uploads\/2023\/10\/Esmalte2.png",599,600,false],"full":["https:\/\/xn--uascoquetas-1db.co\/wp-content\/uploads\/2023\/10\/Esmalte2.png",600,601,false]},"uagb_featured_image_src":{"full":["https:\/\/xn--uascoquetas-1db.co\/wp-content\/uploads\/2023\/10\/Esmalte2.png",600,601,false],"thumbnail":["https:\/\/xn--uascoquetas-1db.co\/wp-content\/uploads\/2023\/10\/Esmalte2-150x150.png",150,150,true],"medium":["https:\/\/xn--uascoquetas-1db.co\/wp-content\/uploads\/2023\/10\/Esmalte2-300x300.png",300,300,true],"medium_large":["https:\/\/xn--uascoquetas-1db.co\/wp-content\/uploads\/2023\/10\/Esmalte2.png",600,601,false],"large":["https:\/\/xn--uascoquetas-1db.co\/wp-content\/uploads\/2023\/10\/Esmalte2.png",600,601,false],"1536x1536":["https:\/\/xn--uascoquetas-1db.co\/wp-content\/uploads\/2023\/10\/Esmalte2.png",600,601,false],"2048x2048":["https:\/\/xn--uascoquetas-1db.co\/wp-content\/uploads\/2023\/10\/Esmalte2.png",600,601,false],"post_slider_layout_landscape_large":["https:\/\/xn--uascoquetas-1db.co\/wp-content\/uploads\/2023\/10\/Esmalte2.png",600,601,false],"post_slider_layout_portrait_large":["https:\/\/xn--uascoquetas-1db.co\/wp-content\/uploads\/2023\/10\/Esmalte2.png",600,601,false],"post_slider_layout_square_large":["https:\/\/xn--uascoquetas-1db.co\/wp-content\/uploads\/2023\/10\/Esmalte2.png",600,601,false],"post_slider_layout_landscape":["https:\/\/xn--uascoquetas-1db.co\/wp-content\/uploads\/2023\/10\/Esmalte2-600x400.png",600,400,true],"post_slider_layout_portrait":["https:\/\/xn--uascoquetas-1db.co\/wp-content\/uploads\/2023\/10\/Esmalte2.png",600,601,false],"post_slider_layout_square":["https:\/\/xn--uascoquetas-1db.co\/wp-content\/uploads\/2023\/10\/Esmalte2.png",599,600,false],"vw-kids-homepage-thumb":["https:\/\/xn--uascoquetas-1db.co\/wp-content\/uploads\/2023\/10\/Esmalte2-240x145.png",240,145,true],"woocommerce_thumbnail":["https:\/\/xn--uascoquetas-1db.co\/wp-content\/uploads\/2023\/10\/Esmalte2-300x300.png",300,300,true],"woocommerce_single":["https:\/\/xn--uascoquetas-1db.co\/wp-content\/uploads\/2023\/10\/Esmalte2.png",600,601,false],"woocommerce_gallery_thumbnail":["https:\/\/xn--uascoquetas-1db.co\/wp-content\/uploads\/2023\/10\/Esmalte2-100x100.png",100,100,true],"variation_swatches_image_size":["https:\/\/xn--uascoquetas-1db.co\/wp-content\/uploads\/2023\/10\/Esmalte2-50x50.png",50,50,true],"variation_swatches_tooltip_size":["https:\/\/xn--uascoquetas-1db.co\/wp-content\/uploads\/2023\/10\/Esmalte2-100x100.png",100,100,true]},"uagb_author_info":{"display_name":"U\u00f1as Coquetas","author_link":"https:\/\/xn--uascoquetas-1db.co\/?author=0"},"uagb_comment_info":0,"uagb_excerpt":"Esmalte termocrom\u00e1tico y fotocrom\u00e1tico\u00a0 secado al aire marca Colombiana D'universe Colors, cambio a cuatro colores. Tonos Lychee y Tecnicolor. &nbsp;","jetpack_sharing_enabled":true,"jetpack-related-posts":[{"id":10554,"url":"https:\/\/xn--uascoquetas-1db.co\/?product=coleccion-alquimia-cosmica-secado-al-aire","url_meta":{"origin":5642,"position":0},"title":"Colecci\u00f3n Alquimia C\u00f3smica &#8211; Secado al aire","author":"U\u00f1as Coquetas","date":"16\/07\/2025","format":false,"excerpt":"Esmaltes con efectos, secado al aire marca Colombiana D'universe Colors tono Colecci\u00f3n No. 1 Termocrom\u00e1ticos","rel":"","context":"Entrada similar","block_context":{"text":"Entrada similar","link":""},"img":{"alt_text":"","src":"https:\/\/i0.wp.com\/xn--uascoquetas-1db.co\/wp-content\/uploads\/2025\/07\/Coleccion-cosmica-ML.jpg?resize=350%2C200&ssl=1","width":350,"height":200,"srcset":"https:\/\/i0.wp.com\/xn--uascoquetas-1db.co\/wp-content\/uploads\/2025\/07\/Coleccion-cosmica-ML.jpg?resize=350%2C200&ssl=1 1x, https:\/\/i0.wp.com\/xn--uascoquetas-1db.co\/wp-content\/uploads\/2025\/07\/Coleccion-cosmica-ML.jpg?resize=525%2C300&ssl=1 1.5x, https:\/\/i0.wp.com\/xn--uascoquetas-1db.co\/wp-content\/uploads\/2025\/07\/Coleccion-cosmica-ML.jpg?resize=700%2C400&ssl=1 2x"},"classes":[]},{"id":4603,"url":"https:\/\/xn--uascoquetas-1db.co\/?product=coleccion-esmaltes-termocromaticos-v1-duniverse-colors","url_meta":{"origin":5642,"position":1},"title":"Colecci\u00f3n esmaltes termocrom\u00e1ticos V1 \u2013 D\u2019universe Colors","author":"U\u00f1as Coquetas","date":"01\/09\/2023","format":false,"excerpt":"Esmaltes con efectos, secado al aire marca Colombiana D'universe Colors tono Colecci\u00f3n No. 1 Termocrom\u00e1ticos","rel":"","context":"Entrada similar","block_context":{"text":"Entrada similar","link":""},"img":{"alt_text":"Colecci\u00f3n termos Duniverse","src":"https:\/\/i0.wp.com\/xn--uascoquetas-1db.co\/wp-content\/uploads\/2023\/09\/101.-Coleccion-800x800_Mesa-de-trabajo-1_Mesa-de-trabajo-1.jpg?resize=350%2C200&ssl=1","width":350,"height":200,"srcset":"https:\/\/i0.wp.com\/xn--uascoquetas-1db.co\/wp-content\/uploads\/2023\/09\/101.-Coleccion-800x800_Mesa-de-trabajo-1_Mesa-de-trabajo-1.jpg?resize=350%2C200&ssl=1 1x, https:\/\/i0.wp.com\/xn--uascoquetas-1db.co\/wp-content\/uploads\/2023\/09\/101.-Coleccion-800x800_Mesa-de-trabajo-1_Mesa-de-trabajo-1.jpg?resize=525%2C300&ssl=1 1.5x, https:\/\/i0.wp.com\/xn--uascoquetas-1db.co\/wp-content\/uploads\/2023\/09\/101.-Coleccion-800x800_Mesa-de-trabajo-1_Mesa-de-trabajo-1.jpg?resize=700%2C400&ssl=1 2x"},"classes":[]},{"id":11372,"url":"https:\/\/xn--uascoquetas-1db.co\/?product=coleccion-superestrella-duniverse-colors","url_meta":{"origin":5642,"position":2},"title":"Colecci\u00f3n Superestrella Duniverse Colors","author":"U\u00f1as Coquetas","date":"16\/03\/2026","format":false,"excerpt":"Esmaltes con efectos, secado al aire marca Colombiana D'universe Colors Colecci\u00f3n No. Superestrella, con tonos ojo de gato y reflectivos.","rel":"","context":"Entrada similar","block_context":{"text":"Entrada similar","link":""},"img":{"alt_text":"","src":"https:\/\/i0.wp.com\/xn--uascoquetas-1db.co\/wp-content\/uploads\/2026\/03\/Coleccion.jpg?resize=350%2C200&ssl=1","width":350,"height":200,"srcset":"https:\/\/i0.wp.com\/xn--uascoquetas-1db.co\/wp-content\/uploads\/2026\/03\/Coleccion.jpg?resize=350%2C200&ssl=1 1x, https:\/\/i0.wp.com\/xn--uascoquetas-1db.co\/wp-content\/uploads\/2026\/03\/Coleccion.jpg?resize=525%2C300&ssl=1 1.5x, https:\/\/i0.wp.com\/xn--uascoquetas-1db.co\/wp-content\/uploads\/2026\/03\/Coleccion.jpg?resize=700%2C400&ssl=1 2x"},"classes":[]},{"id":8177,"url":"https:\/\/xn--uascoquetas-1db.co\/?product=esmaltes-termicos-de-secado-al-aire","url_meta":{"origin":5642,"position":3},"title":"Esmaltes t\u00e9rmicos de secado al aire","author":"U\u00f1as Coquetas","date":"24\/05\/2024","format":false,"excerpt":"Esmalte termocrom\u00e1tico y fotocrom\u00e1tico\u00a0 secado al aire marca Colombiana D'universe Colors tono Tecnicolor (Cuatro tonos) \u00a0","rel":"","context":"Entrada similar","block_context":{"text":"Entrada similar","link":""},"img":{"alt_text":"","src":"https:\/\/i0.wp.com\/xn--uascoquetas-1db.co\/wp-content\/uploads\/2024\/05\/Acepto_bf3c8958-b477-4e17-adaa-96eae3636274.webp?resize=350%2C200&ssl=1","width":350,"height":200,"srcset":"https:\/\/i0.wp.com\/xn--uascoquetas-1db.co\/wp-content\/uploads\/2024\/05\/Acepto_bf3c8958-b477-4e17-adaa-96eae3636274.webp?resize=350%2C200&ssl=1 1x, https:\/\/i0.wp.com\/xn--uascoquetas-1db.co\/wp-content\/uploads\/2024\/05\/Acepto_bf3c8958-b477-4e17-adaa-96eae3636274.webp?resize=525%2C300&ssl=1 1.5x"},"classes":[]},{"id":9231,"url":"https:\/\/xn--uascoquetas-1db.co\/?product=esmalte-fotosensible-cambia-de-color-con-el-sol-secado-al-aire","url_meta":{"origin":5642,"position":4},"title":"Esmalte fotosensible, cambia de color con el sol. &#8211; Secado al aire","author":"U\u00f1as Coquetas","date":"18\/10\/2024","format":false,"excerpt":"Esmalte de secado al aire marca Colombiana D'universe Colors, alumbran en la oscuridad.","rel":"","context":"Entrada similar","block_context":{"text":"Entrada similar","link":""},"img":{"alt_text":"","src":"https:\/\/i0.wp.com\/xn--uascoquetas-1db.co\/wp-content\/uploads\/2024\/05\/Suerte_1aa5852d-ab3d-4127-88d4-8ac8ae30bd6d.webp?resize=350%2C200&ssl=1","width":350,"height":200,"srcset":"https:\/\/i0.wp.com\/xn--uascoquetas-1db.co\/wp-content\/uploads\/2024\/05\/Suerte_1aa5852d-ab3d-4127-88d4-8ac8ae30bd6d.webp?resize=350%2C200&ssl=1 1x, https:\/\/i0.wp.com\/xn--uascoquetas-1db.co\/wp-content\/uploads\/2024\/05\/Suerte_1aa5852d-ab3d-4127-88d4-8ac8ae30bd6d.webp?resize=525%2C300&ssl=1 1.5x"},"classes":[]},{"id":6042,"url":"https:\/\/xn--uascoquetas-1db.co\/?product=valiente-menta-esmalte-de-secado-al-aire","url_meta":{"origin":5642,"position":5},"title":"Esmaltes fosforescentes alumbran en la oscuridad","author":"U\u00f1as Coquetas","date":"20\/10\/2023","format":false,"excerpt":"Esmalte de secado al aire marca Colombiana D'universe Colors, alumbran en la oscuridad.","rel":"","context":"Entrada similar","block_context":{"text":"Entrada similar","link":""},"img":{"alt_text":"","src":"https:\/\/i0.wp.com\/xn--uascoquetas-1db.co\/wp-content\/uploads\/2023\/10\/Aprecio-800px.jpg?resize=350%2C200&ssl=1","width":350,"height":200,"srcset":"https:\/\/i0.wp.com\/xn--uascoquetas-1db.co\/wp-content\/uploads\/2023\/10\/Aprecio-800px.jpg?resize=350%2C200&ssl=1 1x, https:\/\/i0.wp.com\/xn--uascoquetas-1db.co\/wp-content\/uploads\/2023\/10\/Aprecio-800px.jpg?resize=525%2C300&ssl=1 1.5x, https:\/\/i0.wp.com\/xn--uascoquetas-1db.co\/wp-content\/uploads\/2023\/10\/Aprecio-800px.jpg?resize=700%2C400&ssl=1 2x"},"classes":[]}],"_links":{"self":[{"href":"https:\/\/xn--uascoquetas-1db.co\/index.php?rest_route=\/wp\/v2\/product\/5642","targetHints":{"allow":["GET"]}}],"collection":[{"href":"https:\/\/xn--uascoquetas-1db.co\/index.php?rest_route=\/wp\/v2\/product"}],"about":[{"href":"https:\/\/xn--uascoquetas-1db.co\/index.php?rest_route=\/wp\/v2\/types\/product"}],"replies":[{"embeddable":true,"href":"https:\/\/xn--uascoquetas-1db.co\/index.php?rest_route=%2Fwp%2Fv2%2Fcomments&post=5642"}],"wp:featuredmedia":[{"embeddable":true,"href":"https:\/\/xn--uascoquetas-1db.co\/index.php?rest_route=\/wp\/v2\/media\/9958"}],"wp:attachment":[{"href":"https:\/\/xn--uascoquetas-1db.co\/index.php?rest_route=%2Fwp%2Fv2%2Fmedia&parent=5642"}],"wp:term":[{"taxonomy":"product_brand","embeddable":true,"href":"https:\/\/xn--uascoquetas-1db.co\/index.php?rest_route=%2Fwp%2Fv2%2Fproduct_brand&post=5642"},{"taxonomy":"product_cat","embeddable":true,"href":"https:\/\/xn--uascoquetas-1db.co\/index.php?rest_route=%2Fwp%2Fv2%2Fproduct_cat&post=5642"},{"taxonomy":"product_tag","embeddable":true,"href":"https:\/\/xn--uascoquetas-1db.co\/index.php?rest_route=%2Fwp%2Fv2%2Fproduct_tag&post=5642"}],"curies":[{"name":"wp","href":"https:\/\/api.w.org\/{rel}","templated":true}]}}