{"id":5655,"date":"2023-10-01T17:13:14","date_gmt":"2023-10-01T22:13:14","guid":{"rendered":"https:\/\/xn--uascoquetas-1db.co\/?post_type=product&#038;p=5655"},"modified":"2026-03-11T11:35:38","modified_gmt":"2026-03-11T16:35:38","slug":"coleccion-cosmica-esmalte-de-estampar","status":"publish","type":"product","link":"https:\/\/xn--uascoquetas-1db.co\/?product=coleccion-cosmica-esmalte-de-estampar","title":{"rendered":"Colecci\u00f3n c\u00f3smica &#8211; Esmalte de estampar"},"content":{"rendered":"<p>Set de seis (6) esmalte con excelente pigmentaci\u00f3n y textura, que permitir\u00e1n manejar la t\u00e9cnica de stamping con mayor facilidad.<\/p>\n<h2>CARACTER\u00cdSTICAS<\/h2>\n<p>&nbsp;<\/p>\n<p>Esmalte tradicional, no necesita l\u00e1mpara.<\/p>\n<p>Presentaci\u00f3n de 12 ml<br \/>\nBrocha curva<br \/>\nExcelente pigmentaci\u00f3n, para mejorar la nitidez de las figuras de stamping, especialmente en bases de tonos oscuros.<br \/>\n14 FREE \u2013 libres de 14 qu\u00edmicos que pueden afectar la salud.<br \/>\nProducto fabricado en Colombia<br \/>\nRegistro INVIMA NSOC68549-15 CO<\/p>\n<h2>Tonos de la colecci\u00f3n<\/h2>\n<p>Negro estelar<br \/>\nAzul medianoche<br \/>\nCobre el\u00edptico<br \/>\nCereza c\u00f3smica<br \/>\nVerde ori\u00f3n<br \/>\nMorado andr\u00f3meda<\/p>\n","protected":false},"excerpt":{"rendered":"<table width=\"375\">\n<tbody>\n<tr>\n<td width=\"375\">Esmalte de estampar marca Colombiana Ghelic tono Colecci\u00f3n c\u00f3smica<\/td>\n<\/tr>\n<\/tbody>\n<\/table>\n","protected":false},"featured_media":5656,"comment_status":"open","ping_status":"closed","template":"","meta":{"_regular_price":["53000"],"currency_symbol":[],"_uag_custom_page_level_css":""},"product_brand":[],"product_cat":[59,243],"product_tag":[41],"class_list":{"0":"post-5655","1":"product","2":"type-product","3":"status-publish","4":"has-post-thumbnail","6":"product_cat-kits-de-stamping","7":"product_cat-esmaltes-stamping","8":"product_tag-stamping","9":"product_shipping_class-paquete-pequeno","11":"first","12":"outofstock","13":"purchasable","14":"product-type-simple"},"post_slider_layout_featured_media_urls":{"thumbnail":["https:\/\/xn--uascoquetas-1db.co\/wp-content\/uploads\/2023\/10\/Coleccion-cosmica-01-150x150.jpg",150,150,true],"post_slider_layout_landscape_large":["https:\/\/xn--uascoquetas-1db.co\/wp-content\/uploads\/2023\/10\/Coleccion-cosmica-01.jpg",800,800,false],"post_slider_layout_portrait_large":["https:\/\/xn--uascoquetas-1db.co\/wp-content\/uploads\/2023\/10\/Coleccion-cosmica-01.jpg",1080,1080,false],"post_slider_layout_square_large":["https:\/\/xn--uascoquetas-1db.co\/wp-content\/uploads\/2023\/10\/Coleccion-cosmica-01.jpg",1080,1080,false],"post_slider_layout_landscape":["https:\/\/xn--uascoquetas-1db.co\/wp-content\/uploads\/2023\/10\/Coleccion-cosmica-01.jpg",400,400,false],"post_slider_layout_portrait":["https:\/\/xn--uascoquetas-1db.co\/wp-content\/uploads\/2023\/10\/Coleccion-cosmica-01.jpg",600,600,false],"post_slider_layout_square":["https:\/\/xn--uascoquetas-1db.co\/wp-content\/uploads\/2023\/10\/Coleccion-cosmica-01.jpg",600,600,false],"full":["https:\/\/xn--uascoquetas-1db.co\/wp-content\/uploads\/2023\/10\/Coleccion-cosmica-01.jpg",1080,1080,false]},"uagb_featured_image_src":{"full":["https:\/\/xn--uascoquetas-1db.co\/wp-content\/uploads\/2023\/10\/Coleccion-cosmica-01.jpg",1080,1080,false],"thumbnail":["https:\/\/xn--uascoquetas-1db.co\/wp-content\/uploads\/2023\/10\/Coleccion-cosmica-01-150x150.jpg",150,150,true],"medium":["https:\/\/xn--uascoquetas-1db.co\/wp-content\/uploads\/2023\/10\/Coleccion-cosmica-01-300x300.jpg",300,300,true],"medium_large":["https:\/\/xn--uascoquetas-1db.co\/wp-content\/uploads\/2023\/10\/Coleccion-cosmica-01-768x768.jpg",640,640,true],"large":["https:\/\/xn--uascoquetas-1db.co\/wp-content\/uploads\/2023\/10\/Coleccion-cosmica-01-1024x1024.jpg",640,640,true],"1536x1536":["https:\/\/xn--uascoquetas-1db.co\/wp-content\/uploads\/2023\/10\/Coleccion-cosmica-01.jpg",1080,1080,false],"2048x2048":["https:\/\/xn--uascoquetas-1db.co\/wp-content\/uploads\/2023\/10\/Coleccion-cosmica-01.jpg",1080,1080,false],"post_slider_layout_landscape_large":["https:\/\/xn--uascoquetas-1db.co\/wp-content\/uploads\/2023\/10\/Coleccion-cosmica-01.jpg",800,800,false],"post_slider_layout_portrait_large":["https:\/\/xn--uascoquetas-1db.co\/wp-content\/uploads\/2023\/10\/Coleccion-cosmica-01.jpg",1080,1080,false],"post_slider_layout_square_large":["https:\/\/xn--uascoquetas-1db.co\/wp-content\/uploads\/2023\/10\/Coleccion-cosmica-01.jpg",1080,1080,false],"post_slider_layout_landscape":["https:\/\/xn--uascoquetas-1db.co\/wp-content\/uploads\/2023\/10\/Coleccion-cosmica-01.jpg",400,400,false],"post_slider_layout_portrait":["https:\/\/xn--uascoquetas-1db.co\/wp-content\/uploads\/2023\/10\/Coleccion-cosmica-01.jpg",600,600,false],"post_slider_layout_square":["https:\/\/xn--uascoquetas-1db.co\/wp-content\/uploads\/2023\/10\/Coleccion-cosmica-01.jpg",600,600,false],"vw-kids-homepage-thumb":["https:\/\/xn--uascoquetas-1db.co\/wp-content\/uploads\/2023\/10\/Coleccion-cosmica-01.jpg",145,145,false],"woocommerce_thumbnail":["https:\/\/xn--uascoquetas-1db.co\/wp-content\/uploads\/2023\/10\/Coleccion-cosmica-01-300x300.jpg",300,300,true],"woocommerce_single":["https:\/\/xn--uascoquetas-1db.co\/wp-content\/uploads\/2023\/10\/Coleccion-cosmica-01-600x600.jpg",600,600,true],"woocommerce_gallery_thumbnail":["https:\/\/xn--uascoquetas-1db.co\/wp-content\/uploads\/2023\/10\/Coleccion-cosmica-01-100x100.jpg",100,100,true],"variation_swatches_image_size":["https:\/\/xn--uascoquetas-1db.co\/wp-content\/uploads\/2023\/10\/Coleccion-cosmica-01.jpg",50,50,false],"variation_swatches_tooltip_size":["https:\/\/xn--uascoquetas-1db.co\/wp-content\/uploads\/2023\/10\/Coleccion-cosmica-01.jpg",100,100,false]},"uagb_author_info":{"display_name":"U\u00f1as Coquetas","author_link":"https:\/\/xn--uascoquetas-1db.co\/?author=0"},"uagb_comment_info":0,"uagb_excerpt":"Esmalte de estampar marca Colombiana Ghelic tono Colecci\u00f3n c\u00f3smica","jetpack_sharing_enabled":true,"jetpack-related-posts":[{"id":5044,"url":"https:\/\/xn--uascoquetas-1db.co\/?product=esmalte-especial-para-estampar-cereza-cosmica-ghelic","url_meta":{"origin":5655,"position":0},"title":"Esmalte especial para estampar Cereza C\u00f3smica &#8211; Ghelic","author":"U\u00f1as Coquetas","date":"19\/09\/2023","format":false,"excerpt":"Esmalte especial para estampar de 12 ml marca colombiana Ghelic, con excelente pigmentaci\u00f3n.","rel":"","context":"Entrada similar","block_context":{"text":"Entrada similar","link":""},"img":{"alt_text":"Cereza C\u00f3smica Ghelic","src":"https:\/\/i0.wp.com\/xn--uascoquetas-1db.co\/wp-content\/uploads\/2023\/09\/Cereza-cosmica-2_Mesa-de-trabajo-1.jpg?resize=350%2C200&ssl=1","width":350,"height":200,"srcset":"https:\/\/i0.wp.com\/xn--uascoquetas-1db.co\/wp-content\/uploads\/2023\/09\/Cereza-cosmica-2_Mesa-de-trabajo-1.jpg?resize=350%2C200&ssl=1 1x, https:\/\/i0.wp.com\/xn--uascoquetas-1db.co\/wp-content\/uploads\/2023\/09\/Cereza-cosmica-2_Mesa-de-trabajo-1.jpg?resize=525%2C300&ssl=1 1.5x"},"classes":[]},{"id":5666,"url":"https:\/\/xn--uascoquetas-1db.co\/?product=coleccion-vintage-esmalte-de-estampar","url_meta":{"origin":5655,"position":1},"title":"Colecci\u00f3n vintage &#8211; Esmalte de estampar","author":"U\u00f1as Coquetas","date":"01\/10\/2023","format":false,"excerpt":"Esmalte de estampar marca Colombiana Ghelic tono Colecci\u00f3n vintage","rel":"","context":"Entrada similar","block_context":{"text":"Entrada similar","link":""},"img":{"alt_text":"Colecci\u00f3n Vintage Ghelic","src":"https:\/\/i0.wp.com\/xn--uascoquetas-1db.co\/wp-content\/uploads\/2023\/10\/Coleccion-vintage-01.jpg?resize=350%2C200&ssl=1","width":350,"height":200,"srcset":"https:\/\/i0.wp.com\/xn--uascoquetas-1db.co\/wp-content\/uploads\/2023\/10\/Coleccion-vintage-01.jpg?resize=350%2C200&ssl=1 1x, https:\/\/i0.wp.com\/xn--uascoquetas-1db.co\/wp-content\/uploads\/2023\/10\/Coleccion-vintage-01.jpg?resize=525%2C300&ssl=1 1.5x, https:\/\/i0.wp.com\/xn--uascoquetas-1db.co\/wp-content\/uploads\/2023\/10\/Coleccion-vintage-01.jpg?resize=700%2C400&ssl=1 2x, https:\/\/i0.wp.com\/xn--uascoquetas-1db.co\/wp-content\/uploads\/2023\/10\/Coleccion-vintage-01.jpg?resize=1050%2C600&ssl=1 3x"},"classes":[]},{"id":7591,"url":"https:\/\/xn--uascoquetas-1db.co\/?product=coleccion-invencible-limitada-esmalte-de-estampar","url_meta":{"origin":5655,"position":2},"title":"Colecci\u00f3n invencible Limitada &#8211; Esmalte de estampar","author":"U\u00f1as Coquetas","date":"15\/03\/2024","format":false,"excerpt":"Esmalte de estampar marca Colombiana Ghelic tono Colecci\u00f3n Invencible","rel":"","context":"Entrada similar","block_context":{"text":"Entrada similar","link":""},"img":{"alt_text":"Colecci\u00f3n invencible Ghelic","src":"https:\/\/i0.wp.com\/xn--uascoquetas-1db.co\/wp-content\/uploads\/2024\/03\/Invencible_800-px.jpg?resize=350%2C200&ssl=1","width":350,"height":200,"srcset":"https:\/\/i0.wp.com\/xn--uascoquetas-1db.co\/wp-content\/uploads\/2024\/03\/Invencible_800-px.jpg?resize=350%2C200&ssl=1 1x, https:\/\/i0.wp.com\/xn--uascoquetas-1db.co\/wp-content\/uploads\/2024\/03\/Invencible_800-px.jpg?resize=525%2C300&ssl=1 1.5x, https:\/\/i0.wp.com\/xn--uascoquetas-1db.co\/wp-content\/uploads\/2024\/03\/Invencible_800-px.jpg?resize=700%2C400&ssl=1 2x"},"classes":[]},{"id":5659,"url":"https:\/\/xn--uascoquetas-1db.co\/?product=coleccion-neon-esmalte-de-estampar","url_meta":{"origin":5655,"position":3},"title":"Colecci\u00f3n ne\u00f3n &#8211; Esmalte de estampar","author":"U\u00f1as Coquetas","date":"01\/10\/2023","format":false,"excerpt":"Esmalte de estampar marca Colombiana Ghelic tono Colecci\u00f3n ne\u00f3n","rel":"","context":"Entrada similar","block_context":{"text":"Entrada similar","link":""},"img":{"alt_text":"Colecci\u00f3n ne\u00f3n Ghelic","src":"https:\/\/i0.wp.com\/xn--uascoquetas-1db.co\/wp-content\/uploads\/2023\/10\/Coleccion-neon-01.jpg?resize=350%2C200&ssl=1","width":350,"height":200,"srcset":"https:\/\/i0.wp.com\/xn--uascoquetas-1db.co\/wp-content\/uploads\/2023\/10\/Coleccion-neon-01.jpg?resize=350%2C200&ssl=1 1x, https:\/\/i0.wp.com\/xn--uascoquetas-1db.co\/wp-content\/uploads\/2023\/10\/Coleccion-neon-01.jpg?resize=525%2C300&ssl=1 1.5x, https:\/\/i0.wp.com\/xn--uascoquetas-1db.co\/wp-content\/uploads\/2023\/10\/Coleccion-neon-01.jpg?resize=700%2C400&ssl=1 2x, https:\/\/i0.wp.com\/xn--uascoquetas-1db.co\/wp-content\/uploads\/2023\/10\/Coleccion-neon-01.jpg?resize=1050%2C600&ssl=1 3x"},"classes":[]},{"id":5661,"url":"https:\/\/xn--uascoquetas-1db.co\/?product=coleccion-pastel-esmalte-de-estampar","url_meta":{"origin":5655,"position":4},"title":"Colecci\u00f3n pastel &#8211; Esmalte de estampar","author":"U\u00f1as Coquetas","date":"01\/10\/2023","format":false,"excerpt":"Esmalte de estampar marca Colombiana Ghelic tono Colecci\u00f3n pastel","rel":"","context":"Entrada similar","block_context":{"text":"Entrada similar","link":""},"img":{"alt_text":"Colecci\u00f3n pastel Ghelic","src":"https:\/\/i0.wp.com\/xn--uascoquetas-1db.co\/wp-content\/uploads\/2023\/10\/Coleccion-pastel-01.jpg?resize=350%2C200&ssl=1","width":350,"height":200,"srcset":"https:\/\/i0.wp.com\/xn--uascoquetas-1db.co\/wp-content\/uploads\/2023\/10\/Coleccion-pastel-01.jpg?resize=350%2C200&ssl=1 1x, https:\/\/i0.wp.com\/xn--uascoquetas-1db.co\/wp-content\/uploads\/2023\/10\/Coleccion-pastel-01.jpg?resize=525%2C300&ssl=1 1.5x, https:\/\/i0.wp.com\/xn--uascoquetas-1db.co\/wp-content\/uploads\/2023\/10\/Coleccion-pastel-01.jpg?resize=700%2C400&ssl=1 2x, https:\/\/i0.wp.com\/xn--uascoquetas-1db.co\/wp-content\/uploads\/2023\/10\/Coleccion-pastel-01.jpg?resize=1050%2C600&ssl=1 3x"},"classes":[]},{"id":5653,"url":"https:\/\/xn--uascoquetas-1db.co\/?product=coleccion-complementaria-esmalte-de-estampar","url_meta":{"origin":5655,"position":5},"title":"Colecci\u00f3n complementaria &#8211; Esmalte de estampar","author":"U\u00f1as Coquetas","date":"01\/10\/2023","format":false,"excerpt":"Esmalte de estampar marca Colombiana Ghelic tono Colecci\u00f3n celebraciones","rel":"","context":"Entrada similar","block_context":{"text":"Entrada similar","link":""},"img":{"alt_text":"Colecci\u00f3n complementaria Ghelic","src":"https:\/\/i0.wp.com\/xn--uascoquetas-1db.co\/wp-content\/uploads\/2023\/10\/Coleccion-complementaria-01.jpg?resize=350%2C200&ssl=1","width":350,"height":200,"srcset":"https:\/\/i0.wp.com\/xn--uascoquetas-1db.co\/wp-content\/uploads\/2023\/10\/Coleccion-complementaria-01.jpg?resize=350%2C200&ssl=1 1x, https:\/\/i0.wp.com\/xn--uascoquetas-1db.co\/wp-content\/uploads\/2023\/10\/Coleccion-complementaria-01.jpg?resize=525%2C300&ssl=1 1.5x, https:\/\/i0.wp.com\/xn--uascoquetas-1db.co\/wp-content\/uploads\/2023\/10\/Coleccion-complementaria-01.jpg?resize=700%2C400&ssl=1 2x, https:\/\/i0.wp.com\/xn--uascoquetas-1db.co\/wp-content\/uploads\/2023\/10\/Coleccion-complementaria-01.jpg?resize=1050%2C600&ssl=1 3x"},"classes":[]}],"_links":{"self":[{"href":"https:\/\/xn--uascoquetas-1db.co\/index.php?rest_route=\/wp\/v2\/product\/5655","targetHints":{"allow":["GET"]}}],"collection":[{"href":"https:\/\/xn--uascoquetas-1db.co\/index.php?rest_route=\/wp\/v2\/product"}],"about":[{"href":"https:\/\/xn--uascoquetas-1db.co\/index.php?rest_route=\/wp\/v2\/types\/product"}],"replies":[{"embeddable":true,"href":"https:\/\/xn--uascoquetas-1db.co\/index.php?rest_route=%2Fwp%2Fv2%2Fcomments&post=5655"}],"wp:featuredmedia":[{"embeddable":true,"href":"https:\/\/xn--uascoquetas-1db.co\/index.php?rest_route=\/wp\/v2\/media\/5656"}],"wp:attachment":[{"href":"https:\/\/xn--uascoquetas-1db.co\/index.php?rest_route=%2Fwp%2Fv2%2Fmedia&parent=5655"}],"wp:term":[{"taxonomy":"product_brand","embeddable":true,"href":"https:\/\/xn--uascoquetas-1db.co\/index.php?rest_route=%2Fwp%2Fv2%2Fproduct_brand&post=5655"},{"taxonomy":"product_cat","embeddable":true,"href":"https:\/\/xn--uascoquetas-1db.co\/index.php?rest_route=%2Fwp%2Fv2%2Fproduct_cat&post=5655"},{"taxonomy":"product_tag","embeddable":true,"href":"https:\/\/xn--uascoquetas-1db.co\/index.php?rest_route=%2Fwp%2Fv2%2Fproduct_tag&post=5655"}],"curies":[{"name":"wp","href":"https:\/\/api.w.org\/{rel}","templated":true}]}}