{"id":5706,"date":"2023-10-02T18:34:52","date_gmt":"2023-10-02T23:34:52","guid":{"rendered":"https:\/\/xn--uascoquetas-1db.co\/?post_type=product&#038;p=5706"},"modified":"2025-12-24T22:22:53","modified_gmt":"2025-12-25T03:22:53","slug":"garra-limpieza-algodon-negra-garra-algodon","status":"publish","type":"product","link":"https:\/\/xn--uascoquetas-1db.co\/?product=garra-limpieza-algodon-negra-garra-algodon","title":{"rendered":"Garra Limpieza algod\u00f3n negra &#8211; Garra algod\u00f3n"},"content":{"rendered":"<p>Garra &#8211; Herramienta para limpieza de placas de stamping<\/p>\n<h1>Descripci\u00f3n<\/h1>\n<p>Art\u00edculo completamente nuevo<\/p>\n<p>Un (1) herramienta (garra) de manicure &#8211; No incluye algod\u00f3n<br \/>\nTama\u00f1o: 11,5 cm Aproximadamente de longitud<br \/>\nMaterial: Acero inoxidable.<\/p>\n<h3>\u00bfC\u00f3mo utilizar?<\/h3>\n<p>1.Presione la punta negra hacia abajo. La parte de la garra se abrir\u00e1 para mantener la bola de algod\u00f3n en su lugar.<br \/>\n2. Suelte la punta negra (garra) para asegurar la bola de algod\u00f3n y sum\u00e9rjala en el removedor de esmalte.<\/p>\n<h3>Usos:<\/h3>\n<p>Elimina el esmalte de las u\u00f1as r\u00e1pidamente, especialmente en las placas de estampar y sin da\u00f1ar el esmalte de tus u\u00f1as, pues nunca tocar\u00e1s el algod\u00f3n mojado.<br \/>\nHerramienta innovadora y f\u00e1cil de usar.<\/p>\n","protected":false},"excerpt":{"rendered":"<table width=\"375\">\n<tbody>\n<tr>\n<td width=\"375\">Garra algod\u00f3n marca Extranjera Gen\u00e9rica, para limpieza de las placas<\/td>\n<\/tr>\n<\/tbody>\n<\/table>\n","protected":false},"featured_media":5707,"comment_status":"open","ping_status":"closed","template":"","meta":{"_regular_price":[],"currency_symbol":[],"_uag_custom_page_level_css":""},"product_brand":[],"product_cat":[60,47],"product_tag":[188],"class_list":{"0":"post-5706","1":"product","2":"type-product","3":"status-publish","4":"has-post-thumbnail","6":"product_cat-auxiliares-para-estampar","7":"product_cat-materiales","8":"product_tag-materiales","9":"product_shipping_class-paquete-pequeno","10":"pa_color-bronce","11":"pa_color-dorado","12":"pa_color-negro","13":"pa_color-plateado","15":"first","16":"instock","17":"purchasable","18":"product-type-variable"},"post_slider_layout_featured_media_urls":{"thumbnail":["https:\/\/xn--uascoquetas-1db.co\/wp-content\/uploads\/2023\/10\/Negra-01-150x150.jpg",150,150,true],"post_slider_layout_landscape_large":["https:\/\/xn--uascoquetas-1db.co\/wp-content\/uploads\/2023\/10\/Negra-01.jpg",800,800,false],"post_slider_layout_portrait_large":["https:\/\/xn--uascoquetas-1db.co\/wp-content\/uploads\/2023\/10\/Negra-01.jpg",1080,1080,false],"post_slider_layout_square_large":["https:\/\/xn--uascoquetas-1db.co\/wp-content\/uploads\/2023\/10\/Negra-01.jpg",1080,1080,false],"post_slider_layout_landscape":["https:\/\/xn--uascoquetas-1db.co\/wp-content\/uploads\/2023\/10\/Negra-01.jpg",400,400,false],"post_slider_layout_portrait":["https:\/\/xn--uascoquetas-1db.co\/wp-content\/uploads\/2023\/10\/Negra-01.jpg",600,600,false],"post_slider_layout_square":["https:\/\/xn--uascoquetas-1db.co\/wp-content\/uploads\/2023\/10\/Negra-01.jpg",600,600,false],"full":["https:\/\/xn--uascoquetas-1db.co\/wp-content\/uploads\/2023\/10\/Negra-01.jpg",1080,1080,false]},"uagb_featured_image_src":{"full":["https:\/\/xn--uascoquetas-1db.co\/wp-content\/uploads\/2023\/10\/Negra-01.jpg",1080,1080,false],"thumbnail":["https:\/\/xn--uascoquetas-1db.co\/wp-content\/uploads\/2023\/10\/Negra-01-150x150.jpg",150,150,true],"medium":["https:\/\/xn--uascoquetas-1db.co\/wp-content\/uploads\/2023\/10\/Negra-01-300x300.jpg",300,300,true],"medium_large":["https:\/\/xn--uascoquetas-1db.co\/wp-content\/uploads\/2023\/10\/Negra-01-768x768.jpg",640,640,true],"large":["https:\/\/xn--uascoquetas-1db.co\/wp-content\/uploads\/2023\/10\/Negra-01-1024x1024.jpg",640,640,true],"1536x1536":["https:\/\/xn--uascoquetas-1db.co\/wp-content\/uploads\/2023\/10\/Negra-01.jpg",1080,1080,false],"2048x2048":["https:\/\/xn--uascoquetas-1db.co\/wp-content\/uploads\/2023\/10\/Negra-01.jpg",1080,1080,false],"post_slider_layout_landscape_large":["https:\/\/xn--uascoquetas-1db.co\/wp-content\/uploads\/2023\/10\/Negra-01.jpg",800,800,false],"post_slider_layout_portrait_large":["https:\/\/xn--uascoquetas-1db.co\/wp-content\/uploads\/2023\/10\/Negra-01.jpg",1080,1080,false],"post_slider_layout_square_large":["https:\/\/xn--uascoquetas-1db.co\/wp-content\/uploads\/2023\/10\/Negra-01.jpg",1080,1080,false],"post_slider_layout_landscape":["https:\/\/xn--uascoquetas-1db.co\/wp-content\/uploads\/2023\/10\/Negra-01.jpg",400,400,false],"post_slider_layout_portrait":["https:\/\/xn--uascoquetas-1db.co\/wp-content\/uploads\/2023\/10\/Negra-01.jpg",600,600,false],"post_slider_layout_square":["https:\/\/xn--uascoquetas-1db.co\/wp-content\/uploads\/2023\/10\/Negra-01.jpg",600,600,false],"vw-kids-homepage-thumb":["https:\/\/xn--uascoquetas-1db.co\/wp-content\/uploads\/2023\/10\/Negra-01.jpg",145,145,false],"woocommerce_thumbnail":["https:\/\/xn--uascoquetas-1db.co\/wp-content\/uploads\/2023\/10\/Negra-01-300x300.jpg",300,300,true],"woocommerce_single":["https:\/\/xn--uascoquetas-1db.co\/wp-content\/uploads\/2023\/10\/Negra-01-600x600.jpg",600,600,true],"woocommerce_gallery_thumbnail":["https:\/\/xn--uascoquetas-1db.co\/wp-content\/uploads\/2023\/10\/Negra-01-100x100.jpg",100,100,true],"variation_swatches_image_size":["https:\/\/xn--uascoquetas-1db.co\/wp-content\/uploads\/2023\/10\/Negra-01.jpg",50,50,false],"variation_swatches_tooltip_size":["https:\/\/xn--uascoquetas-1db.co\/wp-content\/uploads\/2023\/10\/Negra-01.jpg",100,100,false]},"uagb_author_info":{"display_name":"U\u00f1as Coquetas","author_link":"https:\/\/xn--uascoquetas-1db.co\/?author=0"},"uagb_comment_info":0,"uagb_excerpt":"Garra algod\u00f3n marca Extranjera Gen\u00e9rica, para limpieza de las placas","jetpack_sharing_enabled":true,"jetpack-related-posts":[{"id":9599,"url":"https:\/\/xn--uascoquetas-1db.co\/?product=anchetas-de-unas-regalo-para-mujer","url_meta":{"origin":5706,"position":0},"title":"Anchetas de u\u00f1as &#8211; Regalo para mujer","author":"U\u00f1as Coquetas","date":"19\/12\/2024","format":false,"excerpt":"Ancheta con productos de u\u00f1as, para regalar.","rel":"","context":"Entrada similar","block_context":{"text":"Entrada similar","link":""},"img":{"alt_text":"","src":"https:\/\/i0.wp.com\/xn--uascoquetas-1db.co\/wp-content\/uploads\/2024\/12\/Ancheta-unas1.jpg?resize=350%2C200&ssl=1","width":350,"height":200,"srcset":"https:\/\/i0.wp.com\/xn--uascoquetas-1db.co\/wp-content\/uploads\/2024\/12\/Ancheta-unas1.jpg?resize=350%2C200&ssl=1 1x, https:\/\/i0.wp.com\/xn--uascoquetas-1db.co\/wp-content\/uploads\/2024\/12\/Ancheta-unas1.jpg?resize=525%2C300&ssl=1 1.5x, https:\/\/i0.wp.com\/xn--uascoquetas-1db.co\/wp-content\/uploads\/2024\/12\/Ancheta-unas1.jpg?resize=700%2C400&ssl=1 2x"},"classes":[]},{"id":6801,"url":"https:\/\/xn--uascoquetas-1db.co\/?product=cleanser-body-and-nail-180-ml-desengrasante","url_meta":{"origin":5706,"position":1},"title":"Cleanser Body and Nail 180 ml &#8211; Desengrasante","author":"U\u00f1as Coquetas","date":"21\/11\/2023","format":false,"excerpt":"Desengrasante marca Colombiana Arobell - Cleanser Body and Nail 180 ml","rel":"","context":"Entrada similar","block_context":{"text":"Entrada similar","link":""},"img":{"alt_text":"101. Desengrasante.","src":"https:\/\/i0.wp.com\/xn--uascoquetas-1db.co\/wp-content\/uploads\/2023\/11\/101.-Desengrasante-800px_Mesa-de-trabajo-1.jpg?resize=350%2C200&ssl=1","width":350,"height":200,"srcset":"https:\/\/i0.wp.com\/xn--uascoquetas-1db.co\/wp-content\/uploads\/2023\/11\/101.-Desengrasante-800px_Mesa-de-trabajo-1.jpg?resize=350%2C200&ssl=1 1x, https:\/\/i0.wp.com\/xn--uascoquetas-1db.co\/wp-content\/uploads\/2023\/11\/101.-Desengrasante-800px_Mesa-de-trabajo-1.jpg?resize=525%2C300&ssl=1 1.5x, https:\/\/i0.wp.com\/xn--uascoquetas-1db.co\/wp-content\/uploads\/2023\/11\/101.-Desengrasante-800px_Mesa-de-trabajo-1.jpg?resize=700%2C400&ssl=1 2x"},"classes":[]},{"id":7954,"url":"https:\/\/xn--uascoquetas-1db.co\/?product=removedor-sin-acetona-125-ml-marylin","url_meta":{"origin":5706,"position":2},"title":"Removedor sin acetona 125 ml &#8211; Marylin","author":"U\u00f1as Coquetas","date":"25\/04\/2024","format":false,"excerpt":"Esmalte tradicional marca Colombiana Marylin, con aceite de ricino.","rel":"","context":"Entrada similar","block_context":{"text":"Entrada similar","link":""},"img":{"alt_text":"Removedor sin acetona 125 ml","src":"https:\/\/i0.wp.com\/xn--uascoquetas-1db.co\/wp-content\/uploads\/2024\/04\/Removedor-125-ml.jpg?resize=350%2C200&ssl=1","width":350,"height":200,"srcset":"https:\/\/i0.wp.com\/xn--uascoquetas-1db.co\/wp-content\/uploads\/2024\/04\/Removedor-125-ml.jpg?resize=350%2C200&ssl=1 1x, https:\/\/i0.wp.com\/xn--uascoquetas-1db.co\/wp-content\/uploads\/2024\/04\/Removedor-125-ml.jpg?resize=525%2C300&ssl=1 1.5x, https:\/\/i0.wp.com\/xn--uascoquetas-1db.co\/wp-content\/uploads\/2024\/04\/Removedor-125-ml.jpg?resize=700%2C400&ssl=1 2x"},"classes":[]},{"id":6804,"url":"https:\/\/xn--uascoquetas-1db.co\/?product=removedor-de-esmalte-vitamina-e-amarillo-220-ml-removedor-sin-acetona","url_meta":{"origin":5706,"position":3},"title":"Removedor de esmalte Vitamina E &#8211; Amarillo 220 ml &#8211; Removedor sin acetona","author":"U\u00f1as Coquetas","date":"21\/11\/2023","format":false,"excerpt":"Removedor sin acetona marca Colombiana Arobell - Removedor de esmalte Vitamina E - Amarillo 220 ml","rel":"","context":"Entrada similar","block_context":{"text":"Entrada similar","link":""},"img":{"alt_text":"102. Removedor amarillo","src":"https:\/\/i0.wp.com\/xn--uascoquetas-1db.co\/wp-content\/uploads\/2023\/11\/102.-Remov.-amarillo_Mesa-de-trabajo-1.jpg?resize=350%2C200&ssl=1","width":350,"height":200,"srcset":"https:\/\/i0.wp.com\/xn--uascoquetas-1db.co\/wp-content\/uploads\/2023\/11\/102.-Remov.-amarillo_Mesa-de-trabajo-1.jpg?resize=350%2C200&ssl=1 1x, https:\/\/i0.wp.com\/xn--uascoquetas-1db.co\/wp-content\/uploads\/2023\/11\/102.-Remov.-amarillo_Mesa-de-trabajo-1.jpg?resize=525%2C300&ssl=1 1.5x, https:\/\/i0.wp.com\/xn--uascoquetas-1db.co\/wp-content\/uploads\/2023\/11\/102.-Remov.-amarillo_Mesa-de-trabajo-1.jpg?resize=700%2C400&ssl=1 2x"},"classes":[]},{"id":6805,"url":"https:\/\/xn--uascoquetas-1db.co\/?product=removedor-de-esmalte-vitamina-e-verde-220-ml-removedor-sin-acetona","url_meta":{"origin":5706,"position":4},"title":"Removedor de esmalte Vitamina E &#8211; Verde 220 ml &#8211; Removedor sin acetona","author":"U\u00f1as Coquetas","date":"21\/11\/2023","format":false,"excerpt":"Removedor sin acetona marca Colombiana Arobell - Removedor de esmalte Vitamina E - Amarillo 220 ml","rel":"","context":"Entrada similar","block_context":{"text":"Entrada similar","link":""},"img":{"alt_text":"103. Removedor verde","src":"https:\/\/i0.wp.com\/xn--uascoquetas-1db.co\/wp-content\/uploads\/2023\/11\/103.-Removedor-verde_Mesa-de-trabajo-1.jpg?resize=350%2C200&ssl=1","width":350,"height":200,"srcset":"https:\/\/i0.wp.com\/xn--uascoquetas-1db.co\/wp-content\/uploads\/2023\/11\/103.-Removedor-verde_Mesa-de-trabajo-1.jpg?resize=350%2C200&ssl=1 1x, https:\/\/i0.wp.com\/xn--uascoquetas-1db.co\/wp-content\/uploads\/2023\/11\/103.-Removedor-verde_Mesa-de-trabajo-1.jpg?resize=525%2C300&ssl=1 1.5x, https:\/\/i0.wp.com\/xn--uascoquetas-1db.co\/wp-content\/uploads\/2023\/11\/103.-Removedor-verde_Mesa-de-trabajo-1.jpg?resize=700%2C400&ssl=1 2x"},"classes":[]},{"id":8034,"url":"https:\/\/xn--uascoquetas-1db.co\/?product=kit-principiante-010-juguetona-y-afortunada-set-para-estampar","url_meta":{"origin":5706,"position":5},"title":"Kit principiante &#8211; 010 Juguetona y afortunada &#8211; Set para estampar","author":"U\u00f1as Coquetas","date":"13\/05\/2024","format":false,"excerpt":"Set para estampar marca Colombiana U\u00f1as coquetas - Kit principiante - 010 Juguetona y afortunada","rel":"","context":"Entrada similar","block_context":{"text":"Entrada similar","link":""},"img":{"alt_text":"12114122","src":"https:\/\/i0.wp.com\/xn--uascoquetas-1db.co\/wp-content\/uploads\/2024\/05\/Kit-principiante-010.jpg?resize=350%2C200&ssl=1","width":350,"height":200,"srcset":"https:\/\/i0.wp.com\/xn--uascoquetas-1db.co\/wp-content\/uploads\/2024\/05\/Kit-principiante-010.jpg?resize=350%2C200&ssl=1 1x, https:\/\/i0.wp.com\/xn--uascoquetas-1db.co\/wp-content\/uploads\/2024\/05\/Kit-principiante-010.jpg?resize=525%2C300&ssl=1 1.5x, https:\/\/i0.wp.com\/xn--uascoquetas-1db.co\/wp-content\/uploads\/2024\/05\/Kit-principiante-010.jpg?resize=700%2C400&ssl=1 2x"},"classes":[]}],"_links":{"self":[{"href":"https:\/\/xn--uascoquetas-1db.co\/index.php?rest_route=\/wp\/v2\/product\/5706","targetHints":{"allow":["GET"]}}],"collection":[{"href":"https:\/\/xn--uascoquetas-1db.co\/index.php?rest_route=\/wp\/v2\/product"}],"about":[{"href":"https:\/\/xn--uascoquetas-1db.co\/index.php?rest_route=\/wp\/v2\/types\/product"}],"replies":[{"embeddable":true,"href":"https:\/\/xn--uascoquetas-1db.co\/index.php?rest_route=%2Fwp%2Fv2%2Fcomments&post=5706"}],"wp:featuredmedia":[{"embeddable":true,"href":"https:\/\/xn--uascoquetas-1db.co\/index.php?rest_route=\/wp\/v2\/media\/5707"}],"wp:attachment":[{"href":"https:\/\/xn--uascoquetas-1db.co\/index.php?rest_route=%2Fwp%2Fv2%2Fmedia&parent=5706"}],"wp:term":[{"taxonomy":"product_brand","embeddable":true,"href":"https:\/\/xn--uascoquetas-1db.co\/index.php?rest_route=%2Fwp%2Fv2%2Fproduct_brand&post=5706"},{"taxonomy":"product_cat","embeddable":true,"href":"https:\/\/xn--uascoquetas-1db.co\/index.php?rest_route=%2Fwp%2Fv2%2Fproduct_cat&post=5706"},{"taxonomy":"product_tag","embeddable":true,"href":"https:\/\/xn--uascoquetas-1db.co\/index.php?rest_route=%2Fwp%2Fv2%2Fproduct_tag&post=5706"}],"curies":[{"name":"wp","href":"https:\/\/api.w.org\/{rel}","templated":true}]}}