{"id":5719,"date":"2023-10-02T19:01:04","date_gmt":"2023-10-03T00:01:04","guid":{"rendered":"https:\/\/xn--uascoquetas-1db.co\/?post_type=product&#038;p=5719"},"modified":"2026-02-11T18:11:54","modified_gmt":"2026-02-11T23:11:54","slug":"estuche-plus-9x145-16-puestos-fucsia-organizador","status":"publish","type":"product","link":"https:\/\/xn--uascoquetas-1db.co\/?product=estuche-plus-9x145-16-puestos-fucsia-organizador","title":{"rendered":"Estuche Plus (9&#215;14,5) 16 puestos &#8211; Organizador"},"content":{"rendered":"<p>Estuche organizador de placas de estampar u\u00f1as<\/p>\n<h2>Descripci\u00f3n<\/h2>\n<p>Art\u00edculo completamente nuevo<\/p>\n<p>Un (1) estuche Placas de t\u00e9cnica Stamping &#8211; \u00datil para organizar las Placas de Stamping, dise\u00f1o simple y de moda, totalmente funcional y pr\u00e1ctico.<br \/>\nMaterial: Sint\u00e9tico<br \/>\nCapacidad: 16 ranuras individuales<br \/>\nTama\u00f1o por bolsillo: 16,5 cm x 10.5 cm aproximadamente.<\/p>\n<p>Nota: Es s\u00f3lo un organizador, est\u00e1 vac\u00edo y viene sin placas de Stamping.<\/p>\n<h3>Algunas de las marcas que pueden organizarse:<\/h3>\n<p>Konad rectangulares<br \/>\nZjoy rectangulares y Zjoy plus<\/p>\n<p>Las placas de H la Cosedora, pueden guardarse, pero solamente una por bolsillo, ya que son gruesas y quedan muy ajustadas si se ponen dos por bolsillo.<\/p>\n","protected":false},"excerpt":{"rendered":"<table width=\"375\">\n<tbody>\n<tr>\n<td width=\"375\">Organizador marca Extranjera Gen\u00e9rica, estuche morado, para placas grandes de 9 x 14,5<\/td>\n<\/tr>\n<\/tbody>\n<\/table>\n","protected":false},"featured_media":11265,"comment_status":"open","ping_status":"closed","template":"","meta":{"_regular_price":[],"currency_symbol":[],"_uag_custom_page_level_css":""},"product_brand":[],"product_cat":[180,47],"product_tag":[189],"class_list":{"0":"post-5719","1":"product","2":"type-product","3":"status-publish","4":"has-post-thumbnail","6":"product_cat-estuches","7":"product_cat-materiales","8":"product_tag-estuches","9":"product_shipping_class-paquete-pequeno","10":"pa_color-azul-celeste","11":"pa_color-fucsia","12":"pa_color-morado","14":"first","15":"instock","16":"purchasable","17":"product-type-variable"},"post_slider_layout_featured_media_urls":{"thumbnail":["https:\/\/xn--uascoquetas-1db.co\/wp-content\/uploads\/2026\/02\/E6A-Morado-2-150x150.png",150,150,true],"post_slider_layout_landscape_large":["https:\/\/xn--uascoquetas-1db.co\/wp-content\/uploads\/2026\/02\/E6A-Morado-2-1200x800.png",1200,800,true],"post_slider_layout_portrait_large":["https:\/\/xn--uascoquetas-1db.co\/wp-content\/uploads\/2026\/02\/E6A-Morado-2-1200x1800.png",1200,1800,true],"post_slider_layout_square_large":["https:\/\/xn--uascoquetas-1db.co\/wp-content\/uploads\/2026\/02\/E6A-Morado-2-1200x1200.png",1200,1200,true],"post_slider_layout_landscape":["https:\/\/xn--uascoquetas-1db.co\/wp-content\/uploads\/2026\/02\/E6A-Morado-2-600x400.png",600,400,true],"post_slider_layout_portrait":["https:\/\/xn--uascoquetas-1db.co\/wp-content\/uploads\/2026\/02\/E6A-Morado-2-600x900.png",600,900,true],"post_slider_layout_square":["https:\/\/xn--uascoquetas-1db.co\/wp-content\/uploads\/2026\/02\/E6A-Morado-2-600x600.png",600,600,true],"full":["https:\/\/xn--uascoquetas-1db.co\/wp-content\/uploads\/2026\/02\/E6A-Morado-2.png",2028,2028,false]},"uagb_featured_image_src":{"full":["https:\/\/xn--uascoquetas-1db.co\/wp-content\/uploads\/2026\/02\/E6A-Morado-2.png",2028,2028,false],"thumbnail":["https:\/\/xn--uascoquetas-1db.co\/wp-content\/uploads\/2026\/02\/E6A-Morado-2-150x150.png",150,150,true],"medium":["https:\/\/xn--uascoquetas-1db.co\/wp-content\/uploads\/2026\/02\/E6A-Morado-2-300x300.png",300,300,true],"medium_large":["https:\/\/xn--uascoquetas-1db.co\/wp-content\/uploads\/2026\/02\/E6A-Morado-2-768x768.png",640,640,true],"large":["https:\/\/xn--uascoquetas-1db.co\/wp-content\/uploads\/2026\/02\/E6A-Morado-2-1024x1024.png",640,640,true],"1536x1536":["https:\/\/xn--uascoquetas-1db.co\/wp-content\/uploads\/2026\/02\/E6A-Morado-2-1536x1536.png",1536,1536,true],"2048x2048":["https:\/\/xn--uascoquetas-1db.co\/wp-content\/uploads\/2026\/02\/E6A-Morado-2.png",2028,2028,false],"post_slider_layout_landscape_large":["https:\/\/xn--uascoquetas-1db.co\/wp-content\/uploads\/2026\/02\/E6A-Morado-2-1200x800.png",1200,800,true],"post_slider_layout_portrait_large":["https:\/\/xn--uascoquetas-1db.co\/wp-content\/uploads\/2026\/02\/E6A-Morado-2-1200x1800.png",1200,1800,true],"post_slider_layout_square_large":["https:\/\/xn--uascoquetas-1db.co\/wp-content\/uploads\/2026\/02\/E6A-Morado-2-1200x1200.png",1200,1200,true],"post_slider_layout_landscape":["https:\/\/xn--uascoquetas-1db.co\/wp-content\/uploads\/2026\/02\/E6A-Morado-2-600x400.png",600,400,true],"post_slider_layout_portrait":["https:\/\/xn--uascoquetas-1db.co\/wp-content\/uploads\/2026\/02\/E6A-Morado-2-600x900.png",600,900,true],"post_slider_layout_square":["https:\/\/xn--uascoquetas-1db.co\/wp-content\/uploads\/2026\/02\/E6A-Morado-2-600x600.png",600,600,true],"vw-kids-homepage-thumb":["https:\/\/xn--uascoquetas-1db.co\/wp-content\/uploads\/2026\/02\/E6A-Morado-2-240x145.png",240,145,true],"woocommerce_thumbnail":["https:\/\/xn--uascoquetas-1db.co\/wp-content\/uploads\/2026\/02\/E6A-Morado-2-300x300.png",300,300,true],"woocommerce_single":["https:\/\/xn--uascoquetas-1db.co\/wp-content\/uploads\/2026\/02\/E6A-Morado-2-600x600.png",600,600,true],"woocommerce_gallery_thumbnail":["https:\/\/xn--uascoquetas-1db.co\/wp-content\/uploads\/2026\/02\/E6A-Morado-2-100x100.png",100,100,true],"variation_swatches_image_size":["https:\/\/xn--uascoquetas-1db.co\/wp-content\/uploads\/2026\/02\/E6A-Morado-2-50x50.png",50,50,true],"variation_swatches_tooltip_size":["https:\/\/xn--uascoquetas-1db.co\/wp-content\/uploads\/2026\/02\/E6A-Morado-2-100x100.png",100,100,true]},"uagb_author_info":{"display_name":"U\u00f1as Coquetas","author_link":"https:\/\/xn--uascoquetas-1db.co\/?author=0"},"uagb_comment_info":0,"uagb_excerpt":"Organizador marca Extranjera Gen\u00e9rica, estuche morado, para placas grandes de 9 x 14,5","jetpack_sharing_enabled":true,"jetpack-related-posts":[{"id":5721,"url":"https:\/\/xn--uascoquetas-1db.co\/?product=estuche-plus-holo-9x145-16-puestos-organizador","url_meta":{"origin":5719,"position":0},"title":"Estuche Plus Holo (9&#215;14,5) 16 puestos &#8211; Organizador","author":"U\u00f1as Coquetas","date":"02\/10\/2023","format":false,"excerpt":"Organizador marca Extranjera Gen\u00e9rica, estuche hologr\u00e1fico para placas grandes de 9 x 14,5","rel":"","context":"Entrada similar","block_context":{"text":"Entrada similar","link":""},"img":{"alt_text":"Holo Plus","src":"https:\/\/i0.wp.com\/xn--uascoquetas-1db.co\/wp-content\/uploads\/2023\/10\/E6C-Portada.png?resize=350%2C200&ssl=1","width":350,"height":200,"srcset":"https:\/\/i0.wp.com\/xn--uascoquetas-1db.co\/wp-content\/uploads\/2023\/10\/E6C-Portada.png?resize=350%2C200&ssl=1 1x, https:\/\/i0.wp.com\/xn--uascoquetas-1db.co\/wp-content\/uploads\/2023\/10\/E6C-Portada.png?resize=525%2C300&ssl=1 1.5x, https:\/\/i0.wp.com\/xn--uascoquetas-1db.co\/wp-content\/uploads\/2023\/10\/E6C-Portada.png?resize=700%2C400&ssl=1 2x, https:\/\/i0.wp.com\/xn--uascoquetas-1db.co\/wp-content\/uploads\/2023\/10\/E6C-Portada.png?resize=1050%2C600&ssl=1 3x, https:\/\/i0.wp.com\/xn--uascoquetas-1db.co\/wp-content\/uploads\/2023\/10\/E6C-Portada.png?resize=1400%2C800&ssl=1 4x"},"classes":[]},{"id":6733,"url":"https:\/\/xn--uascoquetas-1db.co\/?product=estuche-plus-holo-9x145-16-puestos-promo-garaje","url_meta":{"origin":5719,"position":1},"title":"Estuche Plus Holo (9&#215;14,5) 16 puestos &#8211; Promo Garaje","author":"U\u00f1as Coquetas","date":"17\/11\/2023","format":false,"excerpt":"pRODUCTO EN VENTA DE GARAJE, SOLAMENTE HASTA AGOTAR EXISTENCIAS.","rel":"","context":"Entrada similar","block_context":{"text":"Entrada similar","link":""},"img":{"alt_text":"Holo Plus","src":"https:\/\/i0.wp.com\/xn--uascoquetas-1db.co\/wp-content\/uploads\/2023\/10\/E6C-Portada.png?resize=350%2C200&ssl=1","width":350,"height":200,"srcset":"https:\/\/i0.wp.com\/xn--uascoquetas-1db.co\/wp-content\/uploads\/2023\/10\/E6C-Portada.png?resize=350%2C200&ssl=1 1x, https:\/\/i0.wp.com\/xn--uascoquetas-1db.co\/wp-content\/uploads\/2023\/10\/E6C-Portada.png?resize=525%2C300&ssl=1 1.5x, https:\/\/i0.wp.com\/xn--uascoquetas-1db.co\/wp-content\/uploads\/2023\/10\/E6C-Portada.png?resize=700%2C400&ssl=1 2x, https:\/\/i0.wp.com\/xn--uascoquetas-1db.co\/wp-content\/uploads\/2023\/10\/E6C-Portada.png?resize=1050%2C600&ssl=1 3x, https:\/\/i0.wp.com\/xn--uascoquetas-1db.co\/wp-content\/uploads\/2023\/10\/E6C-Portada.png?resize=1400%2C800&ssl=1 4x"},"classes":[]},{"id":5724,"url":"https:\/\/xn--uascoquetas-1db.co\/?product=estuche-mediano-125-x8-20-puestos-morado-organizador","url_meta":{"origin":5719,"position":2},"title":"Estuche mediano (12,5 x8) 20 puestos &#8211; Organizador","author":"U\u00f1as Coquetas","date":"02\/10\/2023","format":false,"excerpt":"Organizador marca Extranjera Gen\u00e9rica, estuche fucsia mediano, placas de 6 x 12 cm","rel":"","context":"Entrada similar","block_context":{"text":"Entrada similar","link":""},"img":{"alt_text":"","src":"https:\/\/i0.wp.com\/xn--uascoquetas-1db.co\/wp-content\/uploads\/2023\/10\/Fucsia.png?resize=350%2C200&ssl=1","width":350,"height":200,"srcset":"https:\/\/i0.wp.com\/xn--uascoquetas-1db.co\/wp-content\/uploads\/2023\/10\/Fucsia.png?resize=350%2C200&ssl=1 1x, https:\/\/i0.wp.com\/xn--uascoquetas-1db.co\/wp-content\/uploads\/2023\/10\/Fucsia.png?resize=525%2C300&ssl=1 1.5x, https:\/\/i0.wp.com\/xn--uascoquetas-1db.co\/wp-content\/uploads\/2023\/10\/Fucsia.png?resize=700%2C400&ssl=1 2x"},"classes":[]},{"id":7450,"url":"https:\/\/xn--uascoquetas-1db.co\/?product=llavero-estuche-mini-placas-azul-organizador","url_meta":{"origin":5719,"position":3},"title":"Llavero estuche mini placas floral &#8211; Organizador","author":"U\u00f1as Coquetas","date":"21\/02\/2024","format":false,"excerpt":"Organizador marca Extranjera Gen\u00e9rica, estuche transparente para miniplacas","rel":"","context":"Entrada similar","block_context":{"text":"Entrada similar","link":""},"img":{"alt_text":"mini estuche azul","src":"https:\/\/i0.wp.com\/xn--uascoquetas-1db.co\/wp-content\/uploads\/2024\/02\/Azul_Mesa-de-trabajo-1.jpg?resize=350%2C200&ssl=1","width":350,"height":200,"srcset":"https:\/\/i0.wp.com\/xn--uascoquetas-1db.co\/wp-content\/uploads\/2024\/02\/Azul_Mesa-de-trabajo-1.jpg?resize=350%2C200&ssl=1 1x, https:\/\/i0.wp.com\/xn--uascoquetas-1db.co\/wp-content\/uploads\/2024\/02\/Azul_Mesa-de-trabajo-1.jpg?resize=525%2C300&ssl=1 1.5x, https:\/\/i0.wp.com\/xn--uascoquetas-1db.co\/wp-content\/uploads\/2024\/02\/Azul_Mesa-de-trabajo-1.jpg?resize=700%2C400&ssl=1 2x"},"classes":[]},{"id":9662,"url":"https:\/\/xn--uascoquetas-1db.co\/?product=llavero-estuche-mini-placas-liso-organizador","url_meta":{"origin":5719,"position":4},"title":"Llavero estuche mini placas liso- Organizador","author":"U\u00f1as Coquetas","date":"17\/01\/2025","format":false,"excerpt":"Organizador marca Extranjera Gen\u00e9rica, estuche para miniplacas","rel":"","context":"Entrada similar","block_context":{"text":"Entrada similar","link":""},"img":{"alt_text":"","src":"https:\/\/i0.wp.com\/xn--uascoquetas-1db.co\/wp-content\/uploads\/2025\/01\/Portada-llavero-morado-liso.jpg?resize=350%2C200&ssl=1","width":350,"height":200,"srcset":"https:\/\/i0.wp.com\/xn--uascoquetas-1db.co\/wp-content\/uploads\/2025\/01\/Portada-llavero-morado-liso.jpg?resize=350%2C200&ssl=1 1x, https:\/\/i0.wp.com\/xn--uascoquetas-1db.co\/wp-content\/uploads\/2025\/01\/Portada-llavero-morado-liso.jpg?resize=525%2C300&ssl=1 1.5x, https:\/\/i0.wp.com\/xn--uascoquetas-1db.co\/wp-content\/uploads\/2025\/01\/Portada-llavero-morado-liso.jpg?resize=700%2C400&ssl=1 2x"},"classes":[]},{"id":6652,"url":"https:\/\/xn--uascoquetas-1db.co\/?product=5-hojas-de-repuesto-para-estuche-holo-expandible-plus","url_meta":{"origin":5719,"position":5},"title":"5 hojas de repuesto para estuche holo expandible &#8211; plus","author":"U\u00f1as Coquetas","date":"03\/11\/2023","format":false,"excerpt":"Pack de repuesto de 5 hojas para Organizador plus expandible para placas de 9x14","rel":"","context":"Entrada similar","block_context":{"text":"Entrada similar","link":""},"img":{"alt_text":"pack 5 hojas de repuesto plus","src":"https:\/\/i0.wp.com\/xn--uascoquetas-1db.co\/wp-content\/uploads\/2023\/11\/Repuesto-estuche-plus-x5_Mesa-de-trabajo-1.jpg?resize=350%2C200&ssl=1","width":350,"height":200,"srcset":"https:\/\/i0.wp.com\/xn--uascoquetas-1db.co\/wp-content\/uploads\/2023\/11\/Repuesto-estuche-plus-x5_Mesa-de-trabajo-1.jpg?resize=350%2C200&ssl=1 1x, https:\/\/i0.wp.com\/xn--uascoquetas-1db.co\/wp-content\/uploads\/2023\/11\/Repuesto-estuche-plus-x5_Mesa-de-trabajo-1.jpg?resize=525%2C300&ssl=1 1.5x, https:\/\/i0.wp.com\/xn--uascoquetas-1db.co\/wp-content\/uploads\/2023\/11\/Repuesto-estuche-plus-x5_Mesa-de-trabajo-1.jpg?resize=700%2C400&ssl=1 2x"},"classes":[]}],"_links":{"self":[{"href":"https:\/\/xn--uascoquetas-1db.co\/index.php?rest_route=\/wp\/v2\/product\/5719","targetHints":{"allow":["GET"]}}],"collection":[{"href":"https:\/\/xn--uascoquetas-1db.co\/index.php?rest_route=\/wp\/v2\/product"}],"about":[{"href":"https:\/\/xn--uascoquetas-1db.co\/index.php?rest_route=\/wp\/v2\/types\/product"}],"replies":[{"embeddable":true,"href":"https:\/\/xn--uascoquetas-1db.co\/index.php?rest_route=%2Fwp%2Fv2%2Fcomments&post=5719"}],"wp:featuredmedia":[{"embeddable":true,"href":"https:\/\/xn--uascoquetas-1db.co\/index.php?rest_route=\/wp\/v2\/media\/11265"}],"wp:attachment":[{"href":"https:\/\/xn--uascoquetas-1db.co\/index.php?rest_route=%2Fwp%2Fv2%2Fmedia&parent=5719"}],"wp:term":[{"taxonomy":"product_brand","embeddable":true,"href":"https:\/\/xn--uascoquetas-1db.co\/index.php?rest_route=%2Fwp%2Fv2%2Fproduct_brand&post=5719"},{"taxonomy":"product_cat","embeddable":true,"href":"https:\/\/xn--uascoquetas-1db.co\/index.php?rest_route=%2Fwp%2Fv2%2Fproduct_cat&post=5719"},{"taxonomy":"product_tag","embeddable":true,"href":"https:\/\/xn--uascoquetas-1db.co\/index.php?rest_route=%2Fwp%2Fv2%2Fproduct_tag&post=5719"}],"curies":[{"name":"wp","href":"https:\/\/api.w.org\/{rel}","templated":true}]}}