{"id":5724,"date":"2023-10-02T19:05:09","date_gmt":"2023-10-03T00:05:09","guid":{"rendered":"https:\/\/xn--uascoquetas-1db.co\/?post_type=product&#038;p=5724"},"modified":"2026-04-28T11:49:45","modified_gmt":"2026-04-28T16:49:45","slug":"estuche-mediano-125-x8-20-puestos-morado-organizador","status":"publish","type":"product","link":"https:\/\/xn--uascoquetas-1db.co\/?product=estuche-mediano-125-x8-20-puestos-morado-organizador","title":{"rendered":"Estuche mediano (12,5 x8) 20 puestos &#8211; Organizador"},"content":{"rendered":"<p>Estuche organizador de placas de estampar u\u00f1as<\/p>\n<h2>Descripci\u00f3n<\/h2>\n<p>Art\u00edculo completamente nuevo<\/p>\n<p>Un (1) estuche Placas de t\u00e9cnica Stamping &#8211; \u00datil para organizar las Placas de Stamping, dise\u00f1o simple y de moda, totalmente funcional y pr\u00e1ctico.<\/p>\n<p>Material: Sint\u00e9tico<br \/>\nCapacidad: 20 ranuras individuales<br \/>\nTama\u00f1o por bolsillo: 6 cm x 12 cm aproximadamente.<\/p>\n<p>Nota: Es s\u00f3lo un organizador, est\u00e1 vac\u00edo y viene sin placas de Stamping.<\/p>\n<p>Algunas de las marcas que pueden organizarse:<br \/>\nU\u00f1as Coquetas<br \/>\nBorn Pretty rectangulares<br \/>\nBeauty Big Bang rectangulares<br \/>\nNicole Diary rectangulares<br \/>\nMouteen<br \/>\nPict you<\/p>\n<p>Tambi\u00e9n puedes usarlo para las placas de Magenta, solamente que ellas no van a cubrir toda el \u00e1rea del bolsillo dado que son m\u00e1s peque\u00f1as.<\/p>\n","protected":false},"excerpt":{"rendered":"<table width=\"375\">\n<tbody>\n<tr>\n<td width=\"375\">Organizador marca Extranjera Gen\u00e9rica, estuche fucsia mediano, placas de 6 x 12 cm<\/td>\n<\/tr>\n<\/tbody>\n<\/table>\n","protected":false},"featured_media":11131,"comment_status":"open","ping_status":"closed","template":"","meta":{"_regular_price":[],"currency_symbol":[],"_uag_custom_page_level_css":""},"product_brand":[],"product_cat":[180,47],"product_tag":[189],"class_list":{"0":"post-5724","1":"product","2":"type-product","3":"status-publish","4":"has-post-thumbnail","6":"product_cat-estuches","7":"product_cat-materiales","8":"product_tag-estuches","9":"product_shipping_class-paquete-pequeno","10":"pa_color-azul-celeste","11":"pa_color-fucsia","12":"pa_color-morado","14":"first","15":"instock","16":"purchasable","17":"product-type-variable"},"post_slider_layout_featured_media_urls":{"thumbnail":["https:\/\/xn--uascoquetas-1db.co\/wp-content\/uploads\/2023\/10\/Fucsia-150x150.png",150,150,true],"post_slider_layout_landscape_large":["https:\/\/xn--uascoquetas-1db.co\/wp-content\/uploads\/2023\/10\/Fucsia.png",800,800,false],"post_slider_layout_portrait_large":["https:\/\/xn--uascoquetas-1db.co\/wp-content\/uploads\/2023\/10\/Fucsia.png",800,800,false],"post_slider_layout_square_large":["https:\/\/xn--uascoquetas-1db.co\/wp-content\/uploads\/2023\/10\/Fucsia.png",800,800,false],"post_slider_layout_landscape":["https:\/\/xn--uascoquetas-1db.co\/wp-content\/uploads\/2023\/10\/Fucsia-600x400.png",600,400,true],"post_slider_layout_portrait":["https:\/\/xn--uascoquetas-1db.co\/wp-content\/uploads\/2023\/10\/Fucsia-600x800.png",600,800,true],"post_slider_layout_square":["https:\/\/xn--uascoquetas-1db.co\/wp-content\/uploads\/2023\/10\/Fucsia-600x600.png",600,600,true],"full":["https:\/\/xn--uascoquetas-1db.co\/wp-content\/uploads\/2023\/10\/Fucsia.png",800,800,false]},"uagb_featured_image_src":{"full":["https:\/\/xn--uascoquetas-1db.co\/wp-content\/uploads\/2023\/10\/Fucsia.png",800,800,false],"thumbnail":["https:\/\/xn--uascoquetas-1db.co\/wp-content\/uploads\/2023\/10\/Fucsia-150x150.png",150,150,true],"medium":["https:\/\/xn--uascoquetas-1db.co\/wp-content\/uploads\/2023\/10\/Fucsia-300x300.png",300,300,true],"medium_large":["https:\/\/xn--uascoquetas-1db.co\/wp-content\/uploads\/2023\/10\/Fucsia-768x768.png",640,640,true],"large":["https:\/\/xn--uascoquetas-1db.co\/wp-content\/uploads\/2023\/10\/Fucsia.png",640,640,false],"1536x1536":["https:\/\/xn--uascoquetas-1db.co\/wp-content\/uploads\/2023\/10\/Fucsia.png",800,800,false],"2048x2048":["https:\/\/xn--uascoquetas-1db.co\/wp-content\/uploads\/2023\/10\/Fucsia.png",800,800,false],"post_slider_layout_landscape_large":["https:\/\/xn--uascoquetas-1db.co\/wp-content\/uploads\/2023\/10\/Fucsia.png",800,800,false],"post_slider_layout_portrait_large":["https:\/\/xn--uascoquetas-1db.co\/wp-content\/uploads\/2023\/10\/Fucsia.png",800,800,false],"post_slider_layout_square_large":["https:\/\/xn--uascoquetas-1db.co\/wp-content\/uploads\/2023\/10\/Fucsia.png",800,800,false],"post_slider_layout_landscape":["https:\/\/xn--uascoquetas-1db.co\/wp-content\/uploads\/2023\/10\/Fucsia-600x400.png",600,400,true],"post_slider_layout_portrait":["https:\/\/xn--uascoquetas-1db.co\/wp-content\/uploads\/2023\/10\/Fucsia-600x800.png",600,800,true],"post_slider_layout_square":["https:\/\/xn--uascoquetas-1db.co\/wp-content\/uploads\/2023\/10\/Fucsia-600x600.png",600,600,true],"vw-kids-homepage-thumb":["https:\/\/xn--uascoquetas-1db.co\/wp-content\/uploads\/2023\/10\/Fucsia-240x145.png",240,145,true],"woocommerce_thumbnail":["https:\/\/xn--uascoquetas-1db.co\/wp-content\/uploads\/2023\/10\/Fucsia-300x300.png",300,300,true],"woocommerce_single":["https:\/\/xn--uascoquetas-1db.co\/wp-content\/uploads\/2023\/10\/Fucsia-600x600.png",600,600,true],"woocommerce_gallery_thumbnail":["https:\/\/xn--uascoquetas-1db.co\/wp-content\/uploads\/2023\/10\/Fucsia-100x100.png",100,100,true],"variation_swatches_image_size":["https:\/\/xn--uascoquetas-1db.co\/wp-content\/uploads\/2023\/10\/Fucsia-50x50.png",50,50,true],"variation_swatches_tooltip_size":["https:\/\/xn--uascoquetas-1db.co\/wp-content\/uploads\/2023\/10\/Fucsia-100x100.png",100,100,true]},"uagb_author_info":{"display_name":"U\u00f1as Coquetas","author_link":"https:\/\/xn--uascoquetas-1db.co\/?author=0"},"uagb_comment_info":0,"uagb_excerpt":"Organizador marca Extranjera Gen\u00e9rica, estuche fucsia mediano, placas de 6 x 12 cm","jetpack_sharing_enabled":true,"jetpack-related-posts":[{"id":5719,"url":"https:\/\/xn--uascoquetas-1db.co\/?product=estuche-plus-9x145-16-puestos-fucsia-organizador","url_meta":{"origin":5724,"position":0},"title":"Estuche Plus (9&#215;14,5) 16 puestos &#8211; Organizador","author":"U\u00f1as Coquetas","date":"02\/10\/2023","format":false,"excerpt":"Organizador marca Extranjera Gen\u00e9rica, estuche morado, para placas grandes de 9 x 14,5","rel":"","context":"Entrada similar","block_context":{"text":"Entrada similar","link":""},"img":{"alt_text":"","src":"https:\/\/i0.wp.com\/xn--uascoquetas-1db.co\/wp-content\/uploads\/2026\/02\/E6A-Morado-2.png?resize=350%2C200&ssl=1","width":350,"height":200,"srcset":"https:\/\/i0.wp.com\/xn--uascoquetas-1db.co\/wp-content\/uploads\/2026\/02\/E6A-Morado-2.png?resize=350%2C200&ssl=1 1x, https:\/\/i0.wp.com\/xn--uascoquetas-1db.co\/wp-content\/uploads\/2026\/02\/E6A-Morado-2.png?resize=525%2C300&ssl=1 1.5x, https:\/\/i0.wp.com\/xn--uascoquetas-1db.co\/wp-content\/uploads\/2026\/02\/E6A-Morado-2.png?resize=700%2C400&ssl=1 2x, https:\/\/i0.wp.com\/xn--uascoquetas-1db.co\/wp-content\/uploads\/2026\/02\/E6A-Morado-2.png?resize=1050%2C600&ssl=1 3x, https:\/\/i0.wp.com\/xn--uascoquetas-1db.co\/wp-content\/uploads\/2026\/02\/E6A-Morado-2.png?resize=1400%2C800&ssl=1 4x"},"classes":[]},{"id":5721,"url":"https:\/\/xn--uascoquetas-1db.co\/?product=estuche-plus-holo-9x145-16-puestos-organizador","url_meta":{"origin":5724,"position":1},"title":"Estuche Plus Holo (9&#215;14,5) 16 puestos &#8211; Organizador","author":"U\u00f1as Coquetas","date":"02\/10\/2023","format":false,"excerpt":"Organizador marca Extranjera Gen\u00e9rica, estuche hologr\u00e1fico para placas grandes de 9 x 14,5","rel":"","context":"Entrada similar","block_context":{"text":"Entrada similar","link":""},"img":{"alt_text":"Holo Plus","src":"https:\/\/i0.wp.com\/xn--uascoquetas-1db.co\/wp-content\/uploads\/2023\/10\/E6C-Portada.png?resize=350%2C200&ssl=1","width":350,"height":200,"srcset":"https:\/\/i0.wp.com\/xn--uascoquetas-1db.co\/wp-content\/uploads\/2023\/10\/E6C-Portada.png?resize=350%2C200&ssl=1 1x, https:\/\/i0.wp.com\/xn--uascoquetas-1db.co\/wp-content\/uploads\/2023\/10\/E6C-Portada.png?resize=525%2C300&ssl=1 1.5x, https:\/\/i0.wp.com\/xn--uascoquetas-1db.co\/wp-content\/uploads\/2023\/10\/E6C-Portada.png?resize=700%2C400&ssl=1 2x, https:\/\/i0.wp.com\/xn--uascoquetas-1db.co\/wp-content\/uploads\/2023\/10\/E6C-Portada.png?resize=1050%2C600&ssl=1 3x, https:\/\/i0.wp.com\/xn--uascoquetas-1db.co\/wp-content\/uploads\/2023\/10\/E6C-Portada.png?resize=1400%2C800&ssl=1 4x"},"classes":[]},{"id":6733,"url":"https:\/\/xn--uascoquetas-1db.co\/?product=estuche-plus-holo-9x145-16-puestos-promo-garaje","url_meta":{"origin":5724,"position":2},"title":"Estuche Plus Holo (9&#215;14,5) 16 puestos &#8211; Promo Garaje","author":"U\u00f1as Coquetas","date":"17\/11\/2023","format":false,"excerpt":"pRODUCTO EN VENTA DE GARAJE, SOLAMENTE HASTA AGOTAR EXISTENCIAS.","rel":"","context":"Entrada similar","block_context":{"text":"Entrada similar","link":""},"img":{"alt_text":"Holo Plus","src":"https:\/\/i0.wp.com\/xn--uascoquetas-1db.co\/wp-content\/uploads\/2023\/10\/E6C-Portada.png?resize=350%2C200&ssl=1","width":350,"height":200,"srcset":"https:\/\/i0.wp.com\/xn--uascoquetas-1db.co\/wp-content\/uploads\/2023\/10\/E6C-Portada.png?resize=350%2C200&ssl=1 1x, https:\/\/i0.wp.com\/xn--uascoquetas-1db.co\/wp-content\/uploads\/2023\/10\/E6C-Portada.png?resize=525%2C300&ssl=1 1.5x, https:\/\/i0.wp.com\/xn--uascoquetas-1db.co\/wp-content\/uploads\/2023\/10\/E6C-Portada.png?resize=700%2C400&ssl=1 2x, https:\/\/i0.wp.com\/xn--uascoquetas-1db.co\/wp-content\/uploads\/2023\/10\/E6C-Portada.png?resize=1050%2C600&ssl=1 3x, https:\/\/i0.wp.com\/xn--uascoquetas-1db.co\/wp-content\/uploads\/2023\/10\/E6C-Portada.png?resize=1400%2C800&ssl=1 4x"},"classes":[]},{"id":5728,"url":"https:\/\/xn--uascoquetas-1db.co\/?product=estuche-expand-mediano-morado-125-x73-20-puestos-organizador","url_meta":{"origin":5724,"position":3},"title":"Estuche expand. Mediano (12,5 x7,3) 20 puestos &#8211; Organizador","author":"U\u00f1as Coquetas","date":"02\/10\/2023","format":false,"excerpt":"Organizador marca Extranjera Gen\u00e9rica, estuche medianoexpandible para placas de 6 x 12","rel":"","context":"Entrada similar","block_context":{"text":"Entrada similar","link":""},"img":{"alt_text":"Estuche expandible morado","src":"https:\/\/i0.wp.com\/xn--uascoquetas-1db.co\/wp-content\/uploads\/2023\/10\/Expandible-morado-800x800_Mesa-de-trabajo-1.jpg?resize=350%2C200&ssl=1","width":350,"height":200,"srcset":"https:\/\/i0.wp.com\/xn--uascoquetas-1db.co\/wp-content\/uploads\/2023\/10\/Expandible-morado-800x800_Mesa-de-trabajo-1.jpg?resize=350%2C200&ssl=1 1x, https:\/\/i0.wp.com\/xn--uascoquetas-1db.co\/wp-content\/uploads\/2023\/10\/Expandible-morado-800x800_Mesa-de-trabajo-1.jpg?resize=525%2C300&ssl=1 1.5x, https:\/\/i0.wp.com\/xn--uascoquetas-1db.co\/wp-content\/uploads\/2023\/10\/Expandible-morado-800x800_Mesa-de-trabajo-1.jpg?resize=700%2C400&ssl=1 2x"},"classes":[]},{"id":11257,"url":"https:\/\/xn--uascoquetas-1db.co\/?product=estuche-expand-mediano-125-x73-20-puestos-organizador-copia","url_meta":{"origin":5724,"position":4},"title":"Estuche expandible Plus (14,5 x9,5) puestos","author":"U\u00f1as Coquetas","date":"11\/02\/2026","format":false,"excerpt":"Organizador marca Extranjera Gen\u00e9rica, estuche medianoexpandible para placas de 9x14 cm","rel":"","context":"Entrada similar","block_context":{"text":"Entrada similar","link":""},"img":{"alt_text":"","src":"https:\/\/i0.wp.com\/xn--uascoquetas-1db.co\/wp-content\/uploads\/2026\/02\/Plus-morado.jpg?resize=350%2C200&ssl=1","width":350,"height":200,"srcset":"https:\/\/i0.wp.com\/xn--uascoquetas-1db.co\/wp-content\/uploads\/2026\/02\/Plus-morado.jpg?resize=350%2C200&ssl=1 1x, https:\/\/i0.wp.com\/xn--uascoquetas-1db.co\/wp-content\/uploads\/2026\/02\/Plus-morado.jpg?resize=525%2C300&ssl=1 1.5x, https:\/\/i0.wp.com\/xn--uascoquetas-1db.co\/wp-content\/uploads\/2026\/02\/Plus-morado.jpg?resize=700%2C400&ssl=1 2x"},"classes":[]},{"id":5730,"url":"https:\/\/xn--uascoquetas-1db.co\/?product=estuche-expand-mediano-rosado-125-x73-20-puestos-organizador","url_meta":{"origin":5724,"position":5},"title":"Estuche expandible Plus (14,5 x9) 20 puestos &#8211; Organizador","author":"U\u00f1as Coquetas","date":"02\/10\/2023","format":false,"excerpt":"Organizador marca Extranjera Gen\u00e9rica, estuche plus expandible para placas de 9 x 14,5","rel":"","context":"Entrada similar","block_context":{"text":"Entrada similar","link":""},"img":{"alt_text":"","src":"https:\/\/i0.wp.com\/xn--uascoquetas-1db.co\/wp-content\/uploads\/2023\/10\/Sa1ad10042b8441dc9c1804da48f70778q.jpg?resize=350%2C200&ssl=1","width":350,"height":200,"srcset":"https:\/\/i0.wp.com\/xn--uascoquetas-1db.co\/wp-content\/uploads\/2023\/10\/Sa1ad10042b8441dc9c1804da48f70778q.jpg?resize=350%2C200&ssl=1 1x, https:\/\/i0.wp.com\/xn--uascoquetas-1db.co\/wp-content\/uploads\/2023\/10\/Sa1ad10042b8441dc9c1804da48f70778q.jpg?resize=525%2C300&ssl=1 1.5x, https:\/\/i0.wp.com\/xn--uascoquetas-1db.co\/wp-content\/uploads\/2023\/10\/Sa1ad10042b8441dc9c1804da48f70778q.jpg?resize=700%2C400&ssl=1 2x"},"classes":[]}],"_links":{"self":[{"href":"https:\/\/xn--uascoquetas-1db.co\/index.php?rest_route=\/wp\/v2\/product\/5724","targetHints":{"allow":["GET"]}}],"collection":[{"href":"https:\/\/xn--uascoquetas-1db.co\/index.php?rest_route=\/wp\/v2\/product"}],"about":[{"href":"https:\/\/xn--uascoquetas-1db.co\/index.php?rest_route=\/wp\/v2\/types\/product"}],"replies":[{"embeddable":true,"href":"https:\/\/xn--uascoquetas-1db.co\/index.php?rest_route=%2Fwp%2Fv2%2Fcomments&post=5724"}],"wp:featuredmedia":[{"embeddable":true,"href":"https:\/\/xn--uascoquetas-1db.co\/index.php?rest_route=\/wp\/v2\/media\/11131"}],"wp:attachment":[{"href":"https:\/\/xn--uascoquetas-1db.co\/index.php?rest_route=%2Fwp%2Fv2%2Fmedia&parent=5724"}],"wp:term":[{"taxonomy":"product_brand","embeddable":true,"href":"https:\/\/xn--uascoquetas-1db.co\/index.php?rest_route=%2Fwp%2Fv2%2Fproduct_brand&post=5724"},{"taxonomy":"product_cat","embeddable":true,"href":"https:\/\/xn--uascoquetas-1db.co\/index.php?rest_route=%2Fwp%2Fv2%2Fproduct_cat&post=5724"},{"taxonomy":"product_tag","embeddable":true,"href":"https:\/\/xn--uascoquetas-1db.co\/index.php?rest_route=%2Fwp%2Fv2%2Fproduct_tag&post=5724"}],"curies":[{"name":"wp","href":"https:\/\/api.w.org\/{rel}","templated":true}]}}