{"id":5728,"date":"2023-10-02T19:13:07","date_gmt":"2023-10-03T00:13:07","guid":{"rendered":"https:\/\/xn--uascoquetas-1db.co\/?post_type=product&#038;p=5728"},"modified":"2026-04-08T11:10:40","modified_gmt":"2026-04-08T16:10:40","slug":"estuche-expand-mediano-morado-125-x73-20-puestos-organizador","status":"publish","type":"product","link":"https:\/\/xn--uascoquetas-1db.co\/?product=estuche-expand-mediano-morado-125-x73-20-puestos-organizador","title":{"rendered":"Estuche expand. Mediano (12,5 x7,3) 20 puestos &#8211; Organizador"},"content":{"rendered":"<p>Espectacular estuche organizador de placas de estampar. Incluye 10 hojas doble faz (es decir caben 20 placas inicialmente).<\/p>\n<p>\u00datil para organizar las Placas de Stamping, dise\u00f1o hermoso, brillante y de moda, totalmente funcional y pr\u00e1ctico.<\/p>\n<h2>Caracter\u00edsticas<\/h2>\n<p>Material: Sint\u00e9tico con brillos hologr\u00e1ficos<br \/>\nPasta dura, para excelente duraci\u00f3n. Con costura y de excelente calidad.<br \/>\nCuenta con gancho para sacar e incluir hojas y ampliar la capacidad de placas.<br \/>\nCon la compra del estuche llevas 10 hojas.<\/p>\n<p>Nota: Es s\u00f3lo un organizador, est\u00e1 vac\u00edo y viene sin placas de Stamping.<\/p>\n<p>MARCAS DE PLACAS QUE PUEDES GUARDAR EN ESTE ESTUCHE<\/p>\n<p>Todas las placas de 6 x 12 cm, entre las que se incluyen las siguientes<\/p>\n<p>Placas de U\u00f1as Coquetas<br \/>\nPlacas Beauty Big Bang<br \/>\nPlacas Nicole Diary<br \/>\nSimilares<\/p>\n","protected":false},"excerpt":{"rendered":"<table width=\"375\">\n<tbody>\n<tr>\n<td width=\"375\">Organizador marca Extranjera Gen\u00e9rica, estuche medianoexpandible para placas de 6 x 12<\/td>\n<\/tr>\n<\/tbody>\n<\/table>\n","protected":false},"featured_media":5729,"comment_status":"open","ping_status":"closed","template":"","meta":{"_regular_price":[],"currency_symbol":[],"_uag_custom_page_level_css":""},"product_brand":[],"product_cat":[180,47],"product_tag":[189],"class_list":{"0":"post-5728","1":"product","2":"type-product","3":"status-publish","4":"has-post-thumbnail","6":"product_cat-estuches","7":"product_cat-materiales","8":"product_tag-estuches","9":"product_shipping_class-paquete-pequeno","11":"first","12":"instock","13":"purchasable","14":"product-type-variable"},"post_slider_layout_featured_media_urls":{"thumbnail":["https:\/\/xn--uascoquetas-1db.co\/wp-content\/uploads\/2023\/10\/Expandible-morado-800x800_Mesa-de-trabajo-1-150x150.jpg",150,150,true],"post_slider_layout_landscape_large":["https:\/\/xn--uascoquetas-1db.co\/wp-content\/uploads\/2023\/10\/Expandible-morado-800x800_Mesa-de-trabajo-1.jpg",800,800,false],"post_slider_layout_portrait_large":["https:\/\/xn--uascoquetas-1db.co\/wp-content\/uploads\/2023\/10\/Expandible-morado-800x800_Mesa-de-trabajo-1.jpg",800,800,false],"post_slider_layout_square_large":["https:\/\/xn--uascoquetas-1db.co\/wp-content\/uploads\/2023\/10\/Expandible-morado-800x800_Mesa-de-trabajo-1.jpg",800,800,false],"post_slider_layout_landscape":["https:\/\/xn--uascoquetas-1db.co\/wp-content\/uploads\/2023\/10\/Expandible-morado-800x800_Mesa-de-trabajo-1.jpg",400,400,false],"post_slider_layout_portrait":["https:\/\/xn--uascoquetas-1db.co\/wp-content\/uploads\/2023\/10\/Expandible-morado-800x800_Mesa-de-trabajo-1.jpg",600,600,false],"post_slider_layout_square":["https:\/\/xn--uascoquetas-1db.co\/wp-content\/uploads\/2023\/10\/Expandible-morado-800x800_Mesa-de-trabajo-1.jpg",600,600,false],"full":["https:\/\/xn--uascoquetas-1db.co\/wp-content\/uploads\/2023\/10\/Expandible-morado-800x800_Mesa-de-trabajo-1.jpg",800,800,false]},"uagb_featured_image_src":{"full":["https:\/\/xn--uascoquetas-1db.co\/wp-content\/uploads\/2023\/10\/Expandible-morado-800x800_Mesa-de-trabajo-1.jpg",800,800,false],"thumbnail":["https:\/\/xn--uascoquetas-1db.co\/wp-content\/uploads\/2023\/10\/Expandible-morado-800x800_Mesa-de-trabajo-1-150x150.jpg",150,150,true],"medium":["https:\/\/xn--uascoquetas-1db.co\/wp-content\/uploads\/2023\/10\/Expandible-morado-800x800_Mesa-de-trabajo-1-300x300.jpg",300,300,true],"medium_large":["https:\/\/xn--uascoquetas-1db.co\/wp-content\/uploads\/2023\/10\/Expandible-morado-800x800_Mesa-de-trabajo-1-768x768.jpg",640,640,true],"large":["https:\/\/xn--uascoquetas-1db.co\/wp-content\/uploads\/2023\/10\/Expandible-morado-800x800_Mesa-de-trabajo-1.jpg",640,640,false],"1536x1536":["https:\/\/xn--uascoquetas-1db.co\/wp-content\/uploads\/2023\/10\/Expandible-morado-800x800_Mesa-de-trabajo-1.jpg",800,800,false],"2048x2048":["https:\/\/xn--uascoquetas-1db.co\/wp-content\/uploads\/2023\/10\/Expandible-morado-800x800_Mesa-de-trabajo-1.jpg",800,800,false],"post_slider_layout_landscape_large":["https:\/\/xn--uascoquetas-1db.co\/wp-content\/uploads\/2023\/10\/Expandible-morado-800x800_Mesa-de-trabajo-1.jpg",800,800,false],"post_slider_layout_portrait_large":["https:\/\/xn--uascoquetas-1db.co\/wp-content\/uploads\/2023\/10\/Expandible-morado-800x800_Mesa-de-trabajo-1.jpg",800,800,false],"post_slider_layout_square_large":["https:\/\/xn--uascoquetas-1db.co\/wp-content\/uploads\/2023\/10\/Expandible-morado-800x800_Mesa-de-trabajo-1.jpg",800,800,false],"post_slider_layout_landscape":["https:\/\/xn--uascoquetas-1db.co\/wp-content\/uploads\/2023\/10\/Expandible-morado-800x800_Mesa-de-trabajo-1.jpg",400,400,false],"post_slider_layout_portrait":["https:\/\/xn--uascoquetas-1db.co\/wp-content\/uploads\/2023\/10\/Expandible-morado-800x800_Mesa-de-trabajo-1.jpg",600,600,false],"post_slider_layout_square":["https:\/\/xn--uascoquetas-1db.co\/wp-content\/uploads\/2023\/10\/Expandible-morado-800x800_Mesa-de-trabajo-1.jpg",600,600,false],"vw-kids-homepage-thumb":["https:\/\/xn--uascoquetas-1db.co\/wp-content\/uploads\/2023\/10\/Expandible-morado-800x800_Mesa-de-trabajo-1.jpg",145,145,false],"woocommerce_thumbnail":["https:\/\/xn--uascoquetas-1db.co\/wp-content\/uploads\/2023\/10\/Expandible-morado-800x800_Mesa-de-trabajo-1-300x300.jpg",300,300,true],"woocommerce_single":["https:\/\/xn--uascoquetas-1db.co\/wp-content\/uploads\/2023\/10\/Expandible-morado-800x800_Mesa-de-trabajo-1-600x600.jpg",600,600,true],"woocommerce_gallery_thumbnail":["https:\/\/xn--uascoquetas-1db.co\/wp-content\/uploads\/2023\/10\/Expandible-morado-800x800_Mesa-de-trabajo-1-100x100.jpg",100,100,true],"variation_swatches_image_size":["https:\/\/xn--uascoquetas-1db.co\/wp-content\/uploads\/2023\/10\/Expandible-morado-800x800_Mesa-de-trabajo-1.jpg",50,50,false],"variation_swatches_tooltip_size":["https:\/\/xn--uascoquetas-1db.co\/wp-content\/uploads\/2023\/10\/Expandible-morado-800x800_Mesa-de-trabajo-1.jpg",100,100,false]},"uagb_author_info":{"display_name":"U\u00f1as Coquetas","author_link":"https:\/\/xn--uascoquetas-1db.co\/?author=0"},"uagb_comment_info":0,"uagb_excerpt":"Organizador marca Extranjera Gen\u00e9rica, estuche medianoexpandible para placas de 6 x 12","jetpack_sharing_enabled":true,"jetpack-related-posts":[{"id":5730,"url":"https:\/\/xn--uascoquetas-1db.co\/?product=estuche-expand-mediano-rosado-125-x73-20-puestos-organizador","url_meta":{"origin":5728,"position":0},"title":"Estuche expandible Plus (14,5 x9) 20 puestos &#8211; Organizador","author":"U\u00f1as Coquetas","date":"02\/10\/2023","format":false,"excerpt":"Organizador marca Extranjera Gen\u00e9rica, estuche plus expandible para placas de 9 x 14,5","rel":"","context":"Entrada similar","block_context":{"text":"Entrada similar","link":""},"img":{"alt_text":"","src":"https:\/\/i0.wp.com\/xn--uascoquetas-1db.co\/wp-content\/uploads\/2023\/10\/Sa1ad10042b8441dc9c1804da48f70778q.jpg?resize=350%2C200&ssl=1","width":350,"height":200,"srcset":"https:\/\/i0.wp.com\/xn--uascoquetas-1db.co\/wp-content\/uploads\/2023\/10\/Sa1ad10042b8441dc9c1804da48f70778q.jpg?resize=350%2C200&ssl=1 1x, https:\/\/i0.wp.com\/xn--uascoquetas-1db.co\/wp-content\/uploads\/2023\/10\/Sa1ad10042b8441dc9c1804da48f70778q.jpg?resize=525%2C300&ssl=1 1.5x, https:\/\/i0.wp.com\/xn--uascoquetas-1db.co\/wp-content\/uploads\/2023\/10\/Sa1ad10042b8441dc9c1804da48f70778q.jpg?resize=700%2C400&ssl=1 2x"},"classes":[]},{"id":11257,"url":"https:\/\/xn--uascoquetas-1db.co\/?product=estuche-expand-mediano-125-x73-20-puestos-organizador-copia","url_meta":{"origin":5728,"position":1},"title":"Estuche expandible Plus (14,5 x9,5) puestos","author":"U\u00f1as Coquetas","date":"11\/02\/2026","format":false,"excerpt":"Organizador marca Extranjera Gen\u00e9rica, estuche medianoexpandible para placas de 9x14 cm","rel":"","context":"Entrada similar","block_context":{"text":"Entrada similar","link":""},"img":{"alt_text":"","src":"https:\/\/i0.wp.com\/xn--uascoquetas-1db.co\/wp-content\/uploads\/2026\/02\/Plus-morado.jpg?resize=350%2C200&ssl=1","width":350,"height":200,"srcset":"https:\/\/i0.wp.com\/xn--uascoquetas-1db.co\/wp-content\/uploads\/2026\/02\/Plus-morado.jpg?resize=350%2C200&ssl=1 1x, https:\/\/i0.wp.com\/xn--uascoquetas-1db.co\/wp-content\/uploads\/2026\/02\/Plus-morado.jpg?resize=525%2C300&ssl=1 1.5x, https:\/\/i0.wp.com\/xn--uascoquetas-1db.co\/wp-content\/uploads\/2026\/02\/Plus-morado.jpg?resize=700%2C400&ssl=1 2x"},"classes":[]},{"id":6652,"url":"https:\/\/xn--uascoquetas-1db.co\/?product=5-hojas-de-repuesto-para-estuche-holo-expandible-plus","url_meta":{"origin":5728,"position":2},"title":"5 hojas de repuesto para estuche holo expandible &#8211; plus","author":"U\u00f1as Coquetas","date":"03\/11\/2023","format":false,"excerpt":"Pack de repuesto de 5 hojas para Organizador plus expandible para placas de 9x14","rel":"","context":"Entrada similar","block_context":{"text":"Entrada similar","link":""},"img":{"alt_text":"pack 5 hojas de repuesto plus","src":"https:\/\/i0.wp.com\/xn--uascoquetas-1db.co\/wp-content\/uploads\/2023\/11\/Repuesto-estuche-plus-x5_Mesa-de-trabajo-1.jpg?resize=350%2C200&ssl=1","width":350,"height":200,"srcset":"https:\/\/i0.wp.com\/xn--uascoquetas-1db.co\/wp-content\/uploads\/2023\/11\/Repuesto-estuche-plus-x5_Mesa-de-trabajo-1.jpg?resize=350%2C200&ssl=1 1x, https:\/\/i0.wp.com\/xn--uascoquetas-1db.co\/wp-content\/uploads\/2023\/11\/Repuesto-estuche-plus-x5_Mesa-de-trabajo-1.jpg?resize=525%2C300&ssl=1 1.5x, https:\/\/i0.wp.com\/xn--uascoquetas-1db.co\/wp-content\/uploads\/2023\/11\/Repuesto-estuche-plus-x5_Mesa-de-trabajo-1.jpg?resize=700%2C400&ssl=1 2x"},"classes":[]},{"id":5724,"url":"https:\/\/xn--uascoquetas-1db.co\/?product=estuche-mediano-125-x8-20-puestos-morado-organizador","url_meta":{"origin":5728,"position":3},"title":"Estuche mediano (12,5 x8) 20 puestos &#8211; Organizador","author":"U\u00f1as Coquetas","date":"02\/10\/2023","format":false,"excerpt":"Organizador marca Extranjera Gen\u00e9rica, estuche fucsia mediano, placas de 6 x 12 cm","rel":"","context":"Entrada similar","block_context":{"text":"Entrada similar","link":""},"img":{"alt_text":"","src":"https:\/\/i0.wp.com\/xn--uascoquetas-1db.co\/wp-content\/uploads\/2023\/10\/Fucsia.png?resize=350%2C200&ssl=1","width":350,"height":200,"srcset":"https:\/\/i0.wp.com\/xn--uascoquetas-1db.co\/wp-content\/uploads\/2023\/10\/Fucsia.png?resize=350%2C200&ssl=1 1x, https:\/\/i0.wp.com\/xn--uascoquetas-1db.co\/wp-content\/uploads\/2023\/10\/Fucsia.png?resize=525%2C300&ssl=1 1.5x, https:\/\/i0.wp.com\/xn--uascoquetas-1db.co\/wp-content\/uploads\/2023\/10\/Fucsia.png?resize=700%2C400&ssl=1 2x"},"classes":[]},{"id":6649,"url":"https:\/\/xn--uascoquetas-1db.co\/?product=5-hojas-de-repuesto-para-estuche-holo-expandible-mediano","url_meta":{"origin":5728,"position":4},"title":"5 hojas de repuesto para estuche holo expandible &#8211; mediano","author":"U\u00f1as Coquetas","date":"02\/11\/2023","format":false,"excerpt":"Pack de repuesto de 5 hojas para Organizador mediano expandible para placas de 6 x 12","rel":"","context":"Entrada similar","block_context":{"text":"Entrada similar","link":""},"img":{"alt_text":"pack 5 repuestos medianos","src":"https:\/\/i0.wp.com\/xn--uascoquetas-1db.co\/wp-content\/uploads\/2023\/11\/repuesto-estuche-mediano-x5_Mesa-de-trabajo-1.jpg?resize=350%2C200&ssl=1","width":350,"height":200,"srcset":"https:\/\/i0.wp.com\/xn--uascoquetas-1db.co\/wp-content\/uploads\/2023\/11\/repuesto-estuche-mediano-x5_Mesa-de-trabajo-1.jpg?resize=350%2C200&ssl=1 1x, https:\/\/i0.wp.com\/xn--uascoquetas-1db.co\/wp-content\/uploads\/2023\/11\/repuesto-estuche-mediano-x5_Mesa-de-trabajo-1.jpg?resize=525%2C300&ssl=1 1.5x, https:\/\/i0.wp.com\/xn--uascoquetas-1db.co\/wp-content\/uploads\/2023\/11\/repuesto-estuche-mediano-x5_Mesa-de-trabajo-1.jpg?resize=700%2C400&ssl=1 2x"},"classes":[]},{"id":6733,"url":"https:\/\/xn--uascoquetas-1db.co\/?product=estuche-plus-holo-9x145-16-puestos-promo-garaje","url_meta":{"origin":5728,"position":5},"title":"Estuche Plus Holo (9&#215;14,5) 16 puestos &#8211; Promo Garaje","author":"U\u00f1as Coquetas","date":"17\/11\/2023","format":false,"excerpt":"pRODUCTO EN VENTA DE GARAJE, SOLAMENTE HASTA AGOTAR EXISTENCIAS.","rel":"","context":"Entrada similar","block_context":{"text":"Entrada similar","link":""},"img":{"alt_text":"Holo Plus","src":"https:\/\/i0.wp.com\/xn--uascoquetas-1db.co\/wp-content\/uploads\/2023\/10\/E6C-Portada.png?resize=350%2C200&ssl=1","width":350,"height":200,"srcset":"https:\/\/i0.wp.com\/xn--uascoquetas-1db.co\/wp-content\/uploads\/2023\/10\/E6C-Portada.png?resize=350%2C200&ssl=1 1x, https:\/\/i0.wp.com\/xn--uascoquetas-1db.co\/wp-content\/uploads\/2023\/10\/E6C-Portada.png?resize=525%2C300&ssl=1 1.5x, https:\/\/i0.wp.com\/xn--uascoquetas-1db.co\/wp-content\/uploads\/2023\/10\/E6C-Portada.png?resize=700%2C400&ssl=1 2x, https:\/\/i0.wp.com\/xn--uascoquetas-1db.co\/wp-content\/uploads\/2023\/10\/E6C-Portada.png?resize=1050%2C600&ssl=1 3x, https:\/\/i0.wp.com\/xn--uascoquetas-1db.co\/wp-content\/uploads\/2023\/10\/E6C-Portada.png?resize=1400%2C800&ssl=1 4x"},"classes":[]}],"_links":{"self":[{"href":"https:\/\/xn--uascoquetas-1db.co\/index.php?rest_route=\/wp\/v2\/product\/5728","targetHints":{"allow":["GET"]}}],"collection":[{"href":"https:\/\/xn--uascoquetas-1db.co\/index.php?rest_route=\/wp\/v2\/product"}],"about":[{"href":"https:\/\/xn--uascoquetas-1db.co\/index.php?rest_route=\/wp\/v2\/types\/product"}],"replies":[{"embeddable":true,"href":"https:\/\/xn--uascoquetas-1db.co\/index.php?rest_route=%2Fwp%2Fv2%2Fcomments&post=5728"}],"wp:featuredmedia":[{"embeddable":true,"href":"https:\/\/xn--uascoquetas-1db.co\/index.php?rest_route=\/wp\/v2\/media\/5729"}],"wp:attachment":[{"href":"https:\/\/xn--uascoquetas-1db.co\/index.php?rest_route=%2Fwp%2Fv2%2Fmedia&parent=5728"}],"wp:term":[{"taxonomy":"product_brand","embeddable":true,"href":"https:\/\/xn--uascoquetas-1db.co\/index.php?rest_route=%2Fwp%2Fv2%2Fproduct_brand&post=5728"},{"taxonomy":"product_cat","embeddable":true,"href":"https:\/\/xn--uascoquetas-1db.co\/index.php?rest_route=%2Fwp%2Fv2%2Fproduct_cat&post=5728"},{"taxonomy":"product_tag","embeddable":true,"href":"https:\/\/xn--uascoquetas-1db.co\/index.php?rest_route=%2Fwp%2Fv2%2Fproduct_tag&post=5728"}],"curies":[{"name":"wp","href":"https:\/\/api.w.org\/{rel}","templated":true}]}}