{"id":6015,"date":"2023-10-13T08:00:58","date_gmt":"2023-10-13T13:00:58","guid":{"rendered":"https:\/\/xn--uascoquetas-1db.co\/?post_type=product&#038;p=6015"},"modified":"2026-04-23T17:11:57","modified_gmt":"2026-04-23T22:11:57","slug":"brillo-a-base-de-agua-para-no-correr-las-figuras","status":"publish","type":"product","link":"https:\/\/xn--uascoquetas-1db.co\/?product=brillo-a-base-de-agua-para-no-correr-las-figuras","title":{"rendered":"Brillo a base de agua para no correr las figuras"},"content":{"rendered":"<p>Esmalte a base de agua, brillo protector especial para t\u00e9cnica de stamping en u\u00f1as, evita que se corran los dise\u00f1os.<\/p>\n<h2>DESCRIPCI\u00d3N<\/h2>\n<p>Art\u00edculo completamente nuevo<br \/>\nUn recipiente tipo esmalte de 15 ml<\/p>\n<p>Es una herramienta profesional para manicura, Stamping Nail Art,<\/p>\n<h2>USO<\/h2>\n<p>Aplicar una capa delgada, luego de efectuar el estampado en u\u00f1as.<br \/>\nDejar secar unos minutos.<br \/>\nPasar cualquier brillo de preferencia para permitir mayor durabilidad del dise\u00f1o.<\/p>\n<p>El brillo fresco tiene un color lechoso, que desaparece cuando se seca totalmente, volviendose totalmente transparente.<\/p>\n","protected":false},"excerpt":{"rendered":"<table width=\"375\">\n<tbody>\n<tr>\n<td width=\"375\">Esmalte de secado al aire marca Colombiana Driut tono Brillo a base de agua<\/td>\n<\/tr>\n<\/tbody>\n<\/table>\n","protected":false},"featured_media":6017,"comment_status":"open","ping_status":"closed","template":"","meta":{"_regular_price":["8000"],"currency_symbol":[],"_uag_custom_page_level_css":""},"product_brand":[],"product_cat":[33,46],"product_tag":[83],"class_list":{"0":"post-6015","1":"product","2":"type-product","3":"status-publish","4":"has-post-thumbnail","6":"product_cat-esmaltes","7":"product_cat-especial-para-estampar","8":"product_tag-esmalte","10":"first","11":"outofstock","12":"taxable","13":"shipping-taxable","14":"purchasable","15":"product-type-simple"},"post_slider_layout_featured_media_urls":{"thumbnail":["https:\/\/xn--uascoquetas-1db.co\/wp-content\/uploads\/2023\/10\/g234-150x150.png",150,150,true],"post_slider_layout_landscape_large":["https:\/\/xn--uascoquetas-1db.co\/wp-content\/uploads\/2023\/10\/g234.png",800,800,false],"post_slider_layout_portrait_large":["https:\/\/xn--uascoquetas-1db.co\/wp-content\/uploads\/2023\/10\/g234.png",1200,1200,false],"post_slider_layout_square_large":["https:\/\/xn--uascoquetas-1db.co\/wp-content\/uploads\/2023\/10\/g234.png",1200,1200,false],"post_slider_layout_landscape":["https:\/\/xn--uascoquetas-1db.co\/wp-content\/uploads\/2023\/10\/g234.png",400,400,false],"post_slider_layout_portrait":["https:\/\/xn--uascoquetas-1db.co\/wp-content\/uploads\/2023\/10\/g234.png",600,600,false],"post_slider_layout_square":["https:\/\/xn--uascoquetas-1db.co\/wp-content\/uploads\/2023\/10\/g234.png",600,600,false],"full":["https:\/\/xn--uascoquetas-1db.co\/wp-content\/uploads\/2023\/10\/g234.png",2507,2507,false]},"uagb_featured_image_src":{"full":["https:\/\/xn--uascoquetas-1db.co\/wp-content\/uploads\/2023\/10\/g234.png",2507,2507,false],"thumbnail":["https:\/\/xn--uascoquetas-1db.co\/wp-content\/uploads\/2023\/10\/g234-150x150.png",150,150,true],"medium":["https:\/\/xn--uascoquetas-1db.co\/wp-content\/uploads\/2023\/10\/g234-300x300.png",300,300,true],"medium_large":["https:\/\/xn--uascoquetas-1db.co\/wp-content\/uploads\/2023\/10\/g234-768x768.png",640,640,true],"large":["https:\/\/xn--uascoquetas-1db.co\/wp-content\/uploads\/2023\/10\/g234-1024x1024.png",640,640,true],"1536x1536":["https:\/\/xn--uascoquetas-1db.co\/wp-content\/uploads\/2023\/10\/g234-1536x1536.png",1536,1536,true],"2048x2048":["https:\/\/xn--uascoquetas-1db.co\/wp-content\/uploads\/2023\/10\/g234-2048x2048.png",2048,2048,true],"post_slider_layout_landscape_large":["https:\/\/xn--uascoquetas-1db.co\/wp-content\/uploads\/2023\/10\/g234.png",800,800,false],"post_slider_layout_portrait_large":["https:\/\/xn--uascoquetas-1db.co\/wp-content\/uploads\/2023\/10\/g234.png",1200,1200,false],"post_slider_layout_square_large":["https:\/\/xn--uascoquetas-1db.co\/wp-content\/uploads\/2023\/10\/g234.png",1200,1200,false],"post_slider_layout_landscape":["https:\/\/xn--uascoquetas-1db.co\/wp-content\/uploads\/2023\/10\/g234.png",400,400,false],"post_slider_layout_portrait":["https:\/\/xn--uascoquetas-1db.co\/wp-content\/uploads\/2023\/10\/g234.png",600,600,false],"post_slider_layout_square":["https:\/\/xn--uascoquetas-1db.co\/wp-content\/uploads\/2023\/10\/g234.png",600,600,false],"vw-kids-homepage-thumb":["https:\/\/xn--uascoquetas-1db.co\/wp-content\/uploads\/2023\/10\/g234.png",145,145,false],"woocommerce_thumbnail":["https:\/\/xn--uascoquetas-1db.co\/wp-content\/uploads\/2023\/10\/g234-300x300.png",300,300,true],"woocommerce_single":["https:\/\/xn--uascoquetas-1db.co\/wp-content\/uploads\/2023\/10\/g234-600x600.png",600,600,true],"woocommerce_gallery_thumbnail":["https:\/\/xn--uascoquetas-1db.co\/wp-content\/uploads\/2023\/10\/g234-100x100.png",100,100,true],"variation_swatches_image_size":["https:\/\/xn--uascoquetas-1db.co\/wp-content\/uploads\/2023\/10\/g234.png",50,50,false],"variation_swatches_tooltip_size":["https:\/\/xn--uascoquetas-1db.co\/wp-content\/uploads\/2023\/10\/g234.png",100,100,false]},"uagb_author_info":{"display_name":"U\u00f1as Coquetas","author_link":"https:\/\/xn--uascoquetas-1db.co\/?author=0"},"uagb_comment_info":2,"uagb_excerpt":"Esmalte de secado al aire marca Colombiana Driut tono Brillo a base de agua","jetpack_sharing_enabled":true,"jetpack-related-posts":[{"id":5642,"url":"https:\/\/xn--uascoquetas-1db.co\/?product=tecnicolor-cuatro-tonos-esmalte-termocromatico-y-fotocromatico-secado-al-aire","url_meta":{"origin":6015,"position":0},"title":"Esmalte termocrom\u00e1tico y fotosensible (Cuatro tonos) &#8211; D&#8217;universe Colors","author":"U\u00f1as Coquetas","date":"01\/10\/2023","format":false,"excerpt":"Esmalte termocrom\u00e1tico y fotocrom\u00e1tico\u00a0 secado al aire marca Colombiana D'universe Colors, cambio a cuatro colores. Tonos Lychee y Tecnicolor. \u00a0","rel":"","context":"Entrada similar","block_context":{"text":"Entrada similar","link":""},"img":{"alt_text":"","src":"https:\/\/i0.wp.com\/xn--uascoquetas-1db.co\/wp-content\/uploads\/2023\/10\/Esmalte2.png?resize=350%2C200&ssl=1","width":350,"height":200,"srcset":"https:\/\/i0.wp.com\/xn--uascoquetas-1db.co\/wp-content\/uploads\/2023\/10\/Esmalte2.png?resize=350%2C200&ssl=1 1x, https:\/\/i0.wp.com\/xn--uascoquetas-1db.co\/wp-content\/uploads\/2023\/10\/Esmalte2.png?resize=525%2C300&ssl=1 1.5x"},"classes":[]},{"id":9934,"url":"https:\/\/xn--uascoquetas-1db.co\/?product=kit-labial-y-esmalte-gel-evolution-de-masglo","url_meta":{"origin":6015,"position":1},"title":"Kit labial y esmalte Gel Evolution de Masglo","author":"U\u00f1as Coquetas","date":"28\/03\/2025","format":false,"excerpt":"Esmalte de secado al aire marca Colombiana Masglo tono Base Masglo Clinical total care violeta","rel":"","context":"Entrada similar","block_context":{"text":"Entrada similar","link":""},"img":{"alt_text":"","src":"https:\/\/i0.wp.com\/xn--uascoquetas-1db.co\/wp-content\/uploads\/2025\/03\/Web-1.jpg?resize=350%2C200&ssl=1","width":350,"height":200,"srcset":"https:\/\/i0.wp.com\/xn--uascoquetas-1db.co\/wp-content\/uploads\/2025\/03\/Web-1.jpg?resize=350%2C200&ssl=1 1x, https:\/\/i0.wp.com\/xn--uascoquetas-1db.co\/wp-content\/uploads\/2025\/03\/Web-1.jpg?resize=525%2C300&ssl=1 1.5x, https:\/\/i0.wp.com\/xn--uascoquetas-1db.co\/wp-content\/uploads\/2025\/03\/Web-1.jpg?resize=700%2C400&ssl=1 2x"},"classes":[]},{"id":9923,"url":"https:\/\/xn--uascoquetas-1db.co\/?product=base-masglo-clinical-total-care-esmalte-de-secado-al-aire","url_meta":{"origin":6015,"position":2},"title":"Base Masglo Clinical total care &#8211; Esmalte de secado al aire","author":"U\u00f1as Coquetas","date":"25\/03\/2025","format":false,"excerpt":"Esmalte de secado al aire marca Colombiana Masglo tono Base Masglo Clinical total care violeta","rel":"","context":"Entrada similar","block_context":{"text":"Entrada similar","link":""},"img":{"alt_text":"","src":"https:\/\/i0.wp.com\/xn--uascoquetas-1db.co\/wp-content\/uploads\/2025\/03\/total-care-nude_Mesa-de-trabajo-1.jpg?resize=350%2C200&ssl=1","width":350,"height":200,"srcset":"https:\/\/i0.wp.com\/xn--uascoquetas-1db.co\/wp-content\/uploads\/2025\/03\/total-care-nude_Mesa-de-trabajo-1.jpg?resize=350%2C200&ssl=1 1x, https:\/\/i0.wp.com\/xn--uascoquetas-1db.co\/wp-content\/uploads\/2025\/03\/total-care-nude_Mesa-de-trabajo-1.jpg?resize=525%2C300&ssl=1 1.5x, https:\/\/i0.wp.com\/xn--uascoquetas-1db.co\/wp-content\/uploads\/2025\/03\/total-care-nude_Mesa-de-trabajo-1.jpg?resize=700%2C400&ssl=1 2x"},"classes":[]},{"id":8484,"url":"https:\/\/xn--uascoquetas-1db.co\/?product=brillo-gel-evolution-paso-3-masglo","url_meta":{"origin":6015,"position":3},"title":"Brillo gel evolution Paso 3 &#8211; Masglo","author":"U\u00f1as Coquetas","date":"18\/06\/2024","format":false,"excerpt":"Esmalte tradicional marca Colombiana Masglo tono Brillo gel evolution Paso 3","rel":"","context":"Entrada similar","block_context":{"text":"Entrada similar","link":""},"img":{"alt_text":"","src":"https:\/\/i0.wp.com\/xn--uascoquetas-1db.co\/wp-content\/uploads\/2024\/06\/Brillo-gel-ev-800px.png?resize=350%2C200&ssl=1","width":350,"height":200,"srcset":"https:\/\/i0.wp.com\/xn--uascoquetas-1db.co\/wp-content\/uploads\/2024\/06\/Brillo-gel-ev-800px.png?resize=350%2C200&ssl=1 1x, https:\/\/i0.wp.com\/xn--uascoquetas-1db.co\/wp-content\/uploads\/2024\/06\/Brillo-gel-ev-800px.png?resize=525%2C300&ssl=1 1.5x, https:\/\/i0.wp.com\/xn--uascoquetas-1db.co\/wp-content\/uploads\/2024\/06\/Brillo-gel-ev-800px.png?resize=700%2C400&ssl=1 2x"},"classes":[]},{"id":8489,"url":"https:\/\/xn--uascoquetas-1db.co\/?product=set-de-tres-pasos-gel-evolution-con-color-a-eleccion","url_meta":{"origin":6015,"position":4},"title":"Set de tres pasos Gel Evolution con color a elecci\u00f3n","author":"U\u00f1as Coquetas","date":"21\/06\/2024","format":false,"excerpt":"Set completo de esmalte tradicional de secado ultra r\u00e1pido, Masglo Gel Evolution (Base + color a elecci\u00f3n + Brillo). DESCRIPCI\u00d3N Esmaltes de 13,5 ml cada uno. Secado extra r\u00e1pido en 5 minutos. Hasta 12 d\u00edas de duraci\u00f3n. Efecto gel sin l\u00e1mpara. Brillo intenso. Con pincel plano y redondeado para f\u00e1cil\u2026","rel":"","context":"Entrada similar","block_context":{"text":"Entrada similar","link":""},"img":{"alt_text":"Coqueta","src":"https:\/\/i0.wp.com\/xn--uascoquetas-1db.co\/wp-content\/uploads\/2024\/06\/Coqueta.png?resize=350%2C200&ssl=1","width":350,"height":200,"srcset":"https:\/\/i0.wp.com\/xn--uascoquetas-1db.co\/wp-content\/uploads\/2024\/06\/Coqueta.png?resize=350%2C200&ssl=1 1x, https:\/\/i0.wp.com\/xn--uascoquetas-1db.co\/wp-content\/uploads\/2024\/06\/Coqueta.png?resize=525%2C300&ssl=1 1.5x, https:\/\/i0.wp.com\/xn--uascoquetas-1db.co\/wp-content\/uploads\/2024\/06\/Coqueta.png?resize=700%2C400&ssl=1 2x"},"classes":[]},{"id":8455,"url":"https:\/\/xn--uascoquetas-1db.co\/?product=color-gel-evolution-paso-1-masglo-2","url_meta":{"origin":6015,"position":5},"title":"Color gel evolution Paso 2 &#8211; Masglo","author":"U\u00f1as Coquetas","date":"18\/06\/2024","format":false,"excerpt":"Esmalte tradicional marca Colombiana Masglo tono Colecci\u00f3n estilo Gel Evolution","rel":"","context":"Entrada similar","block_context":{"text":"Entrada similar","link":""},"img":{"alt_text":"Libre","src":"https:\/\/i0.wp.com\/xn--uascoquetas-1db.co\/wp-content\/uploads\/2024\/06\/Libre-800-px.png?resize=350%2C200&ssl=1","width":350,"height":200,"srcset":"https:\/\/i0.wp.com\/xn--uascoquetas-1db.co\/wp-content\/uploads\/2024\/06\/Libre-800-px.png?resize=350%2C200&ssl=1 1x, https:\/\/i0.wp.com\/xn--uascoquetas-1db.co\/wp-content\/uploads\/2024\/06\/Libre-800-px.png?resize=525%2C300&ssl=1 1.5x, https:\/\/i0.wp.com\/xn--uascoquetas-1db.co\/wp-content\/uploads\/2024\/06\/Libre-800-px.png?resize=700%2C400&ssl=1 2x"},"classes":[]}],"_links":{"self":[{"href":"https:\/\/xn--uascoquetas-1db.co\/index.php?rest_route=\/wp\/v2\/product\/6015","targetHints":{"allow":["GET"]}}],"collection":[{"href":"https:\/\/xn--uascoquetas-1db.co\/index.php?rest_route=\/wp\/v2\/product"}],"about":[{"href":"https:\/\/xn--uascoquetas-1db.co\/index.php?rest_route=\/wp\/v2\/types\/product"}],"replies":[{"embeddable":true,"href":"https:\/\/xn--uascoquetas-1db.co\/index.php?rest_route=%2Fwp%2Fv2%2Fcomments&post=6015"}],"wp:featuredmedia":[{"embeddable":true,"href":"https:\/\/xn--uascoquetas-1db.co\/index.php?rest_route=\/wp\/v2\/media\/6017"}],"wp:attachment":[{"href":"https:\/\/xn--uascoquetas-1db.co\/index.php?rest_route=%2Fwp%2Fv2%2Fmedia&parent=6015"}],"wp:term":[{"taxonomy":"product_brand","embeddable":true,"href":"https:\/\/xn--uascoquetas-1db.co\/index.php?rest_route=%2Fwp%2Fv2%2Fproduct_brand&post=6015"},{"taxonomy":"product_cat","embeddable":true,"href":"https:\/\/xn--uascoquetas-1db.co\/index.php?rest_route=%2Fwp%2Fv2%2Fproduct_cat&post=6015"},{"taxonomy":"product_tag","embeddable":true,"href":"https:\/\/xn--uascoquetas-1db.co\/index.php?rest_route=%2Fwp%2Fv2%2Fproduct_tag&post=6015"}],"curies":[{"name":"wp","href":"https:\/\/api.w.org\/{rel}","templated":true}]}}