{"id":6042,"date":"2023-10-20T10:39:17","date_gmt":"2023-10-20T15:39:17","guid":{"rendered":"https:\/\/xn--uascoquetas-1db.co\/?post_type=product&#038;p=6042"},"modified":"2025-12-03T21:51:09","modified_gmt":"2025-12-04T02:51:09","slug":"valiente-menta-esmalte-de-secado-al-aire","status":"publish","type":"product","link":"https:\/\/xn--uascoquetas-1db.co\/?product=valiente-menta-esmalte-de-secado-al-aire","title":{"rendered":"Esmaltes fosforescentes alumbran en la oscuridad"},"content":{"rendered":"<p>Esmalte tradicional Fosforescente.<br \/>\nBrilla en la oscuridad<\/p>\n<h2>Caracter\u00edsticas:<\/h2>\n<p>-Presentaci\u00f3n: Botella de 12 ml<br \/>\n-Brocha plana.<br \/>\n-Fabricados en Colombia.<br \/>\n-20 free.<\/p>\n<p>Registro INVIMA NSOC22908-23CO<\/p>\n<h2>Recomendaciones:<\/h2>\n<p>El esmalte es un topper, quiere decir que es un finalizador que se aplica en las \u00faltimas capas. Debe aplicarse sobre color blanco o tonos pasteles similares al tono fosforescente, para lograr un mejor efecto.<\/p>\n","protected":false},"excerpt":{"rendered":"<table width=\"375\">\n<tbody>\n<tr>\n<td width=\"375\">Esmalte de secado al aire marca Colombiana D&#8217;universe Colors, alumbran en la oscuridad.<\/td>\n<\/tr>\n<\/tbody>\n<\/table>\n","protected":false},"featured_media":9967,"comment_status":"open","ping_status":"closed","template":"","meta":{"_regular_price":[],"currency_symbol":[],"_uag_custom_page_level_css":""},"product_brand":[],"product_cat":[48,33],"product_tag":[205,183],"class_list":{"0":"post-6042","1":"product","2":"type-product","3":"status-publish","4":"has-post-thumbnail","6":"product_cat-efectos-especiales","7":"product_cat-esmaltes","8":"product_tag-esmaltes-fosforescentes","9":"product_tag-fosforescente","10":"product_shipping_class-paquete-pequeno","11":"pa_color-aprecio-fucsia","12":"pa_color-atraigo","13":"pa_color-fluyo","14":"pa_color-libero","15":"pa_color-luz-de-luna","16":"pa_color-merezco","17":"pa_color-valiente","19":"first","20":"instock","21":"purchasable","22":"product-type-variable"},"post_slider_layout_featured_media_urls":{"thumbnail":["https:\/\/xn--uascoquetas-1db.co\/wp-content\/uploads\/2023\/10\/Aprecio-800px-150x150.jpg",150,150,true],"post_slider_layout_landscape_large":["https:\/\/xn--uascoquetas-1db.co\/wp-content\/uploads\/2023\/10\/Aprecio-800px.jpg",800,800,false],"post_slider_layout_portrait_large":["https:\/\/xn--uascoquetas-1db.co\/wp-content\/uploads\/2023\/10\/Aprecio-800px.jpg",800,800,false],"post_slider_layout_square_large":["https:\/\/xn--uascoquetas-1db.co\/wp-content\/uploads\/2023\/10\/Aprecio-800px.jpg",800,800,false],"post_slider_layout_landscape":["https:\/\/xn--uascoquetas-1db.co\/wp-content\/uploads\/2023\/10\/Aprecio-800px-600x400.jpg",600,400,true],"post_slider_layout_portrait":["https:\/\/xn--uascoquetas-1db.co\/wp-content\/uploads\/2023\/10\/Aprecio-800px-600x800.jpg",600,800,true],"post_slider_layout_square":["https:\/\/xn--uascoquetas-1db.co\/wp-content\/uploads\/2023\/10\/Aprecio-800px-600x600.jpg",600,600,true],"full":["https:\/\/xn--uascoquetas-1db.co\/wp-content\/uploads\/2023\/10\/Aprecio-800px.jpg",800,800,false]},"uagb_featured_image_src":{"full":["https:\/\/xn--uascoquetas-1db.co\/wp-content\/uploads\/2023\/10\/Aprecio-800px.jpg",800,800,false],"thumbnail":["https:\/\/xn--uascoquetas-1db.co\/wp-content\/uploads\/2023\/10\/Aprecio-800px-150x150.jpg",150,150,true],"medium":["https:\/\/xn--uascoquetas-1db.co\/wp-content\/uploads\/2023\/10\/Aprecio-800px-300x300.jpg",300,300,true],"medium_large":["https:\/\/xn--uascoquetas-1db.co\/wp-content\/uploads\/2023\/10\/Aprecio-800px-768x768.jpg",640,640,true],"large":["https:\/\/xn--uascoquetas-1db.co\/wp-content\/uploads\/2023\/10\/Aprecio-800px.jpg",640,640,false],"1536x1536":["https:\/\/xn--uascoquetas-1db.co\/wp-content\/uploads\/2023\/10\/Aprecio-800px.jpg",800,800,false],"2048x2048":["https:\/\/xn--uascoquetas-1db.co\/wp-content\/uploads\/2023\/10\/Aprecio-800px.jpg",800,800,false],"post_slider_layout_landscape_large":["https:\/\/xn--uascoquetas-1db.co\/wp-content\/uploads\/2023\/10\/Aprecio-800px.jpg",800,800,false],"post_slider_layout_portrait_large":["https:\/\/xn--uascoquetas-1db.co\/wp-content\/uploads\/2023\/10\/Aprecio-800px.jpg",800,800,false],"post_slider_layout_square_large":["https:\/\/xn--uascoquetas-1db.co\/wp-content\/uploads\/2023\/10\/Aprecio-800px.jpg",800,800,false],"post_slider_layout_landscape":["https:\/\/xn--uascoquetas-1db.co\/wp-content\/uploads\/2023\/10\/Aprecio-800px-600x400.jpg",600,400,true],"post_slider_layout_portrait":["https:\/\/xn--uascoquetas-1db.co\/wp-content\/uploads\/2023\/10\/Aprecio-800px-600x800.jpg",600,800,true],"post_slider_layout_square":["https:\/\/xn--uascoquetas-1db.co\/wp-content\/uploads\/2023\/10\/Aprecio-800px-600x600.jpg",600,600,true],"vw-kids-homepage-thumb":["https:\/\/xn--uascoquetas-1db.co\/wp-content\/uploads\/2023\/10\/Aprecio-800px-240x145.jpg",240,145,true],"woocommerce_thumbnail":["https:\/\/xn--uascoquetas-1db.co\/wp-content\/uploads\/2023\/10\/Aprecio-800px-300x300.jpg",300,300,true],"woocommerce_single":["https:\/\/xn--uascoquetas-1db.co\/wp-content\/uploads\/2023\/10\/Aprecio-800px-600x600.jpg",600,600,true],"woocommerce_gallery_thumbnail":["https:\/\/xn--uascoquetas-1db.co\/wp-content\/uploads\/2023\/10\/Aprecio-800px-100x100.jpg",100,100,true],"variation_swatches_image_size":["https:\/\/xn--uascoquetas-1db.co\/wp-content\/uploads\/2023\/10\/Aprecio-800px-50x50.jpg",50,50,true],"variation_swatches_tooltip_size":["https:\/\/xn--uascoquetas-1db.co\/wp-content\/uploads\/2023\/10\/Aprecio-800px-100x100.jpg",100,100,true]},"uagb_author_info":{"display_name":"U\u00f1as Coquetas","author_link":"https:\/\/xn--uascoquetas-1db.co\/?author=0"},"uagb_comment_info":0,"uagb_excerpt":"Esmalte de secado al aire marca Colombiana D'universe Colors, alumbran en la oscuridad.","jetpack_sharing_enabled":true,"jetpack-related-posts":[{"id":9231,"url":"https:\/\/xn--uascoquetas-1db.co\/?product=esmalte-fotosensible-cambia-de-color-con-el-sol-secado-al-aire","url_meta":{"origin":6042,"position":0},"title":"Esmalte fotosensible, cambia de color con el sol. &#8211; Secado al aire","author":"U\u00f1as Coquetas","date":"18\/10\/2024","format":false,"excerpt":"Esmalte de secado al aire marca Colombiana D'universe Colors, alumbran en la oscuridad.","rel":"","context":"Entrada similar","block_context":{"text":"Entrada similar","link":""},"img":{"alt_text":"","src":"https:\/\/i0.wp.com\/xn--uascoquetas-1db.co\/wp-content\/uploads\/2024\/05\/Suerte_1aa5852d-ab3d-4127-88d4-8ac8ae30bd6d.webp?resize=350%2C200&ssl=1","width":350,"height":200,"srcset":"https:\/\/i0.wp.com\/xn--uascoquetas-1db.co\/wp-content\/uploads\/2024\/05\/Suerte_1aa5852d-ab3d-4127-88d4-8ac8ae30bd6d.webp?resize=350%2C200&ssl=1 1x, https:\/\/i0.wp.com\/xn--uascoquetas-1db.co\/wp-content\/uploads\/2024\/05\/Suerte_1aa5852d-ab3d-4127-88d4-8ac8ae30bd6d.webp?resize=525%2C300&ssl=1 1.5x"},"classes":[]},{"id":4603,"url":"https:\/\/xn--uascoquetas-1db.co\/?product=coleccion-esmaltes-termocromaticos-v1-duniverse-colors","url_meta":{"origin":6042,"position":1},"title":"Colecci\u00f3n esmaltes termocrom\u00e1ticos V1 \u2013 D\u2019universe Colors","author":"U\u00f1as Coquetas","date":"01\/09\/2023","format":false,"excerpt":"Esmaltes con efectos, secado al aire marca Colombiana D'universe Colors tono Colecci\u00f3n No. 1 Termocrom\u00e1ticos","rel":"","context":"Entrada similar","block_context":{"text":"Entrada similar","link":""},"img":{"alt_text":"Colecci\u00f3n termos Duniverse","src":"https:\/\/i0.wp.com\/xn--uascoquetas-1db.co\/wp-content\/uploads\/2023\/09\/101.-Coleccion-800x800_Mesa-de-trabajo-1_Mesa-de-trabajo-1.jpg?resize=350%2C200&ssl=1","width":350,"height":200,"srcset":"https:\/\/i0.wp.com\/xn--uascoquetas-1db.co\/wp-content\/uploads\/2023\/09\/101.-Coleccion-800x800_Mesa-de-trabajo-1_Mesa-de-trabajo-1.jpg?resize=350%2C200&ssl=1 1x, https:\/\/i0.wp.com\/xn--uascoquetas-1db.co\/wp-content\/uploads\/2023\/09\/101.-Coleccion-800x800_Mesa-de-trabajo-1_Mesa-de-trabajo-1.jpg?resize=525%2C300&ssl=1 1.5x, https:\/\/i0.wp.com\/xn--uascoquetas-1db.co\/wp-content\/uploads\/2023\/09\/101.-Coleccion-800x800_Mesa-de-trabajo-1_Mesa-de-trabajo-1.jpg?resize=700%2C400&ssl=1 2x"},"classes":[]},{"id":11435,"url":"https:\/\/xn--uascoquetas-1db.co\/?product=esmalte-reflectivo-tonos-a-eleccion-duniverse-colors","url_meta":{"origin":6042,"position":2},"title":"Esmalte reflectivo tonos a elecci\u00f3n &#8211; Duniverse Colors","author":"U\u00f1as Coquetas","date":"20\/04\/2026","format":false,"excerpt":"Esmalte de secado al aire marca Colombiana D'universe Colors, efectos impresionantes que NO requieren de uso de l\u00e1mpara.","rel":"","context":"Entrada similar","block_context":{"text":"Entrada similar","link":""},"img":{"alt_text":"","src":"https:\/\/i0.wp.com\/xn--uascoquetas-1db.co\/wp-content\/uploads\/2026\/04\/Diva-mL.jpg?resize=350%2C200&ssl=1","width":350,"height":200,"srcset":"https:\/\/i0.wp.com\/xn--uascoquetas-1db.co\/wp-content\/uploads\/2026\/04\/Diva-mL.jpg?resize=350%2C200&ssl=1 1x, https:\/\/i0.wp.com\/xn--uascoquetas-1db.co\/wp-content\/uploads\/2026\/04\/Diva-mL.jpg?resize=525%2C300&ssl=1 1.5x, https:\/\/i0.wp.com\/xn--uascoquetas-1db.co\/wp-content\/uploads\/2026\/04\/Diva-mL.jpg?resize=700%2C400&ssl=1 2x"},"classes":[]},{"id":10686,"url":"https:\/\/xn--uascoquetas-1db.co\/?product=esmalte-ojo-de-gato-tonos-a-eleccion-duniverse-colors","url_meta":{"origin":6042,"position":3},"title":"Esmalte ojo de gato tonos a elecci\u00f3n &#8211; Duniverse Colors","author":"U\u00f1as Coquetas","date":"21\/08\/2025","format":false,"excerpt":"Esmalte de secado al aire marca Colombiana D'universe Colors, efectos impresionantes que se activan magn\u00e9ticamente con im\u00e1n, com\u00fanmente llamados Ojo de Gato.","rel":"","context":"Entrada similar","block_context":{"text":"Entrada similar","link":""},"img":{"alt_text":"","src":"https:\/\/i0.wp.com\/xn--uascoquetas-1db.co\/wp-content\/uploads\/2025\/08\/Nebula-una-1.jpg?resize=350%2C200&ssl=1","width":350,"height":200,"srcset":"https:\/\/i0.wp.com\/xn--uascoquetas-1db.co\/wp-content\/uploads\/2025\/08\/Nebula-una-1.jpg?resize=350%2C200&ssl=1 1x, https:\/\/i0.wp.com\/xn--uascoquetas-1db.co\/wp-content\/uploads\/2025\/08\/Nebula-una-1.jpg?resize=525%2C300&ssl=1 1.5x, https:\/\/i0.wp.com\/xn--uascoquetas-1db.co\/wp-content\/uploads\/2025\/08\/Nebula-una-1.jpg?resize=700%2C400&ssl=1 2x"},"classes":[]},{"id":11372,"url":"https:\/\/xn--uascoquetas-1db.co\/?product=coleccion-superestrella-duniverse-colors","url_meta":{"origin":6042,"position":4},"title":"Colecci\u00f3n Superestrella Duniverse Colors","author":"U\u00f1as Coquetas","date":"16\/03\/2026","format":false,"excerpt":"Esmaltes con efectos, secado al aire marca Colombiana D'universe Colors Colecci\u00f3n No. Superestrella, con tonos ojo de gato y reflectivos.","rel":"","context":"Entrada similar","block_context":{"text":"Entrada similar","link":""},"img":{"alt_text":"","src":"https:\/\/i0.wp.com\/xn--uascoquetas-1db.co\/wp-content\/uploads\/2026\/03\/Coleccion.jpg?resize=350%2C200&ssl=1","width":350,"height":200,"srcset":"https:\/\/i0.wp.com\/xn--uascoquetas-1db.co\/wp-content\/uploads\/2026\/03\/Coleccion.jpg?resize=350%2C200&ssl=1 1x, https:\/\/i0.wp.com\/xn--uascoquetas-1db.co\/wp-content\/uploads\/2026\/03\/Coleccion.jpg?resize=525%2C300&ssl=1 1.5x, https:\/\/i0.wp.com\/xn--uascoquetas-1db.co\/wp-content\/uploads\/2026\/03\/Coleccion.jpg?resize=700%2C400&ssl=1 2x"},"classes":[]},{"id":10554,"url":"https:\/\/xn--uascoquetas-1db.co\/?product=coleccion-alquimia-cosmica-secado-al-aire","url_meta":{"origin":6042,"position":5},"title":"Colecci\u00f3n Alquimia C\u00f3smica &#8211; Secado al aire","author":"U\u00f1as Coquetas","date":"16\/07\/2025","format":false,"excerpt":"Esmaltes con efectos, secado al aire marca Colombiana D'universe Colors tono Colecci\u00f3n No. 1 Termocrom\u00e1ticos","rel":"","context":"Entrada similar","block_context":{"text":"Entrada similar","link":""},"img":{"alt_text":"","src":"https:\/\/i0.wp.com\/xn--uascoquetas-1db.co\/wp-content\/uploads\/2025\/07\/Coleccion-cosmica-ML.jpg?resize=350%2C200&ssl=1","width":350,"height":200,"srcset":"https:\/\/i0.wp.com\/xn--uascoquetas-1db.co\/wp-content\/uploads\/2025\/07\/Coleccion-cosmica-ML.jpg?resize=350%2C200&ssl=1 1x, https:\/\/i0.wp.com\/xn--uascoquetas-1db.co\/wp-content\/uploads\/2025\/07\/Coleccion-cosmica-ML.jpg?resize=525%2C300&ssl=1 1.5x, https:\/\/i0.wp.com\/xn--uascoquetas-1db.co\/wp-content\/uploads\/2025\/07\/Coleccion-cosmica-ML.jpg?resize=700%2C400&ssl=1 2x"},"classes":[]}],"_links":{"self":[{"href":"https:\/\/xn--uascoquetas-1db.co\/index.php?rest_route=\/wp\/v2\/product\/6042","targetHints":{"allow":["GET"]}}],"collection":[{"href":"https:\/\/xn--uascoquetas-1db.co\/index.php?rest_route=\/wp\/v2\/product"}],"about":[{"href":"https:\/\/xn--uascoquetas-1db.co\/index.php?rest_route=\/wp\/v2\/types\/product"}],"replies":[{"embeddable":true,"href":"https:\/\/xn--uascoquetas-1db.co\/index.php?rest_route=%2Fwp%2Fv2%2Fcomments&post=6042"}],"wp:featuredmedia":[{"embeddable":true,"href":"https:\/\/xn--uascoquetas-1db.co\/index.php?rest_route=\/wp\/v2\/media\/9967"}],"wp:attachment":[{"href":"https:\/\/xn--uascoquetas-1db.co\/index.php?rest_route=%2Fwp%2Fv2%2Fmedia&parent=6042"}],"wp:term":[{"taxonomy":"product_brand","embeddable":true,"href":"https:\/\/xn--uascoquetas-1db.co\/index.php?rest_route=%2Fwp%2Fv2%2Fproduct_brand&post=6042"},{"taxonomy":"product_cat","embeddable":true,"href":"https:\/\/xn--uascoquetas-1db.co\/index.php?rest_route=%2Fwp%2Fv2%2Fproduct_cat&post=6042"},{"taxonomy":"product_tag","embeddable":true,"href":"https:\/\/xn--uascoquetas-1db.co\/index.php?rest_route=%2Fwp%2Fv2%2Fproduct_tag&post=6042"}],"curies":[{"name":"wp","href":"https:\/\/api.w.org\/{rel}","templated":true}]}}