{"id":6465,"date":"2023-10-29T13:43:18","date_gmt":"2023-10-29T18:43:18","guid":{"rendered":"https:\/\/xn--uascoquetas-1db.co\/?post_type=product&#038;p=6465"},"modified":"2023-10-29T13:51:00","modified_gmt":"2023-10-29T18:51:00","slug":"lamina-motivos-anime-tatuaje-de-agua","status":"publish","type":"product","link":"https:\/\/xn--uascoquetas-1db.co\/?product=lamina-motivos-anime-tatuaje-de-agua","title":{"rendered":"L\u00e1mina motivos anime &#8211; Tatuaje de agua"},"content":{"rendered":"<p>Una hoja de tatuajes de transferencia con Agua para u\u00f1as U\u00f1as &#8211; Motivos Anime, Inuyasha<\/p>\n<h2>DESCRIPCI\u00d3N<\/h2>\n<p>Art\u00edculo completamente nuevo<\/p>\n<p>L\u00e1mina de 16 x 13 cm<br \/>\nEn la l\u00e1mina se distribuyen tres partes para cada Anime, tal y como se observa en la foto.<\/p>\n<h2>USO<\/h2>\n<p>-Recortar el contorno de la imagen deseada.<br \/>\n-Quitar la l\u00e1mina de pl\u00e1stico (se desprende suavemente).<br \/>\n-Introducir en el agua y dejar por veinte segundos.<br \/>\n-El sticker se desprende suavemente del cart\u00f3n. Se recoge con una pinza y se ubica en la u\u00f1a, se notar\u00e1 que NO deja ning\u00fan tipo de relieve.<br \/>\n-Se aplica una capa de brillo.<br \/>\n-Lucir los hermosos dise\u00f1os disponibles.<\/p>\n","protected":false},"excerpt":{"rendered":"<table width=\"375\">\n<tbody>\n<tr>\n<td width=\"375\">Tatuaje de agua para u\u00f1as marca Extranjera Gen\u00e9rica con figuras de anime, Inuyasha, Naruto.<\/td>\n<\/tr>\n<\/tbody>\n<\/table>\n","protected":false},"featured_media":6466,"comment_status":"open","ping_status":"closed","template":"","meta":{"_regular_price":["8000"],"currency_symbol":[],"_uag_custom_page_level_css":""},"product_brand":[],"product_cat":[217,219],"product_tag":[35,220],"class_list":{"0":"post-6465","1":"product","2":"type-product","3":"status-publish","4":"has-post-thumbnail","6":"product_cat-pegatinas-y-tatuajes","7":"product_cat-tatuajes-agua","8":"product_tag-anime","9":"product_tag-tatuajes","10":"product_shipping_class-paquete-pequeno","12":"first","13":"instock","14":"taxable","15":"shipping-taxable","16":"purchasable","17":"product-type-simple"},"post_slider_layout_featured_media_urls":{"thumbnail":["https:\/\/xn--uascoquetas-1db.co\/wp-content\/uploads\/2023\/10\/105.-Anime-lamina-800x800_Mesa-de-trabajo-1-150x150.jpg",150,150,true],"post_slider_layout_landscape_large":["https:\/\/xn--uascoquetas-1db.co\/wp-content\/uploads\/2023\/10\/105.-Anime-lamina-800x800_Mesa-de-trabajo-1.jpg",800,800,false],"post_slider_layout_portrait_large":["https:\/\/xn--uascoquetas-1db.co\/wp-content\/uploads\/2023\/10\/105.-Anime-lamina-800x800_Mesa-de-trabajo-1.jpg",800,800,false],"post_slider_layout_square_large":["https:\/\/xn--uascoquetas-1db.co\/wp-content\/uploads\/2023\/10\/105.-Anime-lamina-800x800_Mesa-de-trabajo-1.jpg",800,800,false],"post_slider_layout_landscape":["https:\/\/xn--uascoquetas-1db.co\/wp-content\/uploads\/2023\/10\/105.-Anime-lamina-800x800_Mesa-de-trabajo-1.jpg",400,400,false],"post_slider_layout_portrait":["https:\/\/xn--uascoquetas-1db.co\/wp-content\/uploads\/2023\/10\/105.-Anime-lamina-800x800_Mesa-de-trabajo-1.jpg",600,600,false],"post_slider_layout_square":["https:\/\/xn--uascoquetas-1db.co\/wp-content\/uploads\/2023\/10\/105.-Anime-lamina-800x800_Mesa-de-trabajo-1.jpg",600,600,false],"full":["https:\/\/xn--uascoquetas-1db.co\/wp-content\/uploads\/2023\/10\/105.-Anime-lamina-800x800_Mesa-de-trabajo-1.jpg",800,800,false]},"uagb_featured_image_src":{"full":["https:\/\/xn--uascoquetas-1db.co\/wp-content\/uploads\/2023\/10\/105.-Anime-lamina-800x800_Mesa-de-trabajo-1.jpg",800,800,false],"thumbnail":["https:\/\/xn--uascoquetas-1db.co\/wp-content\/uploads\/2023\/10\/105.-Anime-lamina-800x800_Mesa-de-trabajo-1-150x150.jpg",150,150,true],"medium":["https:\/\/xn--uascoquetas-1db.co\/wp-content\/uploads\/2023\/10\/105.-Anime-lamina-800x800_Mesa-de-trabajo-1-300x300.jpg",300,300,true],"medium_large":["https:\/\/xn--uascoquetas-1db.co\/wp-content\/uploads\/2023\/10\/105.-Anime-lamina-800x800_Mesa-de-trabajo-1-768x768.jpg",640,640,true],"large":["https:\/\/xn--uascoquetas-1db.co\/wp-content\/uploads\/2023\/10\/105.-Anime-lamina-800x800_Mesa-de-trabajo-1.jpg",640,640,false],"1536x1536":["https:\/\/xn--uascoquetas-1db.co\/wp-content\/uploads\/2023\/10\/105.-Anime-lamina-800x800_Mesa-de-trabajo-1.jpg",800,800,false],"2048x2048":["https:\/\/xn--uascoquetas-1db.co\/wp-content\/uploads\/2023\/10\/105.-Anime-lamina-800x800_Mesa-de-trabajo-1.jpg",800,800,false],"post_slider_layout_landscape_large":["https:\/\/xn--uascoquetas-1db.co\/wp-content\/uploads\/2023\/10\/105.-Anime-lamina-800x800_Mesa-de-trabajo-1.jpg",800,800,false],"post_slider_layout_portrait_large":["https:\/\/xn--uascoquetas-1db.co\/wp-content\/uploads\/2023\/10\/105.-Anime-lamina-800x800_Mesa-de-trabajo-1.jpg",800,800,false],"post_slider_layout_square_large":["https:\/\/xn--uascoquetas-1db.co\/wp-content\/uploads\/2023\/10\/105.-Anime-lamina-800x800_Mesa-de-trabajo-1.jpg",800,800,false],"post_slider_layout_landscape":["https:\/\/xn--uascoquetas-1db.co\/wp-content\/uploads\/2023\/10\/105.-Anime-lamina-800x800_Mesa-de-trabajo-1.jpg",400,400,false],"post_slider_layout_portrait":["https:\/\/xn--uascoquetas-1db.co\/wp-content\/uploads\/2023\/10\/105.-Anime-lamina-800x800_Mesa-de-trabajo-1.jpg",600,600,false],"post_slider_layout_square":["https:\/\/xn--uascoquetas-1db.co\/wp-content\/uploads\/2023\/10\/105.-Anime-lamina-800x800_Mesa-de-trabajo-1.jpg",600,600,false],"vw-kids-homepage-thumb":["https:\/\/xn--uascoquetas-1db.co\/wp-content\/uploads\/2023\/10\/105.-Anime-lamina-800x800_Mesa-de-trabajo-1.jpg",145,145,false],"woocommerce_thumbnail":["https:\/\/xn--uascoquetas-1db.co\/wp-content\/uploads\/2023\/10\/105.-Anime-lamina-800x800_Mesa-de-trabajo-1-300x300.jpg",300,300,true],"woocommerce_single":["https:\/\/xn--uascoquetas-1db.co\/wp-content\/uploads\/2023\/10\/105.-Anime-lamina-800x800_Mesa-de-trabajo-1-600x600.jpg",600,600,true],"woocommerce_gallery_thumbnail":["https:\/\/xn--uascoquetas-1db.co\/wp-content\/uploads\/2023\/10\/105.-Anime-lamina-800x800_Mesa-de-trabajo-1-100x100.jpg",100,100,true],"variation_swatches_image_size":["https:\/\/xn--uascoquetas-1db.co\/wp-content\/uploads\/2023\/10\/105.-Anime-lamina-800x800_Mesa-de-trabajo-1.jpg",50,50,false],"variation_swatches_tooltip_size":["https:\/\/xn--uascoquetas-1db.co\/wp-content\/uploads\/2023\/10\/105.-Anime-lamina-800x800_Mesa-de-trabajo-1.jpg",100,100,false]},"uagb_author_info":{"display_name":"U\u00f1as Coquetas","author_link":"https:\/\/xn--uascoquetas-1db.co\/?author=0"},"uagb_comment_info":0,"uagb_excerpt":"Tatuaje de agua para u\u00f1as marca Extranjera Gen\u00e9rica con figuras de anime, Inuyasha, Naruto.","jetpack_sharing_enabled":true,"jetpack-related-posts":[{"id":6467,"url":"https:\/\/xn--uascoquetas-1db.co\/?product=12-laminas-de-serpientes-tatuaje-de-agua","url_meta":{"origin":6465,"position":0},"title":"12 L\u00e1minas de Serpientes &#8211; Tatuaje de agua","author":"U\u00f1as Coquetas","date":"29\/10\/2023","format":false,"excerpt":"Tatuaje de agua para u\u00f1as marca Extranjera Gen\u00e9rica con figuras de serpientes.","rel":"","context":"Entrada similar","block_context":{"text":"Entrada similar","link":""},"img":{"alt_text":"106. Tatuajes serpientes","src":"https:\/\/i0.wp.com\/xn--uascoquetas-1db.co\/wp-content\/uploads\/2023\/10\/106.-Serpientes-800x800_Mesa-de-trabajo-1.jpg?resize=350%2C200&ssl=1","width":350,"height":200,"srcset":"https:\/\/i0.wp.com\/xn--uascoquetas-1db.co\/wp-content\/uploads\/2023\/10\/106.-Serpientes-800x800_Mesa-de-trabajo-1.jpg?resize=350%2C200&ssl=1 1x, https:\/\/i0.wp.com\/xn--uascoquetas-1db.co\/wp-content\/uploads\/2023\/10\/106.-Serpientes-800x800_Mesa-de-trabajo-1.jpg?resize=525%2C300&ssl=1 1.5x, https:\/\/i0.wp.com\/xn--uascoquetas-1db.co\/wp-content\/uploads\/2023\/10\/106.-Serpientes-800x800_Mesa-de-trabajo-1.jpg?resize=700%2C400&ssl=1 2x"},"classes":[]},{"id":6458,"url":"https:\/\/xn--uascoquetas-1db.co\/?product=paquete-de-50-laminas-de-animales-tatuaje-de-agua","url_meta":{"origin":6465,"position":1},"title":"Paquete de 50 l\u00e1minas de animales &#8211; Tatuaje de agua","author":"U\u00f1as Coquetas","date":"29\/10\/2023","format":false,"excerpt":"Tatuaje de agua para u\u00f1as marca Extranjera Gen\u00e9rica con figuras de animales para u\u00f1a completa.","rel":"","context":"Entrada similar","block_context":{"text":"Entrada similar","link":""},"img":{"alt_text":"102. Tatuajes animales","src":"https:\/\/i0.wp.com\/xn--uascoquetas-1db.co\/wp-content\/uploads\/2023\/10\/102.-Portada_Mesa-de-trabajo-1.jpg?resize=350%2C200&ssl=1","width":350,"height":200,"srcset":"https:\/\/i0.wp.com\/xn--uascoquetas-1db.co\/wp-content\/uploads\/2023\/10\/102.-Portada_Mesa-de-trabajo-1.jpg?resize=350%2C200&ssl=1 1x, https:\/\/i0.wp.com\/xn--uascoquetas-1db.co\/wp-content\/uploads\/2023\/10\/102.-Portada_Mesa-de-trabajo-1.jpg?resize=525%2C300&ssl=1 1.5x, https:\/\/i0.wp.com\/xn--uascoquetas-1db.co\/wp-content\/uploads\/2023\/10\/102.-Portada_Mesa-de-trabajo-1.jpg?resize=700%2C400&ssl=1 2x"},"classes":[]},{"id":6483,"url":"https:\/\/xn--uascoquetas-1db.co\/?product=12-laminas-de-comida-tatuaje-de-agua","url_meta":{"origin":6465,"position":2},"title":"12 L\u00e1minas de comida &#8211; Tatuaje de agua","author":"U\u00f1as Coquetas","date":"30\/10\/2023","format":false,"excerpt":"Tatuaje de agua para u\u00f1as marca Extranjera Gen\u00e9rica con figuras de tomates, donas, helados, comida, paletas y frutas.","rel":"","context":"Entrada similar","block_context":{"text":"Entrada similar","link":""},"img":{"alt_text":"111. Tatuajes","src":"https:\/\/i0.wp.com\/xn--uascoquetas-1db.co\/wp-content\/uploads\/2023\/10\/Portada-1789-1800-01.jpg?resize=350%2C200&ssl=1","width":350,"height":200,"srcset":"https:\/\/i0.wp.com\/xn--uascoquetas-1db.co\/wp-content\/uploads\/2023\/10\/Portada-1789-1800-01.jpg?resize=350%2C200&ssl=1 1x, https:\/\/i0.wp.com\/xn--uascoquetas-1db.co\/wp-content\/uploads\/2023\/10\/Portada-1789-1800-01.jpg?resize=525%2C300&ssl=1 1.5x, https:\/\/i0.wp.com\/xn--uascoquetas-1db.co\/wp-content\/uploads\/2023\/10\/Portada-1789-1800-01.jpg?resize=700%2C400&ssl=1 2x, https:\/\/i0.wp.com\/xn--uascoquetas-1db.co\/wp-content\/uploads\/2023\/10\/Portada-1789-1800-01.jpg?resize=1050%2C600&ssl=1 3x"},"classes":[]},{"id":6480,"url":"https:\/\/xn--uascoquetas-1db.co\/?product=12-laminas-de-playa-y-helado-tatuaje-de-agua","url_meta":{"origin":6465,"position":3},"title":"12 L\u00e1minas de Playa y helado &#8211; Tatuaje de agua","author":"U\u00f1as Coquetas","date":"30\/10\/2023","format":false,"excerpt":"Tatuaje de agua para u\u00f1as marca Extranjera Gen\u00e9rica con figuras de patilla, playa y dise\u00f1os de u\u00f1a completa.","rel":"","context":"Entrada similar","block_context":{"text":"Entrada similar","link":""},"img":{"alt_text":"110. Tatuajes","src":"https:\/\/i0.wp.com\/xn--uascoquetas-1db.co\/wp-content\/uploads\/2023\/10\/Portada-1693-1704-01.jpg?resize=350%2C200&ssl=1","width":350,"height":200,"srcset":"https:\/\/i0.wp.com\/xn--uascoquetas-1db.co\/wp-content\/uploads\/2023\/10\/Portada-1693-1704-01.jpg?resize=350%2C200&ssl=1 1x, https:\/\/i0.wp.com\/xn--uascoquetas-1db.co\/wp-content\/uploads\/2023\/10\/Portada-1693-1704-01.jpg?resize=525%2C300&ssl=1 1.5x, https:\/\/i0.wp.com\/xn--uascoquetas-1db.co\/wp-content\/uploads\/2023\/10\/Portada-1693-1704-01.jpg?resize=700%2C400&ssl=1 2x, https:\/\/i0.wp.com\/xn--uascoquetas-1db.co\/wp-content\/uploads\/2023\/10\/Portada-1693-1704-01.jpg?resize=1050%2C600&ssl=1 3x"},"classes":[]},{"id":6691,"url":"https:\/\/xn--uascoquetas-1db.co\/?product=paquete-24-laminas-variadas-tatuaje-de-agua","url_meta":{"origin":6465,"position":4},"title":"Paquete 24 l\u00e1minas variadas &#8211; Tatuaje de agua","author":"U\u00f1as Coquetas","date":"03\/11\/2023","format":false,"excerpt":"Tatuaje de agua para u\u00f1as marca Extranjera Gen\u00e9rica con figuras de figuras en blanco y negro, mariposas, diamantes.","rel":"","context":"Entrada similar","block_context":{"text":"Entrada similar","link":""},"img":{"alt_text":"","src":"https:\/\/i0.wp.com\/xn--uascoquetas-1db.co\/wp-content\/uploads\/2023\/11\/117.-Tatuajes-x24-800x800_Mesa-de-trabajo-1.jpg?resize=350%2C200&ssl=1","width":350,"height":200,"srcset":"https:\/\/i0.wp.com\/xn--uascoquetas-1db.co\/wp-content\/uploads\/2023\/11\/117.-Tatuajes-x24-800x800_Mesa-de-trabajo-1.jpg?resize=350%2C200&ssl=1 1x, https:\/\/i0.wp.com\/xn--uascoquetas-1db.co\/wp-content\/uploads\/2023\/11\/117.-Tatuajes-x24-800x800_Mesa-de-trabajo-1.jpg?resize=525%2C300&ssl=1 1.5x, https:\/\/i0.wp.com\/xn--uascoquetas-1db.co\/wp-content\/uploads\/2023\/11\/117.-Tatuajes-x24-800x800_Mesa-de-trabajo-1.jpg?resize=700%2C400&ssl=1 2x"},"classes":[]},{"id":6451,"url":"https:\/\/xn--uascoquetas-1db.co\/?product=paquete-de-50-laminas-tatuaje-de-agua","url_meta":{"origin":6465,"position":5},"title":"Paquete de 50 l\u00e1minas &#8211; Tatuaje de agua","author":"U\u00f1as Coquetas","date":"29\/10\/2023","format":false,"excerpt":"Tatuaje de agua para u\u00f1as marca Extranjera Gen\u00e9rica con figuras de Flores, plumas, mariposas, labios y encajes.","rel":"","context":"Entrada similar","block_context":{"text":"Entrada similar","link":""},"img":{"alt_text":"101. Tatuajes de agua","src":"https:\/\/i0.wp.com\/xn--uascoquetas-1db.co\/wp-content\/uploads\/2023\/10\/101.-PORTADA-800X800_Mesa-de-trabajo-1.jpg?resize=350%2C200&ssl=1","width":350,"height":200,"srcset":"https:\/\/i0.wp.com\/xn--uascoquetas-1db.co\/wp-content\/uploads\/2023\/10\/101.-PORTADA-800X800_Mesa-de-trabajo-1.jpg?resize=350%2C200&ssl=1 1x, https:\/\/i0.wp.com\/xn--uascoquetas-1db.co\/wp-content\/uploads\/2023\/10\/101.-PORTADA-800X800_Mesa-de-trabajo-1.jpg?resize=525%2C300&ssl=1 1.5x, https:\/\/i0.wp.com\/xn--uascoquetas-1db.co\/wp-content\/uploads\/2023\/10\/101.-PORTADA-800X800_Mesa-de-trabajo-1.jpg?resize=700%2C400&ssl=1 2x"},"classes":[]}],"_links":{"self":[{"href":"https:\/\/xn--uascoquetas-1db.co\/index.php?rest_route=\/wp\/v2\/product\/6465","targetHints":{"allow":["GET"]}}],"collection":[{"href":"https:\/\/xn--uascoquetas-1db.co\/index.php?rest_route=\/wp\/v2\/product"}],"about":[{"href":"https:\/\/xn--uascoquetas-1db.co\/index.php?rest_route=\/wp\/v2\/types\/product"}],"replies":[{"embeddable":true,"href":"https:\/\/xn--uascoquetas-1db.co\/index.php?rest_route=%2Fwp%2Fv2%2Fcomments&post=6465"}],"wp:featuredmedia":[{"embeddable":true,"href":"https:\/\/xn--uascoquetas-1db.co\/index.php?rest_route=\/wp\/v2\/media\/6466"}],"wp:attachment":[{"href":"https:\/\/xn--uascoquetas-1db.co\/index.php?rest_route=%2Fwp%2Fv2%2Fmedia&parent=6465"}],"wp:term":[{"taxonomy":"product_brand","embeddable":true,"href":"https:\/\/xn--uascoquetas-1db.co\/index.php?rest_route=%2Fwp%2Fv2%2Fproduct_brand&post=6465"},{"taxonomy":"product_cat","embeddable":true,"href":"https:\/\/xn--uascoquetas-1db.co\/index.php?rest_route=%2Fwp%2Fv2%2Fproduct_cat&post=6465"},{"taxonomy":"product_tag","embeddable":true,"href":"https:\/\/xn--uascoquetas-1db.co\/index.php?rest_route=%2Fwp%2Fv2%2Fproduct_tag&post=6465"}],"curies":[{"name":"wp","href":"https:\/\/api.w.org\/{rel}","templated":true}]}}