{"id":6496,"date":"2023-10-30T08:23:04","date_gmt":"2023-10-30T13:23:04","guid":{"rendered":"https:\/\/xn--uascoquetas-1db.co\/?post_type=product&#038;p=6496"},"modified":"2023-11-28T08:16:40","modified_gmt":"2023-11-28T13:16:40","slug":"12-laminas-navidad-pack-4-tatuaje-de-agua","status":"publish","type":"product","link":"https:\/\/xn--uascoquetas-1db.co\/?product=12-laminas-navidad-pack-4-tatuaje-de-agua","title":{"rendered":"12 L\u00e1minas Navidad Pack 4 &#8211; Tatuaje de agua"},"content":{"rendered":"<p>Paquete de 12 L\u00e1minas de tatuajes de Agua para U\u00f1as con motivos variados.<br \/>\nDESCRIPCI\u00d3N<\/p>\n<p>Art\u00edculo completamente nuevo<\/p>\n<p>Paquete con doce (12) L\u00e1minas variadas, seg\u00fan las fotos<br \/>\nTama\u00f1o por cada l\u00e1mina: 6 x 5 cm Aproximadamente<\/p>\n<p>USO<\/p>\n<p>-Recortar el contorno de la imagen deseada.<br \/>\n-Quitar la l\u00e1mina de pl\u00e1stico (se desprende suavemente).<br \/>\n-Introducir en el agua y dejar por 20 segundos.<br \/>\n-El tatuaje se desprende suavemente del cart\u00f3n. Se recoge con una pinza y se ubica en la u\u00f1a, se notar\u00e1 que NO deja ning\u00fan tipo de relieve.<br \/>\n-Se aplica una capa de brillo.<br \/>\n-Lucir los hermosos dise\u00f1os disponibles.<\/p>\n","protected":false},"excerpt":{"rendered":"<table width=\"375\">\n<tbody>\n<tr>\n<td width=\"375\">Tatuaje de agua para u\u00f1as marca Extranjera Gen\u00e9rica con figuras de navidad, pap\u00e1 Noel, Mu\u00f1ecos de nieve, \u00e1rbol de navidad, renos.<\/td>\n<\/tr>\n<\/tbody>\n<\/table>\n","protected":false},"featured_media":6498,"comment_status":"open","ping_status":"closed","template":"","meta":{"_regular_price":["9000"],"currency_symbol":[],"_uag_custom_page_level_css":""},"product_brand":[],"product_cat":[217,219],"product_tag":[54,220],"class_list":{"0":"post-6496","1":"product","2":"type-product","3":"status-publish","4":"has-post-thumbnail","6":"product_cat-pegatinas-y-tatuajes","7":"product_cat-tatuajes-agua","8":"product_tag-navidad","9":"product_tag-tatuajes","10":"product_shipping_class-paquete-pequeno","12":"first","13":"instock","14":"taxable","15":"shipping-taxable","16":"purchasable","17":"product-type-simple"},"post_slider_layout_featured_media_urls":{"thumbnail":["https:\/\/xn--uascoquetas-1db.co\/wp-content\/uploads\/2023\/10\/G18-Portada-P4-150x150.png",150,150,true],"post_slider_layout_landscape_large":["https:\/\/xn--uascoquetas-1db.co\/wp-content\/uploads\/2023\/10\/G18-Portada-P4.png",800,800,false],"post_slider_layout_portrait_large":["https:\/\/xn--uascoquetas-1db.co\/wp-content\/uploads\/2023\/10\/G18-Portada-P4.png",1200,1200,false],"post_slider_layout_square_large":["https:\/\/xn--uascoquetas-1db.co\/wp-content\/uploads\/2023\/10\/G18-Portada-P4.png",1200,1200,false],"post_slider_layout_landscape":["https:\/\/xn--uascoquetas-1db.co\/wp-content\/uploads\/2023\/10\/G18-Portada-P4.png",400,400,false],"post_slider_layout_portrait":["https:\/\/xn--uascoquetas-1db.co\/wp-content\/uploads\/2023\/10\/G18-Portada-P4.png",600,600,false],"post_slider_layout_square":["https:\/\/xn--uascoquetas-1db.co\/wp-content\/uploads\/2023\/10\/G18-Portada-P4.png",600,600,false],"full":["https:\/\/xn--uascoquetas-1db.co\/wp-content\/uploads\/2023\/10\/G18-Portada-P4.png",2028,2028,false]},"uagb_featured_image_src":{"full":["https:\/\/xn--uascoquetas-1db.co\/wp-content\/uploads\/2023\/10\/G18-Portada-P4.png",2028,2028,false],"thumbnail":["https:\/\/xn--uascoquetas-1db.co\/wp-content\/uploads\/2023\/10\/G18-Portada-P4-150x150.png",150,150,true],"medium":["https:\/\/xn--uascoquetas-1db.co\/wp-content\/uploads\/2023\/10\/G18-Portada-P4-300x300.png",300,300,true],"medium_large":["https:\/\/xn--uascoquetas-1db.co\/wp-content\/uploads\/2023\/10\/G18-Portada-P4-768x768.png",640,640,true],"large":["https:\/\/xn--uascoquetas-1db.co\/wp-content\/uploads\/2023\/10\/G18-Portada-P4-1024x1024.png",640,640,true],"1536x1536":["https:\/\/xn--uascoquetas-1db.co\/wp-content\/uploads\/2023\/10\/G18-Portada-P4-1536x1536.png",1536,1536,true],"2048x2048":["https:\/\/xn--uascoquetas-1db.co\/wp-content\/uploads\/2023\/10\/G18-Portada-P4.png",2028,2028,false],"post_slider_layout_landscape_large":["https:\/\/xn--uascoquetas-1db.co\/wp-content\/uploads\/2023\/10\/G18-Portada-P4.png",800,800,false],"post_slider_layout_portrait_large":["https:\/\/xn--uascoquetas-1db.co\/wp-content\/uploads\/2023\/10\/G18-Portada-P4.png",1200,1200,false],"post_slider_layout_square_large":["https:\/\/xn--uascoquetas-1db.co\/wp-content\/uploads\/2023\/10\/G18-Portada-P4.png",1200,1200,false],"post_slider_layout_landscape":["https:\/\/xn--uascoquetas-1db.co\/wp-content\/uploads\/2023\/10\/G18-Portada-P4.png",400,400,false],"post_slider_layout_portrait":["https:\/\/xn--uascoquetas-1db.co\/wp-content\/uploads\/2023\/10\/G18-Portada-P4.png",600,600,false],"post_slider_layout_square":["https:\/\/xn--uascoquetas-1db.co\/wp-content\/uploads\/2023\/10\/G18-Portada-P4.png",600,600,false],"vw-kids-homepage-thumb":["https:\/\/xn--uascoquetas-1db.co\/wp-content\/uploads\/2023\/10\/G18-Portada-P4.png",145,145,false],"woocommerce_thumbnail":["https:\/\/xn--uascoquetas-1db.co\/wp-content\/uploads\/2023\/10\/G18-Portada-P4-300x300.png",300,300,true],"woocommerce_single":["https:\/\/xn--uascoquetas-1db.co\/wp-content\/uploads\/2023\/10\/G18-Portada-P4-600x600.png",600,600,true],"woocommerce_gallery_thumbnail":["https:\/\/xn--uascoquetas-1db.co\/wp-content\/uploads\/2023\/10\/G18-Portada-P4-100x100.png",100,100,true],"variation_swatches_image_size":["https:\/\/xn--uascoquetas-1db.co\/wp-content\/uploads\/2023\/10\/G18-Portada-P4.png",50,50,false],"variation_swatches_tooltip_size":["https:\/\/xn--uascoquetas-1db.co\/wp-content\/uploads\/2023\/10\/G18-Portada-P4.png",100,100,false]},"uagb_author_info":{"display_name":"U\u00f1as Coquetas","author_link":"https:\/\/xn--uascoquetas-1db.co\/?author=0"},"uagb_comment_info":0,"uagb_excerpt":"Tatuaje de agua para u\u00f1as marca Extranjera Gen\u00e9rica con figuras de navidad, pap\u00e1 Noel, Mu\u00f1ecos de nieve, \u00e1rbol de navidad, renos.","jetpack_sharing_enabled":true,"jetpack-related-posts":[{"id":6492,"url":"https:\/\/xn--uascoquetas-1db.co\/?product=12-laminas-navidad-pack-3-tatuaje-de-agua","url_meta":{"origin":6496,"position":0},"title":"12 L\u00e1minas Navidad Pack 3 &#8211; Tatuaje de agua","author":"U\u00f1as Coquetas","date":"30\/10\/2023","format":false,"excerpt":"Tatuaje de agua para u\u00f1as marca Extranjera Gen\u00e9rica con figuras de navidad, pap\u00e1 Noel, Mu\u00f1ecos de nieve, \u00e1rbol de navidad, renos.","rel":"","context":"Entrada similar","block_context":{"text":"Entrada similar","link":""},"img":{"alt_text":"114. Tatuajes navidad","src":"https:\/\/i0.wp.com\/xn--uascoquetas-1db.co\/wp-content\/uploads\/2023\/10\/G18-Portada-P3.png?resize=350%2C200&ssl=1","width":350,"height":200,"srcset":"https:\/\/i0.wp.com\/xn--uascoquetas-1db.co\/wp-content\/uploads\/2023\/10\/G18-Portada-P3.png?resize=350%2C200&ssl=1 1x, https:\/\/i0.wp.com\/xn--uascoquetas-1db.co\/wp-content\/uploads\/2023\/10\/G18-Portada-P3.png?resize=525%2C300&ssl=1 1.5x, https:\/\/i0.wp.com\/xn--uascoquetas-1db.co\/wp-content\/uploads\/2023\/10\/G18-Portada-P3.png?resize=700%2C400&ssl=1 2x, https:\/\/i0.wp.com\/xn--uascoquetas-1db.co\/wp-content\/uploads\/2023\/10\/G18-Portada-P3.png?resize=1050%2C600&ssl=1 3x, https:\/\/i0.wp.com\/xn--uascoquetas-1db.co\/wp-content\/uploads\/2023\/10\/G18-Portada-P3.png?resize=1400%2C800&ssl=1 4x"},"classes":[]},{"id":6489,"url":"https:\/\/xn--uascoquetas-1db.co\/?product=12-laminas-navidad-pack-2-tatuaje-de-agua","url_meta":{"origin":6496,"position":1},"title":"12 L\u00e1minas Navidad Pack 2 &#8211; Tatuaje de agua","author":"U\u00f1as Coquetas","date":"30\/10\/2023","format":false,"excerpt":"Tatuaje de agua para u\u00f1as marca Extranjera Gen\u00e9rica con figuras de navidad, pap\u00e1 Noel, Mu\u00f1ecos de nieve, \u00e1rbol de navidad.","rel":"","context":"Entrada similar","block_context":{"text":"Entrada similar","link":""},"img":{"alt_text":"113. Tatuajes navidad","src":"https:\/\/i0.wp.com\/xn--uascoquetas-1db.co\/wp-content\/uploads\/2023\/10\/G-18-Portada-P2.png?resize=350%2C200&ssl=1","width":350,"height":200,"srcset":"https:\/\/i0.wp.com\/xn--uascoquetas-1db.co\/wp-content\/uploads\/2023\/10\/G-18-Portada-P2.png?resize=350%2C200&ssl=1 1x, https:\/\/i0.wp.com\/xn--uascoquetas-1db.co\/wp-content\/uploads\/2023\/10\/G-18-Portada-P2.png?resize=525%2C300&ssl=1 1.5x, https:\/\/i0.wp.com\/xn--uascoquetas-1db.co\/wp-content\/uploads\/2023\/10\/G-18-Portada-P2.png?resize=700%2C400&ssl=1 2x, https:\/\/i0.wp.com\/xn--uascoquetas-1db.co\/wp-content\/uploads\/2023\/10\/G-18-Portada-P2.png?resize=1050%2C600&ssl=1 3x, https:\/\/i0.wp.com\/xn--uascoquetas-1db.co\/wp-content\/uploads\/2023\/10\/G-18-Portada-P2.png?resize=1400%2C800&ssl=1 4x"},"classes":[]},{"id":6486,"url":"https:\/\/xn--uascoquetas-1db.co\/?product=12-laminas-navidad-pack-1-tatuaje-de-agua","url_meta":{"origin":6496,"position":2},"title":"12 L\u00e1minas Navidad Pack 1 &#8211; Tatuaje de agua","author":"U\u00f1as Coquetas","date":"30\/10\/2023","format":false,"excerpt":"Tatuaje de agua para u\u00f1as marca Extranjera Gen\u00e9rica con figuras de navidad, pap\u00e1 Noel, Mu\u00f1ecos de nieve, \u00e1rbol de navidad.","rel":"","context":"Entrada similar","block_context":{"text":"Entrada similar","link":""},"img":{"alt_text":"112. Tatuajes navidad","src":"https:\/\/i0.wp.com\/xn--uascoquetas-1db.co\/wp-content\/uploads\/2023\/10\/G18-Portada-p1.png?resize=350%2C200&ssl=1","width":350,"height":200,"srcset":"https:\/\/i0.wp.com\/xn--uascoquetas-1db.co\/wp-content\/uploads\/2023\/10\/G18-Portada-p1.png?resize=350%2C200&ssl=1 1x, https:\/\/i0.wp.com\/xn--uascoquetas-1db.co\/wp-content\/uploads\/2023\/10\/G18-Portada-p1.png?resize=525%2C300&ssl=1 1.5x, https:\/\/i0.wp.com\/xn--uascoquetas-1db.co\/wp-content\/uploads\/2023\/10\/G18-Portada-p1.png?resize=700%2C400&ssl=1 2x, https:\/\/i0.wp.com\/xn--uascoquetas-1db.co\/wp-content\/uploads\/2023\/10\/G18-Portada-p1.png?resize=1050%2C600&ssl=1 3x, https:\/\/i0.wp.com\/xn--uascoquetas-1db.co\/wp-content\/uploads\/2023\/10\/G18-Portada-p1.png?resize=1400%2C800&ssl=1 4x"},"classes":[]},{"id":6499,"url":"https:\/\/xn--uascoquetas-1db.co\/?product=paquete-30-laminas-doradas-y-plateadas-tatuaje-de-agua","url_meta":{"origin":6496,"position":3},"title":"Paquete 30 l\u00e1minas doradas y plateadas &#8211; Tatuaje de agua","author":"U\u00f1as Coquetas","date":"30\/10\/2023","format":false,"excerpt":"Tatuaje de agua para u\u00f1as marca Extranjera Gen\u00e9rica con figuras de arabescos, corazones y formas variadas, doradas y plateadas.","rel":"","context":"Entrada similar","block_context":{"text":"Entrada similar","link":""},"img":{"alt_text":"116. Tatuajes dorados","src":"https:\/\/i0.wp.com\/xn--uascoquetas-1db.co\/wp-content\/uploads\/2023\/10\/Portada-Dorados-01-01.jpg?resize=350%2C200&ssl=1","width":350,"height":200,"srcset":"https:\/\/i0.wp.com\/xn--uascoquetas-1db.co\/wp-content\/uploads\/2023\/10\/Portada-Dorados-01-01.jpg?resize=350%2C200&ssl=1 1x, https:\/\/i0.wp.com\/xn--uascoquetas-1db.co\/wp-content\/uploads\/2023\/10\/Portada-Dorados-01-01.jpg?resize=525%2C300&ssl=1 1.5x, https:\/\/i0.wp.com\/xn--uascoquetas-1db.co\/wp-content\/uploads\/2023\/10\/Portada-Dorados-01-01.jpg?resize=700%2C400&ssl=1 2x, https:\/\/i0.wp.com\/xn--uascoquetas-1db.co\/wp-content\/uploads\/2023\/10\/Portada-Dorados-01-01.jpg?resize=1050%2C600&ssl=1 3x"},"classes":[]},{"id":6467,"url":"https:\/\/xn--uascoquetas-1db.co\/?product=12-laminas-de-serpientes-tatuaje-de-agua","url_meta":{"origin":6496,"position":4},"title":"12 L\u00e1minas de Serpientes &#8211; Tatuaje de agua","author":"U\u00f1as Coquetas","date":"29\/10\/2023","format":false,"excerpt":"Tatuaje de agua para u\u00f1as marca Extranjera Gen\u00e9rica con figuras de serpientes.","rel":"","context":"Entrada similar","block_context":{"text":"Entrada similar","link":""},"img":{"alt_text":"106. Tatuajes serpientes","src":"https:\/\/i0.wp.com\/xn--uascoquetas-1db.co\/wp-content\/uploads\/2023\/10\/106.-Serpientes-800x800_Mesa-de-trabajo-1.jpg?resize=350%2C200&ssl=1","width":350,"height":200,"srcset":"https:\/\/i0.wp.com\/xn--uascoquetas-1db.co\/wp-content\/uploads\/2023\/10\/106.-Serpientes-800x800_Mesa-de-trabajo-1.jpg?resize=350%2C200&ssl=1 1x, https:\/\/i0.wp.com\/xn--uascoquetas-1db.co\/wp-content\/uploads\/2023\/10\/106.-Serpientes-800x800_Mesa-de-trabajo-1.jpg?resize=525%2C300&ssl=1 1.5x, https:\/\/i0.wp.com\/xn--uascoquetas-1db.co\/wp-content\/uploads\/2023\/10\/106.-Serpientes-800x800_Mesa-de-trabajo-1.jpg?resize=700%2C400&ssl=1 2x"},"classes":[]},{"id":6483,"url":"https:\/\/xn--uascoquetas-1db.co\/?product=12-laminas-de-comida-tatuaje-de-agua","url_meta":{"origin":6496,"position":5},"title":"12 L\u00e1minas de comida &#8211; Tatuaje de agua","author":"U\u00f1as Coquetas","date":"30\/10\/2023","format":false,"excerpt":"Tatuaje de agua para u\u00f1as marca Extranjera Gen\u00e9rica con figuras de tomates, donas, helados, comida, paletas y frutas.","rel":"","context":"Entrada similar","block_context":{"text":"Entrada similar","link":""},"img":{"alt_text":"111. Tatuajes","src":"https:\/\/i0.wp.com\/xn--uascoquetas-1db.co\/wp-content\/uploads\/2023\/10\/Portada-1789-1800-01.jpg?resize=350%2C200&ssl=1","width":350,"height":200,"srcset":"https:\/\/i0.wp.com\/xn--uascoquetas-1db.co\/wp-content\/uploads\/2023\/10\/Portada-1789-1800-01.jpg?resize=350%2C200&ssl=1 1x, https:\/\/i0.wp.com\/xn--uascoquetas-1db.co\/wp-content\/uploads\/2023\/10\/Portada-1789-1800-01.jpg?resize=525%2C300&ssl=1 1.5x, https:\/\/i0.wp.com\/xn--uascoquetas-1db.co\/wp-content\/uploads\/2023\/10\/Portada-1789-1800-01.jpg?resize=700%2C400&ssl=1 2x, https:\/\/i0.wp.com\/xn--uascoquetas-1db.co\/wp-content\/uploads\/2023\/10\/Portada-1789-1800-01.jpg?resize=1050%2C600&ssl=1 3x"},"classes":[]}],"_links":{"self":[{"href":"https:\/\/xn--uascoquetas-1db.co\/index.php?rest_route=\/wp\/v2\/product\/6496","targetHints":{"allow":["GET"]}}],"collection":[{"href":"https:\/\/xn--uascoquetas-1db.co\/index.php?rest_route=\/wp\/v2\/product"}],"about":[{"href":"https:\/\/xn--uascoquetas-1db.co\/index.php?rest_route=\/wp\/v2\/types\/product"}],"replies":[{"embeddable":true,"href":"https:\/\/xn--uascoquetas-1db.co\/index.php?rest_route=%2Fwp%2Fv2%2Fcomments&post=6496"}],"wp:featuredmedia":[{"embeddable":true,"href":"https:\/\/xn--uascoquetas-1db.co\/index.php?rest_route=\/wp\/v2\/media\/6498"}],"wp:attachment":[{"href":"https:\/\/xn--uascoquetas-1db.co\/index.php?rest_route=%2Fwp%2Fv2%2Fmedia&parent=6496"}],"wp:term":[{"taxonomy":"product_brand","embeddable":true,"href":"https:\/\/xn--uascoquetas-1db.co\/index.php?rest_route=%2Fwp%2Fv2%2Fproduct_brand&post=6496"},{"taxonomy":"product_cat","embeddable":true,"href":"https:\/\/xn--uascoquetas-1db.co\/index.php?rest_route=%2Fwp%2Fv2%2Fproduct_cat&post=6496"},{"taxonomy":"product_tag","embeddable":true,"href":"https:\/\/xn--uascoquetas-1db.co\/index.php?rest_route=%2Fwp%2Fv2%2Fproduct_tag&post=6496"}],"curies":[{"name":"wp","href":"https:\/\/api.w.org\/{rel}","templated":true}]}}