{"id":6734,"date":"2023-11-17T16:24:31","date_gmt":"2023-11-17T21:24:31","guid":{"rendered":"https:\/\/xn--uascoquetas-1db.co\/?post_type=product&#038;p=6734"},"modified":"2026-03-11T11:35:39","modified_gmt":"2026-03-11T16:35:39","slug":"pincel-000-mango-de-madera-pinceles","status":"publish","type":"product","link":"https:\/\/xn--uascoquetas-1db.co\/?product=pincel-000-mango-de-madera-pinceles","title":{"rendered":"Pincel 000 mango de madera &#8211; Pinceles"},"content":{"rendered":"<p>Pincel ergon\u00f3mico linner 000, para usos varios, detalles peque\u00f1os en acuarela y delineados en u\u00f1as.<\/p>\n<h2>DESCRIPCI\u00d3N<\/h2>\n<p>Material: Mango de madera y cerdas de pelo sint\u00e9tico suave de excelente calidad.<br \/>\nTama\u00f1o: El mango tiene 17 cm de longitud aproximadamente.<\/p>\n","protected":false},"excerpt":{"rendered":"<table width=\"375\">\n<tbody>\n<tr>\n<td width=\"375\">Pinceles marca Extranjera Gen\u00e9rica, pincel para acuarelas y difuminados.<\/td>\n<\/tr>\n<\/tbody>\n<\/table>\n","protected":false},"featured_media":6737,"comment_status":"open","ping_status":"closed","template":"","meta":{"_regular_price":["12000"],"currency_symbol":[],"_uag_custom_page_level_css":""},"product_brand":[],"product_cat":[47,32],"product_tag":[181],"class_list":{"0":"post-6734","1":"product","2":"type-product","3":"status-publish","4":"has-post-thumbnail","6":"product_cat-materiales","7":"product_cat-pinceles","8":"product_tag-pinceles","9":"product_shipping_class-paquete-pequeno","11":"first","12":"instock","13":"purchasable","14":"product-type-simple"},"post_slider_layout_featured_media_urls":{"thumbnail":["https:\/\/xn--uascoquetas-1db.co\/wp-content\/uploads\/2023\/11\/Pincel-000-800x800_Mesa-de-trabajo-1-150x150.jpg",150,150,true],"post_slider_layout_landscape_large":["https:\/\/xn--uascoquetas-1db.co\/wp-content\/uploads\/2023\/11\/Pincel-000-800x800_Mesa-de-trabajo-1.jpg",800,800,false],"post_slider_layout_portrait_large":["https:\/\/xn--uascoquetas-1db.co\/wp-content\/uploads\/2023\/11\/Pincel-000-800x800_Mesa-de-trabajo-1.jpg",800,800,false],"post_slider_layout_square_large":["https:\/\/xn--uascoquetas-1db.co\/wp-content\/uploads\/2023\/11\/Pincel-000-800x800_Mesa-de-trabajo-1.jpg",800,800,false],"post_slider_layout_landscape":["https:\/\/xn--uascoquetas-1db.co\/wp-content\/uploads\/2023\/11\/Pincel-000-800x800_Mesa-de-trabajo-1.jpg",400,400,false],"post_slider_layout_portrait":["https:\/\/xn--uascoquetas-1db.co\/wp-content\/uploads\/2023\/11\/Pincel-000-800x800_Mesa-de-trabajo-1.jpg",600,600,false],"post_slider_layout_square":["https:\/\/xn--uascoquetas-1db.co\/wp-content\/uploads\/2023\/11\/Pincel-000-800x800_Mesa-de-trabajo-1.jpg",600,600,false],"full":["https:\/\/xn--uascoquetas-1db.co\/wp-content\/uploads\/2023\/11\/Pincel-000-800x800_Mesa-de-trabajo-1.jpg",800,800,false]},"uagb_featured_image_src":{"full":["https:\/\/xn--uascoquetas-1db.co\/wp-content\/uploads\/2023\/11\/Pincel-000-800x800_Mesa-de-trabajo-1.jpg",800,800,false],"thumbnail":["https:\/\/xn--uascoquetas-1db.co\/wp-content\/uploads\/2023\/11\/Pincel-000-800x800_Mesa-de-trabajo-1-150x150.jpg",150,150,true],"medium":["https:\/\/xn--uascoquetas-1db.co\/wp-content\/uploads\/2023\/11\/Pincel-000-800x800_Mesa-de-trabajo-1-300x300.jpg",300,300,true],"medium_large":["https:\/\/xn--uascoquetas-1db.co\/wp-content\/uploads\/2023\/11\/Pincel-000-800x800_Mesa-de-trabajo-1-768x768.jpg",640,640,true],"large":["https:\/\/xn--uascoquetas-1db.co\/wp-content\/uploads\/2023\/11\/Pincel-000-800x800_Mesa-de-trabajo-1.jpg",640,640,false],"1536x1536":["https:\/\/xn--uascoquetas-1db.co\/wp-content\/uploads\/2023\/11\/Pincel-000-800x800_Mesa-de-trabajo-1.jpg",800,800,false],"2048x2048":["https:\/\/xn--uascoquetas-1db.co\/wp-content\/uploads\/2023\/11\/Pincel-000-800x800_Mesa-de-trabajo-1.jpg",800,800,false],"post_slider_layout_landscape_large":["https:\/\/xn--uascoquetas-1db.co\/wp-content\/uploads\/2023\/11\/Pincel-000-800x800_Mesa-de-trabajo-1.jpg",800,800,false],"post_slider_layout_portrait_large":["https:\/\/xn--uascoquetas-1db.co\/wp-content\/uploads\/2023\/11\/Pincel-000-800x800_Mesa-de-trabajo-1.jpg",800,800,false],"post_slider_layout_square_large":["https:\/\/xn--uascoquetas-1db.co\/wp-content\/uploads\/2023\/11\/Pincel-000-800x800_Mesa-de-trabajo-1.jpg",800,800,false],"post_slider_layout_landscape":["https:\/\/xn--uascoquetas-1db.co\/wp-content\/uploads\/2023\/11\/Pincel-000-800x800_Mesa-de-trabajo-1.jpg",400,400,false],"post_slider_layout_portrait":["https:\/\/xn--uascoquetas-1db.co\/wp-content\/uploads\/2023\/11\/Pincel-000-800x800_Mesa-de-trabajo-1.jpg",600,600,false],"post_slider_layout_square":["https:\/\/xn--uascoquetas-1db.co\/wp-content\/uploads\/2023\/11\/Pincel-000-800x800_Mesa-de-trabajo-1.jpg",600,600,false],"vw-kids-homepage-thumb":["https:\/\/xn--uascoquetas-1db.co\/wp-content\/uploads\/2023\/11\/Pincel-000-800x800_Mesa-de-trabajo-1.jpg",145,145,false],"woocommerce_thumbnail":["https:\/\/xn--uascoquetas-1db.co\/wp-content\/uploads\/2023\/11\/Pincel-000-800x800_Mesa-de-trabajo-1-300x300.jpg",300,300,true],"woocommerce_single":["https:\/\/xn--uascoquetas-1db.co\/wp-content\/uploads\/2023\/11\/Pincel-000-800x800_Mesa-de-trabajo-1-600x600.jpg",600,600,true],"woocommerce_gallery_thumbnail":["https:\/\/xn--uascoquetas-1db.co\/wp-content\/uploads\/2023\/11\/Pincel-000-800x800_Mesa-de-trabajo-1-100x100.jpg",100,100,true],"variation_swatches_image_size":["https:\/\/xn--uascoquetas-1db.co\/wp-content\/uploads\/2023\/11\/Pincel-000-800x800_Mesa-de-trabajo-1.jpg",50,50,false],"variation_swatches_tooltip_size":["https:\/\/xn--uascoquetas-1db.co\/wp-content\/uploads\/2023\/11\/Pincel-000-800x800_Mesa-de-trabajo-1.jpg",100,100,false]},"uagb_author_info":{"display_name":"U\u00f1as Coquetas","author_link":"https:\/\/xn--uascoquetas-1db.co\/?author=0"},"uagb_comment_info":0,"uagb_excerpt":"Pinceles marca Extranjera Gen\u00e9rica, pincel para acuarelas y difuminados.","jetpack_sharing_enabled":true,"jetpack-related-posts":[{"id":9697,"url":"https:\/\/xn--uascoquetas-1db.co\/?product=pincel-acuarela-no-4-mango-de-madera-pinceles","url_meta":{"origin":6734,"position":0},"title":"Pincel Acuarela No. 4 mango de madera &#8211; Pinceles","author":"U\u00f1as Coquetas","date":"23\/01\/2025","format":false,"excerpt":"Pinceles marca Extranjera Gen\u00e9rica, pincel para acuarelas y difuminados.","rel":"","context":"Entrada similar","block_context":{"text":"Entrada similar","link":""},"img":{"alt_text":"","src":"https:\/\/i0.wp.com\/xn--uascoquetas-1db.co\/wp-content\/uploads\/2025\/01\/Acuarela-4.jpg?resize=350%2C200&ssl=1","width":350,"height":200,"srcset":"https:\/\/i0.wp.com\/xn--uascoquetas-1db.co\/wp-content\/uploads\/2025\/01\/Acuarela-4.jpg?resize=350%2C200&ssl=1 1x, https:\/\/i0.wp.com\/xn--uascoquetas-1db.co\/wp-content\/uploads\/2025\/01\/Acuarela-4.jpg?resize=525%2C300&ssl=1 1.5x, https:\/\/i0.wp.com\/xn--uascoquetas-1db.co\/wp-content\/uploads\/2025\/01\/Acuarela-4.jpg?resize=700%2C400&ssl=1 2x"},"classes":[]},{"id":5746,"url":"https:\/\/xn--uascoquetas-1db.co\/?product=set-de-tres-pinceles-acrilicos-linner-pinceles","url_meta":{"origin":6734,"position":1},"title":"Set de tres pinceles acr\u00edlicos + linner &#8211; Pinceles","author":"U\u00f1as Coquetas","date":"02\/10\/2023","format":false,"excerpt":"Pinceles marca Extranjera Gen\u00e9rica, pinceles para delinear y t\u00e9cnicas especiales","rel":"","context":"Entrada similar","block_context":{"text":"Entrada similar","link":""},"img":{"alt_text":"Set 3 pinceles","src":"https:\/\/i0.wp.com\/xn--uascoquetas-1db.co\/wp-content\/uploads\/2023\/10\/Linner-acrilicos-800x800_Mesa-de-trabajo-1.jpg?resize=350%2C200&ssl=1","width":350,"height":200,"srcset":"https:\/\/i0.wp.com\/xn--uascoquetas-1db.co\/wp-content\/uploads\/2023\/10\/Linner-acrilicos-800x800_Mesa-de-trabajo-1.jpg?resize=350%2C200&ssl=1 1x, https:\/\/i0.wp.com\/xn--uascoquetas-1db.co\/wp-content\/uploads\/2023\/10\/Linner-acrilicos-800x800_Mesa-de-trabajo-1.jpg?resize=525%2C300&ssl=1 1.5x, https:\/\/i0.wp.com\/xn--uascoquetas-1db.co\/wp-content\/uploads\/2023\/10\/Linner-acrilicos-800x800_Mesa-de-trabajo-1.jpg?resize=700%2C400&ssl=1 2x"},"classes":[]},{"id":6741,"url":"https:\/\/xn--uascoquetas-1db.co\/?product=set-3-unidades-linner-grueso-7-9-y-13-mm-pinceles","url_meta":{"origin":6734,"position":2},"title":"Set 3 unidades cerda gruesa, 7 , 9 y 13 mm &#8211; Pinceles","author":"U\u00f1as Coquetas","date":"17\/11\/2023","format":false,"excerpt":"Pinceles marca Extranjera Gen\u00e9rica, set de pinceles para difuminados y reversa.","rel":"","context":"Entrada similar","block_context":{"text":"Entrada similar","link":""},"img":{"alt_text":"159. set pinceles","src":"https:\/\/i0.wp.com\/xn--uascoquetas-1db.co\/wp-content\/uploads\/2023\/11\/159.-Set-x-3-800-px_Mesa-de-trabajo-1.jpg?resize=350%2C200&ssl=1","width":350,"height":200,"srcset":"https:\/\/i0.wp.com\/xn--uascoquetas-1db.co\/wp-content\/uploads\/2023\/11\/159.-Set-x-3-800-px_Mesa-de-trabajo-1.jpg?resize=350%2C200&ssl=1 1x, https:\/\/i0.wp.com\/xn--uascoquetas-1db.co\/wp-content\/uploads\/2023\/11\/159.-Set-x-3-800-px_Mesa-de-trabajo-1.jpg?resize=525%2C300&ssl=1 1.5x, https:\/\/i0.wp.com\/xn--uascoquetas-1db.co\/wp-content\/uploads\/2023\/11\/159.-Set-x-3-800-px_Mesa-de-trabajo-1.jpg?resize=700%2C400&ssl=1 2x"},"classes":[]},{"id":7223,"url":"https:\/\/xn--uascoquetas-1db.co\/?product=set-de-6-pinceles-acrilicos-mago-rosado-pinceles","url_meta":{"origin":6734,"position":3},"title":"Set de 6 pinceles acr\u00edlicos &#8211; mago rosado &#8211; Pinceles","author":"U\u00f1as Coquetas","date":"18\/01\/2024","format":false,"excerpt":"Pinceles marca Extranjera Gen\u00e9rica, pinceles para t\u00e9cnicas de extensi\u00f3n de u\u00f1as.","rel":"","context":"Entrada similar","block_context":{"text":"Entrada similar","link":""},"img":{"alt_text":"Set de 6 pinceles acr\u00edlicos - mago rosado","src":"https:\/\/i0.wp.com\/xn--uascoquetas-1db.co\/wp-content\/uploads\/2024\/01\/Acrilicos-rosa_800-PX.jpg?resize=350%2C200&ssl=1","width":350,"height":200,"srcset":"https:\/\/i0.wp.com\/xn--uascoquetas-1db.co\/wp-content\/uploads\/2024\/01\/Acrilicos-rosa_800-PX.jpg?resize=350%2C200&ssl=1 1x, https:\/\/i0.wp.com\/xn--uascoquetas-1db.co\/wp-content\/uploads\/2024\/01\/Acrilicos-rosa_800-PX.jpg?resize=525%2C300&ssl=1 1.5x, https:\/\/i0.wp.com\/xn--uascoquetas-1db.co\/wp-content\/uploads\/2024\/01\/Acrilicos-rosa_800-PX.jpg?resize=700%2C400&ssl=1 2x"},"classes":[]},{"id":9656,"url":"https:\/\/xn--uascoquetas-1db.co\/?product=sirena-x3-7-9-11-mm-pinceles-linner","url_meta":{"origin":6734,"position":4},"title":"Sirena x3 7-9-11 mm &#8211; Pinceles linner","author":"U\u00f1as Coquetas","date":"16\/01\/2025","format":false,"excerpt":"Pinceles linner marca Extranjera Gen\u00e9rica, pinceles linner para delinear, hacer l\u00edneas delgadas.","rel":"","context":"Entrada similar","block_context":{"text":"Entrada similar","link":""},"img":{"alt_text":"","src":"https:\/\/i0.wp.com\/xn--uascoquetas-1db.co\/wp-content\/uploads\/2025\/01\/Portada-sirena.png?resize=350%2C200&ssl=1","width":350,"height":200,"srcset":"https:\/\/i0.wp.com\/xn--uascoquetas-1db.co\/wp-content\/uploads\/2025\/01\/Portada-sirena.png?resize=350%2C200&ssl=1 1x, https:\/\/i0.wp.com\/xn--uascoquetas-1db.co\/wp-content\/uploads\/2025\/01\/Portada-sirena.png?resize=525%2C300&ssl=1 1.5x, https:\/\/i0.wp.com\/xn--uascoquetas-1db.co\/wp-content\/uploads\/2025\/01\/Portada-sirena.png?resize=700%2C400&ssl=1 2x"},"classes":[]},{"id":6738,"url":"https:\/\/xn--uascoquetas-1db.co\/?product=set-3-unidades-linner-holografico-de-7-9-y-13-mm-pinceles","url_meta":{"origin":6734,"position":5},"title":"Set 3 unidades linner hologr\u00e1fico de 7 , 9 y 13 mm &#8211; Pinceles","author":"U\u00f1as Coquetas","date":"17\/11\/2023","format":false,"excerpt":"Pinceles marca Extranjera Gen\u00e9rica, set de pinceles para delinear","rel":"","context":"Entrada similar","block_context":{"text":"Entrada similar","link":""},"img":{"alt_text":"160. Pinceles holo","src":"https:\/\/i0.wp.com\/xn--uascoquetas-1db.co\/wp-content\/uploads\/2023\/11\/Pincel-holo-x-3-800px_Mesa-de-trabajo-1.jpg?resize=350%2C200&ssl=1","width":350,"height":200,"srcset":"https:\/\/i0.wp.com\/xn--uascoquetas-1db.co\/wp-content\/uploads\/2023\/11\/Pincel-holo-x-3-800px_Mesa-de-trabajo-1.jpg?resize=350%2C200&ssl=1 1x, https:\/\/i0.wp.com\/xn--uascoquetas-1db.co\/wp-content\/uploads\/2023\/11\/Pincel-holo-x-3-800px_Mesa-de-trabajo-1.jpg?resize=525%2C300&ssl=1 1.5x, https:\/\/i0.wp.com\/xn--uascoquetas-1db.co\/wp-content\/uploads\/2023\/11\/Pincel-holo-x-3-800px_Mesa-de-trabajo-1.jpg?resize=700%2C400&ssl=1 2x"},"classes":[]}],"_links":{"self":[{"href":"https:\/\/xn--uascoquetas-1db.co\/index.php?rest_route=\/wp\/v2\/product\/6734","targetHints":{"allow":["GET"]}}],"collection":[{"href":"https:\/\/xn--uascoquetas-1db.co\/index.php?rest_route=\/wp\/v2\/product"}],"about":[{"href":"https:\/\/xn--uascoquetas-1db.co\/index.php?rest_route=\/wp\/v2\/types\/product"}],"replies":[{"embeddable":true,"href":"https:\/\/xn--uascoquetas-1db.co\/index.php?rest_route=%2Fwp%2Fv2%2Fcomments&post=6734"}],"wp:featuredmedia":[{"embeddable":true,"href":"https:\/\/xn--uascoquetas-1db.co\/index.php?rest_route=\/wp\/v2\/media\/6737"}],"wp:attachment":[{"href":"https:\/\/xn--uascoquetas-1db.co\/index.php?rest_route=%2Fwp%2Fv2%2Fmedia&parent=6734"}],"wp:term":[{"taxonomy":"product_brand","embeddable":true,"href":"https:\/\/xn--uascoquetas-1db.co\/index.php?rest_route=%2Fwp%2Fv2%2Fproduct_brand&post=6734"},{"taxonomy":"product_cat","embeddable":true,"href":"https:\/\/xn--uascoquetas-1db.co\/index.php?rest_route=%2Fwp%2Fv2%2Fproduct_cat&post=6734"},{"taxonomy":"product_tag","embeddable":true,"href":"https:\/\/xn--uascoquetas-1db.co\/index.php?rest_route=%2Fwp%2Fv2%2Fproduct_tag&post=6734"}],"curies":[{"name":"wp","href":"https:\/\/api.w.org\/{rel}","templated":true}]}}