{"id":6785,"date":"2023-11-20T17:14:18","date_gmt":"2023-11-20T22:14:18","guid":{"rendered":"https:\/\/xn--uascoquetas-1db.co\/?post_type=product&#038;p=6785"},"modified":"2025-06-06T07:53:58","modified_gmt":"2025-06-06T12:53:58","slug":"base-diamond-nails-12-ml-esmalte-de-secado-al-aire","status":"publish","type":"product","link":"https:\/\/xn--uascoquetas-1db.co\/?product=base-diamond-nails-12-ml-esmalte-de-secado-al-aire","title":{"rendered":"Base Diamond Nails 12 ml &#8211; Esmalte de secado al aire"},"content":{"rendered":"<p>Una base fortalecedora y tratamiento para u\u00f1as.<\/p>\n<h2>\nDESCRIPCI\u00d3N<\/h2>\n<p>Volumen: 12 ml<br \/>\nMarca: Ghelic<br \/>\nNo requiere de secado en l\u00e1mpara. Seca al aire.<br \/>\nREGISTRO INVIMA NSOC10661-21CO<br \/>\nLa Base Fortalecedora y Tratamiento Diamond Nails fue formulada para proteger, mejorar y ayudar al aspecto de tus u\u00f1as.<\/p>\n<p>Gracias a las propiedades de 5 Activos Naturales y el \u00c1cido Hialur\u00f3nico, evita el quiebre prematuro, la escamaci\u00f3n e incentiva el crecimiento y fortalecimiento de tus u\u00f1as.<\/p>\n<p>Es ideal para quienes tienen u\u00f1as fr\u00e1giles, escamadas, y aquellos que quieren mantener siempre sus u\u00f1as en un excelente estado.<\/p>\n<h3>MODO DE USO<\/h3>\n<h3>COMO TRATAMIENTO:<\/h3>\n<p>Aplica una capa en tus u\u00f1as, retoc\u00e1ndola cada tercer d\u00eda. Al trasncurso de una semana, remu\u00e9vela por completo, y reinicia el procedimiento.<\/p>\n<h3>COMO BASE FORTALECEDORA:<\/h3>\n<p>Aplica una capa homog\u00e9nea antes de esmaltar tus u\u00f1as con el color Ghelic de tu preferencia, finaliza con Top Coat Gel Fr\u00edo.<\/p>\n","protected":false},"excerpt":{"rendered":"<table width=\"375\">\n<tbody>\n<tr>\n<td width=\"375\">Esmalte de secado al aire marca Colombiana Ghelic tono Base Diamond Nails 12 ml<\/td>\n<\/tr>\n<\/tbody>\n<\/table>\n","protected":false},"featured_media":6786,"comment_status":"open","ping_status":"closed","template":"","meta":{"_regular_price":["8000"],"currency_symbol":[],"_uag_custom_page_level_css":""},"product_brand":[],"product_cat":[33,229],"product_tag":[230],"class_list":{"0":"post-6785","1":"product","2":"type-product","3":"status-publish","4":"has-post-thumbnail","6":"product_cat-esmaltes","7":"product_cat-tratamiento","8":"product_tag-bases","9":"product_shipping_class-paquete-pequeno","11":"first","12":"outofstock","13":"purchasable","14":"product-type-simple"},"post_slider_layout_featured_media_urls":{"thumbnail":["https:\/\/xn--uascoquetas-1db.co\/wp-content\/uploads\/2023\/11\/Diamond-nails-800px-150x150.jpg",150,150,true],"post_slider_layout_landscape_large":["https:\/\/xn--uascoquetas-1db.co\/wp-content\/uploads\/2023\/11\/Diamond-nails-800px.jpg",638,764,false],"post_slider_layout_portrait_large":["https:\/\/xn--uascoquetas-1db.co\/wp-content\/uploads\/2023\/11\/Diamond-nails-800px.jpg",638,764,false],"post_slider_layout_square_large":["https:\/\/xn--uascoquetas-1db.co\/wp-content\/uploads\/2023\/11\/Diamond-nails-800px.jpg",638,764,false],"post_slider_layout_landscape":["https:\/\/xn--uascoquetas-1db.co\/wp-content\/uploads\/2023\/11\/Diamond-nails-800px.jpg",334,400,false],"post_slider_layout_portrait":["https:\/\/xn--uascoquetas-1db.co\/wp-content\/uploads\/2023\/11\/Diamond-nails-800px.jpg",600,718,false],"post_slider_layout_square":["https:\/\/xn--uascoquetas-1db.co\/wp-content\/uploads\/2023\/11\/Diamond-nails-800px.jpg",501,600,false],"full":["https:\/\/xn--uascoquetas-1db.co\/wp-content\/uploads\/2023\/11\/Diamond-nails-800px.jpg",638,764,false]},"uagb_featured_image_src":{"full":["https:\/\/xn--uascoquetas-1db.co\/wp-content\/uploads\/2023\/11\/Diamond-nails-800px.jpg",638,764,false],"thumbnail":["https:\/\/xn--uascoquetas-1db.co\/wp-content\/uploads\/2023\/11\/Diamond-nails-800px-150x150.jpg",150,150,true],"medium":["https:\/\/xn--uascoquetas-1db.co\/wp-content\/uploads\/2023\/11\/Diamond-nails-800px-251x300.jpg",251,300,true],"medium_large":["https:\/\/xn--uascoquetas-1db.co\/wp-content\/uploads\/2023\/11\/Diamond-nails-800px.jpg",638,764,false],"large":["https:\/\/xn--uascoquetas-1db.co\/wp-content\/uploads\/2023\/11\/Diamond-nails-800px.jpg",638,764,false],"1536x1536":["https:\/\/xn--uascoquetas-1db.co\/wp-content\/uploads\/2023\/11\/Diamond-nails-800px.jpg",638,764,false],"2048x2048":["https:\/\/xn--uascoquetas-1db.co\/wp-content\/uploads\/2023\/11\/Diamond-nails-800px.jpg",638,764,false],"post_slider_layout_landscape_large":["https:\/\/xn--uascoquetas-1db.co\/wp-content\/uploads\/2023\/11\/Diamond-nails-800px.jpg",638,764,false],"post_slider_layout_portrait_large":["https:\/\/xn--uascoquetas-1db.co\/wp-content\/uploads\/2023\/11\/Diamond-nails-800px.jpg",638,764,false],"post_slider_layout_square_large":["https:\/\/xn--uascoquetas-1db.co\/wp-content\/uploads\/2023\/11\/Diamond-nails-800px.jpg",638,764,false],"post_slider_layout_landscape":["https:\/\/xn--uascoquetas-1db.co\/wp-content\/uploads\/2023\/11\/Diamond-nails-800px.jpg",334,400,false],"post_slider_layout_portrait":["https:\/\/xn--uascoquetas-1db.co\/wp-content\/uploads\/2023\/11\/Diamond-nails-800px.jpg",600,718,false],"post_slider_layout_square":["https:\/\/xn--uascoquetas-1db.co\/wp-content\/uploads\/2023\/11\/Diamond-nails-800px.jpg",501,600,false],"vw-kids-homepage-thumb":["https:\/\/xn--uascoquetas-1db.co\/wp-content\/uploads\/2023\/11\/Diamond-nails-800px.jpg",121,145,false],"woocommerce_thumbnail":["https:\/\/xn--uascoquetas-1db.co\/wp-content\/uploads\/2023\/11\/Diamond-nails-800px-300x300.jpg",300,300,true],"woocommerce_single":["https:\/\/xn--uascoquetas-1db.co\/wp-content\/uploads\/2023\/11\/Diamond-nails-800px-600x718.jpg",600,718,true],"woocommerce_gallery_thumbnail":["https:\/\/xn--uascoquetas-1db.co\/wp-content\/uploads\/2023\/11\/Diamond-nails-800px-100x100.jpg",100,100,true],"variation_swatches_image_size":["https:\/\/xn--uascoquetas-1db.co\/wp-content\/uploads\/2023\/11\/Diamond-nails-800px.jpg",42,50,false],"variation_swatches_tooltip_size":["https:\/\/xn--uascoquetas-1db.co\/wp-content\/uploads\/2023\/11\/Diamond-nails-800px.jpg",84,100,false]},"uagb_author_info":{"display_name":"U\u00f1as Coquetas","author_link":"https:\/\/xn--uascoquetas-1db.co\/?author=0"},"uagb_comment_info":0,"uagb_excerpt":"Esmalte de secado al aire marca Colombiana Ghelic tono Base Diamond Nails 12 ml","jetpack_sharing_enabled":true,"jetpack-related-posts":[{"id":6799,"url":"https:\/\/xn--uascoquetas-1db.co\/?product=base-unas-de-hierro-12-ml-esmalte-de-secado-al-aire","url_meta":{"origin":6785,"position":0},"title":"Base u\u00f1as de hierro 12 ml &#8211; Esmalte de secado al aire","author":"U\u00f1as Coquetas","date":"21\/11\/2023","format":false,"excerpt":"Esmalte de secado al aire marca Colombiana Arobell tono Base u\u00f1as de hierro 12 ml","rel":"","context":"Entrada similar","block_context":{"text":"Entrada similar","link":""},"img":{"alt_text":"102. Base iron nails","src":"https:\/\/i0.wp.com\/xn--uascoquetas-1db.co\/wp-content\/uploads\/2023\/11\/Unas-de-hierro_Mesa-de-trabajo-1.jpg?resize=350%2C200&ssl=1","width":350,"height":200,"srcset":"https:\/\/i0.wp.com\/xn--uascoquetas-1db.co\/wp-content\/uploads\/2023\/11\/Unas-de-hierro_Mesa-de-trabajo-1.jpg?resize=350%2C200&ssl=1 1x, https:\/\/i0.wp.com\/xn--uascoquetas-1db.co\/wp-content\/uploads\/2023\/11\/Unas-de-hierro_Mesa-de-trabajo-1.jpg?resize=525%2C300&ssl=1 1.5x, https:\/\/i0.wp.com\/xn--uascoquetas-1db.co\/wp-content\/uploads\/2023\/11\/Unas-de-hierro_Mesa-de-trabajo-1.jpg?resize=700%2C400&ssl=1 2x"},"classes":[]},{"id":6801,"url":"https:\/\/xn--uascoquetas-1db.co\/?product=cleanser-body-and-nail-180-ml-desengrasante","url_meta":{"origin":6785,"position":1},"title":"Cleanser Body and Nail 180 ml &#8211; Desengrasante","author":"U\u00f1as Coquetas","date":"21\/11\/2023","format":false,"excerpt":"Desengrasante marca Colombiana Arobell - Cleanser Body and Nail 180 ml","rel":"","context":"Entrada similar","block_context":{"text":"Entrada similar","link":""},"img":{"alt_text":"101. Desengrasante.","src":"https:\/\/i0.wp.com\/xn--uascoquetas-1db.co\/wp-content\/uploads\/2023\/11\/101.-Desengrasante-800px_Mesa-de-trabajo-1.jpg?resize=350%2C200&ssl=1","width":350,"height":200,"srcset":"https:\/\/i0.wp.com\/xn--uascoquetas-1db.co\/wp-content\/uploads\/2023\/11\/101.-Desengrasante-800px_Mesa-de-trabajo-1.jpg?resize=350%2C200&ssl=1 1x, https:\/\/i0.wp.com\/xn--uascoquetas-1db.co\/wp-content\/uploads\/2023\/11\/101.-Desengrasante-800px_Mesa-de-trabajo-1.jpg?resize=525%2C300&ssl=1 1.5x, https:\/\/i0.wp.com\/xn--uascoquetas-1db.co\/wp-content\/uploads\/2023\/11\/101.-Desengrasante-800px_Mesa-de-trabajo-1.jpg?resize=700%2C400&ssl=1 2x"},"classes":[]},{"id":6779,"url":"https:\/\/xn--uascoquetas-1db.co\/?product=base-endurecedora-keratina-10-ml-esmalte-de-secado-al-aire","url_meta":{"origin":6785,"position":2},"title":"Base endurecedora Keratina 10 ml &#8211; Esmalte de secado al aire","author":"U\u00f1as Coquetas","date":"20\/11\/2023","format":false,"excerpt":"Esmalte de secado al aire marca Colombiana Rodher tono Base endurecedora Keratina 10 ml","rel":"","context":"Entrada similar","block_context":{"text":"Entrada similar","link":""},"img":{"alt_text":"102. Base Keratina","src":"https:\/\/i0.wp.com\/xn--uascoquetas-1db.co\/wp-content\/uploads\/2023\/11\/Keratina_Mesa-de-trabajo-1.jpg?resize=350%2C200&ssl=1","width":350,"height":200,"srcset":"https:\/\/i0.wp.com\/xn--uascoquetas-1db.co\/wp-content\/uploads\/2023\/11\/Keratina_Mesa-de-trabajo-1.jpg?resize=350%2C200&ssl=1 1x, https:\/\/i0.wp.com\/xn--uascoquetas-1db.co\/wp-content\/uploads\/2023\/11\/Keratina_Mesa-de-trabajo-1.jpg?resize=525%2C300&ssl=1 1.5x, https:\/\/i0.wp.com\/xn--uascoquetas-1db.co\/wp-content\/uploads\/2023\/11\/Keratina_Mesa-de-trabajo-1.jpg?resize=700%2C400&ssl=1 2x"},"classes":[]},{"id":6783,"url":"https:\/\/xn--uascoquetas-1db.co\/?product=base-endurecedora-rosada-10-ml-esmalte-de-secado-al-aire","url_meta":{"origin":6785,"position":3},"title":"Base endurecedora rosada 10 ml &#8211; Esmalte de secado al aire","author":"U\u00f1as Coquetas","date":"20\/11\/2023","format":false,"excerpt":"Esmalte de secado al aire marca Colombiana Rodher tono Base endurecedora rosada 10 ml","rel":"","context":"Entrada similar","block_context":{"text":"Entrada similar","link":""},"img":{"alt_text":"103. Base Rosada","src":"https:\/\/i0.wp.com\/xn--uascoquetas-1db.co\/wp-content\/uploads\/2023\/11\/Rosada-800px_Mesa-de-trabajo-1.jpg?resize=350%2C200&ssl=1","width":350,"height":200,"srcset":"https:\/\/i0.wp.com\/xn--uascoquetas-1db.co\/wp-content\/uploads\/2023\/11\/Rosada-800px_Mesa-de-trabajo-1.jpg?resize=350%2C200&ssl=1 1x, https:\/\/i0.wp.com\/xn--uascoquetas-1db.co\/wp-content\/uploads\/2023\/11\/Rosada-800px_Mesa-de-trabajo-1.jpg?resize=525%2C300&ssl=1 1.5x, https:\/\/i0.wp.com\/xn--uascoquetas-1db.co\/wp-content\/uploads\/2023\/11\/Rosada-800px_Mesa-de-trabajo-1.jpg?resize=700%2C400&ssl=1 2x"},"classes":[]},{"id":9923,"url":"https:\/\/xn--uascoquetas-1db.co\/?product=base-masglo-clinical-total-care-esmalte-de-secado-al-aire","url_meta":{"origin":6785,"position":4},"title":"Base Masglo Clinical total care &#8211; Esmalte de secado al aire","author":"U\u00f1as Coquetas","date":"25\/03\/2025","format":false,"excerpt":"Esmalte de secado al aire marca Colombiana Masglo tono Base Masglo Clinical total care violeta","rel":"","context":"Entrada similar","block_context":{"text":"Entrada similar","link":""},"img":{"alt_text":"","src":"https:\/\/i0.wp.com\/xn--uascoquetas-1db.co\/wp-content\/uploads\/2025\/03\/total-care-nude_Mesa-de-trabajo-1.jpg?resize=350%2C200&ssl=1","width":350,"height":200,"srcset":"https:\/\/i0.wp.com\/xn--uascoquetas-1db.co\/wp-content\/uploads\/2025\/03\/total-care-nude_Mesa-de-trabajo-1.jpg?resize=350%2C200&ssl=1 1x, https:\/\/i0.wp.com\/xn--uascoquetas-1db.co\/wp-content\/uploads\/2025\/03\/total-care-nude_Mesa-de-trabajo-1.jpg?resize=525%2C300&ssl=1 1.5x, https:\/\/i0.wp.com\/xn--uascoquetas-1db.co\/wp-content\/uploads\/2025\/03\/total-care-nude_Mesa-de-trabajo-1.jpg?resize=700%2C400&ssl=1 2x"},"classes":[]},{"id":6777,"url":"https:\/\/xn--uascoquetas-1db.co\/?product=base-endurecedora-calcio-10-ml-esmalte-de-secado-al-aire","url_meta":{"origin":6785,"position":5},"title":"Base endurecedora calcio 10 ml &#8211; Esmalte de secado al aire","author":"U\u00f1as Coquetas","date":"20\/11\/2023","format":false,"excerpt":"Esmalte de secado al aire marca Colombiana Rodher tono Base endurecedora calcio 10 ml","rel":"","context":"Entrada similar","block_context":{"text":"Entrada similar","link":""},"img":{"alt_text":"101. Base Calcio","src":"https:\/\/i0.wp.com\/xn--uascoquetas-1db.co\/wp-content\/uploads\/2023\/11\/Base-calcio-800px_Mesa-de-trabajo-1.jpg?resize=350%2C200&ssl=1","width":350,"height":200,"srcset":"https:\/\/i0.wp.com\/xn--uascoquetas-1db.co\/wp-content\/uploads\/2023\/11\/Base-calcio-800px_Mesa-de-trabajo-1.jpg?resize=350%2C200&ssl=1 1x, https:\/\/i0.wp.com\/xn--uascoquetas-1db.co\/wp-content\/uploads\/2023\/11\/Base-calcio-800px_Mesa-de-trabajo-1.jpg?resize=525%2C300&ssl=1 1.5x, https:\/\/i0.wp.com\/xn--uascoquetas-1db.co\/wp-content\/uploads\/2023\/11\/Base-calcio-800px_Mesa-de-trabajo-1.jpg?resize=700%2C400&ssl=1 2x"},"classes":[]}],"_links":{"self":[{"href":"https:\/\/xn--uascoquetas-1db.co\/index.php?rest_route=\/wp\/v2\/product\/6785","targetHints":{"allow":["GET"]}}],"collection":[{"href":"https:\/\/xn--uascoquetas-1db.co\/index.php?rest_route=\/wp\/v2\/product"}],"about":[{"href":"https:\/\/xn--uascoquetas-1db.co\/index.php?rest_route=\/wp\/v2\/types\/product"}],"replies":[{"embeddable":true,"href":"https:\/\/xn--uascoquetas-1db.co\/index.php?rest_route=%2Fwp%2Fv2%2Fcomments&post=6785"}],"wp:featuredmedia":[{"embeddable":true,"href":"https:\/\/xn--uascoquetas-1db.co\/index.php?rest_route=\/wp\/v2\/media\/6786"}],"wp:attachment":[{"href":"https:\/\/xn--uascoquetas-1db.co\/index.php?rest_route=%2Fwp%2Fv2%2Fmedia&parent=6785"}],"wp:term":[{"taxonomy":"product_brand","embeddable":true,"href":"https:\/\/xn--uascoquetas-1db.co\/index.php?rest_route=%2Fwp%2Fv2%2Fproduct_brand&post=6785"},{"taxonomy":"product_cat","embeddable":true,"href":"https:\/\/xn--uascoquetas-1db.co\/index.php?rest_route=%2Fwp%2Fv2%2Fproduct_cat&post=6785"},{"taxonomy":"product_tag","embeddable":true,"href":"https:\/\/xn--uascoquetas-1db.co\/index.php?rest_route=%2Fwp%2Fv2%2Fproduct_tag&post=6785"}],"curies":[{"name":"wp","href":"https:\/\/api.w.org\/{rel}","templated":true}]}}