{"id":6804,"date":"2023-11-21T16:20:29","date_gmt":"2023-11-21T21:20:29","guid":{"rendered":"https:\/\/xn--uascoquetas-1db.co\/?post_type=product&#038;p=6804"},"modified":"2024-11-07T16:16:44","modified_gmt":"2024-11-07T21:16:44","slug":"removedor-de-esmalte-vitamina-e-amarillo-220-ml-removedor-sin-acetona","status":"publish","type":"product","link":"https:\/\/xn--uascoquetas-1db.co\/?product=removedor-de-esmalte-vitamina-e-amarillo-220-ml-removedor-sin-acetona","title":{"rendered":"Removedor de esmalte Vitamina E &#8211; Amarillo 220 ml &#8211; Removedor sin acetona"},"content":{"rendered":"<p>REMOVEDOR DE ESMALTE * 220ML AMARILLO CON DISPENSADOR<\/p>\n<h2>Caracter\u00edsticas:<\/h2>\n<p>-Presentaci\u00f3n: Recipiente de 220 ml con v\u00e1lvula dispensadora.<br \/>\n-Ingredientes: Vitamina E, Emolientes, Hidratantes.<br \/>\nRemueve r\u00e1pidamente el esmalte de la u\u00f1a. Con ingredientes que nutren, hidratan y regeneran. No contiene Acetona.<\/p>\n<p>Registro INVIMA NSOC27718-14CO<\/p>\n<h2>MODO DE USO<\/h2>\n<p>Aplicar suficiente cantidad de producto en una mota de algod\u00f3n y proceder a retirar el esmalte hasta que la u\u00f1a est\u00e9 completamente limpia. Enjuagar hasta retirar residuos.<\/p>\n","protected":false},"excerpt":{"rendered":"<table width=\"375\">\n<tbody>\n<tr>\n<td width=\"375\">Removedor sin acetona marca Colombiana Arobell &#8211; Removedor de esmalte Vitamina E &#8211; Amarillo 220 ml<\/td>\n<\/tr>\n<\/tbody>\n<\/table>\n","protected":false},"featured_media":6803,"comment_status":"open","ping_status":"closed","template":"","meta":{"_regular_price":["14000"],"currency_symbol":[],"_uag_custom_page_level_css":""},"product_brand":[],"product_cat":[47,232],"product_tag":[233],"class_list":{"0":"post-6804","1":"product","2":"type-product","3":"status-publish","4":"has-post-thumbnail","6":"product_cat-materiales","7":"product_cat-removedores-y-limpiadores","8":"product_tag-removedores","9":"product_shipping_class-paquete-pequeno","11":"first","12":"outofstock","13":"purchasable","14":"product-type-simple"},"post_slider_layout_featured_media_urls":{"thumbnail":["https:\/\/xn--uascoquetas-1db.co\/wp-content\/uploads\/2023\/11\/102.-Remov.-amarillo_Mesa-de-trabajo-1-150x150.jpg",150,150,true],"post_slider_layout_landscape_large":["https:\/\/xn--uascoquetas-1db.co\/wp-content\/uploads\/2023\/11\/102.-Remov.-amarillo_Mesa-de-trabajo-1.jpg",800,800,false],"post_slider_layout_portrait_large":["https:\/\/xn--uascoquetas-1db.co\/wp-content\/uploads\/2023\/11\/102.-Remov.-amarillo_Mesa-de-trabajo-1.jpg",800,800,false],"post_slider_layout_square_large":["https:\/\/xn--uascoquetas-1db.co\/wp-content\/uploads\/2023\/11\/102.-Remov.-amarillo_Mesa-de-trabajo-1.jpg",800,800,false],"post_slider_layout_landscape":["https:\/\/xn--uascoquetas-1db.co\/wp-content\/uploads\/2023\/11\/102.-Remov.-amarillo_Mesa-de-trabajo-1.jpg",400,400,false],"post_slider_layout_portrait":["https:\/\/xn--uascoquetas-1db.co\/wp-content\/uploads\/2023\/11\/102.-Remov.-amarillo_Mesa-de-trabajo-1.jpg",600,600,false],"post_slider_layout_square":["https:\/\/xn--uascoquetas-1db.co\/wp-content\/uploads\/2023\/11\/102.-Remov.-amarillo_Mesa-de-trabajo-1.jpg",600,600,false],"full":["https:\/\/xn--uascoquetas-1db.co\/wp-content\/uploads\/2023\/11\/102.-Remov.-amarillo_Mesa-de-trabajo-1.jpg",800,800,false]},"uagb_featured_image_src":{"full":["https:\/\/xn--uascoquetas-1db.co\/wp-content\/uploads\/2023\/11\/102.-Remov.-amarillo_Mesa-de-trabajo-1.jpg",800,800,false],"thumbnail":["https:\/\/xn--uascoquetas-1db.co\/wp-content\/uploads\/2023\/11\/102.-Remov.-amarillo_Mesa-de-trabajo-1-150x150.jpg",150,150,true],"medium":["https:\/\/xn--uascoquetas-1db.co\/wp-content\/uploads\/2023\/11\/102.-Remov.-amarillo_Mesa-de-trabajo-1-300x300.jpg",300,300,true],"medium_large":["https:\/\/xn--uascoquetas-1db.co\/wp-content\/uploads\/2023\/11\/102.-Remov.-amarillo_Mesa-de-trabajo-1-768x768.jpg",640,640,true],"large":["https:\/\/xn--uascoquetas-1db.co\/wp-content\/uploads\/2023\/11\/102.-Remov.-amarillo_Mesa-de-trabajo-1.jpg",640,640,false],"1536x1536":["https:\/\/xn--uascoquetas-1db.co\/wp-content\/uploads\/2023\/11\/102.-Remov.-amarillo_Mesa-de-trabajo-1.jpg",800,800,false],"2048x2048":["https:\/\/xn--uascoquetas-1db.co\/wp-content\/uploads\/2023\/11\/102.-Remov.-amarillo_Mesa-de-trabajo-1.jpg",800,800,false],"post_slider_layout_landscape_large":["https:\/\/xn--uascoquetas-1db.co\/wp-content\/uploads\/2023\/11\/102.-Remov.-amarillo_Mesa-de-trabajo-1.jpg",800,800,false],"post_slider_layout_portrait_large":["https:\/\/xn--uascoquetas-1db.co\/wp-content\/uploads\/2023\/11\/102.-Remov.-amarillo_Mesa-de-trabajo-1.jpg",800,800,false],"post_slider_layout_square_large":["https:\/\/xn--uascoquetas-1db.co\/wp-content\/uploads\/2023\/11\/102.-Remov.-amarillo_Mesa-de-trabajo-1.jpg",800,800,false],"post_slider_layout_landscape":["https:\/\/xn--uascoquetas-1db.co\/wp-content\/uploads\/2023\/11\/102.-Remov.-amarillo_Mesa-de-trabajo-1.jpg",400,400,false],"post_slider_layout_portrait":["https:\/\/xn--uascoquetas-1db.co\/wp-content\/uploads\/2023\/11\/102.-Remov.-amarillo_Mesa-de-trabajo-1.jpg",600,600,false],"post_slider_layout_square":["https:\/\/xn--uascoquetas-1db.co\/wp-content\/uploads\/2023\/11\/102.-Remov.-amarillo_Mesa-de-trabajo-1.jpg",600,600,false],"vw-kids-homepage-thumb":["https:\/\/xn--uascoquetas-1db.co\/wp-content\/uploads\/2023\/11\/102.-Remov.-amarillo_Mesa-de-trabajo-1.jpg",145,145,false],"woocommerce_thumbnail":["https:\/\/xn--uascoquetas-1db.co\/wp-content\/uploads\/2023\/11\/102.-Remov.-amarillo_Mesa-de-trabajo-1-300x300.jpg",300,300,true],"woocommerce_single":["https:\/\/xn--uascoquetas-1db.co\/wp-content\/uploads\/2023\/11\/102.-Remov.-amarillo_Mesa-de-trabajo-1-600x600.jpg",600,600,true],"woocommerce_gallery_thumbnail":["https:\/\/xn--uascoquetas-1db.co\/wp-content\/uploads\/2023\/11\/102.-Remov.-amarillo_Mesa-de-trabajo-1-100x100.jpg",100,100,true],"variation_swatches_image_size":["https:\/\/xn--uascoquetas-1db.co\/wp-content\/uploads\/2023\/11\/102.-Remov.-amarillo_Mesa-de-trabajo-1.jpg",50,50,false],"variation_swatches_tooltip_size":["https:\/\/xn--uascoquetas-1db.co\/wp-content\/uploads\/2023\/11\/102.-Remov.-amarillo_Mesa-de-trabajo-1.jpg",100,100,false]},"uagb_author_info":{"display_name":"U\u00f1as Coquetas","author_link":"https:\/\/xn--uascoquetas-1db.co\/?author=0"},"uagb_comment_info":0,"uagb_excerpt":"Removedor sin acetona marca Colombiana Arobell - Removedor de esmalte Vitamina E - Amarillo 220 ml","jetpack_sharing_enabled":true,"jetpack-related-posts":[{"id":6805,"url":"https:\/\/xn--uascoquetas-1db.co\/?product=removedor-de-esmalte-vitamina-e-verde-220-ml-removedor-sin-acetona","url_meta":{"origin":6804,"position":0},"title":"Removedor de esmalte Vitamina E &#8211; Verde 220 ml &#8211; Removedor sin acetona","author":"U\u00f1as Coquetas","date":"21\/11\/2023","format":false,"excerpt":"Removedor sin acetona marca Colombiana Arobell - Removedor de esmalte Vitamina E - Amarillo 220 ml","rel":"","context":"Entrada similar","block_context":{"text":"Entrada similar","link":""},"img":{"alt_text":"103. Removedor verde","src":"https:\/\/i0.wp.com\/xn--uascoquetas-1db.co\/wp-content\/uploads\/2023\/11\/103.-Removedor-verde_Mesa-de-trabajo-1.jpg?resize=350%2C200&ssl=1","width":350,"height":200,"srcset":"https:\/\/i0.wp.com\/xn--uascoquetas-1db.co\/wp-content\/uploads\/2023\/11\/103.-Removedor-verde_Mesa-de-trabajo-1.jpg?resize=350%2C200&ssl=1 1x, https:\/\/i0.wp.com\/xn--uascoquetas-1db.co\/wp-content\/uploads\/2023\/11\/103.-Removedor-verde_Mesa-de-trabajo-1.jpg?resize=525%2C300&ssl=1 1.5x, https:\/\/i0.wp.com\/xn--uascoquetas-1db.co\/wp-content\/uploads\/2023\/11\/103.-Removedor-verde_Mesa-de-trabajo-1.jpg?resize=700%2C400&ssl=1 2x"},"classes":[]},{"id":7954,"url":"https:\/\/xn--uascoquetas-1db.co\/?product=removedor-sin-acetona-125-ml-marylin","url_meta":{"origin":6804,"position":1},"title":"Removedor sin acetona 125 ml &#8211; Marylin","author":"U\u00f1as Coquetas","date":"25\/04\/2024","format":false,"excerpt":"Esmalte tradicional marca Colombiana Marylin, con aceite de ricino.","rel":"","context":"Entrada similar","block_context":{"text":"Entrada similar","link":""},"img":{"alt_text":"Removedor sin acetona 125 ml","src":"https:\/\/i0.wp.com\/xn--uascoquetas-1db.co\/wp-content\/uploads\/2024\/04\/Removedor-125-ml.jpg?resize=350%2C200&ssl=1","width":350,"height":200,"srcset":"https:\/\/i0.wp.com\/xn--uascoquetas-1db.co\/wp-content\/uploads\/2024\/04\/Removedor-125-ml.jpg?resize=350%2C200&ssl=1 1x, https:\/\/i0.wp.com\/xn--uascoquetas-1db.co\/wp-content\/uploads\/2024\/04\/Removedor-125-ml.jpg?resize=525%2C300&ssl=1 1.5x, https:\/\/i0.wp.com\/xn--uascoquetas-1db.co\/wp-content\/uploads\/2024\/04\/Removedor-125-ml.jpg?resize=700%2C400&ssl=1 2x"},"classes":[]},{"id":6868,"url":"https:\/\/xn--uascoquetas-1db.co\/?product=organico-250-ml-removedor-sin-acetona","url_meta":{"origin":6804,"position":2},"title":"Org\u00e1nico 250 ml &#8211; Removedor sin acetona","author":"U\u00f1as Coquetas","date":"26\/11\/2023","format":false,"excerpt":"Removedor sin acetona marca Colombiana Ghelic - Org\u00e1nico 250 ml","rel":"","context":"Entrada similar","block_context":{"text":"Entrada similar","link":""},"img":{"alt_text":"Org\u00e1nico 250 ml Ghelic","src":"https:\/\/i0.wp.com\/xn--uascoquetas-1db.co\/wp-content\/uploads\/2023\/11\/Removedor-organico-240-ml-800px_Mesa-de-trabajo-1.jpg?resize=350%2C200&ssl=1","width":350,"height":200,"srcset":"https:\/\/i0.wp.com\/xn--uascoquetas-1db.co\/wp-content\/uploads\/2023\/11\/Removedor-organico-240-ml-800px_Mesa-de-trabajo-1.jpg?resize=350%2C200&ssl=1 1x, https:\/\/i0.wp.com\/xn--uascoquetas-1db.co\/wp-content\/uploads\/2023\/11\/Removedor-organico-240-ml-800px_Mesa-de-trabajo-1.jpg?resize=525%2C300&ssl=1 1.5x, https:\/\/i0.wp.com\/xn--uascoquetas-1db.co\/wp-content\/uploads\/2023\/11\/Removedor-organico-240-ml-800px_Mesa-de-trabajo-1.jpg?resize=700%2C400&ssl=1 2x"},"classes":[]},{"id":6784,"url":"https:\/\/xn--uascoquetas-1db.co\/?product=base-endurecedora-aloe-vera-10-ml-esmalte-de-secado-al-aire","url_meta":{"origin":6804,"position":3},"title":"Base endurecedora aloe vera 10 ml &#8211; Esmalte de secado al aire","author":"U\u00f1as Coquetas","date":"20\/11\/2023","format":false,"excerpt":"Esmalte de secado al aire marca Colombiana Rodher tono Base endurecedora aloe vera 10 ml","rel":"","context":"Entrada similar","block_context":{"text":"Entrada similar","link":""},"img":{"alt_text":"104. Base aloe vera","src":"https:\/\/i0.wp.com\/xn--uascoquetas-1db.co\/wp-content\/uploads\/2023\/11\/Aloe-Vera_Mesa-de-trabajo-1.jpg?resize=350%2C200&ssl=1","width":350,"height":200,"srcset":"https:\/\/i0.wp.com\/xn--uascoquetas-1db.co\/wp-content\/uploads\/2023\/11\/Aloe-Vera_Mesa-de-trabajo-1.jpg?resize=350%2C200&ssl=1 1x, https:\/\/i0.wp.com\/xn--uascoquetas-1db.co\/wp-content\/uploads\/2023\/11\/Aloe-Vera_Mesa-de-trabajo-1.jpg?resize=525%2C300&ssl=1 1.5x, https:\/\/i0.wp.com\/xn--uascoquetas-1db.co\/wp-content\/uploads\/2023\/11\/Aloe-Vera_Mesa-de-trabajo-1.jpg?resize=700%2C400&ssl=1 2x"},"classes":[]},{"id":7422,"url":"https:\/\/xn--uascoquetas-1db.co\/?product=paquete-12-unidades-8-ml-pintura-acrilica","url_meta":{"origin":6804,"position":4},"title":"Paquete 12 unidades 8 ml &#8211; Pintura acr\u00edlica","author":"U\u00f1as Coquetas","date":"13\/02\/2024","format":false,"excerpt":"Pintura acr\u00edlica marca Colombiana Gen\u00e9rica tono Paquete 12 unidades 8 ml","rel":"","context":"Entrada similar","block_context":{"text":"Entrada similar","link":""},"img":{"alt_text":"Paquete 12 unidades 8 ml","src":"https:\/\/i0.wp.com\/xn--uascoquetas-1db.co\/wp-content\/uploads\/2024\/02\/Portada_800-PX.jpg?resize=350%2C200&ssl=1","width":350,"height":200,"srcset":"https:\/\/i0.wp.com\/xn--uascoquetas-1db.co\/wp-content\/uploads\/2024\/02\/Portada_800-PX.jpg?resize=350%2C200&ssl=1 1x, https:\/\/i0.wp.com\/xn--uascoquetas-1db.co\/wp-content\/uploads\/2024\/02\/Portada_800-PX.jpg?resize=525%2C300&ssl=1 1.5x, https:\/\/i0.wp.com\/xn--uascoquetas-1db.co\/wp-content\/uploads\/2024\/02\/Portada_800-PX.jpg?resize=700%2C400&ssl=1 2x"},"classes":[]},{"id":7956,"url":"https:\/\/xn--uascoquetas-1db.co\/?product=dilusor-de-esmalte-65-ml-marylin","url_meta":{"origin":6804,"position":5},"title":"Dilusor de esmalte 65 ml &#8211; Marylin","author":"U\u00f1as Coquetas","date":"25\/04\/2024","format":false,"excerpt":"Esmalte tradicional marca Colombiana Marylin, dilusor de esmalte","rel":"","context":"Entrada similar","block_context":{"text":"Entrada similar","link":""},"img":{"alt_text":"20137112","src":"https:\/\/i0.wp.com\/xn--uascoquetas-1db.co\/wp-content\/uploads\/2024\/04\/Dilusor-65-ml-im.jpg?resize=350%2C200&ssl=1","width":350,"height":200,"srcset":"https:\/\/i0.wp.com\/xn--uascoquetas-1db.co\/wp-content\/uploads\/2024\/04\/Dilusor-65-ml-im.jpg?resize=350%2C200&ssl=1 1x, https:\/\/i0.wp.com\/xn--uascoquetas-1db.co\/wp-content\/uploads\/2024\/04\/Dilusor-65-ml-im.jpg?resize=525%2C300&ssl=1 1.5x, https:\/\/i0.wp.com\/xn--uascoquetas-1db.co\/wp-content\/uploads\/2024\/04\/Dilusor-65-ml-im.jpg?resize=700%2C400&ssl=1 2x"},"classes":[]}],"_links":{"self":[{"href":"https:\/\/xn--uascoquetas-1db.co\/index.php?rest_route=\/wp\/v2\/product\/6804","targetHints":{"allow":["GET"]}}],"collection":[{"href":"https:\/\/xn--uascoquetas-1db.co\/index.php?rest_route=\/wp\/v2\/product"}],"about":[{"href":"https:\/\/xn--uascoquetas-1db.co\/index.php?rest_route=\/wp\/v2\/types\/product"}],"replies":[{"embeddable":true,"href":"https:\/\/xn--uascoquetas-1db.co\/index.php?rest_route=%2Fwp%2Fv2%2Fcomments&post=6804"}],"wp:featuredmedia":[{"embeddable":true,"href":"https:\/\/xn--uascoquetas-1db.co\/index.php?rest_route=\/wp\/v2\/media\/6803"}],"wp:attachment":[{"href":"https:\/\/xn--uascoquetas-1db.co\/index.php?rest_route=%2Fwp%2Fv2%2Fmedia&parent=6804"}],"wp:term":[{"taxonomy":"product_brand","embeddable":true,"href":"https:\/\/xn--uascoquetas-1db.co\/index.php?rest_route=%2Fwp%2Fv2%2Fproduct_brand&post=6804"},{"taxonomy":"product_cat","embeddable":true,"href":"https:\/\/xn--uascoquetas-1db.co\/index.php?rest_route=%2Fwp%2Fv2%2Fproduct_cat&post=6804"},{"taxonomy":"product_tag","embeddable":true,"href":"https:\/\/xn--uascoquetas-1db.co\/index.php?rest_route=%2Fwp%2Fv2%2Fproduct_tag&post=6804"}],"curies":[{"name":"wp","href":"https:\/\/api.w.org\/{rel}","templated":true}]}}