{"id":6952,"date":"2023-12-01T15:38:29","date_gmt":"2023-12-01T20:38:29","guid":{"rendered":"https:\/\/xn--uascoquetas-1db.co\/?post_type=product&#038;p=6952"},"modified":"2025-03-26T16:24:47","modified_gmt":"2025-03-26T21:24:47","slug":"lima-de-cristal-babies-rosada-lima-lavable","status":"publish","type":"product","link":"https:\/\/xn--uascoquetas-1db.co\/?product=lima-de-cristal-babies-rosada-lima-lavable","title":{"rendered":"Lima de cristal babies &#8211; Lima lavable"},"content":{"rendered":"<p>Una (1) lima de cristal para beb\u00e9s, color a elecci\u00f3n.<\/p>\n<h2>DESCRIPCI\u00d3N<\/h2>\n<p>Art\u00edculo completamente nuevo<\/p>\n<p>Tama\u00f1o de la lima: Alto 8 cm &#8211; Ancho 1 cm<\/p>\n<p>\u00a1Es mejor limar que cortar!<br \/>\n\u00a1S\u00faper suaves con las u\u00f1as de los beb\u00e9s!<br \/>\n\u00a1S\u00faper higi\u00e9nicas! se pueden lavar con agua y jab\u00f3n.<br \/>\nPunta redonda que proporciona mayor seguridad.<\/p>\n","protected":false},"excerpt":{"rendered":"<table width=\"375\">\n<tbody>\n<tr>\n<td width=\"375\">Lima lavable marca Colombiana CristalUp, para el cuidado de tu beb\u00e9.<\/td>\n<\/tr>\n<\/tbody>\n<\/table>\n","protected":false},"featured_media":6953,"comment_status":"open","ping_status":"closed","template":"","meta":{"_regular_price":[],"currency_symbol":[],"_uag_custom_page_level_css":""},"product_brand":[],"product_cat":[225,47],"product_tag":[228],"class_list":{"0":"post-6952","1":"product","2":"type-product","3":"status-publish","4":"has-post-thumbnail","6":"product_cat-cuidado-de-manos","7":"product_cat-materiales","8":"product_tag-limas","9":"product_shipping_class-paquete-pequeno","10":"pa_color-azul","11":"pa_color-fucsia","12":"pa_color-naranja","13":"pa_color-verde","15":"first","16":"instock","17":"purchasable","18":"product-type-variable"},"post_slider_layout_featured_media_urls":{"thumbnail":["https:\/\/xn--uascoquetas-1db.co\/wp-content\/uploads\/2023\/12\/Caja-rosada-01-01-150x150.jpg",150,150,true],"post_slider_layout_landscape_large":["https:\/\/xn--uascoquetas-1db.co\/wp-content\/uploads\/2023\/12\/Caja-rosada-01-01.jpg",800,800,false],"post_slider_layout_portrait_large":["https:\/\/xn--uascoquetas-1db.co\/wp-content\/uploads\/2023\/12\/Caja-rosada-01-01.jpg",1080,1080,false],"post_slider_layout_square_large":["https:\/\/xn--uascoquetas-1db.co\/wp-content\/uploads\/2023\/12\/Caja-rosada-01-01.jpg",1080,1080,false],"post_slider_layout_landscape":["https:\/\/xn--uascoquetas-1db.co\/wp-content\/uploads\/2023\/12\/Caja-rosada-01-01.jpg",400,400,false],"post_slider_layout_portrait":["https:\/\/xn--uascoquetas-1db.co\/wp-content\/uploads\/2023\/12\/Caja-rosada-01-01.jpg",600,600,false],"post_slider_layout_square":["https:\/\/xn--uascoquetas-1db.co\/wp-content\/uploads\/2023\/12\/Caja-rosada-01-01.jpg",600,600,false],"full":["https:\/\/xn--uascoquetas-1db.co\/wp-content\/uploads\/2023\/12\/Caja-rosada-01-01.jpg",1080,1080,false]},"uagb_featured_image_src":{"full":["https:\/\/xn--uascoquetas-1db.co\/wp-content\/uploads\/2023\/12\/Caja-rosada-01-01.jpg",1080,1080,false],"thumbnail":["https:\/\/xn--uascoquetas-1db.co\/wp-content\/uploads\/2023\/12\/Caja-rosada-01-01-150x150.jpg",150,150,true],"medium":["https:\/\/xn--uascoquetas-1db.co\/wp-content\/uploads\/2023\/12\/Caja-rosada-01-01-300x300.jpg",300,300,true],"medium_large":["https:\/\/xn--uascoquetas-1db.co\/wp-content\/uploads\/2023\/12\/Caja-rosada-01-01-768x768.jpg",640,640,true],"large":["https:\/\/xn--uascoquetas-1db.co\/wp-content\/uploads\/2023\/12\/Caja-rosada-01-01-1024x1024.jpg",640,640,true],"1536x1536":["https:\/\/xn--uascoquetas-1db.co\/wp-content\/uploads\/2023\/12\/Caja-rosada-01-01.jpg",1080,1080,false],"2048x2048":["https:\/\/xn--uascoquetas-1db.co\/wp-content\/uploads\/2023\/12\/Caja-rosada-01-01.jpg",1080,1080,false],"post_slider_layout_landscape_large":["https:\/\/xn--uascoquetas-1db.co\/wp-content\/uploads\/2023\/12\/Caja-rosada-01-01.jpg",800,800,false],"post_slider_layout_portrait_large":["https:\/\/xn--uascoquetas-1db.co\/wp-content\/uploads\/2023\/12\/Caja-rosada-01-01.jpg",1080,1080,false],"post_slider_layout_square_large":["https:\/\/xn--uascoquetas-1db.co\/wp-content\/uploads\/2023\/12\/Caja-rosada-01-01.jpg",1080,1080,false],"post_slider_layout_landscape":["https:\/\/xn--uascoquetas-1db.co\/wp-content\/uploads\/2023\/12\/Caja-rosada-01-01.jpg",400,400,false],"post_slider_layout_portrait":["https:\/\/xn--uascoquetas-1db.co\/wp-content\/uploads\/2023\/12\/Caja-rosada-01-01.jpg",600,600,false],"post_slider_layout_square":["https:\/\/xn--uascoquetas-1db.co\/wp-content\/uploads\/2023\/12\/Caja-rosada-01-01.jpg",600,600,false],"vw-kids-homepage-thumb":["https:\/\/xn--uascoquetas-1db.co\/wp-content\/uploads\/2023\/12\/Caja-rosada-01-01.jpg",145,145,false],"woocommerce_thumbnail":["https:\/\/xn--uascoquetas-1db.co\/wp-content\/uploads\/2023\/12\/Caja-rosada-01-01-300x300.jpg",300,300,true],"woocommerce_single":["https:\/\/xn--uascoquetas-1db.co\/wp-content\/uploads\/2023\/12\/Caja-rosada-01-01-600x600.jpg",600,600,true],"woocommerce_gallery_thumbnail":["https:\/\/xn--uascoquetas-1db.co\/wp-content\/uploads\/2023\/12\/Caja-rosada-01-01-100x100.jpg",100,100,true],"variation_swatches_image_size":["https:\/\/xn--uascoquetas-1db.co\/wp-content\/uploads\/2023\/12\/Caja-rosada-01-01.jpg",50,50,false],"variation_swatches_tooltip_size":["https:\/\/xn--uascoquetas-1db.co\/wp-content\/uploads\/2023\/12\/Caja-rosada-01-01.jpg",100,100,false]},"uagb_author_info":{"display_name":"U\u00f1as Coquetas","author_link":"https:\/\/xn--uascoquetas-1db.co\/?author=0"},"uagb_comment_info":0,"uagb_excerpt":"Lima lavable marca Colombiana CristalUp, para el cuidado de tu beb\u00e9.","jetpack_sharing_enabled":true,"jetpack-related-posts":[{"id":6770,"url":"https:\/\/xn--uascoquetas-1db.co\/?product=lima-de-cristal-mediana-negro-lima-lavable","url_meta":{"origin":6952,"position":0},"title":"Lima de cristal mediana &#8211; Lima lavable","author":"U\u00f1as Coquetas","date":"17\/11\/2023","format":false,"excerpt":"Lima lavable marca Colombiana CristalUp, lavable y reutilizable.","rel":"","context":"Entrada similar","block_context":{"text":"Entrada similar","link":""},"img":{"alt_text":"120. Lima mediana negra","src":"https:\/\/i0.wp.com\/xn--uascoquetas-1db.co\/wp-content\/uploads\/2023\/11\/120.-negra-800px_Mesa-de-trabajo-1.jpg?resize=350%2C200&ssl=1","width":350,"height":200,"srcset":"https:\/\/i0.wp.com\/xn--uascoquetas-1db.co\/wp-content\/uploads\/2023\/11\/120.-negra-800px_Mesa-de-trabajo-1.jpg?resize=350%2C200&ssl=1 1x, https:\/\/i0.wp.com\/xn--uascoquetas-1db.co\/wp-content\/uploads\/2023\/11\/120.-negra-800px_Mesa-de-trabajo-1.jpg?resize=525%2C300&ssl=1 1.5x, https:\/\/i0.wp.com\/xn--uascoquetas-1db.co\/wp-content\/uploads\/2023\/11\/120.-negra-800px_Mesa-de-trabajo-1.jpg?resize=700%2C400&ssl=1 2x"},"classes":[]},{"id":6976,"url":"https:\/\/xn--uascoquetas-1db.co\/?product=lima-de-cristal-pequena-verde-y-fucsia-mini-lima-lavable","url_meta":{"origin":6952,"position":1},"title":"Lima de cristal peque\u00f1a &#8211; Mini lima lavable","author":"U\u00f1as Coquetas","date":"01\/12\/2023","format":false,"excerpt":"Mini lima lavable marca Colombiana CristalUp, durable y reutilizable.","rel":"","context":"Entrada similar","block_context":{"text":"Entrada similar","link":""},"img":{"alt_text":"Lima de cristal peque\u00f1a Verde y fucsia","src":"https:\/\/i0.wp.com\/xn--uascoquetas-1db.co\/wp-content\/uploads\/2023\/12\/Fucsia-verde-01-1.jpg?resize=350%2C200&ssl=1","width":350,"height":200,"srcset":"https:\/\/i0.wp.com\/xn--uascoquetas-1db.co\/wp-content\/uploads\/2023\/12\/Fucsia-verde-01-1.jpg?resize=350%2C200&ssl=1 1x, https:\/\/i0.wp.com\/xn--uascoquetas-1db.co\/wp-content\/uploads\/2023\/12\/Fucsia-verde-01-1.jpg?resize=525%2C300&ssl=1 1.5x, https:\/\/i0.wp.com\/xn--uascoquetas-1db.co\/wp-content\/uploads\/2023\/12\/Fucsia-verde-01-1.jpg?resize=700%2C400&ssl=1 2x, https:\/\/i0.wp.com\/xn--uascoquetas-1db.co\/wp-content\/uploads\/2023\/12\/Fucsia-verde-01-1.jpg?resize=1050%2C600&ssl=1 3x"},"classes":[]},{"id":8130,"url":"https:\/\/xn--uascoquetas-1db.co\/?product=lima-future-mini-lima-lavable","url_meta":{"origin":6952,"position":2},"title":"Lima Future mini &#8211; Lima lavable","author":"U\u00f1as Coquetas","date":"23\/05\/2024","format":false,"excerpt":"Mini lima lavable marca Colombiana CristalUp, durable y reutilizable.","rel":"","context":"Entrada similar","block_context":{"text":"Entrada similar","link":""},"img":{"alt_text":"Lima mini transparente Morada","src":"https:\/\/i0.wp.com\/xn--uascoquetas-1db.co\/wp-content\/uploads\/2024\/05\/Mini-lima-morada_800-PX.jpg?resize=350%2C200&ssl=1","width":350,"height":200,"srcset":"https:\/\/i0.wp.com\/xn--uascoquetas-1db.co\/wp-content\/uploads\/2024\/05\/Mini-lima-morada_800-PX.jpg?resize=350%2C200&ssl=1 1x, https:\/\/i0.wp.com\/xn--uascoquetas-1db.co\/wp-content\/uploads\/2024\/05\/Mini-lima-morada_800-PX.jpg?resize=525%2C300&ssl=1 1.5x, https:\/\/i0.wp.com\/xn--uascoquetas-1db.co\/wp-content\/uploads\/2024\/05\/Mini-lima-morada_800-PX.jpg?resize=700%2C400&ssl=1 2x"},"classes":[]},{"id":6972,"url":"https:\/\/xn--uascoquetas-1db.co\/?product=raspador-para-pies-azul-y-amarillo-lima-lavable","url_meta":{"origin":6952,"position":3},"title":"Raspador para pies azul y amarillo &#8211; Lima lavable","author":"U\u00f1as Coquetas","date":"01\/12\/2023","format":false,"excerpt":"Lima lavable marca Colombiana CristalUp, raspador de pies.","rel":"","context":"Entrada similar","block_context":{"text":"Entrada similar","link":""},"img":{"alt_text":"Raspador para pies azul y amarillo","src":"https:\/\/i0.wp.com\/xn--uascoquetas-1db.co\/wp-content\/uploads\/2023\/12\/Raspador-pie-amarilla-y-azulestuche-01.jpg?resize=350%2C200&ssl=1","width":350,"height":200,"srcset":"https:\/\/i0.wp.com\/xn--uascoquetas-1db.co\/wp-content\/uploads\/2023\/12\/Raspador-pie-amarilla-y-azulestuche-01.jpg?resize=350%2C200&ssl=1 1x, https:\/\/i0.wp.com\/xn--uascoquetas-1db.co\/wp-content\/uploads\/2023\/12\/Raspador-pie-amarilla-y-azulestuche-01.jpg?resize=525%2C300&ssl=1 1.5x, https:\/\/i0.wp.com\/xn--uascoquetas-1db.co\/wp-content\/uploads\/2023\/12\/Raspador-pie-amarilla-y-azulestuche-01.jpg?resize=700%2C400&ssl=1 2x, https:\/\/i0.wp.com\/xn--uascoquetas-1db.co\/wp-content\/uploads\/2023\/12\/Raspador-pie-amarilla-y-azulestuche-01.jpg?resize=1050%2C600&ssl=1 3x"},"classes":[]},{"id":8402,"url":"https:\/\/xn--uascoquetas-1db.co\/?product=lima-brilladora-transparente-nano-glass-lima-lavable","url_meta":{"origin":6952,"position":4},"title":"Lima brilladora transparente &#8211; nano glass &#8211; Lima lavable","author":"U\u00f1as Coquetas","date":"07\/06\/2024","format":false,"excerpt":"Lima lavable marca Extranjera Gen\u00e9rica, lima para brillar la superficie de la u\u00f1a.","rel":"","context":"Entrada similar","block_context":{"text":"Entrada similar","link":""},"img":{"alt_text":"Lima brilladora transparente - nano glass","src":"https:\/\/i0.wp.com\/xn--uascoquetas-1db.co\/wp-content\/uploads\/2024\/06\/Brilladora.png?resize=350%2C200&ssl=1","width":350,"height":200,"srcset":"https:\/\/i0.wp.com\/xn--uascoquetas-1db.co\/wp-content\/uploads\/2024\/06\/Brilladora.png?resize=350%2C200&ssl=1 1x, https:\/\/i0.wp.com\/xn--uascoquetas-1db.co\/wp-content\/uploads\/2024\/06\/Brilladora.png?resize=525%2C300&ssl=1 1.5x, https:\/\/i0.wp.com\/xn--uascoquetas-1db.co\/wp-content\/uploads\/2024\/06\/Brilladora.png?resize=700%2C400&ssl=1 2x"},"classes":[]},{"id":8405,"url":"https:\/\/xn--uascoquetas-1db.co\/?product=raspador-pies-dorado-nano-glass-lima-lavable","url_meta":{"origin":6952,"position":5},"title":"Raspador pies dorado &#8211; nano glass &#8211; Lima lavable","author":"U\u00f1as Coquetas","date":"07\/06\/2024","format":false,"excerpt":"Lima lavable marca Extranjera Gen\u00e9rica, lima con tecnolog\u00eda de nano vidrio, para retirar excesos de piel y callosidades de los pies.","rel":"","context":"Entrada similar","block_context":{"text":"Entrada similar","link":""},"img":{"alt_text":"Raspador pies dorado - nano glass","src":"https:\/\/i0.wp.com\/xn--uascoquetas-1db.co\/wp-content\/uploads\/2024\/06\/Raspador-de-pies.png?resize=350%2C200&ssl=1","width":350,"height":200,"srcset":"https:\/\/i0.wp.com\/xn--uascoquetas-1db.co\/wp-content\/uploads\/2024\/06\/Raspador-de-pies.png?resize=350%2C200&ssl=1 1x, https:\/\/i0.wp.com\/xn--uascoquetas-1db.co\/wp-content\/uploads\/2024\/06\/Raspador-de-pies.png?resize=525%2C300&ssl=1 1.5x, https:\/\/i0.wp.com\/xn--uascoquetas-1db.co\/wp-content\/uploads\/2024\/06\/Raspador-de-pies.png?resize=700%2C400&ssl=1 2x"},"classes":[]}],"_links":{"self":[{"href":"https:\/\/xn--uascoquetas-1db.co\/index.php?rest_route=\/wp\/v2\/product\/6952","targetHints":{"allow":["GET"]}}],"collection":[{"href":"https:\/\/xn--uascoquetas-1db.co\/index.php?rest_route=\/wp\/v2\/product"}],"about":[{"href":"https:\/\/xn--uascoquetas-1db.co\/index.php?rest_route=\/wp\/v2\/types\/product"}],"replies":[{"embeddable":true,"href":"https:\/\/xn--uascoquetas-1db.co\/index.php?rest_route=%2Fwp%2Fv2%2Fcomments&post=6952"}],"wp:featuredmedia":[{"embeddable":true,"href":"https:\/\/xn--uascoquetas-1db.co\/index.php?rest_route=\/wp\/v2\/media\/6953"}],"wp:attachment":[{"href":"https:\/\/xn--uascoquetas-1db.co\/index.php?rest_route=%2Fwp%2Fv2%2Fmedia&parent=6952"}],"wp:term":[{"taxonomy":"product_brand","embeddable":true,"href":"https:\/\/xn--uascoquetas-1db.co\/index.php?rest_route=%2Fwp%2Fv2%2Fproduct_brand&post=6952"},{"taxonomy":"product_cat","embeddable":true,"href":"https:\/\/xn--uascoquetas-1db.co\/index.php?rest_route=%2Fwp%2Fv2%2Fproduct_cat&post=6952"},{"taxonomy":"product_tag","embeddable":true,"href":"https:\/\/xn--uascoquetas-1db.co\/index.php?rest_route=%2Fwp%2Fv2%2Fproduct_tag&post=6952"}],"curies":[{"name":"wp","href":"https:\/\/api.w.org\/{rel}","templated":true}]}}