{"id":7016,"date":"2023-12-10T20:02:17","date_gmt":"2023-12-11T01:02:17","guid":{"rendered":"https:\/\/xn--uascoquetas-1db.co\/?post_type=product&#038;p=7016"},"modified":"2025-05-15T17:49:38","modified_gmt":"2025-05-15T22:49:38","slug":"an-anime-mix-placa-metalica-mundo-de-unas","status":"publish","type":"product","link":"https:\/\/xn--uascoquetas-1db.co\/?product=an-anime-mix-placa-metalica-mundo-de-unas","title":{"rendered":"AN Anime mix &#8211; Placa met\u00e1lica &#8211; Mundo de U\u00f1as"},"content":{"rendered":"<p>Placa rectangular Marca mexicana Mundo de U\u00f1as<\/p>\n<h2>Descripci\u00f3n<\/h2>\n<p>Art\u00edculo completamente nuevo<\/p>\n<p>Una placa Rectangular<br \/>\nTama\u00f1o: 6 x 9 cm Aproximadamente<br \/>\nMaterial: Acero inoxidable<\/p>\n<h2>Recomendaciones<\/h2>\n<p>Es posible aplicar removedor. Si es muy grasoso, limpiar con un poco de alcohol para recoger el dise\u00f1o con mayor facilidad.<br \/>\nLa placa viene sola, no tiene el estampador ni el raspador. Puedes adquirirlos tambi\u00e9n en nuestra tienda.<\/p>\n<blockquote class=\"tiktok-embed\" cite=\"https:\/\/www.tiktok.com\/@unascoquetaz\/video\/7383343916667505926\" data-video-id=\"7383343916667505926\" data-embed-from=\"oembed\" style=\"max-width:605px; min-width:325px;\">\n<section> <a target=\"_blank\" title=\"@unascoquetaz\" href=\"https:\/\/www.tiktok.com\/@unascoquetaz?refer=embed\">@unascoquetaz<\/a> <\/p>\n<p>Mientras te muestro el <a title=\"minitutorial\" target=\"_blank\" href=\"https:\/\/www.tiktok.com\/tag\/minitutorial?refer=embed\">#minitutorial<\/a> para hacer a Furia de <a title=\"intensamente\" target=\"_blank\" href=\"https:\/\/www.tiktok.com\/tag\/intensamente?refer=embed\">#intensamente<\/a> con la t\u00e9cnica de estampado de u\u00f1as, te cuento una peque\u00f1a historia.  No s\u00e9 qu\u00e9 tan frecuente la gente va al cine sin compa\u00f1\u00eda, porque es una actividad que se hace en pareja, amigos o familia. As\u00ed que si lo has hecho, cu\u00e9ntame qu\u00e9 pelis has visto as\u00ed. <a title=\"u\u00f1ascoquetas\" target=\"_blank\" href=\"https:\/\/www.tiktok.com\/tag\/u%C3%B1ascoquetas?refer=embed\">#u\u00f1ascoquetas<\/a> <a title=\"nailart\" target=\"_blank\" href=\"https:\/\/www.tiktok.com\/tag\/nailart?refer=embed\">#nailart<\/a> <a title=\"stampingnailart\" target=\"_blank\" href=\"https:\/\/www.tiktok.com\/tag\/stampingnailart?refer=embed\">#stampingnailart<\/a> <a title=\"storytime\" target=\"_blank\" href=\"https:\/\/www.tiktok.com\/tag\/storytime?refer=embed\">#storytime<\/a> <a title=\"longervideos\" target=\"_blank\" href=\"https:\/\/www.tiktok.com\/tag\/longervideos?refer=embed\">#longervideos<\/a> <\/p>\n<p> <a target=\"_blank\" title=\"\u266c Happy Kids - Syafeea library\" href=\"https:\/\/www.tiktok.com\/music\/Happy-Kids-7243630161731684353?refer=embed\">\u266c Happy Kids &#8211; Syafeea library<\/a> <\/section>\n<\/blockquote>\n<p> <script async src=\"https:\/\/www.tiktok.com\/embed.js\"><\/script><\/p>\n<p>&nbsp;<\/p>\n","protected":false},"excerpt":{"rendered":"<table width=\"375\">\n<tbody>\n<tr>\n<td width=\"375\">Placa met\u00e1lica para estampar u\u00f1as, marca Mexicana Mundo de U\u00f1as con hermosas figuras de cartoon variado, bob Esponja, Simpsons, toy Story, Mickey, Luigy, Pinocho, entre otros.<\/td>\n<\/tr>\n<\/tbody>\n<\/table>\n","protected":false},"featured_media":7017,"comment_status":"open","ping_status":"closed","template":"","meta":{"_regular_price":["19300"],"currency_symbol":[],"_uag_custom_page_level_css":""},"product_brand":[],"product_cat":[26,24],"product_tag":[161,39,134,41],"class_list":{"0":"post-7016","1":"product","2":"type-product","3":"status-publish","4":"has-post-thumbnail","6":"product_cat-mundo-de-unas","7":"product_cat-placas-de-estampar","8":"product_tag-cartoon","9":"product_tag-metalico","10":"product_tag-placas","11":"product_tag-stamping","12":"product_shipping_class-paquete-pequeno","14":"first","15":"instock","16":"purchasable","17":"product-type-simple"},"post_slider_layout_featured_media_urls":{"thumbnail":["https:\/\/xn--uascoquetas-1db.co\/wp-content\/uploads\/2023\/12\/ANIME-MIX-800PX_Mesa-de-trabajo-1-150x150.jpg",150,150,true],"post_slider_layout_landscape_large":["https:\/\/xn--uascoquetas-1db.co\/wp-content\/uploads\/2023\/12\/ANIME-MIX-800PX_Mesa-de-trabajo-1.jpg",800,800,false],"post_slider_layout_portrait_large":["https:\/\/xn--uascoquetas-1db.co\/wp-content\/uploads\/2023\/12\/ANIME-MIX-800PX_Mesa-de-trabajo-1.jpg",800,800,false],"post_slider_layout_square_large":["https:\/\/xn--uascoquetas-1db.co\/wp-content\/uploads\/2023\/12\/ANIME-MIX-800PX_Mesa-de-trabajo-1.jpg",800,800,false],"post_slider_layout_landscape":["https:\/\/xn--uascoquetas-1db.co\/wp-content\/uploads\/2023\/12\/ANIME-MIX-800PX_Mesa-de-trabajo-1.jpg",400,400,false],"post_slider_layout_portrait":["https:\/\/xn--uascoquetas-1db.co\/wp-content\/uploads\/2023\/12\/ANIME-MIX-800PX_Mesa-de-trabajo-1.jpg",600,600,false],"post_slider_layout_square":["https:\/\/xn--uascoquetas-1db.co\/wp-content\/uploads\/2023\/12\/ANIME-MIX-800PX_Mesa-de-trabajo-1.jpg",600,600,false],"full":["https:\/\/xn--uascoquetas-1db.co\/wp-content\/uploads\/2023\/12\/ANIME-MIX-800PX_Mesa-de-trabajo-1.jpg",800,800,false]},"uagb_featured_image_src":{"full":["https:\/\/xn--uascoquetas-1db.co\/wp-content\/uploads\/2023\/12\/ANIME-MIX-800PX_Mesa-de-trabajo-1.jpg",800,800,false],"thumbnail":["https:\/\/xn--uascoquetas-1db.co\/wp-content\/uploads\/2023\/12\/ANIME-MIX-800PX_Mesa-de-trabajo-1-150x150.jpg",150,150,true],"medium":["https:\/\/xn--uascoquetas-1db.co\/wp-content\/uploads\/2023\/12\/ANIME-MIX-800PX_Mesa-de-trabajo-1-300x300.jpg",300,300,true],"medium_large":["https:\/\/xn--uascoquetas-1db.co\/wp-content\/uploads\/2023\/12\/ANIME-MIX-800PX_Mesa-de-trabajo-1-768x768.jpg",640,640,true],"large":["https:\/\/xn--uascoquetas-1db.co\/wp-content\/uploads\/2023\/12\/ANIME-MIX-800PX_Mesa-de-trabajo-1.jpg",640,640,false],"1536x1536":["https:\/\/xn--uascoquetas-1db.co\/wp-content\/uploads\/2023\/12\/ANIME-MIX-800PX_Mesa-de-trabajo-1.jpg",800,800,false],"2048x2048":["https:\/\/xn--uascoquetas-1db.co\/wp-content\/uploads\/2023\/12\/ANIME-MIX-800PX_Mesa-de-trabajo-1.jpg",800,800,false],"post_slider_layout_landscape_large":["https:\/\/xn--uascoquetas-1db.co\/wp-content\/uploads\/2023\/12\/ANIME-MIX-800PX_Mesa-de-trabajo-1.jpg",800,800,false],"post_slider_layout_portrait_large":["https:\/\/xn--uascoquetas-1db.co\/wp-content\/uploads\/2023\/12\/ANIME-MIX-800PX_Mesa-de-trabajo-1.jpg",800,800,false],"post_slider_layout_square_large":["https:\/\/xn--uascoquetas-1db.co\/wp-content\/uploads\/2023\/12\/ANIME-MIX-800PX_Mesa-de-trabajo-1.jpg",800,800,false],"post_slider_layout_landscape":["https:\/\/xn--uascoquetas-1db.co\/wp-content\/uploads\/2023\/12\/ANIME-MIX-800PX_Mesa-de-trabajo-1.jpg",400,400,false],"post_slider_layout_portrait":["https:\/\/xn--uascoquetas-1db.co\/wp-content\/uploads\/2023\/12\/ANIME-MIX-800PX_Mesa-de-trabajo-1.jpg",600,600,false],"post_slider_layout_square":["https:\/\/xn--uascoquetas-1db.co\/wp-content\/uploads\/2023\/12\/ANIME-MIX-800PX_Mesa-de-trabajo-1.jpg",600,600,false],"vw-kids-homepage-thumb":["https:\/\/xn--uascoquetas-1db.co\/wp-content\/uploads\/2023\/12\/ANIME-MIX-800PX_Mesa-de-trabajo-1.jpg",145,145,false],"woocommerce_thumbnail":["https:\/\/xn--uascoquetas-1db.co\/wp-content\/uploads\/2023\/12\/ANIME-MIX-800PX_Mesa-de-trabajo-1-300x300.jpg",300,300,true],"woocommerce_single":["https:\/\/xn--uascoquetas-1db.co\/wp-content\/uploads\/2023\/12\/ANIME-MIX-800PX_Mesa-de-trabajo-1-600x600.jpg",600,600,true],"woocommerce_gallery_thumbnail":["https:\/\/xn--uascoquetas-1db.co\/wp-content\/uploads\/2023\/12\/ANIME-MIX-800PX_Mesa-de-trabajo-1-100x100.jpg",100,100,true],"variation_swatches_image_size":["https:\/\/xn--uascoquetas-1db.co\/wp-content\/uploads\/2023\/12\/ANIME-MIX-800PX_Mesa-de-trabajo-1.jpg",50,50,false],"variation_swatches_tooltip_size":["https:\/\/xn--uascoquetas-1db.co\/wp-content\/uploads\/2023\/12\/ANIME-MIX-800PX_Mesa-de-trabajo-1.jpg",100,100,false]},"uagb_author_info":{"display_name":"U\u00f1as Coquetas","author_link":"https:\/\/xn--uascoquetas-1db.co\/?author=0"},"uagb_comment_info":0,"uagb_excerpt":"Placa met\u00e1lica para estampar u\u00f1as, marca Mexicana Mundo de U\u00f1as con hermosas figuras de cartoon variado, bob Esponja, Simpsons, toy Story, Mickey, Luigy, Pinocho, entre otros.","jetpack_sharing_enabled":true,"jetpack-related-posts":[{"id":5457,"url":"https:\/\/xn--uascoquetas-1db.co\/?product=logos-1-placa-metalica-mundo-de-unas","url_meta":{"origin":7016,"position":0},"title":"Logos 1 &#8211; Placa met\u00e1lica &#8211; Mundo de U\u00f1as","author":"U\u00f1as Coquetas","date":"27\/09\/2023","format":false,"excerpt":"Placa met\u00e1lica para estampar u\u00f1as, marca Mexicana Mundo de U\u00f1as con hermosas figuras de Marcas","rel":"","context":"Entrada similar","block_context":{"text":"Entrada similar","link":""},"img":{"alt_text":"logos 1 mdu","src":"https:\/\/i0.wp.com\/xn--uascoquetas-1db.co\/wp-content\/uploads\/2023\/09\/LOGOS-1-800X800_Mesa-de-trabajo-1.jpg?resize=350%2C200&ssl=1","width":350,"height":200,"srcset":"https:\/\/i0.wp.com\/xn--uascoquetas-1db.co\/wp-content\/uploads\/2023\/09\/LOGOS-1-800X800_Mesa-de-trabajo-1.jpg?resize=350%2C200&ssl=1 1x, https:\/\/i0.wp.com\/xn--uascoquetas-1db.co\/wp-content\/uploads\/2023\/09\/LOGOS-1-800X800_Mesa-de-trabajo-1.jpg?resize=525%2C300&ssl=1 1.5x, https:\/\/i0.wp.com\/xn--uascoquetas-1db.co\/wp-content\/uploads\/2023\/09\/LOGOS-1-800X800_Mesa-de-trabajo-1.jpg?resize=700%2C400&ssl=1 2x"},"classes":[]},{"id":5459,"url":"https:\/\/xn--uascoquetas-1db.co\/?product=logos-2-placa-metalica-mundo-de-unas","url_meta":{"origin":7016,"position":1},"title":"Logos 2 &#8211; Placa met\u00e1lica &#8211; Mundo de U\u00f1as","author":"U\u00f1as Coquetas","date":"27\/09\/2023","format":false,"excerpt":"Placa met\u00e1lica para estampar u\u00f1as, marca Mexicana Mundo de U\u00f1as con hermosas figuras de Marcas","rel":"","context":"Entrada similar","block_context":{"text":"Entrada similar","link":""},"img":{"alt_text":"logos 2 mdu","src":"https:\/\/i0.wp.com\/xn--uascoquetas-1db.co\/wp-content\/uploads\/2023\/09\/LOGOS-2-800X800_Mesa-de-trabajo-1.jpg?resize=350%2C200&ssl=1","width":350,"height":200,"srcset":"https:\/\/i0.wp.com\/xn--uascoquetas-1db.co\/wp-content\/uploads\/2023\/09\/LOGOS-2-800X800_Mesa-de-trabajo-1.jpg?resize=350%2C200&ssl=1 1x, https:\/\/i0.wp.com\/xn--uascoquetas-1db.co\/wp-content\/uploads\/2023\/09\/LOGOS-2-800X800_Mesa-de-trabajo-1.jpg?resize=525%2C300&ssl=1 1.5x, https:\/\/i0.wp.com\/xn--uascoquetas-1db.co\/wp-content\/uploads\/2023\/09\/LOGOS-2-800X800_Mesa-de-trabajo-1.jpg?resize=700%2C400&ssl=1 2x"},"classes":[]},{"id":5461,"url":"https:\/\/xn--uascoquetas-1db.co\/?product=logos-3-placa-metalica-mundo-de-unas","url_meta":{"origin":7016,"position":2},"title":"Logos 3 &#8211; Placa met\u00e1lica &#8211; Mundo de U\u00f1as","author":"U\u00f1as Coquetas","date":"27\/09\/2023","format":false,"excerpt":"Placa met\u00e1lica para estampar u\u00f1as, marca Mexicana Mundo de U\u00f1as con hermosas figuras de Marcas","rel":"","context":"Entrada similar","block_context":{"text":"Entrada similar","link":""},"img":{"alt_text":"logos 3 mdu","src":"https:\/\/i0.wp.com\/xn--uascoquetas-1db.co\/wp-content\/uploads\/2023\/09\/LOGOS-3-800X800_Mesa-de-trabajo-1.jpg?resize=350%2C200&ssl=1","width":350,"height":200,"srcset":"https:\/\/i0.wp.com\/xn--uascoquetas-1db.co\/wp-content\/uploads\/2023\/09\/LOGOS-3-800X800_Mesa-de-trabajo-1.jpg?resize=350%2C200&ssl=1 1x, https:\/\/i0.wp.com\/xn--uascoquetas-1db.co\/wp-content\/uploads\/2023\/09\/LOGOS-3-800X800_Mesa-de-trabajo-1.jpg?resize=525%2C300&ssl=1 1.5x, https:\/\/i0.wp.com\/xn--uascoquetas-1db.co\/wp-content\/uploads\/2023\/09\/LOGOS-3-800X800_Mesa-de-trabajo-1.jpg?resize=700%2C400&ssl=1 2x"},"classes":[]},{"id":6268,"url":"https:\/\/xn--uascoquetas-1db.co\/?product=vz-84-brands-placa-metalica-mundo-de-unas","url_meta":{"origin":7016,"position":3},"title":"VZ 84 Brands &#8211; Placa met\u00e1lica &#8211; Mundo de U\u00f1as","author":"U\u00f1as Coquetas","date":"23\/10\/2023","format":false,"excerpt":"Placa met\u00e1lica para estampar u\u00f1as, marca Mexicana Mundo de U\u00f1as con hermosas figuras de marcas.","rel":"","context":"Entrada similar","block_context":{"text":"Entrada similar","link":""},"img":{"alt_text":"VZ 84 Brands Mundo de U\u00f1as","src":"https:\/\/i0.wp.com\/xn--uascoquetas-1db.co\/wp-content\/uploads\/2023\/10\/VZ-84-GUCCI-800x800_Mesa-de-trabajo-1.jpg?resize=350%2C200&ssl=1","width":350,"height":200,"srcset":"https:\/\/i0.wp.com\/xn--uascoquetas-1db.co\/wp-content\/uploads\/2023\/10\/VZ-84-GUCCI-800x800_Mesa-de-trabajo-1.jpg?resize=350%2C200&ssl=1 1x, https:\/\/i0.wp.com\/xn--uascoquetas-1db.co\/wp-content\/uploads\/2023\/10\/VZ-84-GUCCI-800x800_Mesa-de-trabajo-1.jpg?resize=525%2C300&ssl=1 1.5x, https:\/\/i0.wp.com\/xn--uascoquetas-1db.co\/wp-content\/uploads\/2023\/10\/VZ-84-GUCCI-800x800_Mesa-de-trabajo-1.jpg?resize=700%2C400&ssl=1 2x"},"classes":[]},{"id":10245,"url":"https:\/\/xn--uascoquetas-1db.co\/?product=az-nemo-placa-metalica-mundo-de-unas","url_meta":{"origin":7016,"position":4},"title":"AZ Nemo &#8211; Placa met\u00e1lica &#8211; Mundo de U\u00f1as","author":"U\u00f1as Coquetas","date":"15\/05\/2025","format":false,"excerpt":"Placa met\u00e1lica para estampar u\u00f1as, marca Mexicana Mundo de U\u00f1as con hermosas figuras de Disney pel\u00edcula Nemo, peces","rel":"","context":"Entrada similar","block_context":{"text":"Entrada similar","link":""},"img":{"alt_text":"","src":"https:\/\/i0.wp.com\/xn--uascoquetas-1db.co\/wp-content\/uploads\/2025\/05\/AZ-NEMO-800PX.jpg?resize=350%2C200&ssl=1","width":350,"height":200,"srcset":"https:\/\/i0.wp.com\/xn--uascoquetas-1db.co\/wp-content\/uploads\/2025\/05\/AZ-NEMO-800PX.jpg?resize=350%2C200&ssl=1 1x, https:\/\/i0.wp.com\/xn--uascoquetas-1db.co\/wp-content\/uploads\/2025\/05\/AZ-NEMO-800PX.jpg?resize=525%2C300&ssl=1 1.5x, https:\/\/i0.wp.com\/xn--uascoquetas-1db.co\/wp-content\/uploads\/2025\/05\/AZ-NEMO-800PX.jpg?resize=700%2C400&ssl=1 2x"},"classes":[]},{"id":9506,"url":"https:\/\/xn--uascoquetas-1db.co\/?product=an-retro-placa-metalica-mundo-de-unas","url_meta":{"origin":7016,"position":5},"title":"AN Retro &#8211; Placa met\u00e1lica &#8211; Mundo de U\u00f1as","author":"U\u00f1as Coquetas","date":"05\/12\/2024","format":false,"excerpt":"Placa met\u00e1lica para estampar u\u00f1as, marca Mexicana Mundo de U\u00f1as con hermosas figuras de m\u00fasica, baile, cultura retro.","rel":"","context":"Entrada similar","block_context":{"text":"Entrada similar","link":""},"img":{"alt_text":"","src":"https:\/\/i0.wp.com\/xn--uascoquetas-1db.co\/wp-content\/uploads\/2024\/12\/AN-RETRO_800PX.jpg?resize=350%2C200&ssl=1","width":350,"height":200,"srcset":"https:\/\/i0.wp.com\/xn--uascoquetas-1db.co\/wp-content\/uploads\/2024\/12\/AN-RETRO_800PX.jpg?resize=350%2C200&ssl=1 1x, https:\/\/i0.wp.com\/xn--uascoquetas-1db.co\/wp-content\/uploads\/2024\/12\/AN-RETRO_800PX.jpg?resize=525%2C300&ssl=1 1.5x, https:\/\/i0.wp.com\/xn--uascoquetas-1db.co\/wp-content\/uploads\/2024\/12\/AN-RETRO_800PX.jpg?resize=700%2C400&ssl=1 2x"},"classes":[]}],"_links":{"self":[{"href":"https:\/\/xn--uascoquetas-1db.co\/index.php?rest_route=\/wp\/v2\/product\/7016","targetHints":{"allow":["GET"]}}],"collection":[{"href":"https:\/\/xn--uascoquetas-1db.co\/index.php?rest_route=\/wp\/v2\/product"}],"about":[{"href":"https:\/\/xn--uascoquetas-1db.co\/index.php?rest_route=\/wp\/v2\/types\/product"}],"replies":[{"embeddable":true,"href":"https:\/\/xn--uascoquetas-1db.co\/index.php?rest_route=%2Fwp%2Fv2%2Fcomments&post=7016"}],"wp:featuredmedia":[{"embeddable":true,"href":"https:\/\/xn--uascoquetas-1db.co\/index.php?rest_route=\/wp\/v2\/media\/7017"}],"wp:attachment":[{"href":"https:\/\/xn--uascoquetas-1db.co\/index.php?rest_route=%2Fwp%2Fv2%2Fmedia&parent=7016"}],"wp:term":[{"taxonomy":"product_brand","embeddable":true,"href":"https:\/\/xn--uascoquetas-1db.co\/index.php?rest_route=%2Fwp%2Fv2%2Fproduct_brand&post=7016"},{"taxonomy":"product_cat","embeddable":true,"href":"https:\/\/xn--uascoquetas-1db.co\/index.php?rest_route=%2Fwp%2Fv2%2Fproduct_cat&post=7016"},{"taxonomy":"product_tag","embeddable":true,"href":"https:\/\/xn--uascoquetas-1db.co\/index.php?rest_route=%2Fwp%2Fv2%2Fproduct_tag&post=7016"}],"curies":[{"name":"wp","href":"https:\/\/api.w.org\/{rel}","templated":true}]}}