{"id":7079,"date":"2023-12-12T15:27:22","date_gmt":"2023-12-12T20:27:22","guid":{"rendered":"https:\/\/xn--uascoquetas-1db.co\/?post_type=product&#038;p=7079"},"modified":"2025-01-10T14:59:43","modified_gmt":"2025-01-10T19:59:43","slug":"bbb-animals-xl-007-dinosaurios-placa-metalica-beauty-big-bang","status":"publish","type":"product","link":"https:\/\/xn--uascoquetas-1db.co\/?product=bbb-animals-xl-007-dinosaurios-placa-metalica-beauty-big-bang","title":{"rendered":"BBB Animals XL 007 Dinosaurios &#8211; Placa met\u00e1lica &#8211; Beauty Big Bang"},"content":{"rendered":"<p>Placa rectangular met\u00e1lica Marca Beauty Big Bang<\/p>\n<h2>DESCRIPCI\u00d3N<\/h2>\n<p>Art\u00edculo completamente nuevo<\/p>\n<p>Una placa Rectangular<br \/>\nTama\u00f1o: 12 X 6 cm Aproximadamente<br \/>\nMaterial: Acero inoxidable<\/p>\n<p>Motivos:<br \/>\nHermosos motivos disponibles.<br \/>\nNo te puedes quedar sin las tuyas.<\/p>\n<h2>RECOMENDACIONES<\/h2>\n<p>Es posible aplicar removedor. Si es muy grasoso, limpiar con un poco de alcohol para recoger el dise\u00f1o con mayor facilidad.<\/p>\n","protected":false},"excerpt":{"rendered":"<table width=\"375\">\n<tbody>\n<tr>\n<td width=\"375\">Placa met\u00e1lica para estampar u\u00f1as, marca Extranjera Beauty Big Bang con hermosas figuras de animales, dinosaurios tiernos.<\/td>\n<\/tr>\n<\/tbody>\n<\/table>\n","protected":false},"featured_media":7080,"comment_status":"open","ping_status":"closed","template":"","meta":{"_regular_price":["18500"],"currency_symbol":[],"_uag_custom_page_level_css":""},"product_brand":[],"product_cat":[28,24],"product_tag":[100,214,39,134,41],"class_list":{"0":"post-7079","1":"product","2":"type-product","3":"status-publish","4":"has-post-thumbnail","6":"product_cat-extranjeras","7":"product_cat-placas-de-estampar","8":"product_tag-animales","9":"product_tag-dinosaurios","10":"product_tag-metalico","11":"product_tag-placas","12":"product_tag-stamping","13":"product_shipping_class-paquete-pequeno","15":"first","16":"instock","17":"purchasable","18":"product-type-simple"},"post_slider_layout_featured_media_urls":{"thumbnail":["https:\/\/xn--uascoquetas-1db.co\/wp-content\/uploads\/2023\/12\/XL-ANIMALS-007_800-PX-150x150.jpg",150,150,true],"post_slider_layout_landscape_large":["https:\/\/xn--uascoquetas-1db.co\/wp-content\/uploads\/2023\/12\/XL-ANIMALS-007_800-PX.jpg",800,800,false],"post_slider_layout_portrait_large":["https:\/\/xn--uascoquetas-1db.co\/wp-content\/uploads\/2023\/12\/XL-ANIMALS-007_800-PX.jpg",800,800,false],"post_slider_layout_square_large":["https:\/\/xn--uascoquetas-1db.co\/wp-content\/uploads\/2023\/12\/XL-ANIMALS-007_800-PX.jpg",800,800,false],"post_slider_layout_landscape":["https:\/\/xn--uascoquetas-1db.co\/wp-content\/uploads\/2023\/12\/XL-ANIMALS-007_800-PX.jpg",400,400,false],"post_slider_layout_portrait":["https:\/\/xn--uascoquetas-1db.co\/wp-content\/uploads\/2023\/12\/XL-ANIMALS-007_800-PX.jpg",600,600,false],"post_slider_layout_square":["https:\/\/xn--uascoquetas-1db.co\/wp-content\/uploads\/2023\/12\/XL-ANIMALS-007_800-PX.jpg",600,600,false],"full":["https:\/\/xn--uascoquetas-1db.co\/wp-content\/uploads\/2023\/12\/XL-ANIMALS-007_800-PX.jpg",800,800,false]},"uagb_featured_image_src":{"full":["https:\/\/xn--uascoquetas-1db.co\/wp-content\/uploads\/2023\/12\/XL-ANIMALS-007_800-PX.jpg",800,800,false],"thumbnail":["https:\/\/xn--uascoquetas-1db.co\/wp-content\/uploads\/2023\/12\/XL-ANIMALS-007_800-PX-150x150.jpg",150,150,true],"medium":["https:\/\/xn--uascoquetas-1db.co\/wp-content\/uploads\/2023\/12\/XL-ANIMALS-007_800-PX-300x300.jpg",300,300,true],"medium_large":["https:\/\/xn--uascoquetas-1db.co\/wp-content\/uploads\/2023\/12\/XL-ANIMALS-007_800-PX-768x768.jpg",640,640,true],"large":["https:\/\/xn--uascoquetas-1db.co\/wp-content\/uploads\/2023\/12\/XL-ANIMALS-007_800-PX.jpg",640,640,false],"1536x1536":["https:\/\/xn--uascoquetas-1db.co\/wp-content\/uploads\/2023\/12\/XL-ANIMALS-007_800-PX.jpg",800,800,false],"2048x2048":["https:\/\/xn--uascoquetas-1db.co\/wp-content\/uploads\/2023\/12\/XL-ANIMALS-007_800-PX.jpg",800,800,false],"post_slider_layout_landscape_large":["https:\/\/xn--uascoquetas-1db.co\/wp-content\/uploads\/2023\/12\/XL-ANIMALS-007_800-PX.jpg",800,800,false],"post_slider_layout_portrait_large":["https:\/\/xn--uascoquetas-1db.co\/wp-content\/uploads\/2023\/12\/XL-ANIMALS-007_800-PX.jpg",800,800,false],"post_slider_layout_square_large":["https:\/\/xn--uascoquetas-1db.co\/wp-content\/uploads\/2023\/12\/XL-ANIMALS-007_800-PX.jpg",800,800,false],"post_slider_layout_landscape":["https:\/\/xn--uascoquetas-1db.co\/wp-content\/uploads\/2023\/12\/XL-ANIMALS-007_800-PX.jpg",400,400,false],"post_slider_layout_portrait":["https:\/\/xn--uascoquetas-1db.co\/wp-content\/uploads\/2023\/12\/XL-ANIMALS-007_800-PX.jpg",600,600,false],"post_slider_layout_square":["https:\/\/xn--uascoquetas-1db.co\/wp-content\/uploads\/2023\/12\/XL-ANIMALS-007_800-PX.jpg",600,600,false],"vw-kids-homepage-thumb":["https:\/\/xn--uascoquetas-1db.co\/wp-content\/uploads\/2023\/12\/XL-ANIMALS-007_800-PX.jpg",145,145,false],"woocommerce_thumbnail":["https:\/\/xn--uascoquetas-1db.co\/wp-content\/uploads\/2023\/12\/XL-ANIMALS-007_800-PX-300x300.jpg",300,300,true],"woocommerce_single":["https:\/\/xn--uascoquetas-1db.co\/wp-content\/uploads\/2023\/12\/XL-ANIMALS-007_800-PX-600x600.jpg",600,600,true],"woocommerce_gallery_thumbnail":["https:\/\/xn--uascoquetas-1db.co\/wp-content\/uploads\/2023\/12\/XL-ANIMALS-007_800-PX-100x100.jpg",100,100,true],"variation_swatches_image_size":["https:\/\/xn--uascoquetas-1db.co\/wp-content\/uploads\/2023\/12\/XL-ANIMALS-007_800-PX.jpg",50,50,false],"variation_swatches_tooltip_size":["https:\/\/xn--uascoquetas-1db.co\/wp-content\/uploads\/2023\/12\/XL-ANIMALS-007_800-PX.jpg",100,100,false]},"uagb_author_info":{"display_name":"U\u00f1as Coquetas","author_link":"https:\/\/xn--uascoquetas-1db.co\/?author=0"},"uagb_comment_info":0,"uagb_excerpt":"Placa met\u00e1lica para estampar u\u00f1as, marca Extranjera Beauty Big Bang con hermosas figuras de animales, dinosaurios tiernos.","jetpack_sharing_enabled":true,"jetpack-related-posts":[{"id":7083,"url":"https:\/\/xn--uascoquetas-1db.co\/?product=bbb-xl-flowers-001-placa-metalica-beauty-big-bang","url_meta":{"origin":7079,"position":0},"title":"BBB XL Flowers 001 &#8211; Placa met\u00e1lica &#8211; Beauty Big Bang","author":"U\u00f1as Coquetas","date":"12\/12\/2023","format":false,"excerpt":"Placa met\u00e1lica para estampar u\u00f1as, marca Extranjera Beauty Big Bang con hermosas figuras de flores.","rel":"","context":"Entrada similar","block_context":{"text":"Entrada similar","link":""},"img":{"alt_text":"BBB XL Flowers 001","src":"https:\/\/i0.wp.com\/xn--uascoquetas-1db.co\/wp-content\/uploads\/2023\/12\/FLOWERS-XL-01_800-PX.jpg?resize=350%2C200&ssl=1","width":350,"height":200,"srcset":"https:\/\/i0.wp.com\/xn--uascoquetas-1db.co\/wp-content\/uploads\/2023\/12\/FLOWERS-XL-01_800-PX.jpg?resize=350%2C200&ssl=1 1x, https:\/\/i0.wp.com\/xn--uascoquetas-1db.co\/wp-content\/uploads\/2023\/12\/FLOWERS-XL-01_800-PX.jpg?resize=525%2C300&ssl=1 1.5x, https:\/\/i0.wp.com\/xn--uascoquetas-1db.co\/wp-content\/uploads\/2023\/12\/FLOWERS-XL-01_800-PX.jpg?resize=700%2C400&ssl=1 2x"},"classes":[]},{"id":7077,"url":"https:\/\/xn--uascoquetas-1db.co\/?product=bbb-animals-xl-002-gatos-placa-metalica-beauty-big-bang","url_meta":{"origin":7079,"position":1},"title":"BBB Animals XL 002 Gatos &#8211; Placa met\u00e1lica &#8211; Beauty Big Bang","author":"U\u00f1as Coquetas","date":"12\/12\/2023","format":false,"excerpt":"Placa met\u00e1lica para estampar u\u00f1as, marca Extranjera Beauty Big Bang con hermosas figuras de animales, gatos tiernos.","rel":"","context":"Entrada similar","block_context":{"text":"Entrada similar","link":""},"img":{"alt_text":"Animals 002","src":"https:\/\/i0.wp.com\/xn--uascoquetas-1db.co\/wp-content\/uploads\/2023\/12\/BBB-ANIMALS-XL-002_800-PX.jpg?resize=350%2C200&ssl=1","width":350,"height":200,"srcset":"https:\/\/i0.wp.com\/xn--uascoquetas-1db.co\/wp-content\/uploads\/2023\/12\/BBB-ANIMALS-XL-002_800-PX.jpg?resize=350%2C200&ssl=1 1x, https:\/\/i0.wp.com\/xn--uascoquetas-1db.co\/wp-content\/uploads\/2023\/12\/BBB-ANIMALS-XL-002_800-PX.jpg?resize=525%2C300&ssl=1 1.5x, https:\/\/i0.wp.com\/xn--uascoquetas-1db.co\/wp-content\/uploads\/2023\/12\/BBB-ANIMALS-XL-002_800-PX.jpg?resize=700%2C400&ssl=1 2x"},"classes":[]},{"id":7081,"url":"https:\/\/xn--uascoquetas-1db.co\/?product=bbb-christmas-xl-002-placa-metalica-beauty-big-bang","url_meta":{"origin":7079,"position":2},"title":"BBB Christmas XL 002 &#8211; Placa met\u00e1lica &#8211; Beauty Big Bang","author":"U\u00f1as Coquetas","date":"12\/12\/2023","format":false,"excerpt":"Placa met\u00e1lica para estampar u\u00f1as, marca Extranjera Beauty Big Bang con hermosas figuras de navidad, renos, mu\u00f1ecos de nieve,\u00a0 copitos, osos","rel":"","context":"Entrada similar","block_context":{"text":"Entrada similar","link":""},"img":{"alt_text":"BBB Christmas XL 002","src":"https:\/\/i0.wp.com\/xn--uascoquetas-1db.co\/wp-content\/uploads\/2023\/12\/CHRISTMAS-XL-02_800-PX.jpg?resize=350%2C200&ssl=1","width":350,"height":200,"srcset":"https:\/\/i0.wp.com\/xn--uascoquetas-1db.co\/wp-content\/uploads\/2023\/12\/CHRISTMAS-XL-02_800-PX.jpg?resize=350%2C200&ssl=1 1x, https:\/\/i0.wp.com\/xn--uascoquetas-1db.co\/wp-content\/uploads\/2023\/12\/CHRISTMAS-XL-02_800-PX.jpg?resize=525%2C300&ssl=1 1.5x, https:\/\/i0.wp.com\/xn--uascoquetas-1db.co\/wp-content\/uploads\/2023\/12\/CHRISTMAS-XL-02_800-PX.jpg?resize=700%2C400&ssl=1 2x"},"classes":[]},{"id":7085,"url":"https:\/\/xn--uascoquetas-1db.co\/?product=bbb-xl-galaxy-04-placa-metalica-beauty-big-bang","url_meta":{"origin":7079,"position":3},"title":"BBB XL Galaxy 04 &#8211; Placa met\u00e1lica &#8211; Beauty Big Bang","author":"U\u00f1as Coquetas","date":"12\/12\/2023","format":false,"excerpt":"Placa met\u00e1lica para estampar u\u00f1as, marca Extranjera Beauty Big Bang con hermosas figuras de universo, astronauta, planetas, sol, luna.","rel":"","context":"Entrada similar","block_context":{"text":"Entrada similar","link":""},"img":{"alt_text":"BBB XL Galaxy 04","src":"https:\/\/i0.wp.com\/xn--uascoquetas-1db.co\/wp-content\/uploads\/2023\/12\/GALAXY-XL-04_800-PX.jpg?resize=350%2C200&ssl=1","width":350,"height":200,"srcset":"https:\/\/i0.wp.com\/xn--uascoquetas-1db.co\/wp-content\/uploads\/2023\/12\/GALAXY-XL-04_800-PX.jpg?resize=350%2C200&ssl=1 1x, https:\/\/i0.wp.com\/xn--uascoquetas-1db.co\/wp-content\/uploads\/2023\/12\/GALAXY-XL-04_800-PX.jpg?resize=525%2C300&ssl=1 1.5x, https:\/\/i0.wp.com\/xn--uascoquetas-1db.co\/wp-content\/uploads\/2023\/12\/GALAXY-XL-04_800-PX.jpg?resize=700%2C400&ssl=1 2x"},"classes":[]},{"id":6727,"url":"https:\/\/xn--uascoquetas-1db.co\/?product=placa-dotlines-en-promo-garaje","url_meta":{"origin":7079,"position":4},"title":"Placa Phrases &#8211; Beauty Big Bang &#8211; Nueva","author":"U\u00f1as Coquetas","date":"17\/11\/2023","format":false,"excerpt":"Producto en venta de garaje, \u00fanica unidad disponible.","rel":"","context":"Entrada similar","block_context":{"text":"Entrada similar","link":""},"img":{"alt_text":"","src":"https:\/\/i0.wp.com\/xn--uascoquetas-1db.co\/wp-content\/uploads\/2023\/11\/Phrase.png?resize=350%2C200&ssl=1","width":350,"height":200,"srcset":"https:\/\/i0.wp.com\/xn--uascoquetas-1db.co\/wp-content\/uploads\/2023\/11\/Phrase.png?resize=350%2C200&ssl=1 1x, https:\/\/i0.wp.com\/xn--uascoquetas-1db.co\/wp-content\/uploads\/2023\/11\/Phrase.png?resize=525%2C300&ssl=1 1.5x, https:\/\/i0.wp.com\/xn--uascoquetas-1db.co\/wp-content\/uploads\/2023\/11\/Phrase.png?resize=700%2C400&ssl=1 2x, https:\/\/i0.wp.com\/xn--uascoquetas-1db.co\/wp-content\/uploads\/2023\/11\/Phrase.png?resize=1050%2C600&ssl=1 3x, https:\/\/i0.wp.com\/xn--uascoquetas-1db.co\/wp-content\/uploads\/2023\/11\/Phrase.png?resize=1400%2C800&ssl=1 4x"},"classes":[]},{"id":6649,"url":"https:\/\/xn--uascoquetas-1db.co\/?product=5-hojas-de-repuesto-para-estuche-holo-expandible-mediano","url_meta":{"origin":7079,"position":5},"title":"5 hojas de repuesto para estuche holo expandible &#8211; mediano","author":"U\u00f1as Coquetas","date":"02\/11\/2023","format":false,"excerpt":"Pack de repuesto de 5 hojas para Organizador mediano expandible para placas de 6 x 12","rel":"","context":"Entrada similar","block_context":{"text":"Entrada similar","link":""},"img":{"alt_text":"pack 5 repuestos medianos","src":"https:\/\/i0.wp.com\/xn--uascoquetas-1db.co\/wp-content\/uploads\/2023\/11\/repuesto-estuche-mediano-x5_Mesa-de-trabajo-1.jpg?resize=350%2C200&ssl=1","width":350,"height":200,"srcset":"https:\/\/i0.wp.com\/xn--uascoquetas-1db.co\/wp-content\/uploads\/2023\/11\/repuesto-estuche-mediano-x5_Mesa-de-trabajo-1.jpg?resize=350%2C200&ssl=1 1x, https:\/\/i0.wp.com\/xn--uascoquetas-1db.co\/wp-content\/uploads\/2023\/11\/repuesto-estuche-mediano-x5_Mesa-de-trabajo-1.jpg?resize=525%2C300&ssl=1 1.5x, https:\/\/i0.wp.com\/xn--uascoquetas-1db.co\/wp-content\/uploads\/2023\/11\/repuesto-estuche-mediano-x5_Mesa-de-trabajo-1.jpg?resize=700%2C400&ssl=1 2x"},"classes":[]}],"_links":{"self":[{"href":"https:\/\/xn--uascoquetas-1db.co\/index.php?rest_route=\/wp\/v2\/product\/7079","targetHints":{"allow":["GET"]}}],"collection":[{"href":"https:\/\/xn--uascoquetas-1db.co\/index.php?rest_route=\/wp\/v2\/product"}],"about":[{"href":"https:\/\/xn--uascoquetas-1db.co\/index.php?rest_route=\/wp\/v2\/types\/product"}],"replies":[{"embeddable":true,"href":"https:\/\/xn--uascoquetas-1db.co\/index.php?rest_route=%2Fwp%2Fv2%2Fcomments&post=7079"}],"wp:featuredmedia":[{"embeddable":true,"href":"https:\/\/xn--uascoquetas-1db.co\/index.php?rest_route=\/wp\/v2\/media\/7080"}],"wp:attachment":[{"href":"https:\/\/xn--uascoquetas-1db.co\/index.php?rest_route=%2Fwp%2Fv2%2Fmedia&parent=7079"}],"wp:term":[{"taxonomy":"product_brand","embeddable":true,"href":"https:\/\/xn--uascoquetas-1db.co\/index.php?rest_route=%2Fwp%2Fv2%2Fproduct_brand&post=7079"},{"taxonomy":"product_cat","embeddable":true,"href":"https:\/\/xn--uascoquetas-1db.co\/index.php?rest_route=%2Fwp%2Fv2%2Fproduct_cat&post=7079"},{"taxonomy":"product_tag","embeddable":true,"href":"https:\/\/xn--uascoquetas-1db.co\/index.php?rest_route=%2Fwp%2Fv2%2Fproduct_tag&post=7079"}],"curies":[{"name":"wp","href":"https:\/\/api.w.org\/{rel}","templated":true}]}}