{"id":7209,"date":"2024-01-15T17:41:55","date_gmt":"2024-01-15T22:41:55","guid":{"rendered":"https:\/\/xn--uascoquetas-1db.co\/?post_type=product&#038;p=7209"},"modified":"2026-02-11T10:18:46","modified_gmt":"2026-02-11T15:18:46","slug":"mano-de-silicona-para-practicas-color-claro-soporte-de-practica","status":"publish","type":"product","link":"https:\/\/xn--uascoquetas-1db.co\/?product=mano-de-silicona-para-practicas-color-claro-soporte-de-practica","title":{"rendered":"Mano de silicona para pr\u00e1cticas &#8211; color claro &#8211; Soporte de pr\u00e1ctica"},"content":{"rendered":"<p>Mano de pr\u00e1ctica y exhibici\u00f3n para manicuristas o nailistas, con soporte tipo chupa para superficies lisas.<\/p>\n<h2>DESCRIPCI\u00d3N<\/h2>\n<p>Art\u00edculo completamente nuevo<br \/>\nUna mano de pr\u00e1ctica de silicona.<br \/>\nUn soporte tipo tornillo para ajustar en la mesa.<br \/>\nUn set de 120 tips de diferentes tama\u00f1os.<\/p>\n<h2>CARACTER\u00cdSTICAS<\/h2>\n<p>&#8211; Manos de pr\u00e1ctica de u\u00f1as de silicona: esta mano de u\u00f1as de silicona es suave y realista. Es la simulaci\u00f3n de la mano humana desde el tama\u00f1o, textura, tono de piel o sensaci\u00f3n. Puedes ver claramente las l\u00edneas y articulaciones de la mano. Es como una mano real, f\u00e1cil de maniobrar y perfecta para practicar.<\/p>\n<p>&#8211; Mant\u00e9ngase firme: las puntas de las u\u00f1as postizas se pueden insertar 15 mm alrededor de los dedos firmemente, sin necesidad de adherirlas y luego puede dise\u00f1ar y pintar patrones de nailart. Se puede utilizar para practicar acr\u00edlico, gel y dem\u00e1s sistemass artificiales. Si se puede utilizar en la l\u00e1mpara de u\u00f1as. Perfecto para principiantes y artistas.<\/p>\n<p>&#8211; Material ecol\u00f3gico: est\u00e1 hecha de material de silicona l\u00edquida de alta calidad. No contiene sustancias nocivas y es seguro y respetuoso con el medio ambiente. No da\u00f1a la mano y tambi\u00e9n se puede utilizar en la l\u00e1mpara de u\u00f1as. El dedo tiene un sistema interno que permite doblar en varios \u00e1ngulos seg\u00fan sea necesario.<\/p>\n<p>&#8211; Viene con un soporte: la mano de pr\u00e1ctica de u\u00f1as de silicona viene con un soporte extra\u00edble y ajustable, la mano puede colocarse en la mesa de manera muy estable. se puede doblar en cualquier \u00e1ngulo, ya no es necesario comprar un clip de mesa por separado, es m\u00e1s c\u00f3modo de usar.<\/p>\n<p>&#8211; Otras funciones: es reutilizable y f\u00e1cil de limpiar, simplemente l\u00e1vela con agua despu\u00e9s de su uso. Tambi\u00e9n es adecuado para exhibir joyas, anillos, guantes, relojes y practicar masajes de manos.<\/p>\n","protected":false},"excerpt":{"rendered":"<table width=\"375\">\n<tbody>\n<tr>\n<td width=\"375\">Soporte de pr\u00e1ctica marca Extranjera Gen\u00e9rica, mano de pr\u00e1ctica para uso art\u00edstico Nail Art y manicuristas.<\/td>\n<\/tr>\n<\/tbody>\n<\/table>\n","protected":false},"featured_media":11252,"comment_status":"open","ping_status":"closed","template":"","meta":{"_regular_price":["238000"],"currency_symbol":[],"_uag_custom_page_level_css":""},"product_brand":[],"product_cat":[47,248],"product_tag":[250,249],"class_list":{"0":"post-7209","1":"product","2":"type-product","3":"status-publish","4":"has-post-thumbnail","6":"product_cat-materiales","7":"product_cat-soportes-de-practica","8":"product_tag-mano-silicona","9":"product_tag-soporte-de-practica","10":"product_shipping_class-paquete-pequeno","12":"first","13":"instock","14":"purchasable","15":"product-type-simple"},"post_slider_layout_featured_media_urls":{"thumbnail":["https:\/\/xn--uascoquetas-1db.co\/wp-content\/uploads\/2024\/01\/Mano-tornillo-de-mesa-150x150.jpg",150,150,true],"post_slider_layout_landscape_large":["https:\/\/xn--uascoquetas-1db.co\/wp-content\/uploads\/2024\/01\/Mano-tornillo-de-mesa.jpg",800,800,false],"post_slider_layout_portrait_large":["https:\/\/xn--uascoquetas-1db.co\/wp-content\/uploads\/2024\/01\/Mano-tornillo-de-mesa.jpg",800,800,false],"post_slider_layout_square_large":["https:\/\/xn--uascoquetas-1db.co\/wp-content\/uploads\/2024\/01\/Mano-tornillo-de-mesa.jpg",800,800,false],"post_slider_layout_landscape":["https:\/\/xn--uascoquetas-1db.co\/wp-content\/uploads\/2024\/01\/Mano-tornillo-de-mesa-600x400.jpg",600,400,true],"post_slider_layout_portrait":["https:\/\/xn--uascoquetas-1db.co\/wp-content\/uploads\/2024\/01\/Mano-tornillo-de-mesa-600x800.jpg",600,800,true],"post_slider_layout_square":["https:\/\/xn--uascoquetas-1db.co\/wp-content\/uploads\/2024\/01\/Mano-tornillo-de-mesa-600x600.jpg",600,600,true],"full":["https:\/\/xn--uascoquetas-1db.co\/wp-content\/uploads\/2024\/01\/Mano-tornillo-de-mesa.jpg",800,800,false]},"uagb_featured_image_src":{"full":["https:\/\/xn--uascoquetas-1db.co\/wp-content\/uploads\/2024\/01\/Mano-tornillo-de-mesa.jpg",800,800,false],"thumbnail":["https:\/\/xn--uascoquetas-1db.co\/wp-content\/uploads\/2024\/01\/Mano-tornillo-de-mesa-150x150.jpg",150,150,true],"medium":["https:\/\/xn--uascoquetas-1db.co\/wp-content\/uploads\/2024\/01\/Mano-tornillo-de-mesa-300x300.jpg",300,300,true],"medium_large":["https:\/\/xn--uascoquetas-1db.co\/wp-content\/uploads\/2024\/01\/Mano-tornillo-de-mesa-768x768.jpg",640,640,true],"large":["https:\/\/xn--uascoquetas-1db.co\/wp-content\/uploads\/2024\/01\/Mano-tornillo-de-mesa.jpg",640,640,false],"1536x1536":["https:\/\/xn--uascoquetas-1db.co\/wp-content\/uploads\/2024\/01\/Mano-tornillo-de-mesa.jpg",800,800,false],"2048x2048":["https:\/\/xn--uascoquetas-1db.co\/wp-content\/uploads\/2024\/01\/Mano-tornillo-de-mesa.jpg",800,800,false],"post_slider_layout_landscape_large":["https:\/\/xn--uascoquetas-1db.co\/wp-content\/uploads\/2024\/01\/Mano-tornillo-de-mesa.jpg",800,800,false],"post_slider_layout_portrait_large":["https:\/\/xn--uascoquetas-1db.co\/wp-content\/uploads\/2024\/01\/Mano-tornillo-de-mesa.jpg",800,800,false],"post_slider_layout_square_large":["https:\/\/xn--uascoquetas-1db.co\/wp-content\/uploads\/2024\/01\/Mano-tornillo-de-mesa.jpg",800,800,false],"post_slider_layout_landscape":["https:\/\/xn--uascoquetas-1db.co\/wp-content\/uploads\/2024\/01\/Mano-tornillo-de-mesa-600x400.jpg",600,400,true],"post_slider_layout_portrait":["https:\/\/xn--uascoquetas-1db.co\/wp-content\/uploads\/2024\/01\/Mano-tornillo-de-mesa-600x800.jpg",600,800,true],"post_slider_layout_square":["https:\/\/xn--uascoquetas-1db.co\/wp-content\/uploads\/2024\/01\/Mano-tornillo-de-mesa-600x600.jpg",600,600,true],"vw-kids-homepage-thumb":["https:\/\/xn--uascoquetas-1db.co\/wp-content\/uploads\/2024\/01\/Mano-tornillo-de-mesa-240x145.jpg",240,145,true],"woocommerce_thumbnail":["https:\/\/xn--uascoquetas-1db.co\/wp-content\/uploads\/2024\/01\/Mano-tornillo-de-mesa-300x300.jpg",300,300,true],"woocommerce_single":["https:\/\/xn--uascoquetas-1db.co\/wp-content\/uploads\/2024\/01\/Mano-tornillo-de-mesa-600x600.jpg",600,600,true],"woocommerce_gallery_thumbnail":["https:\/\/xn--uascoquetas-1db.co\/wp-content\/uploads\/2024\/01\/Mano-tornillo-de-mesa-100x100.jpg",100,100,true],"variation_swatches_image_size":["https:\/\/xn--uascoquetas-1db.co\/wp-content\/uploads\/2024\/01\/Mano-tornillo-de-mesa-50x50.jpg",50,50,true],"variation_swatches_tooltip_size":["https:\/\/xn--uascoquetas-1db.co\/wp-content\/uploads\/2024\/01\/Mano-tornillo-de-mesa-100x100.jpg",100,100,true]},"uagb_author_info":{"display_name":"U\u00f1as Coquetas","author_link":"https:\/\/xn--uascoquetas-1db.co\/?author=0"},"uagb_comment_info":0,"uagb_excerpt":"Soporte de pr\u00e1ctica marca Extranjera Gen\u00e9rica, mano de pr\u00e1ctica para uso art\u00edstico Nail Art y manicuristas.","jetpack_sharing_enabled":true,"jetpack-related-posts":[{"id":7481,"url":"https:\/\/xn--uascoquetas-1db.co\/?product=dedo-de-silicona-para-practicas-soporte-de-practica","url_meta":{"origin":7209,"position":0},"title":"Dedo de silicona para pr\u00e1cticas &#8211; Soporte de pr\u00e1ctica","author":"U\u00f1as Coquetas","date":"24\/02\/2024","format":false,"excerpt":"Soporte de pr\u00e1ctica marca Extranjera Gen\u00e9rica, dedo de pr\u00e1ctica para uso art\u00edstico Nail Art y manicuristas.","rel":"","context":"Entrada similar","block_context":{"text":"Entrada similar","link":""},"img":{"alt_text":"Dedo de silicona para pr\u00e1cticas","src":"https:\/\/i0.wp.com\/xn--uascoquetas-1db.co\/wp-content\/uploads\/2024\/02\/179.-Dedo_Mesa-de-trabajo-1.jpg?resize=350%2C200&ssl=1","width":350,"height":200,"srcset":"https:\/\/i0.wp.com\/xn--uascoquetas-1db.co\/wp-content\/uploads\/2024\/02\/179.-Dedo_Mesa-de-trabajo-1.jpg?resize=350%2C200&ssl=1 1x, https:\/\/i0.wp.com\/xn--uascoquetas-1db.co\/wp-content\/uploads\/2024\/02\/179.-Dedo_Mesa-de-trabajo-1.jpg?resize=525%2C300&ssl=1 1.5x, https:\/\/i0.wp.com\/xn--uascoquetas-1db.co\/wp-content\/uploads\/2024\/02\/179.-Dedo_Mesa-de-trabajo-1.jpg?resize=700%2C400&ssl=1 2x"},"classes":[]},{"id":9335,"url":"https:\/\/xn--uascoquetas-1db.co\/?product=kit-por-50-exhibidores-lamina-de-exhibicion-2","url_meta":{"origin":7209,"position":1},"title":"Kit por 50 exhibidores &#8211; L\u00e1mina de exhibici\u00f3n Incluye cinta doble faz","author":"U\u00f1as Coquetas","date":"29\/10\/2024","format":false,"excerpt":"L\u00e1mina de exhibici\u00f3n marca Extranjera Gen\u00e9rica, Kit l\u00e1minas exhibici\u00f3n","rel":"","context":"Entrada similar","block_context":{"text":"Entrada similar","link":""},"img":{"alt_text":"","src":"https:\/\/i0.wp.com\/xn--uascoquetas-1db.co\/wp-content\/uploads\/2024\/10\/Set-50-cinta.jpg?resize=350%2C200&ssl=1","width":350,"height":200,"srcset":"https:\/\/i0.wp.com\/xn--uascoquetas-1db.co\/wp-content\/uploads\/2024\/10\/Set-50-cinta.jpg?resize=350%2C200&ssl=1 1x, https:\/\/i0.wp.com\/xn--uascoquetas-1db.co\/wp-content\/uploads\/2024\/10\/Set-50-cinta.jpg?resize=525%2C300&ssl=1 1.5x, https:\/\/i0.wp.com\/xn--uascoquetas-1db.co\/wp-content\/uploads\/2024\/10\/Set-50-cinta.jpg?resize=700%2C400&ssl=1 2x"},"classes":[]},{"id":9336,"url":"https:\/\/xn--uascoquetas-1db.co\/?product=5-mm-por-5-m-cinta-doble-faz","url_meta":{"origin":7209,"position":2},"title":"5 mm por 5 m &#8211; Cinta doble Faz","author":"U\u00f1as Coquetas","date":"29\/10\/2024","format":false,"excerpt":"Cinta doble Faz marca Extranjera Gen\u00e9rica, Cinta doble faz","rel":"","context":"Entrada similar","block_context":{"text":"Entrada similar","link":""},"img":{"alt_text":"","src":"https:\/\/i0.wp.com\/xn--uascoquetas-1db.co\/wp-content\/uploads\/2024\/10\/Dobre-faz.jpg?resize=350%2C200&ssl=1","width":350,"height":200,"srcset":"https:\/\/i0.wp.com\/xn--uascoquetas-1db.co\/wp-content\/uploads\/2024\/10\/Dobre-faz.jpg?resize=350%2C200&ssl=1 1x, https:\/\/i0.wp.com\/xn--uascoquetas-1db.co\/wp-content\/uploads\/2024\/10\/Dobre-faz.jpg?resize=525%2C300&ssl=1 1.5x, https:\/\/i0.wp.com\/xn--uascoquetas-1db.co\/wp-content\/uploads\/2024\/10\/Dobre-faz.jpg?resize=700%2C400&ssl=1 2x"},"classes":[]},{"id":5695,"url":"https:\/\/xn--uascoquetas-1db.co\/?product=silicona-grande-mat-para-practicas-de-acrilico-mantel-de-silicona","url_meta":{"origin":7209,"position":3},"title":"Silicona Grande mat para pr\u00e1cticas de acr\u00edlico &#8211; Mantel de silicona","author":"U\u00f1as Coquetas","date":"02\/10\/2023","format":false,"excerpt":"Mantel de silicona marca Extranjera Gen\u00e9rica, para pr\u00e1cticas profesionales","rel":"","context":"Entrada similar","block_context":{"text":"Entrada similar","link":""},"img":{"alt_text":"Mantel de silicona GP Stamping","src":"https:\/\/i0.wp.com\/xn--uascoquetas-1db.co\/wp-content\/uploads\/2023\/10\/GP_800-PX.jpg?resize=350%2C200&ssl=1","width":350,"height":200,"srcset":"https:\/\/i0.wp.com\/xn--uascoquetas-1db.co\/wp-content\/uploads\/2023\/10\/GP_800-PX.jpg?resize=350%2C200&ssl=1 1x, https:\/\/i0.wp.com\/xn--uascoquetas-1db.co\/wp-content\/uploads\/2023\/10\/GP_800-PX.jpg?resize=525%2C300&ssl=1 1.5x, https:\/\/i0.wp.com\/xn--uascoquetas-1db.co\/wp-content\/uploads\/2023\/10\/GP_800-PX.jpg?resize=700%2C400&ssl=1 2x"},"classes":[]},{"id":5781,"url":"https:\/\/xn--uascoquetas-1db.co\/?product=lampara-uv-led-con-goma-azul-celeste-linterna-uv","url_meta":{"origin":7209,"position":4},"title":"L\u00e1mpara UV led con goma, azul celeste &#8211; Linterna UV","author":"U\u00f1as Coquetas","date":"04\/10\/2023","format":false,"excerpt":"Linterna UV marca Extranjera Gen\u00e9rica, para curado de gel polish y goma para asegurar sticker","rel":"","context":"Entrada similar","block_context":{"text":"Entrada similar","link":""},"img":{"alt_text":"Linterna goma","src":"https:\/\/i0.wp.com\/xn--uascoquetas-1db.co\/wp-content\/uploads\/2023\/10\/Linterna-Azul-Goma-800x800_Mesa-de-trabajo-1.jpg?resize=350%2C200&ssl=1","width":350,"height":200,"srcset":"https:\/\/i0.wp.com\/xn--uascoquetas-1db.co\/wp-content\/uploads\/2023\/10\/Linterna-Azul-Goma-800x800_Mesa-de-trabajo-1.jpg?resize=350%2C200&ssl=1 1x, https:\/\/i0.wp.com\/xn--uascoquetas-1db.co\/wp-content\/uploads\/2023\/10\/Linterna-Azul-Goma-800x800_Mesa-de-trabajo-1.jpg?resize=525%2C300&ssl=1 1.5x, https:\/\/i0.wp.com\/xn--uascoquetas-1db.co\/wp-content\/uploads\/2023\/10\/Linterna-Azul-Goma-800x800_Mesa-de-trabajo-1.jpg?resize=700%2C400&ssl=1 2x"},"classes":[]},{"id":5700,"url":"https:\/\/xn--uascoquetas-1db.co\/?product=silicona-grande-mat-encaje-rosado-mantel-de-silicona","url_meta":{"origin":7209,"position":5},"title":"Silicona Grande mat &#8211; Encaje rosado &#8211; Mantel de silicona","author":"U\u00f1as Coquetas","date":"02\/10\/2023","format":false,"excerpt":"Mantel de silicona marca Extranjera Gen\u00e9rica, con motivos de encaje","rel":"","context":"Entrada similar","block_context":{"text":"Entrada similar","link":""},"img":{"alt_text":"Mantel de silicona encaje rosado","src":"https:\/\/i0.wp.com\/xn--uascoquetas-1db.co\/wp-content\/uploads\/2023\/10\/Mat-rosado-01.jpg?resize=350%2C200&ssl=1","width":350,"height":200,"srcset":"https:\/\/i0.wp.com\/xn--uascoquetas-1db.co\/wp-content\/uploads\/2023\/10\/Mat-rosado-01.jpg?resize=350%2C200&ssl=1 1x, https:\/\/i0.wp.com\/xn--uascoquetas-1db.co\/wp-content\/uploads\/2023\/10\/Mat-rosado-01.jpg?resize=525%2C300&ssl=1 1.5x, https:\/\/i0.wp.com\/xn--uascoquetas-1db.co\/wp-content\/uploads\/2023\/10\/Mat-rosado-01.jpg?resize=700%2C400&ssl=1 2x, https:\/\/i0.wp.com\/xn--uascoquetas-1db.co\/wp-content\/uploads\/2023\/10\/Mat-rosado-01.jpg?resize=1050%2C600&ssl=1 3x"},"classes":[]}],"_links":{"self":[{"href":"https:\/\/xn--uascoquetas-1db.co\/index.php?rest_route=\/wp\/v2\/product\/7209","targetHints":{"allow":["GET"]}}],"collection":[{"href":"https:\/\/xn--uascoquetas-1db.co\/index.php?rest_route=\/wp\/v2\/product"}],"about":[{"href":"https:\/\/xn--uascoquetas-1db.co\/index.php?rest_route=\/wp\/v2\/types\/product"}],"replies":[{"embeddable":true,"href":"https:\/\/xn--uascoquetas-1db.co\/index.php?rest_route=%2Fwp%2Fv2%2Fcomments&post=7209"}],"wp:featuredmedia":[{"embeddable":true,"href":"https:\/\/xn--uascoquetas-1db.co\/index.php?rest_route=\/wp\/v2\/media\/11252"}],"wp:attachment":[{"href":"https:\/\/xn--uascoquetas-1db.co\/index.php?rest_route=%2Fwp%2Fv2%2Fmedia&parent=7209"}],"wp:term":[{"taxonomy":"product_brand","embeddable":true,"href":"https:\/\/xn--uascoquetas-1db.co\/index.php?rest_route=%2Fwp%2Fv2%2Fproduct_brand&post=7209"},{"taxonomy":"product_cat","embeddable":true,"href":"https:\/\/xn--uascoquetas-1db.co\/index.php?rest_route=%2Fwp%2Fv2%2Fproduct_cat&post=7209"},{"taxonomy":"product_tag","embeddable":true,"href":"https:\/\/xn--uascoquetas-1db.co\/index.php?rest_route=%2Fwp%2Fv2%2Fproduct_tag&post=7209"}],"curies":[{"name":"wp","href":"https:\/\/api.w.org\/{rel}","templated":true}]}}