{"id":7227,"date":"2024-01-18T14:17:24","date_gmt":"2024-01-18T19:17:24","guid":{"rendered":"https:\/\/xn--uascoquetas-1db.co\/?post_type=product&#038;p=7227"},"modified":"2025-01-16T19:37:17","modified_gmt":"2025-01-17T00:37:17","slug":"pincel-dual-acrilicas-gel-y-sistemas-artificiales-pinceles","status":"publish","type":"product","link":"https:\/\/xn--uascoquetas-1db.co\/?product=pincel-dual-acrilicas-gel-y-sistemas-artificiales-pinceles","title":{"rendered":"Pincel dual acr\u00edlicas, gel y sistemas artificiales &#8211; Pinceles"},"content":{"rendered":"<p>Pincel para extensi\u00f3n de u\u00f1as en sistemas artificiales (acr\u00edlico, gel, entre otros) y nail art.<\/p>\n<h2>DESCRIPCI\u00d3N<\/h2>\n<p>Art\u00edculo completamente nuevo<br \/>\nUn (1) pincel doble extremo, con tapas.<\/p>\n<p>Especificaciones:<br \/>\n-Longitud del pincel\/bol\u00edgrafo: aprox. 16,6 cm<br \/>\n-Mango del cepillo: aluminio<br \/>\n-Material del pelo: nailon de alta calidad<\/p>\n<h2>Aplicaci\u00f3n:<\/h2>\n<p>-100% nuevo y de alta calidad<br \/>\n&#8211; Doble cabezal, m\u00e1s conveniente para almacenamiento.<br \/>\n&#8211; F\u00e1cil de manejar y operar.<br \/>\n-Para dibujar l\u00edneas, detalles finos, flores, patrones, hacer difuminados, t\u00e9cnicas de u\u00f1as artificiales acr\u00edlicas, esculpidas, etc.<br \/>\n-Adecuado para mezclar, cargar por los lados y delinear en \u00e1reas estrechas.<br \/>\n-Ideal para tareas de detalles m\u00e1s finos como pintar hojas y p\u00e9talos de flores.<br \/>\n-Adecuado para uso profesional en sal\u00f3n o uso dom\u00e9stico.<br \/>\n&#8211; Se debe lavar o limpiar cuidadosamente despu\u00e9s de cada uso, \u00a1mant\u00e9ngalo limpio para su reutilizaci\u00f3n!<\/p>\n","protected":false},"excerpt":{"rendered":"<table width=\"504\">\n<tbody>\n<tr>\n<td width=\"504\">Pincel para uso profesional, delineados, difuminados y t\u00e9cnicas para u\u00f1as artificiales.<\/td>\n<\/tr>\n<\/tbody>\n<\/table>\n","protected":false},"featured_media":7228,"comment_status":"open","ping_status":"closed","template":"","meta":{"_regular_price":["18000"],"currency_symbol":[],"_uag_custom_page_level_css":""},"product_brand":[],"product_cat":[47,32],"product_tag":[188,181],"class_list":{"0":"post-7227","1":"product","2":"type-product","3":"status-publish","4":"has-post-thumbnail","6":"product_cat-materiales","7":"product_cat-pinceles","8":"product_tag-materiales","9":"product_tag-pinceles","10":"product_shipping_class-paquete-pequeno","12":"first","13":"instock","14":"purchasable","15":"product-type-simple"},"post_slider_layout_featured_media_urls":{"thumbnail":["https:\/\/xn--uascoquetas-1db.co\/wp-content\/uploads\/2024\/01\/Portada-pincel_800-PX-150x150.jpg",150,150,true],"post_slider_layout_landscape_large":["https:\/\/xn--uascoquetas-1db.co\/wp-content\/uploads\/2024\/01\/Portada-pincel_800-PX.jpg",800,800,false],"post_slider_layout_portrait_large":["https:\/\/xn--uascoquetas-1db.co\/wp-content\/uploads\/2024\/01\/Portada-pincel_800-PX.jpg",800,800,false],"post_slider_layout_square_large":["https:\/\/xn--uascoquetas-1db.co\/wp-content\/uploads\/2024\/01\/Portada-pincel_800-PX.jpg",800,800,false],"post_slider_layout_landscape":["https:\/\/xn--uascoquetas-1db.co\/wp-content\/uploads\/2024\/01\/Portada-pincel_800-PX.jpg",400,400,false],"post_slider_layout_portrait":["https:\/\/xn--uascoquetas-1db.co\/wp-content\/uploads\/2024\/01\/Portada-pincel_800-PX.jpg",600,600,false],"post_slider_layout_square":["https:\/\/xn--uascoquetas-1db.co\/wp-content\/uploads\/2024\/01\/Portada-pincel_800-PX.jpg",600,600,false],"full":["https:\/\/xn--uascoquetas-1db.co\/wp-content\/uploads\/2024\/01\/Portada-pincel_800-PX.jpg",800,800,false]},"uagb_featured_image_src":{"full":["https:\/\/xn--uascoquetas-1db.co\/wp-content\/uploads\/2024\/01\/Portada-pincel_800-PX.jpg",800,800,false],"thumbnail":["https:\/\/xn--uascoquetas-1db.co\/wp-content\/uploads\/2024\/01\/Portada-pincel_800-PX-150x150.jpg",150,150,true],"medium":["https:\/\/xn--uascoquetas-1db.co\/wp-content\/uploads\/2024\/01\/Portada-pincel_800-PX-300x300.jpg",300,300,true],"medium_large":["https:\/\/xn--uascoquetas-1db.co\/wp-content\/uploads\/2024\/01\/Portada-pincel_800-PX-768x768.jpg",640,640,true],"large":["https:\/\/xn--uascoquetas-1db.co\/wp-content\/uploads\/2024\/01\/Portada-pincel_800-PX.jpg",640,640,false],"1536x1536":["https:\/\/xn--uascoquetas-1db.co\/wp-content\/uploads\/2024\/01\/Portada-pincel_800-PX.jpg",800,800,false],"2048x2048":["https:\/\/xn--uascoquetas-1db.co\/wp-content\/uploads\/2024\/01\/Portada-pincel_800-PX.jpg",800,800,false],"post_slider_layout_landscape_large":["https:\/\/xn--uascoquetas-1db.co\/wp-content\/uploads\/2024\/01\/Portada-pincel_800-PX.jpg",800,800,false],"post_slider_layout_portrait_large":["https:\/\/xn--uascoquetas-1db.co\/wp-content\/uploads\/2024\/01\/Portada-pincel_800-PX.jpg",800,800,false],"post_slider_layout_square_large":["https:\/\/xn--uascoquetas-1db.co\/wp-content\/uploads\/2024\/01\/Portada-pincel_800-PX.jpg",800,800,false],"post_slider_layout_landscape":["https:\/\/xn--uascoquetas-1db.co\/wp-content\/uploads\/2024\/01\/Portada-pincel_800-PX.jpg",400,400,false],"post_slider_layout_portrait":["https:\/\/xn--uascoquetas-1db.co\/wp-content\/uploads\/2024\/01\/Portada-pincel_800-PX.jpg",600,600,false],"post_slider_layout_square":["https:\/\/xn--uascoquetas-1db.co\/wp-content\/uploads\/2024\/01\/Portada-pincel_800-PX.jpg",600,600,false],"vw-kids-homepage-thumb":["https:\/\/xn--uascoquetas-1db.co\/wp-content\/uploads\/2024\/01\/Portada-pincel_800-PX.jpg",145,145,false],"woocommerce_thumbnail":["https:\/\/xn--uascoquetas-1db.co\/wp-content\/uploads\/2024\/01\/Portada-pincel_800-PX-300x300.jpg",300,300,true],"woocommerce_single":["https:\/\/xn--uascoquetas-1db.co\/wp-content\/uploads\/2024\/01\/Portada-pincel_800-PX-600x600.jpg",600,600,true],"woocommerce_gallery_thumbnail":["https:\/\/xn--uascoquetas-1db.co\/wp-content\/uploads\/2024\/01\/Portada-pincel_800-PX-100x100.jpg",100,100,true],"variation_swatches_image_size":["https:\/\/xn--uascoquetas-1db.co\/wp-content\/uploads\/2024\/01\/Portada-pincel_800-PX.jpg",50,50,false],"variation_swatches_tooltip_size":["https:\/\/xn--uascoquetas-1db.co\/wp-content\/uploads\/2024\/01\/Portada-pincel_800-PX.jpg",100,100,false]},"uagb_author_info":{"display_name":"U\u00f1as Coquetas","author_link":"https:\/\/xn--uascoquetas-1db.co\/?author=0"},"uagb_comment_info":0,"uagb_excerpt":"Pincel para uso profesional, delineados, difuminados y t\u00e9cnicas para u\u00f1as artificiales.","jetpack_sharing_enabled":true,"jetpack-related-posts":[{"id":6749,"url":"https:\/\/xn--uascoquetas-1db.co\/?product=set-x-5-linner-acrilicos-difuminado-con-tapa-rosado-pinceles","url_meta":{"origin":7227,"position":0},"title":"Set x 5 linner + acr\u00edlicos + difuminado Con tapa rosado &#8211; Pinceles","author":"U\u00f1as Coquetas","date":"17\/11\/2023","format":false,"excerpt":"Pinceles marca Extranjera Gen\u00e9rica, set de pinceles para uso profesional, delineados, difuminados y t\u00e9cnicas para u\u00f1as artificiales..","rel":"","context":"Entrada similar","block_context":{"text":"Entrada similar","link":""},"img":{"alt_text":"177. Set x 5 pinceles rosa","src":"https:\/\/i0.wp.com\/xn--uascoquetas-1db.co\/wp-content\/uploads\/2023\/11\/177.-Set-x-5-Pinceles-rosa-800px_Mesa-de-trabajo-1.jpg?resize=350%2C200&ssl=1","width":350,"height":200,"srcset":"https:\/\/i0.wp.com\/xn--uascoquetas-1db.co\/wp-content\/uploads\/2023\/11\/177.-Set-x-5-Pinceles-rosa-800px_Mesa-de-trabajo-1.jpg?resize=350%2C200&ssl=1 1x, https:\/\/i0.wp.com\/xn--uascoquetas-1db.co\/wp-content\/uploads\/2023\/11\/177.-Set-x-5-Pinceles-rosa-800px_Mesa-de-trabajo-1.jpg?resize=525%2C300&ssl=1 1.5x, https:\/\/i0.wp.com\/xn--uascoquetas-1db.co\/wp-content\/uploads\/2023\/11\/177.-Set-x-5-Pinceles-rosa-800px_Mesa-de-trabajo-1.jpg?resize=700%2C400&ssl=1 2x"},"classes":[]},{"id":6746,"url":"https:\/\/xn--uascoquetas-1db.co\/?product=set-x-5-linner-acrilicos-difuminado-con-tapa-negro-pinceles","url_meta":{"origin":7227,"position":1},"title":"Set x 5 linner + acr\u00edlicos + difuminado Con tapa negro &#8211; Pinceles","author":"U\u00f1as Coquetas","date":"17\/11\/2023","format":false,"excerpt":"Pinceles marca Extranjera Gen\u00e9rica, set de pinceles para uso profesional, delineados, difuminados y t\u00e9cnicas para u\u00f1as artificiales..","rel":"","context":"Entrada similar","block_context":{"text":"Entrada similar","link":""},"img":{"alt_text":"136. Set 5 pinceles negros","src":"https:\/\/i0.wp.com\/xn--uascoquetas-1db.co\/wp-content\/uploads\/2023\/11\/136.-Set-x-5-pinceles-800px_Mesa-de-trabajo-1.jpg?resize=350%2C200&ssl=1","width":350,"height":200,"srcset":"https:\/\/i0.wp.com\/xn--uascoquetas-1db.co\/wp-content\/uploads\/2023\/11\/136.-Set-x-5-pinceles-800px_Mesa-de-trabajo-1.jpg?resize=350%2C200&ssl=1 1x, https:\/\/i0.wp.com\/xn--uascoquetas-1db.co\/wp-content\/uploads\/2023\/11\/136.-Set-x-5-pinceles-800px_Mesa-de-trabajo-1.jpg?resize=525%2C300&ssl=1 1.5x, https:\/\/i0.wp.com\/xn--uascoquetas-1db.co\/wp-content\/uploads\/2023\/11\/136.-Set-x-5-pinceles-800px_Mesa-de-trabajo-1.jpg?resize=700%2C400&ssl=1 2x"},"classes":[]},{"id":6738,"url":"https:\/\/xn--uascoquetas-1db.co\/?product=set-3-unidades-linner-holografico-de-7-9-y-13-mm-pinceles","url_meta":{"origin":7227,"position":2},"title":"Set 3 unidades linner hologr\u00e1fico de 7 , 9 y 13 mm &#8211; Pinceles","author":"U\u00f1as Coquetas","date":"17\/11\/2023","format":false,"excerpt":"Pinceles marca Extranjera Gen\u00e9rica, set de pinceles para delinear","rel":"","context":"Entrada similar","block_context":{"text":"Entrada similar","link":""},"img":{"alt_text":"160. Pinceles holo","src":"https:\/\/i0.wp.com\/xn--uascoquetas-1db.co\/wp-content\/uploads\/2023\/11\/Pincel-holo-x-3-800px_Mesa-de-trabajo-1.jpg?resize=350%2C200&ssl=1","width":350,"height":200,"srcset":"https:\/\/i0.wp.com\/xn--uascoquetas-1db.co\/wp-content\/uploads\/2023\/11\/Pincel-holo-x-3-800px_Mesa-de-trabajo-1.jpg?resize=350%2C200&ssl=1 1x, https:\/\/i0.wp.com\/xn--uascoquetas-1db.co\/wp-content\/uploads\/2023\/11\/Pincel-holo-x-3-800px_Mesa-de-trabajo-1.jpg?resize=525%2C300&ssl=1 1.5x, https:\/\/i0.wp.com\/xn--uascoquetas-1db.co\/wp-content\/uploads\/2023\/11\/Pincel-holo-x-3-800px_Mesa-de-trabajo-1.jpg?resize=700%2C400&ssl=1 2x"},"classes":[]},{"id":5746,"url":"https:\/\/xn--uascoquetas-1db.co\/?product=set-de-tres-pinceles-acrilicos-linner-pinceles","url_meta":{"origin":7227,"position":3},"title":"Set de tres pinceles acr\u00edlicos + linner &#8211; Pinceles","author":"U\u00f1as Coquetas","date":"02\/10\/2023","format":false,"excerpt":"Pinceles marca Extranjera Gen\u00e9rica, pinceles para delinear y t\u00e9cnicas especiales","rel":"","context":"Entrada similar","block_context":{"text":"Entrada similar","link":""},"img":{"alt_text":"Set 3 pinceles","src":"https:\/\/i0.wp.com\/xn--uascoquetas-1db.co\/wp-content\/uploads\/2023\/10\/Linner-acrilicos-800x800_Mesa-de-trabajo-1.jpg?resize=350%2C200&ssl=1","width":350,"height":200,"srcset":"https:\/\/i0.wp.com\/xn--uascoquetas-1db.co\/wp-content\/uploads\/2023\/10\/Linner-acrilicos-800x800_Mesa-de-trabajo-1.jpg?resize=350%2C200&ssl=1 1x, https:\/\/i0.wp.com\/xn--uascoquetas-1db.co\/wp-content\/uploads\/2023\/10\/Linner-acrilicos-800x800_Mesa-de-trabajo-1.jpg?resize=525%2C300&ssl=1 1.5x, https:\/\/i0.wp.com\/xn--uascoquetas-1db.co\/wp-content\/uploads\/2023\/10\/Linner-acrilicos-800x800_Mesa-de-trabajo-1.jpg?resize=700%2C400&ssl=1 2x"},"classes":[]},{"id":6741,"url":"https:\/\/xn--uascoquetas-1db.co\/?product=set-3-unidades-linner-grueso-7-9-y-13-mm-pinceles","url_meta":{"origin":7227,"position":4},"title":"Set 3 unidades cerda gruesa, 7 , 9 y 13 mm &#8211; Pinceles","author":"U\u00f1as Coquetas","date":"17\/11\/2023","format":false,"excerpt":"Pinceles marca Extranjera Gen\u00e9rica, set de pinceles para difuminados y reversa.","rel":"","context":"Entrada similar","block_context":{"text":"Entrada similar","link":""},"img":{"alt_text":"159. set pinceles","src":"https:\/\/i0.wp.com\/xn--uascoquetas-1db.co\/wp-content\/uploads\/2023\/11\/159.-Set-x-3-800-px_Mesa-de-trabajo-1.jpg?resize=350%2C200&ssl=1","width":350,"height":200,"srcset":"https:\/\/i0.wp.com\/xn--uascoquetas-1db.co\/wp-content\/uploads\/2023\/11\/159.-Set-x-3-800-px_Mesa-de-trabajo-1.jpg?resize=350%2C200&ssl=1 1x, https:\/\/i0.wp.com\/xn--uascoquetas-1db.co\/wp-content\/uploads\/2023\/11\/159.-Set-x-3-800-px_Mesa-de-trabajo-1.jpg?resize=525%2C300&ssl=1 1.5x, https:\/\/i0.wp.com\/xn--uascoquetas-1db.co\/wp-content\/uploads\/2023\/11\/159.-Set-x-3-800-px_Mesa-de-trabajo-1.jpg?resize=700%2C400&ssl=1 2x"},"classes":[]},{"id":7223,"url":"https:\/\/xn--uascoquetas-1db.co\/?product=set-de-6-pinceles-acrilicos-mago-rosado-pinceles","url_meta":{"origin":7227,"position":5},"title":"Set de 6 pinceles acr\u00edlicos &#8211; mago rosado &#8211; Pinceles","author":"U\u00f1as Coquetas","date":"18\/01\/2024","format":false,"excerpt":"Pinceles marca Extranjera Gen\u00e9rica, pinceles para t\u00e9cnicas de extensi\u00f3n de u\u00f1as.","rel":"","context":"Entrada similar","block_context":{"text":"Entrada similar","link":""},"img":{"alt_text":"Set de 6 pinceles acr\u00edlicos - mago rosado","src":"https:\/\/i0.wp.com\/xn--uascoquetas-1db.co\/wp-content\/uploads\/2024\/01\/Acrilicos-rosa_800-PX.jpg?resize=350%2C200&ssl=1","width":350,"height":200,"srcset":"https:\/\/i0.wp.com\/xn--uascoquetas-1db.co\/wp-content\/uploads\/2024\/01\/Acrilicos-rosa_800-PX.jpg?resize=350%2C200&ssl=1 1x, https:\/\/i0.wp.com\/xn--uascoquetas-1db.co\/wp-content\/uploads\/2024\/01\/Acrilicos-rosa_800-PX.jpg?resize=525%2C300&ssl=1 1.5x, https:\/\/i0.wp.com\/xn--uascoquetas-1db.co\/wp-content\/uploads\/2024\/01\/Acrilicos-rosa_800-PX.jpg?resize=700%2C400&ssl=1 2x"},"classes":[]}],"_links":{"self":[{"href":"https:\/\/xn--uascoquetas-1db.co\/index.php?rest_route=\/wp\/v2\/product\/7227","targetHints":{"allow":["GET"]}}],"collection":[{"href":"https:\/\/xn--uascoquetas-1db.co\/index.php?rest_route=\/wp\/v2\/product"}],"about":[{"href":"https:\/\/xn--uascoquetas-1db.co\/index.php?rest_route=\/wp\/v2\/types\/product"}],"replies":[{"embeddable":true,"href":"https:\/\/xn--uascoquetas-1db.co\/index.php?rest_route=%2Fwp%2Fv2%2Fcomments&post=7227"}],"wp:featuredmedia":[{"embeddable":true,"href":"https:\/\/xn--uascoquetas-1db.co\/index.php?rest_route=\/wp\/v2\/media\/7228"}],"wp:attachment":[{"href":"https:\/\/xn--uascoquetas-1db.co\/index.php?rest_route=%2Fwp%2Fv2%2Fmedia&parent=7227"}],"wp:term":[{"taxonomy":"product_brand","embeddable":true,"href":"https:\/\/xn--uascoquetas-1db.co\/index.php?rest_route=%2Fwp%2Fv2%2Fproduct_brand&post=7227"},{"taxonomy":"product_cat","embeddable":true,"href":"https:\/\/xn--uascoquetas-1db.co\/index.php?rest_route=%2Fwp%2Fv2%2Fproduct_cat&post=7227"},{"taxonomy":"product_tag","embeddable":true,"href":"https:\/\/xn--uascoquetas-1db.co\/index.php?rest_route=%2Fwp%2Fv2%2Fproduct_tag&post=7227"}],"curies":[{"name":"wp","href":"https:\/\/api.w.org\/{rel}","templated":true}]}}