{"id":7263,"date":"2024-01-25T11:17:46","date_gmt":"2024-01-25T16:17:46","guid":{"rendered":"https:\/\/xn--uascoquetas-1db.co\/?post_type=product&#038;p=7263"},"modified":"2026-03-03T07:23:57","modified_gmt":"2026-03-03T12:23:57","slug":"el-principito-placa-acrilica-nail-art-magenta","status":"publish","type":"product","link":"https:\/\/xn--uascoquetas-1db.co\/?product=el-principito-placa-acrilica-nail-art-magenta","title":{"rendered":"El Principito &#8211; Placa acr\u00edlica &#8211; Nail Art Magenta"},"content":{"rendered":"<p>Placa rectangular Marca Nail Art Magenta<\/p>\n<p><strong>Descripci\u00f3n<\/strong><\/p>\n<p>Art\u00edculo completamente nuevo<\/p>\n<p>Una placa Rectangular<br \/>\nTama\u00f1o: 10 X 7 cm Aproximadamente<br \/>\nMaterial: Acr\u00edlico<\/p>\n<p><strong>Recomendaciones<\/strong><\/p>\n<p>Es posible aplicar removedor SIN acetona. Si es muy grasoso, limpiar con un poco de alcohol para recoger el dise\u00f1o con mayor facilidad.<br \/>\nLimpiar inmediatamente despu\u00e9s de su uso.<br \/>\nNo almacenar sin limpiar previamente.<br \/>\nEvitar el uso de elementos punzantes que puedan desprender la l\u00e1mina.<\/p>\n<blockquote class=\"tiktok-embed\" cite=\"https:\/\/www.tiktok.com\/@unascoquetaz\/video\/7335546160431598853\" data-video-id=\"7335546160431598853\" data-embed-from=\"oembed\" style=\"max-width:605px; min-width:325px;\">\n<section> <a target=\"_blank\" title=\"@unascoquetaz\" href=\"https:\/\/www.tiktok.com\/@unascoquetaz?refer=embed\">@unascoquetaz<\/a> <\/p>\n<p>\u00bfTen\u00edas est\u00e1 misma confusi\u00f3n? \ud83e\uddd0  Como tienda online tenemos la obligaci\u00f3n de describir correctamente el producto, como comprador, es tu deber leer bien la descripci\u00f3n de lo que compras. Si compraste una placa creyendo que era un sticker, compraste plata y te lleg\u00f3 oro. Complementa tu set con un buen estampador y explora este universo del Stamping, nosotros te ayudamos.  <a title=\"u\u00f1ascoquetas\" target=\"_blank\" href=\"https:\/\/www.tiktok.com\/tag\/u%C3%B1ascoquetas?refer=embed\">#u\u00f1ascoquetas<\/a> <a title=\"nailart\" target=\"_blank\" href=\"https:\/\/www.tiktok.com\/tag\/nailart?refer=embed\">#nailart<\/a> <a title=\"stampingplate\" target=\"_blank\" href=\"https:\/\/www.tiktok.com\/tag\/stampingplate?refer=embed\">#stampingplate<\/a> <a title=\"nailartist\" target=\"_blank\" href=\"https:\/\/www.tiktok.com\/tag\/nailartist?refer=embed\">#nailartist<\/a> <a title=\"nailista\" target=\"_blank\" href=\"https:\/\/www.tiktok.com\/tag\/nailista?refer=embed\">#nailista<\/a> <a title=\"amorporlasu\u00f1as\" target=\"_blank\" href=\"https:\/\/www.tiktok.com\/tag\/amorporlasu%C3%B1as?refer=embed\">#amorporlasu\u00f1as<\/a> <a title=\"nailstickers\" target=\"_blank\" href=\"https:\/\/www.tiktok.com\/tag\/nailstickers?refer=embed\">#nailstickers<\/a> <a title=\"naildecalsstickers\" target=\"_blank\" href=\"https:\/\/www.tiktok.com\/tag\/naildecalsstickers?refer=embed\">#naildecalsstickers<\/a> <a title=\"u\u00f1as\" target=\"_blank\" href=\"https:\/\/www.tiktok.com\/tag\/u%C3%B1as?refer=embed\">#u\u00f1as<\/a> <\/p>\n<p> <a target=\"_blank\" title=\"\u266c sonido original - U\u00f1as Coquetas\" href=\"https:\/\/www.tiktok.com\/music\/sonido-original-7335546188568578822?refer=embed\">\u266c sonido original &#8211; U\u00f1as Coquetas<\/a> <\/section>\n<\/blockquote>\n<p> <script async src=\"https:\/\/www.tiktok.com\/embed.js\"><\/script><\/p>\n<p>&nbsp;<\/p>\n","protected":false},"excerpt":{"rendered":"<table width=\"375\">\n<tbody>\n<tr>\n<td width=\"375\">Placa acr\u00edlica para estampar u\u00f1as, marca Colombiana Nail Art Magenta con hermosas figuras de el Principito.<\/td>\n<\/tr>\n<\/tbody>\n<\/table>\n","protected":false},"featured_media":10805,"comment_status":"open","ping_status":"closed","template":"","meta":{"_regular_price":["10000"],"currency_symbol":[],"_uag_custom_page_level_css":""},"product_brand":[],"product_cat":[27,24],"product_tag":[84,134,253,41],"class_list":{"0":"post-7263","1":"product","2":"type-product","3":"status-publish","4":"has-post-thumbnail","6":"product_cat-magenta","7":"product_cat-placas-de-estampar","8":"product_tag-acrilico","9":"product_tag-placas","10":"product_tag-principito","11":"product_tag-stamping","12":"product_shipping_class-paquete-pequeno","14":"first","15":"instock","16":"purchasable","17":"product-type-simple"},"post_slider_layout_featured_media_urls":{"thumbnail":["https:\/\/xn--uascoquetas-1db.co\/wp-content\/uploads\/2024\/01\/224-El-principito-11-150x150.jpg",150,150,true],"post_slider_layout_landscape_large":["https:\/\/xn--uascoquetas-1db.co\/wp-content\/uploads\/2024\/01\/224-El-principito-11.jpg",800,800,false],"post_slider_layout_portrait_large":["https:\/\/xn--uascoquetas-1db.co\/wp-content\/uploads\/2024\/01\/224-El-principito-11.jpg",800,800,false],"post_slider_layout_square_large":["https:\/\/xn--uascoquetas-1db.co\/wp-content\/uploads\/2024\/01\/224-El-principito-11.jpg",800,800,false],"post_slider_layout_landscape":["https:\/\/xn--uascoquetas-1db.co\/wp-content\/uploads\/2024\/01\/224-El-principito-11-600x400.jpg",600,400,true],"post_slider_layout_portrait":["https:\/\/xn--uascoquetas-1db.co\/wp-content\/uploads\/2024\/01\/224-El-principito-11-600x800.jpg",600,800,true],"post_slider_layout_square":["https:\/\/xn--uascoquetas-1db.co\/wp-content\/uploads\/2024\/01\/224-El-principito-11-600x600.jpg",600,600,true],"full":["https:\/\/xn--uascoquetas-1db.co\/wp-content\/uploads\/2024\/01\/224-El-principito-11.jpg",800,800,false]},"uagb_featured_image_src":{"full":["https:\/\/xn--uascoquetas-1db.co\/wp-content\/uploads\/2024\/01\/224-El-principito-11.jpg",800,800,false],"thumbnail":["https:\/\/xn--uascoquetas-1db.co\/wp-content\/uploads\/2024\/01\/224-El-principito-11-150x150.jpg",150,150,true],"medium":["https:\/\/xn--uascoquetas-1db.co\/wp-content\/uploads\/2024\/01\/224-El-principito-11-300x300.jpg",300,300,true],"medium_large":["https:\/\/xn--uascoquetas-1db.co\/wp-content\/uploads\/2024\/01\/224-El-principito-11-768x768.jpg",640,640,true],"large":["https:\/\/xn--uascoquetas-1db.co\/wp-content\/uploads\/2024\/01\/224-El-principito-11.jpg",640,640,false],"1536x1536":["https:\/\/xn--uascoquetas-1db.co\/wp-content\/uploads\/2024\/01\/224-El-principito-11.jpg",800,800,false],"2048x2048":["https:\/\/xn--uascoquetas-1db.co\/wp-content\/uploads\/2024\/01\/224-El-principito-11.jpg",800,800,false],"post_slider_layout_landscape_large":["https:\/\/xn--uascoquetas-1db.co\/wp-content\/uploads\/2024\/01\/224-El-principito-11.jpg",800,800,false],"post_slider_layout_portrait_large":["https:\/\/xn--uascoquetas-1db.co\/wp-content\/uploads\/2024\/01\/224-El-principito-11.jpg",800,800,false],"post_slider_layout_square_large":["https:\/\/xn--uascoquetas-1db.co\/wp-content\/uploads\/2024\/01\/224-El-principito-11.jpg",800,800,false],"post_slider_layout_landscape":["https:\/\/xn--uascoquetas-1db.co\/wp-content\/uploads\/2024\/01\/224-El-principito-11-600x400.jpg",600,400,true],"post_slider_layout_portrait":["https:\/\/xn--uascoquetas-1db.co\/wp-content\/uploads\/2024\/01\/224-El-principito-11-600x800.jpg",600,800,true],"post_slider_layout_square":["https:\/\/xn--uascoquetas-1db.co\/wp-content\/uploads\/2024\/01\/224-El-principito-11-600x600.jpg",600,600,true],"vw-kids-homepage-thumb":["https:\/\/xn--uascoquetas-1db.co\/wp-content\/uploads\/2024\/01\/224-El-principito-11-240x145.jpg",240,145,true],"woocommerce_thumbnail":["https:\/\/xn--uascoquetas-1db.co\/wp-content\/uploads\/2024\/01\/224-El-principito-11-300x300.jpg",300,300,true],"woocommerce_single":["https:\/\/xn--uascoquetas-1db.co\/wp-content\/uploads\/2024\/01\/224-El-principito-11-600x600.jpg",600,600,true],"woocommerce_gallery_thumbnail":["https:\/\/xn--uascoquetas-1db.co\/wp-content\/uploads\/2024\/01\/224-El-principito-11-100x100.jpg",100,100,true],"variation_swatches_image_size":["https:\/\/xn--uascoquetas-1db.co\/wp-content\/uploads\/2024\/01\/224-El-principito-11-50x50.jpg",50,50,true],"variation_swatches_tooltip_size":["https:\/\/xn--uascoquetas-1db.co\/wp-content\/uploads\/2024\/01\/224-El-principito-11-100x100.jpg",100,100,true]},"uagb_author_info":{"display_name":"U\u00f1as Coquetas","author_link":"https:\/\/xn--uascoquetas-1db.co\/?author=0"},"uagb_comment_info":0,"uagb_excerpt":"Placa acr\u00edlica para estampar u\u00f1as, marca Colombiana Nail Art Magenta con hermosas figuras de el Principito.","jetpack_sharing_enabled":true,"jetpack-related-posts":[{"id":6210,"url":"https:\/\/xn--uascoquetas-1db.co\/?product=popart-placa-acrilica-nail-art-magenta","url_meta":{"origin":7263,"position":0},"title":"Popart &#8211; Placa acr\u00edlica &#8211; Nail Art Magenta","author":"U\u00f1as Coquetas","date":"20\/10\/2023","format":false,"excerpt":"Placa acr\u00edlica para estampar u\u00f1as, marca Colombiana Nail Art Magenta con hermosas figuras de mujeres estilo pop art.","rel":"","context":"Entrada similar","block_context":{"text":"Entrada similar","link":""},"img":{"alt_text":"Pop art magenta","src":"https:\/\/i0.wp.com\/xn--uascoquetas-1db.co\/wp-content\/uploads\/2023\/10\/Pop-art-800x800_Mesa-de-trabajo-1.jpg?resize=350%2C200&ssl=1","width":350,"height":200,"srcset":"https:\/\/i0.wp.com\/xn--uascoquetas-1db.co\/wp-content\/uploads\/2023\/10\/Pop-art-800x800_Mesa-de-trabajo-1.jpg?resize=350%2C200&ssl=1 1x, https:\/\/i0.wp.com\/xn--uascoquetas-1db.co\/wp-content\/uploads\/2023\/10\/Pop-art-800x800_Mesa-de-trabajo-1.jpg?resize=525%2C300&ssl=1 1.5x, https:\/\/i0.wp.com\/xn--uascoquetas-1db.co\/wp-content\/uploads\/2023\/10\/Pop-art-800x800_Mesa-de-trabajo-1.jpg?resize=700%2C400&ssl=1 2x"},"classes":[]},{"id":6096,"url":"https:\/\/xn--uascoquetas-1db.co\/?product=estilo-placa-acrilica-nail-art-magenta","url_meta":{"origin":7263,"position":1},"title":"Estilo &#8211; Placa acr\u00edlica &#8211; Nail Art Magenta","author":"U\u00f1as Coquetas","date":"20\/10\/2023","format":false,"excerpt":"Placa acr\u00edlica para estampar u\u00f1as, marca Colombiana Nail Art Magenta con hermosas figuras de marcas famosas. \u00a0 \u00a0","rel":"","context":"Entrada similar","block_context":{"text":"Entrada similar","link":""},"img":{"alt_text":"","src":"https:\/\/i0.wp.com\/xn--uascoquetas-1db.co\/wp-content\/uploads\/2023\/10\/134-Estilo-11.jpg?resize=350%2C200&ssl=1","width":350,"height":200,"srcset":"https:\/\/i0.wp.com\/xn--uascoquetas-1db.co\/wp-content\/uploads\/2023\/10\/134-Estilo-11.jpg?resize=350%2C200&ssl=1 1x, https:\/\/i0.wp.com\/xn--uascoquetas-1db.co\/wp-content\/uploads\/2023\/10\/134-Estilo-11.jpg?resize=525%2C300&ssl=1 1.5x, https:\/\/i0.wp.com\/xn--uascoquetas-1db.co\/wp-content\/uploads\/2023\/10\/134-Estilo-11.jpg?resize=700%2C400&ssl=1 2x"},"classes":[]},{"id":6138,"url":"https:\/\/xn--uascoquetas-1db.co\/?product=jardin-placa-acrilica-nail-art-magenta","url_meta":{"origin":7263,"position":2},"title":"Jard\u00edn &#8211; Placa acr\u00edlica &#8211; Nail Art Magenta","author":"U\u00f1as Coquetas","date":"20\/10\/2023","format":false,"excerpt":"Placa acr\u00edlica para estampar u\u00f1as, marca Colombiana Nail Art Magenta con hermosas figuras de flores.","rel":"","context":"Entrada similar","block_context":{"text":"Entrada similar","link":""},"img":{"alt_text":"Jardin magenta","src":"https:\/\/i0.wp.com\/xn--uascoquetas-1db.co\/wp-content\/uploads\/2023\/10\/Jardin-800x800_Mesa-de-trabajo-1.jpg?resize=350%2C200&ssl=1","width":350,"height":200,"srcset":"https:\/\/i0.wp.com\/xn--uascoquetas-1db.co\/wp-content\/uploads\/2023\/10\/Jardin-800x800_Mesa-de-trabajo-1.jpg?resize=350%2C200&ssl=1 1x, https:\/\/i0.wp.com\/xn--uascoquetas-1db.co\/wp-content\/uploads\/2023\/10\/Jardin-800x800_Mesa-de-trabajo-1.jpg?resize=525%2C300&ssl=1 1.5x, https:\/\/i0.wp.com\/xn--uascoquetas-1db.co\/wp-content\/uploads\/2023\/10\/Jardin-800x800_Mesa-de-trabajo-1.jpg?resize=700%2C400&ssl=1 2x"},"classes":[]},{"id":6068,"url":"https:\/\/xn--uascoquetas-1db.co\/?product=enamorados-placa-acrilica-nail-art-magenta","url_meta":{"origin":7263,"position":3},"title":"Enamorados &#8211; Placa acr\u00edlica &#8211; Nail Art Magenta","author":"U\u00f1as Coquetas","date":"20\/10\/2023","format":false,"excerpt":"Placa acr\u00edlica para estampar u\u00f1as, marca Colombiana Nail Art Magenta con hermosas figuras de amor y amistad, parejas, enamorados.","rel":"","context":"Entrada similar","block_context":{"text":"Entrada similar","link":""},"img":{"alt_text":"Enamorados magenta","src":"https:\/\/i0.wp.com\/xn--uascoquetas-1db.co\/wp-content\/uploads\/2023\/10\/Enamorados-800x800_Mesa-de-trabajo-1.jpg?resize=350%2C200&ssl=1","width":350,"height":200,"srcset":"https:\/\/i0.wp.com\/xn--uascoquetas-1db.co\/wp-content\/uploads\/2023\/10\/Enamorados-800x800_Mesa-de-trabajo-1.jpg?resize=350%2C200&ssl=1 1x, https:\/\/i0.wp.com\/xn--uascoquetas-1db.co\/wp-content\/uploads\/2023\/10\/Enamorados-800x800_Mesa-de-trabajo-1.jpg?resize=525%2C300&ssl=1 1.5x, https:\/\/i0.wp.com\/xn--uascoquetas-1db.co\/wp-content\/uploads\/2023\/10\/Enamorados-800x800_Mesa-de-trabajo-1.jpg?resize=700%2C400&ssl=1 2x"},"classes":[]},{"id":6085,"url":"https:\/\/xn--uascoquetas-1db.co\/?product=cartoon-3-placa-acrilica-nail-art-magenta","url_meta":{"origin":7263,"position":4},"title":"Cartoon 3 &#8211; Placa acr\u00edlica &#8211; Nail Art Magenta","author":"U\u00f1as Coquetas","date":"20\/10\/2023","format":false,"excerpt":"Placa acr\u00edlica para estampar u\u00f1as, marca Colombiana Nail Art Magenta con hermosas figuras de cartoon variado","rel":"","context":"Entrada similar","block_context":{"text":"Entrada similar","link":""},"img":{"alt_text":"cartoon 3 magenta","src":"https:\/\/i0.wp.com\/xn--uascoquetas-1db.co\/wp-content\/uploads\/2023\/10\/Cartoon-3-800x800_Mesa-de-trabajo-1.jpg?resize=350%2C200&ssl=1","width":350,"height":200,"srcset":"https:\/\/i0.wp.com\/xn--uascoquetas-1db.co\/wp-content\/uploads\/2023\/10\/Cartoon-3-800x800_Mesa-de-trabajo-1.jpg?resize=350%2C200&ssl=1 1x, https:\/\/i0.wp.com\/xn--uascoquetas-1db.co\/wp-content\/uploads\/2023\/10\/Cartoon-3-800x800_Mesa-de-trabajo-1.jpg?resize=525%2C300&ssl=1 1.5x, https:\/\/i0.wp.com\/xn--uascoquetas-1db.co\/wp-content\/uploads\/2023\/10\/Cartoon-3-800x800_Mesa-de-trabajo-1.jpg?resize=700%2C400&ssl=1 2x"},"classes":[]},{"id":6089,"url":"https:\/\/xn--uascoquetas-1db.co\/?product=colibri-placa-acrilica-nail-art-magenta","url_meta":{"origin":7263,"position":5},"title":"Colibr\u00ed &#8211; Placa acr\u00edlica &#8211; Nail Art Magenta","author":"U\u00f1as Coquetas","date":"20\/10\/2023","format":false,"excerpt":"Placa acr\u00edlica para estampar u\u00f1as, marca Colombiana Nail Art Magenta con hermosas figuras de p\u00e1jaros, flores y mariposas","rel":"","context":"Entrada similar","block_context":{"text":"Entrada similar","link":""},"img":{"alt_text":"colibr\u00ed magenta","src":"https:\/\/i0.wp.com\/xn--uascoquetas-1db.co\/wp-content\/uploads\/2023\/10\/Colibri-800x800_Mesa-de-trabajo-1.jpg?resize=350%2C200&ssl=1","width":350,"height":200,"srcset":"https:\/\/i0.wp.com\/xn--uascoquetas-1db.co\/wp-content\/uploads\/2023\/10\/Colibri-800x800_Mesa-de-trabajo-1.jpg?resize=350%2C200&ssl=1 1x, https:\/\/i0.wp.com\/xn--uascoquetas-1db.co\/wp-content\/uploads\/2023\/10\/Colibri-800x800_Mesa-de-trabajo-1.jpg?resize=525%2C300&ssl=1 1.5x, https:\/\/i0.wp.com\/xn--uascoquetas-1db.co\/wp-content\/uploads\/2023\/10\/Colibri-800x800_Mesa-de-trabajo-1.jpg?resize=700%2C400&ssl=1 2x"},"classes":[]}],"_links":{"self":[{"href":"https:\/\/xn--uascoquetas-1db.co\/index.php?rest_route=\/wp\/v2\/product\/7263","targetHints":{"allow":["GET"]}}],"collection":[{"href":"https:\/\/xn--uascoquetas-1db.co\/index.php?rest_route=\/wp\/v2\/product"}],"about":[{"href":"https:\/\/xn--uascoquetas-1db.co\/index.php?rest_route=\/wp\/v2\/types\/product"}],"replies":[{"embeddable":true,"href":"https:\/\/xn--uascoquetas-1db.co\/index.php?rest_route=%2Fwp%2Fv2%2Fcomments&post=7263"}],"wp:featuredmedia":[{"embeddable":true,"href":"https:\/\/xn--uascoquetas-1db.co\/index.php?rest_route=\/wp\/v2\/media\/10805"}],"wp:attachment":[{"href":"https:\/\/xn--uascoquetas-1db.co\/index.php?rest_route=%2Fwp%2Fv2%2Fmedia&parent=7263"}],"wp:term":[{"taxonomy":"product_brand","embeddable":true,"href":"https:\/\/xn--uascoquetas-1db.co\/index.php?rest_route=%2Fwp%2Fv2%2Fproduct_brand&post=7263"},{"taxonomy":"product_cat","embeddable":true,"href":"https:\/\/xn--uascoquetas-1db.co\/index.php?rest_route=%2Fwp%2Fv2%2Fproduct_cat&post=7263"},{"taxonomy":"product_tag","embeddable":true,"href":"https:\/\/xn--uascoquetas-1db.co\/index.php?rest_route=%2Fwp%2Fv2%2Fproduct_tag&post=7263"}],"curies":[{"name":"wp","href":"https:\/\/api.w.org\/{rel}","templated":true}]}}