{"id":7322,"date":"2024-01-29T15:49:36","date_gmt":"2024-01-29T20:49:36","guid":{"rendered":"https:\/\/xn--uascoquetas-1db.co\/?post_type=product&#038;p=7322"},"modified":"2026-03-11T13:27:40","modified_gmt":"2026-03-11T18:27:40","slug":"betty-boop-placa-metalica-mundo-de-unas","status":"publish","type":"product","link":"https:\/\/xn--uascoquetas-1db.co\/?product=betty-boop-placa-metalica-mundo-de-unas","title":{"rendered":"Betty Boop &#8211; Placa met\u00e1lica &#8211; Mundo de U\u00f1as"},"content":{"rendered":"<p>Placa rectangular Marca mexicana Mundo de U\u00f1as<\/p>\n<h2>Descripci\u00f3n<\/h2>\n<p>Art\u00edculo completamente nuevo<\/p>\n<p>Una placa Rectangular<br \/>\nTama\u00f1o: 6 x 9 cm Aproximadamente<br \/>\nMaterial: Acero inoxidable<\/p>\n<h2>Recomendaciones<\/h2>\n<p>Es posible aplicar removedor. Si es muy grasoso, limpiar con un poco de alcohol para recoger el dise\u00f1o con mayor facilidad.<br \/>\nLa placa viene sola, no tiene el estampador ni el raspador. Puedes adquirirlos tambi\u00e9n en nuestra tienda.<\/p>\n","protected":false},"excerpt":{"rendered":"<table width=\"375\">\n<tbody>\n<tr>\n<td width=\"375\">Placa met\u00e1lica para estampar u\u00f1as, marca Mexicana Mundo de U\u00f1as con hermosas figuras de cine Paramount Pictures, Betty Boop<\/td>\n<\/tr>\n<\/tbody>\n<\/table>\n","protected":false},"featured_media":7323,"comment_status":"open","ping_status":"closed","template":"","meta":{"_regular_price":["19300"],"currency_symbol":[],"_uag_custom_page_level_css":""},"product_brand":[],"product_cat":[26,24],"product_tag":[163,39,134,41],"class_list":{"0":"post-7322","1":"product","2":"type-product","3":"status-publish","4":"has-post-thumbnail","6":"product_cat-mundo-de-unas","7":"product_cat-placas-de-estampar","8":"product_tag-cine","9":"product_tag-metalico","10":"product_tag-placas","11":"product_tag-stamping","12":"product_shipping_class-paquete-pequeno","14":"first","15":"outofstock","16":"purchasable","17":"product-type-simple"},"post_slider_layout_featured_media_urls":{"thumbnail":["https:\/\/xn--uascoquetas-1db.co\/wp-content\/uploads\/2024\/01\/BETTY-BOOP_800-PX-150x150.jpg",150,150,true],"post_slider_layout_landscape_large":["https:\/\/xn--uascoquetas-1db.co\/wp-content\/uploads\/2024\/01\/BETTY-BOOP_800-PX.jpg",800,800,false],"post_slider_layout_portrait_large":["https:\/\/xn--uascoquetas-1db.co\/wp-content\/uploads\/2024\/01\/BETTY-BOOP_800-PX.jpg",800,800,false],"post_slider_layout_square_large":["https:\/\/xn--uascoquetas-1db.co\/wp-content\/uploads\/2024\/01\/BETTY-BOOP_800-PX.jpg",800,800,false],"post_slider_layout_landscape":["https:\/\/xn--uascoquetas-1db.co\/wp-content\/uploads\/2024\/01\/BETTY-BOOP_800-PX.jpg",400,400,false],"post_slider_layout_portrait":["https:\/\/xn--uascoquetas-1db.co\/wp-content\/uploads\/2024\/01\/BETTY-BOOP_800-PX.jpg",600,600,false],"post_slider_layout_square":["https:\/\/xn--uascoquetas-1db.co\/wp-content\/uploads\/2024\/01\/BETTY-BOOP_800-PX.jpg",600,600,false],"full":["https:\/\/xn--uascoquetas-1db.co\/wp-content\/uploads\/2024\/01\/BETTY-BOOP_800-PX.jpg",800,800,false]},"uagb_featured_image_src":{"full":["https:\/\/xn--uascoquetas-1db.co\/wp-content\/uploads\/2024\/01\/BETTY-BOOP_800-PX.jpg",800,800,false],"thumbnail":["https:\/\/xn--uascoquetas-1db.co\/wp-content\/uploads\/2024\/01\/BETTY-BOOP_800-PX-150x150.jpg",150,150,true],"medium":["https:\/\/xn--uascoquetas-1db.co\/wp-content\/uploads\/2024\/01\/BETTY-BOOP_800-PX-300x300.jpg",300,300,true],"medium_large":["https:\/\/xn--uascoquetas-1db.co\/wp-content\/uploads\/2024\/01\/BETTY-BOOP_800-PX-768x768.jpg",640,640,true],"large":["https:\/\/xn--uascoquetas-1db.co\/wp-content\/uploads\/2024\/01\/BETTY-BOOP_800-PX.jpg",640,640,false],"1536x1536":["https:\/\/xn--uascoquetas-1db.co\/wp-content\/uploads\/2024\/01\/BETTY-BOOP_800-PX.jpg",800,800,false],"2048x2048":["https:\/\/xn--uascoquetas-1db.co\/wp-content\/uploads\/2024\/01\/BETTY-BOOP_800-PX.jpg",800,800,false],"post_slider_layout_landscape_large":["https:\/\/xn--uascoquetas-1db.co\/wp-content\/uploads\/2024\/01\/BETTY-BOOP_800-PX.jpg",800,800,false],"post_slider_layout_portrait_large":["https:\/\/xn--uascoquetas-1db.co\/wp-content\/uploads\/2024\/01\/BETTY-BOOP_800-PX.jpg",800,800,false],"post_slider_layout_square_large":["https:\/\/xn--uascoquetas-1db.co\/wp-content\/uploads\/2024\/01\/BETTY-BOOP_800-PX.jpg",800,800,false],"post_slider_layout_landscape":["https:\/\/xn--uascoquetas-1db.co\/wp-content\/uploads\/2024\/01\/BETTY-BOOP_800-PX.jpg",400,400,false],"post_slider_layout_portrait":["https:\/\/xn--uascoquetas-1db.co\/wp-content\/uploads\/2024\/01\/BETTY-BOOP_800-PX.jpg",600,600,false],"post_slider_layout_square":["https:\/\/xn--uascoquetas-1db.co\/wp-content\/uploads\/2024\/01\/BETTY-BOOP_800-PX.jpg",600,600,false],"vw-kids-homepage-thumb":["https:\/\/xn--uascoquetas-1db.co\/wp-content\/uploads\/2024\/01\/BETTY-BOOP_800-PX.jpg",145,145,false],"woocommerce_thumbnail":["https:\/\/xn--uascoquetas-1db.co\/wp-content\/uploads\/2024\/01\/BETTY-BOOP_800-PX-300x300.jpg",300,300,true],"woocommerce_single":["https:\/\/xn--uascoquetas-1db.co\/wp-content\/uploads\/2024\/01\/BETTY-BOOP_800-PX-600x600.jpg",600,600,true],"woocommerce_gallery_thumbnail":["https:\/\/xn--uascoquetas-1db.co\/wp-content\/uploads\/2024\/01\/BETTY-BOOP_800-PX-100x100.jpg",100,100,true],"variation_swatches_image_size":["https:\/\/xn--uascoquetas-1db.co\/wp-content\/uploads\/2024\/01\/BETTY-BOOP_800-PX.jpg",50,50,false],"variation_swatches_tooltip_size":["https:\/\/xn--uascoquetas-1db.co\/wp-content\/uploads\/2024\/01\/BETTY-BOOP_800-PX.jpg",100,100,false]},"uagb_author_info":{"display_name":"U\u00f1as Coquetas","author_link":"https:\/\/xn--uascoquetas-1db.co\/?author=0"},"uagb_comment_info":0,"uagb_excerpt":"Placa met\u00e1lica para estampar u\u00f1as, marca Mexicana Mundo de U\u00f1as con hermosas figuras de cine Paramount Pictures, Betty Boop","jetpack_sharing_enabled":true,"jetpack-related-posts":[{"id":5567,"url":"https:\/\/xn--uascoquetas-1db.co\/?product=zz-cartoon-4-placa-metalica-mundo-de-unas","url_meta":{"origin":7322,"position":0},"title":"ZZ Cartoon 4 &#8211; Placa met\u00e1lica &#8211; Mundo de U\u00f1as","author":"U\u00f1as Coquetas","date":"29\/09\/2023","format":false,"excerpt":"Placa met\u00e1lica para estampar u\u00f1as, marca Mexicana Mundo de U\u00f1as con hermosas figuras de cartoon, Pantera Rosa, Betty Boop, Pacman","rel":"","context":"Entrada similar","block_context":{"text":"Entrada similar","link":""},"img":{"alt_text":"zz cartoon 4 mdu","src":"https:\/\/i0.wp.com\/xn--uascoquetas-1db.co\/wp-content\/uploads\/2023\/09\/ZZ-CARTOON-4-800X800_Mesa-de-trabajo-1.jpg?resize=350%2C200&ssl=1","width":350,"height":200,"srcset":"https:\/\/i0.wp.com\/xn--uascoquetas-1db.co\/wp-content\/uploads\/2023\/09\/ZZ-CARTOON-4-800X800_Mesa-de-trabajo-1.jpg?resize=350%2C200&ssl=1 1x, https:\/\/i0.wp.com\/xn--uascoquetas-1db.co\/wp-content\/uploads\/2023\/09\/ZZ-CARTOON-4-800X800_Mesa-de-trabajo-1.jpg?resize=525%2C300&ssl=1 1.5x, https:\/\/i0.wp.com\/xn--uascoquetas-1db.co\/wp-content\/uploads\/2023\/09\/ZZ-CARTOON-4-800X800_Mesa-de-trabajo-1.jpg?resize=700%2C400&ssl=1 2x"},"classes":[]},{"id":5457,"url":"https:\/\/xn--uascoquetas-1db.co\/?product=logos-1-placa-metalica-mundo-de-unas","url_meta":{"origin":7322,"position":1},"title":"Logos 1 &#8211; Placa met\u00e1lica &#8211; Mundo de U\u00f1as","author":"U\u00f1as Coquetas","date":"27\/09\/2023","format":false,"excerpt":"Placa met\u00e1lica para estampar u\u00f1as, marca Mexicana Mundo de U\u00f1as con hermosas figuras de Marcas","rel":"","context":"Entrada similar","block_context":{"text":"Entrada similar","link":""},"img":{"alt_text":"logos 1 mdu","src":"https:\/\/i0.wp.com\/xn--uascoquetas-1db.co\/wp-content\/uploads\/2023\/09\/LOGOS-1-800X800_Mesa-de-trabajo-1.jpg?resize=350%2C200&ssl=1","width":350,"height":200,"srcset":"https:\/\/i0.wp.com\/xn--uascoquetas-1db.co\/wp-content\/uploads\/2023\/09\/LOGOS-1-800X800_Mesa-de-trabajo-1.jpg?resize=350%2C200&ssl=1 1x, https:\/\/i0.wp.com\/xn--uascoquetas-1db.co\/wp-content\/uploads\/2023\/09\/LOGOS-1-800X800_Mesa-de-trabajo-1.jpg?resize=525%2C300&ssl=1 1.5x, https:\/\/i0.wp.com\/xn--uascoquetas-1db.co\/wp-content\/uploads\/2023\/09\/LOGOS-1-800X800_Mesa-de-trabajo-1.jpg?resize=700%2C400&ssl=1 2x"},"classes":[]},{"id":5459,"url":"https:\/\/xn--uascoquetas-1db.co\/?product=logos-2-placa-metalica-mundo-de-unas","url_meta":{"origin":7322,"position":2},"title":"Logos 2 &#8211; Placa met\u00e1lica &#8211; Mundo de U\u00f1as","author":"U\u00f1as Coquetas","date":"27\/09\/2023","format":false,"excerpt":"Placa met\u00e1lica para estampar u\u00f1as, marca Mexicana Mundo de U\u00f1as con hermosas figuras de Marcas","rel":"","context":"Entrada similar","block_context":{"text":"Entrada similar","link":""},"img":{"alt_text":"logos 2 mdu","src":"https:\/\/i0.wp.com\/xn--uascoquetas-1db.co\/wp-content\/uploads\/2023\/09\/LOGOS-2-800X800_Mesa-de-trabajo-1.jpg?resize=350%2C200&ssl=1","width":350,"height":200,"srcset":"https:\/\/i0.wp.com\/xn--uascoquetas-1db.co\/wp-content\/uploads\/2023\/09\/LOGOS-2-800X800_Mesa-de-trabajo-1.jpg?resize=350%2C200&ssl=1 1x, https:\/\/i0.wp.com\/xn--uascoquetas-1db.co\/wp-content\/uploads\/2023\/09\/LOGOS-2-800X800_Mesa-de-trabajo-1.jpg?resize=525%2C300&ssl=1 1.5x, https:\/\/i0.wp.com\/xn--uascoquetas-1db.co\/wp-content\/uploads\/2023\/09\/LOGOS-2-800X800_Mesa-de-trabajo-1.jpg?resize=700%2C400&ssl=1 2x"},"classes":[]},{"id":5461,"url":"https:\/\/xn--uascoquetas-1db.co\/?product=logos-3-placa-metalica-mundo-de-unas","url_meta":{"origin":7322,"position":3},"title":"Logos 3 &#8211; Placa met\u00e1lica &#8211; Mundo de U\u00f1as","author":"U\u00f1as Coquetas","date":"27\/09\/2023","format":false,"excerpt":"Placa met\u00e1lica para estampar u\u00f1as, marca Mexicana Mundo de U\u00f1as con hermosas figuras de Marcas","rel":"","context":"Entrada similar","block_context":{"text":"Entrada similar","link":""},"img":{"alt_text":"logos 3 mdu","src":"https:\/\/i0.wp.com\/xn--uascoquetas-1db.co\/wp-content\/uploads\/2023\/09\/LOGOS-3-800X800_Mesa-de-trabajo-1.jpg?resize=350%2C200&ssl=1","width":350,"height":200,"srcset":"https:\/\/i0.wp.com\/xn--uascoquetas-1db.co\/wp-content\/uploads\/2023\/09\/LOGOS-3-800X800_Mesa-de-trabajo-1.jpg?resize=350%2C200&ssl=1 1x, https:\/\/i0.wp.com\/xn--uascoquetas-1db.co\/wp-content\/uploads\/2023\/09\/LOGOS-3-800X800_Mesa-de-trabajo-1.jpg?resize=525%2C300&ssl=1 1.5x, https:\/\/i0.wp.com\/xn--uascoquetas-1db.co\/wp-content\/uploads\/2023\/09\/LOGOS-3-800X800_Mesa-de-trabajo-1.jpg?resize=700%2C400&ssl=1 2x"},"classes":[]},{"id":6268,"url":"https:\/\/xn--uascoquetas-1db.co\/?product=vz-84-brands-placa-metalica-mundo-de-unas","url_meta":{"origin":7322,"position":4},"title":"VZ 84 Brands &#8211; Placa met\u00e1lica &#8211; Mundo de U\u00f1as","author":"U\u00f1as Coquetas","date":"23\/10\/2023","format":false,"excerpt":"Placa met\u00e1lica para estampar u\u00f1as, marca Mexicana Mundo de U\u00f1as con hermosas figuras de marcas.","rel":"","context":"Entrada similar","block_context":{"text":"Entrada similar","link":""},"img":{"alt_text":"VZ 84 Brands Mundo de U\u00f1as","src":"https:\/\/i0.wp.com\/xn--uascoquetas-1db.co\/wp-content\/uploads\/2023\/10\/VZ-84-GUCCI-800x800_Mesa-de-trabajo-1.jpg?resize=350%2C200&ssl=1","width":350,"height":200,"srcset":"https:\/\/i0.wp.com\/xn--uascoquetas-1db.co\/wp-content\/uploads\/2023\/10\/VZ-84-GUCCI-800x800_Mesa-de-trabajo-1.jpg?resize=350%2C200&ssl=1 1x, https:\/\/i0.wp.com\/xn--uascoquetas-1db.co\/wp-content\/uploads\/2023\/10\/VZ-84-GUCCI-800x800_Mesa-de-trabajo-1.jpg?resize=525%2C300&ssl=1 1.5x, https:\/\/i0.wp.com\/xn--uascoquetas-1db.co\/wp-content\/uploads\/2023\/10\/VZ-84-GUCCI-800x800_Mesa-de-trabajo-1.jpg?resize=700%2C400&ssl=1 2x"},"classes":[]},{"id":10245,"url":"https:\/\/xn--uascoquetas-1db.co\/?product=az-nemo-placa-metalica-mundo-de-unas","url_meta":{"origin":7322,"position":5},"title":"AZ Nemo &#8211; Placa met\u00e1lica &#8211; Mundo de U\u00f1as","author":"U\u00f1as Coquetas","date":"15\/05\/2025","format":false,"excerpt":"Placa met\u00e1lica para estampar u\u00f1as, marca Mexicana Mundo de U\u00f1as con hermosas figuras de Disney pel\u00edcula Nemo, peces","rel":"","context":"Entrada similar","block_context":{"text":"Entrada similar","link":""},"img":{"alt_text":"","src":"https:\/\/i0.wp.com\/xn--uascoquetas-1db.co\/wp-content\/uploads\/2025\/05\/AZ-NEMO-800PX.jpg?resize=350%2C200&ssl=1","width":350,"height":200,"srcset":"https:\/\/i0.wp.com\/xn--uascoquetas-1db.co\/wp-content\/uploads\/2025\/05\/AZ-NEMO-800PX.jpg?resize=350%2C200&ssl=1 1x, https:\/\/i0.wp.com\/xn--uascoquetas-1db.co\/wp-content\/uploads\/2025\/05\/AZ-NEMO-800PX.jpg?resize=525%2C300&ssl=1 1.5x, https:\/\/i0.wp.com\/xn--uascoquetas-1db.co\/wp-content\/uploads\/2025\/05\/AZ-NEMO-800PX.jpg?resize=700%2C400&ssl=1 2x"},"classes":[]}],"_links":{"self":[{"href":"https:\/\/xn--uascoquetas-1db.co\/index.php?rest_route=\/wp\/v2\/product\/7322","targetHints":{"allow":["GET"]}}],"collection":[{"href":"https:\/\/xn--uascoquetas-1db.co\/index.php?rest_route=\/wp\/v2\/product"}],"about":[{"href":"https:\/\/xn--uascoquetas-1db.co\/index.php?rest_route=\/wp\/v2\/types\/product"}],"replies":[{"embeddable":true,"href":"https:\/\/xn--uascoquetas-1db.co\/index.php?rest_route=%2Fwp%2Fv2%2Fcomments&post=7322"}],"wp:featuredmedia":[{"embeddable":true,"href":"https:\/\/xn--uascoquetas-1db.co\/index.php?rest_route=\/wp\/v2\/media\/7323"}],"wp:attachment":[{"href":"https:\/\/xn--uascoquetas-1db.co\/index.php?rest_route=%2Fwp%2Fv2%2Fmedia&parent=7322"}],"wp:term":[{"taxonomy":"product_brand","embeddable":true,"href":"https:\/\/xn--uascoquetas-1db.co\/index.php?rest_route=%2Fwp%2Fv2%2Fproduct_brand&post=7322"},{"taxonomy":"product_cat","embeddable":true,"href":"https:\/\/xn--uascoquetas-1db.co\/index.php?rest_route=%2Fwp%2Fv2%2Fproduct_cat&post=7322"},{"taxonomy":"product_tag","embeddable":true,"href":"https:\/\/xn--uascoquetas-1db.co\/index.php?rest_route=%2Fwp%2Fv2%2Fproduct_tag&post=7322"}],"curies":[{"name":"wp","href":"https:\/\/api.w.org\/{rel}","templated":true}]}}